{"id":19278,"date":"2024-04-24T07:45:37","date_gmt":"2024-04-24T07:45:37","guid":{"rendered":"https:\/\/i-confort.com\/?product=tv-straem-65p-google-uhd-4k"},"modified":"2024-11-28T10:19:59","modified_gmt":"2024-11-28T10:19:59","slug":"tv-straem-65p-google-uhd-4k","status":"publish","type":"product","link":"https:\/\/i-confort.com\/?product=tv-straem-65p-google-uhd-4k","title":{"rendered":"TV STRAEM 65P GOOGLE TV UHD (4K)"},"content":{"rendered":"<h4 class=\"font-bold\" style=\"border-width: 0px;border-style: solid;--tw-border-spacing-x: 0;--tw-border-spacing-y: 0;--tw-translate-x: 0;--tw-translate-y: 0;--tw-rotate: 0;--tw-skew-x: 0;--tw-skew-y: 0;--tw-scale-x: 1;--tw-scale-y: 1;--tw-scroll-snap-strictness: proximity;--tw-ring-offset-width: 0px;--tw-ring-offset-color: #fff;--tw-ring-offset-shadow: 0 0 #0000;--tw-ring-shadow: 0 0 #0000;--tw-shadow: 0 0 #0000;--tw-shadow-colored: 0 0 #0000;font-size: 1.563em;margin: 0px 0px 0.5rem;line-height: 1.2;font-family: Poppins, sans-serif\" data-mce-style=\"border-width: 0px; border-style: solid; --tw-border-spacing-x: 0; --tw-border-spacing-y: 0; --tw-translate-x: 0; --tw-translate-y: 0; --tw-rotate: 0; --tw-skew-x: 0; --tw-skew-y: 0; --tw-scale-x: 1; --tw-scale-y: 1; ;--tw-scroll-snap-strictness: proximity; ;--tw-ring-offset-width: 0px; --tw-ring-offset-color: #fff; --tw-ring-offset-shadow: 0 0 #0000; --tw-ring-shadow: 0 0 #0000; --tw-shadow: 0 0 #0000; --tw-shadow-colored: 0 0 #0000; ;font-size: 1.563em; margin: 0px 0px 0.5rem; line-height: 1.2; font-family: Poppins, sans-serif;\">Dimensions du t\u00e9l\u00e9viseur avec support (L x H x L)<\/h4>\n<p style=\"border-width: 0px;border-style: solid;--tw-border-spacing-x: 0;--tw-border-spacing-y: 0;--tw-translate-x: 0;--tw-translate-y: 0;--tw-rotate: 0;--tw-skew-x: 0;--tw-skew-y: 0;--tw-scale-x: 1;--tw-scale-y: 1;--tw-scroll-snap-strictness: proximity;--tw-ring-offset-width: 0px;--tw-ring-offset-color: #fff;--tw-ring-offset-shadow: 0 0 #0000;--tw-ring-shadow: 0 0 #0000;--tw-shadow: 0 0 #0000;--tw-shadow-colored: 0 0 #0000;margin: 0px 0px 1em;font-family: Poppins, sans-serif;font-size: 14px\" data-mce-style=\"border-width: 0px; border-style: solid; --tw-border-spacing-x: 0; --tw-border-spacing-y: 0; --tw-translate-x: 0; --tw-translate-y: 0; --tw-rotate: 0; --tw-skew-x: 0; --tw-skew-y: 0; --tw-scale-x: 1; --tw-scale-y: 1; ;--tw-scroll-snap-strictness: proximity; ;--tw-ring-offset-width: 0px; --tw-ring-offset-color: #fff; --tw-ring-offset-shadow: 0 0 #0000; --tw-ring-shadow: 0 0 #0000; --tw-shadow: 0 0 #0000; --tw-shadow-colored: 0 0 #0000; ;margin: 0px 0px 1em; font-family: Poppins, sans-serif; font-size: 14px;\">1446.2 x 897.2 x 270.1 mm<\/p>\n<h4 class=\"font-bold\" style=\"border-width: 0px;border-style: solid;--tw-border-spacing-x: 0;--tw-border-spacing-y: 0;--tw-translate-x: 0;--tw-translate-y: 0;--tw-rotate: 0;--tw-skew-x: 0;--tw-skew-y: 0;--tw-scale-x: 1;--tw-scale-y: 1;--tw-scroll-snap-strictness: proximity;--tw-ring-offset-width: 0px;--tw-ring-offset-color: #fff;--tw-ring-offset-shadow: 0 0 #0000;--tw-ring-shadow: 0 0 #0000;--tw-shadow: 0 0 #0000;--tw-shadow-colored: 0 0 #0000;font-size: 1.563em;margin: 0px 0px 0.5rem;line-height: 1.2;font-family: Poppins, sans-serif\" data-mce-style=\"border-width: 0px; border-style: solid; --tw-border-spacing-x: 0; --tw-border-spacing-y: 0; --tw-translate-x: 0; --tw-translate-y: 0; --tw-rotate: 0; --tw-skew-x: 0; --tw-skew-y: 0; --tw-scale-x: 1; --tw-scale-y: 1; ;--tw-scroll-snap-strictness: proximity; ;--tw-ring-offset-width: 0px; --tw-ring-offset-color: #fff; --tw-ring-offset-shadow: 0 0 #0000; --tw-ring-shadow: 0 0 #0000; --tw-shadow: 0 0 #0000; --tw-shadow-colored: 0 0 #0000; ;font-size: 1.563em; margin: 0px 0px 0.5rem; line-height: 1.2; font-family: Poppins, sans-serif;\">Dimensions du t\u00e9l\u00e9viseur sans support (L x H x L)<\/h4>\n<p style=\"border-width: 0px;border-style: solid;--tw-border-spacing-x: 0;--tw-border-spacing-y: 0;--tw-translate-x: 0;--tw-translate-y: 0;--tw-rotate: 0;--tw-skew-x: 0;--tw-skew-y: 0;--tw-scale-x: 1;--tw-scale-y: 1;--tw-scroll-snap-strictness: proximity;--tw-ring-offset-width: 0px;--tw-ring-offset-color: #fff;--tw-ring-offset-shadow: 0 0 #0000;--tw-ring-shadow: 0 0 #0000;--tw-shadow: 0 0 #0000;--tw-shadow-colored: 0 0 #0000;margin: 0px 0px 1em;font-family: Poppins, sans-serif;font-size: 14px\" data-mce-style=\"border-width: 0px; border-style: solid; --tw-border-spacing-x: 0; --tw-border-spacing-y: 0; --tw-translate-x: 0; --tw-translate-y: 0; --tw-rotate: 0; --tw-skew-x: 0; --tw-skew-y: 0; --tw-scale-x: 1; --tw-scale-y: 1; ;--tw-scroll-snap-strictness: proximity; ;--tw-ring-offset-width: 0px; --tw-ring-offset-color: #fff; --tw-ring-offset-shadow: 0 0 #0000; --tw-ring-shadow: 0 0 #0000; --tw-shadow: 0 0 #0000; --tw-shadow-colored: 0 0 #0000; ;margin: 0px 0px 1em; font-family: Poppins, sans-serif; font-size: 14px;\">1446.2 x 831.1 x 76.1 mm<\/p>\n<h4 class=\"font-bold\" style=\"border-width: 0px;border-style: solid;--tw-border-spacing-x: 0;--tw-border-spacing-y: 0;--tw-translate-x: 0;--tw-translate-y: 0;--tw-rotate: 0;--tw-skew-x: 0;--tw-skew-y: 0;--tw-scale-x: 1;--tw-scale-y: 1;--tw-scroll-snap-strictness: proximity;--tw-ring-offset-width: 0px;--tw-ring-offset-color: #fff;--tw-ring-offset-shadow: 0 0 #0000;--tw-ring-shadow: 0 0 #0000;--tw-shadow: 0 0 #0000;--tw-shadow-colored: 0 0 #0000;font-size: 1.563em;margin: 0px 0px 0.5rem;line-height: 1.2;font-family: Poppins, sans-serif\" data-mce-style=\"border-width: 0px; border-style: solid; --tw-border-spacing-x: 0; --tw-border-spacing-y: 0; --tw-translate-x: 0; --tw-translate-y: 0; --tw-rotate: 0; --tw-skew-x: 0; --tw-skew-y: 0; --tw-scale-x: 1; --tw-scale-y: 1; ;--tw-scroll-snap-strictness: proximity; ;--tw-ring-offset-width: 0px; --tw-ring-offset-color: #fff; --tw-ring-offset-shadow: 0 0 #0000; --tw-ring-shadow: 0 0 #0000; --tw-shadow: 0 0 #0000; --tw-shadow-colored: 0 0 #0000; ;font-size: 1.563em; margin: 0px 0px 0.5rem; line-height: 1.2; font-family: Poppins, sans-serif;\">Taille de l&rsquo;\u00e9cran<\/h4>\n<p style=\"border-width: 0px;border-style: solid;--tw-border-spacing-x: 0;--tw-border-spacing-y: 0;--tw-translate-x: 0;--tw-translate-y: 0;--tw-rotate: 0;--tw-skew-x: 0;--tw-skew-y: 0;--tw-scale-x: 1;--tw-scale-y: 1;--tw-scroll-snap-strictness: proximity;--tw-ring-offset-width: 0px;--tw-ring-offset-color: #fff;--tw-ring-offset-shadow: 0 0 #0000;--tw-ring-shadow: 0 0 #0000;--tw-shadow: 0 0 #0000;--tw-shadow-colored: 0 0 #0000;margin: 0px 0px 1em;font-family: Poppins, sans-serif;font-size: 14px\" data-mce-style=\"border-width: 0px; border-style: solid; --tw-border-spacing-x: 0; --tw-border-spacing-y: 0; --tw-translate-x: 0; --tw-translate-y: 0; --tw-rotate: 0; --tw-skew-x: 0; --tw-skew-y: 0; --tw-scale-x: 1; --tw-scale-y: 1; ;--tw-scroll-snap-strictness: proximity; ;--tw-ring-offset-width: 0px; --tw-ring-offset-color: #fff; --tw-ring-offset-shadow: 0 0 #0000; --tw-ring-shadow: 0 0 #0000; --tw-shadow: 0 0 #0000; --tw-shadow-colored: 0 0 #0000; ;margin: 0px 0px 1em; font-family: Poppins, sans-serif; font-size: 14px;\">65&Prime;<\/p>\n<h4 class=\"font-bold\" style=\"border-width: 0px;border-style: solid;--tw-border-spacing-x: 0;--tw-border-spacing-y: 0;--tw-translate-x: 0;--tw-translate-y: 0;--tw-rotate: 0;--tw-skew-x: 0;--tw-skew-y: 0;--tw-scale-x: 1;--tw-scale-y: 1;--tw-scroll-snap-strictness: proximity;--tw-ring-offset-width: 0px;--tw-ring-offset-color: #fff;--tw-ring-offset-shadow: 0 0 #0000;--tw-ring-shadow: 0 0 #0000;--tw-shadow: 0 0 #0000;--tw-shadow-colored: 0 0 #0000;font-size: 1.563em;margin: 0px 0px 0.5rem;line-height: 1.2;font-family: Poppins, sans-serif\" data-mce-style=\"border-width: 0px; border-style: solid; --tw-border-spacing-x: 0; --tw-border-spacing-y: 0; --tw-translate-x: 0; --tw-translate-y: 0; --tw-rotate: 0; --tw-skew-x: 0; --tw-skew-y: 0; --tw-scale-x: 1; --tw-scale-y: 1; ;--tw-scroll-snap-strictness: proximity; ;--tw-ring-offset-width: 0px; --tw-ring-offset-color: #fff; --tw-ring-offset-shadow: 0 0 #0000; --tw-ring-shadow: 0 0 #0000; --tw-shadow: 0 0 #0000; --tw-shadow-colored: 0 0 #0000; ;font-size: 1.563em; margin: 0px 0px 0.5rem; line-height: 1.2; font-family: Poppins, sans-serif;\">Technologie de r\u00e9tro\u00e9clairage<\/h4>\n<p style=\"border-width: 0px;border-style: solid;--tw-border-spacing-x: 0;--tw-border-spacing-y: 0;--tw-translate-x: 0;--tw-translate-y: 0;--tw-rotate: 0;--tw-skew-x: 0;--tw-skew-y: 0;--tw-scale-x: 1;--tw-scale-y: 1;--tw-scroll-snap-strictness: proximity;--tw-ring-offset-width: 0px;--tw-ring-offset-color: #fff;--tw-ring-offset-shadow: 0 0 #0000;--tw-ring-shadow: 0 0 #0000;--tw-shadow: 0 0 #0000;--tw-shadow-colored: 0 0 #0000;margin: 0px 0px 1em;font-family: Poppins, sans-serif;font-size: 14px\" data-mce-style=\"border-width: 0px; border-style: solid; --tw-border-spacing-x: 0; --tw-border-spacing-y: 0; --tw-translate-x: 0; --tw-translate-y: 0; --tw-rotate: 0; --tw-skew-x: 0; --tw-skew-y: 0; --tw-scale-x: 1; --tw-scale-y: 1; ;--tw-scroll-snap-strictness: proximity; ;--tw-ring-offset-width: 0px; --tw-ring-offset-color: #fff; --tw-ring-offset-shadow: 0 0 #0000; --tw-ring-shadow: 0 0 #0000; --tw-shadow: 0 0 #0000; --tw-shadow-colored: 0 0 #0000; ;margin: 0px 0px 1em; font-family: Poppins, sans-serif; font-size: 14px;\">LED<\/p>\n<h4 class=\"font-bold\" style=\"border-width: 0px;border-style: solid;--tw-border-spacing-x: 0;--tw-border-spacing-y: 0;--tw-translate-x: 0;--tw-translate-y: 0;--tw-rotate: 0;--tw-skew-x: 0;--tw-skew-y: 0;--tw-scale-x: 1;--tw-scale-y: 1;--tw-scroll-snap-strictness: proximity;--tw-ring-offset-width: 0px;--tw-ring-offset-color: #fff;--tw-ring-offset-shadow: 0 0 #0000;--tw-ring-shadow: 0 0 #0000;--tw-shadow: 0 0 #0000;--tw-shadow-colored: 0 0 #0000;font-size: 1.563em;margin: 0px 0px 0.5rem;line-height: 1.2;font-family: Poppins, sans-serif\" data-mce-style=\"border-width: 0px; border-style: solid; --tw-border-spacing-x: 0; --tw-border-spacing-y: 0; --tw-translate-x: 0; --tw-translate-y: 0; --tw-rotate: 0; --tw-skew-x: 0; --tw-skew-y: 0; --tw-scale-x: 1; --tw-scale-y: 1; ;--tw-scroll-snap-strictness: proximity; ;--tw-ring-offset-width: 0px; --tw-ring-offset-color: #fff; --tw-ring-offset-shadow: 0 0 #0000; --tw-ring-shadow: 0 0 #0000; --tw-shadow: 0 0 #0000; --tw-shadow-colored: 0 0 #0000; ;font-size: 1.563em; margin: 0px 0px 0.5rem; line-height: 1.2; font-family: Poppins, sans-serif;\">Qualit\u00e9 d&rsquo;image<\/h4>\n<p style=\"border-width: 0px;border-style: solid;--tw-border-spacing-x: 0;--tw-border-spacing-y: 0;--tw-translate-x: 0;--tw-translate-y: 0;--tw-rotate: 0;--tw-skew-x: 0;--tw-skew-y: 0;--tw-scale-x: 1;--tw-scale-y: 1;--tw-scroll-snap-strictness: proximity;--tw-ring-offset-width: 0px;--tw-ring-offset-color: #fff;--tw-ring-offset-shadow: 0 0 #0000;--tw-ring-shadow: 0 0 #0000;--tw-shadow: 0 0 #0000;--tw-shadow-colored: 0 0 #0000;margin: 0px 0px 1em;font-family: Poppins, sans-serif;font-size: 14px\" data-mce-style=\"border-width: 0px; border-style: solid; --tw-border-spacing-x: 0; --tw-border-spacing-y: 0; --tw-translate-x: 0; --tw-translate-y: 0; --tw-rotate: 0; --tw-skew-x: 0; --tw-skew-y: 0; --tw-scale-x: 1; --tw-scale-y: 1; ;--tw-scroll-snap-strictness: proximity; ;--tw-ring-offset-width: 0px; --tw-ring-offset-color: #fff; --tw-ring-offset-shadow: 0 0 #0000; --tw-ring-shadow: 0 0 #0000; --tw-shadow: 0 0 #0000; --tw-shadow-colored: 0 0 #0000; ;margin: 0px 0px 1em; font-family: Poppins, sans-serif; font-size: 14px;\">4K UHD<\/p>\n<h4 class=\"font-bold\" style=\"border-width: 0px;border-style: solid;--tw-border-spacing-x: 0;--tw-border-spacing-y: 0;--tw-translate-x: 0;--tw-translate-y: 0;--tw-rotate: 0;--tw-skew-x: 0;--tw-skew-y: 0;--tw-scale-x: 1;--tw-scale-y: 1;--tw-scroll-snap-strictness: proximity;--tw-ring-offset-width: 0px;--tw-ring-offset-color: #fff;--tw-ring-offset-shadow: 0 0 #0000;--tw-ring-shadow: 0 0 #0000;--tw-shadow: 0 0 #0000;--tw-shadow-colored: 0 0 #0000;font-size: 1.563em;margin: 0px 0px 0.5rem;line-height: 1.2;font-family: Poppins, sans-serif\" data-mce-style=\"border-width: 0px; border-style: solid; --tw-border-spacing-x: 0; --tw-border-spacing-y: 0; --tw-translate-x: 0; --tw-translate-y: 0; --tw-rotate: 0; --tw-skew-x: 0; --tw-skew-y: 0; --tw-scale-x: 1; --tw-scale-y: 1; ;--tw-scroll-snap-strictness: proximity; ;--tw-ring-offset-width: 0px; --tw-ring-offset-color: #fff; --tw-ring-offset-shadow: 0 0 #0000; --tw-ring-shadow: 0 0 #0000; --tw-shadow: 0 0 #0000; --tw-shadow-colored: 0 0 #0000; ;font-size: 1.563em; margin: 0px 0px 0.5rem; line-height: 1.2; font-family: Poppins, sans-serif;\">R\u00e9solution d&rsquo;\u00e9cran (pixels)<\/h4>\n<p style=\"border-width: 0px;border-style: solid;--tw-border-spacing-x: 0;--tw-border-spacing-y: 0;--tw-translate-x: 0;--tw-translate-y: 0;--tw-rotate: 0;--tw-skew-x: 0;--tw-skew-y: 0;--tw-scale-x: 1;--tw-scale-y: 1;--tw-scroll-snap-strictness: proximity;--tw-ring-offset-width: 0px;--tw-ring-offset-color: #fff;--tw-ring-offset-shadow: 0 0 #0000;--tw-ring-shadow: 0 0 #0000;--tw-shadow: 0 0 #0000;--tw-shadow-colored: 0 0 #0000;margin: 0px 0px 1em;font-family: Poppins, sans-serif;font-size: 14px\" data-mce-style=\"border-width: 0px; border-style: solid; --tw-border-spacing-x: 0; --tw-border-spacing-y: 0; --tw-translate-x: 0; --tw-translate-y: 0; --tw-rotate: 0; --tw-skew-x: 0; --tw-skew-y: 0; --tw-scale-x: 1; --tw-scale-y: 1; ;--tw-scroll-snap-strictness: proximity; ;--tw-ring-offset-width: 0px; --tw-ring-offset-color: #fff; --tw-ring-offset-shadow: 0 0 #0000; --tw-ring-shadow: 0 0 #0000; --tw-shadow: 0 0 #0000; --tw-shadow-colored: 0 0 #0000; ;margin: 0px 0px 1em; font-family: Poppins, sans-serif; font-size: 14px;\">3840&#215;2160<\/p>\n<h4 class=\"font-bold\" style=\"border-width: 0px;border-style: solid;--tw-border-spacing-x: 0;--tw-border-spacing-y: 0;--tw-translate-x: 0;--tw-translate-y: 0;--tw-rotate: 0;--tw-skew-x: 0;--tw-skew-y: 0;--tw-scale-x: 1;--tw-scale-y: 1;--tw-scroll-snap-strictness: proximity;--tw-ring-offset-width: 0px;--tw-ring-offset-color: #fff;--tw-ring-offset-shadow: 0 0 #0000;--tw-ring-shadow: 0 0 #0000;--tw-shadow: 0 0 #0000;--tw-shadow-colored: 0 0 #0000;font-size: 1.563em;margin: 0px 0px 0.5rem;line-height: 1.2;font-family: Poppins, sans-serif\" data-mce-style=\"border-width: 0px; border-style: solid; --tw-border-spacing-x: 0; --tw-border-spacing-y: 0; --tw-translate-x: 0; --tw-translate-y: 0; --tw-rotate: 0; --tw-skew-x: 0; --tw-skew-y: 0; --tw-scale-x: 1; --tw-scale-y: 1; ;--tw-scroll-snap-strictness: proximity; ;--tw-ring-offset-width: 0px; --tw-ring-offset-color: #fff; --tw-ring-offset-shadow: 0 0 #0000; --tw-ring-shadow: 0 0 #0000; --tw-shadow: 0 0 #0000; --tw-shadow-colored: 0 0 #0000; ;font-size: 1.563em; margin: 0px 0px 0.5rem; line-height: 1.2; font-family: Poppins, sans-serif;\">Plateforme<\/h4>\n<p style=\"border-width: 0px;border-style: solid;--tw-border-spacing-x: 0;--tw-border-spacing-y: 0;--tw-translate-x: 0;--tw-translate-y: 0;--tw-rotate: 0;--tw-skew-x: 0;--tw-skew-y: 0;--tw-scale-x: 1;--tw-scale-y: 1;--tw-scroll-snap-strictness: proximity;--tw-ring-offset-width: 0px;--tw-ring-offset-color: #fff;--tw-ring-offset-shadow: 0 0 #0000;--tw-ring-shadow: 0 0 #0000;--tw-shadow: 0 0 #0000;--tw-shadow-colored: 0 0 #0000;margin: 0px 0px 1em;font-family: Poppins, sans-serif;font-size: 14px\" data-mce-style=\"border-width: 0px; border-style: solid; --tw-border-spacing-x: 0; --tw-border-spacing-y: 0; --tw-translate-x: 0; --tw-translate-y: 0; --tw-rotate: 0; --tw-skew-x: 0; --tw-skew-y: 0; --tw-scale-x: 1; --tw-scale-y: 1; ;--tw-scroll-snap-strictness: proximity; ;--tw-ring-offset-width: 0px; --tw-ring-offset-color: #fff; --tw-ring-offset-shadow: 0 0 #0000; --tw-ring-shadow: 0 0 #0000; --tw-shadow: 0 0 #0000; --tw-shadow-colored: 0 0 #0000; ;margin: 0px 0px 1em; font-family: Poppins, sans-serif; font-size: 14px;\">Google TV<\/p>\n","protected":false},"excerpt":{"rendered":"<p><span style=\"font-family: Poppins, sans-serif\" data-mce-style=\"font-family: Poppins, sans-serif;\">Smart TV STREAM 65&Prime; pouces, avec syst\u00e8me d&rsquo;exploitation Google TV (certifi\u00e9 par Google), qui vous offre une plateforme de divertissement personnalis\u00e9e, gr\u00e2ce aux recommandations de contenus selon votre profile. Fiche technique ci-dessous correspond \u00e0 la r\u00e9f\u00e9rence produit S65GTU1, il se peut qu\u2019il y ait des diff\u00e9rences sur certaines valeurs pour d\u2019autres r\u00e9f\u00e9rences produit.<\/span><\/p>\n","protected":false},"featured_media":19277,"template":"","meta":{"_coblocks_attr":"","_coblocks_dimensions":"","_coblocks_responsive_height":"","_coblocks_accordion_ie_support":""},"pwb-brand":[376],"product_brand":[],"product_cat":[97,351],"product_tag":[],"class_list":{"0":"post-19278","1":"product","2":"type-product","3":"status-publish","4":"has-post-thumbnail","6":"pwb-brand-stream","7":"product_cat-electromenagers","8":"product_cat-tv","11":"first","12":"instock","13":"taxable","14":"shipping-taxable","15":"purchasable","16":"product-type-simple"},"yoast_head":"<!-- This site is optimized with the Yoast SEO plugin v27.4 - https:\/\/yoast.com\/product\/yoast-seo-wordpress\/ -->\n<title>TV STRAEM 65P GOOGLE TV UHD (4K) - I-CONFORT<\/title>\n<meta name=\"robots\" content=\"index, follow, max-snippet:-1, max-image-preview:large, max-video-preview:-1\" \/>\n<link rel=\"canonical\" href=\"https:\/\/i-confort.com\/?product=tv-straem-65p-google-uhd-4k\" \/>\n<meta property=\"og:locale\" content=\"fr_FR\" \/>\n<meta property=\"og:type\" content=\"article\" \/>\n<meta property=\"og:title\" content=\"TV STRAEM 65P GOOGLE TV UHD (4K) - I-CONFORT\" \/>\n<meta property=\"og:description\" content=\"Smart TV STREAM 65&quot; pouces, avec syst\u00e8me d&#039;exploitation Google TV (certifi\u00e9 par Google), qui vous offre une plateforme de divertissement personnalis\u00e9e, gr\u00e2ce aux recommandations de contenus selon votre profile. Fiche technique ci-dessous correspond \u00e0 la r\u00e9f\u00e9rence produit S65GTU1, il se peut qu\u2019il y ait des diff\u00e9rences sur certaines valeurs pour d\u2019autres r\u00e9f\u00e9rences produit.\" \/>\n<meta property=\"og:url\" content=\"https:\/\/i-confort.com\/?product=tv-straem-65p-google-uhd-4k\" \/>\n<meta property=\"og:site_name\" content=\"I-CONFORT\" \/>\n<meta property=\"article:modified_time\" content=\"2024-11-28T10:19:59+00:00\" \/>\n<meta property=\"og:image\" content=\"https:\/\/i-confort.com\/wp-content\/uploads\/2024\/04\/Stream-65_gt_uhd-1-1024x686.png\" \/>\n\t<meta property=\"og:image:width\" content=\"1024\" \/>\n\t<meta property=\"og:image:height\" content=\"686\" \/>\n\t<meta property=\"og:image:type\" content=\"image\/png\" \/>\n<meta name=\"twitter:card\" content=\"summary_large_image\" \/>\n<script type=\"application\/ld+json\" class=\"yoast-schema-graph\">{\"@context\":\"https:\\\/\\\/schema.org\",\"@graph\":[{\"@type\":\"WebPage\",\"@id\":\"https:\\\/\\\/i-confort.com\\\/?product=tv-straem-65p-google-uhd-4k\",\"url\":\"https:\\\/\\\/i-confort.com\\\/?product=tv-straem-65p-google-uhd-4k\",\"name\":\"TV STRAEM 65P GOOGLE TV UHD (4K) - I-CONFORT\",\"isPartOf\":{\"@id\":\"https:\\\/\\\/i-confort.com\\\/#website\"},\"primaryImageOfPage\":{\"@id\":\"https:\\\/\\\/i-confort.com\\\/?product=tv-straem-65p-google-uhd-4k#primaryimage\"},\"image\":{\"@id\":\"https:\\\/\\\/i-confort.com\\\/?product=tv-straem-65p-google-uhd-4k#primaryimage\"},\"thumbnailUrl\":\"https:\\\/\\\/i-confort.com\\\/wp-content\\\/uploads\\\/2024\\\/04\\\/Stream-65_gt_uhd-1.png\",\"datePublished\":\"2024-04-24T07:45:37+00:00\",\"dateModified\":\"2024-11-28T10:19:59+00:00\",\"breadcrumb\":{\"@id\":\"https:\\\/\\\/i-confort.com\\\/?product=tv-straem-65p-google-uhd-4k#breadcrumb\"},\"inLanguage\":\"fr-FR\",\"potentialAction\":[{\"@type\":\"ReadAction\",\"target\":[\"https:\\\/\\\/i-confort.com\\\/?product=tv-straem-65p-google-uhd-4k\"]}]},{\"@type\":\"ImageObject\",\"inLanguage\":\"fr-FR\",\"@id\":\"https:\\\/\\\/i-confort.com\\\/?product=tv-straem-65p-google-uhd-4k#primaryimage\",\"url\":\"https:\\\/\\\/i-confort.com\\\/wp-content\\\/uploads\\\/2024\\\/04\\\/Stream-65_gt_uhd-1.png\",\"contentUrl\":\"https:\\\/\\\/i-confort.com\\\/wp-content\\\/uploads\\\/2024\\\/04\\\/Stream-65_gt_uhd-1.png\",\"width\":1920,\"height\":1287},{\"@type\":\"BreadcrumbList\",\"@id\":\"https:\\\/\\\/i-confort.com\\\/?product=tv-straem-65p-google-uhd-4k#breadcrumb\",\"itemListElement\":[{\"@type\":\"ListItem\",\"position\":1,\"name\":\"Home\",\"item\":\"https:\\\/\\\/i-confort.com\\\/\"},{\"@type\":\"ListItem\",\"position\":2,\"name\":\"Boutique\",\"item\":\"https:\\\/\\\/i-confort.com\\\/?page_id=7\"},{\"@type\":\"ListItem\",\"position\":3,\"name\":\"TV STRAEM 65P GOOGLE TV UHD (4K)\"}]},{\"@type\":\"WebSite\",\"@id\":\"https:\\\/\\\/i-confort.com\\\/#website\",\"url\":\"https:\\\/\\\/i-confort.com\\\/\",\"name\":\"I-CONFORT\",\"description\":\"Site de vente en ligne\",\"potentialAction\":[{\"@type\":\"SearchAction\",\"target\":{\"@type\":\"EntryPoint\",\"urlTemplate\":\"https:\\\/\\\/i-confort.com\\\/?s={search_term_string}\"},\"query-input\":{\"@type\":\"PropertyValueSpecification\",\"valueRequired\":true,\"valueName\":\"search_term_string\"}}],\"inLanguage\":\"fr-FR\"}]}<\/script>\n<!-- \/ Yoast SEO plugin. -->","yoast_head_json":{"title":"TV STRAEM 65P GOOGLE TV UHD (4K) - I-CONFORT","robots":{"index":"index","follow":"follow","max-snippet":"max-snippet:-1","max-image-preview":"max-image-preview:large","max-video-preview":"max-video-preview:-1"},"canonical":"https:\/\/i-confort.com\/?product=tv-straem-65p-google-uhd-4k","og_locale":"fr_FR","og_type":"article","og_title":"TV STRAEM 65P GOOGLE TV UHD (4K) - I-CONFORT","og_description":"Smart TV STREAM 65\" pouces, avec syst\u00e8me d'exploitation Google TV (certifi\u00e9 par Google), qui vous offre une plateforme de divertissement personnalis\u00e9e, gr\u00e2ce aux recommandations de contenus selon votre profile. Fiche technique ci-dessous correspond \u00e0 la r\u00e9f\u00e9rence produit S65GTU1, il se peut qu\u2019il y ait des diff\u00e9rences sur certaines valeurs pour d\u2019autres r\u00e9f\u00e9rences produit.","og_url":"https:\/\/i-confort.com\/?product=tv-straem-65p-google-uhd-4k","og_site_name":"I-CONFORT","article_modified_time":"2024-11-28T10:19:59+00:00","og_image":[{"width":1024,"height":686,"url":"https:\/\/i-confort.com\/wp-content\/uploads\/2024\/04\/Stream-65_gt_uhd-1-1024x686.png","type":"image\/png"}],"twitter_card":"summary_large_image","schema":{"@context":"https:\/\/schema.org","@graph":[{"@type":"WebPage","@id":"https:\/\/i-confort.com\/?product=tv-straem-65p-google-uhd-4k","url":"https:\/\/i-confort.com\/?product=tv-straem-65p-google-uhd-4k","name":"TV STRAEM 65P GOOGLE TV UHD (4K) - I-CONFORT","isPartOf":{"@id":"https:\/\/i-confort.com\/#website"},"primaryImageOfPage":{"@id":"https:\/\/i-confort.com\/?product=tv-straem-65p-google-uhd-4k#primaryimage"},"image":{"@id":"https:\/\/i-confort.com\/?product=tv-straem-65p-google-uhd-4k#primaryimage"},"thumbnailUrl":"https:\/\/i-confort.com\/wp-content\/uploads\/2024\/04\/Stream-65_gt_uhd-1.png","datePublished":"2024-04-24T07:45:37+00:00","dateModified":"2024-11-28T10:19:59+00:00","breadcrumb":{"@id":"https:\/\/i-confort.com\/?product=tv-straem-65p-google-uhd-4k#breadcrumb"},"inLanguage":"fr-FR","potentialAction":[{"@type":"ReadAction","target":["https:\/\/i-confort.com\/?product=tv-straem-65p-google-uhd-4k"]}]},{"@type":"ImageObject","inLanguage":"fr-FR","@id":"https:\/\/i-confort.com\/?product=tv-straem-65p-google-uhd-4k#primaryimage","url":"https:\/\/i-confort.com\/wp-content\/uploads\/2024\/04\/Stream-65_gt_uhd-1.png","contentUrl":"https:\/\/i-confort.com\/wp-content\/uploads\/2024\/04\/Stream-65_gt_uhd-1.png","width":1920,"height":1287},{"@type":"BreadcrumbList","@id":"https:\/\/i-confort.com\/?product=tv-straem-65p-google-uhd-4k#breadcrumb","itemListElement":[{"@type":"ListItem","position":1,"name":"Home","item":"https:\/\/i-confort.com\/"},{"@type":"ListItem","position":2,"name":"Boutique","item":"https:\/\/i-confort.com\/?page_id=7"},{"@type":"ListItem","position":3,"name":"TV STRAEM 65P GOOGLE TV UHD (4K)"}]},{"@type":"WebSite","@id":"https:\/\/i-confort.com\/#website","url":"https:\/\/i-confort.com\/","name":"I-CONFORT","description":"Site de vente en ligne","potentialAction":[{"@type":"SearchAction","target":{"@type":"EntryPoint","urlTemplate":"https:\/\/i-confort.com\/?s={search_term_string}"},"query-input":{"@type":"PropertyValueSpecification","valueRequired":true,"valueName":"search_term_string"}}],"inLanguage":"fr-FR"}]}},"brands":[{"id":376,"name":"Stream","slug":"stream"}],"_links":{"self":[{"href":"https:\/\/i-confort.com\/index.php?rest_route=\/wp\/v2\/product\/19278","targetHints":{"allow":["GET"]}}],"collection":[{"href":"https:\/\/i-confort.com\/index.php?rest_route=\/wp\/v2\/product"}],"about":[{"href":"https:\/\/i-confort.com\/index.php?rest_route=\/wp\/v2\/types\/product"}],"wp:featuredmedia":[{"embeddable":true,"href":"https:\/\/i-confort.com\/index.php?rest_route=\/wp\/v2\/media\/19277"}],"wp:attachment":[{"href":"https:\/\/i-confort.com\/index.php?rest_route=%2Fwp%2Fv2%2Fmedia&parent=19278"}],"wp:term":[{"taxonomy":"pwb-brand","embeddable":true,"href":"https:\/\/i-confort.com\/index.php?rest_route=%2Fwp%2Fv2%2Fpwb-brand&post=19278"},{"taxonomy":"product_brand","embeddable":true,"href":"https:\/\/i-confort.com\/index.php?rest_route=%2Fwp%2Fv2%2Fproduct_brand&post=19278"},{"taxonomy":"product_cat","embeddable":true,"href":"https:\/\/i-confort.com\/index.php?rest_route=%2Fwp%2Fv2%2Fproduct_cat&post=19278"},{"taxonomy":"product_tag","embeddable":true,"href":"https:\/\/i-confort.com\/index.php?rest_route=%2Fwp%2Fv2%2Fproduct_tag&post=19278"}],"curies":[{"name":"wp","href":"https:\/\/api.w.org\/{rel}","templated":true}]}}