{"id":19308,"date":"2024-04-27T08:11:38","date_gmt":"2024-04-27T08:11:38","guid":{"rendered":"https:\/\/i-confort.com\/?product=tv-led-maxtor-43-avec-demo"},"modified":"2024-04-27T08:11:39","modified_gmt":"2024-04-27T08:11:39","slug":"tv-led-maxtor-43-avec-demo","status":"publish","type":"product","link":"https:\/\/i-confort.com\/?product=tv-led-maxtor-43-avec-demo","title":{"rendered":"TV LED MAXTOR 43 AVEC DEMO"},"content":{"rendered":"<table class=\"table table-striped table-bordered item2_\">\n<tbody>\n<tr>\n<td class=\"item_header_okaz field_29\">Marque<\/td>\n<td class=\"   field_29\" style=\"padding: 8px;line-height: 1.42857;vertical-align: top\"><a title=\"Prix T\u00e9l\u00e9viseurs Maxtor Neufs Alg\u00e9rie \" href=\"https:\/\/webstar-electro.com\/tv\/prix-televiseurs-marque-maxtor-algerie-9599547.htm\" style=\"background-color: transparent\">Maxtor<\/a><\/td>\n<\/tr>\n<tr>\n<td class=\"item_header_okaz field_506\">T\u00e9l\u00e9viseur<\/td>\n<td class=\"   field_506\" style=\"padding: 8px;line-height: 1.42857;vertical-align: top\"><a title=\"Fiche Technique MAX43S Neufs Alg\u00e9rie \" href=\"https:\/\/webstar-electro.com\/tv\/maxtor-max43s-algerie-9599547-12008261.htm\" style=\"background-color: transparent\">TV Maxtor MAX43S<\/a><\/td>\n<\/tr>\n<tr>\n<td class=\"item_header_okaz field_506\">Cat\u00e9gorie<\/td>\n<td class=\"   field_506\" style=\"padding: 8px;line-height: 1.42857;vertical-align: top\"><a title=\"Prix T\u00e9l\u00e9viseurs LED Neufs Alg\u00e9rie \" href=\"https:\/\/webstar-electro.com\/tv\/prix-televiseurs-categorie-categorie-led-algerie-3839-335.htm\" style=\"background-color: transparent\">LED<\/a><\/td>\n<\/tr>\n<tr>\n<td class=\"item_header_okaz field_507\">Taille Ecran<\/td>\n<td class=\"   field_507\" style=\"padding: 8px;line-height: 1.42857;vertical-align: top\"><a title=\"Prix T\u00e9l\u00e9viseurs 43 pouces Neufs Alg\u00e9rie \" href=\"https:\/\/webstar-electro.com\/tv\/prix-televiseurs-categorie-ecran-43-pouces-algerie-4506-338.htm\" style=\"background-color: transparent\">43 Pouces<\/a><\/td>\n<\/tr>\n<tr>\n<td class=\"item_header_okaz field_508\">D\u00e9finition<\/td>\n<td class=\"   field_508\" style=\"padding: 8px;line-height: 1.42857;vertical-align: top\"><a title=\"Prix T\u00e9l\u00e9viseurs UHD 4K Neufs Alg\u00e9rie \" href=\"https:\/\/webstar-electro.com\/tv\/prix-televiseurs-categorie-definition-uhd-4k-algerie-15849-342.htm\" style=\"background-color: transparent\">UHD 4K<\/a><\/td>\n<\/tr>\n<tr>\n<td class=\"item_header_okaz field_484\">R\u00e9solution Ecran<\/td>\n<td class=\"   field_484\" style=\"padding: 8px;line-height: 1.42857;vertical-align: top\">1920\u00d71080px<\/td>\n<\/tr>\n<tr>\n<td class=\"item_header_okaz field_19\">Syst\u00e8me<\/td>\n<td class=\"   field_19\" style=\"padding: 8px;line-height: 1.42857;vertical-align: top\"><a title=\"Prix T\u00e9l\u00e9viseurs Android TV Alg\u00e9rie \" href=\"https:\/\/webstar-electro.com\/tv\/prix-televiseurs-categorie-systeme-android-tv-algerie-21690-771.htm\" style=\"background-color: transparent\">Android TV<\/a>\u00a0\u00a0<\/td>\n<\/tr>\n<tr>\n<td class=\"item_header_okaz field_485\">Taux de contraste<\/td>\n<td class=\"   field_485\" style=\"padding: 8px;line-height: 1.42857;vertical-align: top\">NC<\/td>\n<\/tr>\n<tr>\n<td class=\"item_header_okaz field_486\">Luminosit\u00e9<\/td>\n<td class=\"   field_486\" style=\"padding: 8px;line-height: 1.42857;vertical-align: top\">NC<\/td>\n<\/tr>\n<tr>\n<td class=\"item_header_okaz field_487\">Angle de vision<\/td>\n<td class=\"   field_487\" style=\"padding: 8px;line-height: 1.42857;vertical-align: top\">178\u00b0\/178\u00b0<\/td>\n<\/tr>\n<tr>\n<td class=\"item_header_okaz field_488\">Format d&rsquo;\u00e9cran<\/td>\n<td class=\"   field_488\" style=\"padding: 8px;line-height: 1.42857;vertical-align: top\">16:9<\/td>\n<\/tr>\n<tr>\n<td class=\"item_header_okaz field_489\">Fr\u00e9quence de balayage<\/td>\n<td class=\"   field_489\" style=\"padding: 8px;line-height: 1.42857;vertical-align: top\">NC<\/td>\n<\/tr>\n<tr>\n<td class=\"item_header_okaz field_490\">Temps de r\u00e9ponse<\/td>\n<td class=\"   field_490\" style=\"padding: 8px;line-height: 1.42857;vertical-align: top\">8 ms<\/td>\n<\/tr>\n<\/tbody>\n<\/table>\n","protected":false},"excerpt":{"rendered":"<p>TV LED MAXTOR 43 AVEC DEMO<br data-mce-bogus=\"1\"><\/p>\n","protected":false},"featured_media":19307,"template":"","meta":{"_coblocks_attr":"","_coblocks_dimensions":"","_coblocks_responsive_height":"","_coblocks_accordion_ie_support":""},"pwb-brand":[403],"product_brand":[],"product_cat":[97,351],"product_tag":[],"class_list":{"0":"post-19308","1":"product","2":"type-product","3":"status-publish","4":"has-post-thumbnail","6":"pwb-brand-maxtor","7":"product_cat-electromenagers","8":"product_cat-tv","11":"first","12":"instock","13":"taxable","14":"shipping-taxable","15":"purchasable","16":"product-type-simple"},"yoast_head":"<!-- This site is optimized with the Yoast SEO plugin v27.4 - https:\/\/yoast.com\/product\/yoast-seo-wordpress\/ -->\n<title>TV LED MAXTOR 43 AVEC DEMO - I-CONFORT<\/title>\n<meta name=\"robots\" content=\"index, follow, max-snippet:-1, max-image-preview:large, max-video-preview:-1\" \/>\n<link rel=\"canonical\" href=\"https:\/\/i-confort.com\/?product=tv-led-maxtor-43-avec-demo\" \/>\n<meta property=\"og:locale\" content=\"fr_FR\" \/>\n<meta property=\"og:type\" content=\"article\" \/>\n<meta property=\"og:title\" content=\"TV LED MAXTOR 43 AVEC DEMO - I-CONFORT\" \/>\n<meta property=\"og:description\" content=\"TV LED MAXTOR 43 AVEC DEMO\" \/>\n<meta property=\"og:url\" content=\"https:\/\/i-confort.com\/?product=tv-led-maxtor-43-avec-demo\" \/>\n<meta property=\"og:site_name\" content=\"I-CONFORT\" \/>\n<meta property=\"article:modified_time\" content=\"2024-04-27T08:11:39+00:00\" \/>\n<meta property=\"og:image\" content=\"https:\/\/i-confort.com\/wp-content\/uploads\/2024\/04\/tel013.png\" \/>\n\t<meta property=\"og:image:width\" content=\"150\" \/>\n\t<meta property=\"og:image:height\" content=\"150\" \/>\n\t<meta property=\"og:image:type\" content=\"image\/png\" \/>\n<meta name=\"twitter:card\" content=\"summary_large_image\" \/>\n<script type=\"application\/ld+json\" class=\"yoast-schema-graph\">{\"@context\":\"https:\\\/\\\/schema.org\",\"@graph\":[{\"@type\":\"WebPage\",\"@id\":\"https:\\\/\\\/i-confort.com\\\/?product=tv-led-maxtor-43-avec-demo\",\"url\":\"https:\\\/\\\/i-confort.com\\\/?product=tv-led-maxtor-43-avec-demo\",\"name\":\"TV LED MAXTOR 43 AVEC DEMO - I-CONFORT\",\"isPartOf\":{\"@id\":\"https:\\\/\\\/i-confort.com\\\/#website\"},\"primaryImageOfPage\":{\"@id\":\"https:\\\/\\\/i-confort.com\\\/?product=tv-led-maxtor-43-avec-demo#primaryimage\"},\"image\":{\"@id\":\"https:\\\/\\\/i-confort.com\\\/?product=tv-led-maxtor-43-avec-demo#primaryimage\"},\"thumbnailUrl\":\"https:\\\/\\\/i-confort.com\\\/wp-content\\\/uploads\\\/2024\\\/04\\\/tel013.png\",\"datePublished\":\"2024-04-27T08:11:38+00:00\",\"dateModified\":\"2024-04-27T08:11:39+00:00\",\"breadcrumb\":{\"@id\":\"https:\\\/\\\/i-confort.com\\\/?product=tv-led-maxtor-43-avec-demo#breadcrumb\"},\"inLanguage\":\"fr-FR\",\"potentialAction\":[{\"@type\":\"ReadAction\",\"target\":[\"https:\\\/\\\/i-confort.com\\\/?product=tv-led-maxtor-43-avec-demo\"]}]},{\"@type\":\"ImageObject\",\"inLanguage\":\"fr-FR\",\"@id\":\"https:\\\/\\\/i-confort.com\\\/?product=tv-led-maxtor-43-avec-demo#primaryimage\",\"url\":\"https:\\\/\\\/i-confort.com\\\/wp-content\\\/uploads\\\/2024\\\/04\\\/tel013.png\",\"contentUrl\":\"https:\\\/\\\/i-confort.com\\\/wp-content\\\/uploads\\\/2024\\\/04\\\/tel013.png\",\"width\":150,\"height\":150},{\"@type\":\"BreadcrumbList\",\"@id\":\"https:\\\/\\\/i-confort.com\\\/?product=tv-led-maxtor-43-avec-demo#breadcrumb\",\"itemListElement\":[{\"@type\":\"ListItem\",\"position\":1,\"name\":\"Home\",\"item\":\"https:\\\/\\\/i-confort.com\\\/\"},{\"@type\":\"ListItem\",\"position\":2,\"name\":\"Boutique\",\"item\":\"https:\\\/\\\/i-confort.com\\\/?page_id=7\"},{\"@type\":\"ListItem\",\"position\":3,\"name\":\"TV LED MAXTOR 43 AVEC DEMO\"}]},{\"@type\":\"WebSite\",\"@id\":\"https:\\\/\\\/i-confort.com\\\/#website\",\"url\":\"https:\\\/\\\/i-confort.com\\\/\",\"name\":\"I-CONFORT\",\"description\":\"Site de vente en ligne\",\"potentialAction\":[{\"@type\":\"SearchAction\",\"target\":{\"@type\":\"EntryPoint\",\"urlTemplate\":\"https:\\\/\\\/i-confort.com\\\/?s={search_term_string}\"},\"query-input\":{\"@type\":\"PropertyValueSpecification\",\"valueRequired\":true,\"valueName\":\"search_term_string\"}}],\"inLanguage\":\"fr-FR\"}]}<\/script>\n<!-- \/ Yoast SEO plugin. -->","yoast_head_json":{"title":"TV LED MAXTOR 43 AVEC DEMO - I-CONFORT","robots":{"index":"index","follow":"follow","max-snippet":"max-snippet:-1","max-image-preview":"max-image-preview:large","max-video-preview":"max-video-preview:-1"},"canonical":"https:\/\/i-confort.com\/?product=tv-led-maxtor-43-avec-demo","og_locale":"fr_FR","og_type":"article","og_title":"TV LED MAXTOR 43 AVEC DEMO - I-CONFORT","og_description":"TV LED MAXTOR 43 AVEC DEMO","og_url":"https:\/\/i-confort.com\/?product=tv-led-maxtor-43-avec-demo","og_site_name":"I-CONFORT","article_modified_time":"2024-04-27T08:11:39+00:00","og_image":[{"width":150,"height":150,"url":"https:\/\/i-confort.com\/wp-content\/uploads\/2024\/04\/tel013.png","type":"image\/png"}],"twitter_card":"summary_large_image","schema":{"@context":"https:\/\/schema.org","@graph":[{"@type":"WebPage","@id":"https:\/\/i-confort.com\/?product=tv-led-maxtor-43-avec-demo","url":"https:\/\/i-confort.com\/?product=tv-led-maxtor-43-avec-demo","name":"TV LED MAXTOR 43 AVEC DEMO - I-CONFORT","isPartOf":{"@id":"https:\/\/i-confort.com\/#website"},"primaryImageOfPage":{"@id":"https:\/\/i-confort.com\/?product=tv-led-maxtor-43-avec-demo#primaryimage"},"image":{"@id":"https:\/\/i-confort.com\/?product=tv-led-maxtor-43-avec-demo#primaryimage"},"thumbnailUrl":"https:\/\/i-confort.com\/wp-content\/uploads\/2024\/04\/tel013.png","datePublished":"2024-04-27T08:11:38+00:00","dateModified":"2024-04-27T08:11:39+00:00","breadcrumb":{"@id":"https:\/\/i-confort.com\/?product=tv-led-maxtor-43-avec-demo#breadcrumb"},"inLanguage":"fr-FR","potentialAction":[{"@type":"ReadAction","target":["https:\/\/i-confort.com\/?product=tv-led-maxtor-43-avec-demo"]}]},{"@type":"ImageObject","inLanguage":"fr-FR","@id":"https:\/\/i-confort.com\/?product=tv-led-maxtor-43-avec-demo#primaryimage","url":"https:\/\/i-confort.com\/wp-content\/uploads\/2024\/04\/tel013.png","contentUrl":"https:\/\/i-confort.com\/wp-content\/uploads\/2024\/04\/tel013.png","width":150,"height":150},{"@type":"BreadcrumbList","@id":"https:\/\/i-confort.com\/?product=tv-led-maxtor-43-avec-demo#breadcrumb","itemListElement":[{"@type":"ListItem","position":1,"name":"Home","item":"https:\/\/i-confort.com\/"},{"@type":"ListItem","position":2,"name":"Boutique","item":"https:\/\/i-confort.com\/?page_id=7"},{"@type":"ListItem","position":3,"name":"TV LED MAXTOR 43 AVEC DEMO"}]},{"@type":"WebSite","@id":"https:\/\/i-confort.com\/#website","url":"https:\/\/i-confort.com\/","name":"I-CONFORT","description":"Site de vente en ligne","potentialAction":[{"@type":"SearchAction","target":{"@type":"EntryPoint","urlTemplate":"https:\/\/i-confort.com\/?s={search_term_string}"},"query-input":{"@type":"PropertyValueSpecification","valueRequired":true,"valueName":"search_term_string"}}],"inLanguage":"fr-FR"}]}},"brands":[{"id":403,"name":"Maxtor","slug":"maxtor"}],"_links":{"self":[{"href":"https:\/\/i-confort.com\/index.php?rest_route=\/wp\/v2\/product\/19308","targetHints":{"allow":["GET"]}}],"collection":[{"href":"https:\/\/i-confort.com\/index.php?rest_route=\/wp\/v2\/product"}],"about":[{"href":"https:\/\/i-confort.com\/index.php?rest_route=\/wp\/v2\/types\/product"}],"wp:featuredmedia":[{"embeddable":true,"href":"https:\/\/i-confort.com\/index.php?rest_route=\/wp\/v2\/media\/19307"}],"wp:attachment":[{"href":"https:\/\/i-confort.com\/index.php?rest_route=%2Fwp%2Fv2%2Fmedia&parent=19308"}],"wp:term":[{"taxonomy":"pwb-brand","embeddable":true,"href":"https:\/\/i-confort.com\/index.php?rest_route=%2Fwp%2Fv2%2Fpwb-brand&post=19308"},{"taxonomy":"product_brand","embeddable":true,"href":"https:\/\/i-confort.com\/index.php?rest_route=%2Fwp%2Fv2%2Fproduct_brand&post=19308"},{"taxonomy":"product_cat","embeddable":true,"href":"https:\/\/i-confort.com\/index.php?rest_route=%2Fwp%2Fv2%2Fproduct_cat&post=19308"},{"taxonomy":"product_tag","embeddable":true,"href":"https:\/\/i-confort.com\/index.php?rest_route=%2Fwp%2Fv2%2Fproduct_tag&post=19308"}],"curies":[{"name":"wp","href":"https:\/\/api.w.org\/{rel}","templated":true}]}}