{"id":19363,"date":"2024-04-28T08:18:09","date_gmt":"2024-04-28T08:18:09","guid":{"rendered":"https:\/\/i-confort.com\/?product=tv-led-cristor-50p-4k-uhd-smart"},"modified":"2024-04-28T08:18:09","modified_gmt":"2024-04-28T08:18:09","slug":"tv-led-cristor-50p-4k-uhd-smart","status":"publish","type":"product","link":"https:\/\/i-confort.com\/?product=tv-led-cristor-50p-4k-uhd-smart","title":{"rendered":"TV LED CRISTOR 50P 4K-UHD SMART"},"content":{"rendered":"<table class=\"table table-striped table-bordered item2_\">\n<tbody>\n<tr>\n<td class=\"item_header_okaz field_29\">Marque<\/td>\n<td class=\"   field_29\" style=\"padding: 8px;line-height: 1.42857;vertical-align: top\"><a title=\"Prix T\u00e9l\u00e9viseurs Cristor  Neufs Alg\u00e9rie \" href=\"https:\/\/webstar-electro.com\/tv\/prix-televiseurs-marque-cristor-algerie-84832.htm\" style=\"background-color: transparent\">Cristor<\/a><\/td>\n<\/tr>\n<tr>\n<td class=\"item_header_okaz field_506\">T\u00e9l\u00e9viseur<\/td>\n<td class=\"   field_506\" style=\"padding: 8px;line-height: 1.42857;vertical-align: top\"><a title=\"Fiche Technique P50V7 Neufs Alg\u00e9rie \" href=\"https:\/\/webstar-electro.com\/tv\/cristor-p50v7-algerie-84832-16484087.htm\" style=\"background-color: transparent\">TV Cristor P50V7<\/a><\/td>\n<\/tr>\n<tr>\n<td class=\"item_header_okaz field_506\">Cat\u00e9gorie<\/td>\n<td class=\"   field_506\" style=\"padding: 8px;line-height: 1.42857;vertical-align: top\"><a title=\"Prix T\u00e9l\u00e9viseurs LED Neufs Alg\u00e9rie \" href=\"https:\/\/webstar-electro.com\/tv\/prix-televiseurs-categorie-categorie-led-algerie-3839-335.htm\" style=\"background-color: transparent\">LED<\/a><\/td>\n<\/tr>\n<tr>\n<td class=\"item_header_okaz field_507\">Taille Ecran<\/td>\n<td class=\"   field_507\" style=\"padding: 8px;line-height: 1.42857;vertical-align: top\"><a title=\"Prix T\u00e9l\u00e9viseurs 50 pouces Neufs Alg\u00e9rie \" href=\"https:\/\/webstar-electro.com\/tv\/prix-televiseurs-categorie-ecran-50-pouces-algerie-4091-338.htm\" style=\"background-color: transparent\">50 Pouces<\/a><\/td>\n<\/tr>\n<tr>\n<td class=\"item_header_okaz field_508\">D\u00e9finition<\/td>\n<td class=\"   field_508\" style=\"padding: 8px;line-height: 1.42857;vertical-align: top\"><a title=\"Prix T\u00e9l\u00e9viseurs UHD 4K Neufs Alg\u00e9rie \" href=\"https:\/\/webstar-electro.com\/tv\/prix-televiseurs-categorie-definition-uhd-4k-algerie-15849-342.htm\" style=\"background-color: transparent\">UHD 4K<\/a><\/td>\n<\/tr>\n<tr>\n<td class=\"item_header_okaz field_484\">R\u00e9solution Ecran<\/td>\n<td class=\"   field_484\" style=\"padding: 8px;line-height: 1.42857;vertical-align: top\">3840\u00d72160px<\/td>\n<\/tr>\n<tr>\n<td class=\"item_header_okaz field_19\">Syst\u00e8me<\/td>\n<td class=\"   field_19\" style=\"padding: 8px;line-height: 1.42857;vertical-align: top\"><a title=\"Prix T\u00e9l\u00e9viseurs Android TV Alg\u00e9rie \" href=\"https:\/\/webstar-electro.com\/tv\/prix-televiseurs-categorie-systeme-android-tv-algerie-21690-771.htm\" style=\"background-color: transparent\">Android TV<\/a>\u00a0\u00a0Android 11<\/td>\n<\/tr>\n<tr>\n<td class=\"item_header_okaz field_485\">Taux de contraste<\/td>\n<td class=\"   field_485\" style=\"padding: 8px;line-height: 1.42857;vertical-align: top\">NC<\/td>\n<\/tr>\n<tr>\n<td class=\"item_header_okaz field_486\">Luminosit\u00e9<\/td>\n<td class=\"   field_486\" style=\"padding: 8px;line-height: 1.42857;vertical-align: top\">250 Cd\/m\u00b2<\/td>\n<\/tr>\n<tr>\n<td class=\"item_header_okaz field_487\">Angle de vision<\/td>\n<td class=\"   field_487\" style=\"padding: 8px;line-height: 1.42857;vertical-align: top\">178\u00b0 \/ 178\u00b0<\/td>\n<\/tr>\n<tr>\n<td class=\"item_header_okaz field_488\">Format d&rsquo;\u00e9cran<\/td>\n<td class=\"   field_488\" style=\"padding: 8px;line-height: 1.42857;vertical-align: top\">16:9<\/td>\n<\/tr>\n<tr>\n<td class=\"item_header_okaz field_489\">Fr\u00e9quence de balayage<\/td>\n<td class=\"   field_489\" style=\"padding: 8px;line-height: 1.42857;vertical-align: top\">NC<\/td>\n<\/tr>\n<tr>\n<td class=\"item_header_okaz field_490\">Temps de r\u00e9ponse<\/td>\n<td class=\"   field_490\" style=\"padding: 8px;line-height: 1.42857;vertical-align: top\">NC<\/td>\n<\/tr>\n<\/tbody>\n<\/table>\n","protected":false},"excerpt":{"rendered":"<table border=\"0\" cellpadding=\"0\" cellspacing=\"0\" width=\"523\" style=\"border-collapse: collapse;width:392pt\">\n<tbody>\n<tr style=\"height:16.5pt\">\n<td height=\"22\" class=\"xl67\" width=\"523\" style=\"height:16.5pt;width:392pt\">TV LED<br \/>\n  CRISTOR 50P 4K-UHD SMART<\/td>\n<\/tr>\n<\/tbody>\n<\/table>\n","protected":false},"featured_media":19309,"template":"","meta":{"_coblocks_attr":"","_coblocks_dimensions":"","_coblocks_responsive_height":"","_coblocks_accordion_ie_support":""},"pwb-brand":[396],"product_brand":[],"product_cat":[97,351],"product_tag":[],"class_list":{"0":"post-19363","1":"product","2":"type-product","3":"status-publish","4":"has-post-thumbnail","6":"pwb-brand-cristor","7":"product_cat-electromenagers","8":"product_cat-tv","11":"first","12":"instock","13":"taxable","14":"shipping-taxable","15":"purchasable","16":"product-type-simple"},"yoast_head":"<!-- This site is optimized with the Yoast SEO plugin v27.4 - https:\/\/yoast.com\/product\/yoast-seo-wordpress\/ -->\n<title>TV LED CRISTOR 50P 4K-UHD SMART - I-CONFORT<\/title>\n<meta name=\"robots\" content=\"index, follow, max-snippet:-1, max-image-preview:large, max-video-preview:-1\" \/>\n<link rel=\"canonical\" href=\"https:\/\/i-confort.com\/?product=tv-led-cristor-50p-4k-uhd-smart\" \/>\n<meta property=\"og:locale\" content=\"fr_FR\" \/>\n<meta property=\"og:type\" content=\"article\" \/>\n<meta property=\"og:title\" content=\"TV LED CRISTOR 50P 4K-UHD SMART - I-CONFORT\" \/>\n<meta property=\"og:description\" content=\"TV LED  CRISTOR 50P 4K-UHD SMART\" \/>\n<meta property=\"og:url\" content=\"https:\/\/i-confort.com\/?product=tv-led-cristor-50p-4k-uhd-smart\" \/>\n<meta property=\"og:site_name\" content=\"I-CONFORT\" \/>\n<meta property=\"og:image\" content=\"https:\/\/i-confort.com\/wp-content\/uploads\/2024\/04\/fichier_produit_19159.png\" \/>\n\t<meta property=\"og:image:width\" content=\"800\" \/>\n\t<meta property=\"og:image:height\" content=\"800\" \/>\n\t<meta property=\"og:image:type\" content=\"image\/png\" \/>\n<meta name=\"twitter:card\" content=\"summary_large_image\" \/>\n<script type=\"application\/ld+json\" class=\"yoast-schema-graph\">{\"@context\":\"https:\\\/\\\/schema.org\",\"@graph\":[{\"@type\":\"WebPage\",\"@id\":\"https:\\\/\\\/i-confort.com\\\/?product=tv-led-cristor-50p-4k-uhd-smart\",\"url\":\"https:\\\/\\\/i-confort.com\\\/?product=tv-led-cristor-50p-4k-uhd-smart\",\"name\":\"TV LED CRISTOR 50P 4K-UHD SMART - I-CONFORT\",\"isPartOf\":{\"@id\":\"https:\\\/\\\/i-confort.com\\\/#website\"},\"primaryImageOfPage\":{\"@id\":\"https:\\\/\\\/i-confort.com\\\/?product=tv-led-cristor-50p-4k-uhd-smart#primaryimage\"},\"image\":{\"@id\":\"https:\\\/\\\/i-confort.com\\\/?product=tv-led-cristor-50p-4k-uhd-smart#primaryimage\"},\"thumbnailUrl\":\"https:\\\/\\\/i-confort.com\\\/wp-content\\\/uploads\\\/2024\\\/04\\\/fichier_produit_19159.png\",\"datePublished\":\"2024-04-28T08:18:09+00:00\",\"breadcrumb\":{\"@id\":\"https:\\\/\\\/i-confort.com\\\/?product=tv-led-cristor-50p-4k-uhd-smart#breadcrumb\"},\"inLanguage\":\"fr-FR\",\"potentialAction\":[{\"@type\":\"ReadAction\",\"target\":[\"https:\\\/\\\/i-confort.com\\\/?product=tv-led-cristor-50p-4k-uhd-smart\"]}]},{\"@type\":\"ImageObject\",\"inLanguage\":\"fr-FR\",\"@id\":\"https:\\\/\\\/i-confort.com\\\/?product=tv-led-cristor-50p-4k-uhd-smart#primaryimage\",\"url\":\"https:\\\/\\\/i-confort.com\\\/wp-content\\\/uploads\\\/2024\\\/04\\\/fichier_produit_19159.png\",\"contentUrl\":\"https:\\\/\\\/i-confort.com\\\/wp-content\\\/uploads\\\/2024\\\/04\\\/fichier_produit_19159.png\",\"width\":800,\"height\":800},{\"@type\":\"BreadcrumbList\",\"@id\":\"https:\\\/\\\/i-confort.com\\\/?product=tv-led-cristor-50p-4k-uhd-smart#breadcrumb\",\"itemListElement\":[{\"@type\":\"ListItem\",\"position\":1,\"name\":\"Home\",\"item\":\"https:\\\/\\\/i-confort.com\\\/\"},{\"@type\":\"ListItem\",\"position\":2,\"name\":\"Boutique\",\"item\":\"https:\\\/\\\/i-confort.com\\\/?page_id=7\"},{\"@type\":\"ListItem\",\"position\":3,\"name\":\"TV LED CRISTOR 50P 4K-UHD SMART\"}]},{\"@type\":\"WebSite\",\"@id\":\"https:\\\/\\\/i-confort.com\\\/#website\",\"url\":\"https:\\\/\\\/i-confort.com\\\/\",\"name\":\"I-CONFORT\",\"description\":\"Site de vente en ligne\",\"potentialAction\":[{\"@type\":\"SearchAction\",\"target\":{\"@type\":\"EntryPoint\",\"urlTemplate\":\"https:\\\/\\\/i-confort.com\\\/?s={search_term_string}\"},\"query-input\":{\"@type\":\"PropertyValueSpecification\",\"valueRequired\":true,\"valueName\":\"search_term_string\"}}],\"inLanguage\":\"fr-FR\"}]}<\/script>\n<!-- \/ Yoast SEO plugin. -->","yoast_head_json":{"title":"TV LED CRISTOR 50P 4K-UHD SMART - I-CONFORT","robots":{"index":"index","follow":"follow","max-snippet":"max-snippet:-1","max-image-preview":"max-image-preview:large","max-video-preview":"max-video-preview:-1"},"canonical":"https:\/\/i-confort.com\/?product=tv-led-cristor-50p-4k-uhd-smart","og_locale":"fr_FR","og_type":"article","og_title":"TV LED CRISTOR 50P 4K-UHD SMART - I-CONFORT","og_description":"TV LED  CRISTOR 50P 4K-UHD SMART","og_url":"https:\/\/i-confort.com\/?product=tv-led-cristor-50p-4k-uhd-smart","og_site_name":"I-CONFORT","og_image":[{"width":800,"height":800,"url":"https:\/\/i-confort.com\/wp-content\/uploads\/2024\/04\/fichier_produit_19159.png","type":"image\/png"}],"twitter_card":"summary_large_image","schema":{"@context":"https:\/\/schema.org","@graph":[{"@type":"WebPage","@id":"https:\/\/i-confort.com\/?product=tv-led-cristor-50p-4k-uhd-smart","url":"https:\/\/i-confort.com\/?product=tv-led-cristor-50p-4k-uhd-smart","name":"TV LED CRISTOR 50P 4K-UHD SMART - I-CONFORT","isPartOf":{"@id":"https:\/\/i-confort.com\/#website"},"primaryImageOfPage":{"@id":"https:\/\/i-confort.com\/?product=tv-led-cristor-50p-4k-uhd-smart#primaryimage"},"image":{"@id":"https:\/\/i-confort.com\/?product=tv-led-cristor-50p-4k-uhd-smart#primaryimage"},"thumbnailUrl":"https:\/\/i-confort.com\/wp-content\/uploads\/2024\/04\/fichier_produit_19159.png","datePublished":"2024-04-28T08:18:09+00:00","breadcrumb":{"@id":"https:\/\/i-confort.com\/?product=tv-led-cristor-50p-4k-uhd-smart#breadcrumb"},"inLanguage":"fr-FR","potentialAction":[{"@type":"ReadAction","target":["https:\/\/i-confort.com\/?product=tv-led-cristor-50p-4k-uhd-smart"]}]},{"@type":"ImageObject","inLanguage":"fr-FR","@id":"https:\/\/i-confort.com\/?product=tv-led-cristor-50p-4k-uhd-smart#primaryimage","url":"https:\/\/i-confort.com\/wp-content\/uploads\/2024\/04\/fichier_produit_19159.png","contentUrl":"https:\/\/i-confort.com\/wp-content\/uploads\/2024\/04\/fichier_produit_19159.png","width":800,"height":800},{"@type":"BreadcrumbList","@id":"https:\/\/i-confort.com\/?product=tv-led-cristor-50p-4k-uhd-smart#breadcrumb","itemListElement":[{"@type":"ListItem","position":1,"name":"Home","item":"https:\/\/i-confort.com\/"},{"@type":"ListItem","position":2,"name":"Boutique","item":"https:\/\/i-confort.com\/?page_id=7"},{"@type":"ListItem","position":3,"name":"TV LED CRISTOR 50P 4K-UHD SMART"}]},{"@type":"WebSite","@id":"https:\/\/i-confort.com\/#website","url":"https:\/\/i-confort.com\/","name":"I-CONFORT","description":"Site de vente en ligne","potentialAction":[{"@type":"SearchAction","target":{"@type":"EntryPoint","urlTemplate":"https:\/\/i-confort.com\/?s={search_term_string}"},"query-input":{"@type":"PropertyValueSpecification","valueRequired":true,"valueName":"search_term_string"}}],"inLanguage":"fr-FR"}]}},"brands":[{"id":396,"name":"Cristor","slug":"cristor"}],"_links":{"self":[{"href":"https:\/\/i-confort.com\/index.php?rest_route=\/wp\/v2\/product\/19363","targetHints":{"allow":["GET"]}}],"collection":[{"href":"https:\/\/i-confort.com\/index.php?rest_route=\/wp\/v2\/product"}],"about":[{"href":"https:\/\/i-confort.com\/index.php?rest_route=\/wp\/v2\/types\/product"}],"wp:featuredmedia":[{"embeddable":true,"href":"https:\/\/i-confort.com\/index.php?rest_route=\/wp\/v2\/media\/19309"}],"wp:attachment":[{"href":"https:\/\/i-confort.com\/index.php?rest_route=%2Fwp%2Fv2%2Fmedia&parent=19363"}],"wp:term":[{"taxonomy":"pwb-brand","embeddable":true,"href":"https:\/\/i-confort.com\/index.php?rest_route=%2Fwp%2Fv2%2Fpwb-brand&post=19363"},{"taxonomy":"product_brand","embeddable":true,"href":"https:\/\/i-confort.com\/index.php?rest_route=%2Fwp%2Fv2%2Fproduct_brand&post=19363"},{"taxonomy":"product_cat","embeddable":true,"href":"https:\/\/i-confort.com\/index.php?rest_route=%2Fwp%2Fv2%2Fproduct_cat&post=19363"},{"taxonomy":"product_tag","embeddable":true,"href":"https:\/\/i-confort.com\/index.php?rest_route=%2Fwp%2Fv2%2Fproduct_tag&post=19363"}],"curies":[{"name":"wp","href":"https:\/\/api.w.org\/{rel}","templated":true}]}}