{"id":19436,"date":"2024-04-28T20:19:31","date_gmt":"2024-04-28T20:19:31","guid":{"rendered":"https:\/\/i-confort.com\/?product=refregirateur-brandt-510l-blanc-no-frost"},"modified":"2025-04-17T11:15:55","modified_gmt":"2025-04-17T11:15:55","slug":"refregirateur-brandt-510l-blanc-no-frost","status":"publish","type":"product","link":"https:\/\/i-confort.com\/?product=refregirateur-brandt-510l-blanc-no-frost","title":{"rendered":"BRANDT REFREGIRATEUR 510L BLANC NO FROST BD5010NW"},"content":{"rendered":"<p><span>Marque Brandt<br \/>\nR\u00e9frig\u00e9rateur BD5010NW<br \/>\nCat\u00e9gorie 2 Portes<br \/>\nCapacit\u00e9 Totale 500 Litres<br \/>\nCapacit\u00e9 R\u00e9frig\u00e9rateur 330 Litres<br \/>\nCapacit\u00e9 Cong\u00e9lateur 108 Litres<br \/>\nCapacit\u00e9 de cong\u00e9lation NC<br \/>\nAutonomie du cong\u00e9lateur NC<br \/>\nLargeur 73.5 Cm<br \/>\nHauteur 187 Cm<br \/>\nProfondeur 67.5 Cm<br \/>\nPoids NC<br \/>\nNombre de tiroirs R\u00e9frig\u00e9rateur 1<br \/>\nNombre d&rsquo;\u00e9tag\u00e8res R\u00e9frig\u00e9rateur 3<br \/>\nNombre de tiroirs Cong\u00e9lateur 1<br \/>\nNombre d&rsquo;\u00e9tag\u00e8res Cong\u00e9lateur 1<br \/>\nAccessoires inclus NC<br \/>\nR\u00e9frig\u00e9rant R600a<br \/>\nCaract\u00e9ristiques particuli\u00e8res Frost :<br \/>\nNombre de portes 2<br \/>\nPosition du cong\u00e9lateur Haut<br \/>\nD\u00e9givrage Automatique 18<br \/>\nCong\u00e9lation rapide 18<br \/>\nAlimentation \u00e9lectrique 220~240 V \/ 50Hz<br \/>\nClasse \u00e9nerg\u00e9tique A<br \/>\nConsommation d&rsquo;\u00e9nergie 340 kWh<br \/>\nCourant nominal NC<br \/>\nClasse climatique T<br \/>\nMod\u00e8le: BD5010NW<br \/>\nTaille (Longueur x Largeur x Hauteur cm): 73.5 X 187 X 67.5<br \/>\nPoids (kg): 50<br \/>\nCouleur: Blanc<\/span><\/p>\n","protected":false},"excerpt":{"rendered":"<p><br data-mce-bogus=\"1\"><\/p>\n","protected":false},"featured_media":23442,"template":"","meta":{"_coblocks_attr":"","_coblocks_dimensions":"","_coblocks_responsive_height":"","_coblocks_accordion_ie_support":""},"pwb-brand":[391],"product_brand":[],"product_cat":[97,348],"product_tag":[],"class_list":{"0":"post-19436","1":"product","2":"type-product","3":"status-publish","4":"has-post-thumbnail","6":"pwb-brand-brandt","7":"product_cat-electromenagers","8":"product_cat-refrigirateur","11":"first","12":"instock","13":"taxable","14":"shipping-taxable","15":"purchasable","16":"product-type-simple"},"yoast_head":"<!-- This site is optimized with the Yoast SEO plugin v27.4 - https:\/\/yoast.com\/product\/yoast-seo-wordpress\/ -->\n<title>BRANDT REFREGIRATEUR 510L BLANC NO FROST BD5010NW - I-CONFORT<\/title>\n<meta name=\"robots\" content=\"index, follow, max-snippet:-1, max-image-preview:large, max-video-preview:-1\" \/>\n<link rel=\"canonical\" href=\"https:\/\/i-confort.com\/?product=refregirateur-brandt-510l-blanc-no-frost\" \/>\n<meta property=\"og:locale\" content=\"fr_FR\" \/>\n<meta property=\"og:type\" content=\"article\" \/>\n<meta property=\"og:title\" content=\"BRANDT REFREGIRATEUR 510L BLANC NO FROST BD5010NW - I-CONFORT\" \/>\n<meta property=\"og:url\" content=\"https:\/\/i-confort.com\/?product=refregirateur-brandt-510l-blanc-no-frost\" \/>\n<meta property=\"og:site_name\" content=\"I-CONFORT\" \/>\n<meta property=\"article:modified_time\" content=\"2025-04-17T11:15:55+00:00\" \/>\n<meta property=\"og:image\" content=\"https:\/\/i-confort.com\/wp-content\/uploads\/2025\/04\/MPNDn3nWHtRbKAVDDA4dUJFhWzdpYeu8PbBYFdTk.webp\" \/>\n\t<meta property=\"og:image:width\" content=\"360\" \/>\n\t<meta property=\"og:image:height\" content=\"360\" \/>\n\t<meta property=\"og:image:type\" content=\"image\/webp\" \/>\n<meta name=\"twitter:card\" content=\"summary_large_image\" \/>\n<meta name=\"twitter:label1\" content=\"Dur\u00e9e de lecture estim\u00e9e\" \/>\n\t<meta name=\"twitter:data1\" content=\"1 minute\" \/>\n<script type=\"application\/ld+json\" class=\"yoast-schema-graph\">{\"@context\":\"https:\\\/\\\/schema.org\",\"@graph\":[{\"@type\":\"WebPage\",\"@id\":\"https:\\\/\\\/i-confort.com\\\/?product=refregirateur-brandt-510l-blanc-no-frost\",\"url\":\"https:\\\/\\\/i-confort.com\\\/?product=refregirateur-brandt-510l-blanc-no-frost\",\"name\":\"BRANDT REFREGIRATEUR 510L BLANC NO FROST BD5010NW - I-CONFORT\",\"isPartOf\":{\"@id\":\"https:\\\/\\\/i-confort.com\\\/#website\"},\"primaryImageOfPage\":{\"@id\":\"https:\\\/\\\/i-confort.com\\\/?product=refregirateur-brandt-510l-blanc-no-frost#primaryimage\"},\"image\":{\"@id\":\"https:\\\/\\\/i-confort.com\\\/?product=refregirateur-brandt-510l-blanc-no-frost#primaryimage\"},\"thumbnailUrl\":\"https:\\\/\\\/i-confort.com\\\/wp-content\\\/uploads\\\/2025\\\/04\\\/MPNDn3nWHtRbKAVDDA4dUJFhWzdpYeu8PbBYFdTk.webp\",\"datePublished\":\"2024-04-28T20:19:31+00:00\",\"dateModified\":\"2025-04-17T11:15:55+00:00\",\"breadcrumb\":{\"@id\":\"https:\\\/\\\/i-confort.com\\\/?product=refregirateur-brandt-510l-blanc-no-frost#breadcrumb\"},\"inLanguage\":\"fr-FR\",\"potentialAction\":[{\"@type\":\"ReadAction\",\"target\":[\"https:\\\/\\\/i-confort.com\\\/?product=refregirateur-brandt-510l-blanc-no-frost\"]}]},{\"@type\":\"ImageObject\",\"inLanguage\":\"fr-FR\",\"@id\":\"https:\\\/\\\/i-confort.com\\\/?product=refregirateur-brandt-510l-blanc-no-frost#primaryimage\",\"url\":\"https:\\\/\\\/i-confort.com\\\/wp-content\\\/uploads\\\/2025\\\/04\\\/MPNDn3nWHtRbKAVDDA4dUJFhWzdpYeu8PbBYFdTk.webp\",\"contentUrl\":\"https:\\\/\\\/i-confort.com\\\/wp-content\\\/uploads\\\/2025\\\/04\\\/MPNDn3nWHtRbKAVDDA4dUJFhWzdpYeu8PbBYFdTk.webp\",\"width\":360,\"height\":360},{\"@type\":\"BreadcrumbList\",\"@id\":\"https:\\\/\\\/i-confort.com\\\/?product=refregirateur-brandt-510l-blanc-no-frost#breadcrumb\",\"itemListElement\":[{\"@type\":\"ListItem\",\"position\":1,\"name\":\"Home\",\"item\":\"https:\\\/\\\/i-confort.com\\\/\"},{\"@type\":\"ListItem\",\"position\":2,\"name\":\"Boutique\",\"item\":\"https:\\\/\\\/i-confort.com\\\/?page_id=7\"},{\"@type\":\"ListItem\",\"position\":3,\"name\":\"BRANDT REFREGIRATEUR 510L BLANC NO FROST BD5010NW\"}]},{\"@type\":\"WebSite\",\"@id\":\"https:\\\/\\\/i-confort.com\\\/#website\",\"url\":\"https:\\\/\\\/i-confort.com\\\/\",\"name\":\"I-CONFORT\",\"description\":\"Site de vente en ligne\",\"potentialAction\":[{\"@type\":\"SearchAction\",\"target\":{\"@type\":\"EntryPoint\",\"urlTemplate\":\"https:\\\/\\\/i-confort.com\\\/?s={search_term_string}\"},\"query-input\":{\"@type\":\"PropertyValueSpecification\",\"valueRequired\":true,\"valueName\":\"search_term_string\"}}],\"inLanguage\":\"fr-FR\"}]}<\/script>\n<!-- \/ Yoast SEO plugin. -->","yoast_head_json":{"title":"BRANDT REFREGIRATEUR 510L BLANC NO FROST BD5010NW - I-CONFORT","robots":{"index":"index","follow":"follow","max-snippet":"max-snippet:-1","max-image-preview":"max-image-preview:large","max-video-preview":"max-video-preview:-1"},"canonical":"https:\/\/i-confort.com\/?product=refregirateur-brandt-510l-blanc-no-frost","og_locale":"fr_FR","og_type":"article","og_title":"BRANDT REFREGIRATEUR 510L BLANC NO FROST BD5010NW - I-CONFORT","og_url":"https:\/\/i-confort.com\/?product=refregirateur-brandt-510l-blanc-no-frost","og_site_name":"I-CONFORT","article_modified_time":"2025-04-17T11:15:55+00:00","og_image":[{"width":360,"height":360,"url":"https:\/\/i-confort.com\/wp-content\/uploads\/2025\/04\/MPNDn3nWHtRbKAVDDA4dUJFhWzdpYeu8PbBYFdTk.webp","type":"image\/webp"}],"twitter_card":"summary_large_image","twitter_misc":{"Dur\u00e9e de lecture estim\u00e9e":"1 minute"},"schema":{"@context":"https:\/\/schema.org","@graph":[{"@type":"WebPage","@id":"https:\/\/i-confort.com\/?product=refregirateur-brandt-510l-blanc-no-frost","url":"https:\/\/i-confort.com\/?product=refregirateur-brandt-510l-blanc-no-frost","name":"BRANDT REFREGIRATEUR 510L BLANC NO FROST BD5010NW - I-CONFORT","isPartOf":{"@id":"https:\/\/i-confort.com\/#website"},"primaryImageOfPage":{"@id":"https:\/\/i-confort.com\/?product=refregirateur-brandt-510l-blanc-no-frost#primaryimage"},"image":{"@id":"https:\/\/i-confort.com\/?product=refregirateur-brandt-510l-blanc-no-frost#primaryimage"},"thumbnailUrl":"https:\/\/i-confort.com\/wp-content\/uploads\/2025\/04\/MPNDn3nWHtRbKAVDDA4dUJFhWzdpYeu8PbBYFdTk.webp","datePublished":"2024-04-28T20:19:31+00:00","dateModified":"2025-04-17T11:15:55+00:00","breadcrumb":{"@id":"https:\/\/i-confort.com\/?product=refregirateur-brandt-510l-blanc-no-frost#breadcrumb"},"inLanguage":"fr-FR","potentialAction":[{"@type":"ReadAction","target":["https:\/\/i-confort.com\/?product=refregirateur-brandt-510l-blanc-no-frost"]}]},{"@type":"ImageObject","inLanguage":"fr-FR","@id":"https:\/\/i-confort.com\/?product=refregirateur-brandt-510l-blanc-no-frost#primaryimage","url":"https:\/\/i-confort.com\/wp-content\/uploads\/2025\/04\/MPNDn3nWHtRbKAVDDA4dUJFhWzdpYeu8PbBYFdTk.webp","contentUrl":"https:\/\/i-confort.com\/wp-content\/uploads\/2025\/04\/MPNDn3nWHtRbKAVDDA4dUJFhWzdpYeu8PbBYFdTk.webp","width":360,"height":360},{"@type":"BreadcrumbList","@id":"https:\/\/i-confort.com\/?product=refregirateur-brandt-510l-blanc-no-frost#breadcrumb","itemListElement":[{"@type":"ListItem","position":1,"name":"Home","item":"https:\/\/i-confort.com\/"},{"@type":"ListItem","position":2,"name":"Boutique","item":"https:\/\/i-confort.com\/?page_id=7"},{"@type":"ListItem","position":3,"name":"BRANDT REFREGIRATEUR 510L BLANC NO FROST BD5010NW"}]},{"@type":"WebSite","@id":"https:\/\/i-confort.com\/#website","url":"https:\/\/i-confort.com\/","name":"I-CONFORT","description":"Site de vente en ligne","potentialAction":[{"@type":"SearchAction","target":{"@type":"EntryPoint","urlTemplate":"https:\/\/i-confort.com\/?s={search_term_string}"},"query-input":{"@type":"PropertyValueSpecification","valueRequired":true,"valueName":"search_term_string"}}],"inLanguage":"fr-FR"}]}},"brands":[{"id":391,"name":"Brandt","slug":"brandt"}],"_links":{"self":[{"href":"https:\/\/i-confort.com\/index.php?rest_route=\/wp\/v2\/product\/19436","targetHints":{"allow":["GET"]}}],"collection":[{"href":"https:\/\/i-confort.com\/index.php?rest_route=\/wp\/v2\/product"}],"about":[{"href":"https:\/\/i-confort.com\/index.php?rest_route=\/wp\/v2\/types\/product"}],"wp:featuredmedia":[{"embeddable":true,"href":"https:\/\/i-confort.com\/index.php?rest_route=\/wp\/v2\/media\/23442"}],"wp:attachment":[{"href":"https:\/\/i-confort.com\/index.php?rest_route=%2Fwp%2Fv2%2Fmedia&parent=19436"}],"wp:term":[{"taxonomy":"pwb-brand","embeddable":true,"href":"https:\/\/i-confort.com\/index.php?rest_route=%2Fwp%2Fv2%2Fpwb-brand&post=19436"},{"taxonomy":"product_brand","embeddable":true,"href":"https:\/\/i-confort.com\/index.php?rest_route=%2Fwp%2Fv2%2Fproduct_brand&post=19436"},{"taxonomy":"product_cat","embeddable":true,"href":"https:\/\/i-confort.com\/index.php?rest_route=%2Fwp%2Fv2%2Fproduct_cat&post=19436"},{"taxonomy":"product_tag","embeddable":true,"href":"https:\/\/i-confort.com\/index.php?rest_route=%2Fwp%2Fv2%2Fproduct_tag&post=19436"}],"curies":[{"name":"wp","href":"https:\/\/api.w.org\/{rel}","templated":true}]}}