{"id":19529,"date":"2024-04-30T12:50:44","date_gmt":"2024-04-30T12:50:44","guid":{"rendered":"https:\/\/i-confort.com\/?product=machine-a-laver-10-5kg-nardi-1400t-vap-inv-sliver"},"modified":"2024-04-30T12:51:56","modified_gmt":"2024-04-30T12:51:56","slug":"machine-a-laver-10-5kg-nardi-1400t-vap-inv-sliver","status":"publish","type":"product","link":"https:\/\/i-confort.com\/?product=machine-a-laver-10-5kg-nardi-1400t-vap-inv-sliver","title":{"rendered":"MACHINE A LAVER 10.5KG NARDI 1400T\/VAP\/INV\/ SLIVER"},"content":{"rendered":"<p>NARDI vous pr\u00e9sente sa machine \u00e0 laver automatique frontale, con\u00e7ue pour simplifier votre quotidien. Dot\u00e9e d\u2019une grande capacit\u00e9 de 10,5kg et d\u2019un moteur INVERTR ultra-performant, elle offre un essorage impeccable jusqu\u2019\u00e0 1400 tr\/min. Choisissez parmi ses 15 programmes celui qui correspond \u00e0 vos besoins, du programme rapide 15 minutes au programme d\u00e9licat pour vos v\u00eatements fragiles. La s\u00e9curit\u00e9 anti-d\u00e9bordement vous assure une tranquillit\u00e9 d\u2019esprit tandis que le lavage \u00e0 vapeur garantit un linge propre et d\u00e9sinfect\u00e9.<\/p>\n","protected":false},"excerpt":{"rendered":"<table border=\"0\" cellpadding=\"0\" cellspacing=\"0\" width=\"523\" style=\"border-collapse: collapse;width: 392pt\" data-mce-style=\"border-collapse: collapse; width: 392pt;\" class=\"mce-item-table\">\n<tbody>\n<tr style=\"height: 15.75pt\" data-mce-style=\"height: 15.75pt;\">\n<td height=\"21\" class=\"xl67\" width=\"523\" style=\"height: 15.75pt;width: 392pt\" data-mce-style=\"height: 15.75pt; width: 392pt;\">MACHINE<br \/>A LAVER 10.5KG NARDI 1400T\/VAP\/INV\/ SLIVER<\/td>\n<\/tr>\n<\/tbody>\n<\/table>\n","protected":false},"featured_media":19520,"template":"","meta":{"_coblocks_attr":"","_coblocks_dimensions":"","_coblocks_responsive_height":"","_coblocks_accordion_ie_support":""},"pwb-brand":[438],"product_brand":[],"product_cat":[97,352],"product_tag":[],"class_list":{"0":"post-19529","1":"product","2":"type-product","3":"status-publish","4":"has-post-thumbnail","6":"pwb-brand-nardi","7":"product_cat-electromenagers","8":"product_cat-machine-a-laver-et-cuisine","11":"first","12":"instock","13":"taxable","14":"shipping-taxable","15":"purchasable","16":"product-type-simple"},"yoast_head":"<!-- This site is optimized with the Yoast SEO plugin v27.4 - https:\/\/yoast.com\/product\/yoast-seo-wordpress\/ -->\n<title>MACHINE A LAVER 10.5KG NARDI 1400T\/VAP\/INV\/ SLIVER - I-CONFORT<\/title>\n<meta name=\"robots\" content=\"index, follow, max-snippet:-1, max-image-preview:large, max-video-preview:-1\" \/>\n<link rel=\"canonical\" href=\"https:\/\/i-confort.com\/?product=machine-a-laver-10-5kg-nardi-1400t-vap-inv-sliver\" \/>\n<meta property=\"og:locale\" content=\"fr_FR\" \/>\n<meta property=\"og:type\" content=\"article\" \/>\n<meta property=\"og:title\" content=\"MACHINE A LAVER 10.5KG NARDI 1400T\/VAP\/INV\/ SLIVER - I-CONFORT\" \/>\n<meta property=\"og:description\" content=\"MACHINEA LAVER 10.5KG NARDI 1400T\/VAP\/INV\/ SLIVER\" \/>\n<meta property=\"og:url\" content=\"https:\/\/i-confort.com\/?product=machine-a-laver-10-5kg-nardi-1400t-vap-inv-sliver\" \/>\n<meta property=\"og:site_name\" content=\"I-CONFORT\" \/>\n<meta property=\"article:modified_time\" content=\"2024-04-30T12:51:56+00:00\" \/>\n<meta property=\"og:image\" content=\"https:\/\/i-confort.com\/wp-content\/uploads\/2024\/04\/laver-brzndt-gris.png\" \/>\n\t<meta property=\"og:image:width\" content=\"360\" \/>\n\t<meta property=\"og:image:height\" content=\"360\" \/>\n\t<meta property=\"og:image:type\" content=\"image\/png\" \/>\n<meta name=\"twitter:card\" content=\"summary_large_image\" \/>\n<script type=\"application\/ld+json\" class=\"yoast-schema-graph\">{\"@context\":\"https:\\\/\\\/schema.org\",\"@graph\":[{\"@type\":\"WebPage\",\"@id\":\"https:\\\/\\\/i-confort.com\\\/?product=machine-a-laver-10-5kg-nardi-1400t-vap-inv-sliver\",\"url\":\"https:\\\/\\\/i-confort.com\\\/?product=machine-a-laver-10-5kg-nardi-1400t-vap-inv-sliver\",\"name\":\"MACHINE A LAVER 10.5KG NARDI 1400T\\\/VAP\\\/INV\\\/ SLIVER - I-CONFORT\",\"isPartOf\":{\"@id\":\"https:\\\/\\\/i-confort.com\\\/#website\"},\"primaryImageOfPage\":{\"@id\":\"https:\\\/\\\/i-confort.com\\\/?product=machine-a-laver-10-5kg-nardi-1400t-vap-inv-sliver#primaryimage\"},\"image\":{\"@id\":\"https:\\\/\\\/i-confort.com\\\/?product=machine-a-laver-10-5kg-nardi-1400t-vap-inv-sliver#primaryimage\"},\"thumbnailUrl\":\"https:\\\/\\\/i-confort.com\\\/wp-content\\\/uploads\\\/2024\\\/04\\\/laver-brzndt-gris.png\",\"datePublished\":\"2024-04-30T12:50:44+00:00\",\"dateModified\":\"2024-04-30T12:51:56+00:00\",\"breadcrumb\":{\"@id\":\"https:\\\/\\\/i-confort.com\\\/?product=machine-a-laver-10-5kg-nardi-1400t-vap-inv-sliver#breadcrumb\"},\"inLanguage\":\"fr-FR\",\"potentialAction\":[{\"@type\":\"ReadAction\",\"target\":[\"https:\\\/\\\/i-confort.com\\\/?product=machine-a-laver-10-5kg-nardi-1400t-vap-inv-sliver\"]}]},{\"@type\":\"ImageObject\",\"inLanguage\":\"fr-FR\",\"@id\":\"https:\\\/\\\/i-confort.com\\\/?product=machine-a-laver-10-5kg-nardi-1400t-vap-inv-sliver#primaryimage\",\"url\":\"https:\\\/\\\/i-confort.com\\\/wp-content\\\/uploads\\\/2024\\\/04\\\/laver-brzndt-gris.png\",\"contentUrl\":\"https:\\\/\\\/i-confort.com\\\/wp-content\\\/uploads\\\/2024\\\/04\\\/laver-brzndt-gris.png\",\"width\":360,\"height\":360},{\"@type\":\"BreadcrumbList\",\"@id\":\"https:\\\/\\\/i-confort.com\\\/?product=machine-a-laver-10-5kg-nardi-1400t-vap-inv-sliver#breadcrumb\",\"itemListElement\":[{\"@type\":\"ListItem\",\"position\":1,\"name\":\"Home\",\"item\":\"https:\\\/\\\/i-confort.com\\\/\"},{\"@type\":\"ListItem\",\"position\":2,\"name\":\"Boutique\",\"item\":\"https:\\\/\\\/i-confort.com\\\/?page_id=7\"},{\"@type\":\"ListItem\",\"position\":3,\"name\":\"MACHINE A LAVER 10.5KG NARDI 1400T\\\/VAP\\\/INV\\\/ SLIVER\"}]},{\"@type\":\"WebSite\",\"@id\":\"https:\\\/\\\/i-confort.com\\\/#website\",\"url\":\"https:\\\/\\\/i-confort.com\\\/\",\"name\":\"I-CONFORT\",\"description\":\"Site de vente en ligne\",\"potentialAction\":[{\"@type\":\"SearchAction\",\"target\":{\"@type\":\"EntryPoint\",\"urlTemplate\":\"https:\\\/\\\/i-confort.com\\\/?s={search_term_string}\"},\"query-input\":{\"@type\":\"PropertyValueSpecification\",\"valueRequired\":true,\"valueName\":\"search_term_string\"}}],\"inLanguage\":\"fr-FR\"}]}<\/script>\n<!-- \/ Yoast SEO plugin. -->","yoast_head_json":{"title":"MACHINE A LAVER 10.5KG NARDI 1400T\/VAP\/INV\/ SLIVER - I-CONFORT","robots":{"index":"index","follow":"follow","max-snippet":"max-snippet:-1","max-image-preview":"max-image-preview:large","max-video-preview":"max-video-preview:-1"},"canonical":"https:\/\/i-confort.com\/?product=machine-a-laver-10-5kg-nardi-1400t-vap-inv-sliver","og_locale":"fr_FR","og_type":"article","og_title":"MACHINE A LAVER 10.5KG NARDI 1400T\/VAP\/INV\/ SLIVER - I-CONFORT","og_description":"MACHINEA LAVER 10.5KG NARDI 1400T\/VAP\/INV\/ SLIVER","og_url":"https:\/\/i-confort.com\/?product=machine-a-laver-10-5kg-nardi-1400t-vap-inv-sliver","og_site_name":"I-CONFORT","article_modified_time":"2024-04-30T12:51:56+00:00","og_image":[{"width":360,"height":360,"url":"https:\/\/i-confort.com\/wp-content\/uploads\/2024\/04\/laver-brzndt-gris.png","type":"image\/png"}],"twitter_card":"summary_large_image","schema":{"@context":"https:\/\/schema.org","@graph":[{"@type":"WebPage","@id":"https:\/\/i-confort.com\/?product=machine-a-laver-10-5kg-nardi-1400t-vap-inv-sliver","url":"https:\/\/i-confort.com\/?product=machine-a-laver-10-5kg-nardi-1400t-vap-inv-sliver","name":"MACHINE A LAVER 10.5KG NARDI 1400T\/VAP\/INV\/ SLIVER - I-CONFORT","isPartOf":{"@id":"https:\/\/i-confort.com\/#website"},"primaryImageOfPage":{"@id":"https:\/\/i-confort.com\/?product=machine-a-laver-10-5kg-nardi-1400t-vap-inv-sliver#primaryimage"},"image":{"@id":"https:\/\/i-confort.com\/?product=machine-a-laver-10-5kg-nardi-1400t-vap-inv-sliver#primaryimage"},"thumbnailUrl":"https:\/\/i-confort.com\/wp-content\/uploads\/2024\/04\/laver-brzndt-gris.png","datePublished":"2024-04-30T12:50:44+00:00","dateModified":"2024-04-30T12:51:56+00:00","breadcrumb":{"@id":"https:\/\/i-confort.com\/?product=machine-a-laver-10-5kg-nardi-1400t-vap-inv-sliver#breadcrumb"},"inLanguage":"fr-FR","potentialAction":[{"@type":"ReadAction","target":["https:\/\/i-confort.com\/?product=machine-a-laver-10-5kg-nardi-1400t-vap-inv-sliver"]}]},{"@type":"ImageObject","inLanguage":"fr-FR","@id":"https:\/\/i-confort.com\/?product=machine-a-laver-10-5kg-nardi-1400t-vap-inv-sliver#primaryimage","url":"https:\/\/i-confort.com\/wp-content\/uploads\/2024\/04\/laver-brzndt-gris.png","contentUrl":"https:\/\/i-confort.com\/wp-content\/uploads\/2024\/04\/laver-brzndt-gris.png","width":360,"height":360},{"@type":"BreadcrumbList","@id":"https:\/\/i-confort.com\/?product=machine-a-laver-10-5kg-nardi-1400t-vap-inv-sliver#breadcrumb","itemListElement":[{"@type":"ListItem","position":1,"name":"Home","item":"https:\/\/i-confort.com\/"},{"@type":"ListItem","position":2,"name":"Boutique","item":"https:\/\/i-confort.com\/?page_id=7"},{"@type":"ListItem","position":3,"name":"MACHINE A LAVER 10.5KG NARDI 1400T\/VAP\/INV\/ SLIVER"}]},{"@type":"WebSite","@id":"https:\/\/i-confort.com\/#website","url":"https:\/\/i-confort.com\/","name":"I-CONFORT","description":"Site de vente en ligne","potentialAction":[{"@type":"SearchAction","target":{"@type":"EntryPoint","urlTemplate":"https:\/\/i-confort.com\/?s={search_term_string}"},"query-input":{"@type":"PropertyValueSpecification","valueRequired":true,"valueName":"search_term_string"}}],"inLanguage":"fr-FR"}]}},"brands":[{"id":438,"name":"Nardi","slug":"nardi"}],"_links":{"self":[{"href":"https:\/\/i-confort.com\/index.php?rest_route=\/wp\/v2\/product\/19529","targetHints":{"allow":["GET"]}}],"collection":[{"href":"https:\/\/i-confort.com\/index.php?rest_route=\/wp\/v2\/product"}],"about":[{"href":"https:\/\/i-confort.com\/index.php?rest_route=\/wp\/v2\/types\/product"}],"wp:featuredmedia":[{"embeddable":true,"href":"https:\/\/i-confort.com\/index.php?rest_route=\/wp\/v2\/media\/19520"}],"wp:attachment":[{"href":"https:\/\/i-confort.com\/index.php?rest_route=%2Fwp%2Fv2%2Fmedia&parent=19529"}],"wp:term":[{"taxonomy":"pwb-brand","embeddable":true,"href":"https:\/\/i-confort.com\/index.php?rest_route=%2Fwp%2Fv2%2Fpwb-brand&post=19529"},{"taxonomy":"product_brand","embeddable":true,"href":"https:\/\/i-confort.com\/index.php?rest_route=%2Fwp%2Fv2%2Fproduct_brand&post=19529"},{"taxonomy":"product_cat","embeddable":true,"href":"https:\/\/i-confort.com\/index.php?rest_route=%2Fwp%2Fv2%2Fproduct_cat&post=19529"},{"taxonomy":"product_tag","embeddable":true,"href":"https:\/\/i-confort.com\/index.php?rest_route=%2Fwp%2Fv2%2Fproduct_tag&post=19529"}],"curies":[{"name":"wp","href":"https:\/\/api.w.org\/{rel}","templated":true}]}}