{"id":19556,"date":"2024-04-30T14:50:10","date_gmt":"2024-04-30T14:50:10","guid":{"rendered":"https:\/\/i-confort.com\/?product=machine-a-laver-condor-auto-luca-blanche-8kg"},"modified":"2024-04-30T14:50:11","modified_gmt":"2024-04-30T14:50:11","slug":"machine-a-laver-condor-auto-luca-blanche-8kg","status":"publish","type":"product","link":"https:\/\/i-confort.com\/?product=machine-a-laver-condor-auto-luca-blanche-8kg","title":{"rendered":"MACHINE A LAVER CONDOR AUTO LUCA \/ BLANCHE 8KG"},"content":{"rendered":"<p><span>Avec une capacit\u00e9 de 8 kg, la machine \u00e0 laver CONDOR LUCA Frontal r\u00e9pond de mani\u00e8re fiable \u00e0 vos besoins en mati\u00e8re de lavage. Offrant une vitesse d\u2019essorage de 1400 tr\/min, elle assure un nettoyage rapide avec ses programmes de 15 minutes, 45 minutes et 15 cycles diff\u00e9rents. Son design frontal pratique s\u2019adapte parfaitement \u00e0 tout espace buanderie, offrant une int\u00e9gration harmonieuse.<\/span><br data-mce-bogus=\"1\"><\/p>\n","protected":false},"excerpt":{"rendered":"<p>MACHINE A LAVER CONDOR AUTO LUCA \/ BLANCHE 8KG<br data-mce-bogus=\"1\"><\/p>\n","protected":false},"featured_media":19555,"template":"","meta":{"_coblocks_attr":"","_coblocks_dimensions":"","_coblocks_responsive_height":"","_coblocks_accordion_ie_support":""},"pwb-brand":[395],"product_brand":[],"product_cat":[97,352],"product_tag":[],"class_list":{"0":"post-19556","1":"product","2":"type-product","3":"status-publish","4":"has-post-thumbnail","6":"pwb-brand-condor","7":"product_cat-electromenagers","8":"product_cat-machine-a-laver-et-cuisine","11":"first","12":"instock","13":"taxable","14":"shipping-taxable","15":"purchasable","16":"product-type-simple"},"yoast_head":"<!-- This site is optimized with the Yoast SEO plugin v27.4 - https:\/\/yoast.com\/product\/yoast-seo-wordpress\/ -->\n<title>MACHINE A LAVER CONDOR AUTO LUCA \/ BLANCHE 8KG - I-CONFORT<\/title>\n<meta name=\"robots\" content=\"index, follow, max-snippet:-1, max-image-preview:large, max-video-preview:-1\" \/>\n<link rel=\"canonical\" href=\"https:\/\/i-confort.com\/?product=machine-a-laver-condor-auto-luca-blanche-8kg\" \/>\n<meta property=\"og:locale\" content=\"fr_FR\" \/>\n<meta property=\"og:type\" content=\"article\" \/>\n<meta property=\"og:title\" content=\"MACHINE A LAVER CONDOR AUTO LUCA \/ BLANCHE 8KG - I-CONFORT\" \/>\n<meta property=\"og:description\" content=\"MACHINE A LAVER CONDOR AUTO LUCA \/ BLANCHE 8KG\" \/>\n<meta property=\"og:url\" content=\"https:\/\/i-confort.com\/?product=machine-a-laver-condor-auto-luca-blanche-8kg\" \/>\n<meta property=\"og:site_name\" content=\"I-CONFORT\" \/>\n<meta property=\"article:modified_time\" content=\"2024-04-30T14:50:11+00:00\" \/>\n<meta property=\"og:image\" content=\"https:\/\/i-confort.com\/wp-content\/uploads\/2024\/04\/MACHINE-A-LAVER-CONDOR-AUTO-LUCA-BLANCHE-8KG.jpg\" \/>\n\t<meta property=\"og:image:width\" content=\"1000\" \/>\n\t<meta property=\"og:image:height\" content=\"1000\" \/>\n\t<meta property=\"og:image:type\" content=\"image\/jpeg\" \/>\n<meta name=\"twitter:card\" content=\"summary_large_image\" \/>\n<script type=\"application\/ld+json\" class=\"yoast-schema-graph\">{\"@context\":\"https:\\\/\\\/schema.org\",\"@graph\":[{\"@type\":\"WebPage\",\"@id\":\"https:\\\/\\\/i-confort.com\\\/?product=machine-a-laver-condor-auto-luca-blanche-8kg\",\"url\":\"https:\\\/\\\/i-confort.com\\\/?product=machine-a-laver-condor-auto-luca-blanche-8kg\",\"name\":\"MACHINE A LAVER CONDOR AUTO LUCA \\\/ BLANCHE 8KG - I-CONFORT\",\"isPartOf\":{\"@id\":\"https:\\\/\\\/i-confort.com\\\/#website\"},\"primaryImageOfPage\":{\"@id\":\"https:\\\/\\\/i-confort.com\\\/?product=machine-a-laver-condor-auto-luca-blanche-8kg#primaryimage\"},\"image\":{\"@id\":\"https:\\\/\\\/i-confort.com\\\/?product=machine-a-laver-condor-auto-luca-blanche-8kg#primaryimage\"},\"thumbnailUrl\":\"https:\\\/\\\/i-confort.com\\\/wp-content\\\/uploads\\\/2024\\\/04\\\/MACHINE-A-LAVER-CONDOR-AUTO-LUCA-BLANCHE-8KG.jpg\",\"datePublished\":\"2024-04-30T14:50:10+00:00\",\"dateModified\":\"2024-04-30T14:50:11+00:00\",\"breadcrumb\":{\"@id\":\"https:\\\/\\\/i-confort.com\\\/?product=machine-a-laver-condor-auto-luca-blanche-8kg#breadcrumb\"},\"inLanguage\":\"fr-FR\",\"potentialAction\":[{\"@type\":\"ReadAction\",\"target\":[\"https:\\\/\\\/i-confort.com\\\/?product=machine-a-laver-condor-auto-luca-blanche-8kg\"]}]},{\"@type\":\"ImageObject\",\"inLanguage\":\"fr-FR\",\"@id\":\"https:\\\/\\\/i-confort.com\\\/?product=machine-a-laver-condor-auto-luca-blanche-8kg#primaryimage\",\"url\":\"https:\\\/\\\/i-confort.com\\\/wp-content\\\/uploads\\\/2024\\\/04\\\/MACHINE-A-LAVER-CONDOR-AUTO-LUCA-BLANCHE-8KG.jpg\",\"contentUrl\":\"https:\\\/\\\/i-confort.com\\\/wp-content\\\/uploads\\\/2024\\\/04\\\/MACHINE-A-LAVER-CONDOR-AUTO-LUCA-BLANCHE-8KG.jpg\",\"width\":1000,\"height\":1000},{\"@type\":\"BreadcrumbList\",\"@id\":\"https:\\\/\\\/i-confort.com\\\/?product=machine-a-laver-condor-auto-luca-blanche-8kg#breadcrumb\",\"itemListElement\":[{\"@type\":\"ListItem\",\"position\":1,\"name\":\"Home\",\"item\":\"https:\\\/\\\/i-confort.com\\\/\"},{\"@type\":\"ListItem\",\"position\":2,\"name\":\"Boutique\",\"item\":\"https:\\\/\\\/i-confort.com\\\/?page_id=7\"},{\"@type\":\"ListItem\",\"position\":3,\"name\":\"MACHINE A LAVER CONDOR AUTO LUCA \\\/ BLANCHE 8KG\"}]},{\"@type\":\"WebSite\",\"@id\":\"https:\\\/\\\/i-confort.com\\\/#website\",\"url\":\"https:\\\/\\\/i-confort.com\\\/\",\"name\":\"I-CONFORT\",\"description\":\"Site de vente en ligne\",\"potentialAction\":[{\"@type\":\"SearchAction\",\"target\":{\"@type\":\"EntryPoint\",\"urlTemplate\":\"https:\\\/\\\/i-confort.com\\\/?s={search_term_string}\"},\"query-input\":{\"@type\":\"PropertyValueSpecification\",\"valueRequired\":true,\"valueName\":\"search_term_string\"}}],\"inLanguage\":\"fr-FR\"}]}<\/script>\n<!-- \/ Yoast SEO plugin. -->","yoast_head_json":{"title":"MACHINE A LAVER CONDOR AUTO LUCA \/ BLANCHE 8KG - I-CONFORT","robots":{"index":"index","follow":"follow","max-snippet":"max-snippet:-1","max-image-preview":"max-image-preview:large","max-video-preview":"max-video-preview:-1"},"canonical":"https:\/\/i-confort.com\/?product=machine-a-laver-condor-auto-luca-blanche-8kg","og_locale":"fr_FR","og_type":"article","og_title":"MACHINE A LAVER CONDOR AUTO LUCA \/ BLANCHE 8KG - I-CONFORT","og_description":"MACHINE A LAVER CONDOR AUTO LUCA \/ BLANCHE 8KG","og_url":"https:\/\/i-confort.com\/?product=machine-a-laver-condor-auto-luca-blanche-8kg","og_site_name":"I-CONFORT","article_modified_time":"2024-04-30T14:50:11+00:00","og_image":[{"width":1000,"height":1000,"url":"https:\/\/i-confort.com\/wp-content\/uploads\/2024\/04\/MACHINE-A-LAVER-CONDOR-AUTO-LUCA-BLANCHE-8KG.jpg","type":"image\/jpeg"}],"twitter_card":"summary_large_image","schema":{"@context":"https:\/\/schema.org","@graph":[{"@type":"WebPage","@id":"https:\/\/i-confort.com\/?product=machine-a-laver-condor-auto-luca-blanche-8kg","url":"https:\/\/i-confort.com\/?product=machine-a-laver-condor-auto-luca-blanche-8kg","name":"MACHINE A LAVER CONDOR AUTO LUCA \/ BLANCHE 8KG - I-CONFORT","isPartOf":{"@id":"https:\/\/i-confort.com\/#website"},"primaryImageOfPage":{"@id":"https:\/\/i-confort.com\/?product=machine-a-laver-condor-auto-luca-blanche-8kg#primaryimage"},"image":{"@id":"https:\/\/i-confort.com\/?product=machine-a-laver-condor-auto-luca-blanche-8kg#primaryimage"},"thumbnailUrl":"https:\/\/i-confort.com\/wp-content\/uploads\/2024\/04\/MACHINE-A-LAVER-CONDOR-AUTO-LUCA-BLANCHE-8KG.jpg","datePublished":"2024-04-30T14:50:10+00:00","dateModified":"2024-04-30T14:50:11+00:00","breadcrumb":{"@id":"https:\/\/i-confort.com\/?product=machine-a-laver-condor-auto-luca-blanche-8kg#breadcrumb"},"inLanguage":"fr-FR","potentialAction":[{"@type":"ReadAction","target":["https:\/\/i-confort.com\/?product=machine-a-laver-condor-auto-luca-blanche-8kg"]}]},{"@type":"ImageObject","inLanguage":"fr-FR","@id":"https:\/\/i-confort.com\/?product=machine-a-laver-condor-auto-luca-blanche-8kg#primaryimage","url":"https:\/\/i-confort.com\/wp-content\/uploads\/2024\/04\/MACHINE-A-LAVER-CONDOR-AUTO-LUCA-BLANCHE-8KG.jpg","contentUrl":"https:\/\/i-confort.com\/wp-content\/uploads\/2024\/04\/MACHINE-A-LAVER-CONDOR-AUTO-LUCA-BLANCHE-8KG.jpg","width":1000,"height":1000},{"@type":"BreadcrumbList","@id":"https:\/\/i-confort.com\/?product=machine-a-laver-condor-auto-luca-blanche-8kg#breadcrumb","itemListElement":[{"@type":"ListItem","position":1,"name":"Home","item":"https:\/\/i-confort.com\/"},{"@type":"ListItem","position":2,"name":"Boutique","item":"https:\/\/i-confort.com\/?page_id=7"},{"@type":"ListItem","position":3,"name":"MACHINE A LAVER CONDOR AUTO LUCA \/ BLANCHE 8KG"}]},{"@type":"WebSite","@id":"https:\/\/i-confort.com\/#website","url":"https:\/\/i-confort.com\/","name":"I-CONFORT","description":"Site de vente en ligne","potentialAction":[{"@type":"SearchAction","target":{"@type":"EntryPoint","urlTemplate":"https:\/\/i-confort.com\/?s={search_term_string}"},"query-input":{"@type":"PropertyValueSpecification","valueRequired":true,"valueName":"search_term_string"}}],"inLanguage":"fr-FR"}]}},"brands":[{"id":395,"name":"Condor","slug":"condor"}],"_links":{"self":[{"href":"https:\/\/i-confort.com\/index.php?rest_route=\/wp\/v2\/product\/19556","targetHints":{"allow":["GET"]}}],"collection":[{"href":"https:\/\/i-confort.com\/index.php?rest_route=\/wp\/v2\/product"}],"about":[{"href":"https:\/\/i-confort.com\/index.php?rest_route=\/wp\/v2\/types\/product"}],"wp:featuredmedia":[{"embeddable":true,"href":"https:\/\/i-confort.com\/index.php?rest_route=\/wp\/v2\/media\/19555"}],"wp:attachment":[{"href":"https:\/\/i-confort.com\/index.php?rest_route=%2Fwp%2Fv2%2Fmedia&parent=19556"}],"wp:term":[{"taxonomy":"pwb-brand","embeddable":true,"href":"https:\/\/i-confort.com\/index.php?rest_route=%2Fwp%2Fv2%2Fpwb-brand&post=19556"},{"taxonomy":"product_brand","embeddable":true,"href":"https:\/\/i-confort.com\/index.php?rest_route=%2Fwp%2Fv2%2Fproduct_brand&post=19556"},{"taxonomy":"product_cat","embeddable":true,"href":"https:\/\/i-confort.com\/index.php?rest_route=%2Fwp%2Fv2%2Fproduct_cat&post=19556"},{"taxonomy":"product_tag","embeddable":true,"href":"https:\/\/i-confort.com\/index.php?rest_route=%2Fwp%2Fv2%2Fproduct_tag&post=19556"}],"curies":[{"name":"wp","href":"https:\/\/api.w.org\/{rel}","templated":true}]}}