{"id":19984,"date":"2024-05-08T09:25:03","date_gmt":"2024-05-08T09:25:03","guid":{"rendered":"https:\/\/i-confort.com\/?product=four-encas-nardi-52lt-gaz-elec-dig-black-glass"},"modified":"2024-05-08T09:25:03","modified_gmt":"2024-05-08T09:25:03","slug":"four-encas-nardi-52lt-gaz-elec-dig-black-glass","status":"publish","type":"product","link":"https:\/\/i-confort.com\/?product=four-encas-nardi-52lt-gaz-elec-dig-black-glass","title":{"rendered":"FOUR ENCAS NARDI 52LT GAZ\/ELEC DIG BLACK GLASS"},"content":{"rendered":"<p>Four \u00e0 gaz avec gril \u00e0 gaz &#8211; Minuterie &#8211; Contre-porte en verre facile \u00e0 d\u00e9monter &#8211; Cavit\u00e9 XL facile \u00e0 nettoyer &#8211; Allumage \u00e9lectronique &#8211; Soupape de s\u00e9curit\u00e9 \u2013 Porte double vitrage &#8211; Grilles lat\u00e9rales anti-basculement chrom\u00e9es &#8211; Ventilateur de refroidissement tangentiel &#8211; Classe A<\/p>\n","protected":false},"excerpt":{"rendered":"<p>FOUR ENCAS NARDI 52LT GAZ\/ELEC DIG BLACK GLASS<\/p>\n","protected":false},"featured_media":19982,"template":"","meta":{"_coblocks_attr":"","_coblocks_dimensions":"","_coblocks_responsive_height":"","_coblocks_accordion_ie_support":""},"pwb-brand":[438],"product_brand":[],"product_cat":[444],"product_tag":[],"class_list":{"0":"post-19984","1":"product","2":"type-product","3":"status-publish","4":"has-post-thumbnail","6":"pwb-brand-nardi","7":"product_cat-four","10":"first","11":"instock","12":"taxable","13":"shipping-taxable","14":"purchasable","15":"product-type-simple"},"yoast_head":"<!-- This site is optimized with the Yoast SEO plugin v27.4 - https:\/\/yoast.com\/product\/yoast-seo-wordpress\/ -->\n<title>FOUR ENCAS NARDI 52LT GAZ\/ELEC DIG BLACK GLASS - I-CONFORT<\/title>\n<meta name=\"robots\" content=\"index, follow, max-snippet:-1, max-image-preview:large, max-video-preview:-1\" \/>\n<link rel=\"canonical\" href=\"https:\/\/i-confort.com\/?product=four-encas-nardi-52lt-gaz-elec-dig-black-glass\" \/>\n<meta property=\"og:locale\" content=\"fr_FR\" \/>\n<meta property=\"og:type\" content=\"article\" \/>\n<meta property=\"og:title\" content=\"FOUR ENCAS NARDI 52LT GAZ\/ELEC DIG BLACK GLASS - I-CONFORT\" \/>\n<meta property=\"og:description\" content=\"FOUR ENCAS NARDI 52LT GAZ\/ELEC DIG BLACK GLASS\" \/>\n<meta property=\"og:url\" content=\"https:\/\/i-confort.com\/?product=four-encas-nardi-52lt-gaz-elec-dig-black-glass\" \/>\n<meta property=\"og:site_name\" content=\"I-CONFORT\" \/>\n<meta property=\"og:image\" content=\"https:\/\/i-confort.com\/wp-content\/uploads\/2024\/05\/FOUR-ENCAS-NARDI-52LT-GAZ-ELEC-DIG-BLACK-GLASS.jpeg\" \/>\n\t<meta property=\"og:image:width\" content=\"225\" \/>\n\t<meta property=\"og:image:height\" content=\"225\" \/>\n\t<meta property=\"og:image:type\" content=\"image\/jpeg\" \/>\n<meta name=\"twitter:card\" content=\"summary_large_image\" \/>\n<script type=\"application\/ld+json\" class=\"yoast-schema-graph\">{\"@context\":\"https:\\\/\\\/schema.org\",\"@graph\":[{\"@type\":\"WebPage\",\"@id\":\"https:\\\/\\\/i-confort.com\\\/?product=four-encas-nardi-52lt-gaz-elec-dig-black-glass\",\"url\":\"https:\\\/\\\/i-confort.com\\\/?product=four-encas-nardi-52lt-gaz-elec-dig-black-glass\",\"name\":\"FOUR ENCAS NARDI 52LT GAZ\\\/ELEC DIG BLACK GLASS - I-CONFORT\",\"isPartOf\":{\"@id\":\"https:\\\/\\\/i-confort.com\\\/#website\"},\"primaryImageOfPage\":{\"@id\":\"https:\\\/\\\/i-confort.com\\\/?product=four-encas-nardi-52lt-gaz-elec-dig-black-glass#primaryimage\"},\"image\":{\"@id\":\"https:\\\/\\\/i-confort.com\\\/?product=four-encas-nardi-52lt-gaz-elec-dig-black-glass#primaryimage\"},\"thumbnailUrl\":\"https:\\\/\\\/i-confort.com\\\/wp-content\\\/uploads\\\/2024\\\/05\\\/FOUR-ENCAS-NARDI-52LT-GAZ-ELEC-DIG-BLACK-GLASS.jpeg\",\"datePublished\":\"2024-05-08T09:25:03+00:00\",\"breadcrumb\":{\"@id\":\"https:\\\/\\\/i-confort.com\\\/?product=four-encas-nardi-52lt-gaz-elec-dig-black-glass#breadcrumb\"},\"inLanguage\":\"fr-FR\",\"potentialAction\":[{\"@type\":\"ReadAction\",\"target\":[\"https:\\\/\\\/i-confort.com\\\/?product=four-encas-nardi-52lt-gaz-elec-dig-black-glass\"]}]},{\"@type\":\"ImageObject\",\"inLanguage\":\"fr-FR\",\"@id\":\"https:\\\/\\\/i-confort.com\\\/?product=four-encas-nardi-52lt-gaz-elec-dig-black-glass#primaryimage\",\"url\":\"https:\\\/\\\/i-confort.com\\\/wp-content\\\/uploads\\\/2024\\\/05\\\/FOUR-ENCAS-NARDI-52LT-GAZ-ELEC-DIG-BLACK-GLASS.jpeg\",\"contentUrl\":\"https:\\\/\\\/i-confort.com\\\/wp-content\\\/uploads\\\/2024\\\/05\\\/FOUR-ENCAS-NARDI-52LT-GAZ-ELEC-DIG-BLACK-GLASS.jpeg\",\"width\":225,\"height\":225},{\"@type\":\"BreadcrumbList\",\"@id\":\"https:\\\/\\\/i-confort.com\\\/?product=four-encas-nardi-52lt-gaz-elec-dig-black-glass#breadcrumb\",\"itemListElement\":[{\"@type\":\"ListItem\",\"position\":1,\"name\":\"Home\",\"item\":\"https:\\\/\\\/i-confort.com\\\/\"},{\"@type\":\"ListItem\",\"position\":2,\"name\":\"Boutique\",\"item\":\"https:\\\/\\\/i-confort.com\\\/?page_id=7\"},{\"@type\":\"ListItem\",\"position\":3,\"name\":\"FOUR ENCAS NARDI 52LT GAZ\\\/ELEC DIG BLACK GLASS\"}]},{\"@type\":\"WebSite\",\"@id\":\"https:\\\/\\\/i-confort.com\\\/#website\",\"url\":\"https:\\\/\\\/i-confort.com\\\/\",\"name\":\"I-CONFORT\",\"description\":\"Site de vente en ligne\",\"potentialAction\":[{\"@type\":\"SearchAction\",\"target\":{\"@type\":\"EntryPoint\",\"urlTemplate\":\"https:\\\/\\\/i-confort.com\\\/?s={search_term_string}\"},\"query-input\":{\"@type\":\"PropertyValueSpecification\",\"valueRequired\":true,\"valueName\":\"search_term_string\"}}],\"inLanguage\":\"fr-FR\"}]}<\/script>\n<!-- \/ Yoast SEO plugin. -->","yoast_head_json":{"title":"FOUR ENCAS NARDI 52LT GAZ\/ELEC DIG BLACK GLASS - I-CONFORT","robots":{"index":"index","follow":"follow","max-snippet":"max-snippet:-1","max-image-preview":"max-image-preview:large","max-video-preview":"max-video-preview:-1"},"canonical":"https:\/\/i-confort.com\/?product=four-encas-nardi-52lt-gaz-elec-dig-black-glass","og_locale":"fr_FR","og_type":"article","og_title":"FOUR ENCAS NARDI 52LT GAZ\/ELEC DIG BLACK GLASS - I-CONFORT","og_description":"FOUR ENCAS NARDI 52LT GAZ\/ELEC DIG BLACK GLASS","og_url":"https:\/\/i-confort.com\/?product=four-encas-nardi-52lt-gaz-elec-dig-black-glass","og_site_name":"I-CONFORT","og_image":[{"width":225,"height":225,"url":"https:\/\/i-confort.com\/wp-content\/uploads\/2024\/05\/FOUR-ENCAS-NARDI-52LT-GAZ-ELEC-DIG-BLACK-GLASS.jpeg","type":"image\/jpeg"}],"twitter_card":"summary_large_image","schema":{"@context":"https:\/\/schema.org","@graph":[{"@type":"WebPage","@id":"https:\/\/i-confort.com\/?product=four-encas-nardi-52lt-gaz-elec-dig-black-glass","url":"https:\/\/i-confort.com\/?product=four-encas-nardi-52lt-gaz-elec-dig-black-glass","name":"FOUR ENCAS NARDI 52LT GAZ\/ELEC DIG BLACK GLASS - I-CONFORT","isPartOf":{"@id":"https:\/\/i-confort.com\/#website"},"primaryImageOfPage":{"@id":"https:\/\/i-confort.com\/?product=four-encas-nardi-52lt-gaz-elec-dig-black-glass#primaryimage"},"image":{"@id":"https:\/\/i-confort.com\/?product=four-encas-nardi-52lt-gaz-elec-dig-black-glass#primaryimage"},"thumbnailUrl":"https:\/\/i-confort.com\/wp-content\/uploads\/2024\/05\/FOUR-ENCAS-NARDI-52LT-GAZ-ELEC-DIG-BLACK-GLASS.jpeg","datePublished":"2024-05-08T09:25:03+00:00","breadcrumb":{"@id":"https:\/\/i-confort.com\/?product=four-encas-nardi-52lt-gaz-elec-dig-black-glass#breadcrumb"},"inLanguage":"fr-FR","potentialAction":[{"@type":"ReadAction","target":["https:\/\/i-confort.com\/?product=four-encas-nardi-52lt-gaz-elec-dig-black-glass"]}]},{"@type":"ImageObject","inLanguage":"fr-FR","@id":"https:\/\/i-confort.com\/?product=four-encas-nardi-52lt-gaz-elec-dig-black-glass#primaryimage","url":"https:\/\/i-confort.com\/wp-content\/uploads\/2024\/05\/FOUR-ENCAS-NARDI-52LT-GAZ-ELEC-DIG-BLACK-GLASS.jpeg","contentUrl":"https:\/\/i-confort.com\/wp-content\/uploads\/2024\/05\/FOUR-ENCAS-NARDI-52LT-GAZ-ELEC-DIG-BLACK-GLASS.jpeg","width":225,"height":225},{"@type":"BreadcrumbList","@id":"https:\/\/i-confort.com\/?product=four-encas-nardi-52lt-gaz-elec-dig-black-glass#breadcrumb","itemListElement":[{"@type":"ListItem","position":1,"name":"Home","item":"https:\/\/i-confort.com\/"},{"@type":"ListItem","position":2,"name":"Boutique","item":"https:\/\/i-confort.com\/?page_id=7"},{"@type":"ListItem","position":3,"name":"FOUR ENCAS NARDI 52LT GAZ\/ELEC DIG BLACK GLASS"}]},{"@type":"WebSite","@id":"https:\/\/i-confort.com\/#website","url":"https:\/\/i-confort.com\/","name":"I-CONFORT","description":"Site de vente en ligne","potentialAction":[{"@type":"SearchAction","target":{"@type":"EntryPoint","urlTemplate":"https:\/\/i-confort.com\/?s={search_term_string}"},"query-input":{"@type":"PropertyValueSpecification","valueRequired":true,"valueName":"search_term_string"}}],"inLanguage":"fr-FR"}]}},"brands":[{"id":438,"name":"Nardi","slug":"nardi"}],"_links":{"self":[{"href":"https:\/\/i-confort.com\/index.php?rest_route=\/wp\/v2\/product\/19984","targetHints":{"allow":["GET"]}}],"collection":[{"href":"https:\/\/i-confort.com\/index.php?rest_route=\/wp\/v2\/product"}],"about":[{"href":"https:\/\/i-confort.com\/index.php?rest_route=\/wp\/v2\/types\/product"}],"wp:featuredmedia":[{"embeddable":true,"href":"https:\/\/i-confort.com\/index.php?rest_route=\/wp\/v2\/media\/19982"}],"wp:attachment":[{"href":"https:\/\/i-confort.com\/index.php?rest_route=%2Fwp%2Fv2%2Fmedia&parent=19984"}],"wp:term":[{"taxonomy":"pwb-brand","embeddable":true,"href":"https:\/\/i-confort.com\/index.php?rest_route=%2Fwp%2Fv2%2Fpwb-brand&post=19984"},{"taxonomy":"product_brand","embeddable":true,"href":"https:\/\/i-confort.com\/index.php?rest_route=%2Fwp%2Fv2%2Fproduct_brand&post=19984"},{"taxonomy":"product_cat","embeddable":true,"href":"https:\/\/i-confort.com\/index.php?rest_route=%2Fwp%2Fv2%2Fproduct_cat&post=19984"},{"taxonomy":"product_tag","embeddable":true,"href":"https:\/\/i-confort.com\/index.php?rest_route=%2Fwp%2Fv2%2Fproduct_tag&post=19984"}],"curies":[{"name":"wp","href":"https:\/\/api.w.org\/{rel}","templated":true}]}}