{"id":19985,"date":"2024-05-08T09:41:39","date_gmt":"2024-05-08T09:41:39","guid":{"rendered":"https:\/\/i-confort.com\/?product=four-encas-nardi-52lt-gaz-gaz-dig-inox"},"modified":"2024-05-08T09:41:39","modified_gmt":"2024-05-08T09:41:39","slug":"four-encas-nardi-52lt-gaz-gaz-dig-inox","status":"publish","type":"product","link":"https:\/\/i-confort.com\/?product=four-encas-nardi-52lt-gaz-gaz-dig-inox","title":{"rendered":"FOUR ENCAS NARDI 52LT GAZ\/GAZ DIG INOX"},"content":{"rendered":"<p>four encastrable NARDI de 60 cm Gaz-Gaz Noir, une solution polyvalente pour votre cuisine! Dot\u00e9 d\u2019une ventilation, d\u2019un tourne-broche et d\u2019une minuterie digitale, ce four vous permet de cuisiner avec pr\u00e9cision et efficacit\u00e9. Sa cavit\u00e9 spacieuse de 52L offre suffisamment d\u2019espace pour toutes vos pr\u00e9parations culinaires. Le syst\u00e8me de nettoyage par catalyse simplifie l\u2019entretien, tandis que le double vitrage de la porte assure une isolation thermique optimale. Profitez de la tranquillit\u00e9 d\u2019esprit et des performances exceptionnelles offertes par ce four encastrable NARDI.<\/p>\n","protected":false},"excerpt":{"rendered":"<p>FOUR ENCAS NARDI 52LT GAZ\/GAZ DIG INOX<\/p>\n","protected":false},"featured_media":19983,"template":"","meta":{"_coblocks_attr":"","_coblocks_dimensions":"","_coblocks_responsive_height":"","_coblocks_accordion_ie_support":""},"pwb-brand":[438],"product_brand":[],"product_cat":[444],"product_tag":[],"class_list":{"0":"post-19985","1":"product","2":"type-product","3":"status-publish","4":"has-post-thumbnail","6":"pwb-brand-nardi","7":"product_cat-four","10":"first","11":"instock","12":"taxable","13":"shipping-taxable","14":"purchasable","15":"product-type-simple"},"yoast_head":"<!-- This site is optimized with the Yoast SEO plugin v27.4 - https:\/\/yoast.com\/product\/yoast-seo-wordpress\/ -->\n<title>FOUR ENCAS NARDI 52LT GAZ\/GAZ DIG INOX - I-CONFORT<\/title>\n<meta name=\"robots\" content=\"index, follow, max-snippet:-1, max-image-preview:large, max-video-preview:-1\" \/>\n<link rel=\"canonical\" href=\"https:\/\/i-confort.com\/?product=four-encas-nardi-52lt-gaz-gaz-dig-inox\" \/>\n<meta property=\"og:locale\" content=\"fr_FR\" \/>\n<meta property=\"og:type\" content=\"article\" \/>\n<meta property=\"og:title\" content=\"FOUR ENCAS NARDI 52LT GAZ\/GAZ DIG INOX - I-CONFORT\" \/>\n<meta property=\"og:description\" content=\"FOUR ENCAS NARDI 52LT GAZ\/GAZ DIG INOX\" \/>\n<meta property=\"og:url\" content=\"https:\/\/i-confort.com\/?product=four-encas-nardi-52lt-gaz-gaz-dig-inox\" \/>\n<meta property=\"og:site_name\" content=\"I-CONFORT\" \/>\n<meta property=\"og:image\" content=\"https:\/\/i-confort.com\/wp-content\/uploads\/2024\/05\/FOUR-ENCAS-NARDI-52LT-GAZ-ELEC-DIG-BLACK-GLASS1.webp\" \/>\n\t<meta property=\"og:image:width\" content=\"782\" \/>\n\t<meta property=\"og:image:height\" content=\"763\" \/>\n\t<meta property=\"og:image:type\" content=\"image\/webp\" \/>\n<meta name=\"twitter:card\" content=\"summary_large_image\" \/>\n<script type=\"application\/ld+json\" class=\"yoast-schema-graph\">{\"@context\":\"https:\\\/\\\/schema.org\",\"@graph\":[{\"@type\":\"WebPage\",\"@id\":\"https:\\\/\\\/i-confort.com\\\/?product=four-encas-nardi-52lt-gaz-gaz-dig-inox\",\"url\":\"https:\\\/\\\/i-confort.com\\\/?product=four-encas-nardi-52lt-gaz-gaz-dig-inox\",\"name\":\"FOUR ENCAS NARDI 52LT GAZ\\\/GAZ DIG INOX - I-CONFORT\",\"isPartOf\":{\"@id\":\"https:\\\/\\\/i-confort.com\\\/#website\"},\"primaryImageOfPage\":{\"@id\":\"https:\\\/\\\/i-confort.com\\\/?product=four-encas-nardi-52lt-gaz-gaz-dig-inox#primaryimage\"},\"image\":{\"@id\":\"https:\\\/\\\/i-confort.com\\\/?product=four-encas-nardi-52lt-gaz-gaz-dig-inox#primaryimage\"},\"thumbnailUrl\":\"https:\\\/\\\/i-confort.com\\\/wp-content\\\/uploads\\\/2024\\\/05\\\/FOUR-ENCAS-NARDI-52LT-GAZ-ELEC-DIG-BLACK-GLASS1.webp\",\"datePublished\":\"2024-05-08T09:41:39+00:00\",\"breadcrumb\":{\"@id\":\"https:\\\/\\\/i-confort.com\\\/?product=four-encas-nardi-52lt-gaz-gaz-dig-inox#breadcrumb\"},\"inLanguage\":\"fr-FR\",\"potentialAction\":[{\"@type\":\"ReadAction\",\"target\":[\"https:\\\/\\\/i-confort.com\\\/?product=four-encas-nardi-52lt-gaz-gaz-dig-inox\"]}]},{\"@type\":\"ImageObject\",\"inLanguage\":\"fr-FR\",\"@id\":\"https:\\\/\\\/i-confort.com\\\/?product=four-encas-nardi-52lt-gaz-gaz-dig-inox#primaryimage\",\"url\":\"https:\\\/\\\/i-confort.com\\\/wp-content\\\/uploads\\\/2024\\\/05\\\/FOUR-ENCAS-NARDI-52LT-GAZ-ELEC-DIG-BLACK-GLASS1.webp\",\"contentUrl\":\"https:\\\/\\\/i-confort.com\\\/wp-content\\\/uploads\\\/2024\\\/05\\\/FOUR-ENCAS-NARDI-52LT-GAZ-ELEC-DIG-BLACK-GLASS1.webp\",\"width\":782,\"height\":763},{\"@type\":\"BreadcrumbList\",\"@id\":\"https:\\\/\\\/i-confort.com\\\/?product=four-encas-nardi-52lt-gaz-gaz-dig-inox#breadcrumb\",\"itemListElement\":[{\"@type\":\"ListItem\",\"position\":1,\"name\":\"Home\",\"item\":\"https:\\\/\\\/i-confort.com\\\/\"},{\"@type\":\"ListItem\",\"position\":2,\"name\":\"Boutique\",\"item\":\"https:\\\/\\\/i-confort.com\\\/?page_id=7\"},{\"@type\":\"ListItem\",\"position\":3,\"name\":\"FOUR ENCAS NARDI 52LT GAZ\\\/GAZ DIG INOX\"}]},{\"@type\":\"WebSite\",\"@id\":\"https:\\\/\\\/i-confort.com\\\/#website\",\"url\":\"https:\\\/\\\/i-confort.com\\\/\",\"name\":\"I-CONFORT\",\"description\":\"Site de vente en ligne\",\"potentialAction\":[{\"@type\":\"SearchAction\",\"target\":{\"@type\":\"EntryPoint\",\"urlTemplate\":\"https:\\\/\\\/i-confort.com\\\/?s={search_term_string}\"},\"query-input\":{\"@type\":\"PropertyValueSpecification\",\"valueRequired\":true,\"valueName\":\"search_term_string\"}}],\"inLanguage\":\"fr-FR\"}]}<\/script>\n<!-- \/ Yoast SEO plugin. -->","yoast_head_json":{"title":"FOUR ENCAS NARDI 52LT GAZ\/GAZ DIG INOX - I-CONFORT","robots":{"index":"index","follow":"follow","max-snippet":"max-snippet:-1","max-image-preview":"max-image-preview:large","max-video-preview":"max-video-preview:-1"},"canonical":"https:\/\/i-confort.com\/?product=four-encas-nardi-52lt-gaz-gaz-dig-inox","og_locale":"fr_FR","og_type":"article","og_title":"FOUR ENCAS NARDI 52LT GAZ\/GAZ DIG INOX - I-CONFORT","og_description":"FOUR ENCAS NARDI 52LT GAZ\/GAZ DIG INOX","og_url":"https:\/\/i-confort.com\/?product=four-encas-nardi-52lt-gaz-gaz-dig-inox","og_site_name":"I-CONFORT","og_image":[{"width":782,"height":763,"url":"https:\/\/i-confort.com\/wp-content\/uploads\/2024\/05\/FOUR-ENCAS-NARDI-52LT-GAZ-ELEC-DIG-BLACK-GLASS1.webp","type":"image\/webp"}],"twitter_card":"summary_large_image","schema":{"@context":"https:\/\/schema.org","@graph":[{"@type":"WebPage","@id":"https:\/\/i-confort.com\/?product=four-encas-nardi-52lt-gaz-gaz-dig-inox","url":"https:\/\/i-confort.com\/?product=four-encas-nardi-52lt-gaz-gaz-dig-inox","name":"FOUR ENCAS NARDI 52LT GAZ\/GAZ DIG INOX - I-CONFORT","isPartOf":{"@id":"https:\/\/i-confort.com\/#website"},"primaryImageOfPage":{"@id":"https:\/\/i-confort.com\/?product=four-encas-nardi-52lt-gaz-gaz-dig-inox#primaryimage"},"image":{"@id":"https:\/\/i-confort.com\/?product=four-encas-nardi-52lt-gaz-gaz-dig-inox#primaryimage"},"thumbnailUrl":"https:\/\/i-confort.com\/wp-content\/uploads\/2024\/05\/FOUR-ENCAS-NARDI-52LT-GAZ-ELEC-DIG-BLACK-GLASS1.webp","datePublished":"2024-05-08T09:41:39+00:00","breadcrumb":{"@id":"https:\/\/i-confort.com\/?product=four-encas-nardi-52lt-gaz-gaz-dig-inox#breadcrumb"},"inLanguage":"fr-FR","potentialAction":[{"@type":"ReadAction","target":["https:\/\/i-confort.com\/?product=four-encas-nardi-52lt-gaz-gaz-dig-inox"]}]},{"@type":"ImageObject","inLanguage":"fr-FR","@id":"https:\/\/i-confort.com\/?product=four-encas-nardi-52lt-gaz-gaz-dig-inox#primaryimage","url":"https:\/\/i-confort.com\/wp-content\/uploads\/2024\/05\/FOUR-ENCAS-NARDI-52LT-GAZ-ELEC-DIG-BLACK-GLASS1.webp","contentUrl":"https:\/\/i-confort.com\/wp-content\/uploads\/2024\/05\/FOUR-ENCAS-NARDI-52LT-GAZ-ELEC-DIG-BLACK-GLASS1.webp","width":782,"height":763},{"@type":"BreadcrumbList","@id":"https:\/\/i-confort.com\/?product=four-encas-nardi-52lt-gaz-gaz-dig-inox#breadcrumb","itemListElement":[{"@type":"ListItem","position":1,"name":"Home","item":"https:\/\/i-confort.com\/"},{"@type":"ListItem","position":2,"name":"Boutique","item":"https:\/\/i-confort.com\/?page_id=7"},{"@type":"ListItem","position":3,"name":"FOUR ENCAS NARDI 52LT GAZ\/GAZ DIG INOX"}]},{"@type":"WebSite","@id":"https:\/\/i-confort.com\/#website","url":"https:\/\/i-confort.com\/","name":"I-CONFORT","description":"Site de vente en ligne","potentialAction":[{"@type":"SearchAction","target":{"@type":"EntryPoint","urlTemplate":"https:\/\/i-confort.com\/?s={search_term_string}"},"query-input":{"@type":"PropertyValueSpecification","valueRequired":true,"valueName":"search_term_string"}}],"inLanguage":"fr-FR"}]}},"brands":[{"id":438,"name":"Nardi","slug":"nardi"}],"_links":{"self":[{"href":"https:\/\/i-confort.com\/index.php?rest_route=\/wp\/v2\/product\/19985","targetHints":{"allow":["GET"]}}],"collection":[{"href":"https:\/\/i-confort.com\/index.php?rest_route=\/wp\/v2\/product"}],"about":[{"href":"https:\/\/i-confort.com\/index.php?rest_route=\/wp\/v2\/types\/product"}],"wp:featuredmedia":[{"embeddable":true,"href":"https:\/\/i-confort.com\/index.php?rest_route=\/wp\/v2\/media\/19983"}],"wp:attachment":[{"href":"https:\/\/i-confort.com\/index.php?rest_route=%2Fwp%2Fv2%2Fmedia&parent=19985"}],"wp:term":[{"taxonomy":"pwb-brand","embeddable":true,"href":"https:\/\/i-confort.com\/index.php?rest_route=%2Fwp%2Fv2%2Fpwb-brand&post=19985"},{"taxonomy":"product_brand","embeddable":true,"href":"https:\/\/i-confort.com\/index.php?rest_route=%2Fwp%2Fv2%2Fproduct_brand&post=19985"},{"taxonomy":"product_cat","embeddable":true,"href":"https:\/\/i-confort.com\/index.php?rest_route=%2Fwp%2Fv2%2Fproduct_cat&post=19985"},{"taxonomy":"product_tag","embeddable":true,"href":"https:\/\/i-confort.com\/index.php?rest_route=%2Fwp%2Fv2%2Fproduct_tag&post=19985"}],"curies":[{"name":"wp","href":"https:\/\/api.w.org\/{rel}","templated":true}]}}