{"id":20238,"date":"2024-05-14T10:10:21","date_gmt":"2024-05-14T10:10:21","guid":{"rendered":"https:\/\/i-confort.com\/?product=remington-800wat-as7300"},"modified":"2024-05-14T10:10:22","modified_gmt":"2024-05-14T10:10:22","slug":"remington-800wat-as7300","status":"publish","type":"product","link":"https:\/\/i-confort.com\/?product=remington-800wat-as7300","title":{"rendered":"Remington 800wat as7300"},"content":{"rendered":"<p>La brosse soufflante AS7300 comprend trois accessoires interchangeables sp\u00e9cialement con\u00e7us pour modeler et coiffer en douceur les cheveux courts et mi-longs :<\/p>\n<p>Brosse \u00e0 poils mixtes de 25mm rev\u00eatement en c\u00e9ramique<br \/>\nPermet de cr\u00e9er des boucles plus petites et d\u00e9finies sur des cheveux courts et mi-longs<br \/>\nBrosse \u00e0 poils souples de 38mm rev\u00eatement c\u00e9ramique<br \/>\nVous voulez adopter un look \u00a0\u00bb cheveux volumineux\u00a0\u00bb ? Passez \u00e0 la brosse \u00e0 poils mixtes de 38 mm pour obtenir plus de volume et de rebond. Elle est \u00e9galement id\u00e9ale pour cr\u00e9er des boucles l\u00e2ches et modeler d\u00e9licatement les pointes de vos cheveux.<br \/>\nConcentrateur de s\u00e9chage<br \/>\nPr\u00e9parez vos cheveux pour le coiffage ou cr\u00e9ez une finition lisse \u00e0 l&rsquo;aide du concentrateur de s\u00e9chage.<\/p>\n","protected":false},"excerpt":{"rendered":"<p>Remington 800wat as7300<\/p>\n","protected":false},"featured_media":20237,"template":"","meta":{"_coblocks_attr":"","_coblocks_dimensions":"","_coblocks_responsive_height":"","_coblocks_accordion_ie_support":""},"pwb-brand":[413],"product_brand":[],"product_cat":[362],"product_tag":[],"class_list":{"0":"post-20238","1":"product","2":"type-product","3":"status-publish","4":"has-post-thumbnail","6":"pwb-brand-remington","7":"product_cat-seche-cheveux-et-lisseur","10":"first","11":"instock","12":"taxable","13":"shipping-taxable","14":"purchasable","15":"product-type-simple"},"yoast_head":"<!-- This site is optimized with the Yoast SEO plugin v27.4 - https:\/\/yoast.com\/product\/yoast-seo-wordpress\/ -->\n<title>Remington 800wat as7300 - I-CONFORT<\/title>\n<meta name=\"robots\" content=\"index, follow, max-snippet:-1, max-image-preview:large, max-video-preview:-1\" \/>\n<link rel=\"canonical\" href=\"https:\/\/i-confort.com\/?product=remington-800wat-as7300\" \/>\n<meta property=\"og:locale\" content=\"fr_FR\" \/>\n<meta property=\"og:type\" content=\"article\" \/>\n<meta property=\"og:title\" content=\"Remington 800wat as7300 - I-CONFORT\" \/>\n<meta property=\"og:description\" content=\"Remington 800wat as7300\" \/>\n<meta property=\"og:url\" content=\"https:\/\/i-confort.com\/?product=remington-800wat-as7300\" \/>\n<meta property=\"og:site_name\" content=\"I-CONFORT\" \/>\n<meta property=\"article:modified_time\" content=\"2024-05-14T10:10:22+00:00\" \/>\n<meta property=\"og:image\" content=\"https:\/\/i-confort.com\/wp-content\/uploads\/2024\/05\/Remington-800wat-as7300.jpg\" \/>\n\t<meta property=\"og:image:width\" content=\"894\" \/>\n\t<meta property=\"og:image:height\" content=\"795\" \/>\n\t<meta property=\"og:image:type\" content=\"image\/jpeg\" \/>\n<meta name=\"twitter:card\" content=\"summary_large_image\" \/>\n<meta name=\"twitter:label1\" content=\"Dur\u00e9e de lecture estim\u00e9e\" \/>\n\t<meta name=\"twitter:data1\" content=\"1 minute\" \/>\n<script type=\"application\/ld+json\" class=\"yoast-schema-graph\">{\"@context\":\"https:\\\/\\\/schema.org\",\"@graph\":[{\"@type\":\"WebPage\",\"@id\":\"https:\\\/\\\/i-confort.com\\\/?product=remington-800wat-as7300\",\"url\":\"https:\\\/\\\/i-confort.com\\\/?product=remington-800wat-as7300\",\"name\":\"Remington 800wat as7300 - I-CONFORT\",\"isPartOf\":{\"@id\":\"https:\\\/\\\/i-confort.com\\\/#website\"},\"primaryImageOfPage\":{\"@id\":\"https:\\\/\\\/i-confort.com\\\/?product=remington-800wat-as7300#primaryimage\"},\"image\":{\"@id\":\"https:\\\/\\\/i-confort.com\\\/?product=remington-800wat-as7300#primaryimage\"},\"thumbnailUrl\":\"https:\\\/\\\/i-confort.com\\\/wp-content\\\/uploads\\\/2024\\\/05\\\/Remington-800wat-as7300.jpg\",\"datePublished\":\"2024-05-14T10:10:21+00:00\",\"dateModified\":\"2024-05-14T10:10:22+00:00\",\"breadcrumb\":{\"@id\":\"https:\\\/\\\/i-confort.com\\\/?product=remington-800wat-as7300#breadcrumb\"},\"inLanguage\":\"fr-FR\",\"potentialAction\":[{\"@type\":\"ReadAction\",\"target\":[\"https:\\\/\\\/i-confort.com\\\/?product=remington-800wat-as7300\"]}]},{\"@type\":\"ImageObject\",\"inLanguage\":\"fr-FR\",\"@id\":\"https:\\\/\\\/i-confort.com\\\/?product=remington-800wat-as7300#primaryimage\",\"url\":\"https:\\\/\\\/i-confort.com\\\/wp-content\\\/uploads\\\/2024\\\/05\\\/Remington-800wat-as7300.jpg\",\"contentUrl\":\"https:\\\/\\\/i-confort.com\\\/wp-content\\\/uploads\\\/2024\\\/05\\\/Remington-800wat-as7300.jpg\",\"width\":894,\"height\":795},{\"@type\":\"BreadcrumbList\",\"@id\":\"https:\\\/\\\/i-confort.com\\\/?product=remington-800wat-as7300#breadcrumb\",\"itemListElement\":[{\"@type\":\"ListItem\",\"position\":1,\"name\":\"Home\",\"item\":\"https:\\\/\\\/i-confort.com\\\/\"},{\"@type\":\"ListItem\",\"position\":2,\"name\":\"Boutique\",\"item\":\"https:\\\/\\\/i-confort.com\\\/?page_id=7\"},{\"@type\":\"ListItem\",\"position\":3,\"name\":\"Remington 800wat as7300\"}]},{\"@type\":\"WebSite\",\"@id\":\"https:\\\/\\\/i-confort.com\\\/#website\",\"url\":\"https:\\\/\\\/i-confort.com\\\/\",\"name\":\"I-CONFORT\",\"description\":\"Site de vente en ligne\",\"potentialAction\":[{\"@type\":\"SearchAction\",\"target\":{\"@type\":\"EntryPoint\",\"urlTemplate\":\"https:\\\/\\\/i-confort.com\\\/?s={search_term_string}\"},\"query-input\":{\"@type\":\"PropertyValueSpecification\",\"valueRequired\":true,\"valueName\":\"search_term_string\"}}],\"inLanguage\":\"fr-FR\"}]}<\/script>\n<!-- \/ Yoast SEO plugin. -->","yoast_head_json":{"title":"Remington 800wat as7300 - I-CONFORT","robots":{"index":"index","follow":"follow","max-snippet":"max-snippet:-1","max-image-preview":"max-image-preview:large","max-video-preview":"max-video-preview:-1"},"canonical":"https:\/\/i-confort.com\/?product=remington-800wat-as7300","og_locale":"fr_FR","og_type":"article","og_title":"Remington 800wat as7300 - I-CONFORT","og_description":"Remington 800wat as7300","og_url":"https:\/\/i-confort.com\/?product=remington-800wat-as7300","og_site_name":"I-CONFORT","article_modified_time":"2024-05-14T10:10:22+00:00","og_image":[{"width":894,"height":795,"url":"https:\/\/i-confort.com\/wp-content\/uploads\/2024\/05\/Remington-800wat-as7300.jpg","type":"image\/jpeg"}],"twitter_card":"summary_large_image","twitter_misc":{"Dur\u00e9e de lecture estim\u00e9e":"1 minute"},"schema":{"@context":"https:\/\/schema.org","@graph":[{"@type":"WebPage","@id":"https:\/\/i-confort.com\/?product=remington-800wat-as7300","url":"https:\/\/i-confort.com\/?product=remington-800wat-as7300","name":"Remington 800wat as7300 - I-CONFORT","isPartOf":{"@id":"https:\/\/i-confort.com\/#website"},"primaryImageOfPage":{"@id":"https:\/\/i-confort.com\/?product=remington-800wat-as7300#primaryimage"},"image":{"@id":"https:\/\/i-confort.com\/?product=remington-800wat-as7300#primaryimage"},"thumbnailUrl":"https:\/\/i-confort.com\/wp-content\/uploads\/2024\/05\/Remington-800wat-as7300.jpg","datePublished":"2024-05-14T10:10:21+00:00","dateModified":"2024-05-14T10:10:22+00:00","breadcrumb":{"@id":"https:\/\/i-confort.com\/?product=remington-800wat-as7300#breadcrumb"},"inLanguage":"fr-FR","potentialAction":[{"@type":"ReadAction","target":["https:\/\/i-confort.com\/?product=remington-800wat-as7300"]}]},{"@type":"ImageObject","inLanguage":"fr-FR","@id":"https:\/\/i-confort.com\/?product=remington-800wat-as7300#primaryimage","url":"https:\/\/i-confort.com\/wp-content\/uploads\/2024\/05\/Remington-800wat-as7300.jpg","contentUrl":"https:\/\/i-confort.com\/wp-content\/uploads\/2024\/05\/Remington-800wat-as7300.jpg","width":894,"height":795},{"@type":"BreadcrumbList","@id":"https:\/\/i-confort.com\/?product=remington-800wat-as7300#breadcrumb","itemListElement":[{"@type":"ListItem","position":1,"name":"Home","item":"https:\/\/i-confort.com\/"},{"@type":"ListItem","position":2,"name":"Boutique","item":"https:\/\/i-confort.com\/?page_id=7"},{"@type":"ListItem","position":3,"name":"Remington 800wat as7300"}]},{"@type":"WebSite","@id":"https:\/\/i-confort.com\/#website","url":"https:\/\/i-confort.com\/","name":"I-CONFORT","description":"Site de vente en ligne","potentialAction":[{"@type":"SearchAction","target":{"@type":"EntryPoint","urlTemplate":"https:\/\/i-confort.com\/?s={search_term_string}"},"query-input":{"@type":"PropertyValueSpecification","valueRequired":true,"valueName":"search_term_string"}}],"inLanguage":"fr-FR"}]}},"brands":[{"id":413,"name":"REMINGTON","slug":"remington"}],"_links":{"self":[{"href":"https:\/\/i-confort.com\/index.php?rest_route=\/wp\/v2\/product\/20238","targetHints":{"allow":["GET"]}}],"collection":[{"href":"https:\/\/i-confort.com\/index.php?rest_route=\/wp\/v2\/product"}],"about":[{"href":"https:\/\/i-confort.com\/index.php?rest_route=\/wp\/v2\/types\/product"}],"wp:featuredmedia":[{"embeddable":true,"href":"https:\/\/i-confort.com\/index.php?rest_route=\/wp\/v2\/media\/20237"}],"wp:attachment":[{"href":"https:\/\/i-confort.com\/index.php?rest_route=%2Fwp%2Fv2%2Fmedia&parent=20238"}],"wp:term":[{"taxonomy":"pwb-brand","embeddable":true,"href":"https:\/\/i-confort.com\/index.php?rest_route=%2Fwp%2Fv2%2Fpwb-brand&post=20238"},{"taxonomy":"product_brand","embeddable":true,"href":"https:\/\/i-confort.com\/index.php?rest_route=%2Fwp%2Fv2%2Fproduct_brand&post=20238"},{"taxonomy":"product_cat","embeddable":true,"href":"https:\/\/i-confort.com\/index.php?rest_route=%2Fwp%2Fv2%2Fproduct_cat&post=20238"},{"taxonomy":"product_tag","embeddable":true,"href":"https:\/\/i-confort.com\/index.php?rest_route=%2Fwp%2Fv2%2Fproduct_tag&post=20238"}],"curies":[{"name":"wp","href":"https:\/\/api.w.org\/{rel}","templated":true}]}}