{"id":20275,"date":"2024-05-15T15:45:41","date_gmt":"2024-05-15T15:45:41","guid":{"rendered":"https:\/\/i-confort.com\/?product=braun-beauty-set7-b21110"},"modified":"2025-01-09T12:37:28","modified_gmt":"2025-01-09T12:37:28","slug":"braun-beauty-set7-b21110","status":"publish","type":"product","link":"https:\/\/i-confort.com\/?product=braun-beauty-set7-b21110","title":{"rendered":"BRAUN BEAUTY SET7 B21110"},"content":{"rendered":"<p>Epilateur humide et sec + horloge Braun SE7521 + WATCHBraun Silk-epil 7 \u00e9pilateur humide et sec<br \/>Les plumes \u00e0 volants courts sont les plus efficaces.<br \/>En utilisation r\u00e9p\u00e9t\u00e9e presque indolore.<br \/>En ce qui concerne une exp\u00e9rience d\u2019\u00e9pilation douce.<br \/>Technologie Close Grip<br \/>40 pinces sp\u00e9cialement con\u00e7ues,<br \/>Efficacit\u00e9 sup\u00e9rieure jusqu\u2019\u00e0 0.5mm pour les prises de cheveux courts.<br \/>Syst\u00e8me de massage haute fr\u00e9quence<br \/>Stimuler la peau pour une exp\u00e9rience plus confortable<\/p>\n","protected":false},"excerpt":{"rendered":"<p>BRAUN BEAUTY SET7 B21110<\/p>\n","protected":false},"featured_media":20274,"template":"","meta":{"_coblocks_attr":"","_coblocks_dimensions":"","_coblocks_responsive_height":"","_coblocks_accordion_ie_support":""},"pwb-brand":[415],"product_brand":[],"product_cat":[362],"product_tag":[],"class_list":{"0":"post-20275","1":"product","2":"type-product","3":"status-publish","4":"has-post-thumbnail","6":"pwb-brand-braun","7":"product_cat-seche-cheveux-et-lisseur","10":"first","11":"instock","12":"taxable","13":"shipping-taxable","14":"purchasable","15":"product-type-simple"},"yoast_head":"<!-- This site is optimized with the Yoast SEO plugin v27.4 - https:\/\/yoast.com\/product\/yoast-seo-wordpress\/ -->\n<title>BRAUN BEAUTY SET7 B21110 - I-CONFORT<\/title>\n<meta name=\"robots\" content=\"index, follow, max-snippet:-1, max-image-preview:large, max-video-preview:-1\" \/>\n<link rel=\"canonical\" href=\"https:\/\/i-confort.com\/?product=braun-beauty-set7-b21110\" \/>\n<meta property=\"og:locale\" content=\"fr_FR\" \/>\n<meta property=\"og:type\" content=\"article\" \/>\n<meta property=\"og:title\" content=\"BRAUN BEAUTY SET7 B21110 - I-CONFORT\" \/>\n<meta property=\"og:description\" content=\"BRAUN BEAUTY SET7 B21110\" \/>\n<meta property=\"og:url\" content=\"https:\/\/i-confort.com\/?product=braun-beauty-set7-b21110\" \/>\n<meta property=\"og:site_name\" content=\"I-CONFORT\" \/>\n<meta property=\"article:modified_time\" content=\"2025-01-09T12:37:28+00:00\" \/>\n<meta property=\"og:image\" content=\"https:\/\/i-confort.com\/wp-content\/uploads\/2024\/05\/BRAUN-BEAUTY-SET7-B21110.jpg\" \/>\n\t<meta property=\"og:image:width\" content=\"800\" \/>\n\t<meta property=\"og:image:height\" content=\"800\" \/>\n\t<meta property=\"og:image:type\" content=\"image\/jpeg\" \/>\n<meta name=\"twitter:card\" content=\"summary_large_image\" \/>\n<script type=\"application\/ld+json\" class=\"yoast-schema-graph\">{\"@context\":\"https:\\\/\\\/schema.org\",\"@graph\":[{\"@type\":\"WebPage\",\"@id\":\"https:\\\/\\\/i-confort.com\\\/?product=braun-beauty-set7-b21110\",\"url\":\"https:\\\/\\\/i-confort.com\\\/?product=braun-beauty-set7-b21110\",\"name\":\"BRAUN BEAUTY SET7 B21110 - I-CONFORT\",\"isPartOf\":{\"@id\":\"https:\\\/\\\/i-confort.com\\\/#website\"},\"primaryImageOfPage\":{\"@id\":\"https:\\\/\\\/i-confort.com\\\/?product=braun-beauty-set7-b21110#primaryimage\"},\"image\":{\"@id\":\"https:\\\/\\\/i-confort.com\\\/?product=braun-beauty-set7-b21110#primaryimage\"},\"thumbnailUrl\":\"https:\\\/\\\/i-confort.com\\\/wp-content\\\/uploads\\\/2024\\\/05\\\/BRAUN-BEAUTY-SET7-B21110.jpg\",\"datePublished\":\"2024-05-15T15:45:41+00:00\",\"dateModified\":\"2025-01-09T12:37:28+00:00\",\"breadcrumb\":{\"@id\":\"https:\\\/\\\/i-confort.com\\\/?product=braun-beauty-set7-b21110#breadcrumb\"},\"inLanguage\":\"fr-FR\",\"potentialAction\":[{\"@type\":\"ReadAction\",\"target\":[\"https:\\\/\\\/i-confort.com\\\/?product=braun-beauty-set7-b21110\"]}]},{\"@type\":\"ImageObject\",\"inLanguage\":\"fr-FR\",\"@id\":\"https:\\\/\\\/i-confort.com\\\/?product=braun-beauty-set7-b21110#primaryimage\",\"url\":\"https:\\\/\\\/i-confort.com\\\/wp-content\\\/uploads\\\/2024\\\/05\\\/BRAUN-BEAUTY-SET7-B21110.jpg\",\"contentUrl\":\"https:\\\/\\\/i-confort.com\\\/wp-content\\\/uploads\\\/2024\\\/05\\\/BRAUN-BEAUTY-SET7-B21110.jpg\",\"width\":800,\"height\":800},{\"@type\":\"BreadcrumbList\",\"@id\":\"https:\\\/\\\/i-confort.com\\\/?product=braun-beauty-set7-b21110#breadcrumb\",\"itemListElement\":[{\"@type\":\"ListItem\",\"position\":1,\"name\":\"Home\",\"item\":\"https:\\\/\\\/i-confort.com\\\/\"},{\"@type\":\"ListItem\",\"position\":2,\"name\":\"Boutique\",\"item\":\"https:\\\/\\\/i-confort.com\\\/?page_id=7\"},{\"@type\":\"ListItem\",\"position\":3,\"name\":\"BRAUN BEAUTY SET7 B21110\"}]},{\"@type\":\"WebSite\",\"@id\":\"https:\\\/\\\/i-confort.com\\\/#website\",\"url\":\"https:\\\/\\\/i-confort.com\\\/\",\"name\":\"I-CONFORT\",\"description\":\"Site de vente en ligne\",\"potentialAction\":[{\"@type\":\"SearchAction\",\"target\":{\"@type\":\"EntryPoint\",\"urlTemplate\":\"https:\\\/\\\/i-confort.com\\\/?s={search_term_string}\"},\"query-input\":{\"@type\":\"PropertyValueSpecification\",\"valueRequired\":true,\"valueName\":\"search_term_string\"}}],\"inLanguage\":\"fr-FR\"}]}<\/script>\n<!-- \/ Yoast SEO plugin. -->","yoast_head_json":{"title":"BRAUN BEAUTY SET7 B21110 - I-CONFORT","robots":{"index":"index","follow":"follow","max-snippet":"max-snippet:-1","max-image-preview":"max-image-preview:large","max-video-preview":"max-video-preview:-1"},"canonical":"https:\/\/i-confort.com\/?product=braun-beauty-set7-b21110","og_locale":"fr_FR","og_type":"article","og_title":"BRAUN BEAUTY SET7 B21110 - I-CONFORT","og_description":"BRAUN BEAUTY SET7 B21110","og_url":"https:\/\/i-confort.com\/?product=braun-beauty-set7-b21110","og_site_name":"I-CONFORT","article_modified_time":"2025-01-09T12:37:28+00:00","og_image":[{"width":800,"height":800,"url":"https:\/\/i-confort.com\/wp-content\/uploads\/2024\/05\/BRAUN-BEAUTY-SET7-B21110.jpg","type":"image\/jpeg"}],"twitter_card":"summary_large_image","schema":{"@context":"https:\/\/schema.org","@graph":[{"@type":"WebPage","@id":"https:\/\/i-confort.com\/?product=braun-beauty-set7-b21110","url":"https:\/\/i-confort.com\/?product=braun-beauty-set7-b21110","name":"BRAUN BEAUTY SET7 B21110 - I-CONFORT","isPartOf":{"@id":"https:\/\/i-confort.com\/#website"},"primaryImageOfPage":{"@id":"https:\/\/i-confort.com\/?product=braun-beauty-set7-b21110#primaryimage"},"image":{"@id":"https:\/\/i-confort.com\/?product=braun-beauty-set7-b21110#primaryimage"},"thumbnailUrl":"https:\/\/i-confort.com\/wp-content\/uploads\/2024\/05\/BRAUN-BEAUTY-SET7-B21110.jpg","datePublished":"2024-05-15T15:45:41+00:00","dateModified":"2025-01-09T12:37:28+00:00","breadcrumb":{"@id":"https:\/\/i-confort.com\/?product=braun-beauty-set7-b21110#breadcrumb"},"inLanguage":"fr-FR","potentialAction":[{"@type":"ReadAction","target":["https:\/\/i-confort.com\/?product=braun-beauty-set7-b21110"]}]},{"@type":"ImageObject","inLanguage":"fr-FR","@id":"https:\/\/i-confort.com\/?product=braun-beauty-set7-b21110#primaryimage","url":"https:\/\/i-confort.com\/wp-content\/uploads\/2024\/05\/BRAUN-BEAUTY-SET7-B21110.jpg","contentUrl":"https:\/\/i-confort.com\/wp-content\/uploads\/2024\/05\/BRAUN-BEAUTY-SET7-B21110.jpg","width":800,"height":800},{"@type":"BreadcrumbList","@id":"https:\/\/i-confort.com\/?product=braun-beauty-set7-b21110#breadcrumb","itemListElement":[{"@type":"ListItem","position":1,"name":"Home","item":"https:\/\/i-confort.com\/"},{"@type":"ListItem","position":2,"name":"Boutique","item":"https:\/\/i-confort.com\/?page_id=7"},{"@type":"ListItem","position":3,"name":"BRAUN BEAUTY SET7 B21110"}]},{"@type":"WebSite","@id":"https:\/\/i-confort.com\/#website","url":"https:\/\/i-confort.com\/","name":"I-CONFORT","description":"Site de vente en ligne","potentialAction":[{"@type":"SearchAction","target":{"@type":"EntryPoint","urlTemplate":"https:\/\/i-confort.com\/?s={search_term_string}"},"query-input":{"@type":"PropertyValueSpecification","valueRequired":true,"valueName":"search_term_string"}}],"inLanguage":"fr-FR"}]}},"brands":[{"id":415,"name":"BRAUN","slug":"braun"}],"_links":{"self":[{"href":"https:\/\/i-confort.com\/index.php?rest_route=\/wp\/v2\/product\/20275","targetHints":{"allow":["GET"]}}],"collection":[{"href":"https:\/\/i-confort.com\/index.php?rest_route=\/wp\/v2\/product"}],"about":[{"href":"https:\/\/i-confort.com\/index.php?rest_route=\/wp\/v2\/types\/product"}],"wp:featuredmedia":[{"embeddable":true,"href":"https:\/\/i-confort.com\/index.php?rest_route=\/wp\/v2\/media\/20274"}],"wp:attachment":[{"href":"https:\/\/i-confort.com\/index.php?rest_route=%2Fwp%2Fv2%2Fmedia&parent=20275"}],"wp:term":[{"taxonomy":"pwb-brand","embeddable":true,"href":"https:\/\/i-confort.com\/index.php?rest_route=%2Fwp%2Fv2%2Fpwb-brand&post=20275"},{"taxonomy":"product_brand","embeddable":true,"href":"https:\/\/i-confort.com\/index.php?rest_route=%2Fwp%2Fv2%2Fproduct_brand&post=20275"},{"taxonomy":"product_cat","embeddable":true,"href":"https:\/\/i-confort.com\/index.php?rest_route=%2Fwp%2Fv2%2Fproduct_cat&post=20275"},{"taxonomy":"product_tag","embeddable":true,"href":"https:\/\/i-confort.com\/index.php?rest_route=%2Fwp%2Fv2%2Fproduct_tag&post=20275"}],"curies":[{"name":"wp","href":"https:\/\/api.w.org\/{rel}","templated":true}]}}