{"id":20377,"date":"2024-06-24T14:20:51","date_gmt":"2024-06-24T14:20:51","guid":{"rendered":"https:\/\/i-confort.com\/?product=tv-straem-32p-web-os-v2"},"modified":"2024-06-24T14:23:09","modified_gmt":"2024-06-24T14:23:09","slug":"tv-straem-32p-web-os-v2","status":"publish","type":"product","link":"https:\/\/i-confort.com\/?product=tv-straem-32p-web-os-v2","title":{"rendered":"TV STRAEM 32P WEB OS V2"},"content":{"rendered":"<ul style=\"padding-inline-start: 20px;margin-bottom: 2rem;font-family: Poppins, sans-serif\" data-mce-style=\"padding-inline-start: 20px; margin-bottom: 2rem; font-family: Poppins, sans-serif;\">\n<li>Plateforme : WEB OS.<\/li>\n<li>CPU : ARM Cortex-A35 (1.6GHz \/ Quad Core).<\/li>\n<li>GPU : Mali-400MP2 (Dual Core).<\/li>\n<li>RAM : 1 Go \/ ROM : 8 Go.<\/li>\n<li>Wifi : oui.<\/li>\n<li>R\u00e9cepteur satellite int\u00e9gr\u00e9 : oui.<\/li>\n<li>Tuner TNT : oui.<\/li>\n<\/ul>\n","protected":false},"excerpt":{"rendered":"<ul style=\"padding-inline-start: 20px;margin-bottom: 2rem;font-family: Poppins, sans-serif\" data-mce-style=\"padding-inline-start: 20px; margin-bottom: 2rem; font-family: Poppins, sans-serif;\">\n<li>Plateforme : WEB OS.<\/li>\n<li>CPU : ARM Cortex-A35 (1.6GHz \/ Quad Core).<\/li>\n<li>GPU : Mali-400MP2 (Dual Core).<\/li>\n<li>RAM : 1 Go \/ ROM : 8 Go.<\/li>\n<li>Wifi : oui.<\/li>\n<li>R\u00e9cepteur satellite int\u00e9gr\u00e9 : oui.<\/li>\n<li>Tuner TNT : oui.<\/li>\n<\/ul>\n","protected":false},"featured_media":20376,"template":"","meta":{"_coblocks_attr":"","_coblocks_dimensions":"","_coblocks_responsive_height":"","_coblocks_accordion_ie_support":""},"pwb-brand":[376],"product_brand":[],"product_cat":[97,351],"product_tag":[],"class_list":{"0":"post-20377","1":"product","2":"type-product","3":"status-publish","4":"has-post-thumbnail","6":"pwb-brand-stream","7":"product_cat-electromenagers","8":"product_cat-tv","11":"first","12":"instock","13":"taxable","14":"shipping-taxable","15":"purchasable","16":"product-type-simple"},"yoast_head":"<!-- This site is optimized with the Yoast SEO plugin v27.4 - https:\/\/yoast.com\/product\/yoast-seo-wordpress\/ -->\n<title>TV STRAEM 32P WEB OS V2 - I-CONFORT<\/title>\n<meta name=\"robots\" content=\"index, follow, max-snippet:-1, max-image-preview:large, max-video-preview:-1\" \/>\n<link rel=\"canonical\" href=\"https:\/\/i-confort.com\/?product=tv-straem-32p-web-os-v2\" \/>\n<meta property=\"og:locale\" content=\"fr_FR\" \/>\n<meta property=\"og:type\" content=\"article\" \/>\n<meta property=\"og:title\" content=\"TV STRAEM 32P WEB OS V2 - I-CONFORT\" \/>\n<meta property=\"og:description\" content=\"Plateforme : WEB OS.CPU : ARM Cortex-A35 (1.6GHz \/ Quad Core).GPU : Mali-400MP2 (Dual Core).RAM : 1 Go \/ ROM : 8 Go.Wifi : oui.R\u00e9cepteur satellite int\u00e9gr\u00e9 : oui.Tuner TNT : oui.\" \/>\n<meta property=\"og:url\" content=\"https:\/\/i-confort.com\/?product=tv-straem-32p-web-os-v2\" \/>\n<meta property=\"og:site_name\" content=\"I-CONFORT\" \/>\n<meta property=\"article:modified_time\" content=\"2024-06-24T14:23:09+00:00\" \/>\n<meta property=\"og:image\" content=\"https:\/\/i-confort.com\/wp-content\/uploads\/2024\/06\/111.png\" \/>\n\t<meta property=\"og:image:width\" content=\"1920\" \/>\n\t<meta property=\"og:image:height\" content=\"1254\" \/>\n\t<meta property=\"og:image:type\" content=\"image\/png\" \/>\n<meta name=\"twitter:card\" content=\"summary_large_image\" \/>\n<script type=\"application\/ld+json\" class=\"yoast-schema-graph\">{\"@context\":\"https:\\\/\\\/schema.org\",\"@graph\":[{\"@type\":\"WebPage\",\"@id\":\"https:\\\/\\\/i-confort.com\\\/?product=tv-straem-32p-web-os-v2\",\"url\":\"https:\\\/\\\/i-confort.com\\\/?product=tv-straem-32p-web-os-v2\",\"name\":\"TV STRAEM 32P WEB OS V2 - I-CONFORT\",\"isPartOf\":{\"@id\":\"https:\\\/\\\/i-confort.com\\\/#website\"},\"primaryImageOfPage\":{\"@id\":\"https:\\\/\\\/i-confort.com\\\/?product=tv-straem-32p-web-os-v2#primaryimage\"},\"image\":{\"@id\":\"https:\\\/\\\/i-confort.com\\\/?product=tv-straem-32p-web-os-v2#primaryimage\"},\"thumbnailUrl\":\"https:\\\/\\\/i-confort.com\\\/wp-content\\\/uploads\\\/2024\\\/06\\\/111.png\",\"datePublished\":\"2024-06-24T14:20:51+00:00\",\"dateModified\":\"2024-06-24T14:23:09+00:00\",\"breadcrumb\":{\"@id\":\"https:\\\/\\\/i-confort.com\\\/?product=tv-straem-32p-web-os-v2#breadcrumb\"},\"inLanguage\":\"fr-FR\",\"potentialAction\":[{\"@type\":\"ReadAction\",\"target\":[\"https:\\\/\\\/i-confort.com\\\/?product=tv-straem-32p-web-os-v2\"]}]},{\"@type\":\"ImageObject\",\"inLanguage\":\"fr-FR\",\"@id\":\"https:\\\/\\\/i-confort.com\\\/?product=tv-straem-32p-web-os-v2#primaryimage\",\"url\":\"https:\\\/\\\/i-confort.com\\\/wp-content\\\/uploads\\\/2024\\\/06\\\/111.png\",\"contentUrl\":\"https:\\\/\\\/i-confort.com\\\/wp-content\\\/uploads\\\/2024\\\/06\\\/111.png\",\"width\":1920,\"height\":1254},{\"@type\":\"BreadcrumbList\",\"@id\":\"https:\\\/\\\/i-confort.com\\\/?product=tv-straem-32p-web-os-v2#breadcrumb\",\"itemListElement\":[{\"@type\":\"ListItem\",\"position\":1,\"name\":\"Home\",\"item\":\"https:\\\/\\\/i-confort.com\\\/\"},{\"@type\":\"ListItem\",\"position\":2,\"name\":\"Boutique\",\"item\":\"https:\\\/\\\/i-confort.com\\\/?page_id=7\"},{\"@type\":\"ListItem\",\"position\":3,\"name\":\"TV STRAEM 32P WEB OS V2\"}]},{\"@type\":\"WebSite\",\"@id\":\"https:\\\/\\\/i-confort.com\\\/#website\",\"url\":\"https:\\\/\\\/i-confort.com\\\/\",\"name\":\"I-CONFORT\",\"description\":\"Site de vente en ligne\",\"potentialAction\":[{\"@type\":\"SearchAction\",\"target\":{\"@type\":\"EntryPoint\",\"urlTemplate\":\"https:\\\/\\\/i-confort.com\\\/?s={search_term_string}\"},\"query-input\":{\"@type\":\"PropertyValueSpecification\",\"valueRequired\":true,\"valueName\":\"search_term_string\"}}],\"inLanguage\":\"fr-FR\"}]}<\/script>\n<!-- \/ Yoast SEO plugin. -->","yoast_head_json":{"title":"TV STRAEM 32P WEB OS V2 - I-CONFORT","robots":{"index":"index","follow":"follow","max-snippet":"max-snippet:-1","max-image-preview":"max-image-preview:large","max-video-preview":"max-video-preview:-1"},"canonical":"https:\/\/i-confort.com\/?product=tv-straem-32p-web-os-v2","og_locale":"fr_FR","og_type":"article","og_title":"TV STRAEM 32P WEB OS V2 - I-CONFORT","og_description":"Plateforme : WEB OS.CPU : ARM Cortex-A35 (1.6GHz \/ Quad Core).GPU : Mali-400MP2 (Dual Core).RAM : 1 Go \/ ROM : 8 Go.Wifi : oui.R\u00e9cepteur satellite int\u00e9gr\u00e9 : oui.Tuner TNT : oui.","og_url":"https:\/\/i-confort.com\/?product=tv-straem-32p-web-os-v2","og_site_name":"I-CONFORT","article_modified_time":"2024-06-24T14:23:09+00:00","og_image":[{"width":1920,"height":1254,"url":"https:\/\/i-confort.com\/wp-content\/uploads\/2024\/06\/111.png","type":"image\/png"}],"twitter_card":"summary_large_image","schema":{"@context":"https:\/\/schema.org","@graph":[{"@type":"WebPage","@id":"https:\/\/i-confort.com\/?product=tv-straem-32p-web-os-v2","url":"https:\/\/i-confort.com\/?product=tv-straem-32p-web-os-v2","name":"TV STRAEM 32P WEB OS V2 - I-CONFORT","isPartOf":{"@id":"https:\/\/i-confort.com\/#website"},"primaryImageOfPage":{"@id":"https:\/\/i-confort.com\/?product=tv-straem-32p-web-os-v2#primaryimage"},"image":{"@id":"https:\/\/i-confort.com\/?product=tv-straem-32p-web-os-v2#primaryimage"},"thumbnailUrl":"https:\/\/i-confort.com\/wp-content\/uploads\/2024\/06\/111.png","datePublished":"2024-06-24T14:20:51+00:00","dateModified":"2024-06-24T14:23:09+00:00","breadcrumb":{"@id":"https:\/\/i-confort.com\/?product=tv-straem-32p-web-os-v2#breadcrumb"},"inLanguage":"fr-FR","potentialAction":[{"@type":"ReadAction","target":["https:\/\/i-confort.com\/?product=tv-straem-32p-web-os-v2"]}]},{"@type":"ImageObject","inLanguage":"fr-FR","@id":"https:\/\/i-confort.com\/?product=tv-straem-32p-web-os-v2#primaryimage","url":"https:\/\/i-confort.com\/wp-content\/uploads\/2024\/06\/111.png","contentUrl":"https:\/\/i-confort.com\/wp-content\/uploads\/2024\/06\/111.png","width":1920,"height":1254},{"@type":"BreadcrumbList","@id":"https:\/\/i-confort.com\/?product=tv-straem-32p-web-os-v2#breadcrumb","itemListElement":[{"@type":"ListItem","position":1,"name":"Home","item":"https:\/\/i-confort.com\/"},{"@type":"ListItem","position":2,"name":"Boutique","item":"https:\/\/i-confort.com\/?page_id=7"},{"@type":"ListItem","position":3,"name":"TV STRAEM 32P WEB OS V2"}]},{"@type":"WebSite","@id":"https:\/\/i-confort.com\/#website","url":"https:\/\/i-confort.com\/","name":"I-CONFORT","description":"Site de vente en ligne","potentialAction":[{"@type":"SearchAction","target":{"@type":"EntryPoint","urlTemplate":"https:\/\/i-confort.com\/?s={search_term_string}"},"query-input":{"@type":"PropertyValueSpecification","valueRequired":true,"valueName":"search_term_string"}}],"inLanguage":"fr-FR"}]}},"brands":[{"id":376,"name":"Stream","slug":"stream"}],"_links":{"self":[{"href":"https:\/\/i-confort.com\/index.php?rest_route=\/wp\/v2\/product\/20377","targetHints":{"allow":["GET"]}}],"collection":[{"href":"https:\/\/i-confort.com\/index.php?rest_route=\/wp\/v2\/product"}],"about":[{"href":"https:\/\/i-confort.com\/index.php?rest_route=\/wp\/v2\/types\/product"}],"wp:featuredmedia":[{"embeddable":true,"href":"https:\/\/i-confort.com\/index.php?rest_route=\/wp\/v2\/media\/20376"}],"wp:attachment":[{"href":"https:\/\/i-confort.com\/index.php?rest_route=%2Fwp%2Fv2%2Fmedia&parent=20377"}],"wp:term":[{"taxonomy":"pwb-brand","embeddable":true,"href":"https:\/\/i-confort.com\/index.php?rest_route=%2Fwp%2Fv2%2Fpwb-brand&post=20377"},{"taxonomy":"product_brand","embeddable":true,"href":"https:\/\/i-confort.com\/index.php?rest_route=%2Fwp%2Fv2%2Fproduct_brand&post=20377"},{"taxonomy":"product_cat","embeddable":true,"href":"https:\/\/i-confort.com\/index.php?rest_route=%2Fwp%2Fv2%2Fproduct_cat&post=20377"},{"taxonomy":"product_tag","embeddable":true,"href":"https:\/\/i-confort.com\/index.php?rest_route=%2Fwp%2Fv2%2Fproduct_tag&post=20377"}],"curies":[{"name":"wp","href":"https:\/\/api.w.org\/{rel}","templated":true}]}}