{"id":20381,"date":"2024-06-24T14:37:02","date_gmt":"2024-06-24T14:37:02","guid":{"rendered":"https:\/\/i-confort.com\/?product=tv-straem-50p-a50-android-4k"},"modified":"2024-06-24T14:37:02","modified_gmt":"2024-06-24T14:37:02","slug":"tv-straem-50p-a50-android-4k","status":"publish","type":"product","link":"https:\/\/i-confort.com\/?product=tv-straem-50p-a50-android-4k","title":{"rendered":"TV STRAEM 50P A50 ANDROID 4K"},"content":{"rendered":"<table style=\"margin-bottom: 2rem;width: 1011.69px;border-collapse: collapse;border-spacing: 0px;font-family: Poppins, sans-serif\">\n<tbody>\n<tr>\n<td style=\"padding: 10px 10px 10px 0px;vertical-align: top\">Marque<\/td>\n<td style=\"padding: 10px;vertical-align: top\">Stream<\/td>\n<\/tr>\n<tr>\n<td style=\"padding: 10px 10px 10px 0px;vertical-align: top\">T\u00e9l\u00e9viseur<\/td>\n<td style=\"padding: 10px;vertical-align: top\">TV Stream S50A50<\/td>\n<\/tr>\n<tr>\n<td style=\"padding: 10px 10px 10px 0px;vertical-align: top\">Cat\u00e9gorie<\/td>\n<td style=\"padding: 10px;vertical-align: top\">LED<\/td>\n<\/tr>\n<tr>\n<td style=\"padding: 10px 10px 10px 0px;vertical-align: top\">Taille Ecran<\/td>\n<td style=\"padding: 10px;vertical-align: top\">50 Pouces<\/td>\n<\/tr>\n<tr>\n<td style=\"padding: 10px 10px 10px 0px;vertical-align: top\">D\u00e9finition<\/td>\n<td style=\"padding: 10px;vertical-align: top\">UHD 4K<\/td>\n<\/tr>\n<tr>\n<td style=\"padding: 10px 10px 10px 0px;vertical-align: top\">R\u00e9solution Ecran<\/td>\n<td style=\"padding: 10px;vertical-align: top\">3840x2160px<\/td>\n<\/tr>\n<tr>\n<td style=\"padding: 10px 10px 10px 0px;vertical-align: top\">Syst\u00e8me<\/td>\n<td style=\"padding: 10px;vertical-align: top\">Android TV\u00a0\u00a0Android 9<\/td>\n<\/tr>\n<tr>\n<td style=\"padding: 10px 10px 10px 0px;vertical-align: top\">Taux de contraste<\/td>\n<td style=\"padding: 10px;vertical-align: top\">3000:1<\/td>\n<\/tr>\n<tr>\n<td style=\"padding: 10px 10px 10px 0px;vertical-align: top\">Luminosit\u00e9<\/td>\n<td style=\"padding: 10px;vertical-align: top\">260cd\/m2<\/td>\n<\/tr>\n<tr>\n<td style=\"padding: 10px 10px 10px 0px;vertical-align: top\">Angle de vision<\/td>\n<td style=\"padding: 10px;vertical-align: top\">178\u00b0\/178\u00b0<\/td>\n<\/tr>\n<tr>\n<td style=\"padding: 10px 10px 10px 0px;vertical-align: top\">Format d\u2019\u00e9cran<\/td>\n<td style=\"padding: 10px;vertical-align: top\">16:9<\/td>\n<\/tr>\n<tr>\n<td style=\"padding: 10px 10px 10px 0px;vertical-align: top\">Fr\u00e9quence de balayage<\/td>\n<td style=\"padding: 10px;vertical-align: top\">60Hz<\/td>\n<\/tr>\n<\/tbody>\n<\/table>\n","protected":false},"excerpt":{"rendered":"<p>Marque: Stream\u00a0<\/p>\n<p>T\u00e9l\u00e9viseur :\u00a0<span style=\"font-family: Poppins, sans-serif\">TV Stream S50A50<\/span><\/p>\n<p>Cat\u00e9gorie : LED<\/p>\n<p>Taille \u00e9cran: 50 p<\/p>\n<p>D\u00e9finition : UHD 4K<\/p>\n","protected":false},"featured_media":20380,"template":"","meta":{"_coblocks_attr":"","_coblocks_dimensions":"","_coblocks_responsive_height":"","_coblocks_accordion_ie_support":""},"pwb-brand":[376],"product_brand":[],"product_cat":[97,351],"product_tag":[],"class_list":{"0":"post-20381","1":"product","2":"type-product","3":"status-publish","4":"has-post-thumbnail","6":"pwb-brand-stream","7":"product_cat-electromenagers","8":"product_cat-tv","11":"first","12":"instock","13":"taxable","14":"shipping-taxable","15":"purchasable","16":"product-type-simple"},"yoast_head":"<!-- This site is optimized with the Yoast SEO plugin v27.4 - https:\/\/yoast.com\/product\/yoast-seo-wordpress\/ -->\n<title>TV STRAEM 50P A50 ANDROID 4K - I-CONFORT<\/title>\n<meta name=\"robots\" content=\"index, follow, max-snippet:-1, max-image-preview:large, max-video-preview:-1\" \/>\n<link rel=\"canonical\" href=\"https:\/\/i-confort.com\/?product=tv-straem-50p-a50-android-4k\" \/>\n<meta property=\"og:locale\" content=\"fr_FR\" \/>\n<meta property=\"og:type\" content=\"article\" \/>\n<meta property=\"og:title\" content=\"TV STRAEM 50P A50 ANDROID 4K - I-CONFORT\" \/>\n<meta property=\"og:description\" content=\"Marque: Stream\u00a0T\u00e9l\u00e9viseur :\u00a0TV Stream S50A50Cat\u00e9gorie : LEDTaille \u00e9cran: 50 pD\u00e9finition : UHD 4K\" \/>\n<meta property=\"og:url\" content=\"https:\/\/i-confort.com\/?product=tv-straem-50p-a50-android-4k\" \/>\n<meta property=\"og:site_name\" content=\"I-CONFORT\" \/>\n<meta property=\"og:image\" content=\"https:\/\/i-confort.com\/wp-content\/uploads\/2024\/06\/1111.jpg\" \/>\n\t<meta property=\"og:image:width\" content=\"600\" \/>\n\t<meta property=\"og:image:height\" content=\"300\" \/>\n\t<meta property=\"og:image:type\" content=\"image\/jpeg\" \/>\n<meta name=\"twitter:card\" content=\"summary_large_image\" \/>\n<script type=\"application\/ld+json\" class=\"yoast-schema-graph\">{\"@context\":\"https:\\\/\\\/schema.org\",\"@graph\":[{\"@type\":\"WebPage\",\"@id\":\"https:\\\/\\\/i-confort.com\\\/?product=tv-straem-50p-a50-android-4k\",\"url\":\"https:\\\/\\\/i-confort.com\\\/?product=tv-straem-50p-a50-android-4k\",\"name\":\"TV STRAEM 50P A50 ANDROID 4K - I-CONFORT\",\"isPartOf\":{\"@id\":\"https:\\\/\\\/i-confort.com\\\/#website\"},\"primaryImageOfPage\":{\"@id\":\"https:\\\/\\\/i-confort.com\\\/?product=tv-straem-50p-a50-android-4k#primaryimage\"},\"image\":{\"@id\":\"https:\\\/\\\/i-confort.com\\\/?product=tv-straem-50p-a50-android-4k#primaryimage\"},\"thumbnailUrl\":\"https:\\\/\\\/i-confort.com\\\/wp-content\\\/uploads\\\/2024\\\/06\\\/1111.jpg\",\"datePublished\":\"2024-06-24T14:37:02+00:00\",\"breadcrumb\":{\"@id\":\"https:\\\/\\\/i-confort.com\\\/?product=tv-straem-50p-a50-android-4k#breadcrumb\"},\"inLanguage\":\"fr-FR\",\"potentialAction\":[{\"@type\":\"ReadAction\",\"target\":[\"https:\\\/\\\/i-confort.com\\\/?product=tv-straem-50p-a50-android-4k\"]}]},{\"@type\":\"ImageObject\",\"inLanguage\":\"fr-FR\",\"@id\":\"https:\\\/\\\/i-confort.com\\\/?product=tv-straem-50p-a50-android-4k#primaryimage\",\"url\":\"https:\\\/\\\/i-confort.com\\\/wp-content\\\/uploads\\\/2024\\\/06\\\/1111.jpg\",\"contentUrl\":\"https:\\\/\\\/i-confort.com\\\/wp-content\\\/uploads\\\/2024\\\/06\\\/1111.jpg\",\"width\":600,\"height\":300},{\"@type\":\"BreadcrumbList\",\"@id\":\"https:\\\/\\\/i-confort.com\\\/?product=tv-straem-50p-a50-android-4k#breadcrumb\",\"itemListElement\":[{\"@type\":\"ListItem\",\"position\":1,\"name\":\"Home\",\"item\":\"https:\\\/\\\/i-confort.com\\\/\"},{\"@type\":\"ListItem\",\"position\":2,\"name\":\"Boutique\",\"item\":\"https:\\\/\\\/i-confort.com\\\/?page_id=7\"},{\"@type\":\"ListItem\",\"position\":3,\"name\":\"TV STRAEM 50P A50 ANDROID 4K\"}]},{\"@type\":\"WebSite\",\"@id\":\"https:\\\/\\\/i-confort.com\\\/#website\",\"url\":\"https:\\\/\\\/i-confort.com\\\/\",\"name\":\"I-CONFORT\",\"description\":\"Site de vente en ligne\",\"potentialAction\":[{\"@type\":\"SearchAction\",\"target\":{\"@type\":\"EntryPoint\",\"urlTemplate\":\"https:\\\/\\\/i-confort.com\\\/?s={search_term_string}\"},\"query-input\":{\"@type\":\"PropertyValueSpecification\",\"valueRequired\":true,\"valueName\":\"search_term_string\"}}],\"inLanguage\":\"fr-FR\"}]}<\/script>\n<!-- \/ Yoast SEO plugin. -->","yoast_head_json":{"title":"TV STRAEM 50P A50 ANDROID 4K - I-CONFORT","robots":{"index":"index","follow":"follow","max-snippet":"max-snippet:-1","max-image-preview":"max-image-preview:large","max-video-preview":"max-video-preview:-1"},"canonical":"https:\/\/i-confort.com\/?product=tv-straem-50p-a50-android-4k","og_locale":"fr_FR","og_type":"article","og_title":"TV STRAEM 50P A50 ANDROID 4K - I-CONFORT","og_description":"Marque: Stream\u00a0T\u00e9l\u00e9viseur :\u00a0TV Stream S50A50Cat\u00e9gorie : LEDTaille \u00e9cran: 50 pD\u00e9finition : UHD 4K","og_url":"https:\/\/i-confort.com\/?product=tv-straem-50p-a50-android-4k","og_site_name":"I-CONFORT","og_image":[{"width":600,"height":300,"url":"https:\/\/i-confort.com\/wp-content\/uploads\/2024\/06\/1111.jpg","type":"image\/jpeg"}],"twitter_card":"summary_large_image","schema":{"@context":"https:\/\/schema.org","@graph":[{"@type":"WebPage","@id":"https:\/\/i-confort.com\/?product=tv-straem-50p-a50-android-4k","url":"https:\/\/i-confort.com\/?product=tv-straem-50p-a50-android-4k","name":"TV STRAEM 50P A50 ANDROID 4K - I-CONFORT","isPartOf":{"@id":"https:\/\/i-confort.com\/#website"},"primaryImageOfPage":{"@id":"https:\/\/i-confort.com\/?product=tv-straem-50p-a50-android-4k#primaryimage"},"image":{"@id":"https:\/\/i-confort.com\/?product=tv-straem-50p-a50-android-4k#primaryimage"},"thumbnailUrl":"https:\/\/i-confort.com\/wp-content\/uploads\/2024\/06\/1111.jpg","datePublished":"2024-06-24T14:37:02+00:00","breadcrumb":{"@id":"https:\/\/i-confort.com\/?product=tv-straem-50p-a50-android-4k#breadcrumb"},"inLanguage":"fr-FR","potentialAction":[{"@type":"ReadAction","target":["https:\/\/i-confort.com\/?product=tv-straem-50p-a50-android-4k"]}]},{"@type":"ImageObject","inLanguage":"fr-FR","@id":"https:\/\/i-confort.com\/?product=tv-straem-50p-a50-android-4k#primaryimage","url":"https:\/\/i-confort.com\/wp-content\/uploads\/2024\/06\/1111.jpg","contentUrl":"https:\/\/i-confort.com\/wp-content\/uploads\/2024\/06\/1111.jpg","width":600,"height":300},{"@type":"BreadcrumbList","@id":"https:\/\/i-confort.com\/?product=tv-straem-50p-a50-android-4k#breadcrumb","itemListElement":[{"@type":"ListItem","position":1,"name":"Home","item":"https:\/\/i-confort.com\/"},{"@type":"ListItem","position":2,"name":"Boutique","item":"https:\/\/i-confort.com\/?page_id=7"},{"@type":"ListItem","position":3,"name":"TV STRAEM 50P A50 ANDROID 4K"}]},{"@type":"WebSite","@id":"https:\/\/i-confort.com\/#website","url":"https:\/\/i-confort.com\/","name":"I-CONFORT","description":"Site de vente en ligne","potentialAction":[{"@type":"SearchAction","target":{"@type":"EntryPoint","urlTemplate":"https:\/\/i-confort.com\/?s={search_term_string}"},"query-input":{"@type":"PropertyValueSpecification","valueRequired":true,"valueName":"search_term_string"}}],"inLanguage":"fr-FR"}]}},"brands":[{"id":376,"name":"Stream","slug":"stream"}],"_links":{"self":[{"href":"https:\/\/i-confort.com\/index.php?rest_route=\/wp\/v2\/product\/20381","targetHints":{"allow":["GET"]}}],"collection":[{"href":"https:\/\/i-confort.com\/index.php?rest_route=\/wp\/v2\/product"}],"about":[{"href":"https:\/\/i-confort.com\/index.php?rest_route=\/wp\/v2\/types\/product"}],"wp:featuredmedia":[{"embeddable":true,"href":"https:\/\/i-confort.com\/index.php?rest_route=\/wp\/v2\/media\/20380"}],"wp:attachment":[{"href":"https:\/\/i-confort.com\/index.php?rest_route=%2Fwp%2Fv2%2Fmedia&parent=20381"}],"wp:term":[{"taxonomy":"pwb-brand","embeddable":true,"href":"https:\/\/i-confort.com\/index.php?rest_route=%2Fwp%2Fv2%2Fpwb-brand&post=20381"},{"taxonomy":"product_brand","embeddable":true,"href":"https:\/\/i-confort.com\/index.php?rest_route=%2Fwp%2Fv2%2Fproduct_brand&post=20381"},{"taxonomy":"product_cat","embeddable":true,"href":"https:\/\/i-confort.com\/index.php?rest_route=%2Fwp%2Fv2%2Fproduct_cat&post=20381"},{"taxonomy":"product_tag","embeddable":true,"href":"https:\/\/i-confort.com\/index.php?rest_route=%2Fwp%2Fv2%2Fproduct_tag&post=20381"}],"curies":[{"name":"wp","href":"https:\/\/api.w.org\/{rel}","templated":true}]}}