{"id":20414,"date":"2024-06-27T11:11:27","date_gmt":"2024-06-27T11:11:27","guid":{"rendered":"https:\/\/i-confort.com\/?product=machine-a-laver-samsung-top-7kg-wa70h4200sy"},"modified":"2024-06-27T11:11:27","modified_gmt":"2024-06-27T11:11:27","slug":"machine-a-laver-samsung-top-7kg-wa70h4200sy","status":"publish","type":"product","link":"https:\/\/i-confort.com\/?product=machine-a-laver-samsung-top-7kg-wa70h4200sy","title":{"rendered":"MACHINE A LAVER SAMSUNG TOP 7KG WA70H4200SY"},"content":{"rendered":"<p><br data-mce-bogus=\"1\"><\/p>\n","protected":false},"excerpt":{"rendered":"<div class=\"g\" style=\"font-family: Arial, sans-serif;font-size: 14px;line-height: 1.58;text-align: left;width: 600px;margin: 0px;clear: both;padding-bottom: 0px;font-style: normal;font-weight: 400;letter-spacing: normal;text-indent: 0px;text-transform: none\">\n<div lang=\"fr\" data-hveid=\"CA4QAA\" data-ved=\"2ahUKEwjkx6_J0fuGAxXzcKQEHVdFBf8QFSgAegQIDhAA\">\n<div class=\"tF2Cxc\" style=\"position: relative;clear: both;padding-bottom: 0px\">\n<div class=\"yuRUbf\" style=\"font-weight: normal;font-size: small;line-height: 1.58\"><\/div>\n<\/div>\n<\/div>\n<\/div>\n<div class=\"wDYxhc\" data-md=\"83\" lang=\"fr-DZ\" style=\"clear: none;padding-top: 0px;border-radius: 8px;padding-left: 0px;padding-right: 0px;font-family: Arial, sans-serif;font-size: 14px;font-style: normal;font-weight: 400;letter-spacing: normal;text-align: left;text-indent: 0px;text-transform: none\">\n<div class=\"di3YZe\">\n<div class=\"RqBzHd SIvncf\" style=\"padding: 0px 20px\">\n<ul class=\"i8Z77e\" style=\"margin: 0px;padding: 0px\">\n<li class=\"TrT0Xe\" style=\"margin: 0px 0px 4px;padding: 0px;list-style-type: disc\">MACHINE A LAVER SAMSUNG TOP 7 KG\u00a0700TR GRIS.<\/li>\n<li class=\"TrT0Xe\" style=\"margin: 0px 0px 4px;padding: 0px;list-style-type: disc\">Dimension (LxHxP &#8211; Cm) : 54 x 85 x 60. <\/li>\n<li class=\"TrT0Xe\" style=\"margin: 0px 0px 4px;padding: 0px;list-style-type: disc\">Syst\u00e8me de s\u00e9chage Turbo Air. <\/li>\n<li class=\"TrT0Xe\" style=\"margin: 0px 0px 4px;padding: 0px;list-style-type: disc\">Nettoyage tu tambour \u00e9co. <\/li>\n<li class=\"TrT0Xe\" style=\"margin: 0px 0px 4px;padding: 0px;list-style-type: disc\">Moteur Inverter num\u00e9rique. <\/li>\n<li class=\"TrT0Xe\" style=\"margin: 0px 0px 4px;padding: 0px;list-style-type: disc\">Air Turbo 700 RPM.<\/li>\n<\/ul>\n<div class=\"u9iNfb\" style=\"margin-left: -20px\"><\/div>\n<\/div>\n<\/div>\n<\/div>\n","protected":false},"featured_media":20413,"template":"","meta":{"_coblocks_attr":"","_coblocks_dimensions":"","_coblocks_responsive_height":"","_coblocks_accordion_ie_support":""},"pwb-brand":[345],"product_brand":[],"product_cat":[97,352],"product_tag":[],"class_list":{"0":"post-20414","1":"product","2":"type-product","3":"status-publish","4":"has-post-thumbnail","6":"pwb-brand-sumsung","7":"product_cat-electromenagers","8":"product_cat-machine-a-laver-et-cuisine","11":"first","12":"instock","13":"taxable","14":"shipping-taxable","15":"purchasable","16":"product-type-simple"},"yoast_head":"<!-- This site is optimized with the Yoast SEO plugin v27.4 - https:\/\/yoast.com\/product\/yoast-seo-wordpress\/ -->\n<title>MACHINE A LAVER SAMSUNG TOP 7KG WA70H4200SY - I-CONFORT<\/title>\n<meta name=\"robots\" content=\"index, follow, max-snippet:-1, max-image-preview:large, max-video-preview:-1\" \/>\n<link rel=\"canonical\" href=\"https:\/\/i-confort.com\/?product=machine-a-laver-samsung-top-7kg-wa70h4200sy\" \/>\n<meta property=\"og:locale\" content=\"fr_FR\" \/>\n<meta property=\"og:type\" content=\"article\" \/>\n<meta property=\"og:title\" content=\"MACHINE A LAVER SAMSUNG TOP 7KG WA70H4200SY - I-CONFORT\" \/>\n<meta property=\"og:description\" content=\"MACHINE A LAVER SAMSUNG TOP 7 KG\u00a0700TR GRIS.Dimension (LxHxP - Cm) : 54 x 85 x 60. Syst\u00e8me de s\u00e9chage Turbo Air. Nettoyage tu tambour \u00e9co. Moteur Inverter num\u00e9rique. Air Turbo 700 RPM.\" \/>\n<meta property=\"og:url\" content=\"https:\/\/i-confort.com\/?product=machine-a-laver-samsung-top-7kg-wa70h4200sy\" \/>\n<meta property=\"og:site_name\" content=\"I-CONFORT\" \/>\n<meta property=\"og:image\" content=\"https:\/\/i-confort.com\/wp-content\/uploads\/2024\/06\/1-1.webp\" \/>\n\t<meta property=\"og:image:width\" content=\"325\" \/>\n\t<meta property=\"og:image:height\" content=\"468\" \/>\n\t<meta property=\"og:image:type\" content=\"image\/webp\" \/>\n<meta name=\"twitter:card\" content=\"summary_large_image\" \/>\n<script type=\"application\/ld+json\" class=\"yoast-schema-graph\">{\"@context\":\"https:\\\/\\\/schema.org\",\"@graph\":[{\"@type\":\"WebPage\",\"@id\":\"https:\\\/\\\/i-confort.com\\\/?product=machine-a-laver-samsung-top-7kg-wa70h4200sy\",\"url\":\"https:\\\/\\\/i-confort.com\\\/?product=machine-a-laver-samsung-top-7kg-wa70h4200sy\",\"name\":\"MACHINE A LAVER SAMSUNG TOP 7KG WA70H4200SY - I-CONFORT\",\"isPartOf\":{\"@id\":\"https:\\\/\\\/i-confort.com\\\/#website\"},\"primaryImageOfPage\":{\"@id\":\"https:\\\/\\\/i-confort.com\\\/?product=machine-a-laver-samsung-top-7kg-wa70h4200sy#primaryimage\"},\"image\":{\"@id\":\"https:\\\/\\\/i-confort.com\\\/?product=machine-a-laver-samsung-top-7kg-wa70h4200sy#primaryimage\"},\"thumbnailUrl\":\"https:\\\/\\\/i-confort.com\\\/wp-content\\\/uploads\\\/2024\\\/06\\\/1-1.webp\",\"datePublished\":\"2024-06-27T11:11:27+00:00\",\"breadcrumb\":{\"@id\":\"https:\\\/\\\/i-confort.com\\\/?product=machine-a-laver-samsung-top-7kg-wa70h4200sy#breadcrumb\"},\"inLanguage\":\"fr-FR\",\"potentialAction\":[{\"@type\":\"ReadAction\",\"target\":[\"https:\\\/\\\/i-confort.com\\\/?product=machine-a-laver-samsung-top-7kg-wa70h4200sy\"]}]},{\"@type\":\"ImageObject\",\"inLanguage\":\"fr-FR\",\"@id\":\"https:\\\/\\\/i-confort.com\\\/?product=machine-a-laver-samsung-top-7kg-wa70h4200sy#primaryimage\",\"url\":\"https:\\\/\\\/i-confort.com\\\/wp-content\\\/uploads\\\/2024\\\/06\\\/1-1.webp\",\"contentUrl\":\"https:\\\/\\\/i-confort.com\\\/wp-content\\\/uploads\\\/2024\\\/06\\\/1-1.webp\",\"width\":325,\"height\":468},{\"@type\":\"BreadcrumbList\",\"@id\":\"https:\\\/\\\/i-confort.com\\\/?product=machine-a-laver-samsung-top-7kg-wa70h4200sy#breadcrumb\",\"itemListElement\":[{\"@type\":\"ListItem\",\"position\":1,\"name\":\"Home\",\"item\":\"https:\\\/\\\/i-confort.com\\\/\"},{\"@type\":\"ListItem\",\"position\":2,\"name\":\"Boutique\",\"item\":\"https:\\\/\\\/i-confort.com\\\/?page_id=7\"},{\"@type\":\"ListItem\",\"position\":3,\"name\":\"MACHINE A LAVER SAMSUNG TOP 7KG WA70H4200SY\"}]},{\"@type\":\"WebSite\",\"@id\":\"https:\\\/\\\/i-confort.com\\\/#website\",\"url\":\"https:\\\/\\\/i-confort.com\\\/\",\"name\":\"I-CONFORT\",\"description\":\"Site de vente en ligne\",\"potentialAction\":[{\"@type\":\"SearchAction\",\"target\":{\"@type\":\"EntryPoint\",\"urlTemplate\":\"https:\\\/\\\/i-confort.com\\\/?s={search_term_string}\"},\"query-input\":{\"@type\":\"PropertyValueSpecification\",\"valueRequired\":true,\"valueName\":\"search_term_string\"}}],\"inLanguage\":\"fr-FR\"}]}<\/script>\n<!-- \/ Yoast SEO plugin. -->","yoast_head_json":{"title":"MACHINE A LAVER SAMSUNG TOP 7KG WA70H4200SY - I-CONFORT","robots":{"index":"index","follow":"follow","max-snippet":"max-snippet:-1","max-image-preview":"max-image-preview:large","max-video-preview":"max-video-preview:-1"},"canonical":"https:\/\/i-confort.com\/?product=machine-a-laver-samsung-top-7kg-wa70h4200sy","og_locale":"fr_FR","og_type":"article","og_title":"MACHINE A LAVER SAMSUNG TOP 7KG WA70H4200SY - I-CONFORT","og_description":"MACHINE A LAVER SAMSUNG TOP 7 KG\u00a0700TR GRIS.Dimension (LxHxP - Cm) : 54 x 85 x 60. Syst\u00e8me de s\u00e9chage Turbo Air. Nettoyage tu tambour \u00e9co. Moteur Inverter num\u00e9rique. Air Turbo 700 RPM.","og_url":"https:\/\/i-confort.com\/?product=machine-a-laver-samsung-top-7kg-wa70h4200sy","og_site_name":"I-CONFORT","og_image":[{"width":325,"height":468,"url":"https:\/\/i-confort.com\/wp-content\/uploads\/2024\/06\/1-1.webp","type":"image\/webp"}],"twitter_card":"summary_large_image","schema":{"@context":"https:\/\/schema.org","@graph":[{"@type":"WebPage","@id":"https:\/\/i-confort.com\/?product=machine-a-laver-samsung-top-7kg-wa70h4200sy","url":"https:\/\/i-confort.com\/?product=machine-a-laver-samsung-top-7kg-wa70h4200sy","name":"MACHINE A LAVER SAMSUNG TOP 7KG WA70H4200SY - I-CONFORT","isPartOf":{"@id":"https:\/\/i-confort.com\/#website"},"primaryImageOfPage":{"@id":"https:\/\/i-confort.com\/?product=machine-a-laver-samsung-top-7kg-wa70h4200sy#primaryimage"},"image":{"@id":"https:\/\/i-confort.com\/?product=machine-a-laver-samsung-top-7kg-wa70h4200sy#primaryimage"},"thumbnailUrl":"https:\/\/i-confort.com\/wp-content\/uploads\/2024\/06\/1-1.webp","datePublished":"2024-06-27T11:11:27+00:00","breadcrumb":{"@id":"https:\/\/i-confort.com\/?product=machine-a-laver-samsung-top-7kg-wa70h4200sy#breadcrumb"},"inLanguage":"fr-FR","potentialAction":[{"@type":"ReadAction","target":["https:\/\/i-confort.com\/?product=machine-a-laver-samsung-top-7kg-wa70h4200sy"]}]},{"@type":"ImageObject","inLanguage":"fr-FR","@id":"https:\/\/i-confort.com\/?product=machine-a-laver-samsung-top-7kg-wa70h4200sy#primaryimage","url":"https:\/\/i-confort.com\/wp-content\/uploads\/2024\/06\/1-1.webp","contentUrl":"https:\/\/i-confort.com\/wp-content\/uploads\/2024\/06\/1-1.webp","width":325,"height":468},{"@type":"BreadcrumbList","@id":"https:\/\/i-confort.com\/?product=machine-a-laver-samsung-top-7kg-wa70h4200sy#breadcrumb","itemListElement":[{"@type":"ListItem","position":1,"name":"Home","item":"https:\/\/i-confort.com\/"},{"@type":"ListItem","position":2,"name":"Boutique","item":"https:\/\/i-confort.com\/?page_id=7"},{"@type":"ListItem","position":3,"name":"MACHINE A LAVER SAMSUNG TOP 7KG WA70H4200SY"}]},{"@type":"WebSite","@id":"https:\/\/i-confort.com\/#website","url":"https:\/\/i-confort.com\/","name":"I-CONFORT","description":"Site de vente en ligne","potentialAction":[{"@type":"SearchAction","target":{"@type":"EntryPoint","urlTemplate":"https:\/\/i-confort.com\/?s={search_term_string}"},"query-input":{"@type":"PropertyValueSpecification","valueRequired":true,"valueName":"search_term_string"}}],"inLanguage":"fr-FR"}]}},"brands":[{"id":345,"name":"Samsung","slug":"sumsung"}],"_links":{"self":[{"href":"https:\/\/i-confort.com\/index.php?rest_route=\/wp\/v2\/product\/20414","targetHints":{"allow":["GET"]}}],"collection":[{"href":"https:\/\/i-confort.com\/index.php?rest_route=\/wp\/v2\/product"}],"about":[{"href":"https:\/\/i-confort.com\/index.php?rest_route=\/wp\/v2\/types\/product"}],"wp:featuredmedia":[{"embeddable":true,"href":"https:\/\/i-confort.com\/index.php?rest_route=\/wp\/v2\/media\/20413"}],"wp:attachment":[{"href":"https:\/\/i-confort.com\/index.php?rest_route=%2Fwp%2Fv2%2Fmedia&parent=20414"}],"wp:term":[{"taxonomy":"pwb-brand","embeddable":true,"href":"https:\/\/i-confort.com\/index.php?rest_route=%2Fwp%2Fv2%2Fpwb-brand&post=20414"},{"taxonomy":"product_brand","embeddable":true,"href":"https:\/\/i-confort.com\/index.php?rest_route=%2Fwp%2Fv2%2Fproduct_brand&post=20414"},{"taxonomy":"product_cat","embeddable":true,"href":"https:\/\/i-confort.com\/index.php?rest_route=%2Fwp%2Fv2%2Fproduct_cat&post=20414"},{"taxonomy":"product_tag","embeddable":true,"href":"https:\/\/i-confort.com\/index.php?rest_route=%2Fwp%2Fv2%2Fproduct_tag&post=20414"}],"curies":[{"name":"wp","href":"https:\/\/api.w.org\/{rel}","templated":true}]}}