{"id":20427,"date":"2024-06-29T14:58:00","date_gmt":"2024-06-29T14:58:00","guid":{"rendered":"https:\/\/i-confort.com\/?product=machine-a-laver-samsung-7kg-ww70t4020cx-gris"},"modified":"2024-06-29T14:58:00","modified_gmt":"2024-06-29T14:58:00","slug":"machine-a-laver-samsung-7kg-ww70t4020cx-gris","status":"publish","type":"product","link":"https:\/\/i-confort.com\/?product=machine-a-laver-samsung-7kg-ww70t4020cx-gris","title":{"rendered":"MACHINE A LAVER SAMSUNG 7KG WW70T4020CX GRIS"},"content":{"rendered":"<div class=\"product-mark mt-4\" style=\"font-family: Poppins, sans-serif;margin-top: 1.5rem !important\"><span style=\"font-size: 14px;font-weight: 700\">Marque\u00a0:<\/span>\u00a0SAMSUNG<\/div>\n<div class=\"product-desc\" style=\"font-family: Poppins, sans-serif\"><span style=\"font-size: 14px;font-weight: 700\">R\u00e9f\u00e9rence\u00a0:\u00a0<\/span>WW70T4020CX<\/div>\n<div class=\"tab-pane fade active show mt-2\" id=\"pills-home\" role=\"tabpanel\" aria-labelledby=\"pills-home-tab\" style=\"font-family: Poppins, sans-serif;margin-top: 0.5rem !important\">\n<div>\n<ul style=\"padding-left: 2rem;margin-top: 0px;margin-bottom: 1rem\">\n<li>Dimensions (H x L x P) : 85 x 60 x 55 cm<\/li>\n<li>Machine \u00e0 laver RPM : 1200 (t\/min)<\/li>\n<li>12 programmes<\/li>\n<li>S\u00e9curit\u00e9 enfants<\/li>\n<li>Vapeur d&rsquo;hygi\u00e8ne<\/li>\n<li>Moteur Digital inverter<\/li>\n<\/ul>\n<\/div>\n<\/div>\n","protected":false},"excerpt":{"rendered":"<div class=\"product-mark mt-4\" style=\"font-family: Poppins, sans-serif;margin-top: 1.5rem !important\"><span style=\"font-size: 14px;font-weight: 700\">Marque\u00a0:<\/span>\u00a0SAMSUNG<\/div>\n<div class=\"product-desc\" style=\"font-family: Poppins, sans-serif\"><span style=\"font-size: 14px;font-weight: 700\">R\u00e9f\u00e9rence\u00a0:\u00a0<\/span>WW70T4020CX<\/div>\n<div class=\"tab-pane fade active show mt-2\" id=\"pills-home\" role=\"tabpanel\" aria-labelledby=\"pills-home-tab\" style=\"font-family: Poppins, sans-serif;margin-top: 0.5rem !important\">\n<div>\n<ul style=\"padding-left: 2rem;margin-top: 0px;margin-bottom: 1rem\">\n<li>Dimensions (H x L x P) : 85 x 60 x 55 cm<\/li>\n<li>Machine \u00e0 laver RPM : 1200 (t\/min)<\/li>\n<li>12 programmes<\/li>\n<li>S\u00e9curit\u00e9 enfants<\/li>\n<li>Vapeur d&rsquo;hygi\u00e8ne<\/li>\n<li>Moteur Digital inverter<\/li>\n<\/ul>\n<\/div>\n<\/div>\n","protected":false},"featured_media":20426,"template":"","meta":{"_coblocks_attr":"","_coblocks_dimensions":"","_coblocks_responsive_height":"","_coblocks_accordion_ie_support":""},"pwb-brand":[345],"product_brand":[],"product_cat":[97,352],"product_tag":[],"class_list":{"0":"post-20427","1":"product","2":"type-product","3":"status-publish","4":"has-post-thumbnail","6":"pwb-brand-sumsung","7":"product_cat-electromenagers","8":"product_cat-machine-a-laver-et-cuisine","11":"first","12":"instock","13":"taxable","14":"shipping-taxable","15":"purchasable","16":"product-type-simple"},"yoast_head":"<!-- This site is optimized with the Yoast SEO plugin v27.4 - https:\/\/yoast.com\/product\/yoast-seo-wordpress\/ -->\n<title>MACHINE A LAVER SAMSUNG 7KG WW70T4020CX GRIS - I-CONFORT<\/title>\n<meta name=\"robots\" content=\"index, follow, max-snippet:-1, max-image-preview:large, max-video-preview:-1\" \/>\n<link rel=\"canonical\" href=\"https:\/\/i-confort.com\/?product=machine-a-laver-samsung-7kg-ww70t4020cx-gris\" \/>\n<meta property=\"og:locale\" content=\"fr_FR\" \/>\n<meta property=\"og:type\" content=\"article\" \/>\n<meta property=\"og:title\" content=\"MACHINE A LAVER SAMSUNG 7KG WW70T4020CX GRIS - I-CONFORT\" \/>\n<meta property=\"og:description\" content=\"Marque\u00a0:\u00a0SAMSUNGR\u00e9f\u00e9rence\u00a0:\u00a0WW70T4020CXDimensions (H x L x P) : 85 x 60 x 55 cmMachine \u00e0 laver RPM : 1200 (t\/min)12 programmesS\u00e9curit\u00e9 enfantsVapeur d&#039;hygi\u00e8neMoteur Digital inverter\" \/>\n<meta property=\"og:url\" content=\"https:\/\/i-confort.com\/?product=machine-a-laver-samsung-7kg-ww70t4020cx-gris\" \/>\n<meta property=\"og:site_name\" content=\"I-CONFORT\" \/>\n<meta property=\"og:image\" content=\"https:\/\/i-confort.com\/wp-content\/uploads\/2024\/06\/3958.jpeg\" \/>\n\t<meta property=\"og:image:width\" content=\"500\" \/>\n\t<meta property=\"og:image:height\" content=\"500\" \/>\n\t<meta property=\"og:image:type\" content=\"image\/jpeg\" \/>\n<meta name=\"twitter:card\" content=\"summary_large_image\" \/>\n<script type=\"application\/ld+json\" class=\"yoast-schema-graph\">{\"@context\":\"https:\\\/\\\/schema.org\",\"@graph\":[{\"@type\":\"WebPage\",\"@id\":\"https:\\\/\\\/i-confort.com\\\/?product=machine-a-laver-samsung-7kg-ww70t4020cx-gris\",\"url\":\"https:\\\/\\\/i-confort.com\\\/?product=machine-a-laver-samsung-7kg-ww70t4020cx-gris\",\"name\":\"MACHINE A LAVER SAMSUNG 7KG WW70T4020CX GRIS - I-CONFORT\",\"isPartOf\":{\"@id\":\"https:\\\/\\\/i-confort.com\\\/#website\"},\"primaryImageOfPage\":{\"@id\":\"https:\\\/\\\/i-confort.com\\\/?product=machine-a-laver-samsung-7kg-ww70t4020cx-gris#primaryimage\"},\"image\":{\"@id\":\"https:\\\/\\\/i-confort.com\\\/?product=machine-a-laver-samsung-7kg-ww70t4020cx-gris#primaryimage\"},\"thumbnailUrl\":\"https:\\\/\\\/i-confort.com\\\/wp-content\\\/uploads\\\/2024\\\/06\\\/3958.jpeg\",\"datePublished\":\"2024-06-29T14:58:00+00:00\",\"breadcrumb\":{\"@id\":\"https:\\\/\\\/i-confort.com\\\/?product=machine-a-laver-samsung-7kg-ww70t4020cx-gris#breadcrumb\"},\"inLanguage\":\"fr-FR\",\"potentialAction\":[{\"@type\":\"ReadAction\",\"target\":[\"https:\\\/\\\/i-confort.com\\\/?product=machine-a-laver-samsung-7kg-ww70t4020cx-gris\"]}]},{\"@type\":\"ImageObject\",\"inLanguage\":\"fr-FR\",\"@id\":\"https:\\\/\\\/i-confort.com\\\/?product=machine-a-laver-samsung-7kg-ww70t4020cx-gris#primaryimage\",\"url\":\"https:\\\/\\\/i-confort.com\\\/wp-content\\\/uploads\\\/2024\\\/06\\\/3958.jpeg\",\"contentUrl\":\"https:\\\/\\\/i-confort.com\\\/wp-content\\\/uploads\\\/2024\\\/06\\\/3958.jpeg\",\"width\":500,\"height\":500},{\"@type\":\"BreadcrumbList\",\"@id\":\"https:\\\/\\\/i-confort.com\\\/?product=machine-a-laver-samsung-7kg-ww70t4020cx-gris#breadcrumb\",\"itemListElement\":[{\"@type\":\"ListItem\",\"position\":1,\"name\":\"Home\",\"item\":\"https:\\\/\\\/i-confort.com\\\/\"},{\"@type\":\"ListItem\",\"position\":2,\"name\":\"Boutique\",\"item\":\"https:\\\/\\\/i-confort.com\\\/?page_id=7\"},{\"@type\":\"ListItem\",\"position\":3,\"name\":\"MACHINE A LAVER SAMSUNG 7KG WW70T4020CX GRIS\"}]},{\"@type\":\"WebSite\",\"@id\":\"https:\\\/\\\/i-confort.com\\\/#website\",\"url\":\"https:\\\/\\\/i-confort.com\\\/\",\"name\":\"I-CONFORT\",\"description\":\"Site de vente en ligne\",\"potentialAction\":[{\"@type\":\"SearchAction\",\"target\":{\"@type\":\"EntryPoint\",\"urlTemplate\":\"https:\\\/\\\/i-confort.com\\\/?s={search_term_string}\"},\"query-input\":{\"@type\":\"PropertyValueSpecification\",\"valueRequired\":true,\"valueName\":\"search_term_string\"}}],\"inLanguage\":\"fr-FR\"}]}<\/script>\n<!-- \/ Yoast SEO plugin. -->","yoast_head_json":{"title":"MACHINE A LAVER SAMSUNG 7KG WW70T4020CX GRIS - I-CONFORT","robots":{"index":"index","follow":"follow","max-snippet":"max-snippet:-1","max-image-preview":"max-image-preview:large","max-video-preview":"max-video-preview:-1"},"canonical":"https:\/\/i-confort.com\/?product=machine-a-laver-samsung-7kg-ww70t4020cx-gris","og_locale":"fr_FR","og_type":"article","og_title":"MACHINE A LAVER SAMSUNG 7KG WW70T4020CX GRIS - I-CONFORT","og_description":"Marque\u00a0:\u00a0SAMSUNGR\u00e9f\u00e9rence\u00a0:\u00a0WW70T4020CXDimensions (H x L x P) : 85 x 60 x 55 cmMachine \u00e0 laver RPM : 1200 (t\/min)12 programmesS\u00e9curit\u00e9 enfantsVapeur d'hygi\u00e8neMoteur Digital inverter","og_url":"https:\/\/i-confort.com\/?product=machine-a-laver-samsung-7kg-ww70t4020cx-gris","og_site_name":"I-CONFORT","og_image":[{"width":500,"height":500,"url":"https:\/\/i-confort.com\/wp-content\/uploads\/2024\/06\/3958.jpeg","type":"image\/jpeg"}],"twitter_card":"summary_large_image","schema":{"@context":"https:\/\/schema.org","@graph":[{"@type":"WebPage","@id":"https:\/\/i-confort.com\/?product=machine-a-laver-samsung-7kg-ww70t4020cx-gris","url":"https:\/\/i-confort.com\/?product=machine-a-laver-samsung-7kg-ww70t4020cx-gris","name":"MACHINE A LAVER SAMSUNG 7KG WW70T4020CX GRIS - I-CONFORT","isPartOf":{"@id":"https:\/\/i-confort.com\/#website"},"primaryImageOfPage":{"@id":"https:\/\/i-confort.com\/?product=machine-a-laver-samsung-7kg-ww70t4020cx-gris#primaryimage"},"image":{"@id":"https:\/\/i-confort.com\/?product=machine-a-laver-samsung-7kg-ww70t4020cx-gris#primaryimage"},"thumbnailUrl":"https:\/\/i-confort.com\/wp-content\/uploads\/2024\/06\/3958.jpeg","datePublished":"2024-06-29T14:58:00+00:00","breadcrumb":{"@id":"https:\/\/i-confort.com\/?product=machine-a-laver-samsung-7kg-ww70t4020cx-gris#breadcrumb"},"inLanguage":"fr-FR","potentialAction":[{"@type":"ReadAction","target":["https:\/\/i-confort.com\/?product=machine-a-laver-samsung-7kg-ww70t4020cx-gris"]}]},{"@type":"ImageObject","inLanguage":"fr-FR","@id":"https:\/\/i-confort.com\/?product=machine-a-laver-samsung-7kg-ww70t4020cx-gris#primaryimage","url":"https:\/\/i-confort.com\/wp-content\/uploads\/2024\/06\/3958.jpeg","contentUrl":"https:\/\/i-confort.com\/wp-content\/uploads\/2024\/06\/3958.jpeg","width":500,"height":500},{"@type":"BreadcrumbList","@id":"https:\/\/i-confort.com\/?product=machine-a-laver-samsung-7kg-ww70t4020cx-gris#breadcrumb","itemListElement":[{"@type":"ListItem","position":1,"name":"Home","item":"https:\/\/i-confort.com\/"},{"@type":"ListItem","position":2,"name":"Boutique","item":"https:\/\/i-confort.com\/?page_id=7"},{"@type":"ListItem","position":3,"name":"MACHINE A LAVER SAMSUNG 7KG WW70T4020CX GRIS"}]},{"@type":"WebSite","@id":"https:\/\/i-confort.com\/#website","url":"https:\/\/i-confort.com\/","name":"I-CONFORT","description":"Site de vente en ligne","potentialAction":[{"@type":"SearchAction","target":{"@type":"EntryPoint","urlTemplate":"https:\/\/i-confort.com\/?s={search_term_string}"},"query-input":{"@type":"PropertyValueSpecification","valueRequired":true,"valueName":"search_term_string"}}],"inLanguage":"fr-FR"}]}},"brands":[{"id":345,"name":"Samsung","slug":"sumsung"}],"_links":{"self":[{"href":"https:\/\/i-confort.com\/index.php?rest_route=\/wp\/v2\/product\/20427","targetHints":{"allow":["GET"]}}],"collection":[{"href":"https:\/\/i-confort.com\/index.php?rest_route=\/wp\/v2\/product"}],"about":[{"href":"https:\/\/i-confort.com\/index.php?rest_route=\/wp\/v2\/types\/product"}],"wp:featuredmedia":[{"embeddable":true,"href":"https:\/\/i-confort.com\/index.php?rest_route=\/wp\/v2\/media\/20426"}],"wp:attachment":[{"href":"https:\/\/i-confort.com\/index.php?rest_route=%2Fwp%2Fv2%2Fmedia&parent=20427"}],"wp:term":[{"taxonomy":"pwb-brand","embeddable":true,"href":"https:\/\/i-confort.com\/index.php?rest_route=%2Fwp%2Fv2%2Fpwb-brand&post=20427"},{"taxonomy":"product_brand","embeddable":true,"href":"https:\/\/i-confort.com\/index.php?rest_route=%2Fwp%2Fv2%2Fproduct_brand&post=20427"},{"taxonomy":"product_cat","embeddable":true,"href":"https:\/\/i-confort.com\/index.php?rest_route=%2Fwp%2Fv2%2Fproduct_cat&post=20427"},{"taxonomy":"product_tag","embeddable":true,"href":"https:\/\/i-confort.com\/index.php?rest_route=%2Fwp%2Fv2%2Fproduct_tag&post=20427"}],"curies":[{"name":"wp","href":"https:\/\/api.w.org\/{rel}","templated":true}]}}