{"id":20467,"date":"2024-07-04T14:03:10","date_gmt":"2024-07-04T14:03:10","guid":{"rendered":"https:\/\/i-confort.com\/?product=bissell-aspirateur-balais-ref-2024n"},"modified":"2024-07-04T14:03:10","modified_gmt":"2024-07-04T14:03:10","slug":"bissell-aspirateur-balais-ref-2024n","status":"publish","type":"product","link":"https:\/\/i-confort.com\/?product=bissell-aspirateur-balais-ref-2024n","title":{"rendered":"BISSELL ASPIRATEUR BALAIS REF\/2024N"},"content":{"rendered":"<ul class=\"a-unordered-list a-vertical a-spacing-mini\">\n<li class=\"a-spacing-mini\" style=\"margin: 0px\"><span class=\"a-list-item\">Design l\u00e9ger pour un nettoyage rapide et pratique<\/span><\/li>\n<li class=\"a-spacing-mini\" style=\"margin: 0px\"><span class=\"a-list-item\">Deux produits en un: se transforme facilement en un aspirateur portable.<\/span><\/li>\n<li class=\"a-spacing-mini\" style=\"margin: 0px\"><span class=\"a-list-item\">Id\u00e9al \u00e0 utiliser sur les tapis et les planchers durs<\/span><\/li>\n<li class=\"a-spacing-mini\" style=\"margin: 0px\"><span class=\"a-list-item\">Peut \u00eatre utilis\u00e9 dans un rayon de 6 m\u00e8tres et 23 centim\u00e8tres qui facilitent tous le nettoyage autour de votre maison<\/span><\/li>\n<li class=\"a-spacing-mini\" style=\"margin: 0px\"><span class=\"a-list-item\">Excellente puissance d&rsquo;aspiration avec un moteur de 450 W et 100 W d&rsquo;aspiration de l&rsquo;air<\/span><\/li>\n<\/ul>\n","protected":false},"excerpt":{"rendered":"<p><span style=\"font-family: verdana, arial, helvetica, sans-serif;font-size: 17px\">BISSELL 2024N Featherweight Pro Eco Aspirateur Vertical Multifonctionnel, 450 W, 0.5 liters, Titane et Bleu<\/span><br data-mce-bogus=\"1\"><\/p>\n","protected":false},"featured_media":20465,"template":"","meta":{"_coblocks_attr":"","_coblocks_dimensions":"","_coblocks_responsive_height":"","_coblocks_accordion_ie_support":""},"pwb-brand":[451],"product_brand":[],"product_cat":[97],"product_tag":[],"class_list":{"0":"post-20467","1":"product","2":"type-product","3":"status-publish","4":"has-post-thumbnail","6":"pwb-brand-bissell","7":"product_cat-electromenagers","10":"first","11":"instock","12":"taxable","13":"shipping-taxable","14":"purchasable","15":"product-type-simple"},"yoast_head":"<!-- This site is optimized with the Yoast SEO plugin v27.4 - https:\/\/yoast.com\/product\/yoast-seo-wordpress\/ -->\n<title>BISSELL ASPIRATEUR BALAIS REF\/2024N - I-CONFORT<\/title>\n<meta name=\"robots\" content=\"index, follow, max-snippet:-1, max-image-preview:large, max-video-preview:-1\" \/>\n<link rel=\"canonical\" href=\"https:\/\/i-confort.com\/?product=bissell-aspirateur-balais-ref-2024n\" \/>\n<meta property=\"og:locale\" content=\"fr_FR\" \/>\n<meta property=\"og:type\" content=\"article\" \/>\n<meta property=\"og:title\" content=\"BISSELL ASPIRATEUR BALAIS REF\/2024N - I-CONFORT\" \/>\n<meta property=\"og:description\" content=\"BISSELL 2024N Featherweight Pro Eco Aspirateur Vertical Multifonctionnel, 450 W, 0.5 liters, Titane et Bleu\" \/>\n<meta property=\"og:url\" content=\"https:\/\/i-confort.com\/?product=bissell-aspirateur-balais-ref-2024n\" \/>\n<meta property=\"og:site_name\" content=\"I-CONFORT\" \/>\n<meta property=\"og:image\" content=\"https:\/\/i-confort.com\/wp-content\/uploads\/2024\/07\/22.jpg\" \/>\n\t<meta property=\"og:image:width\" content=\"317\" \/>\n\t<meta property=\"og:image:height\" content=\"1500\" \/>\n\t<meta property=\"og:image:type\" content=\"image\/jpeg\" \/>\n<meta name=\"twitter:card\" content=\"summary_large_image\" \/>\n<script type=\"application\/ld+json\" class=\"yoast-schema-graph\">{\"@context\":\"https:\\\/\\\/schema.org\",\"@graph\":[{\"@type\":\"WebPage\",\"@id\":\"https:\\\/\\\/i-confort.com\\\/?product=bissell-aspirateur-balais-ref-2024n\",\"url\":\"https:\\\/\\\/i-confort.com\\\/?product=bissell-aspirateur-balais-ref-2024n\",\"name\":\"BISSELL ASPIRATEUR BALAIS REF\\\/2024N - I-CONFORT\",\"isPartOf\":{\"@id\":\"https:\\\/\\\/i-confort.com\\\/#website\"},\"primaryImageOfPage\":{\"@id\":\"https:\\\/\\\/i-confort.com\\\/?product=bissell-aspirateur-balais-ref-2024n#primaryimage\"},\"image\":{\"@id\":\"https:\\\/\\\/i-confort.com\\\/?product=bissell-aspirateur-balais-ref-2024n#primaryimage\"},\"thumbnailUrl\":\"https:\\\/\\\/i-confort.com\\\/wp-content\\\/uploads\\\/2024\\\/07\\\/22.jpg\",\"datePublished\":\"2024-07-04T14:03:10+00:00\",\"breadcrumb\":{\"@id\":\"https:\\\/\\\/i-confort.com\\\/?product=bissell-aspirateur-balais-ref-2024n#breadcrumb\"},\"inLanguage\":\"fr-FR\",\"potentialAction\":[{\"@type\":\"ReadAction\",\"target\":[\"https:\\\/\\\/i-confort.com\\\/?product=bissell-aspirateur-balais-ref-2024n\"]}]},{\"@type\":\"ImageObject\",\"inLanguage\":\"fr-FR\",\"@id\":\"https:\\\/\\\/i-confort.com\\\/?product=bissell-aspirateur-balais-ref-2024n#primaryimage\",\"url\":\"https:\\\/\\\/i-confort.com\\\/wp-content\\\/uploads\\\/2024\\\/07\\\/22.jpg\",\"contentUrl\":\"https:\\\/\\\/i-confort.com\\\/wp-content\\\/uploads\\\/2024\\\/07\\\/22.jpg\",\"width\":317,\"height\":1500},{\"@type\":\"BreadcrumbList\",\"@id\":\"https:\\\/\\\/i-confort.com\\\/?product=bissell-aspirateur-balais-ref-2024n#breadcrumb\",\"itemListElement\":[{\"@type\":\"ListItem\",\"position\":1,\"name\":\"Home\",\"item\":\"https:\\\/\\\/i-confort.com\\\/\"},{\"@type\":\"ListItem\",\"position\":2,\"name\":\"Boutique\",\"item\":\"https:\\\/\\\/i-confort.com\\\/?page_id=7\"},{\"@type\":\"ListItem\",\"position\":3,\"name\":\"BISSELL ASPIRATEUR BALAIS REF\\\/2024N\"}]},{\"@type\":\"WebSite\",\"@id\":\"https:\\\/\\\/i-confort.com\\\/#website\",\"url\":\"https:\\\/\\\/i-confort.com\\\/\",\"name\":\"I-CONFORT\",\"description\":\"Site de vente en ligne\",\"potentialAction\":[{\"@type\":\"SearchAction\",\"target\":{\"@type\":\"EntryPoint\",\"urlTemplate\":\"https:\\\/\\\/i-confort.com\\\/?s={search_term_string}\"},\"query-input\":{\"@type\":\"PropertyValueSpecification\",\"valueRequired\":true,\"valueName\":\"search_term_string\"}}],\"inLanguage\":\"fr-FR\"}]}<\/script>\n<!-- \/ Yoast SEO plugin. -->","yoast_head_json":{"title":"BISSELL ASPIRATEUR BALAIS REF\/2024N - I-CONFORT","robots":{"index":"index","follow":"follow","max-snippet":"max-snippet:-1","max-image-preview":"max-image-preview:large","max-video-preview":"max-video-preview:-1"},"canonical":"https:\/\/i-confort.com\/?product=bissell-aspirateur-balais-ref-2024n","og_locale":"fr_FR","og_type":"article","og_title":"BISSELL ASPIRATEUR BALAIS REF\/2024N - I-CONFORT","og_description":"BISSELL 2024N Featherweight Pro Eco Aspirateur Vertical Multifonctionnel, 450 W, 0.5 liters, Titane et Bleu","og_url":"https:\/\/i-confort.com\/?product=bissell-aspirateur-balais-ref-2024n","og_site_name":"I-CONFORT","og_image":[{"width":317,"height":1500,"url":"https:\/\/i-confort.com\/wp-content\/uploads\/2024\/07\/22.jpg","type":"image\/jpeg"}],"twitter_card":"summary_large_image","schema":{"@context":"https:\/\/schema.org","@graph":[{"@type":"WebPage","@id":"https:\/\/i-confort.com\/?product=bissell-aspirateur-balais-ref-2024n","url":"https:\/\/i-confort.com\/?product=bissell-aspirateur-balais-ref-2024n","name":"BISSELL ASPIRATEUR BALAIS REF\/2024N - I-CONFORT","isPartOf":{"@id":"https:\/\/i-confort.com\/#website"},"primaryImageOfPage":{"@id":"https:\/\/i-confort.com\/?product=bissell-aspirateur-balais-ref-2024n#primaryimage"},"image":{"@id":"https:\/\/i-confort.com\/?product=bissell-aspirateur-balais-ref-2024n#primaryimage"},"thumbnailUrl":"https:\/\/i-confort.com\/wp-content\/uploads\/2024\/07\/22.jpg","datePublished":"2024-07-04T14:03:10+00:00","breadcrumb":{"@id":"https:\/\/i-confort.com\/?product=bissell-aspirateur-balais-ref-2024n#breadcrumb"},"inLanguage":"fr-FR","potentialAction":[{"@type":"ReadAction","target":["https:\/\/i-confort.com\/?product=bissell-aspirateur-balais-ref-2024n"]}]},{"@type":"ImageObject","inLanguage":"fr-FR","@id":"https:\/\/i-confort.com\/?product=bissell-aspirateur-balais-ref-2024n#primaryimage","url":"https:\/\/i-confort.com\/wp-content\/uploads\/2024\/07\/22.jpg","contentUrl":"https:\/\/i-confort.com\/wp-content\/uploads\/2024\/07\/22.jpg","width":317,"height":1500},{"@type":"BreadcrumbList","@id":"https:\/\/i-confort.com\/?product=bissell-aspirateur-balais-ref-2024n#breadcrumb","itemListElement":[{"@type":"ListItem","position":1,"name":"Home","item":"https:\/\/i-confort.com\/"},{"@type":"ListItem","position":2,"name":"Boutique","item":"https:\/\/i-confort.com\/?page_id=7"},{"@type":"ListItem","position":3,"name":"BISSELL ASPIRATEUR BALAIS REF\/2024N"}]},{"@type":"WebSite","@id":"https:\/\/i-confort.com\/#website","url":"https:\/\/i-confort.com\/","name":"I-CONFORT","description":"Site de vente en ligne","potentialAction":[{"@type":"SearchAction","target":{"@type":"EntryPoint","urlTemplate":"https:\/\/i-confort.com\/?s={search_term_string}"},"query-input":{"@type":"PropertyValueSpecification","valueRequired":true,"valueName":"search_term_string"}}],"inLanguage":"fr-FR"}]}},"brands":[{"id":451,"name":"Bissell","slug":"bissell"}],"_links":{"self":[{"href":"https:\/\/i-confort.com\/index.php?rest_route=\/wp\/v2\/product\/20467","targetHints":{"allow":["GET"]}}],"collection":[{"href":"https:\/\/i-confort.com\/index.php?rest_route=\/wp\/v2\/product"}],"about":[{"href":"https:\/\/i-confort.com\/index.php?rest_route=\/wp\/v2\/types\/product"}],"wp:featuredmedia":[{"embeddable":true,"href":"https:\/\/i-confort.com\/index.php?rest_route=\/wp\/v2\/media\/20465"}],"wp:attachment":[{"href":"https:\/\/i-confort.com\/index.php?rest_route=%2Fwp%2Fv2%2Fmedia&parent=20467"}],"wp:term":[{"taxonomy":"pwb-brand","embeddable":true,"href":"https:\/\/i-confort.com\/index.php?rest_route=%2Fwp%2Fv2%2Fpwb-brand&post=20467"},{"taxonomy":"product_brand","embeddable":true,"href":"https:\/\/i-confort.com\/index.php?rest_route=%2Fwp%2Fv2%2Fproduct_brand&post=20467"},{"taxonomy":"product_cat","embeddable":true,"href":"https:\/\/i-confort.com\/index.php?rest_route=%2Fwp%2Fv2%2Fproduct_cat&post=20467"},{"taxonomy":"product_tag","embeddable":true,"href":"https:\/\/i-confort.com\/index.php?rest_route=%2Fwp%2Fv2%2Fproduct_tag&post=20467"}],"curies":[{"name":"wp","href":"https:\/\/api.w.org\/{rel}","templated":true}]}}