{"id":20469,"date":"2024-07-08T08:14:48","date_gmt":"2024-07-08T08:14:48","guid":{"rendered":"https:\/\/i-confort.com\/?product=bissell-aspirateur-cross-ref-17132"},"modified":"2024-07-08T08:14:49","modified_gmt":"2024-07-08T08:14:49","slug":"bissell-aspirateur-cross-ref-17132","status":"publish","type":"product","link":"https:\/\/i-confort.com\/?product=bissell-aspirateur-cross-ref-17132","title":{"rendered":"BISSELL ASPIRATEUR CROSS REF\/17132"},"content":{"rendered":"<ul class=\"a-unordered-list a-vertical a-spacing-mini\">\n<li class=\"a-spacing-mini\" style=\"margin: 0px\"><span class=\"a-list-item\">PUISSANCE DE NETTOYAGE 3-EN-1 POLYVALENTE: Profitez de l&rsquo;aspiration humide et s\u00e8che, du lavage et du s\u00e9chage en un seul passage fluide avec notre nettoyeur de sols 3-en-1<\/span><\/li>\n<li class=\"a-spacing-mini\" style=\"margin: 0px\"><span class=\"a-list-item\">SOLUTION DE NETTOYAGE MULTI-SURFACES: Le BISSELL CrossWave est s\u00fbr et efficace pour les carreaux, les sols en bois scell\u00e9s, les tapis, le stratifi\u00e9, le linol\u00e9um, les tapis en caoutchouc, les panneaux de particules et plus encore<\/span><\/li>\n<li class=\"a-spacing-mini\" style=\"margin: 0px\"><span class=\"a-list-item\">TECHNOLOGIE \u00c0 DOUBLE R\u00c9SERVOIR EFFICACE: Maintient l&rsquo;eau propre et le d\u00e9tergent s\u00e9par\u00e9s de l&rsquo;eau sale et des d\u00e9bris dans des r\u00e9servoirs facilement amovibles.<\/span><\/li>\n<li class=\"a-spacing-mini\" style=\"margin: 0px\"><span class=\"a-list-item\">DESIGN ET FONCTIONNALIT\u00c9S EXCELLENTS: Laur\u00e9at du Red Dot Design Award, avec un c\u00e2ble de 7,5 m\u00e8tres pour une port\u00e9e \u00e9tendue et un \u00e9chantillon de solution de nettoyage multi-surfaces inclus.<\/span><\/li>\n<li class=\"a-spacing-mini\" style=\"margin: 0px\"><span class=\"a-list-item\">PERFORMANCE OPTIMALE: Obtenez des performances de pointe avec les solutions de nettoyage BISSELL Multi Surface, Multi Surface Pet ou Wood Floor<\/span><\/li>\n<li class=\"a-spacing-mini\" style=\"margin: 0px\"><span class=\"a-list-item\">MANUEL D&rsquo;UTILISATION COMPLET: Faites d\u00e9filer la page jusqu&rsquo;\u00e0 la section &lsquo;Guides de Produits et Documents&rsquo; pour t\u00e9l\u00e9charger le manuel et ma\u00eetriser parfaitement l&rsquo;utilisation de votre produit<\/span><\/li>\n<\/ul>\n","protected":false},"excerpt":{"rendered":"<p><p class=\"MsoNormal\" style=\"margin-bottom:0cm;line-height:24.0pt;background:white\"><span>BISSELL CrossWave <\/span><\/p>\n<p class=\"MsoNormal\" style=\"margin-bottom:0cm;line-height:24.0pt;background:white\"><span>&#8211; Aspirateur<br \/>\nLaveur <\/span><\/p>\n<p class=\"MsoNormal\" style=\"margin-bottom:0cm;line-height:24.0pt;background:white\"><span>&#8211; Aspirateur Eau et Poussi\u00e8re <\/span><\/p>\n<p class=\"MsoNormal\" style=\"margin-bottom:0cm;line-height:24.0pt;background:white\"><span>&#8211; Multifonction 3 en 1 <\/span><\/p>\n<p class=\"MsoNormal\" style=\"margin-bottom:0cm;line-height:24.0pt;background:white\"><span>&#8211; Aspirateurs, Lave<br \/>\net S\u00e8che <\/span><\/p>\n<p class=\"MsoNormal\" style=\"margin-bottom:0cm;line-height:24.0pt;background:white\"><span>&#8211; Aspirateur Nettoyant Multi-Surfaces <\/span><\/p>\n<p class=\"MsoNormal\" style=\"margin-bottom:0cm;line-height:24.0pt;background:white\"><span>&#8211; Tapis et Sols Durs <\/span><\/p>\n<p class=\"MsoNormal\" style=\"margin-bottom:0cm;line-height:24.0pt;background:white\"><span>&#8211; 80dB &#8211;<br \/>\n17132<\/span><\/p>\n<p class=\"MsoNormal\"><span>\u00a0<\/span><\/p>\n<p><br data-mce-bogus=\"1\"><\/p>\n","protected":false},"featured_media":20465,"template":"","meta":{"_coblocks_attr":"","_coblocks_dimensions":"","_coblocks_responsive_height":"","_coblocks_accordion_ie_support":""},"pwb-brand":[451],"product_brand":[],"product_cat":[97],"product_tag":[],"class_list":{"0":"post-20469","1":"product","2":"type-product","3":"status-publish","4":"has-post-thumbnail","6":"pwb-brand-bissell","7":"product_cat-electromenagers","10":"first","11":"instock","12":"taxable","13":"shipping-taxable","14":"purchasable","15":"product-type-simple"},"yoast_head":"<!-- This site is optimized with the Yoast SEO plugin v27.4 - https:\/\/yoast.com\/product\/yoast-seo-wordpress\/ -->\n<title>BISSELL ASPIRATEUR CROSS REF\/17132 - I-CONFORT<\/title>\n<meta name=\"robots\" content=\"index, follow, max-snippet:-1, max-image-preview:large, max-video-preview:-1\" \/>\n<link rel=\"canonical\" href=\"https:\/\/i-confort.com\/?product=bissell-aspirateur-cross-ref-17132\" \/>\n<meta property=\"og:locale\" content=\"fr_FR\" \/>\n<meta property=\"og:type\" content=\"article\" \/>\n<meta property=\"og:title\" content=\"BISSELL ASPIRATEUR CROSS REF\/17132 - I-CONFORT\" \/>\n<meta property=\"og:description\" content=\"BISSELL CrossWave - Aspirateur Laveur - Aspirateur Eau et Poussi\u00e8re - Multifonction 3 en 1 - Aspirateurs, Lave et S\u00e8che - Aspirateur Nettoyant Multi-Surfaces - Tapis et Sols Durs - 80dB - 17132 \u00a0\" \/>\n<meta property=\"og:url\" content=\"https:\/\/i-confort.com\/?product=bissell-aspirateur-cross-ref-17132\" \/>\n<meta property=\"og:site_name\" content=\"I-CONFORT\" \/>\n<meta property=\"article:modified_time\" content=\"2024-07-08T08:14:49+00:00\" \/>\n<meta property=\"og:image\" content=\"https:\/\/i-confort.com\/wp-content\/uploads\/2024\/07\/22.jpg\" \/>\n\t<meta property=\"og:image:width\" content=\"317\" \/>\n\t<meta property=\"og:image:height\" content=\"1500\" \/>\n\t<meta property=\"og:image:type\" content=\"image\/jpeg\" \/>\n<meta name=\"twitter:card\" content=\"summary_large_image\" \/>\n<meta name=\"twitter:label1\" content=\"Dur\u00e9e de lecture estim\u00e9e\" \/>\n\t<meta name=\"twitter:data1\" content=\"1 minute\" \/>\n<script type=\"application\/ld+json\" class=\"yoast-schema-graph\">{\"@context\":\"https:\\\/\\\/schema.org\",\"@graph\":[{\"@type\":\"WebPage\",\"@id\":\"https:\\\/\\\/i-confort.com\\\/?product=bissell-aspirateur-cross-ref-17132\",\"url\":\"https:\\\/\\\/i-confort.com\\\/?product=bissell-aspirateur-cross-ref-17132\",\"name\":\"BISSELL ASPIRATEUR CROSS REF\\\/17132 - I-CONFORT\",\"isPartOf\":{\"@id\":\"https:\\\/\\\/i-confort.com\\\/#website\"},\"primaryImageOfPage\":{\"@id\":\"https:\\\/\\\/i-confort.com\\\/?product=bissell-aspirateur-cross-ref-17132#primaryimage\"},\"image\":{\"@id\":\"https:\\\/\\\/i-confort.com\\\/?product=bissell-aspirateur-cross-ref-17132#primaryimage\"},\"thumbnailUrl\":\"https:\\\/\\\/i-confort.com\\\/wp-content\\\/uploads\\\/2024\\\/07\\\/22.jpg\",\"datePublished\":\"2024-07-08T08:14:48+00:00\",\"dateModified\":\"2024-07-08T08:14:49+00:00\",\"breadcrumb\":{\"@id\":\"https:\\\/\\\/i-confort.com\\\/?product=bissell-aspirateur-cross-ref-17132#breadcrumb\"},\"inLanguage\":\"fr-FR\",\"potentialAction\":[{\"@type\":\"ReadAction\",\"target\":[\"https:\\\/\\\/i-confort.com\\\/?product=bissell-aspirateur-cross-ref-17132\"]}]},{\"@type\":\"ImageObject\",\"inLanguage\":\"fr-FR\",\"@id\":\"https:\\\/\\\/i-confort.com\\\/?product=bissell-aspirateur-cross-ref-17132#primaryimage\",\"url\":\"https:\\\/\\\/i-confort.com\\\/wp-content\\\/uploads\\\/2024\\\/07\\\/22.jpg\",\"contentUrl\":\"https:\\\/\\\/i-confort.com\\\/wp-content\\\/uploads\\\/2024\\\/07\\\/22.jpg\",\"width\":317,\"height\":1500},{\"@type\":\"BreadcrumbList\",\"@id\":\"https:\\\/\\\/i-confort.com\\\/?product=bissell-aspirateur-cross-ref-17132#breadcrumb\",\"itemListElement\":[{\"@type\":\"ListItem\",\"position\":1,\"name\":\"Home\",\"item\":\"https:\\\/\\\/i-confort.com\\\/\"},{\"@type\":\"ListItem\",\"position\":2,\"name\":\"Boutique\",\"item\":\"https:\\\/\\\/i-confort.com\\\/?page_id=7\"},{\"@type\":\"ListItem\",\"position\":3,\"name\":\"BISSELL ASPIRATEUR CROSS REF\\\/17132\"}]},{\"@type\":\"WebSite\",\"@id\":\"https:\\\/\\\/i-confort.com\\\/#website\",\"url\":\"https:\\\/\\\/i-confort.com\\\/\",\"name\":\"I-CONFORT\",\"description\":\"Site de vente en ligne\",\"potentialAction\":[{\"@type\":\"SearchAction\",\"target\":{\"@type\":\"EntryPoint\",\"urlTemplate\":\"https:\\\/\\\/i-confort.com\\\/?s={search_term_string}\"},\"query-input\":{\"@type\":\"PropertyValueSpecification\",\"valueRequired\":true,\"valueName\":\"search_term_string\"}}],\"inLanguage\":\"fr-FR\"}]}<\/script>\n<!-- \/ Yoast SEO plugin. -->","yoast_head_json":{"title":"BISSELL ASPIRATEUR CROSS REF\/17132 - I-CONFORT","robots":{"index":"index","follow":"follow","max-snippet":"max-snippet:-1","max-image-preview":"max-image-preview:large","max-video-preview":"max-video-preview:-1"},"canonical":"https:\/\/i-confort.com\/?product=bissell-aspirateur-cross-ref-17132","og_locale":"fr_FR","og_type":"article","og_title":"BISSELL ASPIRATEUR CROSS REF\/17132 - I-CONFORT","og_description":"BISSELL CrossWave - Aspirateur Laveur - Aspirateur Eau et Poussi\u00e8re - Multifonction 3 en 1 - Aspirateurs, Lave et S\u00e8che - Aspirateur Nettoyant Multi-Surfaces - Tapis et Sols Durs - 80dB - 17132 \u00a0","og_url":"https:\/\/i-confort.com\/?product=bissell-aspirateur-cross-ref-17132","og_site_name":"I-CONFORT","article_modified_time":"2024-07-08T08:14:49+00:00","og_image":[{"width":317,"height":1500,"url":"https:\/\/i-confort.com\/wp-content\/uploads\/2024\/07\/22.jpg","type":"image\/jpeg"}],"twitter_card":"summary_large_image","twitter_misc":{"Dur\u00e9e de lecture estim\u00e9e":"1 minute"},"schema":{"@context":"https:\/\/schema.org","@graph":[{"@type":"WebPage","@id":"https:\/\/i-confort.com\/?product=bissell-aspirateur-cross-ref-17132","url":"https:\/\/i-confort.com\/?product=bissell-aspirateur-cross-ref-17132","name":"BISSELL ASPIRATEUR CROSS REF\/17132 - I-CONFORT","isPartOf":{"@id":"https:\/\/i-confort.com\/#website"},"primaryImageOfPage":{"@id":"https:\/\/i-confort.com\/?product=bissell-aspirateur-cross-ref-17132#primaryimage"},"image":{"@id":"https:\/\/i-confort.com\/?product=bissell-aspirateur-cross-ref-17132#primaryimage"},"thumbnailUrl":"https:\/\/i-confort.com\/wp-content\/uploads\/2024\/07\/22.jpg","datePublished":"2024-07-08T08:14:48+00:00","dateModified":"2024-07-08T08:14:49+00:00","breadcrumb":{"@id":"https:\/\/i-confort.com\/?product=bissell-aspirateur-cross-ref-17132#breadcrumb"},"inLanguage":"fr-FR","potentialAction":[{"@type":"ReadAction","target":["https:\/\/i-confort.com\/?product=bissell-aspirateur-cross-ref-17132"]}]},{"@type":"ImageObject","inLanguage":"fr-FR","@id":"https:\/\/i-confort.com\/?product=bissell-aspirateur-cross-ref-17132#primaryimage","url":"https:\/\/i-confort.com\/wp-content\/uploads\/2024\/07\/22.jpg","contentUrl":"https:\/\/i-confort.com\/wp-content\/uploads\/2024\/07\/22.jpg","width":317,"height":1500},{"@type":"BreadcrumbList","@id":"https:\/\/i-confort.com\/?product=bissell-aspirateur-cross-ref-17132#breadcrumb","itemListElement":[{"@type":"ListItem","position":1,"name":"Home","item":"https:\/\/i-confort.com\/"},{"@type":"ListItem","position":2,"name":"Boutique","item":"https:\/\/i-confort.com\/?page_id=7"},{"@type":"ListItem","position":3,"name":"BISSELL ASPIRATEUR CROSS REF\/17132"}]},{"@type":"WebSite","@id":"https:\/\/i-confort.com\/#website","url":"https:\/\/i-confort.com\/","name":"I-CONFORT","description":"Site de vente en ligne","potentialAction":[{"@type":"SearchAction","target":{"@type":"EntryPoint","urlTemplate":"https:\/\/i-confort.com\/?s={search_term_string}"},"query-input":{"@type":"PropertyValueSpecification","valueRequired":true,"valueName":"search_term_string"}}],"inLanguage":"fr-FR"}]}},"brands":[{"id":451,"name":"Bissell","slug":"bissell"}],"_links":{"self":[{"href":"https:\/\/i-confort.com\/index.php?rest_route=\/wp\/v2\/product\/20469","targetHints":{"allow":["GET"]}}],"collection":[{"href":"https:\/\/i-confort.com\/index.php?rest_route=\/wp\/v2\/product"}],"about":[{"href":"https:\/\/i-confort.com\/index.php?rest_route=\/wp\/v2\/types\/product"}],"wp:featuredmedia":[{"embeddable":true,"href":"https:\/\/i-confort.com\/index.php?rest_route=\/wp\/v2\/media\/20465"}],"wp:attachment":[{"href":"https:\/\/i-confort.com\/index.php?rest_route=%2Fwp%2Fv2%2Fmedia&parent=20469"}],"wp:term":[{"taxonomy":"pwb-brand","embeddable":true,"href":"https:\/\/i-confort.com\/index.php?rest_route=%2Fwp%2Fv2%2Fpwb-brand&post=20469"},{"taxonomy":"product_brand","embeddable":true,"href":"https:\/\/i-confort.com\/index.php?rest_route=%2Fwp%2Fv2%2Fproduct_brand&post=20469"},{"taxonomy":"product_cat","embeddable":true,"href":"https:\/\/i-confort.com\/index.php?rest_route=%2Fwp%2Fv2%2Fproduct_cat&post=20469"},{"taxonomy":"product_tag","embeddable":true,"href":"https:\/\/i-confort.com\/index.php?rest_route=%2Fwp%2Fv2%2Fproduct_tag&post=20469"}],"curies":[{"name":"wp","href":"https:\/\/api.w.org\/{rel}","templated":true}]}}