{"id":20476,"date":"2024-07-08T09:19:07","date_gmt":"2024-07-08T09:19:07","guid":{"rendered":"https:\/\/i-confort.com\/?product=bomann-fer-a-epasser-db6006"},"modified":"2025-02-04T13:01:19","modified_gmt":"2025-02-04T13:01:19","slug":"bomann-fer-a-epasser-db6006","status":"publish","type":"product","link":"https:\/\/i-confort.com\/?product=bomann-fer-a-epasser-db6006","title":{"rendered":"BOMANN FER A EPASSER DB6006"},"content":{"rendered":"<p><span class=\"a-list-item\">Fonction disponibles : pulv\u00e9risation, jet de vapeur, vapeur verticale, s\u00e9chage (la vapeur peut \u00eatre d\u00e9sactiv\u00e9e), autonettoyante (commutable), fonction anti-goutte, filtration du calcaire<\/span><\/p>\n<ul class=\"a-unordered-list a-vertical a-spacing-mini\">\n<li class=\"a-spacing-mini\" style=\"margin: 0px\" data-mce-style=\"margin: 0px;\"><span class=\"a-list-item\">Avec ou sans fil : ce fer \u00e0 repasser se manipule ais\u00e9ment. De plus, il est dot\u00e9 de pieds caoutchout\u00e9s ce qui lui assure une parfaite stabilit\u00e9<\/span><\/li>\n<li class=\"a-spacing-mini\" style=\"margin: 0px\" data-mce-style=\"margin: 0px;\"><span class=\"a-list-item\">Le + Produit : Puissance vapeur pour pr\u00e9sentation horizontale et verticale &#8211; \u00c9limine efficacement les plis &#8211; Pour une parfaite finition de votre repassage, profitez de sa fonction d&rsquo;auto-nettoyage commutable<\/span><\/li>\n<li class=\"a-spacing-mini\" style=\"margin: 0px\" data-mce-style=\"margin: 0px;\"><span class=\"a-list-item\">Sp\u00e9cificit\u00e9s : Le contr\u00f4le de la temp\u00e9rature peut varier selon vos besoins. La r\u00e9partition uniforme de la chaleur se fait par le biais de 56 buses de vapeur<\/span><\/li>\n<li class=\"a-spacing-mini\" style=\"margin: 0px\" data-mce-style=\"margin: 0px;\"><span class=\"a-list-item\">La S\u00e9curit\u00e9 est une priorit\u00e9 pour la marque Bomann : Ce produit a donc \u00e9t\u00e9 con\u00e7u en suivant les normes les plus strictes de s\u00e9curit\u00e9 pour offrir un produit certifi\u00e9 CE. Ce produit est livr\u00e9 avec une prise europ\u00e9enne et un manuel d&rsquo;utilisation multilingues<\/span><\/li>\n<\/ul>\n","protected":false},"excerpt":{"rendered":"<h1 style=\"margin: 0cm;line-height: 24.0pt;background: white\" data-mce-style=\"margin: 0cm; line-height: 24.0pt; background: white;\"><span class=\"a-size-large\">&#8211; Fer \u00e0 repasser vapeur <\/span><\/h1>\n<h1 style=\"margin: 0cm;line-height: 24.0pt;background: white\" data-mce-style=\"margin: 0cm; line-height: 24.0pt; background: white;\"><span class=\"a-size-large\">&#8211; Bomann DB 6006 CB<\/span><\/h1>\n<h1 style=\"margin: 0cm;line-height: 24.0pt;background: white\" data-mce-style=\"margin: 0cm; line-height: 24.0pt; background: white;\"><span class=\"a-size-large\">\u00a0&#8211; Fer<br \/>\u00e0 repasser 2400 W<\/span><\/h1>\n<h1 style=\"margin: 0cm;line-height: 24.0pt;background: white\" data-mce-style=\"margin: 0cm; line-height: 24.0pt; background: white;\"><span class=\"a-size-large\">\u00a0&#8211; Blanc\/Bleu<\/span><\/h1>\n<p><\/p>\n<p class=\"MsoNormal\"><span style=\"font-size: 8.0pt;line-height: 107%\" data-mce-style=\"font-size: 8.0pt; line-height: 107%;\">\u00a0<\/span><\/p>\n<p><\/p>\n","protected":false},"featured_media":20474,"template":"","meta":{"_coblocks_attr":"","_coblocks_dimensions":"","_coblocks_responsive_height":"","_coblocks_accordion_ie_support":""},"pwb-brand":[453],"product_brand":[],"product_cat":[97,410],"product_tag":[],"class_list":{"0":"post-20476","1":"product","2":"type-product","3":"status-publish","4":"has-post-thumbnail","6":"pwb-brand-bomann","7":"product_cat-electromenagers","8":"product_cat-fer-a-repasser","11":"first","12":"instock","13":"taxable","14":"shipping-taxable","15":"purchasable","16":"product-type-simple"},"yoast_head":"<!-- This site is optimized with the Yoast SEO plugin v27.4 - https:\/\/yoast.com\/product\/yoast-seo-wordpress\/ -->\n<title>BOMANN FER A EPASSER DB6006 - I-CONFORT<\/title>\n<meta name=\"robots\" content=\"index, follow, max-snippet:-1, max-image-preview:large, max-video-preview:-1\" \/>\n<link rel=\"canonical\" href=\"https:\/\/i-confort.com\/?product=bomann-fer-a-epasser-db6006\" \/>\n<meta property=\"og:locale\" content=\"fr_FR\" \/>\n<meta property=\"og:type\" content=\"article\" \/>\n<meta property=\"og:title\" content=\"BOMANN FER A EPASSER DB6006 - I-CONFORT\" \/>\n<meta property=\"og:description\" content=\"- Fer \u00e0 repasser vapeur - Bomann DB 6006 CB\u00a0- Fer\u00e0 repasser 2400 W\u00a0- Blanc\/Bleu\u00a0\" \/>\n<meta property=\"og:url\" content=\"https:\/\/i-confort.com\/?product=bomann-fer-a-epasser-db6006\" \/>\n<meta property=\"og:site_name\" content=\"I-CONFORT\" \/>\n<meta property=\"article:modified_time\" content=\"2025-02-04T13:01:19+00:00\" \/>\n<meta property=\"og:image\" content=\"https:\/\/i-confort.com\/wp-content\/uploads\/2024\/07\/0.jpg\" \/>\n\t<meta property=\"og:image:width\" content=\"1457\" \/>\n\t<meta property=\"og:image:height\" content=\"1500\" \/>\n\t<meta property=\"og:image:type\" content=\"image\/jpeg\" \/>\n<meta name=\"twitter:card\" content=\"summary_large_image\" \/>\n<meta name=\"twitter:label1\" content=\"Dur\u00e9e de lecture estim\u00e9e\" \/>\n\t<meta name=\"twitter:data1\" content=\"1 minute\" \/>\n<script type=\"application\/ld+json\" class=\"yoast-schema-graph\">{\"@context\":\"https:\\\/\\\/schema.org\",\"@graph\":[{\"@type\":\"WebPage\",\"@id\":\"https:\\\/\\\/i-confort.com\\\/?product=bomann-fer-a-epasser-db6006\",\"url\":\"https:\\\/\\\/i-confort.com\\\/?product=bomann-fer-a-epasser-db6006\",\"name\":\"BOMANN FER A EPASSER DB6006 - I-CONFORT\",\"isPartOf\":{\"@id\":\"https:\\\/\\\/i-confort.com\\\/#website\"},\"primaryImageOfPage\":{\"@id\":\"https:\\\/\\\/i-confort.com\\\/?product=bomann-fer-a-epasser-db6006#primaryimage\"},\"image\":{\"@id\":\"https:\\\/\\\/i-confort.com\\\/?product=bomann-fer-a-epasser-db6006#primaryimage\"},\"thumbnailUrl\":\"https:\\\/\\\/i-confort.com\\\/wp-content\\\/uploads\\\/2024\\\/07\\\/0.jpg\",\"datePublished\":\"2024-07-08T09:19:07+00:00\",\"dateModified\":\"2025-02-04T13:01:19+00:00\",\"breadcrumb\":{\"@id\":\"https:\\\/\\\/i-confort.com\\\/?product=bomann-fer-a-epasser-db6006#breadcrumb\"},\"inLanguage\":\"fr-FR\",\"potentialAction\":[{\"@type\":\"ReadAction\",\"target\":[\"https:\\\/\\\/i-confort.com\\\/?product=bomann-fer-a-epasser-db6006\"]}]},{\"@type\":\"ImageObject\",\"inLanguage\":\"fr-FR\",\"@id\":\"https:\\\/\\\/i-confort.com\\\/?product=bomann-fer-a-epasser-db6006#primaryimage\",\"url\":\"https:\\\/\\\/i-confort.com\\\/wp-content\\\/uploads\\\/2024\\\/07\\\/0.jpg\",\"contentUrl\":\"https:\\\/\\\/i-confort.com\\\/wp-content\\\/uploads\\\/2024\\\/07\\\/0.jpg\",\"width\":1457,\"height\":1500},{\"@type\":\"BreadcrumbList\",\"@id\":\"https:\\\/\\\/i-confort.com\\\/?product=bomann-fer-a-epasser-db6006#breadcrumb\",\"itemListElement\":[{\"@type\":\"ListItem\",\"position\":1,\"name\":\"Home\",\"item\":\"https:\\\/\\\/i-confort.com\\\/\"},{\"@type\":\"ListItem\",\"position\":2,\"name\":\"Boutique\",\"item\":\"https:\\\/\\\/i-confort.com\\\/?page_id=7\"},{\"@type\":\"ListItem\",\"position\":3,\"name\":\"BOMANN FER A EPASSER DB6006\"}]},{\"@type\":\"WebSite\",\"@id\":\"https:\\\/\\\/i-confort.com\\\/#website\",\"url\":\"https:\\\/\\\/i-confort.com\\\/\",\"name\":\"I-CONFORT\",\"description\":\"Site de vente en ligne\",\"potentialAction\":[{\"@type\":\"SearchAction\",\"target\":{\"@type\":\"EntryPoint\",\"urlTemplate\":\"https:\\\/\\\/i-confort.com\\\/?s={search_term_string}\"},\"query-input\":{\"@type\":\"PropertyValueSpecification\",\"valueRequired\":true,\"valueName\":\"search_term_string\"}}],\"inLanguage\":\"fr-FR\"}]}<\/script>\n<!-- \/ Yoast SEO plugin. -->","yoast_head_json":{"title":"BOMANN FER A EPASSER DB6006 - I-CONFORT","robots":{"index":"index","follow":"follow","max-snippet":"max-snippet:-1","max-image-preview":"max-image-preview:large","max-video-preview":"max-video-preview:-1"},"canonical":"https:\/\/i-confort.com\/?product=bomann-fer-a-epasser-db6006","og_locale":"fr_FR","og_type":"article","og_title":"BOMANN FER A EPASSER DB6006 - I-CONFORT","og_description":"- Fer \u00e0 repasser vapeur - Bomann DB 6006 CB\u00a0- Fer\u00e0 repasser 2400 W\u00a0- Blanc\/Bleu\u00a0","og_url":"https:\/\/i-confort.com\/?product=bomann-fer-a-epasser-db6006","og_site_name":"I-CONFORT","article_modified_time":"2025-02-04T13:01:19+00:00","og_image":[{"width":1457,"height":1500,"url":"https:\/\/i-confort.com\/wp-content\/uploads\/2024\/07\/0.jpg","type":"image\/jpeg"}],"twitter_card":"summary_large_image","twitter_misc":{"Dur\u00e9e de lecture estim\u00e9e":"1 minute"},"schema":{"@context":"https:\/\/schema.org","@graph":[{"@type":"WebPage","@id":"https:\/\/i-confort.com\/?product=bomann-fer-a-epasser-db6006","url":"https:\/\/i-confort.com\/?product=bomann-fer-a-epasser-db6006","name":"BOMANN FER A EPASSER DB6006 - I-CONFORT","isPartOf":{"@id":"https:\/\/i-confort.com\/#website"},"primaryImageOfPage":{"@id":"https:\/\/i-confort.com\/?product=bomann-fer-a-epasser-db6006#primaryimage"},"image":{"@id":"https:\/\/i-confort.com\/?product=bomann-fer-a-epasser-db6006#primaryimage"},"thumbnailUrl":"https:\/\/i-confort.com\/wp-content\/uploads\/2024\/07\/0.jpg","datePublished":"2024-07-08T09:19:07+00:00","dateModified":"2025-02-04T13:01:19+00:00","breadcrumb":{"@id":"https:\/\/i-confort.com\/?product=bomann-fer-a-epasser-db6006#breadcrumb"},"inLanguage":"fr-FR","potentialAction":[{"@type":"ReadAction","target":["https:\/\/i-confort.com\/?product=bomann-fer-a-epasser-db6006"]}]},{"@type":"ImageObject","inLanguage":"fr-FR","@id":"https:\/\/i-confort.com\/?product=bomann-fer-a-epasser-db6006#primaryimage","url":"https:\/\/i-confort.com\/wp-content\/uploads\/2024\/07\/0.jpg","contentUrl":"https:\/\/i-confort.com\/wp-content\/uploads\/2024\/07\/0.jpg","width":1457,"height":1500},{"@type":"BreadcrumbList","@id":"https:\/\/i-confort.com\/?product=bomann-fer-a-epasser-db6006#breadcrumb","itemListElement":[{"@type":"ListItem","position":1,"name":"Home","item":"https:\/\/i-confort.com\/"},{"@type":"ListItem","position":2,"name":"Boutique","item":"https:\/\/i-confort.com\/?page_id=7"},{"@type":"ListItem","position":3,"name":"BOMANN FER A EPASSER DB6006"}]},{"@type":"WebSite","@id":"https:\/\/i-confort.com\/#website","url":"https:\/\/i-confort.com\/","name":"I-CONFORT","description":"Site de vente en ligne","potentialAction":[{"@type":"SearchAction","target":{"@type":"EntryPoint","urlTemplate":"https:\/\/i-confort.com\/?s={search_term_string}"},"query-input":{"@type":"PropertyValueSpecification","valueRequired":true,"valueName":"search_term_string"}}],"inLanguage":"fr-FR"}]}},"brands":[{"id":453,"name":"BOMANN","slug":"bomann"}],"_links":{"self":[{"href":"https:\/\/i-confort.com\/index.php?rest_route=\/wp\/v2\/product\/20476","targetHints":{"allow":["GET"]}}],"collection":[{"href":"https:\/\/i-confort.com\/index.php?rest_route=\/wp\/v2\/product"}],"about":[{"href":"https:\/\/i-confort.com\/index.php?rest_route=\/wp\/v2\/types\/product"}],"wp:featuredmedia":[{"embeddable":true,"href":"https:\/\/i-confort.com\/index.php?rest_route=\/wp\/v2\/media\/20474"}],"wp:attachment":[{"href":"https:\/\/i-confort.com\/index.php?rest_route=%2Fwp%2Fv2%2Fmedia&parent=20476"}],"wp:term":[{"taxonomy":"pwb-brand","embeddable":true,"href":"https:\/\/i-confort.com\/index.php?rest_route=%2Fwp%2Fv2%2Fpwb-brand&post=20476"},{"taxonomy":"product_brand","embeddable":true,"href":"https:\/\/i-confort.com\/index.php?rest_route=%2Fwp%2Fv2%2Fproduct_brand&post=20476"},{"taxonomy":"product_cat","embeddable":true,"href":"https:\/\/i-confort.com\/index.php?rest_route=%2Fwp%2Fv2%2Fproduct_cat&post=20476"},{"taxonomy":"product_tag","embeddable":true,"href":"https:\/\/i-confort.com\/index.php?rest_route=%2Fwp%2Fv2%2Fproduct_tag&post=20476"}],"curies":[{"name":"wp","href":"https:\/\/api.w.org\/{rel}","templated":true}]}}