{"id":20479,"date":"2024-07-08T09:33:44","date_gmt":"2024-07-08T09:33:44","guid":{"rendered":"https:\/\/i-confort.com\/?product=bomann-asp-balais-2in1-1948cbn"},"modified":"2024-07-08T09:33:44","modified_gmt":"2024-07-08T09:33:44","slug":"bomann-asp-balais-2in1-1948cbn","status":"publish","type":"product","link":"https:\/\/i-confort.com\/?product=bomann-asp-balais-2in1-1948cbn","title":{"rendered":"BOMANN ASP BALAIS 2IN1 1948CBN"},"content":{"rendered":"<p style=\"margin-bottom: 1.3em;margin-top: 0px;font-family: Lato, sans-serif;font-size: medium\"><span style=\"font-weight: bolder\">Bomann \u2013 Aspirateur 2 en1 \u2013 Main et Balai \u2013 BS 1948 CB N<\/span><\/p>\n<p style=\"margin-bottom: 1.3em;margin-top: 0px;font-family: Lato, sans-serif;font-size: medium\">\u2013 2 en1, Aspirateur de sol et aspirateur \u00e0 main en un seul appareil.<br \/>\u2013 Aspirateur \u00e0 main et \u00e0 plancher Eco-Cyclon \u00e0 double rotation avec \u00e9conomie d\u2019\u00e9nergie de 600 watts.<br \/>\u2013 Brosse \u00e0 plancher interchangeable.<br \/>\u2013 Embout de brosse inclus.<br \/>\u2013 Suceur pour crevasses inclus.<br \/>\u2013 Convient \u00e9galement comme aspirateur \u00e0 main pour aspirer par exemple des meubles, des coussins, des rideaux, des livres ou des si\u00e8ges de voiture.<br \/>\u2013 Syst\u00e8me de micro-filtration.<br \/>\u2013 Filtre HEPA (filtre \u00e0 particules \u00e0 haute efficacit\u00e9).<br \/>\u2013 Tube en aluminium en deux parties (35-75 cm).<br \/>\u2013 Grand rayon d\u2019action (c\u00e2ble de raccordement de 6,5 m) \u2013 acc\u00e8s sans probl\u00e8me aux escaliers et aux coins.<br \/>\u2013 Maniable et d\u2019application facile gr\u00e2ce \u00e0 son poids l\u00e9ger.<br \/>\u2013 Support mural inclus pour un rangement peu encombrant.<br \/>\u2013 Accessoires : brosse, suceur plat, support mural.<br \/>\u2013 220-240 V, 50\/60 Hz, 600 W.<\/p>\n","protected":false},"excerpt":{"rendered":"<p><span style=\"font-family: Lato, sans-serif;font-size: medium\">\u2013 Aspirateur 2 en 1 main et bais<\/span><\/p>\n<p><span style=\"font-family: Lato, sans-serif;font-size: medium\">&#8211; Brosse \u00e0 plancher interchangeable.<\/span><br style=\"font-family: Lato, sans-serif;font-size: medium\"><span style=\"font-family: Lato, sans-serif;font-size: medium\">\u2013 Embout de brosse inclus.<\/span><br style=\"font-family: Lato, sans-serif;font-size: medium\"><span style=\"font-family: Lato, sans-serif;font-size: medium\">\u2013 Suceur pour crevasses inclus.<\/span><br data-mce-bogus=\"1\"><\/p>\n<p>&#8211;\u00a0<span style=\"font-family: Lato, sans-serif;font-size: medium\">220-240 V, 50\/60 Hz, 600 W<\/span><\/p>\n","protected":false},"featured_media":20477,"template":"","meta":{"_coblocks_attr":"","_coblocks_dimensions":"","_coblocks_responsive_height":"","_coblocks_accordion_ie_support":""},"pwb-brand":[453],"product_brand":[],"product_cat":[97],"product_tag":[],"class_list":{"0":"post-20479","1":"product","2":"type-product","3":"status-publish","4":"has-post-thumbnail","6":"pwb-brand-bomann","7":"product_cat-electromenagers","10":"first","11":"instock","12":"taxable","13":"shipping-taxable","14":"purchasable","15":"product-type-simple"},"yoast_head":"<!-- This site is optimized with the Yoast SEO plugin v27.4 - https:\/\/yoast.com\/product\/yoast-seo-wordpress\/ -->\n<title>BOMANN ASP BALAIS 2IN1 1948CBN - I-CONFORT<\/title>\n<meta name=\"robots\" content=\"index, follow, max-snippet:-1, max-image-preview:large, max-video-preview:-1\" \/>\n<link rel=\"canonical\" href=\"https:\/\/i-confort.com\/?product=bomann-asp-balais-2in1-1948cbn\" \/>\n<meta property=\"og:locale\" content=\"fr_FR\" \/>\n<meta property=\"og:type\" content=\"article\" \/>\n<meta property=\"og:title\" content=\"BOMANN ASP BALAIS 2IN1 1948CBN - I-CONFORT\" \/>\n<meta property=\"og:description\" content=\"\u2013 Aspirateur 2 en 1 main et bais- Brosse \u00e0 plancher interchangeable.\u2013 Embout de brosse inclus.\u2013 Suceur pour crevasses inclus.-\u00a0220-240 V, 50\/60 Hz, 600 W\" \/>\n<meta property=\"og:url\" content=\"https:\/\/i-confort.com\/?product=bomann-asp-balais-2in1-1948cbn\" \/>\n<meta property=\"og:site_name\" content=\"I-CONFORT\" \/>\n<meta property=\"og:image\" content=\"https:\/\/i-confort.com\/wp-content\/uploads\/2024\/07\/0-1.jpg\" \/>\n\t<meta property=\"og:image:width\" content=\"1080\" \/>\n\t<meta property=\"og:image:height\" content=\"1080\" \/>\n\t<meta property=\"og:image:type\" content=\"image\/jpeg\" \/>\n<meta name=\"twitter:card\" content=\"summary_large_image\" \/>\n<meta name=\"twitter:label1\" content=\"Dur\u00e9e de lecture estim\u00e9e\" \/>\n\t<meta name=\"twitter:data1\" content=\"1 minute\" \/>\n<script type=\"application\/ld+json\" class=\"yoast-schema-graph\">{\"@context\":\"https:\\\/\\\/schema.org\",\"@graph\":[{\"@type\":\"WebPage\",\"@id\":\"https:\\\/\\\/i-confort.com\\\/?product=bomann-asp-balais-2in1-1948cbn\",\"url\":\"https:\\\/\\\/i-confort.com\\\/?product=bomann-asp-balais-2in1-1948cbn\",\"name\":\"BOMANN ASP BALAIS 2IN1 1948CBN - I-CONFORT\",\"isPartOf\":{\"@id\":\"https:\\\/\\\/i-confort.com\\\/#website\"},\"primaryImageOfPage\":{\"@id\":\"https:\\\/\\\/i-confort.com\\\/?product=bomann-asp-balais-2in1-1948cbn#primaryimage\"},\"image\":{\"@id\":\"https:\\\/\\\/i-confort.com\\\/?product=bomann-asp-balais-2in1-1948cbn#primaryimage\"},\"thumbnailUrl\":\"https:\\\/\\\/i-confort.com\\\/wp-content\\\/uploads\\\/2024\\\/07\\\/0-1.jpg\",\"datePublished\":\"2024-07-08T09:33:44+00:00\",\"breadcrumb\":{\"@id\":\"https:\\\/\\\/i-confort.com\\\/?product=bomann-asp-balais-2in1-1948cbn#breadcrumb\"},\"inLanguage\":\"fr-FR\",\"potentialAction\":[{\"@type\":\"ReadAction\",\"target\":[\"https:\\\/\\\/i-confort.com\\\/?product=bomann-asp-balais-2in1-1948cbn\"]}]},{\"@type\":\"ImageObject\",\"inLanguage\":\"fr-FR\",\"@id\":\"https:\\\/\\\/i-confort.com\\\/?product=bomann-asp-balais-2in1-1948cbn#primaryimage\",\"url\":\"https:\\\/\\\/i-confort.com\\\/wp-content\\\/uploads\\\/2024\\\/07\\\/0-1.jpg\",\"contentUrl\":\"https:\\\/\\\/i-confort.com\\\/wp-content\\\/uploads\\\/2024\\\/07\\\/0-1.jpg\",\"width\":1080,\"height\":1080},{\"@type\":\"BreadcrumbList\",\"@id\":\"https:\\\/\\\/i-confort.com\\\/?product=bomann-asp-balais-2in1-1948cbn#breadcrumb\",\"itemListElement\":[{\"@type\":\"ListItem\",\"position\":1,\"name\":\"Home\",\"item\":\"https:\\\/\\\/i-confort.com\\\/\"},{\"@type\":\"ListItem\",\"position\":2,\"name\":\"Boutique\",\"item\":\"https:\\\/\\\/i-confort.com\\\/?page_id=7\"},{\"@type\":\"ListItem\",\"position\":3,\"name\":\"BOMANN ASP BALAIS 2IN1 1948CBN\"}]},{\"@type\":\"WebSite\",\"@id\":\"https:\\\/\\\/i-confort.com\\\/#website\",\"url\":\"https:\\\/\\\/i-confort.com\\\/\",\"name\":\"I-CONFORT\",\"description\":\"Site de vente en ligne\",\"potentialAction\":[{\"@type\":\"SearchAction\",\"target\":{\"@type\":\"EntryPoint\",\"urlTemplate\":\"https:\\\/\\\/i-confort.com\\\/?s={search_term_string}\"},\"query-input\":{\"@type\":\"PropertyValueSpecification\",\"valueRequired\":true,\"valueName\":\"search_term_string\"}}],\"inLanguage\":\"fr-FR\"}]}<\/script>\n<!-- \/ Yoast SEO plugin. -->","yoast_head_json":{"title":"BOMANN ASP BALAIS 2IN1 1948CBN - I-CONFORT","robots":{"index":"index","follow":"follow","max-snippet":"max-snippet:-1","max-image-preview":"max-image-preview:large","max-video-preview":"max-video-preview:-1"},"canonical":"https:\/\/i-confort.com\/?product=bomann-asp-balais-2in1-1948cbn","og_locale":"fr_FR","og_type":"article","og_title":"BOMANN ASP BALAIS 2IN1 1948CBN - I-CONFORT","og_description":"\u2013 Aspirateur 2 en 1 main et bais- Brosse \u00e0 plancher interchangeable.\u2013 Embout de brosse inclus.\u2013 Suceur pour crevasses inclus.-\u00a0220-240 V, 50\/60 Hz, 600 W","og_url":"https:\/\/i-confort.com\/?product=bomann-asp-balais-2in1-1948cbn","og_site_name":"I-CONFORT","og_image":[{"width":1080,"height":1080,"url":"https:\/\/i-confort.com\/wp-content\/uploads\/2024\/07\/0-1.jpg","type":"image\/jpeg"}],"twitter_card":"summary_large_image","twitter_misc":{"Dur\u00e9e de lecture estim\u00e9e":"1 minute"},"schema":{"@context":"https:\/\/schema.org","@graph":[{"@type":"WebPage","@id":"https:\/\/i-confort.com\/?product=bomann-asp-balais-2in1-1948cbn","url":"https:\/\/i-confort.com\/?product=bomann-asp-balais-2in1-1948cbn","name":"BOMANN ASP BALAIS 2IN1 1948CBN - I-CONFORT","isPartOf":{"@id":"https:\/\/i-confort.com\/#website"},"primaryImageOfPage":{"@id":"https:\/\/i-confort.com\/?product=bomann-asp-balais-2in1-1948cbn#primaryimage"},"image":{"@id":"https:\/\/i-confort.com\/?product=bomann-asp-balais-2in1-1948cbn#primaryimage"},"thumbnailUrl":"https:\/\/i-confort.com\/wp-content\/uploads\/2024\/07\/0-1.jpg","datePublished":"2024-07-08T09:33:44+00:00","breadcrumb":{"@id":"https:\/\/i-confort.com\/?product=bomann-asp-balais-2in1-1948cbn#breadcrumb"},"inLanguage":"fr-FR","potentialAction":[{"@type":"ReadAction","target":["https:\/\/i-confort.com\/?product=bomann-asp-balais-2in1-1948cbn"]}]},{"@type":"ImageObject","inLanguage":"fr-FR","@id":"https:\/\/i-confort.com\/?product=bomann-asp-balais-2in1-1948cbn#primaryimage","url":"https:\/\/i-confort.com\/wp-content\/uploads\/2024\/07\/0-1.jpg","contentUrl":"https:\/\/i-confort.com\/wp-content\/uploads\/2024\/07\/0-1.jpg","width":1080,"height":1080},{"@type":"BreadcrumbList","@id":"https:\/\/i-confort.com\/?product=bomann-asp-balais-2in1-1948cbn#breadcrumb","itemListElement":[{"@type":"ListItem","position":1,"name":"Home","item":"https:\/\/i-confort.com\/"},{"@type":"ListItem","position":2,"name":"Boutique","item":"https:\/\/i-confort.com\/?page_id=7"},{"@type":"ListItem","position":3,"name":"BOMANN ASP BALAIS 2IN1 1948CBN"}]},{"@type":"WebSite","@id":"https:\/\/i-confort.com\/#website","url":"https:\/\/i-confort.com\/","name":"I-CONFORT","description":"Site de vente en ligne","potentialAction":[{"@type":"SearchAction","target":{"@type":"EntryPoint","urlTemplate":"https:\/\/i-confort.com\/?s={search_term_string}"},"query-input":{"@type":"PropertyValueSpecification","valueRequired":true,"valueName":"search_term_string"}}],"inLanguage":"fr-FR"}]}},"brands":[{"id":453,"name":"BOMANN","slug":"bomann"}],"_links":{"self":[{"href":"https:\/\/i-confort.com\/index.php?rest_route=\/wp\/v2\/product\/20479","targetHints":{"allow":["GET"]}}],"collection":[{"href":"https:\/\/i-confort.com\/index.php?rest_route=\/wp\/v2\/product"}],"about":[{"href":"https:\/\/i-confort.com\/index.php?rest_route=\/wp\/v2\/types\/product"}],"wp:featuredmedia":[{"embeddable":true,"href":"https:\/\/i-confort.com\/index.php?rest_route=\/wp\/v2\/media\/20477"}],"wp:attachment":[{"href":"https:\/\/i-confort.com\/index.php?rest_route=%2Fwp%2Fv2%2Fmedia&parent=20479"}],"wp:term":[{"taxonomy":"pwb-brand","embeddable":true,"href":"https:\/\/i-confort.com\/index.php?rest_route=%2Fwp%2Fv2%2Fpwb-brand&post=20479"},{"taxonomy":"product_brand","embeddable":true,"href":"https:\/\/i-confort.com\/index.php?rest_route=%2Fwp%2Fv2%2Fproduct_brand&post=20479"},{"taxonomy":"product_cat","embeddable":true,"href":"https:\/\/i-confort.com\/index.php?rest_route=%2Fwp%2Fv2%2Fproduct_cat&post=20479"},{"taxonomy":"product_tag","embeddable":true,"href":"https:\/\/i-confort.com\/index.php?rest_route=%2Fwp%2Fv2%2Fproduct_tag&post=20479"}],"curies":[{"name":"wp","href":"https:\/\/api.w.org\/{rel}","templated":true}]}}