{"id":20488,"date":"2024-07-08T10:57:50","date_gmt":"2024-07-08T10:57:50","guid":{"rendered":"https:\/\/i-confort.com\/?product=bomann-bouilloire-ref-wks3002scb"},"modified":"2024-07-08T10:57:51","modified_gmt":"2024-07-08T10:57:51","slug":"bomann-bouilloire-ref-wks3002scb","status":"publish","type":"product","link":"https:\/\/i-confort.com\/?product=bomann-bouilloire-ref-wks3002scb","title":{"rendered":"BOMANN BOUILLOIRE REF\/WKS3002SCB"},"content":{"rendered":"<p><p class=\"MsoNormal\" style=\"margin-top:0cm;margin-right:0cm;margin-bottom:0cm;margin-left:49.5pt;text-indent:-18.0pt;line-height:normal;background:white\"><!--[if !supportLists]--><span style=\"font-size:10.0pt;font-family:Symbol;color:#0F1111\"><span>\u00b7<span>\u00a0\u00a0\u00a0\u00a0\u00a0\u00a0\u00a0<br \/>\n<\/span><\/span><\/span><!--[endif]--><span>Capacit\u00e9 : Gr\u00e2ce \u00e0 sa grande capacit\u00e9 de 1,5 litre, elle est id\u00e9ale pour<br \/>\nr\u00e9pondre \u00e0 vos besoins quotidiens en eau. Sa puissance de 2200W permet une<br \/>\n\u00e9bullition rapide tout en \u00e9tant efficace<\/span><\/p>\n<p class=\"MsoNormal\" style=\"margin-top:0cm;margin-right:0cm;margin-bottom:0cm;margin-left:49.5pt;text-indent:-18.0pt;line-height:normal;background:white\"><!--[if !supportLists]--><span style=\"font-size:10.0pt;font-family:Symbol;color:#0F1111\"><span>\u00b7<span>\u00a0\u00a0\u00a0\u00a0\u00a0\u00a0\u00a0<br \/>\n<\/span><\/span><\/span><!--[endif]--><span>S\u00e9curit\u00e9 : Syst\u00e8me de protection contre l&rsquo;\u00e9bullition \u00e0 sec : lorsque<br \/>\nl&rsquo;appareil ne dispose pas d&rsquo;eau ou si celle-ci s&rsquo;est termin\u00e9e par erreur, le<br \/>\ndispositif se d\u00e9sactive automatiquement pour \u00e9viter les accidents<\/span><\/p>\n<p class=\"MsoNormal\" style=\"margin-top:0cm;margin-right:0cm;margin-bottom:0cm;margin-left:49.5pt;text-indent:-18.0pt;line-height:normal;background:white\"><!--[if !supportLists]--><span style=\"font-size:10.0pt;font-family:Symbol;color:#0F1111\"><span>\u00b7<span>\u00a0\u00a0\u00a0\u00a0\u00a0\u00a0\u00a0<br \/>\n<\/span><\/span><\/span><!--[endif]--><span>Design Pratique : Sa base \u00e0 360 \u00ba qui permet de mettre la bouilloire dans<br \/>\nla position souhait\u00e9e et qui int\u00e8gre un espace de stockage pour le c\u00e2ble.<br \/>\nFiltre amovible et lavable pour assurer une puret\u00e9 de l&rsquo;eau. Jauge du niveau<br \/>\nd&rsquo;eau et voyant indicateur de marche\/arr\u00eat<\/span><\/p>\n<p class=\"MsoNormal\" style=\"margin-top:0cm;margin-right:0cm;margin-bottom:0cm;margin-left:49.5pt;text-indent:-18.0pt;line-height:normal;background:white\"><!--[if !supportLists]--><span style=\"font-size:10.0pt;font-family:Symbol;color:#0F1111\"><span>\u00b7<span>\u00a0\u00a0\u00a0\u00a0\u00a0\u00a0\u00a0<br \/>\n<\/span><\/span><\/span><!--[endif]--><span>Haute Qualit\u00e9 : Fabriqu\u00e9 avec des composants de haute qualit\u00e9, tous ses<br \/>\ncomposants sont de grade alimentaire et sont enti\u00e8rement sans BPA (sans aucun<br \/>\nchimique bisph\u00e9nol A),<\/span><\/p>\n<p class=\"MsoNormal\">\u00a0<\/p>\n<p><br data-mce-bogus=\"1\"><\/p>\n","protected":false},"excerpt":{"rendered":"<ul class=\"a-unordered-list a-vertical a-spacing-none\">\n<li style=\"padding: 0px;margin: 0px\">Marque : Bomann<\/li>\n<li style=\"padding: 0px;margin: 0px\">Modele : WKS 3002 CB\u00a0<\/li>\n<li style=\"padding: 0px;margin: 0px\">Couleur : Noir<\/li>\n<li style=\"padding: 0px;margin: 0px\">Capacit\u00e9 Max. \u00a01,5 litre\u00a0<\/li>\n<li style=\"padding: 0px;margin: 0px\">Manipulation simple gr\u00e2ce \u00e0 la technologie sans c\u00e2ble\u00a0 \u00a0<\/li>\n<li style=\"padding: 0px;margin: 0px\">Connecteur 360 \u00b0\u00a0<\/li>\n<li style=\"padding: 0px;margin: 0px\">Interrupteur marche \/ arr\u00eat (\u00e9clair\u00e9)\u00a0<\/li>\n<li style=\"padding: 0px;margin: 0px\">\u00c9l\u00e9ment chauffant dissimul\u00e9 en acier inoxydable\u00a0<\/li>\n<li style=\"padding: 0px;margin: 0px\">Arr\u00eat automatique \/ manuel\u00a0<\/li>\n<li style=\"padding: 0px;margin: 0px\">220\u2013240 V, 50 Hz, 1850\u20132200 W<\/li>\n<\/ul>\n","protected":false},"featured_media":20487,"template":"","meta":{"_coblocks_attr":"","_coblocks_dimensions":"","_coblocks_responsive_height":"","_coblocks_accordion_ie_support":""},"pwb-brand":[453],"product_brand":[],"product_cat":[97],"product_tag":[],"class_list":{"0":"post-20488","1":"product","2":"type-product","3":"status-publish","4":"has-post-thumbnail","6":"pwb-brand-bomann","7":"product_cat-electromenagers","10":"first","11":"instock","12":"taxable","13":"shipping-taxable","14":"purchasable","15":"product-type-simple"},"yoast_head":"<!-- This site is optimized with the Yoast SEO plugin v27.4 - https:\/\/yoast.com\/product\/yoast-seo-wordpress\/ -->\n<title>BOMANN BOUILLOIRE REF\/WKS3002SCB - I-CONFORT<\/title>\n<meta name=\"robots\" content=\"index, follow, max-snippet:-1, max-image-preview:large, max-video-preview:-1\" \/>\n<link rel=\"canonical\" href=\"https:\/\/i-confort.com\/?product=bomann-bouilloire-ref-wks3002scb\" \/>\n<meta property=\"og:locale\" content=\"fr_FR\" \/>\n<meta property=\"og:type\" content=\"article\" \/>\n<meta property=\"og:title\" content=\"BOMANN BOUILLOIRE REF\/WKS3002SCB - I-CONFORT\" \/>\n<meta property=\"og:description\" content=\"Marque : BomannModele : WKS 3002 CB\u00a0Couleur : NoirCapacit\u00e9 Max. \u00a01,5 litre\u00a0Manipulation simple gr\u00e2ce \u00e0 la technologie sans c\u00e2ble\u00a0 \u00a0Connecteur 360 \u00b0\u00a0Interrupteur marche \/ arr\u00eat (\u00e9clair\u00e9)\u00a0\u00c9l\u00e9ment chauffant dissimul\u00e9 en acier inoxydable\u00a0Arr\u00eat automatique \/ manuel\u00a0220\u2013240 V, 50 Hz, 1850\u20132200 W\" \/>\n<meta property=\"og:url\" content=\"https:\/\/i-confort.com\/?product=bomann-bouilloire-ref-wks3002scb\" \/>\n<meta property=\"og:site_name\" content=\"I-CONFORT\" \/>\n<meta property=\"article:modified_time\" content=\"2024-07-08T10:57:51+00:00\" \/>\n<meta property=\"og:image\" content=\"https:\/\/i-confort.com\/wp-content\/uploads\/2024\/07\/0-2.jpg\" \/>\n\t<meta property=\"og:image:width\" content=\"680\" \/>\n\t<meta property=\"og:image:height\" content=\"680\" \/>\n\t<meta property=\"og:image:type\" content=\"image\/jpeg\" \/>\n<meta name=\"twitter:card\" content=\"summary_large_image\" \/>\n<meta name=\"twitter:label1\" content=\"Dur\u00e9e de lecture estim\u00e9e\" \/>\n\t<meta name=\"twitter:data1\" content=\"1 minute\" \/>\n<script type=\"application\/ld+json\" class=\"yoast-schema-graph\">{\"@context\":\"https:\\\/\\\/schema.org\",\"@graph\":[{\"@type\":\"WebPage\",\"@id\":\"https:\\\/\\\/i-confort.com\\\/?product=bomann-bouilloire-ref-wks3002scb\",\"url\":\"https:\\\/\\\/i-confort.com\\\/?product=bomann-bouilloire-ref-wks3002scb\",\"name\":\"BOMANN BOUILLOIRE REF\\\/WKS3002SCB - I-CONFORT\",\"isPartOf\":{\"@id\":\"https:\\\/\\\/i-confort.com\\\/#website\"},\"primaryImageOfPage\":{\"@id\":\"https:\\\/\\\/i-confort.com\\\/?product=bomann-bouilloire-ref-wks3002scb#primaryimage\"},\"image\":{\"@id\":\"https:\\\/\\\/i-confort.com\\\/?product=bomann-bouilloire-ref-wks3002scb#primaryimage\"},\"thumbnailUrl\":\"https:\\\/\\\/i-confort.com\\\/wp-content\\\/uploads\\\/2024\\\/07\\\/0-2.jpg\",\"datePublished\":\"2024-07-08T10:57:50+00:00\",\"dateModified\":\"2024-07-08T10:57:51+00:00\",\"breadcrumb\":{\"@id\":\"https:\\\/\\\/i-confort.com\\\/?product=bomann-bouilloire-ref-wks3002scb#breadcrumb\"},\"inLanguage\":\"fr-FR\",\"potentialAction\":[{\"@type\":\"ReadAction\",\"target\":[\"https:\\\/\\\/i-confort.com\\\/?product=bomann-bouilloire-ref-wks3002scb\"]}]},{\"@type\":\"ImageObject\",\"inLanguage\":\"fr-FR\",\"@id\":\"https:\\\/\\\/i-confort.com\\\/?product=bomann-bouilloire-ref-wks3002scb#primaryimage\",\"url\":\"https:\\\/\\\/i-confort.com\\\/wp-content\\\/uploads\\\/2024\\\/07\\\/0-2.jpg\",\"contentUrl\":\"https:\\\/\\\/i-confort.com\\\/wp-content\\\/uploads\\\/2024\\\/07\\\/0-2.jpg\",\"width\":680,\"height\":680},{\"@type\":\"BreadcrumbList\",\"@id\":\"https:\\\/\\\/i-confort.com\\\/?product=bomann-bouilloire-ref-wks3002scb#breadcrumb\",\"itemListElement\":[{\"@type\":\"ListItem\",\"position\":1,\"name\":\"Home\",\"item\":\"https:\\\/\\\/i-confort.com\\\/\"},{\"@type\":\"ListItem\",\"position\":2,\"name\":\"Boutique\",\"item\":\"https:\\\/\\\/i-confort.com\\\/?page_id=7\"},{\"@type\":\"ListItem\",\"position\":3,\"name\":\"BOMANN BOUILLOIRE REF\\\/WKS3002SCB\"}]},{\"@type\":\"WebSite\",\"@id\":\"https:\\\/\\\/i-confort.com\\\/#website\",\"url\":\"https:\\\/\\\/i-confort.com\\\/\",\"name\":\"I-CONFORT\",\"description\":\"Site de vente en ligne\",\"potentialAction\":[{\"@type\":\"SearchAction\",\"target\":{\"@type\":\"EntryPoint\",\"urlTemplate\":\"https:\\\/\\\/i-confort.com\\\/?s={search_term_string}\"},\"query-input\":{\"@type\":\"PropertyValueSpecification\",\"valueRequired\":true,\"valueName\":\"search_term_string\"}}],\"inLanguage\":\"fr-FR\"}]}<\/script>\n<!-- \/ Yoast SEO plugin. -->","yoast_head_json":{"title":"BOMANN BOUILLOIRE REF\/WKS3002SCB - I-CONFORT","robots":{"index":"index","follow":"follow","max-snippet":"max-snippet:-1","max-image-preview":"max-image-preview:large","max-video-preview":"max-video-preview:-1"},"canonical":"https:\/\/i-confort.com\/?product=bomann-bouilloire-ref-wks3002scb","og_locale":"fr_FR","og_type":"article","og_title":"BOMANN BOUILLOIRE REF\/WKS3002SCB - I-CONFORT","og_description":"Marque : BomannModele : WKS 3002 CB\u00a0Couleur : NoirCapacit\u00e9 Max. \u00a01,5 litre\u00a0Manipulation simple gr\u00e2ce \u00e0 la technologie sans c\u00e2ble\u00a0 \u00a0Connecteur 360 \u00b0\u00a0Interrupteur marche \/ arr\u00eat (\u00e9clair\u00e9)\u00a0\u00c9l\u00e9ment chauffant dissimul\u00e9 en acier inoxydable\u00a0Arr\u00eat automatique \/ manuel\u00a0220\u2013240 V, 50 Hz, 1850\u20132200 W","og_url":"https:\/\/i-confort.com\/?product=bomann-bouilloire-ref-wks3002scb","og_site_name":"I-CONFORT","article_modified_time":"2024-07-08T10:57:51+00:00","og_image":[{"width":680,"height":680,"url":"https:\/\/i-confort.com\/wp-content\/uploads\/2024\/07\/0-2.jpg","type":"image\/jpeg"}],"twitter_card":"summary_large_image","twitter_misc":{"Dur\u00e9e de lecture estim\u00e9e":"1 minute"},"schema":{"@context":"https:\/\/schema.org","@graph":[{"@type":"WebPage","@id":"https:\/\/i-confort.com\/?product=bomann-bouilloire-ref-wks3002scb","url":"https:\/\/i-confort.com\/?product=bomann-bouilloire-ref-wks3002scb","name":"BOMANN BOUILLOIRE REF\/WKS3002SCB - I-CONFORT","isPartOf":{"@id":"https:\/\/i-confort.com\/#website"},"primaryImageOfPage":{"@id":"https:\/\/i-confort.com\/?product=bomann-bouilloire-ref-wks3002scb#primaryimage"},"image":{"@id":"https:\/\/i-confort.com\/?product=bomann-bouilloire-ref-wks3002scb#primaryimage"},"thumbnailUrl":"https:\/\/i-confort.com\/wp-content\/uploads\/2024\/07\/0-2.jpg","datePublished":"2024-07-08T10:57:50+00:00","dateModified":"2024-07-08T10:57:51+00:00","breadcrumb":{"@id":"https:\/\/i-confort.com\/?product=bomann-bouilloire-ref-wks3002scb#breadcrumb"},"inLanguage":"fr-FR","potentialAction":[{"@type":"ReadAction","target":["https:\/\/i-confort.com\/?product=bomann-bouilloire-ref-wks3002scb"]}]},{"@type":"ImageObject","inLanguage":"fr-FR","@id":"https:\/\/i-confort.com\/?product=bomann-bouilloire-ref-wks3002scb#primaryimage","url":"https:\/\/i-confort.com\/wp-content\/uploads\/2024\/07\/0-2.jpg","contentUrl":"https:\/\/i-confort.com\/wp-content\/uploads\/2024\/07\/0-2.jpg","width":680,"height":680},{"@type":"BreadcrumbList","@id":"https:\/\/i-confort.com\/?product=bomann-bouilloire-ref-wks3002scb#breadcrumb","itemListElement":[{"@type":"ListItem","position":1,"name":"Home","item":"https:\/\/i-confort.com\/"},{"@type":"ListItem","position":2,"name":"Boutique","item":"https:\/\/i-confort.com\/?page_id=7"},{"@type":"ListItem","position":3,"name":"BOMANN BOUILLOIRE REF\/WKS3002SCB"}]},{"@type":"WebSite","@id":"https:\/\/i-confort.com\/#website","url":"https:\/\/i-confort.com\/","name":"I-CONFORT","description":"Site de vente en ligne","potentialAction":[{"@type":"SearchAction","target":{"@type":"EntryPoint","urlTemplate":"https:\/\/i-confort.com\/?s={search_term_string}"},"query-input":{"@type":"PropertyValueSpecification","valueRequired":true,"valueName":"search_term_string"}}],"inLanguage":"fr-FR"}]}},"brands":[{"id":453,"name":"BOMANN","slug":"bomann"}],"_links":{"self":[{"href":"https:\/\/i-confort.com\/index.php?rest_route=\/wp\/v2\/product\/20488","targetHints":{"allow":["GET"]}}],"collection":[{"href":"https:\/\/i-confort.com\/index.php?rest_route=\/wp\/v2\/product"}],"about":[{"href":"https:\/\/i-confort.com\/index.php?rest_route=\/wp\/v2\/types\/product"}],"wp:featuredmedia":[{"embeddable":true,"href":"https:\/\/i-confort.com\/index.php?rest_route=\/wp\/v2\/media\/20487"}],"wp:attachment":[{"href":"https:\/\/i-confort.com\/index.php?rest_route=%2Fwp%2Fv2%2Fmedia&parent=20488"}],"wp:term":[{"taxonomy":"pwb-brand","embeddable":true,"href":"https:\/\/i-confort.com\/index.php?rest_route=%2Fwp%2Fv2%2Fpwb-brand&post=20488"},{"taxonomy":"product_brand","embeddable":true,"href":"https:\/\/i-confort.com\/index.php?rest_route=%2Fwp%2Fv2%2Fproduct_brand&post=20488"},{"taxonomy":"product_cat","embeddable":true,"href":"https:\/\/i-confort.com\/index.php?rest_route=%2Fwp%2Fv2%2Fproduct_cat&post=20488"},{"taxonomy":"product_tag","embeddable":true,"href":"https:\/\/i-confort.com\/index.php?rest_route=%2Fwp%2Fv2%2Fproduct_tag&post=20488"}],"curies":[{"name":"wp","href":"https:\/\/api.w.org\/{rel}","templated":true}]}}