{"id":20492,"date":"2024-07-08T15:44:40","date_gmt":"2024-07-08T15:44:40","guid":{"rendered":"https:\/\/i-confort.com\/?product=bomann-machine-a-glacon-ewb6060"},"modified":"2025-01-14T12:35:04","modified_gmt":"2025-01-14T12:35:04","slug":"bomann-machine-a-glacon-ewb6060","status":"publish","type":"product","link":"https:\/\/i-confort.com\/?product=bomann-machine-a-glacon-ewb6060","title":{"rendered":"BOMANN MACHINE A GLACON EWB6060"},"content":{"rendered":"<p>Description :<\/p>\n<p><span style=\"font-family: Arial, Helvetica, sans-serif;font-size: 14.4px\" data-mce-style=\"font-family: Arial, Helvetica, sans-serif; font-size: 14.4px;\">Machine \u00e0 gla\u00e7ons compacte sans installation compliqu\u00e9e<\/span><br style=\"margin: 0px;padding: 0px;font-family: Arial, Helvetica, sans-serif;font-size: 14.4px\" data-mce-style=\"margin: 0px; padding: 0px; font-family: Arial, Helvetica, sans-serif; font-size: 14.4px;\"><span style=\"font-family: Arial, Helvetica, sans-serif;font-size: 14.4px\" data-mce-style=\"font-family: Arial, Helvetica, sans-serif; font-size: 14.4px;\">Pas de conduite d&rsquo;eau suppl\u00e9mentaire n\u00e9cessaire (directement pr\u00eat \u00e0 fonctionner).<\/span><br style=\"margin: 0px;padding: 0px;font-family: Arial, Helvetica, sans-serif;font-size: 14.4px\" data-mce-style=\"margin: 0px; padding: 0px; font-family: Arial, Helvetica, sans-serif; font-size: 14.4px;\"><span style=\"font-family: Arial, Helvetica, sans-serif;font-size: 14.4px\" data-mce-style=\"font-family: Arial, Helvetica, sans-serif; font-size: 14.4px;\">R\u00e9servoir d&rsquo;eau int\u00e9gr\u00e9 (1,5 litre)<\/span><br style=\"margin: 0px;padding: 0px;font-family: Arial, Helvetica, sans-serif;font-size: 14.4px\" data-mce-style=\"margin: 0px; padding: 0px; font-family: Arial, Helvetica, sans-serif; font-size: 14.4px;\"><span style=\"font-family: Arial, Helvetica, sans-serif;font-size: 14.4px\" data-mce-style=\"font-family: Arial, Helvetica, sans-serif; font-size: 14.4px;\">Gla\u00e7ons d\u00e9j\u00e0 apr\u00e8s 10 minutes<\/span><br style=\"margin: 0px;padding: 0px;font-family: Arial, Helvetica, sans-serif;font-size: 14.4px\" data-mce-style=\"margin: 0px; padding: 0px; font-family: Arial, Helvetica, sans-serif; font-size: 14.4px;\"><span style=\"font-family: Arial, Helvetica, sans-serif;font-size: 14.4px\" data-mce-style=\"font-family: Arial, Helvetica, sans-serif; font-size: 14.4px;\">Environ 8-12 kg de gla\u00e7ons en 24 heures<\/span><br style=\"margin: 0px;padding: 0px;font-family: Arial, Helvetica, sans-serif;font-size: 14.4px\" data-mce-style=\"margin: 0px; padding: 0px; font-family: Arial, Helvetica, sans-serif; font-size: 14.4px;\"><span style=\"font-family: Arial, Helvetica, sans-serif;font-size: 14.4px\" data-mce-style=\"font-family: Arial, Helvetica, sans-serif; font-size: 14.4px;\">2 tailles de gla\u00e7ons s\u00e9lectionnables (petit\/grand)<\/span><br style=\"margin: 0px;padding: 0px;font-family: Arial, Helvetica, sans-serif;font-size: 14.4px\" data-mce-style=\"margin: 0px; padding: 0px; font-family: Arial, Helvetica, sans-serif; font-size: 14.4px;\"><span style=\"font-family: Arial, Helvetica, sans-serif;font-size: 14.4px\" data-mce-style=\"font-family: Arial, Helvetica, sans-serif; font-size: 14.4px;\">Affichage LED et signal sonore<\/span><br style=\"margin: 0px;padding: 0px;font-family: Arial, Helvetica, sans-serif;font-size: 14.4px\" data-mce-style=\"margin: 0px; padding: 0px; font-family: Arial, Helvetica, sans-serif; font-size: 14.4px;\"><span style=\"font-family: Arial, Helvetica, sans-serif;font-size: 14.4px\" data-mce-style=\"font-family: Arial, Helvetica, sans-serif; font-size: 14.4px;\">Mode d&rsquo;\u00e9conomie d&rsquo;\u00e9nergie ECO Save &#8211; arr\u00eat automatique lorsque le r\u00e9cipient est plein.<\/span><br style=\"margin: 0px;padding: 0px;font-family: Arial, Helvetica, sans-serif;font-size: 14.4px\" data-mce-style=\"margin: 0px; padding: 0px; font-family: Arial, Helvetica, sans-serif; font-size: 14.4px;\"><span style=\"font-family: Arial, Helvetica, sans-serif;font-size: 14.4px\" data-mce-style=\"font-family: Arial, Helvetica, sans-serif; font-size: 14.4px;\">Programme de nettoyage &#8211; syst\u00e8me de rin\u00e7age hygi\u00e9nique \u00e0 l&rsquo;eau claire.<\/span><br style=\"margin: 0px;padding: 0px;font-family: Arial, Helvetica, sans-serif;font-size: 14.4px\" data-mce-style=\"margin: 0px; padding: 0px; font-family: Arial, Helvetica, sans-serif; font-size: 14.4px;\"><span style=\"font-family: Arial, Helvetica, sans-serif;font-size: 14.4px\" data-mce-style=\"font-family: Arial, Helvetica, sans-serif; font-size: 14.4px;\">Contr\u00f4le \u00e9lectronique avec 6 t\u00e9moins lumineux<\/span><br style=\"margin: 0px;padding: 0px;font-family: Arial, Helvetica, sans-serif;font-size: 14.4px\" data-mce-style=\"margin: 0px; padding: 0px; font-family: Arial, Helvetica, sans-serif; font-size: 14.4px;\"><span style=\"font-family: Arial, Helvetica, sans-serif;font-size: 14.4px\" data-mce-style=\"font-family: Arial, Helvetica, sans-serif; font-size: 14.4px;\">Contr\u00f4le visuel gr\u00e2ce \u00e0 une fen\u00eatre de visualisation dans le couvercle.<\/span><br style=\"margin: 0px;padding: 0px;font-family: Arial, Helvetica, sans-serif;font-size: 14.4px\" data-mce-style=\"margin: 0px; padding: 0px; font-family: Arial, Helvetica, sans-serif; font-size: 14.4px;\"><span style=\"font-family: Arial, Helvetica, sans-serif;font-size: 14.4px\" data-mce-style=\"font-family: Arial, Helvetica, sans-serif; font-size: 14.4px;\">Poign\u00e9e de transport pratique<\/span><br style=\"margin: 0px;padding: 0px;font-family: Arial, Helvetica, sans-serif;font-size: 14.4px\" data-mce-style=\"margin: 0px; padding: 0px; font-family: Arial, Helvetica, sans-serif; font-size: 14.4px;\"><span style=\"font-family: Arial, Helvetica, sans-serif;font-size: 14.4px\" data-mce-style=\"font-family: Arial, Helvetica, sans-serif; font-size: 14.4px;\">Faible niveau sonore<\/span><br style=\"margin: 0px;padding: 0px;font-family: Arial, Helvetica, sans-serif;font-size: 14.4px\" data-mce-style=\"margin: 0px; padding: 0px; font-family: Arial, Helvetica, sans-serif; font-size: 14.4px;\"><span style=\"font-family: Arial, Helvetica, sans-serif;font-size: 14.4px\" data-mce-style=\"font-family: Arial, Helvetica, sans-serif; font-size: 14.4px;\">Accessoires : Pelle \u00e0 glace<\/span><br style=\"margin: 0px;padding: 0px;font-family: Arial, Helvetica, sans-serif;font-size: 14.4px\" data-mce-style=\"margin: 0px; padding: 0px; font-family: Arial, Helvetica, sans-serif; font-size: 14.4px;\"><span style=\"font-family: Arial, Helvetica, sans-serif;font-size: 14.4px\" data-mce-style=\"font-family: Arial, Helvetica, sans-serif; font-size: 14.4px;\">220-240 V, 50 Hz, 105 W<\/span><\/p>\n","protected":false},"excerpt":{"rendered":"<ul style=\"margin-top: 0px;padding: 0px;margin-bottom: 1.3em;font-family: sans-serif;font-size: medium\" data-mce-style=\"margin-top: 0px; padding: 0px; margin-bottom: 1.3em; font-family: sans-serif; font-size: medium;\">\n<li style=\"margin-bottom: 0.6em;margin-left: 1.3em\" data-mce-style=\"margin-bottom: 0.6em; margin-left: 1.3em;\">Produit jusqu\u2019\u00e0 12 kg de gla\u00e7ons en 24 heures (gla\u00e7ons d\u00e9j\u00e0 apr\u00e8s 10 minutes)<\/li>\n<li style=\"margin-bottom: 0.6em;margin-left: 1.3em\" data-mce-style=\"margin-bottom: 0.6em; margin-left: 1.3em;\">2 tailles de gla\u00e7ons s\u00e9lectionnables (petit\/grand)<\/li>\n<li style=\"margin-bottom: 0.6em;margin-left: 1.3em\" data-mce-style=\"margin-bottom: 0.6em; margin-left: 1.3em;\">Contr\u00f4le \u00e9lectronique avec 6 t\u00e9moins lumineux<\/li>\n<li style=\"margin-bottom: 0.6em;margin-left: 1.3em\" data-mce-style=\"margin-bottom: 0.6em; margin-left: 1.3em;\">Affichage LED et signal sonore avec programme de nettoyage<\/li>\n<li style=\"margin-bottom: 0.6em;margin-left: 1.3em\" data-mce-style=\"margin-bottom: 0.6em; margin-left: 1.3em;\">Mode d\u2019\u00e9conomie d\u2019\u00e9nergie \u201c\u00c9CO Save\u201d (arr\u00eat automatique lorsque le r\u00e9cipient est plein)<\/li>\n<\/ul>\n","protected":false},"featured_media":20491,"template":"","meta":{"_coblocks_attr":"","_coblocks_dimensions":"","_coblocks_responsive_height":"","_coblocks_accordion_ie_support":""},"pwb-brand":[453],"product_brand":[],"product_cat":[97],"product_tag":[],"class_list":{"0":"post-20492","1":"product","2":"type-product","3":"status-publish","4":"has-post-thumbnail","6":"pwb-brand-bomann","7":"product_cat-electromenagers","10":"first","11":"instock","12":"taxable","13":"shipping-taxable","14":"purchasable","15":"product-type-simple"},"yoast_head":"<!-- This site is optimized with the Yoast SEO plugin v27.4 - https:\/\/yoast.com\/product\/yoast-seo-wordpress\/ -->\n<title>BOMANN MACHINE A GLACON EWB6060 - I-CONFORT<\/title>\n<meta name=\"robots\" content=\"index, follow, max-snippet:-1, max-image-preview:large, max-video-preview:-1\" \/>\n<link rel=\"canonical\" href=\"https:\/\/i-confort.com\/?product=bomann-machine-a-glacon-ewb6060\" \/>\n<meta property=\"og:locale\" content=\"fr_FR\" \/>\n<meta property=\"og:type\" content=\"article\" \/>\n<meta property=\"og:title\" content=\"BOMANN MACHINE A GLACON EWB6060 - I-CONFORT\" \/>\n<meta property=\"og:description\" content=\"Produit jusqu\u2019\u00e0 12 kg de gla\u00e7ons en 24 heures (gla\u00e7ons d\u00e9j\u00e0 apr\u00e8s 10 minutes)2 tailles de gla\u00e7ons s\u00e9lectionnables (petit\/grand)Contr\u00f4le \u00e9lectronique avec 6 t\u00e9moins lumineuxAffichage LED et signal sonore avec programme de nettoyageMode d\u2019\u00e9conomie d\u2019\u00e9nergie \u201c\u00c9CO Save\u201d (arr\u00eat automatique lorsque le r\u00e9cipient est plein)\" \/>\n<meta property=\"og:url\" content=\"https:\/\/i-confort.com\/?product=bomann-machine-a-glacon-ewb6060\" \/>\n<meta property=\"og:site_name\" content=\"I-CONFORT\" \/>\n<meta property=\"article:modified_time\" content=\"2025-01-14T12:35:04+00:00\" \/>\n<meta property=\"og:image\" content=\"https:\/\/i-confort.com\/wp-content\/uploads\/2024\/07\/11.jpg\" \/>\n\t<meta property=\"og:image:width\" content=\"458\" \/>\n\t<meta property=\"og:image:height\" content=\"458\" \/>\n\t<meta property=\"og:image:type\" content=\"image\/jpeg\" \/>\n<meta name=\"twitter:card\" content=\"summary_large_image\" \/>\n<meta name=\"twitter:label1\" content=\"Dur\u00e9e de lecture estim\u00e9e\" \/>\n\t<meta name=\"twitter:data1\" content=\"1 minute\" \/>\n<script type=\"application\/ld+json\" class=\"yoast-schema-graph\">{\"@context\":\"https:\\\/\\\/schema.org\",\"@graph\":[{\"@type\":\"WebPage\",\"@id\":\"https:\\\/\\\/i-confort.com\\\/?product=bomann-machine-a-glacon-ewb6060\",\"url\":\"https:\\\/\\\/i-confort.com\\\/?product=bomann-machine-a-glacon-ewb6060\",\"name\":\"BOMANN MACHINE A GLACON EWB6060 - I-CONFORT\",\"isPartOf\":{\"@id\":\"https:\\\/\\\/i-confort.com\\\/#website\"},\"primaryImageOfPage\":{\"@id\":\"https:\\\/\\\/i-confort.com\\\/?product=bomann-machine-a-glacon-ewb6060#primaryimage\"},\"image\":{\"@id\":\"https:\\\/\\\/i-confort.com\\\/?product=bomann-machine-a-glacon-ewb6060#primaryimage\"},\"thumbnailUrl\":\"https:\\\/\\\/i-confort.com\\\/wp-content\\\/uploads\\\/2024\\\/07\\\/11.jpg\",\"datePublished\":\"2024-07-08T15:44:40+00:00\",\"dateModified\":\"2025-01-14T12:35:04+00:00\",\"breadcrumb\":{\"@id\":\"https:\\\/\\\/i-confort.com\\\/?product=bomann-machine-a-glacon-ewb6060#breadcrumb\"},\"inLanguage\":\"fr-FR\",\"potentialAction\":[{\"@type\":\"ReadAction\",\"target\":[\"https:\\\/\\\/i-confort.com\\\/?product=bomann-machine-a-glacon-ewb6060\"]}]},{\"@type\":\"ImageObject\",\"inLanguage\":\"fr-FR\",\"@id\":\"https:\\\/\\\/i-confort.com\\\/?product=bomann-machine-a-glacon-ewb6060#primaryimage\",\"url\":\"https:\\\/\\\/i-confort.com\\\/wp-content\\\/uploads\\\/2024\\\/07\\\/11.jpg\",\"contentUrl\":\"https:\\\/\\\/i-confort.com\\\/wp-content\\\/uploads\\\/2024\\\/07\\\/11.jpg\",\"width\":458,\"height\":458},{\"@type\":\"BreadcrumbList\",\"@id\":\"https:\\\/\\\/i-confort.com\\\/?product=bomann-machine-a-glacon-ewb6060#breadcrumb\",\"itemListElement\":[{\"@type\":\"ListItem\",\"position\":1,\"name\":\"Home\",\"item\":\"https:\\\/\\\/i-confort.com\\\/\"},{\"@type\":\"ListItem\",\"position\":2,\"name\":\"Boutique\",\"item\":\"https:\\\/\\\/i-confort.com\\\/?page_id=7\"},{\"@type\":\"ListItem\",\"position\":3,\"name\":\"BOMANN MACHINE A GLACON EWB6060\"}]},{\"@type\":\"WebSite\",\"@id\":\"https:\\\/\\\/i-confort.com\\\/#website\",\"url\":\"https:\\\/\\\/i-confort.com\\\/\",\"name\":\"I-CONFORT\",\"description\":\"Site de vente en ligne\",\"potentialAction\":[{\"@type\":\"SearchAction\",\"target\":{\"@type\":\"EntryPoint\",\"urlTemplate\":\"https:\\\/\\\/i-confort.com\\\/?s={search_term_string}\"},\"query-input\":{\"@type\":\"PropertyValueSpecification\",\"valueRequired\":true,\"valueName\":\"search_term_string\"}}],\"inLanguage\":\"fr-FR\"}]}<\/script>\n<!-- \/ Yoast SEO plugin. -->","yoast_head_json":{"title":"BOMANN MACHINE A GLACON EWB6060 - I-CONFORT","robots":{"index":"index","follow":"follow","max-snippet":"max-snippet:-1","max-image-preview":"max-image-preview:large","max-video-preview":"max-video-preview:-1"},"canonical":"https:\/\/i-confort.com\/?product=bomann-machine-a-glacon-ewb6060","og_locale":"fr_FR","og_type":"article","og_title":"BOMANN MACHINE A GLACON EWB6060 - I-CONFORT","og_description":"Produit jusqu\u2019\u00e0 12 kg de gla\u00e7ons en 24 heures (gla\u00e7ons d\u00e9j\u00e0 apr\u00e8s 10 minutes)2 tailles de gla\u00e7ons s\u00e9lectionnables (petit\/grand)Contr\u00f4le \u00e9lectronique avec 6 t\u00e9moins lumineuxAffichage LED et signal sonore avec programme de nettoyageMode d\u2019\u00e9conomie d\u2019\u00e9nergie \u201c\u00c9CO Save\u201d (arr\u00eat automatique lorsque le r\u00e9cipient est plein)","og_url":"https:\/\/i-confort.com\/?product=bomann-machine-a-glacon-ewb6060","og_site_name":"I-CONFORT","article_modified_time":"2025-01-14T12:35:04+00:00","og_image":[{"width":458,"height":458,"url":"https:\/\/i-confort.com\/wp-content\/uploads\/2024\/07\/11.jpg","type":"image\/jpeg"}],"twitter_card":"summary_large_image","twitter_misc":{"Dur\u00e9e de lecture estim\u00e9e":"1 minute"},"schema":{"@context":"https:\/\/schema.org","@graph":[{"@type":"WebPage","@id":"https:\/\/i-confort.com\/?product=bomann-machine-a-glacon-ewb6060","url":"https:\/\/i-confort.com\/?product=bomann-machine-a-glacon-ewb6060","name":"BOMANN MACHINE A GLACON EWB6060 - I-CONFORT","isPartOf":{"@id":"https:\/\/i-confort.com\/#website"},"primaryImageOfPage":{"@id":"https:\/\/i-confort.com\/?product=bomann-machine-a-glacon-ewb6060#primaryimage"},"image":{"@id":"https:\/\/i-confort.com\/?product=bomann-machine-a-glacon-ewb6060#primaryimage"},"thumbnailUrl":"https:\/\/i-confort.com\/wp-content\/uploads\/2024\/07\/11.jpg","datePublished":"2024-07-08T15:44:40+00:00","dateModified":"2025-01-14T12:35:04+00:00","breadcrumb":{"@id":"https:\/\/i-confort.com\/?product=bomann-machine-a-glacon-ewb6060#breadcrumb"},"inLanguage":"fr-FR","potentialAction":[{"@type":"ReadAction","target":["https:\/\/i-confort.com\/?product=bomann-machine-a-glacon-ewb6060"]}]},{"@type":"ImageObject","inLanguage":"fr-FR","@id":"https:\/\/i-confort.com\/?product=bomann-machine-a-glacon-ewb6060#primaryimage","url":"https:\/\/i-confort.com\/wp-content\/uploads\/2024\/07\/11.jpg","contentUrl":"https:\/\/i-confort.com\/wp-content\/uploads\/2024\/07\/11.jpg","width":458,"height":458},{"@type":"BreadcrumbList","@id":"https:\/\/i-confort.com\/?product=bomann-machine-a-glacon-ewb6060#breadcrumb","itemListElement":[{"@type":"ListItem","position":1,"name":"Home","item":"https:\/\/i-confort.com\/"},{"@type":"ListItem","position":2,"name":"Boutique","item":"https:\/\/i-confort.com\/?page_id=7"},{"@type":"ListItem","position":3,"name":"BOMANN MACHINE A GLACON EWB6060"}]},{"@type":"WebSite","@id":"https:\/\/i-confort.com\/#website","url":"https:\/\/i-confort.com\/","name":"I-CONFORT","description":"Site de vente en ligne","potentialAction":[{"@type":"SearchAction","target":{"@type":"EntryPoint","urlTemplate":"https:\/\/i-confort.com\/?s={search_term_string}"},"query-input":{"@type":"PropertyValueSpecification","valueRequired":true,"valueName":"search_term_string"}}],"inLanguage":"fr-FR"}]}},"brands":[{"id":453,"name":"BOMANN","slug":"bomann"}],"_links":{"self":[{"href":"https:\/\/i-confort.com\/index.php?rest_route=\/wp\/v2\/product\/20492","targetHints":{"allow":["GET"]}}],"collection":[{"href":"https:\/\/i-confort.com\/index.php?rest_route=\/wp\/v2\/product"}],"about":[{"href":"https:\/\/i-confort.com\/index.php?rest_route=\/wp\/v2\/types\/product"}],"wp:featuredmedia":[{"embeddable":true,"href":"https:\/\/i-confort.com\/index.php?rest_route=\/wp\/v2\/media\/20491"}],"wp:attachment":[{"href":"https:\/\/i-confort.com\/index.php?rest_route=%2Fwp%2Fv2%2Fmedia&parent=20492"}],"wp:term":[{"taxonomy":"pwb-brand","embeddable":true,"href":"https:\/\/i-confort.com\/index.php?rest_route=%2Fwp%2Fv2%2Fpwb-brand&post=20492"},{"taxonomy":"product_brand","embeddable":true,"href":"https:\/\/i-confort.com\/index.php?rest_route=%2Fwp%2Fv2%2Fproduct_brand&post=20492"},{"taxonomy":"product_cat","embeddable":true,"href":"https:\/\/i-confort.com\/index.php?rest_route=%2Fwp%2Fv2%2Fproduct_cat&post=20492"},{"taxonomy":"product_tag","embeddable":true,"href":"https:\/\/i-confort.com\/index.php?rest_route=%2Fwp%2Fv2%2Fproduct_tag&post=20492"}],"curies":[{"name":"wp","href":"https:\/\/api.w.org\/{rel}","templated":true}]}}