{"id":20494,"date":"2024-07-08T15:53:01","date_gmt":"2024-07-08T15:53:01","guid":{"rendered":"https:\/\/i-confort.com\/?product=bomann-petrin-62l-1500w-ref-mk-51"},"modified":"2025-01-14T12:54:11","modified_gmt":"2025-01-14T12:54:11","slug":"bomann-petrin-62l-1500w-ref-mk-51","status":"publish","type":"product","link":"https:\/\/i-confort.com\/?product=bomann-petrin-62l-1500w-ref-mk-51","title":{"rendered":"BOMANN PETRIN 6,2L 1500W REF\/MK-51"},"content":{"rendered":"<h2 class=\"hdr -upp -fs14 -m -pam\">PRINCIPALES CARACT\u00c9RISTIQUES<\/h2>\n<div class=\"markup -pam\">\n<ul style=\"padding: 0px;margin: 0px 0px 1.5em 3em;border: 0px;font-size: 13px;vertical-align: baseline;font-family: Lato-Regular, sans-serif;letter-spacing: 0.7px\" data-mce-style=\"padding: 0px; margin: 0px 0px 1.5em 3em; border: 0px; font-size: 13px; vertical-align: baseline; font-family: Lato-Regular, sans-serif; letter-spacing: 0.7px;\">\n<li style=\"padding: 0px;margin: 0px;border: 0px;font-style: inherit;font-weight: inherit;vertical-align: baseline\" data-mce-style=\"padding: 0px; margin: 0px; border: 0px; font-style: inherit; font-weight: inherit; vertical-align: baseline;\">220-240V 50\/60Hz<\/li>\n<li style=\"padding: 0px;margin: 0px;border: 0px;font-style: inherit;font-weight: inherit;vertical-align: baseline\" data-mce-style=\"padding: 0px; margin: 0px; border: 0px; font-style: inherit; font-weight: inherit; vertical-align: baseline;\">Moteur puissant de 1500 W 6,2 kg<\/li>\n<li style=\"padding: 0px;margin: 0px;border: 0px;font-style: inherit;font-weight: inherit;vertical-align: baseline\" data-mce-style=\"padding: 0px; margin: 0px; border: 0px; font-style: inherit; font-weight: inherit; vertical-align: baseline;\">Protection de surcharge<\/li>\n<li style=\"padding: 0px;margin: 0px;border: 0px;font-style: inherit;font-weight: inherit;vertical-align: baseline\" data-mce-style=\"padding: 0px; margin: 0px; border: 0px; font-style: inherit; font-weight: inherit; vertical-align: baseline;\">Bo\u00eetier en aluminium moul\u00e9 sous pression<\/li>\n<li style=\"padding: 0px;margin: 0px;border: 0px;font-style: inherit;font-weight: inherit;vertical-align: baseline\" data-mce-style=\"padding: 0px; margin: 0px; border: 0px; font-style: inherit; font-weight: inherit; vertical-align: baseline;\">Cadre m\u00e9tallique \u00e0 l\u2019int\u00e9rieur<\/li>\n<li style=\"padding: 0px;margin: 0px;border: 0px;font-style: inherit;font-weight: inherit;vertical-align: baseline\" data-mce-style=\"padding: 0px; margin: 0px; border: 0px; font-style: inherit; font-weight: inherit; vertical-align: baseline;\">V\u00e9ritable bol en acier inoxydable bross\u00e9 de 1litres<\/li>\n<li style=\"padding: 0px;margin: 0px;border: 0px;font-style: inherit;font-weight: inherit;vertical-align: baseline\" data-mce-style=\"padding: 0px; margin: 0px; border: 0px; font-style: inherit; font-weight: inherit; vertical-align: baseline;\">Couvercle anti-\u00e9claboussures transparent inclus<\/li>\n<li style=\"padding: 0px;margin: 0px;border: 0px;font-style: inherit;font-weight: inherit;vertical-align: baseline\" data-mce-style=\"padding: 0px; margin: 0px; border: 0px; font-style: inherit; font-weight: inherit; vertical-align: baseline;\">6 vitesses avec contr\u00f4le d\u2019impulsion<\/li>\n<li style=\"padding: 0px;margin: 0px;border: 0px;font-style: inherit;font-weight: inherit;vertical-align: baseline\" data-mce-style=\"padding: 0px; margin: 0px; border: 0px; font-style: inherit; font-weight: inherit; vertical-align: baseline;\">Roulement \u00e0 billes utilis\u00e9<\/li>\n<li style=\"padding: 0px;margin: 0px;border: 0px;font-style: inherit;font-weight: inherit;vertical-align: baseline\" data-mce-style=\"padding: 0px; margin: 0px; border: 0px; font-style: inherit; font-weight: inherit; vertical-align: baseline;\">Syst\u00e8me d\u2019engrenage enti\u00e8rement en m\u00e9tal pour un m\u00e9lange parfait<\/li>\n<li style=\"padding: 0px;margin: 0px;border: 0px;font-style: inherit;font-weight: inherit;vertical-align: baseline\" data-mce-style=\"padding: 0px; margin: 0px; border: 0px; font-style: inherit; font-weight: inherit; vertical-align: baseline;\">r\u00e9sultat et robustesse<\/li>\n<li style=\"padding: 0px;margin: 0px;border: 0px;font-style: inherit;font-weight: inherit;vertical-align: baseline\" data-mce-style=\"padding: 0px; margin: 0px; border: 0px; font-style: inherit; font-weight: inherit; vertical-align: baseline;\">Bol inox amovible pour un nettoyage facile<\/li>\n<li style=\"padding: 0px;margin: 0px;border: 0px;font-style: inherit;font-weight: inherit;vertical-align: baseline\" data-mce-style=\"padding: 0px; margin: 0px; border: 0px; font-style: inherit; font-weight: inherit; vertical-align: baseline;\">3 types d\u2019accessoires standard pour le m\u00e9lange<\/li>\n<li style=\"padding: 0px;margin: 0px;border: 0px;font-style: inherit;font-weight: inherit;vertical-align: baseline\" data-mce-style=\"padding: 0px; margin: 0px; border: 0px; font-style: inherit; font-weight: inherit; vertical-align: baseline;\">Accessoires amovibles pour un nettoyage facile<\/li>\n<li style=\"padding: 0px;margin: 0px;border: 0px;font-style: inherit;font-weight: inherit;vertical-align: baseline\" data-mce-style=\"padding: 0px; margin: 0px; border: 0px; font-style: inherit; font-weight: inherit; vertical-align: baseline;\">Action de m\u00e9lange plan\u00e9taire<\/li>\n<li style=\"padding: 0px;margin: 0px;border: 0px;font-style: inherit;font-weight: inherit;vertical-align: baseline\" data-mce-style=\"padding: 0px; margin: 0px; border: 0px; font-style: inherit; font-weight: inherit; vertical-align: baseline;\">Pieds antid\u00e9rapants.<\/li>\n<\/ul>\n<\/div>\n","protected":false},"excerpt":{"rendered":"<ul class=\"-pvs -mvxs -phm -lsn\">\n<li class=\"-pvxs\" style=\"padding: 4px 0px;margin: 0px\" data-mce-style=\"padding: 4px 0px; margin: 0px;\">Bomann p\u00e9trin bomann 1500w \/ 6.2L- ROBOT BOMANN double crochet<\/li>\n<li class=\"-pvxs\" style=\"padding: 4px 0px;margin: 0px\" data-mce-style=\"padding: 4px 0px; margin: 0px;\"><span class=\"-b\" data-mce-style=\"box-sizing: border-box;\">Taille (Longueur x Largeur x Hauteur cm)<\/span>: 50*45*55<\/li>\n<li class=\"-pvxs\" style=\"padding: 4px 0px;margin: 0px\" data-mce-style=\"padding: 4px 0px; margin: 0px;\"><span class=\"-b\" data-mce-style=\"box-sizing: border-box;\">Poids (kg)<\/span>: 6<\/li>\n<li class=\"-pvxs\" style=\"padding: 4px 0px;margin: 0px\" data-mce-style=\"padding: 4px 0px; margin: 0px;\"><span class=\"-b\" data-mce-style=\"box-sizing: border-box;\">Couleur<\/span>: Silver<\/li>\n<li class=\"-pvxs\" style=\"padding: 4px 0px;margin: 0px\" data-mce-style=\"padding: 4px 0px; margin: 0px;\"><span class=\"-b\" data-mce-style=\"box-sizing: border-box;\">Mat\u00e9riau principal<\/span>: Acier inoxydable<\/li>\n<\/ul>\n","protected":false},"featured_media":20493,"template":"","meta":{"_coblocks_attr":"","_coblocks_dimensions":"","_coblocks_responsive_height":"","_coblocks_accordion_ie_support":""},"pwb-brand":[453],"product_brand":[],"product_cat":[97,454],"product_tag":[],"class_list":{"0":"post-20494","1":"product","2":"type-product","3":"status-publish","4":"has-post-thumbnail","6":"pwb-brand-bomann","7":"product_cat-electromenagers","8":"product_cat-petrin","11":"first","12":"instock","13":"taxable","14":"shipping-taxable","15":"purchasable","16":"product-type-simple"},"yoast_head":"<!-- This site is optimized with the Yoast SEO plugin v27.4 - https:\/\/yoast.com\/product\/yoast-seo-wordpress\/ -->\n<title>BOMANN PETRIN 6,2L 1500W REF\/MK-51 - I-CONFORT<\/title>\n<meta name=\"robots\" content=\"index, follow, max-snippet:-1, max-image-preview:large, max-video-preview:-1\" \/>\n<link rel=\"canonical\" href=\"https:\/\/i-confort.com\/?product=bomann-petrin-62l-1500w-ref-mk-51\" \/>\n<meta property=\"og:locale\" content=\"fr_FR\" \/>\n<meta property=\"og:type\" content=\"article\" \/>\n<meta property=\"og:title\" content=\"BOMANN PETRIN 6,2L 1500W REF\/MK-51 - I-CONFORT\" \/>\n<meta property=\"og:description\" content=\"Bomann p\u00e9trin bomann 1500w \/ 6.2L- ROBOT BOMANN double crochetTaille (Longueur x Largeur x Hauteur cm): 50*45*55Poids (kg): 6Couleur: SilverMat\u00e9riau principal: Acier inoxydable\" \/>\n<meta property=\"og:url\" content=\"https:\/\/i-confort.com\/?product=bomann-petrin-62l-1500w-ref-mk-51\" \/>\n<meta property=\"og:site_name\" content=\"I-CONFORT\" \/>\n<meta property=\"article:modified_time\" content=\"2025-01-14T12:54:11+00:00\" \/>\n<meta property=\"og:image\" content=\"https:\/\/i-confort.com\/wp-content\/uploads\/2024\/07\/2.jpg\" \/>\n\t<meta property=\"og:image:width\" content=\"680\" \/>\n\t<meta property=\"og:image:height\" content=\"680\" \/>\n\t<meta property=\"og:image:type\" content=\"image\/jpeg\" \/>\n<meta name=\"twitter:card\" content=\"summary_large_image\" \/>\n<script type=\"application\/ld+json\" class=\"yoast-schema-graph\">{\"@context\":\"https:\\\/\\\/schema.org\",\"@graph\":[{\"@type\":\"WebPage\",\"@id\":\"https:\\\/\\\/i-confort.com\\\/?product=bomann-petrin-62l-1500w-ref-mk-51\",\"url\":\"https:\\\/\\\/i-confort.com\\\/?product=bomann-petrin-62l-1500w-ref-mk-51\",\"name\":\"BOMANN PETRIN 6,2L 1500W REF\\\/MK-51 - I-CONFORT\",\"isPartOf\":{\"@id\":\"https:\\\/\\\/i-confort.com\\\/#website\"},\"primaryImageOfPage\":{\"@id\":\"https:\\\/\\\/i-confort.com\\\/?product=bomann-petrin-62l-1500w-ref-mk-51#primaryimage\"},\"image\":{\"@id\":\"https:\\\/\\\/i-confort.com\\\/?product=bomann-petrin-62l-1500w-ref-mk-51#primaryimage\"},\"thumbnailUrl\":\"https:\\\/\\\/i-confort.com\\\/wp-content\\\/uploads\\\/2024\\\/07\\\/2.jpg\",\"datePublished\":\"2024-07-08T15:53:01+00:00\",\"dateModified\":\"2025-01-14T12:54:11+00:00\",\"breadcrumb\":{\"@id\":\"https:\\\/\\\/i-confort.com\\\/?product=bomann-petrin-62l-1500w-ref-mk-51#breadcrumb\"},\"inLanguage\":\"fr-FR\",\"potentialAction\":[{\"@type\":\"ReadAction\",\"target\":[\"https:\\\/\\\/i-confort.com\\\/?product=bomann-petrin-62l-1500w-ref-mk-51\"]}]},{\"@type\":\"ImageObject\",\"inLanguage\":\"fr-FR\",\"@id\":\"https:\\\/\\\/i-confort.com\\\/?product=bomann-petrin-62l-1500w-ref-mk-51#primaryimage\",\"url\":\"https:\\\/\\\/i-confort.com\\\/wp-content\\\/uploads\\\/2024\\\/07\\\/2.jpg\",\"contentUrl\":\"https:\\\/\\\/i-confort.com\\\/wp-content\\\/uploads\\\/2024\\\/07\\\/2.jpg\",\"width\":680,\"height\":680},{\"@type\":\"BreadcrumbList\",\"@id\":\"https:\\\/\\\/i-confort.com\\\/?product=bomann-petrin-62l-1500w-ref-mk-51#breadcrumb\",\"itemListElement\":[{\"@type\":\"ListItem\",\"position\":1,\"name\":\"Home\",\"item\":\"https:\\\/\\\/i-confort.com\\\/\"},{\"@type\":\"ListItem\",\"position\":2,\"name\":\"Boutique\",\"item\":\"https:\\\/\\\/i-confort.com\\\/?page_id=7\"},{\"@type\":\"ListItem\",\"position\":3,\"name\":\"BOMANN PETRIN 6,2L 1500W REF\\\/MK-51\"}]},{\"@type\":\"WebSite\",\"@id\":\"https:\\\/\\\/i-confort.com\\\/#website\",\"url\":\"https:\\\/\\\/i-confort.com\\\/\",\"name\":\"I-CONFORT\",\"description\":\"Site de vente en ligne\",\"potentialAction\":[{\"@type\":\"SearchAction\",\"target\":{\"@type\":\"EntryPoint\",\"urlTemplate\":\"https:\\\/\\\/i-confort.com\\\/?s={search_term_string}\"},\"query-input\":{\"@type\":\"PropertyValueSpecification\",\"valueRequired\":true,\"valueName\":\"search_term_string\"}}],\"inLanguage\":\"fr-FR\"}]}<\/script>\n<!-- \/ Yoast SEO plugin. -->","yoast_head_json":{"title":"BOMANN PETRIN 6,2L 1500W REF\/MK-51 - I-CONFORT","robots":{"index":"index","follow":"follow","max-snippet":"max-snippet:-1","max-image-preview":"max-image-preview:large","max-video-preview":"max-video-preview:-1"},"canonical":"https:\/\/i-confort.com\/?product=bomann-petrin-62l-1500w-ref-mk-51","og_locale":"fr_FR","og_type":"article","og_title":"BOMANN PETRIN 6,2L 1500W REF\/MK-51 - I-CONFORT","og_description":"Bomann p\u00e9trin bomann 1500w \/ 6.2L- ROBOT BOMANN double crochetTaille (Longueur x Largeur x Hauteur cm): 50*45*55Poids (kg): 6Couleur: SilverMat\u00e9riau principal: Acier inoxydable","og_url":"https:\/\/i-confort.com\/?product=bomann-petrin-62l-1500w-ref-mk-51","og_site_name":"I-CONFORT","article_modified_time":"2025-01-14T12:54:11+00:00","og_image":[{"width":680,"height":680,"url":"https:\/\/i-confort.com\/wp-content\/uploads\/2024\/07\/2.jpg","type":"image\/jpeg"}],"twitter_card":"summary_large_image","schema":{"@context":"https:\/\/schema.org","@graph":[{"@type":"WebPage","@id":"https:\/\/i-confort.com\/?product=bomann-petrin-62l-1500w-ref-mk-51","url":"https:\/\/i-confort.com\/?product=bomann-petrin-62l-1500w-ref-mk-51","name":"BOMANN PETRIN 6,2L 1500W REF\/MK-51 - I-CONFORT","isPartOf":{"@id":"https:\/\/i-confort.com\/#website"},"primaryImageOfPage":{"@id":"https:\/\/i-confort.com\/?product=bomann-petrin-62l-1500w-ref-mk-51#primaryimage"},"image":{"@id":"https:\/\/i-confort.com\/?product=bomann-petrin-62l-1500w-ref-mk-51#primaryimage"},"thumbnailUrl":"https:\/\/i-confort.com\/wp-content\/uploads\/2024\/07\/2.jpg","datePublished":"2024-07-08T15:53:01+00:00","dateModified":"2025-01-14T12:54:11+00:00","breadcrumb":{"@id":"https:\/\/i-confort.com\/?product=bomann-petrin-62l-1500w-ref-mk-51#breadcrumb"},"inLanguage":"fr-FR","potentialAction":[{"@type":"ReadAction","target":["https:\/\/i-confort.com\/?product=bomann-petrin-62l-1500w-ref-mk-51"]}]},{"@type":"ImageObject","inLanguage":"fr-FR","@id":"https:\/\/i-confort.com\/?product=bomann-petrin-62l-1500w-ref-mk-51#primaryimage","url":"https:\/\/i-confort.com\/wp-content\/uploads\/2024\/07\/2.jpg","contentUrl":"https:\/\/i-confort.com\/wp-content\/uploads\/2024\/07\/2.jpg","width":680,"height":680},{"@type":"BreadcrumbList","@id":"https:\/\/i-confort.com\/?product=bomann-petrin-62l-1500w-ref-mk-51#breadcrumb","itemListElement":[{"@type":"ListItem","position":1,"name":"Home","item":"https:\/\/i-confort.com\/"},{"@type":"ListItem","position":2,"name":"Boutique","item":"https:\/\/i-confort.com\/?page_id=7"},{"@type":"ListItem","position":3,"name":"BOMANN PETRIN 6,2L 1500W REF\/MK-51"}]},{"@type":"WebSite","@id":"https:\/\/i-confort.com\/#website","url":"https:\/\/i-confort.com\/","name":"I-CONFORT","description":"Site de vente en ligne","potentialAction":[{"@type":"SearchAction","target":{"@type":"EntryPoint","urlTemplate":"https:\/\/i-confort.com\/?s={search_term_string}"},"query-input":{"@type":"PropertyValueSpecification","valueRequired":true,"valueName":"search_term_string"}}],"inLanguage":"fr-FR"}]}},"brands":[{"id":453,"name":"BOMANN","slug":"bomann"}],"_links":{"self":[{"href":"https:\/\/i-confort.com\/index.php?rest_route=\/wp\/v2\/product\/20494","targetHints":{"allow":["GET"]}}],"collection":[{"href":"https:\/\/i-confort.com\/index.php?rest_route=\/wp\/v2\/product"}],"about":[{"href":"https:\/\/i-confort.com\/index.php?rest_route=\/wp\/v2\/types\/product"}],"wp:featuredmedia":[{"embeddable":true,"href":"https:\/\/i-confort.com\/index.php?rest_route=\/wp\/v2\/media\/20493"}],"wp:attachment":[{"href":"https:\/\/i-confort.com\/index.php?rest_route=%2Fwp%2Fv2%2Fmedia&parent=20494"}],"wp:term":[{"taxonomy":"pwb-brand","embeddable":true,"href":"https:\/\/i-confort.com\/index.php?rest_route=%2Fwp%2Fv2%2Fpwb-brand&post=20494"},{"taxonomy":"product_brand","embeddable":true,"href":"https:\/\/i-confort.com\/index.php?rest_route=%2Fwp%2Fv2%2Fproduct_brand&post=20494"},{"taxonomy":"product_cat","embeddable":true,"href":"https:\/\/i-confort.com\/index.php?rest_route=%2Fwp%2Fv2%2Fproduct_cat&post=20494"},{"taxonomy":"product_tag","embeddable":true,"href":"https:\/\/i-confort.com\/index.php?rest_route=%2Fwp%2Fv2%2Fproduct_tag&post=20494"}],"curies":[{"name":"wp","href":"https:\/\/api.w.org\/{rel}","templated":true}]}}