{"id":20498,"date":"2024-07-08T16:04:17","date_gmt":"2024-07-08T16:04:17","guid":{"rendered":"https:\/\/i-confort.com\/?product=bosch-batteur-375w-ref-mfq22100"},"modified":"2024-07-08T16:06:32","modified_gmt":"2024-07-08T16:06:32","slug":"bosch-batteur-375w-ref-mfq22100","status":"publish","type":"product","link":"https:\/\/i-confort.com\/?product=bosch-batteur-375w-ref-mfq22100","title":{"rendered":"BOSCH BATTEUR 375W REF\/MFQ22100"},"content":{"rendered":"<p>Bosch CleverMixx MFQ22100 &#8211; Batteur \u00e0 main<\/p>\n<p>Le batteur CleverMixx de Bosch est l&rsquo;accessoire indispensable dans la cuisine pour r\u00e9aliser vos blancs en neige, p\u00e2tes diverses&#8230; Avec son design<\/p>\n<p>moderne et \u00e9l\u00e9gant, il se fond parfaitement dans votre cuisine. \u00c9quip\u00e9 de deux fouets et de deux crochets p\u00e9trisseurs, il est polyvalent mais<\/p>\n<p>\u00e9galement puissant gr\u00e2ce \u00e0 son moteur de 375 W et ses 4 vitesses + mode pulse. Sa poign\u00e9e ergonomique garantit une prise de main facile et<\/p>\n<p>un usage pratique.<\/p>\n<\/p>\n<p><\/p>\n","protected":false},"excerpt":{"rendered":"<p>Description du produit :<\/p>\n<p>4 vitesses et mode Pulse<\/p>\n<p>Bouton d&rsquo;\u00e9jection automatique des accessoires<\/p>\n<p>Puissance : 375 W<\/p>\n<p>\u00c9l\u00e9ments lavables au lave-vaisselle<\/p>\n<p>Dimensions (H x L x P) : 15,3 cm x 20 cm x 7,3 cm<\/p>\n<p>Poids net : 0,9 kg<\/p>\n","protected":false},"featured_media":20497,"template":"","meta":{"_coblocks_attr":"","_coblocks_dimensions":"","_coblocks_responsive_height":"","_coblocks_accordion_ie_support":""},"pwb-brand":[431],"product_brand":[],"product_cat":[97],"product_tag":[],"class_list":{"0":"post-20498","1":"product","2":"type-product","3":"status-publish","4":"has-post-thumbnail","6":"pwb-brand-bosch","7":"product_cat-electromenagers","10":"first","11":"instock","12":"taxable","13":"shipping-taxable","14":"purchasable","15":"product-type-simple"},"yoast_head":"<!-- This site is optimized with the Yoast SEO plugin v27.4 - https:\/\/yoast.com\/product\/yoast-seo-wordpress\/ -->\n<title>BOSCH BATTEUR 375W REF\/MFQ22100 - I-CONFORT<\/title>\n<meta name=\"robots\" content=\"index, follow, max-snippet:-1, max-image-preview:large, max-video-preview:-1\" \/>\n<link rel=\"canonical\" href=\"https:\/\/i-confort.com\/?product=bosch-batteur-375w-ref-mfq22100\" \/>\n<meta property=\"og:locale\" content=\"fr_FR\" \/>\n<meta property=\"og:type\" content=\"article\" \/>\n<meta property=\"og:title\" content=\"BOSCH BATTEUR 375W REF\/MFQ22100 - I-CONFORT\" \/>\n<meta property=\"og:description\" content=\"Description du produit :4 vitesses et mode PulseBouton d&#039;\u00e9jection automatique des accessoiresPuissance : 375 W\u00c9l\u00e9ments lavables au lave-vaisselleDimensions (H x L x P) : 15,3 cm x 20 cm x 7,3 cmPoids net : 0,9 kg\" \/>\n<meta property=\"og:url\" content=\"https:\/\/i-confort.com\/?product=bosch-batteur-375w-ref-mfq22100\" \/>\n<meta property=\"og:site_name\" content=\"I-CONFORT\" \/>\n<meta property=\"article:modified_time\" content=\"2024-07-08T16:06:32+00:00\" \/>\n<meta property=\"og:image\" content=\"https:\/\/i-confort.com\/wp-content\/uploads\/2024\/07\/22-2.jpg\" \/>\n\t<meta property=\"og:image:width\" content=\"680\" \/>\n\t<meta property=\"og:image:height\" content=\"680\" \/>\n\t<meta property=\"og:image:type\" content=\"image\/jpeg\" \/>\n<meta name=\"twitter:card\" content=\"summary_large_image\" \/>\n<script type=\"application\/ld+json\" class=\"yoast-schema-graph\">{\"@context\":\"https:\\\/\\\/schema.org\",\"@graph\":[{\"@type\":\"WebPage\",\"@id\":\"https:\\\/\\\/i-confort.com\\\/?product=bosch-batteur-375w-ref-mfq22100\",\"url\":\"https:\\\/\\\/i-confort.com\\\/?product=bosch-batteur-375w-ref-mfq22100\",\"name\":\"BOSCH BATTEUR 375W REF\\\/MFQ22100 - I-CONFORT\",\"isPartOf\":{\"@id\":\"https:\\\/\\\/i-confort.com\\\/#website\"},\"primaryImageOfPage\":{\"@id\":\"https:\\\/\\\/i-confort.com\\\/?product=bosch-batteur-375w-ref-mfq22100#primaryimage\"},\"image\":{\"@id\":\"https:\\\/\\\/i-confort.com\\\/?product=bosch-batteur-375w-ref-mfq22100#primaryimage\"},\"thumbnailUrl\":\"https:\\\/\\\/i-confort.com\\\/wp-content\\\/uploads\\\/2024\\\/07\\\/22-2.jpg\",\"datePublished\":\"2024-07-08T16:04:17+00:00\",\"dateModified\":\"2024-07-08T16:06:32+00:00\",\"breadcrumb\":{\"@id\":\"https:\\\/\\\/i-confort.com\\\/?product=bosch-batteur-375w-ref-mfq22100#breadcrumb\"},\"inLanguage\":\"fr-FR\",\"potentialAction\":[{\"@type\":\"ReadAction\",\"target\":[\"https:\\\/\\\/i-confort.com\\\/?product=bosch-batteur-375w-ref-mfq22100\"]}]},{\"@type\":\"ImageObject\",\"inLanguage\":\"fr-FR\",\"@id\":\"https:\\\/\\\/i-confort.com\\\/?product=bosch-batteur-375w-ref-mfq22100#primaryimage\",\"url\":\"https:\\\/\\\/i-confort.com\\\/wp-content\\\/uploads\\\/2024\\\/07\\\/22-2.jpg\",\"contentUrl\":\"https:\\\/\\\/i-confort.com\\\/wp-content\\\/uploads\\\/2024\\\/07\\\/22-2.jpg\",\"width\":680,\"height\":680},{\"@type\":\"BreadcrumbList\",\"@id\":\"https:\\\/\\\/i-confort.com\\\/?product=bosch-batteur-375w-ref-mfq22100#breadcrumb\",\"itemListElement\":[{\"@type\":\"ListItem\",\"position\":1,\"name\":\"Home\",\"item\":\"https:\\\/\\\/i-confort.com\\\/\"},{\"@type\":\"ListItem\",\"position\":2,\"name\":\"Boutique\",\"item\":\"https:\\\/\\\/i-confort.com\\\/?page_id=7\"},{\"@type\":\"ListItem\",\"position\":3,\"name\":\"BOSCH BATTEUR 375W REF\\\/MFQ22100\"}]},{\"@type\":\"WebSite\",\"@id\":\"https:\\\/\\\/i-confort.com\\\/#website\",\"url\":\"https:\\\/\\\/i-confort.com\\\/\",\"name\":\"I-CONFORT\",\"description\":\"Site de vente en ligne\",\"potentialAction\":[{\"@type\":\"SearchAction\",\"target\":{\"@type\":\"EntryPoint\",\"urlTemplate\":\"https:\\\/\\\/i-confort.com\\\/?s={search_term_string}\"},\"query-input\":{\"@type\":\"PropertyValueSpecification\",\"valueRequired\":true,\"valueName\":\"search_term_string\"}}],\"inLanguage\":\"fr-FR\"}]}<\/script>\n<!-- \/ Yoast SEO plugin. -->","yoast_head_json":{"title":"BOSCH BATTEUR 375W REF\/MFQ22100 - I-CONFORT","robots":{"index":"index","follow":"follow","max-snippet":"max-snippet:-1","max-image-preview":"max-image-preview:large","max-video-preview":"max-video-preview:-1"},"canonical":"https:\/\/i-confort.com\/?product=bosch-batteur-375w-ref-mfq22100","og_locale":"fr_FR","og_type":"article","og_title":"BOSCH BATTEUR 375W REF\/MFQ22100 - I-CONFORT","og_description":"Description du produit :4 vitesses et mode PulseBouton d'\u00e9jection automatique des accessoiresPuissance : 375 W\u00c9l\u00e9ments lavables au lave-vaisselleDimensions (H x L x P) : 15,3 cm x 20 cm x 7,3 cmPoids net : 0,9 kg","og_url":"https:\/\/i-confort.com\/?product=bosch-batteur-375w-ref-mfq22100","og_site_name":"I-CONFORT","article_modified_time":"2024-07-08T16:06:32+00:00","og_image":[{"width":680,"height":680,"url":"https:\/\/i-confort.com\/wp-content\/uploads\/2024\/07\/22-2.jpg","type":"image\/jpeg"}],"twitter_card":"summary_large_image","schema":{"@context":"https:\/\/schema.org","@graph":[{"@type":"WebPage","@id":"https:\/\/i-confort.com\/?product=bosch-batteur-375w-ref-mfq22100","url":"https:\/\/i-confort.com\/?product=bosch-batteur-375w-ref-mfq22100","name":"BOSCH BATTEUR 375W REF\/MFQ22100 - I-CONFORT","isPartOf":{"@id":"https:\/\/i-confort.com\/#website"},"primaryImageOfPage":{"@id":"https:\/\/i-confort.com\/?product=bosch-batteur-375w-ref-mfq22100#primaryimage"},"image":{"@id":"https:\/\/i-confort.com\/?product=bosch-batteur-375w-ref-mfq22100#primaryimage"},"thumbnailUrl":"https:\/\/i-confort.com\/wp-content\/uploads\/2024\/07\/22-2.jpg","datePublished":"2024-07-08T16:04:17+00:00","dateModified":"2024-07-08T16:06:32+00:00","breadcrumb":{"@id":"https:\/\/i-confort.com\/?product=bosch-batteur-375w-ref-mfq22100#breadcrumb"},"inLanguage":"fr-FR","potentialAction":[{"@type":"ReadAction","target":["https:\/\/i-confort.com\/?product=bosch-batteur-375w-ref-mfq22100"]}]},{"@type":"ImageObject","inLanguage":"fr-FR","@id":"https:\/\/i-confort.com\/?product=bosch-batteur-375w-ref-mfq22100#primaryimage","url":"https:\/\/i-confort.com\/wp-content\/uploads\/2024\/07\/22-2.jpg","contentUrl":"https:\/\/i-confort.com\/wp-content\/uploads\/2024\/07\/22-2.jpg","width":680,"height":680},{"@type":"BreadcrumbList","@id":"https:\/\/i-confort.com\/?product=bosch-batteur-375w-ref-mfq22100#breadcrumb","itemListElement":[{"@type":"ListItem","position":1,"name":"Home","item":"https:\/\/i-confort.com\/"},{"@type":"ListItem","position":2,"name":"Boutique","item":"https:\/\/i-confort.com\/?page_id=7"},{"@type":"ListItem","position":3,"name":"BOSCH BATTEUR 375W REF\/MFQ22100"}]},{"@type":"WebSite","@id":"https:\/\/i-confort.com\/#website","url":"https:\/\/i-confort.com\/","name":"I-CONFORT","description":"Site de vente en ligne","potentialAction":[{"@type":"SearchAction","target":{"@type":"EntryPoint","urlTemplate":"https:\/\/i-confort.com\/?s={search_term_string}"},"query-input":{"@type":"PropertyValueSpecification","valueRequired":true,"valueName":"search_term_string"}}],"inLanguage":"fr-FR"}]}},"brands":[{"id":431,"name":"BOSCH","slug":"bosch"}],"_links":{"self":[{"href":"https:\/\/i-confort.com\/index.php?rest_route=\/wp\/v2\/product\/20498","targetHints":{"allow":["GET"]}}],"collection":[{"href":"https:\/\/i-confort.com\/index.php?rest_route=\/wp\/v2\/product"}],"about":[{"href":"https:\/\/i-confort.com\/index.php?rest_route=\/wp\/v2\/types\/product"}],"wp:featuredmedia":[{"embeddable":true,"href":"https:\/\/i-confort.com\/index.php?rest_route=\/wp\/v2\/media\/20497"}],"wp:attachment":[{"href":"https:\/\/i-confort.com\/index.php?rest_route=%2Fwp%2Fv2%2Fmedia&parent=20498"}],"wp:term":[{"taxonomy":"pwb-brand","embeddable":true,"href":"https:\/\/i-confort.com\/index.php?rest_route=%2Fwp%2Fv2%2Fpwb-brand&post=20498"},{"taxonomy":"product_brand","embeddable":true,"href":"https:\/\/i-confort.com\/index.php?rest_route=%2Fwp%2Fv2%2Fproduct_brand&post=20498"},{"taxonomy":"product_cat","embeddable":true,"href":"https:\/\/i-confort.com\/index.php?rest_route=%2Fwp%2Fv2%2Fproduct_cat&post=20498"},{"taxonomy":"product_tag","embeddable":true,"href":"https:\/\/i-confort.com\/index.php?rest_route=%2Fwp%2Fv2%2Fproduct_tag&post=20498"}],"curies":[{"name":"wp","href":"https:\/\/api.w.org\/{rel}","templated":true}]}}