{"id":20501,"date":"2024-07-08T16:20:11","date_gmt":"2024-07-08T16:20:11","guid":{"rendered":"https:\/\/i-confort.com\/?product=bosch-bras-inox-400w-ref-msm24100"},"modified":"2024-07-08T16:23:09","modified_gmt":"2024-07-08T16:23:09","slug":"bosch-bras-inox-400w-ref-msm24100","status":"publish","type":"product","link":"https:\/\/i-confort.com\/?product=bosch-bras-inox-400w-ref-msm24100","title":{"rendered":"BOSCH BRAS INOX 400W REF\/MSM24100"},"content":{"rendered":"<header class=\"-pvs -bb\">\n<h2 class=\"-fs20 -m -phm -pvxs\" style=\"padding: 4px 16px;margin: 0px;font-weight: 500;font-size: 1.25rem\">D\u00e9tails<\/h2>\n<\/header>\n<div class=\"markup -mhm -pvl -oxa -sc\">Puissant, l\u00e9ger et silencieux pour cuisiner sans effort et en tout confortSoupes, potages, compotes, p\u00e2tes l\u00e9g\u00e8res, sauce&#8230; r\u00e9alisez vous-m\u00eame de d\u00e9licieuses pr\u00e9parations !<br \/><b style=\"margin: 0px;padding: 0px;border: 0px;vertical-align: baseline;background: transparent\">Pied mixeur :<\/b>Les 4 lames en inox aiguis\u00e9es sont ultra r\u00e9sistantes pour obtenir rapidement des pr\u00e9parations onctueuses et homog\u00e8nes.Pr\u00e9parez facilement des boissons saines et savoureuses, cocktails, smoothies directement dans le bol m\u00e9langeur gradu\u00e9.<b style=\"margin: 0px;padding: 0px;border: 0px;vertical-align: baseline;background: transparent\"><br \/><\/b><b style=\"margin: 0px;padding: 0px;border: 0px;vertical-align: baseline;background: transparent\">Puissance et vitesse :<\/b>Le Mixeur plongeant MSM24100 est muni d&rsquo;un moteur de 400 watts.(vitesse de rotation maximale de 13 000 tours\/mn).<br \/><b style=\"margin: 0px;padding: 0px;border: 0px;vertical-align: baseline;background: transparent\">Praticit\u00e9 :<\/b>La poign\u00e9e ergonomique vous facilite la prise en main.\u00a0<b style=\"margin: 0px;padding: 0px;border: 0px;vertical-align: baseline;background: transparent\"><br \/><\/b><b style=\"margin: 0px;padding: 0px;border: 0px;vertical-align: baseline;background: transparent\">Accessoire :<\/b>Livr\u00e9 avec un bol mixeur sans BPA gradu\u00e9 pour m\u00e9langer directement tous vos aliments.<b style=\"margin: 0px;padding: 0px;border: 0px;vertical-align: baseline;background: transparent\"><br \/><\/b><b style=\"margin: 0px;padding: 0px;border: 0px;vertical-align: baseline;background: transparent\">Entretien\u00a0:<\/b>Son pied amovible est lavable au lave-vaisselle.\u00a0<\/div>\n","protected":false},"excerpt":{"rendered":"<ul>\n<li style=\"padding: 0px;margin: 0px\">Puissance: 400 watts<\/li>\n<li style=\"padding: 0px;margin: 0px\">Mat\u00e9riau en Inox<\/li>\n<li style=\"padding: 0px;margin: 0px\">Bol m\u00e9langeur gradu\u00e9 fourni<\/li>\n<li style=\"padding: 0px;margin: 0px\">Pied mixeur d\u00e9tachable<\/li>\n<li style=\"padding: 0px;margin: 0px\">1 vitesse &#8211; 13 000 tours \/ minute<br data-mce-bogus=\"1\"><\/li>\n<\/ul>\n","protected":false},"featured_media":20499,"template":"","meta":{"_coblocks_attr":"","_coblocks_dimensions":"","_coblocks_responsive_height":"","_coblocks_accordion_ie_support":""},"pwb-brand":[431],"product_brand":[],"product_cat":[97],"product_tag":[],"class_list":{"0":"post-20501","1":"product","2":"type-product","3":"status-publish","4":"has-post-thumbnail","6":"pwb-brand-bosch","7":"product_cat-electromenagers","10":"first","11":"instock","12":"taxable","13":"shipping-taxable","14":"purchasable","15":"product-type-simple"},"yoast_head":"<!-- This site is optimized with the Yoast SEO plugin v27.4 - https:\/\/yoast.com\/product\/yoast-seo-wordpress\/ -->\n<title>BOSCH BRAS INOX 400W REF\/MSM24100 - I-CONFORT<\/title>\n<meta name=\"robots\" content=\"index, follow, max-snippet:-1, max-image-preview:large, max-video-preview:-1\" \/>\n<link rel=\"canonical\" href=\"https:\/\/i-confort.com\/?product=bosch-bras-inox-400w-ref-msm24100\" \/>\n<meta property=\"og:locale\" content=\"fr_FR\" \/>\n<meta property=\"og:type\" content=\"article\" \/>\n<meta property=\"og:title\" content=\"BOSCH BRAS INOX 400W REF\/MSM24100 - I-CONFORT\" \/>\n<meta property=\"og:description\" content=\"Puissance: 400 wattsMat\u00e9riau en InoxBol m\u00e9langeur gradu\u00e9 fourniPied mixeur d\u00e9tachable1 vitesse - 13 000 tours \/ minute\" \/>\n<meta property=\"og:url\" content=\"https:\/\/i-confort.com\/?product=bosch-bras-inox-400w-ref-msm24100\" \/>\n<meta property=\"og:site_name\" content=\"I-CONFORT\" \/>\n<meta property=\"article:modified_time\" content=\"2024-07-08T16:23:09+00:00\" \/>\n<meta property=\"og:image\" content=\"https:\/\/i-confort.com\/wp-content\/uploads\/2024\/07\/1-3.jpg\" \/>\n\t<meta property=\"og:image:width\" content=\"680\" \/>\n\t<meta property=\"og:image:height\" content=\"680\" \/>\n\t<meta property=\"og:image:type\" content=\"image\/jpeg\" \/>\n<meta name=\"twitter:card\" content=\"summary_large_image\" \/>\n<meta name=\"twitter:label1\" content=\"Dur\u00e9e de lecture estim\u00e9e\" \/>\n\t<meta name=\"twitter:data1\" content=\"1 minute\" \/>\n<script type=\"application\/ld+json\" class=\"yoast-schema-graph\">{\"@context\":\"https:\\\/\\\/schema.org\",\"@graph\":[{\"@type\":\"WebPage\",\"@id\":\"https:\\\/\\\/i-confort.com\\\/?product=bosch-bras-inox-400w-ref-msm24100\",\"url\":\"https:\\\/\\\/i-confort.com\\\/?product=bosch-bras-inox-400w-ref-msm24100\",\"name\":\"BOSCH BRAS INOX 400W REF\\\/MSM24100 - I-CONFORT\",\"isPartOf\":{\"@id\":\"https:\\\/\\\/i-confort.com\\\/#website\"},\"primaryImageOfPage\":{\"@id\":\"https:\\\/\\\/i-confort.com\\\/?product=bosch-bras-inox-400w-ref-msm24100#primaryimage\"},\"image\":{\"@id\":\"https:\\\/\\\/i-confort.com\\\/?product=bosch-bras-inox-400w-ref-msm24100#primaryimage\"},\"thumbnailUrl\":\"https:\\\/\\\/i-confort.com\\\/wp-content\\\/uploads\\\/2024\\\/07\\\/1-3.jpg\",\"datePublished\":\"2024-07-08T16:20:11+00:00\",\"dateModified\":\"2024-07-08T16:23:09+00:00\",\"breadcrumb\":{\"@id\":\"https:\\\/\\\/i-confort.com\\\/?product=bosch-bras-inox-400w-ref-msm24100#breadcrumb\"},\"inLanguage\":\"fr-FR\",\"potentialAction\":[{\"@type\":\"ReadAction\",\"target\":[\"https:\\\/\\\/i-confort.com\\\/?product=bosch-bras-inox-400w-ref-msm24100\"]}]},{\"@type\":\"ImageObject\",\"inLanguage\":\"fr-FR\",\"@id\":\"https:\\\/\\\/i-confort.com\\\/?product=bosch-bras-inox-400w-ref-msm24100#primaryimage\",\"url\":\"https:\\\/\\\/i-confort.com\\\/wp-content\\\/uploads\\\/2024\\\/07\\\/1-3.jpg\",\"contentUrl\":\"https:\\\/\\\/i-confort.com\\\/wp-content\\\/uploads\\\/2024\\\/07\\\/1-3.jpg\",\"width\":680,\"height\":680},{\"@type\":\"BreadcrumbList\",\"@id\":\"https:\\\/\\\/i-confort.com\\\/?product=bosch-bras-inox-400w-ref-msm24100#breadcrumb\",\"itemListElement\":[{\"@type\":\"ListItem\",\"position\":1,\"name\":\"Home\",\"item\":\"https:\\\/\\\/i-confort.com\\\/\"},{\"@type\":\"ListItem\",\"position\":2,\"name\":\"Boutique\",\"item\":\"https:\\\/\\\/i-confort.com\\\/?page_id=7\"},{\"@type\":\"ListItem\",\"position\":3,\"name\":\"BOSCH BRAS INOX 400W REF\\\/MSM24100\"}]},{\"@type\":\"WebSite\",\"@id\":\"https:\\\/\\\/i-confort.com\\\/#website\",\"url\":\"https:\\\/\\\/i-confort.com\\\/\",\"name\":\"I-CONFORT\",\"description\":\"Site de vente en ligne\",\"potentialAction\":[{\"@type\":\"SearchAction\",\"target\":{\"@type\":\"EntryPoint\",\"urlTemplate\":\"https:\\\/\\\/i-confort.com\\\/?s={search_term_string}\"},\"query-input\":{\"@type\":\"PropertyValueSpecification\",\"valueRequired\":true,\"valueName\":\"search_term_string\"}}],\"inLanguage\":\"fr-FR\"}]}<\/script>\n<!-- \/ Yoast SEO plugin. -->","yoast_head_json":{"title":"BOSCH BRAS INOX 400W REF\/MSM24100 - I-CONFORT","robots":{"index":"index","follow":"follow","max-snippet":"max-snippet:-1","max-image-preview":"max-image-preview:large","max-video-preview":"max-video-preview:-1"},"canonical":"https:\/\/i-confort.com\/?product=bosch-bras-inox-400w-ref-msm24100","og_locale":"fr_FR","og_type":"article","og_title":"BOSCH BRAS INOX 400W REF\/MSM24100 - I-CONFORT","og_description":"Puissance: 400 wattsMat\u00e9riau en InoxBol m\u00e9langeur gradu\u00e9 fourniPied mixeur d\u00e9tachable1 vitesse - 13 000 tours \/ minute","og_url":"https:\/\/i-confort.com\/?product=bosch-bras-inox-400w-ref-msm24100","og_site_name":"I-CONFORT","article_modified_time":"2024-07-08T16:23:09+00:00","og_image":[{"width":680,"height":680,"url":"https:\/\/i-confort.com\/wp-content\/uploads\/2024\/07\/1-3.jpg","type":"image\/jpeg"}],"twitter_card":"summary_large_image","twitter_misc":{"Dur\u00e9e de lecture estim\u00e9e":"1 minute"},"schema":{"@context":"https:\/\/schema.org","@graph":[{"@type":"WebPage","@id":"https:\/\/i-confort.com\/?product=bosch-bras-inox-400w-ref-msm24100","url":"https:\/\/i-confort.com\/?product=bosch-bras-inox-400w-ref-msm24100","name":"BOSCH BRAS INOX 400W REF\/MSM24100 - I-CONFORT","isPartOf":{"@id":"https:\/\/i-confort.com\/#website"},"primaryImageOfPage":{"@id":"https:\/\/i-confort.com\/?product=bosch-bras-inox-400w-ref-msm24100#primaryimage"},"image":{"@id":"https:\/\/i-confort.com\/?product=bosch-bras-inox-400w-ref-msm24100#primaryimage"},"thumbnailUrl":"https:\/\/i-confort.com\/wp-content\/uploads\/2024\/07\/1-3.jpg","datePublished":"2024-07-08T16:20:11+00:00","dateModified":"2024-07-08T16:23:09+00:00","breadcrumb":{"@id":"https:\/\/i-confort.com\/?product=bosch-bras-inox-400w-ref-msm24100#breadcrumb"},"inLanguage":"fr-FR","potentialAction":[{"@type":"ReadAction","target":["https:\/\/i-confort.com\/?product=bosch-bras-inox-400w-ref-msm24100"]}]},{"@type":"ImageObject","inLanguage":"fr-FR","@id":"https:\/\/i-confort.com\/?product=bosch-bras-inox-400w-ref-msm24100#primaryimage","url":"https:\/\/i-confort.com\/wp-content\/uploads\/2024\/07\/1-3.jpg","contentUrl":"https:\/\/i-confort.com\/wp-content\/uploads\/2024\/07\/1-3.jpg","width":680,"height":680},{"@type":"BreadcrumbList","@id":"https:\/\/i-confort.com\/?product=bosch-bras-inox-400w-ref-msm24100#breadcrumb","itemListElement":[{"@type":"ListItem","position":1,"name":"Home","item":"https:\/\/i-confort.com\/"},{"@type":"ListItem","position":2,"name":"Boutique","item":"https:\/\/i-confort.com\/?page_id=7"},{"@type":"ListItem","position":3,"name":"BOSCH BRAS INOX 400W REF\/MSM24100"}]},{"@type":"WebSite","@id":"https:\/\/i-confort.com\/#website","url":"https:\/\/i-confort.com\/","name":"I-CONFORT","description":"Site de vente en ligne","potentialAction":[{"@type":"SearchAction","target":{"@type":"EntryPoint","urlTemplate":"https:\/\/i-confort.com\/?s={search_term_string}"},"query-input":{"@type":"PropertyValueSpecification","valueRequired":true,"valueName":"search_term_string"}}],"inLanguage":"fr-FR"}]}},"brands":[{"id":431,"name":"BOSCH","slug":"bosch"}],"_links":{"self":[{"href":"https:\/\/i-confort.com\/index.php?rest_route=\/wp\/v2\/product\/20501","targetHints":{"allow":["GET"]}}],"collection":[{"href":"https:\/\/i-confort.com\/index.php?rest_route=\/wp\/v2\/product"}],"about":[{"href":"https:\/\/i-confort.com\/index.php?rest_route=\/wp\/v2\/types\/product"}],"wp:featuredmedia":[{"embeddable":true,"href":"https:\/\/i-confort.com\/index.php?rest_route=\/wp\/v2\/media\/20499"}],"wp:attachment":[{"href":"https:\/\/i-confort.com\/index.php?rest_route=%2Fwp%2Fv2%2Fmedia&parent=20501"}],"wp:term":[{"taxonomy":"pwb-brand","embeddable":true,"href":"https:\/\/i-confort.com\/index.php?rest_route=%2Fwp%2Fv2%2Fpwb-brand&post=20501"},{"taxonomy":"product_brand","embeddable":true,"href":"https:\/\/i-confort.com\/index.php?rest_route=%2Fwp%2Fv2%2Fproduct_brand&post=20501"},{"taxonomy":"product_cat","embeddable":true,"href":"https:\/\/i-confort.com\/index.php?rest_route=%2Fwp%2Fv2%2Fproduct_cat&post=20501"},{"taxonomy":"product_tag","embeddable":true,"href":"https:\/\/i-confort.com\/index.php?rest_route=%2Fwp%2Fv2%2Fproduct_tag&post=20501"}],"curies":[{"name":"wp","href":"https:\/\/api.w.org\/{rel}","templated":true}]}}