{"id":20503,"date":"2024-07-08T16:33:09","date_gmt":"2024-07-08T16:33:09","guid":{"rendered":"https:\/\/i-confort.com\/?product=bosch-bras-inox-450w-ref-msm64110"},"modified":"2024-07-08T16:33:10","modified_gmt":"2024-07-08T16:33:10","slug":"bosch-bras-inox-450w-ref-msm64110","status":"publish","type":"product","link":"https:\/\/i-confort.com\/?product=bosch-bras-inox-450w-ref-msm64110","title":{"rendered":"BOSCH BRAS INOX 450W REF\/MSM64110"},"content":{"rendered":"<p style=\"border: 0px;font-size: 15px;margin: 0px 0px 1em;padding: 0px;vertical-align: baseline;font-family: Poppins, sans-serif\">Puissant moteur Bosch de 450 watts.<\/p>\n<p style=\"border: 0px;font-size: 15px;margin: 0px 0px 1em;padding: 0px;vertical-align: baseline;font-family: Poppins, sans-serif\">-Syst\u00e8me de mixage Quattro Blade pour des r\u00e9sultats de mixage fins et rapides gr\u00e2ce aux 4 lames aiguis\u00e9es. Corolle anti \u00e9claboussures.<\/p>\n<p style=\"border: 0px;font-size: 15px;margin: 0px 0px 1em;padding: 0px;vertical-align: baseline;font-family: Poppins, sans-serif\">-Prise en main facile et confortable par les droitiers et gauchers gr\u00e2ce \u00e0 la poign\u00e9e ergonomique et son rev\u00eatement soft-touch.<\/p>\n<p style=\"border: 0px;font-size: 15px;margin: 0px 0px 1em;padding: 0px;vertical-align: baseline;font-family: Poppins, sans-serif\">-2 vitesses<\/p>\n<p style=\"border: 0px;font-size: 15px;margin: 0px 0px 1em;padding: 0px;vertical-align: baseline;font-family: Poppins, sans-serif\">-Bol m\u00e9langeur gradu\u00e9 de 600 ml. Id\u00e9al pour mesurer\u00a0<\/p>\n","protected":false},"excerpt":{"rendered":"<p style=\"border: 0px;font-size: 15px;margin: 0px 0px 1em;padding: 0px;vertical-align: baseline;font-family: Poppins, sans-serif\">\n<h1 style=\"margin-top:0cm;margin-right:0cm;margin-bottom:0cm;margin-left:21.0pt;text-indent:-18.0pt;background:white\"><!--[if !supportLists]--><span style=\"font-size:12.0pt;color:black;font-weight:normal\"><span>&#8211;<span>\u00a0\u00a0\u00a0\u00a0\u00a0\u00a0\u00a0<br \/>\n<\/span><\/span><\/span><!--[endif]--><strong><span style=\"font-size:11.5pt;color:#4B4F58;background:white;font-weight:normal\">Puissance :<\/span><\/strong><span style=\"font-size:11.5pt;color:#4B4F58;background:white\"><span style=\"text-align:start;float:none\">\u00a0450 W<\/span><\/span><span style=\"font-size:12.0pt;color:black;font-weight:normal\"><\/span><\/h1>\n<h1 style=\"margin-top:0cm;margin-right:0cm;margin-bottom:0cm;margin-left:21.0pt;text-indent:-18.0pt;background:white\"><!--[if !supportLists]--><span style=\"font-size:12.0pt;color:black;font-weight:normal\"><span>&#8211;<span>\u00a0\u00a0\u00a0\u00a0\u00a0\u00a0\u00a0<br \/>\n<\/span><\/span><\/span><!--[endif]--><strong><span style=\"font-size:11.5pt;color:#4B4F58;background:white;font-weight:normal\">Touche turbo<\/span><\/strong><span style=\"font-size:12.0pt;color:black;font-weight:normal\"><\/span><\/h1>\n<h1 style=\"margin-top:0cm;margin-right:0cm;margin-bottom:0cm;margin-left:21.0pt;text-indent:-18.0pt;background:white\"><!--[if !supportLists]--><strong><span style=\"font-size:12.0pt;color:black;font-weight:normal\"><span>&#8211;<span>\u00a0\u00a0\u00a0\u00a0\u00a0\u00a0\u00a0<br \/>\n<\/span><\/span><\/span><\/strong><!--[endif]--><strong><span style=\"font-size:11.5pt;color:#4B4F58;background:white;font-weight:normal\"><span>\u00a0<\/span>4 lames inox aiguis\u00e9es<\/span><\/strong><strong><span style=\"font-size:12.0pt;color:black;font-weight:normal\"><\/span><\/strong><\/h1>\n<h1 style=\"margin-top:0cm;margin-right:0cm;margin-bottom:0cm;margin-left:21.0pt;text-indent:-18.0pt;background:white\"><!--[if !supportLists]--><span style=\"font-size:14.0pt;color:black;font-weight:normal\"><span>&#8211;<span>\u00a0\u00a0\u00a0\u00a0\u00a0\u00a0\u00a0<br \/>\n<\/span><\/span><\/span><!--[endif]--><strong><span style=\"font-size:12.0pt;color:#4B4F58;background:white;font-weight:normal\">\u00a0Pied mixeur inox<\/span><\/strong><span style=\"font-size:14.0pt;color:black;font-weight:normal\"><\/span><\/h1>\n<h1 style=\"margin-top:0cm;margin-right:0cm;margin-bottom:0cm;margin-left:21.0pt;text-indent:-18.0pt;background:white\"><!--[if !supportLists]--><span style=\"font-size:14.0pt;color:black;font-weight:normal\"><span>&#8211;<span>\u00a0\u00a0\u00a0\u00a0\u00a0\u00a0\u00a0<br \/>\n<\/span><\/span><\/span><!--[endif]--><strong><span style=\"font-size:12.0pt;color:#4B4F58;background:white;font-weight:normal\">Bol m\u00e9langeur gradu\u00e9 avec<br \/>\ncouvercle<\/span><\/strong><span style=\"font-size:14.0pt;color:black;font-weight:normal\"><\/span><\/h1>\n<h1 style=\"margin:0cm;background:white\"><span style=\"font-size:14.0pt;color:black;font-weight:normal\">\u00a0<\/span><\/h1>\n<p><\/p>\n","protected":false},"featured_media":20502,"template":"","meta":{"_coblocks_attr":"","_coblocks_dimensions":"","_coblocks_responsive_height":"","_coblocks_accordion_ie_support":""},"pwb-brand":[431],"product_brand":[],"product_cat":[97],"product_tag":[],"class_list":{"0":"post-20503","1":"product","2":"type-product","3":"status-publish","4":"has-post-thumbnail","6":"pwb-brand-bosch","7":"product_cat-electromenagers","10":"first","11":"instock","12":"taxable","13":"shipping-taxable","14":"purchasable","15":"product-type-simple"},"yoast_head":"<!-- This site is optimized with the Yoast SEO plugin v27.4 - https:\/\/yoast.com\/product\/yoast-seo-wordpress\/ -->\n<title>BOSCH BRAS INOX 450W REF\/MSM64110 - I-CONFORT<\/title>\n<meta name=\"robots\" content=\"index, follow, max-snippet:-1, max-image-preview:large, max-video-preview:-1\" \/>\n<link rel=\"canonical\" href=\"https:\/\/i-confort.com\/?product=bosch-bras-inox-450w-ref-msm64110\" \/>\n<meta property=\"og:locale\" content=\"fr_FR\" \/>\n<meta property=\"og:type\" content=\"article\" \/>\n<meta property=\"og:title\" content=\"BOSCH BRAS INOX 450W REF\/MSM64110 - I-CONFORT\" \/>\n<meta property=\"og:description\" content=\"-\u00a0\u00a0\u00a0\u00a0\u00a0\u00a0\u00a0 Puissance :\u00a0450 W -\u00a0\u00a0\u00a0\u00a0\u00a0\u00a0\u00a0 Touche turbo -\u00a0\u00a0\u00a0\u00a0\u00a0\u00a0\u00a0 \u00a04 lames inox aiguis\u00e9es -\u00a0\u00a0\u00a0\u00a0\u00a0\u00a0\u00a0 \u00a0Pied mixeur inox -\u00a0\u00a0\u00a0\u00a0\u00a0\u00a0\u00a0 Bol m\u00e9langeur gradu\u00e9 avec couvercle \u00a0\" \/>\n<meta property=\"og:url\" content=\"https:\/\/i-confort.com\/?product=bosch-bras-inox-450w-ref-msm64110\" \/>\n<meta property=\"og:site_name\" content=\"I-CONFORT\" \/>\n<meta property=\"article:modified_time\" content=\"2024-07-08T16:33:10+00:00\" \/>\n<meta property=\"og:image\" content=\"https:\/\/i-confort.com\/wp-content\/uploads\/2024\/07\/Mixeur-Bosch-MSM64110-Trade-solutions-company-.webp\" \/>\n\t<meta property=\"og:image:width\" content=\"900\" \/>\n\t<meta property=\"og:image:height\" content=\"506\" \/>\n\t<meta property=\"og:image:type\" content=\"image\/webp\" \/>\n<meta name=\"twitter:card\" content=\"summary_large_image\" \/>\n<script type=\"application\/ld+json\" class=\"yoast-schema-graph\">{\"@context\":\"https:\\\/\\\/schema.org\",\"@graph\":[{\"@type\":\"WebPage\",\"@id\":\"https:\\\/\\\/i-confort.com\\\/?product=bosch-bras-inox-450w-ref-msm64110\",\"url\":\"https:\\\/\\\/i-confort.com\\\/?product=bosch-bras-inox-450w-ref-msm64110\",\"name\":\"BOSCH BRAS INOX 450W REF\\\/MSM64110 - I-CONFORT\",\"isPartOf\":{\"@id\":\"https:\\\/\\\/i-confort.com\\\/#website\"},\"primaryImageOfPage\":{\"@id\":\"https:\\\/\\\/i-confort.com\\\/?product=bosch-bras-inox-450w-ref-msm64110#primaryimage\"},\"image\":{\"@id\":\"https:\\\/\\\/i-confort.com\\\/?product=bosch-bras-inox-450w-ref-msm64110#primaryimage\"},\"thumbnailUrl\":\"https:\\\/\\\/i-confort.com\\\/wp-content\\\/uploads\\\/2024\\\/07\\\/Mixeur-Bosch-MSM64110-Trade-solutions-company-.webp\",\"datePublished\":\"2024-07-08T16:33:09+00:00\",\"dateModified\":\"2024-07-08T16:33:10+00:00\",\"breadcrumb\":{\"@id\":\"https:\\\/\\\/i-confort.com\\\/?product=bosch-bras-inox-450w-ref-msm64110#breadcrumb\"},\"inLanguage\":\"fr-FR\",\"potentialAction\":[{\"@type\":\"ReadAction\",\"target\":[\"https:\\\/\\\/i-confort.com\\\/?product=bosch-bras-inox-450w-ref-msm64110\"]}]},{\"@type\":\"ImageObject\",\"inLanguage\":\"fr-FR\",\"@id\":\"https:\\\/\\\/i-confort.com\\\/?product=bosch-bras-inox-450w-ref-msm64110#primaryimage\",\"url\":\"https:\\\/\\\/i-confort.com\\\/wp-content\\\/uploads\\\/2024\\\/07\\\/Mixeur-Bosch-MSM64110-Trade-solutions-company-.webp\",\"contentUrl\":\"https:\\\/\\\/i-confort.com\\\/wp-content\\\/uploads\\\/2024\\\/07\\\/Mixeur-Bosch-MSM64110-Trade-solutions-company-.webp\",\"width\":900,\"height\":506},{\"@type\":\"BreadcrumbList\",\"@id\":\"https:\\\/\\\/i-confort.com\\\/?product=bosch-bras-inox-450w-ref-msm64110#breadcrumb\",\"itemListElement\":[{\"@type\":\"ListItem\",\"position\":1,\"name\":\"Home\",\"item\":\"https:\\\/\\\/i-confort.com\\\/\"},{\"@type\":\"ListItem\",\"position\":2,\"name\":\"Boutique\",\"item\":\"https:\\\/\\\/i-confort.com\\\/?page_id=7\"},{\"@type\":\"ListItem\",\"position\":3,\"name\":\"BOSCH BRAS INOX 450W REF\\\/MSM64110\"}]},{\"@type\":\"WebSite\",\"@id\":\"https:\\\/\\\/i-confort.com\\\/#website\",\"url\":\"https:\\\/\\\/i-confort.com\\\/\",\"name\":\"I-CONFORT\",\"description\":\"Site de vente en ligne\",\"potentialAction\":[{\"@type\":\"SearchAction\",\"target\":{\"@type\":\"EntryPoint\",\"urlTemplate\":\"https:\\\/\\\/i-confort.com\\\/?s={search_term_string}\"},\"query-input\":{\"@type\":\"PropertyValueSpecification\",\"valueRequired\":true,\"valueName\":\"search_term_string\"}}],\"inLanguage\":\"fr-FR\"}]}<\/script>\n<!-- \/ Yoast SEO plugin. -->","yoast_head_json":{"title":"BOSCH BRAS INOX 450W REF\/MSM64110 - I-CONFORT","robots":{"index":"index","follow":"follow","max-snippet":"max-snippet:-1","max-image-preview":"max-image-preview:large","max-video-preview":"max-video-preview:-1"},"canonical":"https:\/\/i-confort.com\/?product=bosch-bras-inox-450w-ref-msm64110","og_locale":"fr_FR","og_type":"article","og_title":"BOSCH BRAS INOX 450W REF\/MSM64110 - I-CONFORT","og_description":"-\u00a0\u00a0\u00a0\u00a0\u00a0\u00a0\u00a0 Puissance :\u00a0450 W -\u00a0\u00a0\u00a0\u00a0\u00a0\u00a0\u00a0 Touche turbo -\u00a0\u00a0\u00a0\u00a0\u00a0\u00a0\u00a0 \u00a04 lames inox aiguis\u00e9es -\u00a0\u00a0\u00a0\u00a0\u00a0\u00a0\u00a0 \u00a0Pied mixeur inox -\u00a0\u00a0\u00a0\u00a0\u00a0\u00a0\u00a0 Bol m\u00e9langeur gradu\u00e9 avec couvercle \u00a0","og_url":"https:\/\/i-confort.com\/?product=bosch-bras-inox-450w-ref-msm64110","og_site_name":"I-CONFORT","article_modified_time":"2024-07-08T16:33:10+00:00","og_image":[{"width":900,"height":506,"url":"https:\/\/i-confort.com\/wp-content\/uploads\/2024\/07\/Mixeur-Bosch-MSM64110-Trade-solutions-company-.webp","type":"image\/webp"}],"twitter_card":"summary_large_image","schema":{"@context":"https:\/\/schema.org","@graph":[{"@type":"WebPage","@id":"https:\/\/i-confort.com\/?product=bosch-bras-inox-450w-ref-msm64110","url":"https:\/\/i-confort.com\/?product=bosch-bras-inox-450w-ref-msm64110","name":"BOSCH BRAS INOX 450W REF\/MSM64110 - I-CONFORT","isPartOf":{"@id":"https:\/\/i-confort.com\/#website"},"primaryImageOfPage":{"@id":"https:\/\/i-confort.com\/?product=bosch-bras-inox-450w-ref-msm64110#primaryimage"},"image":{"@id":"https:\/\/i-confort.com\/?product=bosch-bras-inox-450w-ref-msm64110#primaryimage"},"thumbnailUrl":"https:\/\/i-confort.com\/wp-content\/uploads\/2024\/07\/Mixeur-Bosch-MSM64110-Trade-solutions-company-.webp","datePublished":"2024-07-08T16:33:09+00:00","dateModified":"2024-07-08T16:33:10+00:00","breadcrumb":{"@id":"https:\/\/i-confort.com\/?product=bosch-bras-inox-450w-ref-msm64110#breadcrumb"},"inLanguage":"fr-FR","potentialAction":[{"@type":"ReadAction","target":["https:\/\/i-confort.com\/?product=bosch-bras-inox-450w-ref-msm64110"]}]},{"@type":"ImageObject","inLanguage":"fr-FR","@id":"https:\/\/i-confort.com\/?product=bosch-bras-inox-450w-ref-msm64110#primaryimage","url":"https:\/\/i-confort.com\/wp-content\/uploads\/2024\/07\/Mixeur-Bosch-MSM64110-Trade-solutions-company-.webp","contentUrl":"https:\/\/i-confort.com\/wp-content\/uploads\/2024\/07\/Mixeur-Bosch-MSM64110-Trade-solutions-company-.webp","width":900,"height":506},{"@type":"BreadcrumbList","@id":"https:\/\/i-confort.com\/?product=bosch-bras-inox-450w-ref-msm64110#breadcrumb","itemListElement":[{"@type":"ListItem","position":1,"name":"Home","item":"https:\/\/i-confort.com\/"},{"@type":"ListItem","position":2,"name":"Boutique","item":"https:\/\/i-confort.com\/?page_id=7"},{"@type":"ListItem","position":3,"name":"BOSCH BRAS INOX 450W REF\/MSM64110"}]},{"@type":"WebSite","@id":"https:\/\/i-confort.com\/#website","url":"https:\/\/i-confort.com\/","name":"I-CONFORT","description":"Site de vente en ligne","potentialAction":[{"@type":"SearchAction","target":{"@type":"EntryPoint","urlTemplate":"https:\/\/i-confort.com\/?s={search_term_string}"},"query-input":{"@type":"PropertyValueSpecification","valueRequired":true,"valueName":"search_term_string"}}],"inLanguage":"fr-FR"}]}},"brands":[{"id":431,"name":"BOSCH","slug":"bosch"}],"_links":{"self":[{"href":"https:\/\/i-confort.com\/index.php?rest_route=\/wp\/v2\/product\/20503","targetHints":{"allow":["GET"]}}],"collection":[{"href":"https:\/\/i-confort.com\/index.php?rest_route=\/wp\/v2\/product"}],"about":[{"href":"https:\/\/i-confort.com\/index.php?rest_route=\/wp\/v2\/types\/product"}],"wp:featuredmedia":[{"embeddable":true,"href":"https:\/\/i-confort.com\/index.php?rest_route=\/wp\/v2\/media\/20502"}],"wp:attachment":[{"href":"https:\/\/i-confort.com\/index.php?rest_route=%2Fwp%2Fv2%2Fmedia&parent=20503"}],"wp:term":[{"taxonomy":"pwb-brand","embeddable":true,"href":"https:\/\/i-confort.com\/index.php?rest_route=%2Fwp%2Fv2%2Fpwb-brand&post=20503"},{"taxonomy":"product_brand","embeddable":true,"href":"https:\/\/i-confort.com\/index.php?rest_route=%2Fwp%2Fv2%2Fproduct_brand&post=20503"},{"taxonomy":"product_cat","embeddable":true,"href":"https:\/\/i-confort.com\/index.php?rest_route=%2Fwp%2Fv2%2Fproduct_cat&post=20503"},{"taxonomy":"product_tag","embeddable":true,"href":"https:\/\/i-confort.com\/index.php?rest_route=%2Fwp%2Fv2%2Fproduct_tag&post=20503"}],"curies":[{"name":"wp","href":"https:\/\/api.w.org\/{rel}","templated":true}]}}