{"id":20511,"date":"2024-07-08T17:15:07","date_gmt":"2024-07-08T17:15:07","guid":{"rendered":"https:\/\/i-confort.com\/?product=braun-presse-agrume-cj3000"},"modified":"2024-07-08T17:15:08","modified_gmt":"2024-07-08T17:15:08","slug":"braun-presse-agrume-cj3000","status":"publish","type":"product","link":"https:\/\/i-confort.com\/?product=braun-presse-agrume-cj3000","title":{"rendered":"BRAUN PRESSE AGRUME CJ3000"},"content":{"rendered":"<h2>DESCRIPTION<\/h2>\n<p>Le\u00a0\u00a0<strong>presse agrumes Braun CJ3000 est pratique et simple d\u2019utilisation!<\/strong><br \/>Le r\u00e9servoir d\u2019une\u00a0 capacit\u00e9 de 350 ml<b>\u00a0<\/b>\u00a0permet de pr\u00e9parer un jus d\u2019agrumes pour toute la famille.<br \/>Le\u00a0\u00a0<b>b\u00a0<\/b>ol est gradu\u00e9 \u00a0pour voir facilement la quantit\u00e9 de jus press\u00e9.Selon les go\u00fbts de chacun, vous pouvez\u00a0 choisir la quantit\u00e9 de pulpe voulue \u00a0(5 niveaux) en faisant simplement pivoter le r\u00e9cipient sur son socle.<b>\u00a0<\/b>De plus IL EST d\u2019un Dot\u00e9\u00a0 demarrage et d\u2019un arr\u00eat automatiqu e , versez encore d\u2019utilisation , plus facile juin. Il vous suffit de presser pour d\u00e9marrer et de rel\u00e2cher pour arr\u00eater l\u2019appareil. Les presse-agrumes \u00e9lectriques sont plus pratiques et fonctionnent plus rapidement que les presse-agrumes manuels. En effet, ils sont vraiment profitables si on doit faire plusieurs jus, pour gagner beaucoup de temps. En plus, on va extraire plus de jus avec du presse-agrumes \u00e9lectrique, tout en utilisant moins d\u2019effort. Les presse-agrumes \u00e9lectriques produisent du jus ayant des nutriments \u00e9lev\u00e9s tout en \u00e9tant vraiment faciles \u00e0 utiliser.<\/p>\n","protected":false},"excerpt":{"rendered":"<h4 style=\"border: 0px;font-size: 1.33333rem;font-weight: 500;margin: 0px 0px 20px;padding: 0px;vertical-align: baseline;clear: both;color: var(--ast-global-color-2);line-height: 1.5;font-family: Poppins, sans-serif\"><span>Fiche technique:<\/span><\/h4>\n<ul style=\"border: 0px;font-size: 15px;margin: 0px 0px 1.5em 3em;padding: 0px;vertical-align: baseline;font-family: Poppins, sans-serif\">\n<li style=\"border: 0px;font-style: inherit;font-weight: inherit;margin: 0px;padding: 0px;vertical-align: baseline\">Mati\u00e8re du corps : Plastique<\/li>\n<li style=\"border: 0px;font-style: inherit;font-weight: inherit;margin: 0px;padding: 0px;vertical-align: baseline\">Couleur : Blanc<\/li>\n<li style=\"border: 0px;font-style: inherit;font-weight: inherit;margin: 0px;padding: 0px;vertical-align: baseline\">Puissance : 20 W<\/li>\n<li style=\"border: 0px;font-style: inherit;font-weight: inherit;margin: 0px;padding: 0px;vertical-align: baseline\">R\u00e9servoir :\u00a00,35 L<\/li>\n<li style=\"border: 0px;font-style: inherit;font-weight: inherit;margin: 0px;padding: 0px;vertical-align: baseline\">Niveau de jus visible : Oui<\/li>\n<li style=\"border: 0px;font-style: inherit;font-weight: inherit;margin: 0px;padding: 0px;vertical-align: baseline\">Marche \/ arr\u00eat : Oui<\/li>\n<\/ul>\n","protected":false},"featured_media":20510,"template":"","meta":{"_coblocks_attr":"","_coblocks_dimensions":"","_coblocks_responsive_height":"","_coblocks_accordion_ie_support":""},"pwb-brand":[415],"product_brand":[],"product_cat":[97,374],"product_tag":[],"class_list":{"0":"post-20511","1":"product","2":"type-product","3":"status-publish","4":"has-post-thumbnail","6":"pwb-brand-braun","7":"product_cat-electromenagers","8":"product_cat-vaisselle-et-cuisine","11":"first","12":"instock","13":"taxable","14":"shipping-taxable","15":"purchasable","16":"product-type-simple"},"yoast_head":"<!-- This site is optimized with the Yoast SEO plugin v27.4 - https:\/\/yoast.com\/product\/yoast-seo-wordpress\/ -->\n<title>BRAUN PRESSE AGRUME CJ3000 - I-CONFORT<\/title>\n<meta name=\"robots\" content=\"index, follow, max-snippet:-1, max-image-preview:large, max-video-preview:-1\" \/>\n<link rel=\"canonical\" href=\"https:\/\/i-confort.com\/?product=braun-presse-agrume-cj3000\" \/>\n<meta property=\"og:locale\" content=\"fr_FR\" \/>\n<meta property=\"og:type\" content=\"article\" \/>\n<meta property=\"og:title\" content=\"BRAUN PRESSE AGRUME CJ3000 - I-CONFORT\" \/>\n<meta property=\"og:description\" content=\"Fiche technique:Mati\u00e8re du corps : PlastiqueCouleur : BlancPuissance : 20 WR\u00e9servoir :\u00a00,35 LNiveau de jus visible : OuiMarche \/ arr\u00eat : Oui\" \/>\n<meta property=\"og:url\" content=\"https:\/\/i-confort.com\/?product=braun-presse-agrume-cj3000\" \/>\n<meta property=\"og:site_name\" content=\"I-CONFORT\" \/>\n<meta property=\"article:modified_time\" content=\"2024-07-08T17:15:08+00:00\" \/>\n<meta property=\"og:image\" content=\"https:\/\/i-confort.com\/wp-content\/uploads\/2024\/07\/1-17-1.jpg\" \/>\n\t<meta property=\"og:image:width\" content=\"680\" \/>\n\t<meta property=\"og:image:height\" content=\"680\" \/>\n\t<meta property=\"og:image:type\" content=\"image\/jpeg\" \/>\n<meta name=\"twitter:card\" content=\"summary_large_image\" \/>\n<meta name=\"twitter:label1\" content=\"Dur\u00e9e de lecture estim\u00e9e\" \/>\n\t<meta name=\"twitter:data1\" content=\"1 minute\" \/>\n<script type=\"application\/ld+json\" class=\"yoast-schema-graph\">{\"@context\":\"https:\\\/\\\/schema.org\",\"@graph\":[{\"@type\":\"WebPage\",\"@id\":\"https:\\\/\\\/i-confort.com\\\/?product=braun-presse-agrume-cj3000\",\"url\":\"https:\\\/\\\/i-confort.com\\\/?product=braun-presse-agrume-cj3000\",\"name\":\"BRAUN PRESSE AGRUME CJ3000 - I-CONFORT\",\"isPartOf\":{\"@id\":\"https:\\\/\\\/i-confort.com\\\/#website\"},\"primaryImageOfPage\":{\"@id\":\"https:\\\/\\\/i-confort.com\\\/?product=braun-presse-agrume-cj3000#primaryimage\"},\"image\":{\"@id\":\"https:\\\/\\\/i-confort.com\\\/?product=braun-presse-agrume-cj3000#primaryimage\"},\"thumbnailUrl\":\"https:\\\/\\\/i-confort.com\\\/wp-content\\\/uploads\\\/2024\\\/07\\\/1-17-1.jpg\",\"datePublished\":\"2024-07-08T17:15:07+00:00\",\"dateModified\":\"2024-07-08T17:15:08+00:00\",\"breadcrumb\":{\"@id\":\"https:\\\/\\\/i-confort.com\\\/?product=braun-presse-agrume-cj3000#breadcrumb\"},\"inLanguage\":\"fr-FR\",\"potentialAction\":[{\"@type\":\"ReadAction\",\"target\":[\"https:\\\/\\\/i-confort.com\\\/?product=braun-presse-agrume-cj3000\"]}]},{\"@type\":\"ImageObject\",\"inLanguage\":\"fr-FR\",\"@id\":\"https:\\\/\\\/i-confort.com\\\/?product=braun-presse-agrume-cj3000#primaryimage\",\"url\":\"https:\\\/\\\/i-confort.com\\\/wp-content\\\/uploads\\\/2024\\\/07\\\/1-17-1.jpg\",\"contentUrl\":\"https:\\\/\\\/i-confort.com\\\/wp-content\\\/uploads\\\/2024\\\/07\\\/1-17-1.jpg\",\"width\":680,\"height\":680},{\"@type\":\"BreadcrumbList\",\"@id\":\"https:\\\/\\\/i-confort.com\\\/?product=braun-presse-agrume-cj3000#breadcrumb\",\"itemListElement\":[{\"@type\":\"ListItem\",\"position\":1,\"name\":\"Home\",\"item\":\"https:\\\/\\\/i-confort.com\\\/\"},{\"@type\":\"ListItem\",\"position\":2,\"name\":\"Boutique\",\"item\":\"https:\\\/\\\/i-confort.com\\\/?page_id=7\"},{\"@type\":\"ListItem\",\"position\":3,\"name\":\"BRAUN PRESSE AGRUME CJ3000\"}]},{\"@type\":\"WebSite\",\"@id\":\"https:\\\/\\\/i-confort.com\\\/#website\",\"url\":\"https:\\\/\\\/i-confort.com\\\/\",\"name\":\"I-CONFORT\",\"description\":\"Site de vente en ligne\",\"potentialAction\":[{\"@type\":\"SearchAction\",\"target\":{\"@type\":\"EntryPoint\",\"urlTemplate\":\"https:\\\/\\\/i-confort.com\\\/?s={search_term_string}\"},\"query-input\":{\"@type\":\"PropertyValueSpecification\",\"valueRequired\":true,\"valueName\":\"search_term_string\"}}],\"inLanguage\":\"fr-FR\"}]}<\/script>\n<!-- \/ Yoast SEO plugin. -->","yoast_head_json":{"title":"BRAUN PRESSE AGRUME CJ3000 - I-CONFORT","robots":{"index":"index","follow":"follow","max-snippet":"max-snippet:-1","max-image-preview":"max-image-preview:large","max-video-preview":"max-video-preview:-1"},"canonical":"https:\/\/i-confort.com\/?product=braun-presse-agrume-cj3000","og_locale":"fr_FR","og_type":"article","og_title":"BRAUN PRESSE AGRUME CJ3000 - I-CONFORT","og_description":"Fiche technique:Mati\u00e8re du corps : PlastiqueCouleur : BlancPuissance : 20 WR\u00e9servoir :\u00a00,35 LNiveau de jus visible : OuiMarche \/ arr\u00eat : Oui","og_url":"https:\/\/i-confort.com\/?product=braun-presse-agrume-cj3000","og_site_name":"I-CONFORT","article_modified_time":"2024-07-08T17:15:08+00:00","og_image":[{"width":680,"height":680,"url":"https:\/\/i-confort.com\/wp-content\/uploads\/2024\/07\/1-17-1.jpg","type":"image\/jpeg"}],"twitter_card":"summary_large_image","twitter_misc":{"Dur\u00e9e de lecture estim\u00e9e":"1 minute"},"schema":{"@context":"https:\/\/schema.org","@graph":[{"@type":"WebPage","@id":"https:\/\/i-confort.com\/?product=braun-presse-agrume-cj3000","url":"https:\/\/i-confort.com\/?product=braun-presse-agrume-cj3000","name":"BRAUN PRESSE AGRUME CJ3000 - I-CONFORT","isPartOf":{"@id":"https:\/\/i-confort.com\/#website"},"primaryImageOfPage":{"@id":"https:\/\/i-confort.com\/?product=braun-presse-agrume-cj3000#primaryimage"},"image":{"@id":"https:\/\/i-confort.com\/?product=braun-presse-agrume-cj3000#primaryimage"},"thumbnailUrl":"https:\/\/i-confort.com\/wp-content\/uploads\/2024\/07\/1-17-1.jpg","datePublished":"2024-07-08T17:15:07+00:00","dateModified":"2024-07-08T17:15:08+00:00","breadcrumb":{"@id":"https:\/\/i-confort.com\/?product=braun-presse-agrume-cj3000#breadcrumb"},"inLanguage":"fr-FR","potentialAction":[{"@type":"ReadAction","target":["https:\/\/i-confort.com\/?product=braun-presse-agrume-cj3000"]}]},{"@type":"ImageObject","inLanguage":"fr-FR","@id":"https:\/\/i-confort.com\/?product=braun-presse-agrume-cj3000#primaryimage","url":"https:\/\/i-confort.com\/wp-content\/uploads\/2024\/07\/1-17-1.jpg","contentUrl":"https:\/\/i-confort.com\/wp-content\/uploads\/2024\/07\/1-17-1.jpg","width":680,"height":680},{"@type":"BreadcrumbList","@id":"https:\/\/i-confort.com\/?product=braun-presse-agrume-cj3000#breadcrumb","itemListElement":[{"@type":"ListItem","position":1,"name":"Home","item":"https:\/\/i-confort.com\/"},{"@type":"ListItem","position":2,"name":"Boutique","item":"https:\/\/i-confort.com\/?page_id=7"},{"@type":"ListItem","position":3,"name":"BRAUN PRESSE AGRUME CJ3000"}]},{"@type":"WebSite","@id":"https:\/\/i-confort.com\/#website","url":"https:\/\/i-confort.com\/","name":"I-CONFORT","description":"Site de vente en ligne","potentialAction":[{"@type":"SearchAction","target":{"@type":"EntryPoint","urlTemplate":"https:\/\/i-confort.com\/?s={search_term_string}"},"query-input":{"@type":"PropertyValueSpecification","valueRequired":true,"valueName":"search_term_string"}}],"inLanguage":"fr-FR"}]}},"brands":[{"id":415,"name":"BRAUN","slug":"braun"}],"_links":{"self":[{"href":"https:\/\/i-confort.com\/index.php?rest_route=\/wp\/v2\/product\/20511","targetHints":{"allow":["GET"]}}],"collection":[{"href":"https:\/\/i-confort.com\/index.php?rest_route=\/wp\/v2\/product"}],"about":[{"href":"https:\/\/i-confort.com\/index.php?rest_route=\/wp\/v2\/types\/product"}],"wp:featuredmedia":[{"embeddable":true,"href":"https:\/\/i-confort.com\/index.php?rest_route=\/wp\/v2\/media\/20510"}],"wp:attachment":[{"href":"https:\/\/i-confort.com\/index.php?rest_route=%2Fwp%2Fv2%2Fmedia&parent=20511"}],"wp:term":[{"taxonomy":"pwb-brand","embeddable":true,"href":"https:\/\/i-confort.com\/index.php?rest_route=%2Fwp%2Fv2%2Fpwb-brand&post=20511"},{"taxonomy":"product_brand","embeddable":true,"href":"https:\/\/i-confort.com\/index.php?rest_route=%2Fwp%2Fv2%2Fproduct_brand&post=20511"},{"taxonomy":"product_cat","embeddable":true,"href":"https:\/\/i-confort.com\/index.php?rest_route=%2Fwp%2Fv2%2Fproduct_cat&post=20511"},{"taxonomy":"product_tag","embeddable":true,"href":"https:\/\/i-confort.com\/index.php?rest_route=%2Fwp%2Fv2%2Fproduct_tag&post=20511"}],"curies":[{"name":"wp","href":"https:\/\/api.w.org\/{rel}","templated":true}]}}