{"id":20530,"date":"2024-07-09T14:46:42","date_gmt":"2024-07-09T14:46:42","guid":{"rendered":"https:\/\/i-confort.com\/?product=clatronic-bouilloire-ref-wk3445"},"modified":"2024-07-09T14:46:42","modified_gmt":"2024-07-09T14:46:42","slug":"clatronic-bouilloire-ref-wk3445","status":"publish","type":"product","link":"https:\/\/i-confort.com\/?product=clatronic-bouilloire-ref-wk3445","title":{"rendered":"CLATRONIC BOUILLOIRE REF\/WK3445"},"content":{"rendered":"<p><br data-mce-bogus=\"1\"><\/p>\n","protected":false},"excerpt":{"rendered":"<p><span style=\"font-family: Montserrat, sans-serif;font-size: 14px\">Capacit\u00e9 jusqu&rsquo;\u00e0 1,7 litre<\/span><br style=\"font-family: Montserrat, sans-serif;font-size: 14px\"><span style=\"font-family: Montserrat, sans-serif;font-size: 14px\">Manipulation simple gr\u00e2ce \u00e0 la technologie sans c\u00e2ble &#8211;<\/span><br style=\"font-family: Montserrat, sans-serif;font-size: 14px\"><span style=\"font-family: Montserrat, sans-serif;font-size: 14px\">facile \u00e0 remplir et \u00e0 vider<\/span><br style=\"font-family: Montserrat, sans-serif;font-size: 14px\"><span style=\"font-family: Montserrat, sans-serif;font-size: 14px\">Couvercle \u00e0 charni\u00e8re de s\u00e9curit\u00e9 pouvant \u00eatre actionn\u00e9 d&rsquo;une seule main<\/span><br style=\"font-family: Montserrat, sans-serif;font-size: 14px\"><span style=\"font-family: Montserrat, sans-serif;font-size: 14px\">Filtre \u00e0 calcaire (amovible)<\/span><br style=\"font-family: Montserrat, sans-serif;font-size: 14px\"><span style=\"font-family: Montserrat, sans-serif;font-size: 14px\">Interrupteur marche\/arr\u00eat (\u00e9clair\u00e9)<\/span><br style=\"font-family: Montserrat, sans-serif;font-size: 14px\"><span style=\"font-family: Montserrat, sans-serif;font-size: 14px\">\u00c9l\u00e9ment chauffant en acier inoxydable<\/span><br style=\"font-family: Montserrat, sans-serif;font-size: 14px\"><span style=\"font-family: Montserrat, sans-serif;font-size: 14px\">Arr\u00eat automatique et manuel<\/span><br style=\"font-family: Montserrat, sans-serif;font-size: 14px\"><span style=\"font-family: Montserrat, sans-serif;font-size: 14px\">2 indicateurs externes de niveau d&rsquo;eau<\/span><br style=\"font-family: Montserrat, sans-serif;font-size: 14px\"><span style=\"font-family: Montserrat, sans-serif;font-size: 14px\">Poign\u00e9e antid\u00e9rapante au toucher doux<\/span><br style=\"font-family: Montserrat, sans-serif;font-size: 14px\"><span style=\"font-family: Montserrat, sans-serif;font-size: 14px\">Station de base avec rangement du cordon<\/span><br style=\"font-family: Montserrat, sans-serif;font-size: 14px\"><span style=\"font-family: Montserrat, sans-serif;font-size: 14px\">Protection contre l&rsquo;\u00e9vaporation et la surchauffe<\/span><br style=\"font-family: Montserrat, sans-serif;font-size: 14px\"><span style=\"font-family: Montserrat, sans-serif;font-size: 14px\">220-240 V, 50 Hz, 1850-2200 W<\/span><br data-mce-bogus=\"1\"><\/p>\n","protected":false},"featured_media":20529,"template":"","meta":{"_coblocks_attr":"","_coblocks_dimensions":"","_coblocks_responsive_height":"","_coblocks_accordion_ie_support":""},"pwb-brand":[],"product_brand":[],"product_cat":[97,374],"product_tag":[],"class_list":{"0":"post-20530","1":"product","2":"type-product","3":"status-publish","4":"has-post-thumbnail","6":"product_cat-electromenagers","7":"product_cat-vaisselle-et-cuisine","10":"first","11":"instock","12":"taxable","13":"shipping-taxable","14":"purchasable","15":"product-type-simple"},"yoast_head":"<!-- This site is optimized with the Yoast SEO plugin v27.4 - https:\/\/yoast.com\/product\/yoast-seo-wordpress\/ -->\n<title>CLATRONIC BOUILLOIRE REF\/WK3445 - I-CONFORT<\/title>\n<meta name=\"robots\" content=\"index, follow, max-snippet:-1, max-image-preview:large, max-video-preview:-1\" \/>\n<link rel=\"canonical\" href=\"https:\/\/i-confort.com\/?product=clatronic-bouilloire-ref-wk3445\" \/>\n<meta property=\"og:locale\" content=\"fr_FR\" \/>\n<meta property=\"og:type\" content=\"article\" \/>\n<meta property=\"og:title\" content=\"CLATRONIC BOUILLOIRE REF\/WK3445 - I-CONFORT\" \/>\n<meta property=\"og:description\" content=\"Capacit\u00e9 jusqu&#039;\u00e0 1,7 litreManipulation simple gr\u00e2ce \u00e0 la technologie sans c\u00e2ble -facile \u00e0 remplir et \u00e0 viderCouvercle \u00e0 charni\u00e8re de s\u00e9curit\u00e9 pouvant \u00eatre actionn\u00e9 d&#039;une seule mainFiltre \u00e0 calcaire (amovible)Interrupteur marche\/arr\u00eat (\u00e9clair\u00e9)\u00c9l\u00e9ment chauffant en acier inoxydableArr\u00eat automatique et manuel2 indicateurs externes de niveau d&#039;eauPoign\u00e9e antid\u00e9rapante au toucher douxStation de base avec rangement du cordonProtection contre l&#039;\u00e9vaporation et la surchauffe220-240 V, 50 Hz, 1850-2200 W\" \/>\n<meta property=\"og:url\" content=\"https:\/\/i-confort.com\/?product=clatronic-bouilloire-ref-wk3445\" \/>\n<meta property=\"og:site_name\" content=\"I-CONFORT\" \/>\n<meta property=\"og:image\" content=\"https:\/\/i-confort.com\/wp-content\/uploads\/2024\/07\/bouilloire-electrique-17l-2200w-clatronic-wk-3445-blanc.jpg\" \/>\n\t<meta property=\"og:image:width\" content=\"800\" \/>\n\t<meta property=\"og:image:height\" content=\"800\" \/>\n\t<meta property=\"og:image:type\" content=\"image\/jpeg\" \/>\n<meta name=\"twitter:card\" content=\"summary_large_image\" \/>\n<script type=\"application\/ld+json\" class=\"yoast-schema-graph\">{\"@context\":\"https:\\\/\\\/schema.org\",\"@graph\":[{\"@type\":\"WebPage\",\"@id\":\"https:\\\/\\\/i-confort.com\\\/?product=clatronic-bouilloire-ref-wk3445\",\"url\":\"https:\\\/\\\/i-confort.com\\\/?product=clatronic-bouilloire-ref-wk3445\",\"name\":\"CLATRONIC BOUILLOIRE REF\\\/WK3445 - I-CONFORT\",\"isPartOf\":{\"@id\":\"https:\\\/\\\/i-confort.com\\\/#website\"},\"primaryImageOfPage\":{\"@id\":\"https:\\\/\\\/i-confort.com\\\/?product=clatronic-bouilloire-ref-wk3445#primaryimage\"},\"image\":{\"@id\":\"https:\\\/\\\/i-confort.com\\\/?product=clatronic-bouilloire-ref-wk3445#primaryimage\"},\"thumbnailUrl\":\"https:\\\/\\\/i-confort.com\\\/wp-content\\\/uploads\\\/2024\\\/07\\\/bouilloire-electrique-17l-2200w-clatronic-wk-3445-blanc.jpg\",\"datePublished\":\"2024-07-09T14:46:42+00:00\",\"breadcrumb\":{\"@id\":\"https:\\\/\\\/i-confort.com\\\/?product=clatronic-bouilloire-ref-wk3445#breadcrumb\"},\"inLanguage\":\"fr-FR\",\"potentialAction\":[{\"@type\":\"ReadAction\",\"target\":[\"https:\\\/\\\/i-confort.com\\\/?product=clatronic-bouilloire-ref-wk3445\"]}]},{\"@type\":\"ImageObject\",\"inLanguage\":\"fr-FR\",\"@id\":\"https:\\\/\\\/i-confort.com\\\/?product=clatronic-bouilloire-ref-wk3445#primaryimage\",\"url\":\"https:\\\/\\\/i-confort.com\\\/wp-content\\\/uploads\\\/2024\\\/07\\\/bouilloire-electrique-17l-2200w-clatronic-wk-3445-blanc.jpg\",\"contentUrl\":\"https:\\\/\\\/i-confort.com\\\/wp-content\\\/uploads\\\/2024\\\/07\\\/bouilloire-electrique-17l-2200w-clatronic-wk-3445-blanc.jpg\",\"width\":800,\"height\":800},{\"@type\":\"BreadcrumbList\",\"@id\":\"https:\\\/\\\/i-confort.com\\\/?product=clatronic-bouilloire-ref-wk3445#breadcrumb\",\"itemListElement\":[{\"@type\":\"ListItem\",\"position\":1,\"name\":\"Home\",\"item\":\"https:\\\/\\\/i-confort.com\\\/\"},{\"@type\":\"ListItem\",\"position\":2,\"name\":\"Boutique\",\"item\":\"https:\\\/\\\/i-confort.com\\\/?page_id=7\"},{\"@type\":\"ListItem\",\"position\":3,\"name\":\"CLATRONIC BOUILLOIRE REF\\\/WK3445\"}]},{\"@type\":\"WebSite\",\"@id\":\"https:\\\/\\\/i-confort.com\\\/#website\",\"url\":\"https:\\\/\\\/i-confort.com\\\/\",\"name\":\"I-CONFORT\",\"description\":\"Site de vente en ligne\",\"potentialAction\":[{\"@type\":\"SearchAction\",\"target\":{\"@type\":\"EntryPoint\",\"urlTemplate\":\"https:\\\/\\\/i-confort.com\\\/?s={search_term_string}\"},\"query-input\":{\"@type\":\"PropertyValueSpecification\",\"valueRequired\":true,\"valueName\":\"search_term_string\"}}],\"inLanguage\":\"fr-FR\"}]}<\/script>\n<!-- \/ Yoast SEO plugin. -->","yoast_head_json":{"title":"CLATRONIC BOUILLOIRE REF\/WK3445 - I-CONFORT","robots":{"index":"index","follow":"follow","max-snippet":"max-snippet:-1","max-image-preview":"max-image-preview:large","max-video-preview":"max-video-preview:-1"},"canonical":"https:\/\/i-confort.com\/?product=clatronic-bouilloire-ref-wk3445","og_locale":"fr_FR","og_type":"article","og_title":"CLATRONIC BOUILLOIRE REF\/WK3445 - I-CONFORT","og_description":"Capacit\u00e9 jusqu'\u00e0 1,7 litreManipulation simple gr\u00e2ce \u00e0 la technologie sans c\u00e2ble -facile \u00e0 remplir et \u00e0 viderCouvercle \u00e0 charni\u00e8re de s\u00e9curit\u00e9 pouvant \u00eatre actionn\u00e9 d'une seule mainFiltre \u00e0 calcaire (amovible)Interrupteur marche\/arr\u00eat (\u00e9clair\u00e9)\u00c9l\u00e9ment chauffant en acier inoxydableArr\u00eat automatique et manuel2 indicateurs externes de niveau d'eauPoign\u00e9e antid\u00e9rapante au toucher douxStation de base avec rangement du cordonProtection contre l'\u00e9vaporation et la surchauffe220-240 V, 50 Hz, 1850-2200 W","og_url":"https:\/\/i-confort.com\/?product=clatronic-bouilloire-ref-wk3445","og_site_name":"I-CONFORT","og_image":[{"width":800,"height":800,"url":"https:\/\/i-confort.com\/wp-content\/uploads\/2024\/07\/bouilloire-electrique-17l-2200w-clatronic-wk-3445-blanc.jpg","type":"image\/jpeg"}],"twitter_card":"summary_large_image","schema":{"@context":"https:\/\/schema.org","@graph":[{"@type":"WebPage","@id":"https:\/\/i-confort.com\/?product=clatronic-bouilloire-ref-wk3445","url":"https:\/\/i-confort.com\/?product=clatronic-bouilloire-ref-wk3445","name":"CLATRONIC BOUILLOIRE REF\/WK3445 - I-CONFORT","isPartOf":{"@id":"https:\/\/i-confort.com\/#website"},"primaryImageOfPage":{"@id":"https:\/\/i-confort.com\/?product=clatronic-bouilloire-ref-wk3445#primaryimage"},"image":{"@id":"https:\/\/i-confort.com\/?product=clatronic-bouilloire-ref-wk3445#primaryimage"},"thumbnailUrl":"https:\/\/i-confort.com\/wp-content\/uploads\/2024\/07\/bouilloire-electrique-17l-2200w-clatronic-wk-3445-blanc.jpg","datePublished":"2024-07-09T14:46:42+00:00","breadcrumb":{"@id":"https:\/\/i-confort.com\/?product=clatronic-bouilloire-ref-wk3445#breadcrumb"},"inLanguage":"fr-FR","potentialAction":[{"@type":"ReadAction","target":["https:\/\/i-confort.com\/?product=clatronic-bouilloire-ref-wk3445"]}]},{"@type":"ImageObject","inLanguage":"fr-FR","@id":"https:\/\/i-confort.com\/?product=clatronic-bouilloire-ref-wk3445#primaryimage","url":"https:\/\/i-confort.com\/wp-content\/uploads\/2024\/07\/bouilloire-electrique-17l-2200w-clatronic-wk-3445-blanc.jpg","contentUrl":"https:\/\/i-confort.com\/wp-content\/uploads\/2024\/07\/bouilloire-electrique-17l-2200w-clatronic-wk-3445-blanc.jpg","width":800,"height":800},{"@type":"BreadcrumbList","@id":"https:\/\/i-confort.com\/?product=clatronic-bouilloire-ref-wk3445#breadcrumb","itemListElement":[{"@type":"ListItem","position":1,"name":"Home","item":"https:\/\/i-confort.com\/"},{"@type":"ListItem","position":2,"name":"Boutique","item":"https:\/\/i-confort.com\/?page_id=7"},{"@type":"ListItem","position":3,"name":"CLATRONIC BOUILLOIRE REF\/WK3445"}]},{"@type":"WebSite","@id":"https:\/\/i-confort.com\/#website","url":"https:\/\/i-confort.com\/","name":"I-CONFORT","description":"Site de vente en ligne","potentialAction":[{"@type":"SearchAction","target":{"@type":"EntryPoint","urlTemplate":"https:\/\/i-confort.com\/?s={search_term_string}"},"query-input":{"@type":"PropertyValueSpecification","valueRequired":true,"valueName":"search_term_string"}}],"inLanguage":"fr-FR"}]}},"brands":[],"_links":{"self":[{"href":"https:\/\/i-confort.com\/index.php?rest_route=\/wp\/v2\/product\/20530","targetHints":{"allow":["GET"]}}],"collection":[{"href":"https:\/\/i-confort.com\/index.php?rest_route=\/wp\/v2\/product"}],"about":[{"href":"https:\/\/i-confort.com\/index.php?rest_route=\/wp\/v2\/types\/product"}],"wp:featuredmedia":[{"embeddable":true,"href":"https:\/\/i-confort.com\/index.php?rest_route=\/wp\/v2\/media\/20529"}],"wp:attachment":[{"href":"https:\/\/i-confort.com\/index.php?rest_route=%2Fwp%2Fv2%2Fmedia&parent=20530"}],"wp:term":[{"taxonomy":"pwb-brand","embeddable":true,"href":"https:\/\/i-confort.com\/index.php?rest_route=%2Fwp%2Fv2%2Fpwb-brand&post=20530"},{"taxonomy":"product_brand","embeddable":true,"href":"https:\/\/i-confort.com\/index.php?rest_route=%2Fwp%2Fv2%2Fproduct_brand&post=20530"},{"taxonomy":"product_cat","embeddable":true,"href":"https:\/\/i-confort.com\/index.php?rest_route=%2Fwp%2Fv2%2Fproduct_cat&post=20530"},{"taxonomy":"product_tag","embeddable":true,"href":"https:\/\/i-confort.com\/index.php?rest_route=%2Fwp%2Fv2%2Fproduct_tag&post=20530"}],"curies":[{"name":"wp","href":"https:\/\/api.w.org\/{rel}","templated":true}]}}