{"id":20534,"date":"2024-07-09T15:06:59","date_gmt":"2024-07-09T15:06:59","guid":{"rendered":"https:\/\/i-confort.com\/?product=clatronic-petrin-1500w-ref-km-3765"},"modified":"2024-07-09T15:06:59","modified_gmt":"2024-07-09T15:06:59","slug":"clatronic-petrin-1500w-ref-km-3765","status":"publish","type":"product","link":"https:\/\/i-confort.com\/?product=clatronic-petrin-1500w-ref-km-3765","title":{"rendered":"CLATRONIC PETRIN 1500W REF\/KM-3765"},"content":{"rendered":"<p><span style=\"font-family: Montserrat, sans-serif;font-size: 14px\">\u00e9trin robuste avec engrenage m\u00e9tallique r\u00e9sistant<\/span><br style=\"font-family: Montserrat, sans-serif;font-size: 14px\"><span style=\"font-family: Montserrat, sans-serif;font-size: 14px\">8 niveaux de vitesse (0\/1\/2\/3\/4\/5\/6 + fonction pulse)<\/span><br style=\"font-family: Montserrat, sans-serif;font-size: 14px\"><span style=\"font-family: Montserrat, sans-serif;font-size: 14px\">Bol extra-large de 10 litres en acier inoxydable pour la pr\u00e9paration de p\u00e2tes de max. 6-6,5 kg de p\u00e2te<\/span><br style=\"font-family: Montserrat, sans-serif;font-size: 14px\"><span style=\"font-family: Montserrat, sans-serif;font-size: 14px\">Moteur professionnel haute performance \u00e0 longue dur\u00e9e de vie (1500 watts)<\/span><br style=\"font-family: Montserrat, sans-serif;font-size: 14px\"><span style=\"font-family: Montserrat, sans-serif;font-size: 14px\">Performance constante gr\u00e2ce au contr\u00f4le \u00e9lectronique de la vitesse de rotation en fonction de la charge.<\/span><br style=\"font-family: Montserrat, sans-serif;font-size: 14px\"><span style=\"font-family: Montserrat, sans-serif;font-size: 14px\">Crochet m\u00e9langeur en aluminium moul\u00e9 sous pression &#8211; pour les p\u00e2tes l\u00e9g\u00e8res comme les p\u00e2tes courtes,<\/span><br style=\"font-family: Montserrat, sans-serif;font-size: 14px\"><span style=\"font-family: Montserrat, sans-serif;font-size: 14px\">la p\u00e2te \u00e0 crumble ou la p\u00e2te \u00e0 g\u00e9noise<\/span><br style=\"font-family: Montserrat, sans-serif;font-size: 14px\"><span style=\"font-family: Montserrat, sans-serif;font-size: 14px\">Crochet de p\u00e9trissage en aluminium moul\u00e9 sous pression &#8211; pour les p\u00e2tes lourdes telles que la p\u00e2te<\/span><br style=\"font-family: Montserrat, sans-serif;font-size: 14px\"><span style=\"font-family: Montserrat, sans-serif;font-size: 14px\">p\u00e2te \u00e0 pain ou p\u00e2te \u00e0 p\u00e2tes<\/span><br style=\"font-family: Montserrat, sans-serif;font-size: 14px\"><span style=\"font-family: Montserrat, sans-serif;font-size: 14px\">Fouet en acier inoxydable pour monter le blanc d&rsquo;\u0153uf, la cr\u00e8me, la meringue et bien d&rsquo;autres choses encore.<\/span><br style=\"font-family: Montserrat, sans-serif;font-size: 14px\"><span style=\"font-family: Montserrat, sans-serif;font-size: 14px\">Bras multifonction pivotant \u00e0 35\u00b0.<\/span><br style=\"font-family: Montserrat, sans-serif;font-size: 14px\"><span style=\"font-family: Montserrat, sans-serif;font-size: 14px\">M\u00e9canisme de d\u00e9verrouillage du bras multifonction<\/span><br style=\"font-family: Montserrat, sans-serif;font-size: 14px\"><span style=\"font-family: Montserrat, sans-serif;font-size: 14px\">Circuit de s\u00e9curit\u00e9 &#8211; la machine s&rsquo;arr\u00eate lorsqu&rsquo;on soul\u00e8ve le bras<\/span><br style=\"font-family: Montserrat, sans-serif;font-size: 14px\"><span style=\"font-family: Montserrat, sans-serif;font-size: 14px\">Interrupteur rotatif (illumin\u00e9 en blanc)<\/span><br style=\"font-family: Montserrat, sans-serif;font-size: 14px\"><span style=\"font-family: Montserrat, sans-serif;font-size: 14px\">Application de chrome de haute qualit\u00e9<\/span><br style=\"font-family: Montserrat, sans-serif;font-size: 14px\"><span style=\"font-family: Montserrat, sans-serif;font-size: 14px\">Couvercle transparent de protection contre les \u00e9claboussures avec ouverture de remplissage<\/span><br style=\"font-family: Montserrat, sans-serif;font-size: 14px\"><span style=\"font-family: Montserrat, sans-serif;font-size: 14px\">D\u00e9marrage progressif pour un m\u00e9lange lent<\/span><br style=\"font-family: Montserrat, sans-serif;font-size: 14px\"><span style=\"font-family: Montserrat, sans-serif;font-size: 14px\">Particuli\u00e8rement facile \u00e0 utiliser et \u00e0 nettoyer<\/span><br style=\"font-family: Montserrat, sans-serif;font-size: 14px\"><span style=\"font-family: Montserrat, sans-serif;font-size: 14px\">Support s\u00fbr gr\u00e2ce aux pieds \u00e0 ventouse<\/span><br style=\"font-family: Montserrat, sans-serif;font-size: 14px\"><span style=\"font-family: Montserrat, sans-serif;font-size: 14px\">Mandrin \u00e0 action rapide pour tenir les outils<\/span><br style=\"font-family: Montserrat, sans-serif;font-size: 14px\"><span style=\"font-family: Montserrat, sans-serif;font-size: 14px\">220-240 V, 50\/60 Hz, 1500 W<\/span><br data-mce-bogus=\"1\"><\/p>\n","protected":false},"excerpt":{"rendered":"<p><span style=\"font-family: Montserrat, sans-serif;font-size: 14px\">\u00e9trin robuste avec engrenage m\u00e9tallique r\u00e9sistant<\/span><br style=\"font-family: Montserrat, sans-serif;font-size: 14px\"><span style=\"font-family: Montserrat, sans-serif;font-size: 14px\">8 niveaux de vitesse (0\/1\/2\/3\/4\/5\/6 + fonction pulse)<\/span><br data-mce-bogus=\"1\"><\/p>\n<p><span style=\"font-family: Montserrat, sans-serif;font-size: 14px\">Bras multifonction pivotant \u00e0 35\u00b0<\/span><br data-mce-bogus=\"1\"><\/p>\n<p><span style=\"font-family: Montserrat, sans-serif;font-size: 14px\">220-240 V, 50\/60 Hz, 1500 W<\/span><br data-mce-bogus=\"1\"><\/p>\n<p><span style=\"font-family: Montserrat, sans-serif;font-size: 14px\">Bol extra-large de 10 litres en acier inoxydable<\/span><br data-mce-bogus=\"1\"><\/p>\n","protected":false},"featured_media":20533,"template":"","meta":{"_coblocks_attr":"","_coblocks_dimensions":"","_coblocks_responsive_height":"","_coblocks_accordion_ie_support":""},"pwb-brand":[456],"product_brand":[],"product_cat":[97,354],"product_tag":[],"class_list":{"0":"post-20534","1":"product","2":"type-product","3":"status-publish","4":"has-post-thumbnail","6":"pwb-brand-clatronic","7":"product_cat-electromenagers","8":"product_cat-robot","11":"first","12":"instock","13":"taxable","14":"shipping-taxable","15":"purchasable","16":"product-type-simple"},"yoast_head":"<!-- This site is optimized with the Yoast SEO plugin v27.4 - https:\/\/yoast.com\/product\/yoast-seo-wordpress\/ -->\n<title>CLATRONIC PETRIN 1500W REF\/KM-3765 - I-CONFORT<\/title>\n<meta name=\"robots\" content=\"index, follow, max-snippet:-1, max-image-preview:large, max-video-preview:-1\" \/>\n<link rel=\"canonical\" href=\"https:\/\/i-confort.com\/?product=clatronic-petrin-1500w-ref-km-3765\" \/>\n<meta property=\"og:locale\" content=\"fr_FR\" \/>\n<meta property=\"og:type\" content=\"article\" \/>\n<meta property=\"og:title\" content=\"CLATRONIC PETRIN 1500W REF\/KM-3765 - I-CONFORT\" \/>\n<meta property=\"og:description\" content=\"\u00e9trin robuste avec engrenage m\u00e9tallique r\u00e9sistant8 niveaux de vitesse (0\/1\/2\/3\/4\/5\/6 + fonction pulse)Bras multifonction pivotant \u00e0 35\u00b0220-240 V, 50\/60 Hz, 1500 WBol extra-large de 10 litres en acier inoxydable\" \/>\n<meta property=\"og:url\" content=\"https:\/\/i-confort.com\/?product=clatronic-petrin-1500w-ref-km-3765\" \/>\n<meta property=\"og:site_name\" content=\"I-CONFORT\" \/>\n<meta property=\"og:image\" content=\"https:\/\/i-confort.com\/wp-content\/uploads\/2024\/07\/robot-petrin-multifonction-10l-1500w-clatronic-km-3765-rouge.jpg\" \/>\n\t<meta property=\"og:image:width\" content=\"800\" \/>\n\t<meta property=\"og:image:height\" content=\"800\" \/>\n\t<meta property=\"og:image:type\" content=\"image\/jpeg\" \/>\n<meta name=\"twitter:card\" content=\"summary_large_image\" \/>\n<meta name=\"twitter:label1\" content=\"Dur\u00e9e de lecture estim\u00e9e\" \/>\n\t<meta name=\"twitter:data1\" content=\"1 minute\" \/>\n<script type=\"application\/ld+json\" class=\"yoast-schema-graph\">{\"@context\":\"https:\\\/\\\/schema.org\",\"@graph\":[{\"@type\":\"WebPage\",\"@id\":\"https:\\\/\\\/i-confort.com\\\/?product=clatronic-petrin-1500w-ref-km-3765\",\"url\":\"https:\\\/\\\/i-confort.com\\\/?product=clatronic-petrin-1500w-ref-km-3765\",\"name\":\"CLATRONIC PETRIN 1500W REF\\\/KM-3765 - I-CONFORT\",\"isPartOf\":{\"@id\":\"https:\\\/\\\/i-confort.com\\\/#website\"},\"primaryImageOfPage\":{\"@id\":\"https:\\\/\\\/i-confort.com\\\/?product=clatronic-petrin-1500w-ref-km-3765#primaryimage\"},\"image\":{\"@id\":\"https:\\\/\\\/i-confort.com\\\/?product=clatronic-petrin-1500w-ref-km-3765#primaryimage\"},\"thumbnailUrl\":\"https:\\\/\\\/i-confort.com\\\/wp-content\\\/uploads\\\/2024\\\/07\\\/robot-petrin-multifonction-10l-1500w-clatronic-km-3765-rouge.jpg\",\"datePublished\":\"2024-07-09T15:06:59+00:00\",\"breadcrumb\":{\"@id\":\"https:\\\/\\\/i-confort.com\\\/?product=clatronic-petrin-1500w-ref-km-3765#breadcrumb\"},\"inLanguage\":\"fr-FR\",\"potentialAction\":[{\"@type\":\"ReadAction\",\"target\":[\"https:\\\/\\\/i-confort.com\\\/?product=clatronic-petrin-1500w-ref-km-3765\"]}]},{\"@type\":\"ImageObject\",\"inLanguage\":\"fr-FR\",\"@id\":\"https:\\\/\\\/i-confort.com\\\/?product=clatronic-petrin-1500w-ref-km-3765#primaryimage\",\"url\":\"https:\\\/\\\/i-confort.com\\\/wp-content\\\/uploads\\\/2024\\\/07\\\/robot-petrin-multifonction-10l-1500w-clatronic-km-3765-rouge.jpg\",\"contentUrl\":\"https:\\\/\\\/i-confort.com\\\/wp-content\\\/uploads\\\/2024\\\/07\\\/robot-petrin-multifonction-10l-1500w-clatronic-km-3765-rouge.jpg\",\"width\":800,\"height\":800},{\"@type\":\"BreadcrumbList\",\"@id\":\"https:\\\/\\\/i-confort.com\\\/?product=clatronic-petrin-1500w-ref-km-3765#breadcrumb\",\"itemListElement\":[{\"@type\":\"ListItem\",\"position\":1,\"name\":\"Home\",\"item\":\"https:\\\/\\\/i-confort.com\\\/\"},{\"@type\":\"ListItem\",\"position\":2,\"name\":\"Boutique\",\"item\":\"https:\\\/\\\/i-confort.com\\\/?page_id=7\"},{\"@type\":\"ListItem\",\"position\":3,\"name\":\"CLATRONIC PETRIN 1500W REF\\\/KM-3765\"}]},{\"@type\":\"WebSite\",\"@id\":\"https:\\\/\\\/i-confort.com\\\/#website\",\"url\":\"https:\\\/\\\/i-confort.com\\\/\",\"name\":\"I-CONFORT\",\"description\":\"Site de vente en ligne\",\"potentialAction\":[{\"@type\":\"SearchAction\",\"target\":{\"@type\":\"EntryPoint\",\"urlTemplate\":\"https:\\\/\\\/i-confort.com\\\/?s={search_term_string}\"},\"query-input\":{\"@type\":\"PropertyValueSpecification\",\"valueRequired\":true,\"valueName\":\"search_term_string\"}}],\"inLanguage\":\"fr-FR\"}]}<\/script>\n<!-- \/ Yoast SEO plugin. -->","yoast_head_json":{"title":"CLATRONIC PETRIN 1500W REF\/KM-3765 - I-CONFORT","robots":{"index":"index","follow":"follow","max-snippet":"max-snippet:-1","max-image-preview":"max-image-preview:large","max-video-preview":"max-video-preview:-1"},"canonical":"https:\/\/i-confort.com\/?product=clatronic-petrin-1500w-ref-km-3765","og_locale":"fr_FR","og_type":"article","og_title":"CLATRONIC PETRIN 1500W REF\/KM-3765 - I-CONFORT","og_description":"\u00e9trin robuste avec engrenage m\u00e9tallique r\u00e9sistant8 niveaux de vitesse (0\/1\/2\/3\/4\/5\/6 + fonction pulse)Bras multifonction pivotant \u00e0 35\u00b0220-240 V, 50\/60 Hz, 1500 WBol extra-large de 10 litres en acier inoxydable","og_url":"https:\/\/i-confort.com\/?product=clatronic-petrin-1500w-ref-km-3765","og_site_name":"I-CONFORT","og_image":[{"width":800,"height":800,"url":"https:\/\/i-confort.com\/wp-content\/uploads\/2024\/07\/robot-petrin-multifonction-10l-1500w-clatronic-km-3765-rouge.jpg","type":"image\/jpeg"}],"twitter_card":"summary_large_image","twitter_misc":{"Dur\u00e9e de lecture estim\u00e9e":"1 minute"},"schema":{"@context":"https:\/\/schema.org","@graph":[{"@type":"WebPage","@id":"https:\/\/i-confort.com\/?product=clatronic-petrin-1500w-ref-km-3765","url":"https:\/\/i-confort.com\/?product=clatronic-petrin-1500w-ref-km-3765","name":"CLATRONIC PETRIN 1500W REF\/KM-3765 - I-CONFORT","isPartOf":{"@id":"https:\/\/i-confort.com\/#website"},"primaryImageOfPage":{"@id":"https:\/\/i-confort.com\/?product=clatronic-petrin-1500w-ref-km-3765#primaryimage"},"image":{"@id":"https:\/\/i-confort.com\/?product=clatronic-petrin-1500w-ref-km-3765#primaryimage"},"thumbnailUrl":"https:\/\/i-confort.com\/wp-content\/uploads\/2024\/07\/robot-petrin-multifonction-10l-1500w-clatronic-km-3765-rouge.jpg","datePublished":"2024-07-09T15:06:59+00:00","breadcrumb":{"@id":"https:\/\/i-confort.com\/?product=clatronic-petrin-1500w-ref-km-3765#breadcrumb"},"inLanguage":"fr-FR","potentialAction":[{"@type":"ReadAction","target":["https:\/\/i-confort.com\/?product=clatronic-petrin-1500w-ref-km-3765"]}]},{"@type":"ImageObject","inLanguage":"fr-FR","@id":"https:\/\/i-confort.com\/?product=clatronic-petrin-1500w-ref-km-3765#primaryimage","url":"https:\/\/i-confort.com\/wp-content\/uploads\/2024\/07\/robot-petrin-multifonction-10l-1500w-clatronic-km-3765-rouge.jpg","contentUrl":"https:\/\/i-confort.com\/wp-content\/uploads\/2024\/07\/robot-petrin-multifonction-10l-1500w-clatronic-km-3765-rouge.jpg","width":800,"height":800},{"@type":"BreadcrumbList","@id":"https:\/\/i-confort.com\/?product=clatronic-petrin-1500w-ref-km-3765#breadcrumb","itemListElement":[{"@type":"ListItem","position":1,"name":"Home","item":"https:\/\/i-confort.com\/"},{"@type":"ListItem","position":2,"name":"Boutique","item":"https:\/\/i-confort.com\/?page_id=7"},{"@type":"ListItem","position":3,"name":"CLATRONIC PETRIN 1500W REF\/KM-3765"}]},{"@type":"WebSite","@id":"https:\/\/i-confort.com\/#website","url":"https:\/\/i-confort.com\/","name":"I-CONFORT","description":"Site de vente en ligne","potentialAction":[{"@type":"SearchAction","target":{"@type":"EntryPoint","urlTemplate":"https:\/\/i-confort.com\/?s={search_term_string}"},"query-input":{"@type":"PropertyValueSpecification","valueRequired":true,"valueName":"search_term_string"}}],"inLanguage":"fr-FR"}]}},"brands":[{"id":456,"name":"CLATRONIC","slug":"clatronic"}],"_links":{"self":[{"href":"https:\/\/i-confort.com\/index.php?rest_route=\/wp\/v2\/product\/20534","targetHints":{"allow":["GET"]}}],"collection":[{"href":"https:\/\/i-confort.com\/index.php?rest_route=\/wp\/v2\/product"}],"about":[{"href":"https:\/\/i-confort.com\/index.php?rest_route=\/wp\/v2\/types\/product"}],"wp:featuredmedia":[{"embeddable":true,"href":"https:\/\/i-confort.com\/index.php?rest_route=\/wp\/v2\/media\/20533"}],"wp:attachment":[{"href":"https:\/\/i-confort.com\/index.php?rest_route=%2Fwp%2Fv2%2Fmedia&parent=20534"}],"wp:term":[{"taxonomy":"pwb-brand","embeddable":true,"href":"https:\/\/i-confort.com\/index.php?rest_route=%2Fwp%2Fv2%2Fpwb-brand&post=20534"},{"taxonomy":"product_brand","embeddable":true,"href":"https:\/\/i-confort.com\/index.php?rest_route=%2Fwp%2Fv2%2Fproduct_brand&post=20534"},{"taxonomy":"product_cat","embeddable":true,"href":"https:\/\/i-confort.com\/index.php?rest_route=%2Fwp%2Fv2%2Fproduct_cat&post=20534"},{"taxonomy":"product_tag","embeddable":true,"href":"https:\/\/i-confort.com\/index.php?rest_route=%2Fwp%2Fv2%2Fproduct_tag&post=20534"}],"curies":[{"name":"wp","href":"https:\/\/api.w.org\/{rel}","templated":true}]}}