{"id":20556,"date":"2024-07-09T16:41:04","date_gmt":"2024-07-09T16:41:04","guid":{"rendered":"https:\/\/i-confort.com\/?product=dsp-blender-2110"},"modified":"2025-03-19T11:40:10","modified_gmt":"2025-03-19T11:40:10","slug":"dsp-blender-2110","status":"publish","type":"product","link":"https:\/\/i-confort.com\/?product=dsp-blender-2110","title":{"rendered":"DSP BLENDER 2110"},"content":{"rendered":"<div class=\"card__header\" style=\"position: relative;padding: 30px 30px 0px;font-family: Cabin, sans-serif\" data-mce-style=\"position: relative; padding: 30px 30px 0px; font-family: Cabin, sans-serif;\">\n<h2 class=\"card__title heading h3\" style=\"margin-top: 0px;font-size: calc(var(--base-text-font-size) - (var(--default-text-font-size) - 21px));font-weight: var(--heading-font-weight);font-family: var(--heading-font-family);font-style: var(--heading-font-style);color: var(--heading-color);margin-bottom: 0px;line-height: 1.5\" data-mce-style=\"margin-top: 0px; font-size: calc(var(--base-text-font-size) - (var(--default-text-font-size) - 21px)); font-weight: var(--heading-font-weight); font-family: var(--heading-font-family); font-style: var(--heading-font-style); color: var(--heading-color); margin-bottom: 0px; line-height: 1.5;\"><\/h2>\n<\/div>\n","protected":false},"excerpt":{"rendered":"<div class=\"card__header\" style=\"position: relative;padding: 30px 30px 0px;font-family: Cabin, sans-serif\" data-mce-style=\"position: relative; padding: 30px 30px 0px; font-family: Cabin, sans-serif;\">\n<h2 class=\"card__title heading h3\" style=\"margin-top: 0px;font-size: calc(var(--base-text-font-size) - (var(--default-text-font-size) - 21px));font-weight: var(--heading-font-weight);font-family: var(--heading-font-family);font-style: var(--heading-font-style);color: var(--heading-color);margin-bottom: 0px;line-height: 1.5\" data-mce-style=\"margin-top: 0px; font-size: calc(var(--base-text-font-size) - (var(--default-text-font-size) - 21px)); font-weight: var(--heading-font-weight); font-family: var(--heading-font-family); font-style: var(--heading-font-style); color: var(--heading-color); margin-bottom: 0px; line-height: 1.5;\"><span style=\"vertical-align: inherit\" data-mce-style=\"vertical-align: inherit;\">Description<\/span><\/h2>\n<\/div>\n<div class=\"card__section expandable-content\" aria-expanded=\"true\" style=\"position: relative;padding: 30px;max-height: 320px;overflow: hidden;font-family: Cabin, sans-serif\" data-mce-style=\"position: relative; padding: 30px; max-height: 320px; overflow: hidden; font-family: Cabin, sans-serif;\">\n<div class=\"rte text--pull\" style=\"margin-top: -0.435em\" data-mce-style=\"margin-top: -0.435em;\"><span style=\"vertical-align: inherit\" data-mce-style=\"vertical-align: inherit;\">Tension : 220-240 V ~ 50\/60 Hz <\/span><\/div>\n<div class=\"rte text--pull\" style=\"margin-top: -0.435em\" data-mce-style=\"margin-top: -0.435em;\"><span style=\"vertical-align: inherit\" data-mce-style=\"vertical-align: inherit;\">Puissance \u00e9lectrique : 800 W <\/span><\/div>\n<div class=\"rte text--pull\" style=\"margin-top: -0.435em\" data-mce-style=\"margin-top: -0.435em;\"><span style=\"vertical-align: inherit\" data-mce-style=\"vertical-align: inherit;\">Puissance de chauffage : 800 W <\/span><\/div>\n<div class=\"rte text--pull\" style=\"margin-top: -0.435em\" data-mce-style=\"margin-top: -0.435em;\"><span style=\"vertical-align: inherit\" data-mce-style=\"vertical-align: inherit;\">Capacit\u00e9 : 1,75 L <\/span><\/div>\n<div class=\"rte text--pull\" style=\"margin-top: -0.435em\" data-mce-style=\"margin-top: -0.435em;\"><span style=\"vertical-align: inherit\" data-mce-style=\"vertical-align: inherit;\">Mat\u00e9riau du pot : verre borosilicat\u00e9 sur\u00e9lev\u00e9 <\/span><\/div>\n<div class=\"rte text--pull\" style=\"margin-top: -0.435em\" data-mce-style=\"margin-top: -0.435em;\"><span style=\"vertical-align: inherit\" data-mce-style=\"vertical-align: inherit;\">\u00c9cran tactile intelligent et minuterie de chauffage : 24 heures Moteur enti\u00e8rement en cuivre 9525 <\/span><\/div>\n<div class=\"rte text--pull\" style=\"margin-top: -0.435em\" data-mce-style=\"margin-top: -0.435em;\"><span style=\"vertical-align: inherit\" data-mce-style=\"vertical-align: inherit;\">Vitesse de rotation : 25 000 tr\/min <\/span><\/div>\n<div class=\"rte text--pull\" style=\"margin-top: -0.435em\" data-mce-style=\"margin-top: -0.435em;\"><span style=\"vertical-align: inherit\" data-mce-style=\"vertical-align: inherit;\">Faible bruit \uff1c 90 dB <\/span><\/div>\n<div class=\"rte text--pull\" style=\"margin-top: -0.435em\" data-mce-style=\"margin-top: -0.435em;\"><span style=\"vertical-align: inherit\" data-mce-style=\"vertical-align: inherit;\">Couteaux en acier 304 \u00e0 huit lames d&rsquo;origine<\/span><\/div>\n<\/div>\n","protected":false},"featured_media":20555,"template":"","meta":{"_coblocks_attr":"","_coblocks_dimensions":"","_coblocks_responsive_height":"","_coblocks_accordion_ie_support":""},"pwb-brand":[458],"product_brand":[],"product_cat":[97,374],"product_tag":[],"class_list":{"0":"post-20556","1":"product","2":"type-product","3":"status-publish","4":"has-post-thumbnail","6":"pwb-brand-dsp","7":"product_cat-electromenagers","8":"product_cat-vaisselle-et-cuisine","11":"first","12":"instock","13":"taxable","14":"shipping-taxable","15":"purchasable","16":"product-type-simple"},"yoast_head":"<!-- This site is optimized with the Yoast SEO plugin v27.4 - https:\/\/yoast.com\/product\/yoast-seo-wordpress\/ -->\n<title>DSP BLENDER 2110 - I-CONFORT<\/title>\n<meta name=\"robots\" content=\"index, follow, max-snippet:-1, max-image-preview:large, max-video-preview:-1\" \/>\n<link rel=\"canonical\" href=\"https:\/\/i-confort.com\/?product=dsp-blender-2110\" \/>\n<meta property=\"og:locale\" content=\"fr_FR\" \/>\n<meta property=\"og:type\" content=\"article\" \/>\n<meta property=\"og:title\" content=\"DSP BLENDER 2110 - I-CONFORT\" \/>\n<meta property=\"og:description\" content=\"DescriptionTension : 220-240 V ~ 50\/60 Hz Puissance \u00e9lectrique : 800 W Puissance de chauffage : 800 W Capacit\u00e9 : 1,75 L Mat\u00e9riau du pot : verre borosilicat\u00e9 sur\u00e9lev\u00e9 \u00c9cran tactile intelligent et minuterie de chauffage : 24 heures Moteur enti\u00e8rement en cuivre 9525 Vitesse de rotation : 25 000 tr\/min Faible bruit \uff1c 90 dB Couteaux en acier 304 \u00e0 huit lames d&#039;origine\" \/>\n<meta property=\"og:url\" content=\"https:\/\/i-confort.com\/?product=dsp-blender-2110\" \/>\n<meta property=\"og:site_name\" content=\"I-CONFORT\" \/>\n<meta property=\"article:modified_time\" content=\"2025-03-19T11:40:10+00:00\" \/>\n<meta property=\"og:image\" content=\"https:\/\/i-confort.com\/wp-content\/uploads\/2024\/07\/202208241710260923_400x.webp\" \/>\n\t<meta property=\"og:image:width\" content=\"400\" \/>\n\t<meta property=\"og:image:height\" content=\"400\" \/>\n\t<meta property=\"og:image:type\" content=\"image\/webp\" \/>\n<meta name=\"twitter:card\" content=\"summary_large_image\" \/>\n<script type=\"application\/ld+json\" class=\"yoast-schema-graph\">{\"@context\":\"https:\\\/\\\/schema.org\",\"@graph\":[{\"@type\":\"WebPage\",\"@id\":\"https:\\\/\\\/i-confort.com\\\/?product=dsp-blender-2110\",\"url\":\"https:\\\/\\\/i-confort.com\\\/?product=dsp-blender-2110\",\"name\":\"DSP BLENDER 2110 - I-CONFORT\",\"isPartOf\":{\"@id\":\"https:\\\/\\\/i-confort.com\\\/#website\"},\"primaryImageOfPage\":{\"@id\":\"https:\\\/\\\/i-confort.com\\\/?product=dsp-blender-2110#primaryimage\"},\"image\":{\"@id\":\"https:\\\/\\\/i-confort.com\\\/?product=dsp-blender-2110#primaryimage\"},\"thumbnailUrl\":\"https:\\\/\\\/i-confort.com\\\/wp-content\\\/uploads\\\/2024\\\/07\\\/202208241710260923_400x.webp\",\"datePublished\":\"2024-07-09T16:41:04+00:00\",\"dateModified\":\"2025-03-19T11:40:10+00:00\",\"breadcrumb\":{\"@id\":\"https:\\\/\\\/i-confort.com\\\/?product=dsp-blender-2110#breadcrumb\"},\"inLanguage\":\"fr-FR\",\"potentialAction\":[{\"@type\":\"ReadAction\",\"target\":[\"https:\\\/\\\/i-confort.com\\\/?product=dsp-blender-2110\"]}]},{\"@type\":\"ImageObject\",\"inLanguage\":\"fr-FR\",\"@id\":\"https:\\\/\\\/i-confort.com\\\/?product=dsp-blender-2110#primaryimage\",\"url\":\"https:\\\/\\\/i-confort.com\\\/wp-content\\\/uploads\\\/2024\\\/07\\\/202208241710260923_400x.webp\",\"contentUrl\":\"https:\\\/\\\/i-confort.com\\\/wp-content\\\/uploads\\\/2024\\\/07\\\/202208241710260923_400x.webp\",\"width\":400,\"height\":400},{\"@type\":\"BreadcrumbList\",\"@id\":\"https:\\\/\\\/i-confort.com\\\/?product=dsp-blender-2110#breadcrumb\",\"itemListElement\":[{\"@type\":\"ListItem\",\"position\":1,\"name\":\"Home\",\"item\":\"https:\\\/\\\/i-confort.com\\\/\"},{\"@type\":\"ListItem\",\"position\":2,\"name\":\"Boutique\",\"item\":\"https:\\\/\\\/i-confort.com\\\/?page_id=7\"},{\"@type\":\"ListItem\",\"position\":3,\"name\":\"DSP BLENDER 2110\"}]},{\"@type\":\"WebSite\",\"@id\":\"https:\\\/\\\/i-confort.com\\\/#website\",\"url\":\"https:\\\/\\\/i-confort.com\\\/\",\"name\":\"I-CONFORT\",\"description\":\"Site de vente en ligne\",\"potentialAction\":[{\"@type\":\"SearchAction\",\"target\":{\"@type\":\"EntryPoint\",\"urlTemplate\":\"https:\\\/\\\/i-confort.com\\\/?s={search_term_string}\"},\"query-input\":{\"@type\":\"PropertyValueSpecification\",\"valueRequired\":true,\"valueName\":\"search_term_string\"}}],\"inLanguage\":\"fr-FR\"}]}<\/script>\n<!-- \/ Yoast SEO plugin. -->","yoast_head_json":{"title":"DSP BLENDER 2110 - I-CONFORT","robots":{"index":"index","follow":"follow","max-snippet":"max-snippet:-1","max-image-preview":"max-image-preview:large","max-video-preview":"max-video-preview:-1"},"canonical":"https:\/\/i-confort.com\/?product=dsp-blender-2110","og_locale":"fr_FR","og_type":"article","og_title":"DSP BLENDER 2110 - I-CONFORT","og_description":"DescriptionTension : 220-240 V ~ 50\/60 Hz Puissance \u00e9lectrique : 800 W Puissance de chauffage : 800 W Capacit\u00e9 : 1,75 L Mat\u00e9riau du pot : verre borosilicat\u00e9 sur\u00e9lev\u00e9 \u00c9cran tactile intelligent et minuterie de chauffage : 24 heures Moteur enti\u00e8rement en cuivre 9525 Vitesse de rotation : 25 000 tr\/min Faible bruit \uff1c 90 dB Couteaux en acier 304 \u00e0 huit lames d'origine","og_url":"https:\/\/i-confort.com\/?product=dsp-blender-2110","og_site_name":"I-CONFORT","article_modified_time":"2025-03-19T11:40:10+00:00","og_image":[{"width":400,"height":400,"url":"https:\/\/i-confort.com\/wp-content\/uploads\/2024\/07\/202208241710260923_400x.webp","type":"image\/webp"}],"twitter_card":"summary_large_image","schema":{"@context":"https:\/\/schema.org","@graph":[{"@type":"WebPage","@id":"https:\/\/i-confort.com\/?product=dsp-blender-2110","url":"https:\/\/i-confort.com\/?product=dsp-blender-2110","name":"DSP BLENDER 2110 - I-CONFORT","isPartOf":{"@id":"https:\/\/i-confort.com\/#website"},"primaryImageOfPage":{"@id":"https:\/\/i-confort.com\/?product=dsp-blender-2110#primaryimage"},"image":{"@id":"https:\/\/i-confort.com\/?product=dsp-blender-2110#primaryimage"},"thumbnailUrl":"https:\/\/i-confort.com\/wp-content\/uploads\/2024\/07\/202208241710260923_400x.webp","datePublished":"2024-07-09T16:41:04+00:00","dateModified":"2025-03-19T11:40:10+00:00","breadcrumb":{"@id":"https:\/\/i-confort.com\/?product=dsp-blender-2110#breadcrumb"},"inLanguage":"fr-FR","potentialAction":[{"@type":"ReadAction","target":["https:\/\/i-confort.com\/?product=dsp-blender-2110"]}]},{"@type":"ImageObject","inLanguage":"fr-FR","@id":"https:\/\/i-confort.com\/?product=dsp-blender-2110#primaryimage","url":"https:\/\/i-confort.com\/wp-content\/uploads\/2024\/07\/202208241710260923_400x.webp","contentUrl":"https:\/\/i-confort.com\/wp-content\/uploads\/2024\/07\/202208241710260923_400x.webp","width":400,"height":400},{"@type":"BreadcrumbList","@id":"https:\/\/i-confort.com\/?product=dsp-blender-2110#breadcrumb","itemListElement":[{"@type":"ListItem","position":1,"name":"Home","item":"https:\/\/i-confort.com\/"},{"@type":"ListItem","position":2,"name":"Boutique","item":"https:\/\/i-confort.com\/?page_id=7"},{"@type":"ListItem","position":3,"name":"DSP BLENDER 2110"}]},{"@type":"WebSite","@id":"https:\/\/i-confort.com\/#website","url":"https:\/\/i-confort.com\/","name":"I-CONFORT","description":"Site de vente en ligne","potentialAction":[{"@type":"SearchAction","target":{"@type":"EntryPoint","urlTemplate":"https:\/\/i-confort.com\/?s={search_term_string}"},"query-input":{"@type":"PropertyValueSpecification","valueRequired":true,"valueName":"search_term_string"}}],"inLanguage":"fr-FR"}]}},"brands":[{"id":458,"name":"DSP","slug":"dsp"}],"_links":{"self":[{"href":"https:\/\/i-confort.com\/index.php?rest_route=\/wp\/v2\/product\/20556","targetHints":{"allow":["GET"]}}],"collection":[{"href":"https:\/\/i-confort.com\/index.php?rest_route=\/wp\/v2\/product"}],"about":[{"href":"https:\/\/i-confort.com\/index.php?rest_route=\/wp\/v2\/types\/product"}],"wp:featuredmedia":[{"embeddable":true,"href":"https:\/\/i-confort.com\/index.php?rest_route=\/wp\/v2\/media\/20555"}],"wp:attachment":[{"href":"https:\/\/i-confort.com\/index.php?rest_route=%2Fwp%2Fv2%2Fmedia&parent=20556"}],"wp:term":[{"taxonomy":"pwb-brand","embeddable":true,"href":"https:\/\/i-confort.com\/index.php?rest_route=%2Fwp%2Fv2%2Fpwb-brand&post=20556"},{"taxonomy":"product_brand","embeddable":true,"href":"https:\/\/i-confort.com\/index.php?rest_route=%2Fwp%2Fv2%2Fproduct_brand&post=20556"},{"taxonomy":"product_cat","embeddable":true,"href":"https:\/\/i-confort.com\/index.php?rest_route=%2Fwp%2Fv2%2Fproduct_cat&post=20556"},{"taxonomy":"product_tag","embeddable":true,"href":"https:\/\/i-confort.com\/index.php?rest_route=%2Fwp%2Fv2%2Fproduct_tag&post=20556"}],"curies":[{"name":"wp","href":"https:\/\/api.w.org\/{rel}","templated":true}]}}