{"id":21253,"date":"2024-09-03T12:26:15","date_gmt":"2024-09-03T12:26:15","guid":{"rendered":"https:\/\/i-confort.com\/?product=livre-geographie-3eme-annee-secondaire"},"modified":"2024-09-03T12:26:16","modified_gmt":"2024-09-03T12:26:16","slug":"livre-geographie-3eme-annee-secondaire","status":"publish","type":"product","link":"https:\/\/i-confort.com\/?product=livre-geographie-3eme-annee-secondaire","title":{"rendered":"Livre g\u00e9ographie 3\u00e8me ann\u00e9e secondaire"},"content":{"rendered":"<p><br data-mce-bogus=\"1\"><\/p>\n","protected":false},"excerpt":{"rendered":"<p><br data-mce-bogus=\"1\"><\/p>\n","protected":false},"featured_media":21252,"template":"","meta":{"_coblocks_attr":"","_coblocks_dimensions":"","_coblocks_responsive_height":"","_coblocks_accordion_ie_support":""},"pwb-brand":[],"product_brand":[],"product_cat":[459],"product_tag":[],"class_list":{"0":"post-21253","1":"product","2":"type-product","3":"status-publish","4":"has-post-thumbnail","6":"product_cat-papeterie","9":"first","10":"instock","11":"taxable","12":"shipping-taxable","13":"purchasable","14":"product-type-simple"},"yoast_head":"<!-- This site is optimized with the Yoast SEO plugin v27.4 - https:\/\/yoast.com\/product\/yoast-seo-wordpress\/ -->\n<title>Livre g\u00e9ographie 3\u00e8me ann\u00e9e secondaire - I-CONFORT<\/title>\n<meta name=\"robots\" content=\"index, follow, max-snippet:-1, max-image-preview:large, max-video-preview:-1\" \/>\n<link rel=\"canonical\" href=\"https:\/\/i-confort.com\/?product=livre-geographie-3eme-annee-secondaire\" \/>\n<meta property=\"og:locale\" content=\"fr_FR\" \/>\n<meta property=\"og:type\" content=\"article\" \/>\n<meta property=\"og:title\" content=\"Livre g\u00e9ographie 3\u00e8me ann\u00e9e secondaire - I-CONFORT\" \/>\n<meta property=\"og:url\" content=\"https:\/\/i-confort.com\/?product=livre-geographie-3eme-annee-secondaire\" \/>\n<meta property=\"og:site_name\" content=\"I-CONFORT\" \/>\n<meta property=\"article:modified_time\" content=\"2024-09-03T12:26:16+00:00\" \/>\n<meta property=\"og:image\" content=\"https:\/\/i-confort.com\/wp-content\/uploads\/2024\/09\/\u0643\u062a\u0627\u0628-\u0627\u0644\u062c\u063a\u0631\u0627\u0641\u064a\u0627-\u0633\u0646\u0629-\u062b\u0627\u0644\u062b\u0629-\u062b\u0627\u0646\u0648\u064a.jpg\" \/>\n\t<meta property=\"og:image:width\" content=\"978\" \/>\n\t<meta property=\"og:image:height\" content=\"1392\" \/>\n\t<meta property=\"og:image:type\" content=\"image\/jpeg\" \/>\n<meta name=\"twitter:card\" content=\"summary_large_image\" \/>\n<script type=\"application\/ld+json\" class=\"yoast-schema-graph\">{\"@context\":\"https:\\\/\\\/schema.org\",\"@graph\":[{\"@type\":\"WebPage\",\"@id\":\"https:\\\/\\\/i-confort.com\\\/?product=livre-geographie-3eme-annee-secondaire\",\"url\":\"https:\\\/\\\/i-confort.com\\\/?product=livre-geographie-3eme-annee-secondaire\",\"name\":\"Livre g\u00e9ographie 3\u00e8me ann\u00e9e secondaire - I-CONFORT\",\"isPartOf\":{\"@id\":\"https:\\\/\\\/i-confort.com\\\/#website\"},\"primaryImageOfPage\":{\"@id\":\"https:\\\/\\\/i-confort.com\\\/?product=livre-geographie-3eme-annee-secondaire#primaryimage\"},\"image\":{\"@id\":\"https:\\\/\\\/i-confort.com\\\/?product=livre-geographie-3eme-annee-secondaire#primaryimage\"},\"thumbnailUrl\":\"https:\\\/\\\/i-confort.com\\\/wp-content\\\/uploads\\\/2024\\\/09\\\/\u0643\u062a\u0627\u0628-\u0627\u0644\u062c\u063a\u0631\u0627\u0641\u064a\u0627-\u0633\u0646\u0629-\u062b\u0627\u0644\u062b\u0629-\u062b\u0627\u0646\u0648\u064a.jpg\",\"datePublished\":\"2024-09-03T12:26:15+00:00\",\"dateModified\":\"2024-09-03T12:26:16+00:00\",\"breadcrumb\":{\"@id\":\"https:\\\/\\\/i-confort.com\\\/?product=livre-geographie-3eme-annee-secondaire#breadcrumb\"},\"inLanguage\":\"fr-FR\",\"potentialAction\":[{\"@type\":\"ReadAction\",\"target\":[\"https:\\\/\\\/i-confort.com\\\/?product=livre-geographie-3eme-annee-secondaire\"]}]},{\"@type\":\"ImageObject\",\"inLanguage\":\"fr-FR\",\"@id\":\"https:\\\/\\\/i-confort.com\\\/?product=livre-geographie-3eme-annee-secondaire#primaryimage\",\"url\":\"https:\\\/\\\/i-confort.com\\\/wp-content\\\/uploads\\\/2024\\\/09\\\/\u0643\u062a\u0627\u0628-\u0627\u0644\u062c\u063a\u0631\u0627\u0641\u064a\u0627-\u0633\u0646\u0629-\u062b\u0627\u0644\u062b\u0629-\u062b\u0627\u0646\u0648\u064a.jpg\",\"contentUrl\":\"https:\\\/\\\/i-confort.com\\\/wp-content\\\/uploads\\\/2024\\\/09\\\/\u0643\u062a\u0627\u0628-\u0627\u0644\u062c\u063a\u0631\u0627\u0641\u064a\u0627-\u0633\u0646\u0629-\u062b\u0627\u0644\u062b\u0629-\u062b\u0627\u0646\u0648\u064a.jpg\",\"width\":978,\"height\":1392},{\"@type\":\"BreadcrumbList\",\"@id\":\"https:\\\/\\\/i-confort.com\\\/?product=livre-geographie-3eme-annee-secondaire#breadcrumb\",\"itemListElement\":[{\"@type\":\"ListItem\",\"position\":1,\"name\":\"Home\",\"item\":\"https:\\\/\\\/i-confort.com\\\/\"},{\"@type\":\"ListItem\",\"position\":2,\"name\":\"Boutique\",\"item\":\"https:\\\/\\\/i-confort.com\\\/?page_id=7\"},{\"@type\":\"ListItem\",\"position\":3,\"name\":\"Livre g\u00e9ographie 3\u00e8me ann\u00e9e secondaire\"}]},{\"@type\":\"WebSite\",\"@id\":\"https:\\\/\\\/i-confort.com\\\/#website\",\"url\":\"https:\\\/\\\/i-confort.com\\\/\",\"name\":\"I-CONFORT\",\"description\":\"Site de vente en ligne\",\"potentialAction\":[{\"@type\":\"SearchAction\",\"target\":{\"@type\":\"EntryPoint\",\"urlTemplate\":\"https:\\\/\\\/i-confort.com\\\/?s={search_term_string}\"},\"query-input\":{\"@type\":\"PropertyValueSpecification\",\"valueRequired\":true,\"valueName\":\"search_term_string\"}}],\"inLanguage\":\"fr-FR\"}]}<\/script>\n<!-- \/ Yoast SEO plugin. -->","yoast_head_json":{"title":"Livre g\u00e9ographie 3\u00e8me ann\u00e9e secondaire - I-CONFORT","robots":{"index":"index","follow":"follow","max-snippet":"max-snippet:-1","max-image-preview":"max-image-preview:large","max-video-preview":"max-video-preview:-1"},"canonical":"https:\/\/i-confort.com\/?product=livre-geographie-3eme-annee-secondaire","og_locale":"fr_FR","og_type":"article","og_title":"Livre g\u00e9ographie 3\u00e8me ann\u00e9e secondaire - I-CONFORT","og_url":"https:\/\/i-confort.com\/?product=livre-geographie-3eme-annee-secondaire","og_site_name":"I-CONFORT","article_modified_time":"2024-09-03T12:26:16+00:00","og_image":[{"width":978,"height":1392,"url":"https:\/\/i-confort.com\/wp-content\/uploads\/2024\/09\/\u0643\u062a\u0627\u0628-\u0627\u0644\u062c\u063a\u0631\u0627\u0641\u064a\u0627-\u0633\u0646\u0629-\u062b\u0627\u0644\u062b\u0629-\u062b\u0627\u0646\u0648\u064a.jpg","type":"image\/jpeg"}],"twitter_card":"summary_large_image","schema":{"@context":"https:\/\/schema.org","@graph":[{"@type":"WebPage","@id":"https:\/\/i-confort.com\/?product=livre-geographie-3eme-annee-secondaire","url":"https:\/\/i-confort.com\/?product=livre-geographie-3eme-annee-secondaire","name":"Livre g\u00e9ographie 3\u00e8me ann\u00e9e secondaire - I-CONFORT","isPartOf":{"@id":"https:\/\/i-confort.com\/#website"},"primaryImageOfPage":{"@id":"https:\/\/i-confort.com\/?product=livre-geographie-3eme-annee-secondaire#primaryimage"},"image":{"@id":"https:\/\/i-confort.com\/?product=livre-geographie-3eme-annee-secondaire#primaryimage"},"thumbnailUrl":"https:\/\/i-confort.com\/wp-content\/uploads\/2024\/09\/\u0643\u062a\u0627\u0628-\u0627\u0644\u062c\u063a\u0631\u0627\u0641\u064a\u0627-\u0633\u0646\u0629-\u062b\u0627\u0644\u062b\u0629-\u062b\u0627\u0646\u0648\u064a.jpg","datePublished":"2024-09-03T12:26:15+00:00","dateModified":"2024-09-03T12:26:16+00:00","breadcrumb":{"@id":"https:\/\/i-confort.com\/?product=livre-geographie-3eme-annee-secondaire#breadcrumb"},"inLanguage":"fr-FR","potentialAction":[{"@type":"ReadAction","target":["https:\/\/i-confort.com\/?product=livre-geographie-3eme-annee-secondaire"]}]},{"@type":"ImageObject","inLanguage":"fr-FR","@id":"https:\/\/i-confort.com\/?product=livre-geographie-3eme-annee-secondaire#primaryimage","url":"https:\/\/i-confort.com\/wp-content\/uploads\/2024\/09\/\u0643\u062a\u0627\u0628-\u0627\u0644\u062c\u063a\u0631\u0627\u0641\u064a\u0627-\u0633\u0646\u0629-\u062b\u0627\u0644\u062b\u0629-\u062b\u0627\u0646\u0648\u064a.jpg","contentUrl":"https:\/\/i-confort.com\/wp-content\/uploads\/2024\/09\/\u0643\u062a\u0627\u0628-\u0627\u0644\u062c\u063a\u0631\u0627\u0641\u064a\u0627-\u0633\u0646\u0629-\u062b\u0627\u0644\u062b\u0629-\u062b\u0627\u0646\u0648\u064a.jpg","width":978,"height":1392},{"@type":"BreadcrumbList","@id":"https:\/\/i-confort.com\/?product=livre-geographie-3eme-annee-secondaire#breadcrumb","itemListElement":[{"@type":"ListItem","position":1,"name":"Home","item":"https:\/\/i-confort.com\/"},{"@type":"ListItem","position":2,"name":"Boutique","item":"https:\/\/i-confort.com\/?page_id=7"},{"@type":"ListItem","position":3,"name":"Livre g\u00e9ographie 3\u00e8me ann\u00e9e secondaire"}]},{"@type":"WebSite","@id":"https:\/\/i-confort.com\/#website","url":"https:\/\/i-confort.com\/","name":"I-CONFORT","description":"Site de vente en ligne","potentialAction":[{"@type":"SearchAction","target":{"@type":"EntryPoint","urlTemplate":"https:\/\/i-confort.com\/?s={search_term_string}"},"query-input":{"@type":"PropertyValueSpecification","valueRequired":true,"valueName":"search_term_string"}}],"inLanguage":"fr-FR"}]}},"brands":[],"_links":{"self":[{"href":"https:\/\/i-confort.com\/index.php?rest_route=\/wp\/v2\/product\/21253","targetHints":{"allow":["GET"]}}],"collection":[{"href":"https:\/\/i-confort.com\/index.php?rest_route=\/wp\/v2\/product"}],"about":[{"href":"https:\/\/i-confort.com\/index.php?rest_route=\/wp\/v2\/types\/product"}],"wp:featuredmedia":[{"embeddable":true,"href":"https:\/\/i-confort.com\/index.php?rest_route=\/wp\/v2\/media\/21252"}],"wp:attachment":[{"href":"https:\/\/i-confort.com\/index.php?rest_route=%2Fwp%2Fv2%2Fmedia&parent=21253"}],"wp:term":[{"taxonomy":"pwb-brand","embeddable":true,"href":"https:\/\/i-confort.com\/index.php?rest_route=%2Fwp%2Fv2%2Fpwb-brand&post=21253"},{"taxonomy":"product_brand","embeddable":true,"href":"https:\/\/i-confort.com\/index.php?rest_route=%2Fwp%2Fv2%2Fproduct_brand&post=21253"},{"taxonomy":"product_cat","embeddable":true,"href":"https:\/\/i-confort.com\/index.php?rest_route=%2Fwp%2Fv2%2Fproduct_cat&post=21253"},{"taxonomy":"product_tag","embeddable":true,"href":"https:\/\/i-confort.com\/index.php?rest_route=%2Fwp%2Fv2%2Fproduct_tag&post=21253"}],"curies":[{"name":"wp","href":"https:\/\/api.w.org\/{rel}","templated":true}]}}