{"id":21413,"date":"2024-11-13T07:44:40","date_gmt":"2024-11-13T07:44:40","guid":{"rendered":"https:\/\/i-confort.com\/?product=telephone-samsung-s23-8-128"},"modified":"2024-11-13T07:44:41","modified_gmt":"2024-11-13T07:44:41","slug":"telephone-samsung-s23-8-128","status":"publish","type":"product","link":"https:\/\/i-confort.com\/?product=telephone-samsung-s23-8-128","title":{"rendered":"T\u00e9lephone Samsung S23 8\/128"},"content":{"rendered":"<p><br data-mce-bogus=\"1\"><\/p>\n<section id=\"CustomersAlsoBought\" class=\"f-productLayerGrid__section js-productSection js-lazy-products-section\" data-component-id=\"Suggestion\" data-automation-id=\"customer-also-bought-layer-block\" data-loaded=\"false\" style=\"font-style: normal;font-weight: 400;letter-spacing: normal;text-align: start;text-indent: 0px;text-transform: none;flex: 0 0 auto;flex-flow: wrap;overflow: hidden;position: relative;width: 1289px;margin-top: 30px;font-family: Roboto, Arial, Helvetica, Tahoma, sans-serif;font-size: 12px\">\n<div class=\"f-productLayer js-lazy-products\" data-src=\"\/Nav\/API\/Article\/GetStrate?prid=17686503&amp;catalogRef=1&amp;strateType=CustomersAlsoBought&amp;ignoreSortingCookie=False\" style=\"flex: 1 1 auto;flex-direction: column;width: 1289px\">\n<div class=\"f-productLayer__header\" style=\"align-items: center;margin: 0px\">\n<div class=\"f-productLayer__container\" style=\"flex-grow: 1;height: 54px;overflow: hidden;padding: 30px 30px 0px;position: relative;align-items: center;justify-content: space-between\">\n<div class=\"f-productLayer__title\" data-automation-id=\"customer-also-bought-layer-title-label\" style=\"font-size: 20px;font-weight: 400;line-height: 1.2;margin: 0px;overflow: hidden;padding: 0px;position: relative;width: 1229px;height: auto;text-transform: uppercase\"><br class=\"Apple-interchange-newline\"><\/div>\n<\/div>\n<\/div>\n<\/div>\n<\/section>\n<section class=\"f-productLayerGrid__section js-productSection fa-strate-properties\" id=\"Characteristics\" data-automation-id=\"characteristics-layer-block\" style=\"font-style: normal;font-weight: 400;letter-spacing: normal;text-align: start;text-indent: 0px;text-transform: none;flex: 0 0 auto;flex-flow: wrap;overflow: hidden;position: relative;width: 1289px;margin-top: 30px;font-family: Roboto, Arial, Helvetica, Tahoma, sans-serif;font-size: 12px\">\n<div class=\"f-productLayerGrid__col\" style=\"flex: 1 1 0px;flex-direction: column;overflow: hidden;position: relative;width: auto;margin-top: 0px\">\n<div class=\"f-productLayer\" style=\"flex: 1 1 auto;flex-direction: column;width: 1289px\">\n<div class=\"f-productLayer__body f-productProperties\" style=\"flex-grow: 1\">\n<div class=\"f-productLayer__container f-productProperties__container\" data-automation-id=\"simple-characteristics-content-block\" style=\"flex-grow: 1;height: 376px;overflow: hidden;padding: 16px 30px 30px;position: relative;border: 0px\">\n<div class=\"js-Expander expander expander--hasIcon\" data-automation-button=\"expand-characteristics-content-button\" data-automation-content=\"expand-characteristics-content\" style=\"overflow: hidden;position: relative;max-height: 330px;padding-bottom: 30px\">\n<div class=\"expander__content\" data-automation-id=\"expand-characteristics-content\">\n<div class=\"f-productProperties__columns\" style=\"flex-direction: row\">\n<div class=\"f-productProperties__col\" style=\"flex: 1 1 0%;margin-bottom: 0px;margin-left: 30px;padding-left: 29px\">\n<dl class=\"f-productProperties__item\" style=\"margin: 0px;align-items: flex-start;flex-direction: row;font-size: 15px;padding: 10px 16px\">\n<dd class=\"f-productProperties__definition\" style=\"line-height: 1.42857;margin-left: 0px;flex: 0 0 50%\">\n<p style=\"margin: 0px !important;background: 0px center !important;color: inherit !important;font: inherit !important;padding: 0px !important;text-align: inherit !important\">Samsung Galaxy S<\/p>\n<\/dd>\n<\/dl>\n<dl class=\"f-productProperties__item\" style=\"margin: 0px;align-items: flex-start;flex-direction: row;font-size: 15px;padding: 10px 16px\">\n<dt class=\"f-productProperties__term\" style=\"line-height: 1.3;font-weight: 400;flex: 0 0 50%\">Mod\u00e8le de t\u00e9l\u00e9phone<\/dt>\n<dd class=\"f-productProperties__definition\" style=\"line-height: 1.42857;margin-left: 0px;flex: 0 0 50%\">\n<p style=\"margin: 0px !important;background: 0px center !important;color: inherit !important;font: inherit !important;padding: 0px !important;text-align: inherit !important\">Galaxy S23<\/p>\n<\/dd>\n<\/dl>\n<dl class=\"f-productProperties__item\" style=\"margin: 0px;align-items: flex-start;flex-direction: row;font-size: 15px;padding: 10px 16px\">\n<dt class=\"f-productProperties__term\" style=\"line-height: 1.3;font-weight: 400;flex: 0 0 50%\"><\/dt>\n<\/dl>\n<dl class=\"f-productProperties__item\" style=\"margin: 0px;align-items: flex-start;flex-direction: row;font-size: 15px;padding: 10px 16px\">\n<dt class=\"f-productProperties__term\" style=\"line-height: 1.3;font-weight: 400;flex: 0 0 50%\">Dimensions<\/dt>\n<dd class=\"f-productProperties__definition\" style=\"line-height: 1.42857;margin-left: 0px;flex: 0 0 50%\">\n<p style=\"margin: 0px !important;background: 0px center !important;color: inherit !important;font: inherit !important;padding: 0px !important;text-align: inherit !important\">146.3 x 70.9 x 7.6 mm<\/p>\n<\/dd>\n<\/dl>\n<dl class=\"f-productProperties__item\" style=\"margin: 0px;align-items: flex-start;flex-direction: row;font-size: 15px;padding: 10px 16px\">\n<dt class=\"f-productProperties__term\" style=\"line-height: 1.3;font-weight: 400;flex: 0 0 50%\">Poids du produit<\/dt>\n<dd class=\"f-productProperties__definition\" style=\"line-height: 1.42857;margin-left: 0px;flex: 0 0 50%\">\n<p style=\"margin: 0px !important;background: 0px center !important;color: inherit !important;font: inherit !important;padding: 0px !important;text-align: inherit !important\">167 g<\/p>\n<\/dd>\n<\/dl>\n<dl class=\"f-productProperties__item\" style=\"margin: 0px;align-items: flex-start;flex-direction: row;font-size: 15px;padding: 10px 16px\">\n<dt class=\"f-productProperties__term\" style=\"line-height: 1.3;font-weight: 400;flex: 0 0 50%\">Indice DAS Tronc<\/dt>\n<dd class=\"f-productProperties__definition\" style=\"line-height: 1.42857;margin-left: 0px;flex: 0 0 50%\">\n<p style=\"margin: 0px !important;background: 0px center !important;color: inherit !important;font: inherit !important;padding: 0px !important;text-align: inherit !important\">1.304<\/p>\n<\/dd>\n<\/dl>\n<dl class=\"f-productProperties__item\" style=\"margin: 0px;align-items: flex-start;flex-direction: row;font-size: 15px;padding: 10px 16px\">\n<dt class=\"f-productProperties__term\" style=\"line-height: 1.3;font-weight: 400;flex: 0 0 50%\">Indice DAS T\u00eate en W\/Kg<\/dt>\n<dd class=\"f-productProperties__definition\" style=\"line-height: 1.42857;margin-left: 0px;flex: 0 0 50%\">\n<p style=\"margin: 0px !important;background: 0px center !important;color: inherit !important;font: inherit !important;padding: 0px !important;text-align: inherit !important\">0.963<\/p>\n<\/dd>\n<\/dl>\n<dl class=\"f-productProperties__item\" style=\"margin: 0px;align-items: flex-start;flex-direction: row;font-size: 15px;padding: 10px 16px\">\n<dt class=\"f-productProperties__term\" style=\"line-height: 1.3;font-weight: 400;flex: 0 0 50%\">Indice DAS membre en W\/Kg<\/dt>\n<dd class=\"f-productProperties__definition\" style=\"line-height: 1.42857;margin-left: 0px;flex: 0 0 50%\">\n<p style=\"margin: 0px !important;background: 0px center !important;color: inherit !important;font: inherit !important;padding: 0px !important;text-align: inherit !important\">2.42<\/p>\n<\/dd>\n<\/dl>\n<dl class=\"f-productProperties__item\" style=\"margin: 0px;align-items: flex-start;flex-direction: row;font-size: 15px;padding: 10px 16px\">\n<dt class=\"f-productProperties__term\" style=\"line-height: 1.3;font-weight: 400;flex: 0 0 50%\">Dur\u00e9e de garantie de la batterie<\/dt>\n<dd class=\"f-productProperties__definition\" style=\"line-height: 1.42857;margin-left: 0px;flex: 0 0 50%\">\n<p style=\"margin: 0px !important;background: 0px center !important;color: inherit !important;font: inherit !important;padding: 0px !important;text-align: inherit !important\">24 Mois<\/p>\n<\/dd>\n<\/dl>\n<dl class=\"f-productProperties__item\" style=\"margin: 0px;align-items: flex-start;flex-direction: row;font-size: 15px;padding: 10px 16px\">\n<dt class=\"f-productProperties__term\" style=\"line-height: 1.3;font-weight: 400;flex: 0 0 50%\">Indice de r\u00e9parabilit\u00e9<\/dt>\n<dd class=\"f-productProperties__definition\" style=\"line-height: 1.42857;margin-left: 0px;flex: 0 0 50%\">\n<p style=\"margin: 0px !important;background: 0px center !important;color: inherit !important;font: inherit !important;padding: 0px !important;text-align: inherit !important\">8,2\/10<\/p>\n<\/dd>\n<\/dl>\n<dl class=\"f-productProperties__item\" style=\"margin: 0px;align-items: flex-start;flex-direction: row;font-size: 15px;padding: 10px 16px\">\n<dt class=\"f-productProperties__term\" style=\"line-height: 1.3;font-weight: 400;flex: 0 0 50%\">Reconditionn\u00e9<\/dt>\n<dd class=\"f-productProperties__definition\" style=\"line-height: 1.42857;margin-left: 0px;flex: 0 0 50%\">\n<p style=\"margin: 0px !important;background: 0px center !important;color: inherit !important;font: inherit !important;padding: 0px !important;text-align: inherit !important\">Non<\/p>\n<\/dd>\n<\/dl>\n<dl class=\"f-productProperties__item\" style=\"margin: 0px;align-items: flex-start;flex-direction: row;font-size: 15px;padding: 10px 16px\">\n<dt class=\"f-productProperties__term\" style=\"line-height: 1.3;font-weight: 400;flex: 0 0 50%\">Longueur du produit<\/dt>\n<dd class=\"f-productProperties__definition\" style=\"line-height: 1.42857;margin-left: 0px;flex: 0 0 50%\">\n<p style=\"margin: 0px !important;background: 0px center !important;color: inherit !important;font: inherit !important;padding: 0px !important;text-align: inherit !important\">14,6 cm<\/p>\n<\/dd>\n<\/dl>\n<dl class=\"f-productProperties__item\" style=\"margin: 0px;align-items: flex-start;flex-direction: row;font-size: 15px;padding: 10px 16px\">\n<dt class=\"f-productProperties__term\" style=\"line-height: 1.3;font-weight: 400;flex: 0 0 50%\">Largeur du produit<\/dt>\n<dd class=\"f-productProperties__definition\" style=\"line-height: 1.42857;margin-left: 0px;flex: 0 0 50%\">\n<p style=\"margin: 0px !important;background: 0px center !important;color: inherit !important;font: inherit !important;padding: 0px !important;text-align: inherit !important\">0,7 cm<\/p>\n<\/dd>\n<\/dl>\n<dl class=\"f-productProperties__item\" style=\"margin: 0px;align-items: flex-start;flex-direction: row;font-size: 15px;padding: 10px 16px\">\n<dt class=\"f-productProperties__term\" style=\"line-height: 1.3;font-weight: 400;flex: 0 0 50%\">Profondeur<\/dt>\n<dd class=\"f-productProperties__definition\" style=\"line-height: 1.42857;margin-left: 0px;flex: 0 0 50%\">\n<p style=\"margin: 0px !important;background: 0px center !important;color: inherit !important;font: inherit !important;padding: 0px !important;text-align: inherit !important\">7,6 mm<\/p>\n<\/dd>\n<\/dl>\n<dl class=\"f-productProperties__item\" style=\"margin: 0px;align-items: flex-start;flex-direction: row;font-size: 15px;padding: 10px 16px\">\n<dt class=\"f-productProperties__term\" style=\"line-height: 1.3;font-weight: 400;flex: 0 0 50%\">Hauteur du produit<\/dt>\n<dd class=\"f-productProperties__definition\" style=\"line-height: 1.42857;margin-left: 0px;flex: 0 0 50%\">\n<p style=\"margin: 0px !important;background: 0px center !important;color: inherit !important;font: inherit !important;padding: 0px !important;text-align: inherit !important\">7,1 cm<\/p>\n<\/dd>\n<\/dl>\n<dl class=\"f-productProperties__item\" style=\"margin: 0px;align-items: flex-start;flex-direction: row;font-size: 15px;padding: 10px 16px\">\n<dt class=\"f-productProperties__term\" style=\"line-height: 1.3;font-weight: 400;flex: 0 0 50%\">Poids du produit<\/dt>\n<dd class=\"f-productProperties__definition\" style=\"line-height: 1.42857;margin-left: 0px;flex: 0 0 50%\">\n<p style=\"margin: 0px !important;background: 0px center !important;color: inherit !important;font: inherit !important;padding: 0px !important;text-align: inherit !important\">167 g<\/p>\n<\/dd>\n<\/dl>\n<dl class=\"f-productProperties__item\" style=\"margin: 0px;align-items: flex-start;flex-direction: row;font-size: 15px;padding: 10px 16px\">\n<dt class=\"f-productProperties__term\" style=\"line-height: 1.3;font-weight: 400;flex: 0 0 50%\">Origine de fabrication<\/dt>\n<dd class=\"f-productProperties__definition\" style=\"line-height: 1.42857;margin-left: 0px;flex: 0 0 50%\">\n<p style=\"margin: 0px !important;background: 0px center !important;color: inherit !important;font: inherit !important;padding: 0px !important;text-align: inherit !important\">Fabriqu\u00e9 hors Europe<\/p>\n<\/dd>\n<\/dl>\n<dl class=\"f-productProperties__item\" style=\"margin: 0px;align-items: flex-start;flex-direction: row;font-size: 15px;padding: 10px 16px\">\n<dt class=\"f-productProperties__term\" style=\"line-height: 1.3;font-weight: 400;flex: 0 0 50%\">Fonctionnalit\u00e9s IA<\/dt>\n<dd class=\"f-productProperties__definition\" style=\"line-height: 1.42857;margin-left: 0px;flex: 0 0 50%\">\n<p style=\"margin: 0px !important;background: 0px center !important;color: inherit !important;font: inherit !important;padding: 0px !important;text-align: inherit !important\">Oui<\/p>\n<\/dd>\n<\/dl>\n<dl class=\"f-productProperties__item\" style=\"margin: 0px;align-items: flex-start;flex-direction: row;font-size: 15px;padding: 10px 16px\">\n<dt class=\"f-productProperties__term\" style=\"line-height: 1.3;font-weight: 400;flex: 0 0 50%\">Captation d&rsquo;identifiant<\/dt>\n<dd class=\"f-productProperties__definition\" style=\"line-height: 1.42857;margin-left: 0px;flex: 0 0 50%\">\n<p style=\"margin: 0px !important;background: 0px center !important;color: inherit !important;font: inherit !important;padding: 0px !important;text-align: inherit !important\">Captation N\u00b0 de s\u00e9rie SE<\/p>\n<\/dd>\n<\/dl>\n<dl class=\"f-productProperties__item\" style=\"margin: 0px;align-items: flex-start;flex-direction: row;font-size: 15px;padding: 10px 16px\">\n<dt class=\"f-productProperties__term\" style=\"line-height: 1.3;font-weight: 400;flex: 0 0 50%\">SKU<\/dt>\n<dd class=\"f-productProperties__definition\" style=\"line-height: 1.42857;margin-left: 0px;flex: 0 0 50%\">\n<p style=\"margin: 0px !important;background: 0px center !important;color: inherit !important;font: inherit !important;padding: 0px !important;text-align: inherit !important\">9251494<\/p>\n<\/dd>\n<\/dl>\n<dl class=\"f-productProperties__item\" style=\"margin: 0px;align-items: flex-start;flex-direction: row;font-size: 15px;padding: 10px 16px\">\n<dt class=\"f-productProperties__term\" style=\"line-height: 1.3;font-weight: 400;flex: 0 0 50%\">EAN<\/dt>\n<dd class=\"f-productProperties__definition\" style=\"line-height: 1.42857;margin-left: 0px;flex: 0 0 50%\">\n<p style=\"margin: 0px !important;background: 0px center !important;color: inherit !important;font: inherit !important;padding: 0px !important;text-align: inherit !important\">8806094724677<\/p>\n<\/dd>\n<\/dl>\n<dl class=\"f-productProperties__item  f-productProperties__item--long \" style=\"margin: 0px;align-items: flex-start;flex-direction: column;font-size: 15px;padding: 10px 16px\">\n<dt class=\"f-productProperties__term\" style=\"line-height: 1.3;font-weight: 400;flex: 0 0 50%\">Mention L\u00e9gale<\/dt>\n<dd class=\"f-productProperties__definition\" style=\"line-height: 1.42857;margin-left: 0px;flex: 0 0 50%;padding-bottom: 5px\">\n<p style=\"margin: 0px !important;background: 0px center !important;color: inherit !important;font: inherit !important;padding: 0px !important;text-align: inherit !important\">Le d\u00e9bit d&rsquo;absorption sp\u00e9cifique (DAS) local quantifie l&rsquo;exposition de l&rsquo;utilisateur aux ondes \u00e9lectromagn\u00e9tiques de l&rsquo;\u00e9quipement concern\u00e9. Le DAS maximal autoris\u00e9 est de 2 W\/kg pour la t\u00eate et le tronc et de 4 W\/kg pour les membres.<\/p>\n<\/dd>\n<\/dl>\n<\/div>\n<\/div>\n<\/div>\n<div class=\"expander__mask\" style=\"background: currentcolor;bottom: 0px;left: 0px;min-height: 30px;position: absolute;text-align: center;width: 1229px;z-index: 10\"><button type=\"button\" class=\"expander__button nostyle\" data-automation-id=\"expand-characteristics-content-button\" title=\"Voir plus\" aria-label=\"Voir plus\" style=\"font: inherit;margin: 0px auto;text-transform: none;cursor: pointer;width: 1229px;background-color: transparent;border-color: transparent;align-items: center;height: 30px;justify-content: center;position: relative\"><\/button><\/div>\n<\/div>\n<\/div>\n<\/div>\n<\/div>\n<\/div>\n<\/section>\n","protected":false},"excerpt":{"rendered":"<p><br data-mce-bogus=\"1\"><\/p>\n","protected":false},"featured_media":21412,"template":"","meta":{"_coblocks_attr":"","_coblocks_dimensions":"","_coblocks_responsive_height":"","_coblocks_accordion_ie_support":""},"pwb-brand":[345],"product_brand":[],"product_cat":[355],"product_tag":[],"class_list":{"0":"post-21413","1":"product","2":"type-product","3":"status-publish","4":"has-post-thumbnail","6":"pwb-brand-sumsung","7":"product_cat-telephone-et-accessoires","10":"first","11":"instock","12":"taxable","13":"shipping-taxable","14":"purchasable","15":"product-type-simple"},"yoast_head":"<!-- This site is optimized with the Yoast SEO plugin v27.4 - https:\/\/yoast.com\/product\/yoast-seo-wordpress\/ -->\n<title>T\u00e9lephone Samsung S23 8\/128 - I-CONFORT<\/title>\n<meta name=\"robots\" content=\"index, follow, max-snippet:-1, max-image-preview:large, max-video-preview:-1\" \/>\n<link rel=\"canonical\" href=\"https:\/\/i-confort.com\/?product=telephone-samsung-s23-8-128\" \/>\n<meta property=\"og:locale\" content=\"fr_FR\" \/>\n<meta property=\"og:type\" content=\"article\" \/>\n<meta property=\"og:title\" content=\"T\u00e9lephone Samsung S23 8\/128 - I-CONFORT\" \/>\n<meta property=\"og:url\" content=\"https:\/\/i-confort.com\/?product=telephone-samsung-s23-8-128\" \/>\n<meta property=\"og:site_name\" content=\"I-CONFORT\" \/>\n<meta property=\"article:modified_time\" content=\"2024-11-13T07:44:41+00:00\" \/>\n<meta property=\"og:image\" content=\"https:\/\/i-confort.com\/wp-content\/uploads\/2024\/11\/S23-FE-Product-Group-KV_mo.webp\" \/>\n\t<meta property=\"og:image:width\" content=\"720\" \/>\n\t<meta property=\"og:image:height\" content=\"720\" \/>\n\t<meta property=\"og:image:type\" content=\"image\/webp\" \/>\n<meta name=\"twitter:card\" content=\"summary_large_image\" \/>\n<meta name=\"twitter:label1\" content=\"Dur\u00e9e de lecture estim\u00e9e\" \/>\n\t<meta name=\"twitter:data1\" content=\"1 minute\" \/>\n<script type=\"application\/ld+json\" class=\"yoast-schema-graph\">{\"@context\":\"https:\\\/\\\/schema.org\",\"@graph\":[{\"@type\":\"WebPage\",\"@id\":\"https:\\\/\\\/i-confort.com\\\/?product=telephone-samsung-s23-8-128\",\"url\":\"https:\\\/\\\/i-confort.com\\\/?product=telephone-samsung-s23-8-128\",\"name\":\"T\u00e9lephone Samsung S23 8\\\/128 - I-CONFORT\",\"isPartOf\":{\"@id\":\"https:\\\/\\\/i-confort.com\\\/#website\"},\"primaryImageOfPage\":{\"@id\":\"https:\\\/\\\/i-confort.com\\\/?product=telephone-samsung-s23-8-128#primaryimage\"},\"image\":{\"@id\":\"https:\\\/\\\/i-confort.com\\\/?product=telephone-samsung-s23-8-128#primaryimage\"},\"thumbnailUrl\":\"https:\\\/\\\/i-confort.com\\\/wp-content\\\/uploads\\\/2024\\\/11\\\/S23-FE-Product-Group-KV_mo.webp\",\"datePublished\":\"2024-11-13T07:44:40+00:00\",\"dateModified\":\"2024-11-13T07:44:41+00:00\",\"breadcrumb\":{\"@id\":\"https:\\\/\\\/i-confort.com\\\/?product=telephone-samsung-s23-8-128#breadcrumb\"},\"inLanguage\":\"fr-FR\",\"potentialAction\":[{\"@type\":\"ReadAction\",\"target\":[\"https:\\\/\\\/i-confort.com\\\/?product=telephone-samsung-s23-8-128\"]}]},{\"@type\":\"ImageObject\",\"inLanguage\":\"fr-FR\",\"@id\":\"https:\\\/\\\/i-confort.com\\\/?product=telephone-samsung-s23-8-128#primaryimage\",\"url\":\"https:\\\/\\\/i-confort.com\\\/wp-content\\\/uploads\\\/2024\\\/11\\\/S23-FE-Product-Group-KV_mo.webp\",\"contentUrl\":\"https:\\\/\\\/i-confort.com\\\/wp-content\\\/uploads\\\/2024\\\/11\\\/S23-FE-Product-Group-KV_mo.webp\",\"width\":720,\"height\":720},{\"@type\":\"BreadcrumbList\",\"@id\":\"https:\\\/\\\/i-confort.com\\\/?product=telephone-samsung-s23-8-128#breadcrumb\",\"itemListElement\":[{\"@type\":\"ListItem\",\"position\":1,\"name\":\"Home\",\"item\":\"https:\\\/\\\/i-confort.com\\\/\"},{\"@type\":\"ListItem\",\"position\":2,\"name\":\"Boutique\",\"item\":\"https:\\\/\\\/i-confort.com\\\/?page_id=7\"},{\"@type\":\"ListItem\",\"position\":3,\"name\":\"T\u00e9lephone Samsung S23 8\\\/128\"}]},{\"@type\":\"WebSite\",\"@id\":\"https:\\\/\\\/i-confort.com\\\/#website\",\"url\":\"https:\\\/\\\/i-confort.com\\\/\",\"name\":\"I-CONFORT\",\"description\":\"Site de vente en ligne\",\"potentialAction\":[{\"@type\":\"SearchAction\",\"target\":{\"@type\":\"EntryPoint\",\"urlTemplate\":\"https:\\\/\\\/i-confort.com\\\/?s={search_term_string}\"},\"query-input\":{\"@type\":\"PropertyValueSpecification\",\"valueRequired\":true,\"valueName\":\"search_term_string\"}}],\"inLanguage\":\"fr-FR\"}]}<\/script>\n<!-- \/ Yoast SEO plugin. -->","yoast_head_json":{"title":"T\u00e9lephone Samsung S23 8\/128 - I-CONFORT","robots":{"index":"index","follow":"follow","max-snippet":"max-snippet:-1","max-image-preview":"max-image-preview:large","max-video-preview":"max-video-preview:-1"},"canonical":"https:\/\/i-confort.com\/?product=telephone-samsung-s23-8-128","og_locale":"fr_FR","og_type":"article","og_title":"T\u00e9lephone Samsung S23 8\/128 - I-CONFORT","og_url":"https:\/\/i-confort.com\/?product=telephone-samsung-s23-8-128","og_site_name":"I-CONFORT","article_modified_time":"2024-11-13T07:44:41+00:00","og_image":[{"width":720,"height":720,"url":"https:\/\/i-confort.com\/wp-content\/uploads\/2024\/11\/S23-FE-Product-Group-KV_mo.webp","type":"image\/webp"}],"twitter_card":"summary_large_image","twitter_misc":{"Dur\u00e9e de lecture estim\u00e9e":"1 minute"},"schema":{"@context":"https:\/\/schema.org","@graph":[{"@type":"WebPage","@id":"https:\/\/i-confort.com\/?product=telephone-samsung-s23-8-128","url":"https:\/\/i-confort.com\/?product=telephone-samsung-s23-8-128","name":"T\u00e9lephone Samsung S23 8\/128 - I-CONFORT","isPartOf":{"@id":"https:\/\/i-confort.com\/#website"},"primaryImageOfPage":{"@id":"https:\/\/i-confort.com\/?product=telephone-samsung-s23-8-128#primaryimage"},"image":{"@id":"https:\/\/i-confort.com\/?product=telephone-samsung-s23-8-128#primaryimage"},"thumbnailUrl":"https:\/\/i-confort.com\/wp-content\/uploads\/2024\/11\/S23-FE-Product-Group-KV_mo.webp","datePublished":"2024-11-13T07:44:40+00:00","dateModified":"2024-11-13T07:44:41+00:00","breadcrumb":{"@id":"https:\/\/i-confort.com\/?product=telephone-samsung-s23-8-128#breadcrumb"},"inLanguage":"fr-FR","potentialAction":[{"@type":"ReadAction","target":["https:\/\/i-confort.com\/?product=telephone-samsung-s23-8-128"]}]},{"@type":"ImageObject","inLanguage":"fr-FR","@id":"https:\/\/i-confort.com\/?product=telephone-samsung-s23-8-128#primaryimage","url":"https:\/\/i-confort.com\/wp-content\/uploads\/2024\/11\/S23-FE-Product-Group-KV_mo.webp","contentUrl":"https:\/\/i-confort.com\/wp-content\/uploads\/2024\/11\/S23-FE-Product-Group-KV_mo.webp","width":720,"height":720},{"@type":"BreadcrumbList","@id":"https:\/\/i-confort.com\/?product=telephone-samsung-s23-8-128#breadcrumb","itemListElement":[{"@type":"ListItem","position":1,"name":"Home","item":"https:\/\/i-confort.com\/"},{"@type":"ListItem","position":2,"name":"Boutique","item":"https:\/\/i-confort.com\/?page_id=7"},{"@type":"ListItem","position":3,"name":"T\u00e9lephone Samsung S23 8\/128"}]},{"@type":"WebSite","@id":"https:\/\/i-confort.com\/#website","url":"https:\/\/i-confort.com\/","name":"I-CONFORT","description":"Site de vente en ligne","potentialAction":[{"@type":"SearchAction","target":{"@type":"EntryPoint","urlTemplate":"https:\/\/i-confort.com\/?s={search_term_string}"},"query-input":{"@type":"PropertyValueSpecification","valueRequired":true,"valueName":"search_term_string"}}],"inLanguage":"fr-FR"}]}},"brands":[{"id":345,"name":"Samsung","slug":"sumsung"}],"_links":{"self":[{"href":"https:\/\/i-confort.com\/index.php?rest_route=\/wp\/v2\/product\/21413","targetHints":{"allow":["GET"]}}],"collection":[{"href":"https:\/\/i-confort.com\/index.php?rest_route=\/wp\/v2\/product"}],"about":[{"href":"https:\/\/i-confort.com\/index.php?rest_route=\/wp\/v2\/types\/product"}],"wp:featuredmedia":[{"embeddable":true,"href":"https:\/\/i-confort.com\/index.php?rest_route=\/wp\/v2\/media\/21412"}],"wp:attachment":[{"href":"https:\/\/i-confort.com\/index.php?rest_route=%2Fwp%2Fv2%2Fmedia&parent=21413"}],"wp:term":[{"taxonomy":"pwb-brand","embeddable":true,"href":"https:\/\/i-confort.com\/index.php?rest_route=%2Fwp%2Fv2%2Fpwb-brand&post=21413"},{"taxonomy":"product_brand","embeddable":true,"href":"https:\/\/i-confort.com\/index.php?rest_route=%2Fwp%2Fv2%2Fproduct_brand&post=21413"},{"taxonomy":"product_cat","embeddable":true,"href":"https:\/\/i-confort.com\/index.php?rest_route=%2Fwp%2Fv2%2Fproduct_cat&post=21413"},{"taxonomy":"product_tag","embeddable":true,"href":"https:\/\/i-confort.com\/index.php?rest_route=%2Fwp%2Fv2%2Fproduct_tag&post=21413"}],"curies":[{"name":"wp","href":"https:\/\/api.w.org\/{rel}","templated":true}]}}