{"id":21536,"date":"2024-11-20T13:30:36","date_gmt":"2024-11-20T13:30:36","guid":{"rendered":"https:\/\/i-confort.com\/?product=congelateur-vertical-a-tiroire-hisense-ft3n390naie"},"modified":"2025-04-17T09:34:02","modified_gmt":"2025-04-17T09:34:02","slug":"congelateur-vertical-a-tiroire-hisense-ft3n390naie","status":"publish","type":"product","link":"https:\/\/i-confort.com\/?product=congelateur-vertical-a-tiroire-hisense-ft3n390naie","title":{"rendered":"HISENSE CONGELATEUR MONO PORTE \/INOX \/AFFICHEUR FT3N390NAIE"},"content":{"rendered":"<p><\/p>\n<p>Cong\u00e9lateur Vertical HISENSE Convertible 385L<br \/>FT3N390NAIE<br \/>D\u00e9couvrez le Cong\u00e9lateur vertical convertible HISENSE , parfait pour r\u00e9pondre \u00e0 vos besoins de stockage alimentaire. Avec sa capacit\u00e9 g\u00e9n\u00e9reuse de 385 litres, notre cong\u00e9lateur vous offre un espace spacieux pour conserver vos aliments surgel\u00e9s en toute tranquillit\u00e9. HISENSE est la seule marque \u00e0 proposer une telle capacit\u00e9, avec l\u2019option de convertibilit\u00e9 , ce qui en fait la plus grande sur le march\u00e9 alg\u00e9rien.<\/p>\n<p>Type de cong\u00e9lateur<br \/>Vertical<\/p>\n<p>Technologies<br \/>No-Frost<br \/>Multi air-flux<\/p>\n<p>Couleur<br \/>Inox<\/p>\n<p>Capacit\u00e9 nette totale (L)<br \/>385<\/p>\n<p>Nombre des tiroirs<br \/>3<\/p>\n<p>Classification \u00e9nerg\u00e9tique<br \/>A+<\/p>\n<p>Classe climatique<br \/>N~T<\/p>\n<p>Afficheur<br \/>Oui<\/p>\n<p>Compresseur<br \/>Inverter<\/p>\n<p>Options<br \/>Mode super-cong\u00e9lation<\/p>\n<p>Mode \u00e9conomique (Eco)<\/p>\n<p>Signal d&rsquo;alarme\/Dysfonctionnement<\/p>\n<p>Inducation de postion ouverte de la porte (bip sonore)<\/p>\n<p>Verrouillage afficheur(enfants)<\/p>\n<p>Autonomie (h)<br \/>16<\/p>\n<p>Pouvoir de cong\u00e9lation (Kg\/Jour)<br \/>18<\/p>\n<p>Niveau sonore en dB<br \/>41<\/p>\n<p>Syst\u00e8me d&rsquo;\u00e9vacuation<br \/>Auto<\/p>\n<p>Syst\u00e8me de r\u00e9gulation<br \/>El\u00e9ctronique<\/p>\n<p>Eclairage<br \/>LED Lampe 5 W<\/p>\n<p>Dimensions du produit HxLxP (mm)<br \/>1720*750*700<\/p>\n<p>Poids du produit (Kg)<br \/>70<\/p>\n<p><\/p>\n","protected":false},"excerpt":{"rendered":"<div class=\"product-meta m-0\" style=\"margin-bottom: 1.8rem;font-size: 1.2rem;font-family: Poppins, sans-serif;margin-top: 0px !important;margin-right: 0px !important;margin-left: 0px !important\">Ref:\u00a0<span class=\"product-sku\" style=\"margin: 0px 1.9rem 0px 3px\">FT3N390NAIE<\/span><\/div>\n<div class=\"product-meta m-0\" style=\"margin-bottom: 1.8rem;font-size: 1.2rem;font-family: Poppins, sans-serif;margin-top: 0px !important;margin-right: 0px !important;margin-left: 0px !important\">BRAND:\u00a0<span class=\"product-brand\" style=\"margin: 0px 1.9rem 0px 3px\">Hisense<\/span><\/div>\n<div class=\"product-meta\" style=\"margin-bottom: 1.8rem;font-size: 1.2rem;font-family: Poppins, sans-serif\">Categorie:\u00a0<span class=\"product-brand\" style=\"margin: 0px 1.9rem 0px 3px\">Congelateur<\/span><\/div>\n","protected":false},"featured_media":23438,"template":"","meta":{"_coblocks_attr":"","_coblocks_dimensions":"","_coblocks_responsive_height":"","_coblocks_accordion_ie_support":""},"pwb-brand":[402],"product_brand":[],"product_cat":[97],"product_tag":[],"class_list":{"0":"post-21536","1":"product","2":"type-product","3":"status-publish","4":"has-post-thumbnail","6":"pwb-brand-hisense","7":"product_cat-electromenagers","10":"first","11":"instock","12":"taxable","13":"shipping-taxable","14":"purchasable","15":"product-type-simple"},"yoast_head":"<!-- This site is optimized with the Yoast SEO plugin v27.4 - https:\/\/yoast.com\/product\/yoast-seo-wordpress\/ -->\n<title>HISENSE CONGELATEUR MONO PORTE \/INOX \/AFFICHEUR FT3N390NAIE - I-CONFORT<\/title>\n<meta name=\"robots\" content=\"index, follow, max-snippet:-1, max-image-preview:large, max-video-preview:-1\" \/>\n<link rel=\"canonical\" href=\"https:\/\/i-confort.com\/?product=congelateur-vertical-a-tiroire-hisense-ft3n390naie\" \/>\n<meta property=\"og:locale\" content=\"fr_FR\" \/>\n<meta property=\"og:type\" content=\"article\" \/>\n<meta property=\"og:title\" content=\"HISENSE CONGELATEUR MONO PORTE \/INOX \/AFFICHEUR FT3N390NAIE - I-CONFORT\" \/>\n<meta property=\"og:description\" content=\"Ref:\u00a0FT3N390NAIEBRAND:\u00a0HisenseCategorie:\u00a0Congelateur\" \/>\n<meta property=\"og:url\" content=\"https:\/\/i-confort.com\/?product=congelateur-vertical-a-tiroire-hisense-ft3n390naie\" \/>\n<meta property=\"og:site_name\" content=\"I-CONFORT\" \/>\n<meta property=\"article:modified_time\" content=\"2025-04-17T09:34:02+00:00\" \/>\n<meta property=\"og:image\" content=\"https:\/\/i-confort.com\/wp-content\/uploads\/2025\/04\/telechargement_7_O14ZYqq.jpg\" \/>\n\t<meta property=\"og:image:width\" content=\"225\" \/>\n\t<meta property=\"og:image:height\" content=\"225\" \/>\n\t<meta property=\"og:image:type\" content=\"image\/jpeg\" \/>\n<meta name=\"twitter:card\" content=\"summary_large_image\" \/>\n<meta name=\"twitter:label1\" content=\"Dur\u00e9e de lecture estim\u00e9e\" \/>\n\t<meta name=\"twitter:data1\" content=\"1 minute\" \/>\n<script type=\"application\/ld+json\" class=\"yoast-schema-graph\">{\"@context\":\"https:\\\/\\\/schema.org\",\"@graph\":[{\"@type\":\"WebPage\",\"@id\":\"https:\\\/\\\/i-confort.com\\\/?product=congelateur-vertical-a-tiroire-hisense-ft3n390naie\",\"url\":\"https:\\\/\\\/i-confort.com\\\/?product=congelateur-vertical-a-tiroire-hisense-ft3n390naie\",\"name\":\"HISENSE CONGELATEUR MONO PORTE \\\/INOX \\\/AFFICHEUR FT3N390NAIE - I-CONFORT\",\"isPartOf\":{\"@id\":\"https:\\\/\\\/i-confort.com\\\/#website\"},\"primaryImageOfPage\":{\"@id\":\"https:\\\/\\\/i-confort.com\\\/?product=congelateur-vertical-a-tiroire-hisense-ft3n390naie#primaryimage\"},\"image\":{\"@id\":\"https:\\\/\\\/i-confort.com\\\/?product=congelateur-vertical-a-tiroire-hisense-ft3n390naie#primaryimage\"},\"thumbnailUrl\":\"https:\\\/\\\/i-confort.com\\\/wp-content\\\/uploads\\\/2025\\\/04\\\/telechargement_7_O14ZYqq.jpg\",\"datePublished\":\"2024-11-20T13:30:36+00:00\",\"dateModified\":\"2025-04-17T09:34:02+00:00\",\"breadcrumb\":{\"@id\":\"https:\\\/\\\/i-confort.com\\\/?product=congelateur-vertical-a-tiroire-hisense-ft3n390naie#breadcrumb\"},\"inLanguage\":\"fr-FR\",\"potentialAction\":[{\"@type\":\"ReadAction\",\"target\":[\"https:\\\/\\\/i-confort.com\\\/?product=congelateur-vertical-a-tiroire-hisense-ft3n390naie\"]}]},{\"@type\":\"ImageObject\",\"inLanguage\":\"fr-FR\",\"@id\":\"https:\\\/\\\/i-confort.com\\\/?product=congelateur-vertical-a-tiroire-hisense-ft3n390naie#primaryimage\",\"url\":\"https:\\\/\\\/i-confort.com\\\/wp-content\\\/uploads\\\/2025\\\/04\\\/telechargement_7_O14ZYqq.jpg\",\"contentUrl\":\"https:\\\/\\\/i-confort.com\\\/wp-content\\\/uploads\\\/2025\\\/04\\\/telechargement_7_O14ZYqq.jpg\",\"width\":225,\"height\":225},{\"@type\":\"BreadcrumbList\",\"@id\":\"https:\\\/\\\/i-confort.com\\\/?product=congelateur-vertical-a-tiroire-hisense-ft3n390naie#breadcrumb\",\"itemListElement\":[{\"@type\":\"ListItem\",\"position\":1,\"name\":\"Home\",\"item\":\"https:\\\/\\\/i-confort.com\\\/\"},{\"@type\":\"ListItem\",\"position\":2,\"name\":\"Boutique\",\"item\":\"https:\\\/\\\/i-confort.com\\\/?page_id=7\"},{\"@type\":\"ListItem\",\"position\":3,\"name\":\"HISENSE CONGELATEUR MONO PORTE \\\/INOX \\\/AFFICHEUR FT3N390NAIE\"}]},{\"@type\":\"WebSite\",\"@id\":\"https:\\\/\\\/i-confort.com\\\/#website\",\"url\":\"https:\\\/\\\/i-confort.com\\\/\",\"name\":\"I-CONFORT\",\"description\":\"Site de vente en ligne\",\"potentialAction\":[{\"@type\":\"SearchAction\",\"target\":{\"@type\":\"EntryPoint\",\"urlTemplate\":\"https:\\\/\\\/i-confort.com\\\/?s={search_term_string}\"},\"query-input\":{\"@type\":\"PropertyValueSpecification\",\"valueRequired\":true,\"valueName\":\"search_term_string\"}}],\"inLanguage\":\"fr-FR\"}]}<\/script>\n<!-- \/ Yoast SEO plugin. -->","yoast_head_json":{"title":"HISENSE CONGELATEUR MONO PORTE \/INOX \/AFFICHEUR FT3N390NAIE - I-CONFORT","robots":{"index":"index","follow":"follow","max-snippet":"max-snippet:-1","max-image-preview":"max-image-preview:large","max-video-preview":"max-video-preview:-1"},"canonical":"https:\/\/i-confort.com\/?product=congelateur-vertical-a-tiroire-hisense-ft3n390naie","og_locale":"fr_FR","og_type":"article","og_title":"HISENSE CONGELATEUR MONO PORTE \/INOX \/AFFICHEUR FT3N390NAIE - I-CONFORT","og_description":"Ref:\u00a0FT3N390NAIEBRAND:\u00a0HisenseCategorie:\u00a0Congelateur","og_url":"https:\/\/i-confort.com\/?product=congelateur-vertical-a-tiroire-hisense-ft3n390naie","og_site_name":"I-CONFORT","article_modified_time":"2025-04-17T09:34:02+00:00","og_image":[{"width":225,"height":225,"url":"https:\/\/i-confort.com\/wp-content\/uploads\/2025\/04\/telechargement_7_O14ZYqq.jpg","type":"image\/jpeg"}],"twitter_card":"summary_large_image","twitter_misc":{"Dur\u00e9e de lecture estim\u00e9e":"1 minute"},"schema":{"@context":"https:\/\/schema.org","@graph":[{"@type":"WebPage","@id":"https:\/\/i-confort.com\/?product=congelateur-vertical-a-tiroire-hisense-ft3n390naie","url":"https:\/\/i-confort.com\/?product=congelateur-vertical-a-tiroire-hisense-ft3n390naie","name":"HISENSE CONGELATEUR MONO PORTE \/INOX \/AFFICHEUR FT3N390NAIE - I-CONFORT","isPartOf":{"@id":"https:\/\/i-confort.com\/#website"},"primaryImageOfPage":{"@id":"https:\/\/i-confort.com\/?product=congelateur-vertical-a-tiroire-hisense-ft3n390naie#primaryimage"},"image":{"@id":"https:\/\/i-confort.com\/?product=congelateur-vertical-a-tiroire-hisense-ft3n390naie#primaryimage"},"thumbnailUrl":"https:\/\/i-confort.com\/wp-content\/uploads\/2025\/04\/telechargement_7_O14ZYqq.jpg","datePublished":"2024-11-20T13:30:36+00:00","dateModified":"2025-04-17T09:34:02+00:00","breadcrumb":{"@id":"https:\/\/i-confort.com\/?product=congelateur-vertical-a-tiroire-hisense-ft3n390naie#breadcrumb"},"inLanguage":"fr-FR","potentialAction":[{"@type":"ReadAction","target":["https:\/\/i-confort.com\/?product=congelateur-vertical-a-tiroire-hisense-ft3n390naie"]}]},{"@type":"ImageObject","inLanguage":"fr-FR","@id":"https:\/\/i-confort.com\/?product=congelateur-vertical-a-tiroire-hisense-ft3n390naie#primaryimage","url":"https:\/\/i-confort.com\/wp-content\/uploads\/2025\/04\/telechargement_7_O14ZYqq.jpg","contentUrl":"https:\/\/i-confort.com\/wp-content\/uploads\/2025\/04\/telechargement_7_O14ZYqq.jpg","width":225,"height":225},{"@type":"BreadcrumbList","@id":"https:\/\/i-confort.com\/?product=congelateur-vertical-a-tiroire-hisense-ft3n390naie#breadcrumb","itemListElement":[{"@type":"ListItem","position":1,"name":"Home","item":"https:\/\/i-confort.com\/"},{"@type":"ListItem","position":2,"name":"Boutique","item":"https:\/\/i-confort.com\/?page_id=7"},{"@type":"ListItem","position":3,"name":"HISENSE CONGELATEUR MONO PORTE \/INOX \/AFFICHEUR FT3N390NAIE"}]},{"@type":"WebSite","@id":"https:\/\/i-confort.com\/#website","url":"https:\/\/i-confort.com\/","name":"I-CONFORT","description":"Site de vente en ligne","potentialAction":[{"@type":"SearchAction","target":{"@type":"EntryPoint","urlTemplate":"https:\/\/i-confort.com\/?s={search_term_string}"},"query-input":{"@type":"PropertyValueSpecification","valueRequired":true,"valueName":"search_term_string"}}],"inLanguage":"fr-FR"}]}},"brands":[{"id":402,"name":"HISENSE","slug":"hisense"}],"_links":{"self":[{"href":"https:\/\/i-confort.com\/index.php?rest_route=\/wp\/v2\/product\/21536","targetHints":{"allow":["GET"]}}],"collection":[{"href":"https:\/\/i-confort.com\/index.php?rest_route=\/wp\/v2\/product"}],"about":[{"href":"https:\/\/i-confort.com\/index.php?rest_route=\/wp\/v2\/types\/product"}],"wp:featuredmedia":[{"embeddable":true,"href":"https:\/\/i-confort.com\/index.php?rest_route=\/wp\/v2\/media\/23438"}],"wp:attachment":[{"href":"https:\/\/i-confort.com\/index.php?rest_route=%2Fwp%2Fv2%2Fmedia&parent=21536"}],"wp:term":[{"taxonomy":"pwb-brand","embeddable":true,"href":"https:\/\/i-confort.com\/index.php?rest_route=%2Fwp%2Fv2%2Fpwb-brand&post=21536"},{"taxonomy":"product_brand","embeddable":true,"href":"https:\/\/i-confort.com\/index.php?rest_route=%2Fwp%2Fv2%2Fproduct_brand&post=21536"},{"taxonomy":"product_cat","embeddable":true,"href":"https:\/\/i-confort.com\/index.php?rest_route=%2Fwp%2Fv2%2Fproduct_cat&post=21536"},{"taxonomy":"product_tag","embeddable":true,"href":"https:\/\/i-confort.com\/index.php?rest_route=%2Fwp%2Fv2%2Fproduct_tag&post=21536"}],"curies":[{"name":"wp","href":"https:\/\/api.w.org\/{rel}","templated":true}]}}