{"id":21607,"date":"2024-11-25T13:45:54","date_gmt":"2024-11-25T13:45:54","guid":{"rendered":"https:\/\/i-confort.com\/?product=refrigerateur-hisense-sbs650-dis-eau-afficheur-rc67ws"},"modified":"2025-04-19T07:10:01","modified_gmt":"2025-04-19T07:10:01","slug":"refrigerateur-hisense-sbs650-dis-eau-afficheur-rc67ws","status":"publish","type":"product","link":"https:\/\/i-confort.com\/?product=refrigerateur-hisense-sbs650-dis-eau-afficheur-rc67ws","title":{"rendered":"HISENSE REFRIGERATEUR SBS DIST_EAU+AFFICHEUR+ RC-67 WS"},"content":{"rendered":"<table class=\"woocommerce-product-attributes shop_attributes\" aria-label=\"D\u00e9tails du produit\">\n<tbody>\n<tr class=\"woocommerce-product-attributes-item woocommerce-product-attributes-item--attribute_pa_type-refrigerateur\">\n<th class=\"woocommerce-product-attributes-item__label\" scope=\"row\" style=\"padding: 5px 20px;font-weight: 500;text-align: left;border-top: none;border-left: none;width: 150px;margin: 0px;line-height: 1.5\">Type Refrigerateur<\/th>\n<td class=\"woocommerce-product-attributes-item__value\" style=\"padding: 5px 20px;border-top: none;border-right: none;border-left: none;margin: 0px;line-height: 1.5;background-color: transparent\">\n<p style=\"margin: 0px;padding: 8px 0px\">Side by side<\/p>\n<\/td>\n<\/tr>\n<tr class=\"woocommerce-product-attributes-item woocommerce-product-attributes-item--attribute_syst%c3%a8me-de-refroidissement\">\n<th class=\"woocommerce-product-attributes-item__label\" scope=\"row\" style=\"padding: 5px 20px;font-weight: 500;text-align: left;border-top: none;border-left: none;width: 150px;margin: 0px;line-height: 1.5\">Syst\u00e8me de Refroidissement<\/th>\n<td class=\"woocommerce-product-attributes-item__value\" style=\"padding: 5px 20px;border-top: none;border-right: none;border-left: none;margin: 0px;line-height: 1.5;background: transparent\">\n<p style=\"margin: 0px;padding: 8px 0px\">No-Frost<\/p>\n<\/td>\n<\/tr>\n<tr class=\"woocommerce-product-attributes-item woocommerce-product-attributes-item--attribute_type-dinstallation\">\n<th class=\"woocommerce-product-attributes-item__label\" scope=\"row\" style=\"padding: 5px 20px;font-weight: 500;text-align: left;border-top: none;border-left: none;width: 150px;margin: 0px;line-height: 1.5\">Type d&rsquo;installation<\/th>\n<td class=\"woocommerce-product-attributes-item__value\" style=\"padding: 5px 20px;border-top: none;border-right: none;border-left: none;margin: 0px;line-height: 1.5;background-color: transparent\">\n<p style=\"margin: 0px;padding: 8px 0px\">Pose Libre<\/p>\n<\/td>\n<\/tr>\n<tr class=\"woocommerce-product-attributes-item woocommerce-product-attributes-item--attribute_couleur\">\n<th class=\"woocommerce-product-attributes-item__label\" scope=\"row\" style=\"padding: 5px 20px;font-weight: 500;text-align: left;border-top: none;border-left: none;width: 150px;margin: 0px;line-height: 1.5\">Couleur<\/th>\n<td class=\"woocommerce-product-attributes-item__value\" style=\"padding: 5px 20px;border-top: none;border-right: none;border-left: none;margin: 0px;line-height: 1.5;background: transparent\">\n<p style=\"margin: 0px;padding: 8px 0px\"><\/p>\n<\/td>\n<\/tr>\n<tr class=\"woocommerce-product-attributes-item woocommerce-product-attributes-item--attribute_capacit%c3%a9-nette-totale-l\">\n<th class=\"woocommerce-product-attributes-item__label\" scope=\"row\" style=\"padding: 5px 20px;font-weight: 500;text-align: left;border-top: none;border-left: none;width: 150px;margin: 0px;line-height: 1.5\">Capacit\u00e9 nette totale (L)<\/th>\n<td class=\"woocommerce-product-attributes-item__value\" style=\"padding: 5px 20px;border-top: none;border-right: none;border-left: none;margin: 0px;line-height: 1.5;background-color: transparent\">\n<p style=\"margin: 0px;padding: 8px 0px\">508<\/p>\n<\/td>\n<\/tr>\n<tr class=\"woocommerce-product-attributes-item woocommerce-product-attributes-item--attribute_capacit%c3%a9-nette-r%c3%a9frig%c3%a9rateur-l\">\n<th class=\"woocommerce-product-attributes-item__label\" scope=\"row\" style=\"padding: 5px 20px;font-weight: 500;text-align: left;border-top: none;border-left: none;width: 150px;margin: 0px;line-height: 1.5\">Capacit\u00e9 nette r\u00e9frig\u00e9rateur (L)<\/th>\n<td class=\"woocommerce-product-attributes-item__value\" style=\"padding: 5px 20px;border-top: none;border-right: none;border-left: none;margin: 0px;line-height: 1.5;background: transparent\">\n<p style=\"margin: 0px;padding: 8px 0px\">334<\/p>\n<\/td>\n<\/tr>\n<tr class=\"woocommerce-product-attributes-item woocommerce-product-attributes-item--attribute_capacit%c3%a9-nette-cong%c3%a9lateur-l\">\n<th class=\"woocommerce-product-attributes-item__label\" scope=\"row\" style=\"padding: 5px 20px;font-weight: 500;text-align: left;border-top: none;border-left: none;width: 150px;margin: 0px;line-height: 1.5\">Capacit\u00e9 nette cong\u00e9lateur (L)<\/th>\n<td class=\"woocommerce-product-attributes-item__value\" style=\"padding: 5px 20px;border-top: none;border-right: none;border-left: none;margin: 0px;line-height: 1.5;background-color: transparent\">\n<p style=\"margin: 0px;padding: 8px 0px\">174<\/p>\n<\/td>\n<\/tr>\n<tr class=\"woocommerce-product-attributes-item woocommerce-product-attributes-item--attribute_classification-%c3%a9nerg%c3%a9tique\">\n<th class=\"woocommerce-product-attributes-item__label\" scope=\"row\" style=\"padding: 5px 20px;font-weight: 500;text-align: left;border-top: none;border-left: none;width: 150px;margin: 0px;line-height: 1.5\">Classification \u00e9nerg\u00e9tique<\/th>\n<td class=\"woocommerce-product-attributes-item__value\" style=\"padding: 5px 20px;border-top: none;border-right: none;border-left: none;margin: 0px;line-height: 1.5;background: transparent\">\n<p style=\"margin: 0px;padding: 8px 0px\">A+<\/p>\n<\/td>\n<\/tr>\n<tr class=\"woocommerce-product-attributes-item woocommerce-product-attributes-item--attribute_classe-climatique\">\n<th class=\"woocommerce-product-attributes-item__label\" scope=\"row\" style=\"padding: 5px 20px;font-weight: 500;text-align: left;border-top: none;border-left: none;width: 150px;margin: 0px;line-height: 1.5\">Classe climatique<\/th>\n<td class=\"woocommerce-product-attributes-item__value\" style=\"padding: 5px 20px;border-top: none;border-right: none;border-left: none;margin: 0px;line-height: 1.5;background-color: transparent\">\n<p style=\"margin: 0px;padding: 8px 0px\">N, ST, T<\/p>\n<\/td>\n<\/tr>\n<tr class=\"woocommerce-product-attributes-item woocommerce-product-attributes-item--attribute_afficheur\">\n<th class=\"woocommerce-product-attributes-item__label\" scope=\"row\" style=\"padding: 5px 20px;font-weight: 500;text-align: left;border-top: none;border-left: none;width: 150px;margin: 0px;line-height: 1.5\">Afficheur<\/th>\n<td class=\"woocommerce-product-attributes-item__value\" style=\"padding: 5px 20px;border-top: none;border-right: none;border-left: none;margin: 0px;line-height: 1.5;background: transparent\">\n<p style=\"margin: 0px;padding: 8px 0px\">Oui<\/p>\n<\/td>\n<\/tr>\n<tr class=\"woocommerce-product-attributes-item woocommerce-product-attributes-item--attribute_compresseur\">\n<th class=\"woocommerce-product-attributes-item__label\" scope=\"row\" style=\"padding: 5px 20px;font-weight: 500;text-align: left;border-top: none;border-left: none;width: 150px;margin: 0px;line-height: 1.5\">Compresseur<\/th>\n<td class=\"woocommerce-product-attributes-item__value\" style=\"padding: 5px 20px;border-top: none;border-right: none;border-left: none;margin: 0px;line-height: 1.5;background-color: transparent\">\n<p style=\"margin: 0px;padding: 8px 0px\">Inverter<\/p>\n<\/td>\n<\/tr>\n<tr class=\"woocommerce-product-attributes-item woocommerce-product-attributes-item--attribute_pouvoir-de-cong%c3%a9lation-kgjour\">\n<th class=\"woocommerce-product-attributes-item__label\" scope=\"row\" style=\"padding: 5px 20px;font-weight: 500;text-align: left;border-top: none;border-left: none;width: 150px;margin: 0px;line-height: 1.5\">Pouvoir de cong\u00e9lation (Kg\/Jour)<\/th>\n<td class=\"woocommerce-product-attributes-item__value\" style=\"padding: 5px 20px;border-top: none;border-right: none;border-left: none;margin: 0px;line-height: 1.5;background: transparent\">\n<p style=\"margin: 0px;padding: 8px 0px\">11 Kg \/ Jour<\/p>\n<\/td>\n<\/tr>\n<tr class=\"woocommerce-product-attributes-item woocommerce-product-attributes-item--attribute_niveau-sonore-en-db\">\n<th class=\"woocommerce-product-attributes-item__label\" scope=\"row\" style=\"padding: 5px 20px;font-weight: 500;text-align: left;border-top: none;border-left: none;width: 150px;margin: 0px;line-height: 1.5\">Niveau sonore en dB<\/th>\n<td class=\"woocommerce-product-attributes-item__value\" style=\"padding: 5px 20px;border-top: none;border-right: none;border-left: none;margin: 0px;line-height: 1.5;background-color: transparent\">\n<p style=\"margin: 0px;padding: 8px 0px\">42<\/p>\n<\/td>\n<\/tr>\n<tr class=\"woocommerce-product-attributes-item woocommerce-product-attributes-item--attribute_syst%c3%a8me-d%c3%a9vacuation\">\n<th class=\"woocommerce-product-attributes-item__label\" scope=\"row\" style=\"padding: 5px 20px;font-weight: 500;text-align: left;border-top: none;border-left: none;width: 150px;margin: 0px;line-height: 1.5\">Syst\u00e8me d&rsquo;\u00e9vacuation<\/th>\n<td class=\"woocommerce-product-attributes-item__value\" style=\"padding: 5px 20px;border-top: none;border-right: none;border-left: none;margin: 0px;line-height: 1.5;background: transparent\">\n<p style=\"margin: 0px;padding: 8px 0px\">Automatique<\/p>\n<\/td>\n<\/tr>\n<tr class=\"woocommerce-product-attributes-item woocommerce-product-attributes-item--attribute_syst%c3%a8me-de-r%c3%a9gulation\">\n<th class=\"woocommerce-product-attributes-item__label\" scope=\"row\" style=\"padding: 5px 20px;font-weight: 500;text-align: left;border-top: none;border-left: none;width: 150px;margin: 0px;line-height: 1.5\">Syst\u00e8me de r\u00e9gulation<\/th>\n<td class=\"woocommerce-product-attributes-item__value\" style=\"padding: 5px 20px;border-top: none;border-right: none;border-left: none;margin: 0px;line-height: 1.5;background-color: transparent\">\n<p style=\"margin: 0px;padding: 8px 0px\">Electronique<\/p>\n<\/td>\n<\/tr>\n<tr class=\"woocommerce-product-attributes-item woocommerce-product-attributes-item--attribute_porte-r%c3%a9versible\">\n<th class=\"woocommerce-product-attributes-item__label\" scope=\"row\" style=\"padding: 5px 20px;font-weight: 500;text-align: left;border-top: none;border-left: none;width: 150px;margin: 0px;line-height: 1.5\">Porte r\u00e9versible<\/th>\n<td class=\"woocommerce-product-attributes-item__value\" style=\"padding: 5px 20px;border-top: none;border-right: none;border-left: none;margin: 0px;line-height: 1.5;background: transparent\">\n<p style=\"margin: 0px;padding: 8px 0px\">Non<\/p>\n<\/td>\n<\/tr>\n<tr class=\"woocommerce-product-attributes-item woocommerce-product-attributes-item--attribute_eclairage\">\n<th class=\"woocommerce-product-attributes-item__label\" scope=\"row\" style=\"padding: 5px 20px;font-weight: 500;text-align: left;border-top: none;border-left: none;width: 150px;margin: 0px;line-height: 1.5\">Eclairage<\/th>\n<td class=\"woocommerce-product-attributes-item__value\" style=\"padding: 5px 20px;border-top: none;border-right: none;border-left: none;margin: 0px;line-height: 1.5;background-color: transparent\">\n<p style=\"margin: 0px;padding: 8px 0px\">LED<\/p>\n<\/td>\n<\/tr>\n<tr class=\"woocommerce-product-attributes-item woocommerce-product-attributes-item--attribute_dimensions-du-produit-hxlxp-mm\">\n<th class=\"woocommerce-product-attributes-item__label\" scope=\"row\" style=\"padding: 5px 20px;font-weight: 500;text-align: left;border-top: none;border-left: none;width: 150px;margin: 0px;line-height: 1.5\">Dimensions du produit HxLxP (mm)<\/th>\n<td class=\"woocommerce-product-attributes-item__value\" style=\"padding: 5px 20px;border-top: none;border-right: none;border-left: none;margin: 0px;line-height: 1.5;background: transparent\">\n<p style=\"margin: 0px;padding: 8px 0px\">1786*910*646<\/p>\n<\/td>\n<\/tr>\n<tr class=\"woocommerce-product-attributes-item woocommerce-product-attributes-item--attribute_poids-du-produit-kg\">\n<th class=\"woocommerce-product-attributes-item__label\" scope=\"row\" style=\"padding: 5px 20px;font-weight: 500;text-align: left;border-top: none;border-left: none;width: 150px;margin: 0px;line-height: 1.5\">Poids du produit (Kg)<\/th>\n<td class=\"woocommerce-product-attributes-item__value\" style=\"padding: 5px 20px;border-top: none;border-right: none;border-left: none;margin: 0px;line-height: 1.5;background-color: transparent\">\n<p style=\"margin: 0px;padding: 8px 0px\">85<\/p>\n<\/td>\n<\/tr>\n<\/tbody>\n<\/table>\n","protected":false},"excerpt":{"rendered":"<p><\/p>\n","protected":false},"featured_media":21606,"template":"","meta":{"_coblocks_attr":"","_coblocks_dimensions":"","_coblocks_responsive_height":"","_coblocks_accordion_ie_support":""},"pwb-brand":[402],"product_brand":[],"product_cat":[97,348],"product_tag":[],"class_list":{"0":"post-21607","1":"product","2":"type-product","3":"status-publish","4":"has-post-thumbnail","6":"pwb-brand-hisense","7":"product_cat-electromenagers","8":"product_cat-refrigirateur","11":"first","12":"instock","13":"taxable","14":"shipping-taxable","15":"purchasable","16":"product-type-simple"},"yoast_head":"<!-- This site is optimized with the Yoast SEO plugin v27.4 - https:\/\/yoast.com\/product\/yoast-seo-wordpress\/ -->\n<title>HISENSE REFRIGERATEUR SBS DIST_EAU+AFFICHEUR+ RC-67 WS - I-CONFORT<\/title>\n<meta name=\"robots\" content=\"index, follow, max-snippet:-1, max-image-preview:large, max-video-preview:-1\" \/>\n<link rel=\"canonical\" href=\"https:\/\/i-confort.com\/?product=refrigerateur-hisense-sbs650-dis-eau-afficheur-rc67ws\" \/>\n<meta property=\"og:locale\" content=\"fr_FR\" \/>\n<meta property=\"og:type\" content=\"article\" \/>\n<meta property=\"og:title\" content=\"HISENSE REFRIGERATEUR SBS DIST_EAU+AFFICHEUR+ RC-67 WS - I-CONFORT\" \/>\n<meta property=\"og:url\" content=\"https:\/\/i-confort.com\/?product=refrigerateur-hisense-sbs650-dis-eau-afficheur-rc67ws\" \/>\n<meta property=\"og:site_name\" content=\"I-CONFORT\" \/>\n<meta property=\"article:modified_time\" content=\"2025-04-19T07:10:01+00:00\" \/>\n<meta property=\"og:image\" content=\"https:\/\/i-confort.com\/wp-content\/uploads\/2024\/11\/7777-1.jpg\" \/>\n\t<meta property=\"og:image:width\" content=\"500\" \/>\n\t<meta property=\"og:image:height\" content=\"500\" \/>\n\t<meta property=\"og:image:type\" content=\"image\/jpeg\" \/>\n<meta name=\"twitter:card\" content=\"summary_large_image\" \/>\n<script type=\"application\/ld+json\" class=\"yoast-schema-graph\">{\"@context\":\"https:\\\/\\\/schema.org\",\"@graph\":[{\"@type\":\"WebPage\",\"@id\":\"https:\\\/\\\/i-confort.com\\\/?product=refrigerateur-hisense-sbs650-dis-eau-afficheur-rc67ws\",\"url\":\"https:\\\/\\\/i-confort.com\\\/?product=refrigerateur-hisense-sbs650-dis-eau-afficheur-rc67ws\",\"name\":\"HISENSE REFRIGERATEUR SBS DIST_EAU+AFFICHEUR+ RC-67 WS - I-CONFORT\",\"isPartOf\":{\"@id\":\"https:\\\/\\\/i-confort.com\\\/#website\"},\"primaryImageOfPage\":{\"@id\":\"https:\\\/\\\/i-confort.com\\\/?product=refrigerateur-hisense-sbs650-dis-eau-afficheur-rc67ws#primaryimage\"},\"image\":{\"@id\":\"https:\\\/\\\/i-confort.com\\\/?product=refrigerateur-hisense-sbs650-dis-eau-afficheur-rc67ws#primaryimage\"},\"thumbnailUrl\":\"https:\\\/\\\/i-confort.com\\\/wp-content\\\/uploads\\\/2024\\\/11\\\/7777-1.jpg\",\"datePublished\":\"2024-11-25T13:45:54+00:00\",\"dateModified\":\"2025-04-19T07:10:01+00:00\",\"breadcrumb\":{\"@id\":\"https:\\\/\\\/i-confort.com\\\/?product=refrigerateur-hisense-sbs650-dis-eau-afficheur-rc67ws#breadcrumb\"},\"inLanguage\":\"fr-FR\",\"potentialAction\":[{\"@type\":\"ReadAction\",\"target\":[\"https:\\\/\\\/i-confort.com\\\/?product=refrigerateur-hisense-sbs650-dis-eau-afficheur-rc67ws\"]}]},{\"@type\":\"ImageObject\",\"inLanguage\":\"fr-FR\",\"@id\":\"https:\\\/\\\/i-confort.com\\\/?product=refrigerateur-hisense-sbs650-dis-eau-afficheur-rc67ws#primaryimage\",\"url\":\"https:\\\/\\\/i-confort.com\\\/wp-content\\\/uploads\\\/2024\\\/11\\\/7777-1.jpg\",\"contentUrl\":\"https:\\\/\\\/i-confort.com\\\/wp-content\\\/uploads\\\/2024\\\/11\\\/7777-1.jpg\",\"width\":500,\"height\":500},{\"@type\":\"BreadcrumbList\",\"@id\":\"https:\\\/\\\/i-confort.com\\\/?product=refrigerateur-hisense-sbs650-dis-eau-afficheur-rc67ws#breadcrumb\",\"itemListElement\":[{\"@type\":\"ListItem\",\"position\":1,\"name\":\"Home\",\"item\":\"https:\\\/\\\/i-confort.com\\\/\"},{\"@type\":\"ListItem\",\"position\":2,\"name\":\"Boutique\",\"item\":\"https:\\\/\\\/i-confort.com\\\/?page_id=7\"},{\"@type\":\"ListItem\",\"position\":3,\"name\":\"HISENSE REFRIGERATEUR SBS DIST_EAU+AFFICHEUR+ RC-67 WS\"}]},{\"@type\":\"WebSite\",\"@id\":\"https:\\\/\\\/i-confort.com\\\/#website\",\"url\":\"https:\\\/\\\/i-confort.com\\\/\",\"name\":\"I-CONFORT\",\"description\":\"Site de vente en ligne\",\"potentialAction\":[{\"@type\":\"SearchAction\",\"target\":{\"@type\":\"EntryPoint\",\"urlTemplate\":\"https:\\\/\\\/i-confort.com\\\/?s={search_term_string}\"},\"query-input\":{\"@type\":\"PropertyValueSpecification\",\"valueRequired\":true,\"valueName\":\"search_term_string\"}}],\"inLanguage\":\"fr-FR\"}]}<\/script>\n<!-- \/ Yoast SEO plugin. -->","yoast_head_json":{"title":"HISENSE REFRIGERATEUR SBS DIST_EAU+AFFICHEUR+ RC-67 WS - I-CONFORT","robots":{"index":"index","follow":"follow","max-snippet":"max-snippet:-1","max-image-preview":"max-image-preview:large","max-video-preview":"max-video-preview:-1"},"canonical":"https:\/\/i-confort.com\/?product=refrigerateur-hisense-sbs650-dis-eau-afficheur-rc67ws","og_locale":"fr_FR","og_type":"article","og_title":"HISENSE REFRIGERATEUR SBS DIST_EAU+AFFICHEUR+ RC-67 WS - I-CONFORT","og_url":"https:\/\/i-confort.com\/?product=refrigerateur-hisense-sbs650-dis-eau-afficheur-rc67ws","og_site_name":"I-CONFORT","article_modified_time":"2025-04-19T07:10:01+00:00","og_image":[{"width":500,"height":500,"url":"https:\/\/i-confort.com\/wp-content\/uploads\/2024\/11\/7777-1.jpg","type":"image\/jpeg"}],"twitter_card":"summary_large_image","schema":{"@context":"https:\/\/schema.org","@graph":[{"@type":"WebPage","@id":"https:\/\/i-confort.com\/?product=refrigerateur-hisense-sbs650-dis-eau-afficheur-rc67ws","url":"https:\/\/i-confort.com\/?product=refrigerateur-hisense-sbs650-dis-eau-afficheur-rc67ws","name":"HISENSE REFRIGERATEUR SBS DIST_EAU+AFFICHEUR+ RC-67 WS - I-CONFORT","isPartOf":{"@id":"https:\/\/i-confort.com\/#website"},"primaryImageOfPage":{"@id":"https:\/\/i-confort.com\/?product=refrigerateur-hisense-sbs650-dis-eau-afficheur-rc67ws#primaryimage"},"image":{"@id":"https:\/\/i-confort.com\/?product=refrigerateur-hisense-sbs650-dis-eau-afficheur-rc67ws#primaryimage"},"thumbnailUrl":"https:\/\/i-confort.com\/wp-content\/uploads\/2024\/11\/7777-1.jpg","datePublished":"2024-11-25T13:45:54+00:00","dateModified":"2025-04-19T07:10:01+00:00","breadcrumb":{"@id":"https:\/\/i-confort.com\/?product=refrigerateur-hisense-sbs650-dis-eau-afficheur-rc67ws#breadcrumb"},"inLanguage":"fr-FR","potentialAction":[{"@type":"ReadAction","target":["https:\/\/i-confort.com\/?product=refrigerateur-hisense-sbs650-dis-eau-afficheur-rc67ws"]}]},{"@type":"ImageObject","inLanguage":"fr-FR","@id":"https:\/\/i-confort.com\/?product=refrigerateur-hisense-sbs650-dis-eau-afficheur-rc67ws#primaryimage","url":"https:\/\/i-confort.com\/wp-content\/uploads\/2024\/11\/7777-1.jpg","contentUrl":"https:\/\/i-confort.com\/wp-content\/uploads\/2024\/11\/7777-1.jpg","width":500,"height":500},{"@type":"BreadcrumbList","@id":"https:\/\/i-confort.com\/?product=refrigerateur-hisense-sbs650-dis-eau-afficheur-rc67ws#breadcrumb","itemListElement":[{"@type":"ListItem","position":1,"name":"Home","item":"https:\/\/i-confort.com\/"},{"@type":"ListItem","position":2,"name":"Boutique","item":"https:\/\/i-confort.com\/?page_id=7"},{"@type":"ListItem","position":3,"name":"HISENSE REFRIGERATEUR SBS DIST_EAU+AFFICHEUR+ RC-67 WS"}]},{"@type":"WebSite","@id":"https:\/\/i-confort.com\/#website","url":"https:\/\/i-confort.com\/","name":"I-CONFORT","description":"Site de vente en ligne","potentialAction":[{"@type":"SearchAction","target":{"@type":"EntryPoint","urlTemplate":"https:\/\/i-confort.com\/?s={search_term_string}"},"query-input":{"@type":"PropertyValueSpecification","valueRequired":true,"valueName":"search_term_string"}}],"inLanguage":"fr-FR"}]}},"brands":[{"id":402,"name":"HISENSE","slug":"hisense"}],"_links":{"self":[{"href":"https:\/\/i-confort.com\/index.php?rest_route=\/wp\/v2\/product\/21607","targetHints":{"allow":["GET"]}}],"collection":[{"href":"https:\/\/i-confort.com\/index.php?rest_route=\/wp\/v2\/product"}],"about":[{"href":"https:\/\/i-confort.com\/index.php?rest_route=\/wp\/v2\/types\/product"}],"wp:featuredmedia":[{"embeddable":true,"href":"https:\/\/i-confort.com\/index.php?rest_route=\/wp\/v2\/media\/21606"}],"wp:attachment":[{"href":"https:\/\/i-confort.com\/index.php?rest_route=%2Fwp%2Fv2%2Fmedia&parent=21607"}],"wp:term":[{"taxonomy":"pwb-brand","embeddable":true,"href":"https:\/\/i-confort.com\/index.php?rest_route=%2Fwp%2Fv2%2Fpwb-brand&post=21607"},{"taxonomy":"product_brand","embeddable":true,"href":"https:\/\/i-confort.com\/index.php?rest_route=%2Fwp%2Fv2%2Fproduct_brand&post=21607"},{"taxonomy":"product_cat","embeddable":true,"href":"https:\/\/i-confort.com\/index.php?rest_route=%2Fwp%2Fv2%2Fproduct_cat&post=21607"},{"taxonomy":"product_tag","embeddable":true,"href":"https:\/\/i-confort.com\/index.php?rest_route=%2Fwp%2Fv2%2Fproduct_tag&post=21607"}],"curies":[{"name":"wp","href":"https:\/\/api.w.org\/{rel}","templated":true}]}}