{"id":21627,"date":"2024-11-30T08:43:14","date_gmt":"2024-11-30T08:43:14","guid":{"rendered":"https:\/\/i-confort.com\/?product=smeg-batteur-250w-hmf01wheu"},"modified":"2025-01-14T12:28:06","modified_gmt":"2025-01-14T12:28:06","slug":"smeg-batteur-250w-hmf01wheu","status":"publish","type":"product","link":"https:\/\/i-confort.com\/?product=smeg-batteur-250w-hmf01wheu","title":{"rendered":"Smeg batteur 250W HMF01WHEU"},"content":{"rendered":"<div style=\"font-family: Cairo, sans-serif;font-size: 15px\" data-mce-style=\"font-family: Cairo, sans-serif; font-size: 15px;\"><strong>tteur complet pour des pr\u00e9parations quotidiennes toujours r\u00e9ussies !<\/strong><\/div>\n<div style=\"font-family: Cairo, sans-serif;font-size: 15px\" data-mce-style=\"font-family: Cairo, sans-serif; font-size: 15px;\"><strong>\u00a0<\/strong><\/div>\n<div style=\"font-family: Cairo, sans-serif;font-size: 15px\" data-mce-style=\"font-family: Cairo, sans-serif; font-size: 15px;\"><strong>Le batteur \u00e0 main \u00e9lectrique HMF01 convient \u00e0 de nombreuses pr\u00e9parations sucr\u00e9es et sal\u00e9es : il est \u00e9quip\u00e9 de trois types diff\u00e9rents de fouets en acier inox pour garantir les meilleurs r\u00e9sultats dans le traitement de chaque p\u00e2te.<\/strong><\/div>\n<div style=\"font-family: Cairo, sans-serif;font-size: 15px\" data-mce-style=\"font-family: Cairo, sans-serif; font-size: 15px;\"><strong>\u00a0<\/strong><\/div>\n<div style=\"font-family: Cairo, sans-serif;font-size: 15px\" data-mce-style=\"font-family: Cairo, sans-serif; font-size: 15px;\"><strong>Design :\u00a0<\/strong><\/div>\n<div style=\"font-family: Cairo, sans-serif;font-size: 15px\" data-mce-style=\"font-family: Cairo, sans-serif; font-size: 15px;\">Ce batteur est dot\u00e9 d&rsquo;un design \u00e9l\u00e9gant des ann\u00e9es 50. Blanc, il offre une \u00e9nergie positive et une originalit\u00e9 \u00e0 votre cuisine.\u00a0<\/div>\n<div style=\"font-family: Cairo, sans-serif;font-size: 15px\" data-mce-style=\"font-family: Cairo, sans-serif; font-size: 15px;\">Son corps et la base en aluminium moul\u00e9 lui conf\u00e8rent une stabilit\u00e9 et une robustesse \u00e0 toute \u00e9preuve.<\/div>\n<div style=\"font-family: Cairo, sans-serif;font-size: 15px\" data-mce-style=\"font-family: Cairo, sans-serif; font-size: 15px;\"><\/div>\n<div style=\"font-family: Cairo, sans-serif;font-size: 15px\" data-mce-style=\"font-family: Cairo, sans-serif; font-size: 15px;\"><strong>Performances :<\/strong><\/div>\n<div style=\"font-family: Cairo, sans-serif;font-size: 15px\" data-mce-style=\"font-family: Cairo, sans-serif; font-size: 15px;\">Ce batteur est \u00e9quip\u00e9 de 9 vitesses pour adapter la puissance au type de pr\u00e9paration \u00e0 r\u00e9aliser et la touche Turbo est id\u00e9ale pour atteindre instantan\u00e9ment la vitesse maximale.<\/div>\n<div style=\"font-family: Cairo, sans-serif;font-size: 15px\" data-mce-style=\"font-family: Cairo, sans-serif; font-size: 15px;\"><\/div>\n<div style=\"font-family: Cairo, sans-serif;font-size: 15px\" data-mce-style=\"font-family: Cairo, sans-serif; font-size: 15px;\"><strong>Affichage LED :<\/strong><\/div>\n<div style=\"font-family: Cairo, sans-serif;font-size: 15px\" data-mce-style=\"font-family: Cairo, sans-serif; font-size: 15px;\">Le panneau de commande est enrichi d&rsquo;un afficheur LED r\u00e9tro-\u00e9clair\u00e9 avec indication de la vitesse et du temps d&rsquo;utilisation : une interface parfaitement facile d&rsquo;utilisation qui dispara\u00eet lorsque le produit est \u00e9teint, montrant le chrom\u00e9 de la poign\u00e9e dans toute son \u00e9l\u00e9gance.<\/div>\n<div style=\"font-family: Cairo, sans-serif;font-size: 15px\" data-mce-style=\"font-family: Cairo, sans-serif; font-size: 15px;\"><\/div>\n<div style=\"font-family: Cairo, sans-serif;font-size: 15px\" data-mce-style=\"font-family: Cairo, sans-serif; font-size: 15px;\"><strong>Accessoires inclus :<\/strong><\/div>\n<div style=\"font-family: Cairo, sans-serif;font-size: 15px\" data-mce-style=\"font-family: Cairo, sans-serif; font-size: 15px;\">Deux fouets \u00e0 fils, pour des textures plus a\u00e9riennes comme la cr\u00e8me fouett\u00e9e, les sauces ou les blancs d&rsquo;\u0153ufs ; deux fouets Optimus, parfaits pour les p\u00e2tes semi-dures comme les biscuits et les bases de g\u00e2teaux ; deux crochets p\u00e9trisseurs pour les produits lev\u00e9s comme la pizza ou le pain.<\/div>\n<div style=\"font-family: Cairo, sans-serif;font-size: 15px\" data-mce-style=\"font-family: Cairo, sans-serif; font-size: 15px;\">Le sac en tissu personnalis\u00e9 SMEG vous permet de ranger les accessoires inclus sans n\u00e9gliger le plaisir esth\u00e9tique.<\/div>\n<div style=\"font-family: Cairo, sans-serif;font-size: 15px\" data-mce-style=\"font-family: Cairo, sans-serif; font-size: 15px;\"><strong>\u00a0<\/strong><\/div>\n<div style=\"font-family: Cairo, sans-serif;font-size: 15px\" data-mce-style=\"font-family: Cairo, sans-serif; font-size: 15px;\"><strong>S\u00e9curit\u00e9 :<\/strong><\/div>\n<div style=\"font-family: Cairo, sans-serif;font-size: 15px\" data-mce-style=\"font-family: Cairo, sans-serif; font-size: 15px;\">Des pieds antid\u00e9rapants permettent de reposer le batteur, ce qui en facilite l&rsquo;utilisation.\u00a0<\/div>\n<div style=\"font-family: Cairo, sans-serif;font-size: 15px\" data-mce-style=\"font-family: Cairo, sans-serif; font-size: 15px;\"><\/div>\n<div style=\"font-family: Cairo, sans-serif;font-size: 15px\" data-mce-style=\"font-family: Cairo, sans-serif; font-size: 15px;\">Ses accessoires sont lavables au lave-vaisselle.<\/div>\n","protected":false},"excerpt":{"rendered":"<div class=\"description\" style=\"margin: 0px;padding: 0px;border: 0px;font-size: 14px;line-height: 18px;font-family: work\" data-mce-style=\"margin: 0px; padding: 0px; border: 0px; font-size: 14px; line-height: 18px; font-family: work;\">Puissance : 250 W<br \/>Vitesse : 9<br \/>Ejection des fouets<br \/>Accessoires compatibles lave vaisselle<\/div>\n<div class=\"fb-comments fb_iframe_widget fb_iframe_widget_fluid_desktop\" data-href=\"http:\/\/homecenterdz.com\/produit.php?id=1736\" data-width=\"100%\" data-numposts=\"3\" style=\"margin: 0px;padding: 0px;border: 0px;font-size: 14px;line-height: inherit;font-family: work;position: relative;max-width: 100%;width: 566.391px\" data-mce-style=\"margin: 0px; padding: 0px; border: 0px; font-size: 14px; line-height: inherit; font-family: work; position: relative; max-width: 100%; width: 566.391px;\"><\/div>\n<div id=\"social\" style=\"margin: 10px 0px;padding: 0px;border: 0px;font-style: normal;font-weight: 400;font-size: 14px;line-height: inherit;font-family: work;width: 566.391px;letter-spacing: normal;text-align: start;text-indent: 0px;text-transform: none\" data-mce-style=\"margin: 10px 0px; padding: 0px; border: 0px; font-style: normal; font-weight: 400; font-size: 14px; line-height: inherit; font-family: work; width: 566.391px; letter-spacing: normal; text-align: start; text-indent: 0px; text-transform: none;\">\n<div class=\"social_button\" style=\"margin: 0px 0px 0px 10px;padding: 0px;border: 0px;font: inherit;float: right\" data-mce-style=\"margin: 0px 0px 0px 10px; padding: 0px; border: 0px; font: inherit; float: right;\">\n<div class=\"fb-like fb_iframe_widget\" data-href=\"http:\/\/homecenterdz.com\/produit.php?id=1736\" data-layout=\"button_count\" data-action=\"like\" data-show-faces=\"true\" data-share=\"false\" style=\"margin: 0px;padding: 0px;border: 0px;font: inherit;position: relative\" data-mce-style=\"margin: 0px; padding: 0px; border: 0px; font: inherit; position: relative;\"><\/div>\n<\/div>\n<div class=\"social_button\" style=\"margin: 0px 0px 0px 10px;padding: 0px;border: 0px;font: inherit;float: right\" data-mce-style=\"margin: 0px 0px 0px 10px; padding: 0px; border: 0px; font: inherit; float: right;\"><\/div>\n<div class=\"clear\" style=\"margin: 0px;padding: 0px;border: 0px;font: inherit;clear: both\" data-mce-style=\"margin: 0px; padding: 0px; border: 0px; font: inherit; clear: both;\"><\/div>\n<\/div>\n","protected":false},"featured_media":21626,"template":"","meta":{"_coblocks_attr":"","_coblocks_dimensions":"","_coblocks_responsive_height":"","_coblocks_accordion_ie_support":""},"pwb-brand":[],"product_brand":[],"product_cat":[],"product_tag":[],"class_list":{"0":"post-21627","1":"product","2":"type-product","3":"status-publish","4":"has-post-thumbnail","8":"first","9":"instock","10":"taxable","11":"shipping-taxable","12":"purchasable","13":"product-type-simple"},"yoast_head":"<!-- This site is optimized with the Yoast SEO plugin v27.4 - https:\/\/yoast.com\/product\/yoast-seo-wordpress\/ -->\n<title>Smeg batteur 250W HMF01WHEU - I-CONFORT<\/title>\n<meta name=\"robots\" content=\"index, follow, max-snippet:-1, max-image-preview:large, max-video-preview:-1\" \/>\n<link rel=\"canonical\" href=\"https:\/\/i-confort.com\/?product=smeg-batteur-250w-hmf01wheu\" \/>\n<meta property=\"og:locale\" content=\"fr_FR\" \/>\n<meta property=\"og:type\" content=\"article\" \/>\n<meta property=\"og:title\" content=\"Smeg batteur 250W HMF01WHEU - I-CONFORT\" \/>\n<meta property=\"og:description\" content=\"Puissance : 250 WVitesse : 9Ejection des fouetsAccessoires compatibles lave vaisselle\" \/>\n<meta property=\"og:url\" content=\"https:\/\/i-confort.com\/?product=smeg-batteur-250w-hmf01wheu\" \/>\n<meta property=\"og:site_name\" content=\"I-CONFORT\" \/>\n<meta property=\"article:modified_time\" content=\"2025-01-14T12:28:06+00:00\" \/>\n<meta property=\"og:image\" content=\"https:\/\/i-confort.com\/wp-content\/uploads\/2024\/11\/SMEG.jpg\" \/>\n\t<meta property=\"og:image:width\" content=\"1300\" \/>\n\t<meta property=\"og:image:height\" content=\"1300\" \/>\n\t<meta property=\"og:image:type\" content=\"image\/jpeg\" \/>\n<meta name=\"twitter:card\" content=\"summary_large_image\" \/>\n<meta name=\"twitter:label1\" content=\"Dur\u00e9e de lecture estim\u00e9e\" \/>\n\t<meta name=\"twitter:data1\" content=\"1 minute\" \/>\n<script type=\"application\/ld+json\" class=\"yoast-schema-graph\">{\"@context\":\"https:\\\/\\\/schema.org\",\"@graph\":[{\"@type\":\"WebPage\",\"@id\":\"https:\\\/\\\/i-confort.com\\\/?product=smeg-batteur-250w-hmf01wheu\",\"url\":\"https:\\\/\\\/i-confort.com\\\/?product=smeg-batteur-250w-hmf01wheu\",\"name\":\"Smeg batteur 250W HMF01WHEU - I-CONFORT\",\"isPartOf\":{\"@id\":\"https:\\\/\\\/i-confort.com\\\/#website\"},\"primaryImageOfPage\":{\"@id\":\"https:\\\/\\\/i-confort.com\\\/?product=smeg-batteur-250w-hmf01wheu#primaryimage\"},\"image\":{\"@id\":\"https:\\\/\\\/i-confort.com\\\/?product=smeg-batteur-250w-hmf01wheu#primaryimage\"},\"thumbnailUrl\":\"https:\\\/\\\/i-confort.com\\\/wp-content\\\/uploads\\\/2024\\\/11\\\/SMEG.jpg\",\"datePublished\":\"2024-11-30T08:43:14+00:00\",\"dateModified\":\"2025-01-14T12:28:06+00:00\",\"breadcrumb\":{\"@id\":\"https:\\\/\\\/i-confort.com\\\/?product=smeg-batteur-250w-hmf01wheu#breadcrumb\"},\"inLanguage\":\"fr-FR\",\"potentialAction\":[{\"@type\":\"ReadAction\",\"target\":[\"https:\\\/\\\/i-confort.com\\\/?product=smeg-batteur-250w-hmf01wheu\"]}]},{\"@type\":\"ImageObject\",\"inLanguage\":\"fr-FR\",\"@id\":\"https:\\\/\\\/i-confort.com\\\/?product=smeg-batteur-250w-hmf01wheu#primaryimage\",\"url\":\"https:\\\/\\\/i-confort.com\\\/wp-content\\\/uploads\\\/2024\\\/11\\\/SMEG.jpg\",\"contentUrl\":\"https:\\\/\\\/i-confort.com\\\/wp-content\\\/uploads\\\/2024\\\/11\\\/SMEG.jpg\",\"width\":1300,\"height\":1300},{\"@type\":\"BreadcrumbList\",\"@id\":\"https:\\\/\\\/i-confort.com\\\/?product=smeg-batteur-250w-hmf01wheu#breadcrumb\",\"itemListElement\":[{\"@type\":\"ListItem\",\"position\":1,\"name\":\"Home\",\"item\":\"https:\\\/\\\/i-confort.com\\\/\"},{\"@type\":\"ListItem\",\"position\":2,\"name\":\"Boutique\",\"item\":\"https:\\\/\\\/i-confort.com\\\/?page_id=7\"},{\"@type\":\"ListItem\",\"position\":3,\"name\":\"Smeg batteur 250W HMF01WHEU\"}]},{\"@type\":\"WebSite\",\"@id\":\"https:\\\/\\\/i-confort.com\\\/#website\",\"url\":\"https:\\\/\\\/i-confort.com\\\/\",\"name\":\"I-CONFORT\",\"description\":\"Site de vente en ligne\",\"potentialAction\":[{\"@type\":\"SearchAction\",\"target\":{\"@type\":\"EntryPoint\",\"urlTemplate\":\"https:\\\/\\\/i-confort.com\\\/?s={search_term_string}\"},\"query-input\":{\"@type\":\"PropertyValueSpecification\",\"valueRequired\":true,\"valueName\":\"search_term_string\"}}],\"inLanguage\":\"fr-FR\"}]}<\/script>\n<!-- \/ Yoast SEO plugin. -->","yoast_head_json":{"title":"Smeg batteur 250W HMF01WHEU - I-CONFORT","robots":{"index":"index","follow":"follow","max-snippet":"max-snippet:-1","max-image-preview":"max-image-preview:large","max-video-preview":"max-video-preview:-1"},"canonical":"https:\/\/i-confort.com\/?product=smeg-batteur-250w-hmf01wheu","og_locale":"fr_FR","og_type":"article","og_title":"Smeg batteur 250W HMF01WHEU - I-CONFORT","og_description":"Puissance : 250 WVitesse : 9Ejection des fouetsAccessoires compatibles lave vaisselle","og_url":"https:\/\/i-confort.com\/?product=smeg-batteur-250w-hmf01wheu","og_site_name":"I-CONFORT","article_modified_time":"2025-01-14T12:28:06+00:00","og_image":[{"width":1300,"height":1300,"url":"https:\/\/i-confort.com\/wp-content\/uploads\/2024\/11\/SMEG.jpg","type":"image\/jpeg"}],"twitter_card":"summary_large_image","twitter_misc":{"Dur\u00e9e de lecture estim\u00e9e":"1 minute"},"schema":{"@context":"https:\/\/schema.org","@graph":[{"@type":"WebPage","@id":"https:\/\/i-confort.com\/?product=smeg-batteur-250w-hmf01wheu","url":"https:\/\/i-confort.com\/?product=smeg-batteur-250w-hmf01wheu","name":"Smeg batteur 250W HMF01WHEU - I-CONFORT","isPartOf":{"@id":"https:\/\/i-confort.com\/#website"},"primaryImageOfPage":{"@id":"https:\/\/i-confort.com\/?product=smeg-batteur-250w-hmf01wheu#primaryimage"},"image":{"@id":"https:\/\/i-confort.com\/?product=smeg-batteur-250w-hmf01wheu#primaryimage"},"thumbnailUrl":"https:\/\/i-confort.com\/wp-content\/uploads\/2024\/11\/SMEG.jpg","datePublished":"2024-11-30T08:43:14+00:00","dateModified":"2025-01-14T12:28:06+00:00","breadcrumb":{"@id":"https:\/\/i-confort.com\/?product=smeg-batteur-250w-hmf01wheu#breadcrumb"},"inLanguage":"fr-FR","potentialAction":[{"@type":"ReadAction","target":["https:\/\/i-confort.com\/?product=smeg-batteur-250w-hmf01wheu"]}]},{"@type":"ImageObject","inLanguage":"fr-FR","@id":"https:\/\/i-confort.com\/?product=smeg-batteur-250w-hmf01wheu#primaryimage","url":"https:\/\/i-confort.com\/wp-content\/uploads\/2024\/11\/SMEG.jpg","contentUrl":"https:\/\/i-confort.com\/wp-content\/uploads\/2024\/11\/SMEG.jpg","width":1300,"height":1300},{"@type":"BreadcrumbList","@id":"https:\/\/i-confort.com\/?product=smeg-batteur-250w-hmf01wheu#breadcrumb","itemListElement":[{"@type":"ListItem","position":1,"name":"Home","item":"https:\/\/i-confort.com\/"},{"@type":"ListItem","position":2,"name":"Boutique","item":"https:\/\/i-confort.com\/?page_id=7"},{"@type":"ListItem","position":3,"name":"Smeg batteur 250W HMF01WHEU"}]},{"@type":"WebSite","@id":"https:\/\/i-confort.com\/#website","url":"https:\/\/i-confort.com\/","name":"I-CONFORT","description":"Site de vente en ligne","potentialAction":[{"@type":"SearchAction","target":{"@type":"EntryPoint","urlTemplate":"https:\/\/i-confort.com\/?s={search_term_string}"},"query-input":{"@type":"PropertyValueSpecification","valueRequired":true,"valueName":"search_term_string"}}],"inLanguage":"fr-FR"}]}},"brands":[],"_links":{"self":[{"href":"https:\/\/i-confort.com\/index.php?rest_route=\/wp\/v2\/product\/21627","targetHints":{"allow":["GET"]}}],"collection":[{"href":"https:\/\/i-confort.com\/index.php?rest_route=\/wp\/v2\/product"}],"about":[{"href":"https:\/\/i-confort.com\/index.php?rest_route=\/wp\/v2\/types\/product"}],"wp:featuredmedia":[{"embeddable":true,"href":"https:\/\/i-confort.com\/index.php?rest_route=\/wp\/v2\/media\/21626"}],"wp:attachment":[{"href":"https:\/\/i-confort.com\/index.php?rest_route=%2Fwp%2Fv2%2Fmedia&parent=21627"}],"wp:term":[{"taxonomy":"pwb-brand","embeddable":true,"href":"https:\/\/i-confort.com\/index.php?rest_route=%2Fwp%2Fv2%2Fpwb-brand&post=21627"},{"taxonomy":"product_brand","embeddable":true,"href":"https:\/\/i-confort.com\/index.php?rest_route=%2Fwp%2Fv2%2Fproduct_brand&post=21627"},{"taxonomy":"product_cat","embeddable":true,"href":"https:\/\/i-confort.com\/index.php?rest_route=%2Fwp%2Fv2%2Fproduct_cat&post=21627"},{"taxonomy":"product_tag","embeddable":true,"href":"https:\/\/i-confort.com\/index.php?rest_route=%2Fwp%2Fv2%2Fproduct_tag&post=21627"}],"curies":[{"name":"wp","href":"https:\/\/api.w.org\/{rel}","templated":true}]}}