{"id":21632,"date":"2024-11-30T09:11:23","date_gmt":"2024-11-30T09:11:23","guid":{"rendered":"https:\/\/i-confort.com\/?product=smeg-bouloir-klf-04-wheu"},"modified":"2025-01-14T12:29:17","modified_gmt":"2025-01-14T12:29:17","slug":"smeg-bouloir-klf-04-wheu","status":"publish","type":"product","link":"https:\/\/i-confort.com\/?product=smeg-bouloir-klf-04-wheu","title":{"rendered":"Smeg bouloir KLF 04 WHEU"},"content":{"rendered":"<p><\/p>\n","protected":false},"excerpt":{"rendered":"<div class=\"caracteristiques\" style=\"margin: 0px 0px 20px;padding: 0px;border: 0px;font-size: 14px;line-height: inherit;font-family: work\" data-mce-style=\"margin: 0px 0px 20px; padding: 0px; border: 0px; font-size: 14px; line-height: inherit; font-family: work;\">\n<div class=\"marque\" style=\"margin: 0px 0px 10px;padding: 5px 10px;border-width: 0px 0px 0px 2px;border-top-color: initial;border-right-color: initial;border-bottom-color: initial;font: inherit;width: 566.391px;height: 50px;border-style: initial initial initial solid\" data-mce-style=\"margin: 0px 0px 10px; padding: 5px 10px; border-width: 0px 0px 0px 2px; border-top-color: initial; border-right-color: initial; border-bottom-color: initial; font: inherit; width: 566.391px; height: 50px; border-style: initial initial initial solid;\">\n<div class=\"img_container\" style=\"margin: 0px;padding: 0px;border: 0px;font: inherit;position: relative;float: left;width: 100px;height: 40px\" data-mce-style=\"margin: 0px; padding: 0px; border: 0px; font: inherit; position: relative; float: left; width: 100px; height: 40px;\"><img decoding=\"async\" src=\"https:\/\/homecenterdz.com\/images\/marques\/1645826098-download.png\" alt=\"SMEG\" style=\"margin: 0px;padding: 0px;border: 0px;font: inherit;max-height: 100%;width: auto;position: absolute\" data-mce-src=\"https:\/\/homecenterdz.com\/images\/marques\/1645826098-download.png\" data-mce-style=\"margin: 0px; padding: 0px; border: 0px; font: inherit; max-height: 100%; width: auto; position: absolute;\"><\/div>\n<\/div>\n<div class=\"clear\" style=\"margin: 0px;padding: 0px;border: 0px;font: inherit;clear: both\" data-mce-style=\"margin: 0px; padding: 0px; border: 0px; font: inherit; clear: both;\"><\/div>\n<div class=\"clear\" style=\"margin: 0px;padding: 0px;border: 0px;font: inherit;clear: both\" data-mce-style=\"margin: 0px; padding: 0px; border: 0px; font: inherit; clear: both;\"><\/div>\n<\/div>\n<div class=\"description\" style=\"margin: 0px;padding: 0px;border: 0px;font-size: 14px;line-height: 18px;font-family: work\" data-mce-style=\"margin: 0px; padding: 0px; border: 0px; font-size: 14px; line-height: 18px; font-family: work;\">Capacit\u00e9 1,7 litres<br \/>Puissance 2400 Watts<br \/>Temp\u00e9rature vari\u00e9<br \/>Filtre inox anticalcaire &#8211; R\u00e9sistance cach\u00e9e<br \/>Couvercle \u00e0\u00a0 ouverture progressive<br \/>Base d\u00e9tachable et rotative \u00e0\u00a0 360\u00b0C<br \/>Arret automatique<\/div>\n<div class=\"fb-comments fb_iframe_widget fb_iframe_widget_fluid_desktop\" data-href=\"http:\/\/homecenterdz.com\/produit.php?id=1735\" data-width=\"100%\" data-numposts=\"3\" style=\"margin: 0px;padding: 0px;border: 0px;font-size: 14px;line-height: inherit;font-family: work;position: relative;max-width: 100%;width: 566.391px\" data-mce-style=\"margin: 0px; padding: 0px; border: 0px; font-size: 14px; line-height: inherit; font-family: work; position: relative; max-width: 100%; width: 566.391px;\"><\/div>\n<div id=\"social\" style=\"margin: 10px 0px;padding: 0px;border: 0px;font-style: normal;font-weight: 400;font-size: 14px;line-height: inherit;font-family: work;width: 566.391px;letter-spacing: normal;text-align: start;text-indent: 0px;text-transform: none\" data-mce-style=\"margin: 10px 0px; padding: 0px; border: 0px; font-style: normal; font-weight: 400; font-size: 14px; line-height: inherit; font-family: work; width: 566.391px; letter-spacing: normal; text-align: start; text-indent: 0px; text-transform: none;\">\n<div class=\"social_button\" style=\"margin: 0px 0px 0px 10px;padding: 0px;border: 0px;font: inherit;float: right\" data-mce-style=\"margin: 0px 0px 0px 10px; padding: 0px; border: 0px; font: inherit; float: right;\">\n<div class=\"fb-like fb_iframe_widget\" data-href=\"http:\/\/homecenterdz.com\/produit.php?id=1735\" data-layout=\"button_count\" data-action=\"like\" data-show-faces=\"true\" data-share=\"false\" style=\"margin: 0px;padding: 0px;border: 0px;font: inherit;position: relative\" data-mce-style=\"margin: 0px; padding: 0px; border: 0px; font: inherit; position: relative;\"><\/div>\n<\/div>\n<div class=\"social_button\" style=\"margin: 0px 0px 0px 10px;padding: 0px;border: 0px;font: inherit;float: right\" data-mce-style=\"margin: 0px 0px 0px 10px; padding: 0px; border: 0px; font: inherit; float: right;\"><\/div>\n<div class=\"clear\" style=\"margin: 0px;padding: 0px;border: 0px;font: inherit;clear: both\" data-mce-style=\"margin: 0px; padding: 0px; border: 0px; font: inherit; clear: both;\"><\/div>\n<\/div>\n","protected":false},"featured_media":21630,"template":"","meta":{"_coblocks_attr":"","_coblocks_dimensions":"","_coblocks_responsive_height":"","_coblocks_accordion_ie_support":""},"pwb-brand":[],"product_brand":[],"product_cat":[],"product_tag":[],"class_list":{"0":"post-21632","1":"product","2":"type-product","3":"status-publish","4":"has-post-thumbnail","8":"first","9":"instock","10":"taxable","11":"shipping-taxable","12":"purchasable","13":"product-type-simple"},"yoast_head":"<!-- This site is optimized with the Yoast SEO plugin v27.4 - https:\/\/yoast.com\/product\/yoast-seo-wordpress\/ -->\n<title>Smeg bouloir KLF 04 WHEU - I-CONFORT<\/title>\n<meta name=\"robots\" content=\"index, follow, max-snippet:-1, max-image-preview:large, max-video-preview:-1\" \/>\n<link rel=\"canonical\" href=\"https:\/\/i-confort.com\/?product=smeg-bouloir-klf-04-wheu\" \/>\n<meta property=\"og:locale\" content=\"fr_FR\" \/>\n<meta property=\"og:type\" content=\"article\" \/>\n<meta property=\"og:title\" content=\"Smeg bouloir KLF 04 WHEU - I-CONFORT\" \/>\n<meta property=\"og:description\" content=\"Capacit\u00e9 1,7 litresPuissance 2400 WattsTemp\u00e9rature vari\u00e9Filtre inox anticalcaire - R\u00e9sistance cach\u00e9eCouvercle \u00e0\u00a0 ouverture progressiveBase d\u00e9tachable et rotative \u00e0\u00a0 360\u00b0CArret automatique\" \/>\n<meta property=\"og:url\" content=\"https:\/\/i-confort.com\/?product=smeg-bouloir-klf-04-wheu\" \/>\n<meta property=\"og:site_name\" content=\"I-CONFORT\" \/>\n<meta property=\"article:modified_time\" content=\"2025-01-14T12:29:17+00:00\" \/>\n<meta property=\"og:image\" content=\"https:\/\/i-confort.com\/wp-content\/uploads\/2024\/11\/smeg-klf04wheu.jpg\" \/>\n\t<meta property=\"og:image:width\" content=\"800\" \/>\n\t<meta property=\"og:image:height\" content=\"800\" \/>\n\t<meta property=\"og:image:type\" content=\"image\/jpeg\" \/>\n<meta name=\"twitter:card\" content=\"summary_large_image\" \/>\n<script type=\"application\/ld+json\" class=\"yoast-schema-graph\">{\"@context\":\"https:\\\/\\\/schema.org\",\"@graph\":[{\"@type\":\"WebPage\",\"@id\":\"https:\\\/\\\/i-confort.com\\\/?product=smeg-bouloir-klf-04-wheu\",\"url\":\"https:\\\/\\\/i-confort.com\\\/?product=smeg-bouloir-klf-04-wheu\",\"name\":\"Smeg bouloir KLF 04 WHEU - I-CONFORT\",\"isPartOf\":{\"@id\":\"https:\\\/\\\/i-confort.com\\\/#website\"},\"primaryImageOfPage\":{\"@id\":\"https:\\\/\\\/i-confort.com\\\/?product=smeg-bouloir-klf-04-wheu#primaryimage\"},\"image\":{\"@id\":\"https:\\\/\\\/i-confort.com\\\/?product=smeg-bouloir-klf-04-wheu#primaryimage\"},\"thumbnailUrl\":\"https:\\\/\\\/i-confort.com\\\/wp-content\\\/uploads\\\/2024\\\/11\\\/smeg-klf04wheu.jpg\",\"datePublished\":\"2024-11-30T09:11:23+00:00\",\"dateModified\":\"2025-01-14T12:29:17+00:00\",\"breadcrumb\":{\"@id\":\"https:\\\/\\\/i-confort.com\\\/?product=smeg-bouloir-klf-04-wheu#breadcrumb\"},\"inLanguage\":\"fr-FR\",\"potentialAction\":[{\"@type\":\"ReadAction\",\"target\":[\"https:\\\/\\\/i-confort.com\\\/?product=smeg-bouloir-klf-04-wheu\"]}]},{\"@type\":\"ImageObject\",\"inLanguage\":\"fr-FR\",\"@id\":\"https:\\\/\\\/i-confort.com\\\/?product=smeg-bouloir-klf-04-wheu#primaryimage\",\"url\":\"https:\\\/\\\/i-confort.com\\\/wp-content\\\/uploads\\\/2024\\\/11\\\/smeg-klf04wheu.jpg\",\"contentUrl\":\"https:\\\/\\\/i-confort.com\\\/wp-content\\\/uploads\\\/2024\\\/11\\\/smeg-klf04wheu.jpg\",\"width\":800,\"height\":800},{\"@type\":\"BreadcrumbList\",\"@id\":\"https:\\\/\\\/i-confort.com\\\/?product=smeg-bouloir-klf-04-wheu#breadcrumb\",\"itemListElement\":[{\"@type\":\"ListItem\",\"position\":1,\"name\":\"Home\",\"item\":\"https:\\\/\\\/i-confort.com\\\/\"},{\"@type\":\"ListItem\",\"position\":2,\"name\":\"Boutique\",\"item\":\"https:\\\/\\\/i-confort.com\\\/?page_id=7\"},{\"@type\":\"ListItem\",\"position\":3,\"name\":\"Smeg bouloir KLF 04 WHEU\"}]},{\"@type\":\"WebSite\",\"@id\":\"https:\\\/\\\/i-confort.com\\\/#website\",\"url\":\"https:\\\/\\\/i-confort.com\\\/\",\"name\":\"I-CONFORT\",\"description\":\"Site de vente en ligne\",\"potentialAction\":[{\"@type\":\"SearchAction\",\"target\":{\"@type\":\"EntryPoint\",\"urlTemplate\":\"https:\\\/\\\/i-confort.com\\\/?s={search_term_string}\"},\"query-input\":{\"@type\":\"PropertyValueSpecification\",\"valueRequired\":true,\"valueName\":\"search_term_string\"}}],\"inLanguage\":\"fr-FR\"}]}<\/script>\n<!-- \/ Yoast SEO plugin. -->","yoast_head_json":{"title":"Smeg bouloir KLF 04 WHEU - I-CONFORT","robots":{"index":"index","follow":"follow","max-snippet":"max-snippet:-1","max-image-preview":"max-image-preview:large","max-video-preview":"max-video-preview:-1"},"canonical":"https:\/\/i-confort.com\/?product=smeg-bouloir-klf-04-wheu","og_locale":"fr_FR","og_type":"article","og_title":"Smeg bouloir KLF 04 WHEU - I-CONFORT","og_description":"Capacit\u00e9 1,7 litresPuissance 2400 WattsTemp\u00e9rature vari\u00e9Filtre inox anticalcaire - R\u00e9sistance cach\u00e9eCouvercle \u00e0\u00a0 ouverture progressiveBase d\u00e9tachable et rotative \u00e0\u00a0 360\u00b0CArret automatique","og_url":"https:\/\/i-confort.com\/?product=smeg-bouloir-klf-04-wheu","og_site_name":"I-CONFORT","article_modified_time":"2025-01-14T12:29:17+00:00","og_image":[{"width":800,"height":800,"url":"https:\/\/i-confort.com\/wp-content\/uploads\/2024\/11\/smeg-klf04wheu.jpg","type":"image\/jpeg"}],"twitter_card":"summary_large_image","schema":{"@context":"https:\/\/schema.org","@graph":[{"@type":"WebPage","@id":"https:\/\/i-confort.com\/?product=smeg-bouloir-klf-04-wheu","url":"https:\/\/i-confort.com\/?product=smeg-bouloir-klf-04-wheu","name":"Smeg bouloir KLF 04 WHEU - I-CONFORT","isPartOf":{"@id":"https:\/\/i-confort.com\/#website"},"primaryImageOfPage":{"@id":"https:\/\/i-confort.com\/?product=smeg-bouloir-klf-04-wheu#primaryimage"},"image":{"@id":"https:\/\/i-confort.com\/?product=smeg-bouloir-klf-04-wheu#primaryimage"},"thumbnailUrl":"https:\/\/i-confort.com\/wp-content\/uploads\/2024\/11\/smeg-klf04wheu.jpg","datePublished":"2024-11-30T09:11:23+00:00","dateModified":"2025-01-14T12:29:17+00:00","breadcrumb":{"@id":"https:\/\/i-confort.com\/?product=smeg-bouloir-klf-04-wheu#breadcrumb"},"inLanguage":"fr-FR","potentialAction":[{"@type":"ReadAction","target":["https:\/\/i-confort.com\/?product=smeg-bouloir-klf-04-wheu"]}]},{"@type":"ImageObject","inLanguage":"fr-FR","@id":"https:\/\/i-confort.com\/?product=smeg-bouloir-klf-04-wheu#primaryimage","url":"https:\/\/i-confort.com\/wp-content\/uploads\/2024\/11\/smeg-klf04wheu.jpg","contentUrl":"https:\/\/i-confort.com\/wp-content\/uploads\/2024\/11\/smeg-klf04wheu.jpg","width":800,"height":800},{"@type":"BreadcrumbList","@id":"https:\/\/i-confort.com\/?product=smeg-bouloir-klf-04-wheu#breadcrumb","itemListElement":[{"@type":"ListItem","position":1,"name":"Home","item":"https:\/\/i-confort.com\/"},{"@type":"ListItem","position":2,"name":"Boutique","item":"https:\/\/i-confort.com\/?page_id=7"},{"@type":"ListItem","position":3,"name":"Smeg bouloir KLF 04 WHEU"}]},{"@type":"WebSite","@id":"https:\/\/i-confort.com\/#website","url":"https:\/\/i-confort.com\/","name":"I-CONFORT","description":"Site de vente en ligne","potentialAction":[{"@type":"SearchAction","target":{"@type":"EntryPoint","urlTemplate":"https:\/\/i-confort.com\/?s={search_term_string}"},"query-input":{"@type":"PropertyValueSpecification","valueRequired":true,"valueName":"search_term_string"}}],"inLanguage":"fr-FR"}]}},"brands":[],"_links":{"self":[{"href":"https:\/\/i-confort.com\/index.php?rest_route=\/wp\/v2\/product\/21632","targetHints":{"allow":["GET"]}}],"collection":[{"href":"https:\/\/i-confort.com\/index.php?rest_route=\/wp\/v2\/product"}],"about":[{"href":"https:\/\/i-confort.com\/index.php?rest_route=\/wp\/v2\/types\/product"}],"wp:featuredmedia":[{"embeddable":true,"href":"https:\/\/i-confort.com\/index.php?rest_route=\/wp\/v2\/media\/21630"}],"wp:attachment":[{"href":"https:\/\/i-confort.com\/index.php?rest_route=%2Fwp%2Fv2%2Fmedia&parent=21632"}],"wp:term":[{"taxonomy":"pwb-brand","embeddable":true,"href":"https:\/\/i-confort.com\/index.php?rest_route=%2Fwp%2Fv2%2Fpwb-brand&post=21632"},{"taxonomy":"product_brand","embeddable":true,"href":"https:\/\/i-confort.com\/index.php?rest_route=%2Fwp%2Fv2%2Fproduct_brand&post=21632"},{"taxonomy":"product_cat","embeddable":true,"href":"https:\/\/i-confort.com\/index.php?rest_route=%2Fwp%2Fv2%2Fproduct_cat&post=21632"},{"taxonomy":"product_tag","embeddable":true,"href":"https:\/\/i-confort.com\/index.php?rest_route=%2Fwp%2Fv2%2Fproduct_tag&post=21632"}],"curies":[{"name":"wp","href":"https:\/\/api.w.org\/{rel}","templated":true}]}}