{"id":21643,"date":"2024-11-30T10:39:36","date_gmt":"2024-11-30T10:39:36","guid":{"rendered":"https:\/\/i-confort.com\/?product=bisell-aspirateur-balais-ref2024n"},"modified":"2024-11-30T10:39:36","modified_gmt":"2024-11-30T10:39:36","slug":"bisell-aspirateur-balais-ref2024n","status":"publish","type":"product","link":"https:\/\/i-confort.com\/?product=bisell-aspirateur-balais-ref2024n","title":{"rendered":"Bisell aspirateur balais REF2024N"},"content":{"rendered":"<p><br data-mce-bogus=\"1\"><\/p>\n","protected":false},"excerpt":{"rendered":"<h1 class=\"h1\" style=\"font-size: 20px;margin: 0px;font-family: Montserrat;font-weight: 400;line-height: 1;text-transform: uppercase;padding: 0px 0px 15px;border: none\">Aspirateurs<\/h1>\n<div id=\"category-description\" class=\"text-muted\" style=\"font-size: 14px;font-family: Montserrat\">\n<p style=\"margin: 0px 0px 1.25rem\">Tapis, carrelage, plancher de bois dur, sol stratifi\u00e9&#8230; Avec votre aspirateur BISSELL, \u00e9liminez la salet\u00e9, la poussi\u00e8re et les d\u00e9bris de tous vos sols. Il existe un mod\u00e8le pour chaque application et chaque mode de vie. L\u00e9gers, robustes, polyvalents et simples \u00e0 utiliser, ils offrent une aspiration puissante et un fonctionnement ininterrompu et r\u00e9gulier, avec ou sans cordon d&rsquo;alimentation.<\/p>\n<\/div>\n","protected":false},"featured_media":21642,"template":"","meta":{"_coblocks_attr":"","_coblocks_dimensions":"","_coblocks_responsive_height":"","_coblocks_accordion_ie_support":""},"pwb-brand":[],"product_brand":[],"product_cat":[97],"product_tag":[],"class_list":{"0":"post-21643","1":"product","2":"type-product","3":"status-publish","4":"has-post-thumbnail","6":"product_cat-electromenagers","9":"first","10":"instock","11":"taxable","12":"shipping-taxable","13":"purchasable","14":"product-type-simple"},"yoast_head":"<!-- This site is optimized with the Yoast SEO plugin v27.4 - https:\/\/yoast.com\/product\/yoast-seo-wordpress\/ -->\n<title>Bisell aspirateur balais REF2024N - I-CONFORT<\/title>\n<meta name=\"robots\" content=\"index, follow, max-snippet:-1, max-image-preview:large, max-video-preview:-1\" \/>\n<link rel=\"canonical\" href=\"https:\/\/i-confort.com\/?product=bisell-aspirateur-balais-ref2024n\" \/>\n<meta property=\"og:locale\" content=\"fr_FR\" \/>\n<meta property=\"og:type\" content=\"article\" \/>\n<meta property=\"og:title\" content=\"Bisell aspirateur balais REF2024N - I-CONFORT\" \/>\n<meta property=\"og:description\" content=\"AspirateursTapis, carrelage, plancher de bois dur, sol stratifi\u00e9... Avec votre aspirateur BISSELL, \u00e9liminez la salet\u00e9, la poussi\u00e8re et les d\u00e9bris de tous vos sols. Il existe un mod\u00e8le pour chaque application et chaque mode de vie. L\u00e9gers, robustes, polyvalents et simples \u00e0 utiliser, ils offrent une aspiration puissante et un fonctionnement ininterrompu et r\u00e9gulier, avec ou sans cordon d&#039;alimentation.\" \/>\n<meta property=\"og:url\" content=\"https:\/\/i-confort.com\/?product=bisell-aspirateur-balais-ref2024n\" \/>\n<meta property=\"og:site_name\" content=\"I-CONFORT\" \/>\n<meta property=\"og:image\" content=\"https:\/\/i-confort.com\/wp-content\/uploads\/2024\/11\/BISELL.jpg\" \/>\n\t<meta property=\"og:image:width\" content=\"225\" \/>\n\t<meta property=\"og:image:height\" content=\"225\" \/>\n\t<meta property=\"og:image:type\" content=\"image\/jpeg\" \/>\n<meta name=\"twitter:card\" content=\"summary_large_image\" \/>\n<script type=\"application\/ld+json\" class=\"yoast-schema-graph\">{\"@context\":\"https:\\\/\\\/schema.org\",\"@graph\":[{\"@type\":\"WebPage\",\"@id\":\"https:\\\/\\\/i-confort.com\\\/?product=bisell-aspirateur-balais-ref2024n\",\"url\":\"https:\\\/\\\/i-confort.com\\\/?product=bisell-aspirateur-balais-ref2024n\",\"name\":\"Bisell aspirateur balais REF2024N - I-CONFORT\",\"isPartOf\":{\"@id\":\"https:\\\/\\\/i-confort.com\\\/#website\"},\"primaryImageOfPage\":{\"@id\":\"https:\\\/\\\/i-confort.com\\\/?product=bisell-aspirateur-balais-ref2024n#primaryimage\"},\"image\":{\"@id\":\"https:\\\/\\\/i-confort.com\\\/?product=bisell-aspirateur-balais-ref2024n#primaryimage\"},\"thumbnailUrl\":\"https:\\\/\\\/i-confort.com\\\/wp-content\\\/uploads\\\/2024\\\/11\\\/BISELL.jpg\",\"datePublished\":\"2024-11-30T10:39:36+00:00\",\"breadcrumb\":{\"@id\":\"https:\\\/\\\/i-confort.com\\\/?product=bisell-aspirateur-balais-ref2024n#breadcrumb\"},\"inLanguage\":\"fr-FR\",\"potentialAction\":[{\"@type\":\"ReadAction\",\"target\":[\"https:\\\/\\\/i-confort.com\\\/?product=bisell-aspirateur-balais-ref2024n\"]}]},{\"@type\":\"ImageObject\",\"inLanguage\":\"fr-FR\",\"@id\":\"https:\\\/\\\/i-confort.com\\\/?product=bisell-aspirateur-balais-ref2024n#primaryimage\",\"url\":\"https:\\\/\\\/i-confort.com\\\/wp-content\\\/uploads\\\/2024\\\/11\\\/BISELL.jpg\",\"contentUrl\":\"https:\\\/\\\/i-confort.com\\\/wp-content\\\/uploads\\\/2024\\\/11\\\/BISELL.jpg\",\"width\":225,\"height\":225},{\"@type\":\"BreadcrumbList\",\"@id\":\"https:\\\/\\\/i-confort.com\\\/?product=bisell-aspirateur-balais-ref2024n#breadcrumb\",\"itemListElement\":[{\"@type\":\"ListItem\",\"position\":1,\"name\":\"Home\",\"item\":\"https:\\\/\\\/i-confort.com\\\/\"},{\"@type\":\"ListItem\",\"position\":2,\"name\":\"Boutique\",\"item\":\"https:\\\/\\\/i-confort.com\\\/?page_id=7\"},{\"@type\":\"ListItem\",\"position\":3,\"name\":\"Bisell aspirateur balais REF2024N\"}]},{\"@type\":\"WebSite\",\"@id\":\"https:\\\/\\\/i-confort.com\\\/#website\",\"url\":\"https:\\\/\\\/i-confort.com\\\/\",\"name\":\"I-CONFORT\",\"description\":\"Site de vente en ligne\",\"potentialAction\":[{\"@type\":\"SearchAction\",\"target\":{\"@type\":\"EntryPoint\",\"urlTemplate\":\"https:\\\/\\\/i-confort.com\\\/?s={search_term_string}\"},\"query-input\":{\"@type\":\"PropertyValueSpecification\",\"valueRequired\":true,\"valueName\":\"search_term_string\"}}],\"inLanguage\":\"fr-FR\"}]}<\/script>\n<!-- \/ Yoast SEO plugin. -->","yoast_head_json":{"title":"Bisell aspirateur balais REF2024N - I-CONFORT","robots":{"index":"index","follow":"follow","max-snippet":"max-snippet:-1","max-image-preview":"max-image-preview:large","max-video-preview":"max-video-preview:-1"},"canonical":"https:\/\/i-confort.com\/?product=bisell-aspirateur-balais-ref2024n","og_locale":"fr_FR","og_type":"article","og_title":"Bisell aspirateur balais REF2024N - I-CONFORT","og_description":"AspirateursTapis, carrelage, plancher de bois dur, sol stratifi\u00e9... Avec votre aspirateur BISSELL, \u00e9liminez la salet\u00e9, la poussi\u00e8re et les d\u00e9bris de tous vos sols. Il existe un mod\u00e8le pour chaque application et chaque mode de vie. L\u00e9gers, robustes, polyvalents et simples \u00e0 utiliser, ils offrent une aspiration puissante et un fonctionnement ininterrompu et r\u00e9gulier, avec ou sans cordon d'alimentation.","og_url":"https:\/\/i-confort.com\/?product=bisell-aspirateur-balais-ref2024n","og_site_name":"I-CONFORT","og_image":[{"width":225,"height":225,"url":"https:\/\/i-confort.com\/wp-content\/uploads\/2024\/11\/BISELL.jpg","type":"image\/jpeg"}],"twitter_card":"summary_large_image","schema":{"@context":"https:\/\/schema.org","@graph":[{"@type":"WebPage","@id":"https:\/\/i-confort.com\/?product=bisell-aspirateur-balais-ref2024n","url":"https:\/\/i-confort.com\/?product=bisell-aspirateur-balais-ref2024n","name":"Bisell aspirateur balais REF2024N - I-CONFORT","isPartOf":{"@id":"https:\/\/i-confort.com\/#website"},"primaryImageOfPage":{"@id":"https:\/\/i-confort.com\/?product=bisell-aspirateur-balais-ref2024n#primaryimage"},"image":{"@id":"https:\/\/i-confort.com\/?product=bisell-aspirateur-balais-ref2024n#primaryimage"},"thumbnailUrl":"https:\/\/i-confort.com\/wp-content\/uploads\/2024\/11\/BISELL.jpg","datePublished":"2024-11-30T10:39:36+00:00","breadcrumb":{"@id":"https:\/\/i-confort.com\/?product=bisell-aspirateur-balais-ref2024n#breadcrumb"},"inLanguage":"fr-FR","potentialAction":[{"@type":"ReadAction","target":["https:\/\/i-confort.com\/?product=bisell-aspirateur-balais-ref2024n"]}]},{"@type":"ImageObject","inLanguage":"fr-FR","@id":"https:\/\/i-confort.com\/?product=bisell-aspirateur-balais-ref2024n#primaryimage","url":"https:\/\/i-confort.com\/wp-content\/uploads\/2024\/11\/BISELL.jpg","contentUrl":"https:\/\/i-confort.com\/wp-content\/uploads\/2024\/11\/BISELL.jpg","width":225,"height":225},{"@type":"BreadcrumbList","@id":"https:\/\/i-confort.com\/?product=bisell-aspirateur-balais-ref2024n#breadcrumb","itemListElement":[{"@type":"ListItem","position":1,"name":"Home","item":"https:\/\/i-confort.com\/"},{"@type":"ListItem","position":2,"name":"Boutique","item":"https:\/\/i-confort.com\/?page_id=7"},{"@type":"ListItem","position":3,"name":"Bisell aspirateur balais REF2024N"}]},{"@type":"WebSite","@id":"https:\/\/i-confort.com\/#website","url":"https:\/\/i-confort.com\/","name":"I-CONFORT","description":"Site de vente en ligne","potentialAction":[{"@type":"SearchAction","target":{"@type":"EntryPoint","urlTemplate":"https:\/\/i-confort.com\/?s={search_term_string}"},"query-input":{"@type":"PropertyValueSpecification","valueRequired":true,"valueName":"search_term_string"}}],"inLanguage":"fr-FR"}]}},"brands":[],"_links":{"self":[{"href":"https:\/\/i-confort.com\/index.php?rest_route=\/wp\/v2\/product\/21643","targetHints":{"allow":["GET"]}}],"collection":[{"href":"https:\/\/i-confort.com\/index.php?rest_route=\/wp\/v2\/product"}],"about":[{"href":"https:\/\/i-confort.com\/index.php?rest_route=\/wp\/v2\/types\/product"}],"wp:featuredmedia":[{"embeddable":true,"href":"https:\/\/i-confort.com\/index.php?rest_route=\/wp\/v2\/media\/21642"}],"wp:attachment":[{"href":"https:\/\/i-confort.com\/index.php?rest_route=%2Fwp%2Fv2%2Fmedia&parent=21643"}],"wp:term":[{"taxonomy":"pwb-brand","embeddable":true,"href":"https:\/\/i-confort.com\/index.php?rest_route=%2Fwp%2Fv2%2Fpwb-brand&post=21643"},{"taxonomy":"product_brand","embeddable":true,"href":"https:\/\/i-confort.com\/index.php?rest_route=%2Fwp%2Fv2%2Fproduct_brand&post=21643"},{"taxonomy":"product_cat","embeddable":true,"href":"https:\/\/i-confort.com\/index.php?rest_route=%2Fwp%2Fv2%2Fproduct_cat&post=21643"},{"taxonomy":"product_tag","embeddable":true,"href":"https:\/\/i-confort.com\/index.php?rest_route=%2Fwp%2Fv2%2Fproduct_tag&post=21643"}],"curies":[{"name":"wp","href":"https:\/\/api.w.org\/{rel}","templated":true}]}}