{"id":21645,"date":"2024-11-30T10:42:58","date_gmt":"2024-11-30T10:42:58","guid":{"rendered":"https:\/\/i-confort.com\/?product=bisell-aspirateur-cross-ref17132"},"modified":"2024-11-30T10:42:58","modified_gmt":"2024-11-30T10:42:58","slug":"bisell-aspirateur-cross-ref17132","status":"publish","type":"product","link":"https:\/\/i-confort.com\/?product=bisell-aspirateur-cross-ref17132","title":{"rendered":"Bisell aspirateur cross REF17132"},"content":{"rendered":"<p style=\"margin: 0px;font-size: 15px;font-family: Montserrat\">Le mod\u00e8le BISSELL CrossWaveTM aspire, nettoie et s\u00e8che en m\u00eame temps. Parfait pour les nettoyages multisurface habituels des sols durs et des tapis et pour r\u00e9sorber les petits et gros accidents qui tachent vos sols. Un panneau tactile num\u00e9rique vous permet de changer instantan\u00e9ment de surfaces et d&rsquo;utiliser autant ou aussi peu d&rsquo;eau qu&rsquo;il vous faut. Vous gardez toujours les commandes avec le mod\u00e8le CrossWave de BISSELL.<\/p>\n<p style=\"margin: 0px;font-size: 15px;font-family: Montserrat\">Nettoyez plusieurs types de sol en une seule action. Le rouleau \u00e0 brosses unique frotte et nettoie les sols pour un nettoyage plus en profondeur. De plus, il ne laisse pas d&rsquo;eau sale sur le sol. Les commandes tactiles num\u00e9riques permettent un contr\u00f4le pratique et intuitif du nettoyage. Technologie double r\u00e9servoir facile \u00e0 retirer. Les r\u00e9servoirs d&rsquo;eau sale et d&rsquo;eau propre s\u00e9par\u00e9s \u00e9liminent le besoin de changer l&rsquo;eau fr\u00e9quemment et vous assurent de toujours nettoyer vos sols \u00e0 l&rsquo;eau propre.<\/p>\n<p style=\"margin: 0px;font-size: 15px;font-family: Montserrat\">Votre CrossWave est accompagn\u00e9 de la formule multisurface de BISSELL, sp\u00e9cialement con\u00e7ue pour le CrossWave. Afin de profiter au mieux de votre appareil, veuillez continuer \u00e0 utiliser la formule nettoyante multisurface de BISSELL \u00e0 chaque fois avec votre CrossWave.<\/p>\n<ul style=\"margin: 0px;padding: 0px;font-family: Montserrat;font-size: 15px\">\n<li>3-en-1 ; lavez et s\u00e9chez les sols durs et les tapis en m\u00eame temps<\/li>\n<li>Un bac de nettoyage simple \u00e0 utiliser permet un nettoyage rapide et complet du rouleau de brossage et de l&#8217;embout apr\u00e8s utilisation<\/li>\n<li>Un rouleau de brossage multisurface unique qui nettoie et permet de s\u00e9cher les sols durs et les tapis<\/li>\n<li>Des bacs s\u00e9par\u00e9s pour l&rsquo;eau propre et l&rsquo;eau sale, faciles \u00e0 retirer facilitant la vidange et le remplissage<\/li>\n<li>Pied de profil mince et t\u00eate pivotante pour plus de man\u0153uvrabilit\u00e9<\/li>\n<\/ul>\n","protected":false},"excerpt":{"rendered":"<p><br data-mce-bogus=\"1\"><\/p>\n","protected":false},"featured_media":21644,"template":"","meta":{"_coblocks_attr":"","_coblocks_dimensions":"","_coblocks_responsive_height":"","_coblocks_accordion_ie_support":""},"pwb-brand":[],"product_brand":[],"product_cat":[97],"product_tag":[],"class_list":{"0":"post-21645","1":"product","2":"type-product","3":"status-publish","4":"has-post-thumbnail","6":"product_cat-electromenagers","9":"first","10":"instock","11":"taxable","12":"shipping-taxable","13":"purchasable","14":"product-type-simple"},"yoast_head":"<!-- This site is optimized with the Yoast SEO plugin v27.4 - https:\/\/yoast.com\/product\/yoast-seo-wordpress\/ -->\n<title>Bisell aspirateur cross REF17132 - I-CONFORT<\/title>\n<meta name=\"robots\" content=\"index, follow, max-snippet:-1, max-image-preview:large, max-video-preview:-1\" \/>\n<link rel=\"canonical\" href=\"https:\/\/i-confort.com\/?product=bisell-aspirateur-cross-ref17132\" \/>\n<meta property=\"og:locale\" content=\"fr_FR\" \/>\n<meta property=\"og:type\" content=\"article\" \/>\n<meta property=\"og:title\" content=\"Bisell aspirateur cross REF17132 - I-CONFORT\" \/>\n<meta property=\"og:url\" content=\"https:\/\/i-confort.com\/?product=bisell-aspirateur-cross-ref17132\" \/>\n<meta property=\"og:site_name\" content=\"I-CONFORT\" \/>\n<meta property=\"og:image\" content=\"https:\/\/i-confort.com\/wp-content\/uploads\/2024\/11\/bissell-crossawave-171-32-bleu.jpg\" \/>\n\t<meta property=\"og:image:width\" content=\"486\" \/>\n\t<meta property=\"og:image:height\" content=\"1450\" \/>\n\t<meta property=\"og:image:type\" content=\"image\/jpeg\" \/>\n<meta name=\"twitter:card\" content=\"summary_large_image\" \/>\n<meta name=\"twitter:label1\" content=\"Dur\u00e9e de lecture estim\u00e9e\" \/>\n\t<meta name=\"twitter:data1\" content=\"1 minute\" \/>\n<script type=\"application\/ld+json\" class=\"yoast-schema-graph\">{\"@context\":\"https:\\\/\\\/schema.org\",\"@graph\":[{\"@type\":\"WebPage\",\"@id\":\"https:\\\/\\\/i-confort.com\\\/?product=bisell-aspirateur-cross-ref17132\",\"url\":\"https:\\\/\\\/i-confort.com\\\/?product=bisell-aspirateur-cross-ref17132\",\"name\":\"Bisell aspirateur cross REF17132 - I-CONFORT\",\"isPartOf\":{\"@id\":\"https:\\\/\\\/i-confort.com\\\/#website\"},\"primaryImageOfPage\":{\"@id\":\"https:\\\/\\\/i-confort.com\\\/?product=bisell-aspirateur-cross-ref17132#primaryimage\"},\"image\":{\"@id\":\"https:\\\/\\\/i-confort.com\\\/?product=bisell-aspirateur-cross-ref17132#primaryimage\"},\"thumbnailUrl\":\"https:\\\/\\\/i-confort.com\\\/wp-content\\\/uploads\\\/2024\\\/11\\\/bissell-crossawave-171-32-bleu.jpg\",\"datePublished\":\"2024-11-30T10:42:58+00:00\",\"breadcrumb\":{\"@id\":\"https:\\\/\\\/i-confort.com\\\/?product=bisell-aspirateur-cross-ref17132#breadcrumb\"},\"inLanguage\":\"fr-FR\",\"potentialAction\":[{\"@type\":\"ReadAction\",\"target\":[\"https:\\\/\\\/i-confort.com\\\/?product=bisell-aspirateur-cross-ref17132\"]}]},{\"@type\":\"ImageObject\",\"inLanguage\":\"fr-FR\",\"@id\":\"https:\\\/\\\/i-confort.com\\\/?product=bisell-aspirateur-cross-ref17132#primaryimage\",\"url\":\"https:\\\/\\\/i-confort.com\\\/wp-content\\\/uploads\\\/2024\\\/11\\\/bissell-crossawave-171-32-bleu.jpg\",\"contentUrl\":\"https:\\\/\\\/i-confort.com\\\/wp-content\\\/uploads\\\/2024\\\/11\\\/bissell-crossawave-171-32-bleu.jpg\",\"width\":486,\"height\":1450},{\"@type\":\"BreadcrumbList\",\"@id\":\"https:\\\/\\\/i-confort.com\\\/?product=bisell-aspirateur-cross-ref17132#breadcrumb\",\"itemListElement\":[{\"@type\":\"ListItem\",\"position\":1,\"name\":\"Home\",\"item\":\"https:\\\/\\\/i-confort.com\\\/\"},{\"@type\":\"ListItem\",\"position\":2,\"name\":\"Boutique\",\"item\":\"https:\\\/\\\/i-confort.com\\\/?page_id=7\"},{\"@type\":\"ListItem\",\"position\":3,\"name\":\"Bisell aspirateur cross REF17132\"}]},{\"@type\":\"WebSite\",\"@id\":\"https:\\\/\\\/i-confort.com\\\/#website\",\"url\":\"https:\\\/\\\/i-confort.com\\\/\",\"name\":\"I-CONFORT\",\"description\":\"Site de vente en ligne\",\"potentialAction\":[{\"@type\":\"SearchAction\",\"target\":{\"@type\":\"EntryPoint\",\"urlTemplate\":\"https:\\\/\\\/i-confort.com\\\/?s={search_term_string}\"},\"query-input\":{\"@type\":\"PropertyValueSpecification\",\"valueRequired\":true,\"valueName\":\"search_term_string\"}}],\"inLanguage\":\"fr-FR\"}]}<\/script>\n<!-- \/ Yoast SEO plugin. -->","yoast_head_json":{"title":"Bisell aspirateur cross REF17132 - I-CONFORT","robots":{"index":"index","follow":"follow","max-snippet":"max-snippet:-1","max-image-preview":"max-image-preview:large","max-video-preview":"max-video-preview:-1"},"canonical":"https:\/\/i-confort.com\/?product=bisell-aspirateur-cross-ref17132","og_locale":"fr_FR","og_type":"article","og_title":"Bisell aspirateur cross REF17132 - I-CONFORT","og_url":"https:\/\/i-confort.com\/?product=bisell-aspirateur-cross-ref17132","og_site_name":"I-CONFORT","og_image":[{"width":486,"height":1450,"url":"https:\/\/i-confort.com\/wp-content\/uploads\/2024\/11\/bissell-crossawave-171-32-bleu.jpg","type":"image\/jpeg"}],"twitter_card":"summary_large_image","twitter_misc":{"Dur\u00e9e de lecture estim\u00e9e":"1 minute"},"schema":{"@context":"https:\/\/schema.org","@graph":[{"@type":"WebPage","@id":"https:\/\/i-confort.com\/?product=bisell-aspirateur-cross-ref17132","url":"https:\/\/i-confort.com\/?product=bisell-aspirateur-cross-ref17132","name":"Bisell aspirateur cross REF17132 - I-CONFORT","isPartOf":{"@id":"https:\/\/i-confort.com\/#website"},"primaryImageOfPage":{"@id":"https:\/\/i-confort.com\/?product=bisell-aspirateur-cross-ref17132#primaryimage"},"image":{"@id":"https:\/\/i-confort.com\/?product=bisell-aspirateur-cross-ref17132#primaryimage"},"thumbnailUrl":"https:\/\/i-confort.com\/wp-content\/uploads\/2024\/11\/bissell-crossawave-171-32-bleu.jpg","datePublished":"2024-11-30T10:42:58+00:00","breadcrumb":{"@id":"https:\/\/i-confort.com\/?product=bisell-aspirateur-cross-ref17132#breadcrumb"},"inLanguage":"fr-FR","potentialAction":[{"@type":"ReadAction","target":["https:\/\/i-confort.com\/?product=bisell-aspirateur-cross-ref17132"]}]},{"@type":"ImageObject","inLanguage":"fr-FR","@id":"https:\/\/i-confort.com\/?product=bisell-aspirateur-cross-ref17132#primaryimage","url":"https:\/\/i-confort.com\/wp-content\/uploads\/2024\/11\/bissell-crossawave-171-32-bleu.jpg","contentUrl":"https:\/\/i-confort.com\/wp-content\/uploads\/2024\/11\/bissell-crossawave-171-32-bleu.jpg","width":486,"height":1450},{"@type":"BreadcrumbList","@id":"https:\/\/i-confort.com\/?product=bisell-aspirateur-cross-ref17132#breadcrumb","itemListElement":[{"@type":"ListItem","position":1,"name":"Home","item":"https:\/\/i-confort.com\/"},{"@type":"ListItem","position":2,"name":"Boutique","item":"https:\/\/i-confort.com\/?page_id=7"},{"@type":"ListItem","position":3,"name":"Bisell aspirateur cross REF17132"}]},{"@type":"WebSite","@id":"https:\/\/i-confort.com\/#website","url":"https:\/\/i-confort.com\/","name":"I-CONFORT","description":"Site de vente en ligne","potentialAction":[{"@type":"SearchAction","target":{"@type":"EntryPoint","urlTemplate":"https:\/\/i-confort.com\/?s={search_term_string}"},"query-input":{"@type":"PropertyValueSpecification","valueRequired":true,"valueName":"search_term_string"}}],"inLanguage":"fr-FR"}]}},"brands":[],"_links":{"self":[{"href":"https:\/\/i-confort.com\/index.php?rest_route=\/wp\/v2\/product\/21645","targetHints":{"allow":["GET"]}}],"collection":[{"href":"https:\/\/i-confort.com\/index.php?rest_route=\/wp\/v2\/product"}],"about":[{"href":"https:\/\/i-confort.com\/index.php?rest_route=\/wp\/v2\/types\/product"}],"wp:featuredmedia":[{"embeddable":true,"href":"https:\/\/i-confort.com\/index.php?rest_route=\/wp\/v2\/media\/21644"}],"wp:attachment":[{"href":"https:\/\/i-confort.com\/index.php?rest_route=%2Fwp%2Fv2%2Fmedia&parent=21645"}],"wp:term":[{"taxonomy":"pwb-brand","embeddable":true,"href":"https:\/\/i-confort.com\/index.php?rest_route=%2Fwp%2Fv2%2Fpwb-brand&post=21645"},{"taxonomy":"product_brand","embeddable":true,"href":"https:\/\/i-confort.com\/index.php?rest_route=%2Fwp%2Fv2%2Fproduct_brand&post=21645"},{"taxonomy":"product_cat","embeddable":true,"href":"https:\/\/i-confort.com\/index.php?rest_route=%2Fwp%2Fv2%2Fproduct_cat&post=21645"},{"taxonomy":"product_tag","embeddable":true,"href":"https:\/\/i-confort.com\/index.php?rest_route=%2Fwp%2Fv2%2Fproduct_tag&post=21645"}],"curies":[{"name":"wp","href":"https:\/\/api.w.org\/{rel}","templated":true}]}}