{"id":21649,"date":"2024-12-01T08:34:44","date_gmt":"2024-12-01T08:34:44","guid":{"rendered":"https:\/\/i-confort.com\/?product=black-decker-prese-argume-25w"},"modified":"2024-12-01T08:35:06","modified_gmt":"2024-12-01T08:35:06","slug":"black-decker-prese-argume-25w","status":"publish","type":"product","link":"https:\/\/i-confort.com\/?product=black-decker-prese-argume-25w","title":{"rendered":"Black decker prese argume 25W"},"content":{"rendered":"<p><\/p>\n","protected":false},"excerpt":{"rendered":"<ul style=\"margin-top: 0px;padding: 0px;margin-bottom: 1.3em;font-family: sans-serif;font-size: medium\" data-mce-style=\"margin-top: 0px; padding: 0px; margin-bottom: 1.3em; font-family: sans-serif; font-size: medium;\">\n<li class=\"a-spacing-mini\" style=\"margin-bottom: 0.6em;margin-left: 1.3em\" data-mce-style=\"margin-bottom: 0.6em; margin-left: 1.3em;\"><span class=\"a-list-item\">PRESSE-AGRUMES ID\u00c9AL : Un presse-agrumes transparent sans BPA, d\u2019une capaci\u00e9 de 350 ml. Graduation de 50 \u00e0 350 mlsur le bol.<\/span><\/li>\n<li class=\"a-spacing-mini\" style=\"margin-bottom: 0.6em;margin-left: 1.3em\" data-mce-style=\"margin-bottom: 0.6em; margin-left: 1.3em;\"><span class=\"a-list-item\">EPAISSEUR DE LA PULPE R\u00c9GLABLE : En un claquement de doigt s\u00e9lectionn\u00e9 la densit\u00e9 de pulpe d\u00e9sir\u00e9 pour un jus \u00e0 votre go\u00fbt.<\/span><\/li>\n<li class=\"a-spacing-mini\" style=\"margin-bottom: 0.6em;margin-left: 1.3em\" data-mce-style=\"margin-bottom: 0.6em; margin-left: 1.3em;\"><span class=\"a-list-item\">PUISSANT : Une extraction maximale du jus avec 25W de puissance. C\u00f4ne \u00e0 double sens qui permet de profiter jusqu\u2019\u00e0 la derni\u00e8re goutte de jus.<\/span><\/li>\n<li class=\"a-spacing-mini\" style=\"margin-bottom: 0.6em;margin-left: 1.3em\" data-mce-style=\"margin-bottom: 0.6em; margin-left: 1.3em;\"><span class=\"a-list-item\">TOTALEMENT D\u00c9MONTABLE : Apte \u00e0 une machine \u00e0 laver. Totalement d\u00e9montable pour pouvoir facilement le nettoyer.<\/span><\/li>\n<\/ul>\n","protected":false},"featured_media":21648,"template":"","meta":{"_coblocks_attr":"","_coblocks_dimensions":"","_coblocks_responsive_height":"","_coblocks_accordion_ie_support":""},"pwb-brand":[],"product_brand":[],"product_cat":[],"product_tag":[],"class_list":{"0":"post-21649","1":"product","2":"type-product","3":"status-publish","4":"has-post-thumbnail","8":"first","9":"instock","10":"taxable","11":"shipping-taxable","12":"purchasable","13":"product-type-simple"},"yoast_head":"<!-- This site is optimized with the Yoast SEO plugin v27.4 - https:\/\/yoast.com\/product\/yoast-seo-wordpress\/ -->\n<title>Black decker prese argume 25W - I-CONFORT<\/title>\n<meta name=\"robots\" content=\"index, follow, max-snippet:-1, max-image-preview:large, max-video-preview:-1\" \/>\n<link rel=\"canonical\" href=\"https:\/\/i-confort.com\/?product=black-decker-prese-argume-25w\" \/>\n<meta property=\"og:locale\" content=\"fr_FR\" \/>\n<meta property=\"og:type\" content=\"article\" \/>\n<meta property=\"og:title\" content=\"Black decker prese argume 25W - I-CONFORT\" \/>\n<meta property=\"og:description\" content=\"PRESSE-AGRUMES ID\u00c9AL : Un presse-agrumes transparent sans BPA, d\u2019une capaci\u00e9 de 350 ml. Graduation de 50 \u00e0 350 mlsur le bol.EPAISSEUR DE LA PULPE R\u00c9GLABLE : En un claquement de doigt s\u00e9lectionn\u00e9 la densit\u00e9 de pulpe d\u00e9sir\u00e9 pour un jus \u00e0 votre go\u00fbt.PUISSANT : Une extraction maximale du jus avec 25W de puissance. C\u00f4ne \u00e0 double sens qui permet de profiter jusqu\u2019\u00e0 la derni\u00e8re goutte de jus.TOTALEMENT D\u00c9MONTABLE : Apte \u00e0 une machine \u00e0 laver. Totalement d\u00e9montable pour pouvoir facilement le nettoyer.\" \/>\n<meta property=\"og:url\" content=\"https:\/\/i-confort.com\/?product=black-decker-prese-argume-25w\" \/>\n<meta property=\"og:site_name\" content=\"I-CONFORT\" \/>\n<meta property=\"article:modified_time\" content=\"2024-12-01T08:35:06+00:00\" \/>\n<meta property=\"og:image\" content=\"https:\/\/i-confort.com\/wp-content\/uploads\/2024\/12\/images-10.jpg\" \/>\n\t<meta property=\"og:image:width\" content=\"225\" \/>\n\t<meta property=\"og:image:height\" content=\"225\" \/>\n\t<meta property=\"og:image:type\" content=\"image\/jpeg\" \/>\n<meta name=\"twitter:card\" content=\"summary_large_image\" \/>\n<script type=\"application\/ld+json\" class=\"yoast-schema-graph\">{\"@context\":\"https:\\\/\\\/schema.org\",\"@graph\":[{\"@type\":\"WebPage\",\"@id\":\"https:\\\/\\\/i-confort.com\\\/?product=black-decker-prese-argume-25w\",\"url\":\"https:\\\/\\\/i-confort.com\\\/?product=black-decker-prese-argume-25w\",\"name\":\"Black decker prese argume 25W - I-CONFORT\",\"isPartOf\":{\"@id\":\"https:\\\/\\\/i-confort.com\\\/#website\"},\"primaryImageOfPage\":{\"@id\":\"https:\\\/\\\/i-confort.com\\\/?product=black-decker-prese-argume-25w#primaryimage\"},\"image\":{\"@id\":\"https:\\\/\\\/i-confort.com\\\/?product=black-decker-prese-argume-25w#primaryimage\"},\"thumbnailUrl\":\"https:\\\/\\\/i-confort.com\\\/wp-content\\\/uploads\\\/2024\\\/12\\\/images-10.jpg\",\"datePublished\":\"2024-12-01T08:34:44+00:00\",\"dateModified\":\"2024-12-01T08:35:06+00:00\",\"breadcrumb\":{\"@id\":\"https:\\\/\\\/i-confort.com\\\/?product=black-decker-prese-argume-25w#breadcrumb\"},\"inLanguage\":\"fr-FR\",\"potentialAction\":[{\"@type\":\"ReadAction\",\"target\":[\"https:\\\/\\\/i-confort.com\\\/?product=black-decker-prese-argume-25w\"]}]},{\"@type\":\"ImageObject\",\"inLanguage\":\"fr-FR\",\"@id\":\"https:\\\/\\\/i-confort.com\\\/?product=black-decker-prese-argume-25w#primaryimage\",\"url\":\"https:\\\/\\\/i-confort.com\\\/wp-content\\\/uploads\\\/2024\\\/12\\\/images-10.jpg\",\"contentUrl\":\"https:\\\/\\\/i-confort.com\\\/wp-content\\\/uploads\\\/2024\\\/12\\\/images-10.jpg\",\"width\":225,\"height\":225},{\"@type\":\"BreadcrumbList\",\"@id\":\"https:\\\/\\\/i-confort.com\\\/?product=black-decker-prese-argume-25w#breadcrumb\",\"itemListElement\":[{\"@type\":\"ListItem\",\"position\":1,\"name\":\"Home\",\"item\":\"https:\\\/\\\/i-confort.com\\\/\"},{\"@type\":\"ListItem\",\"position\":2,\"name\":\"Boutique\",\"item\":\"https:\\\/\\\/i-confort.com\\\/?page_id=7\"},{\"@type\":\"ListItem\",\"position\":3,\"name\":\"Black decker prese argume 25W\"}]},{\"@type\":\"WebSite\",\"@id\":\"https:\\\/\\\/i-confort.com\\\/#website\",\"url\":\"https:\\\/\\\/i-confort.com\\\/\",\"name\":\"I-CONFORT\",\"description\":\"Site de vente en ligne\",\"potentialAction\":[{\"@type\":\"SearchAction\",\"target\":{\"@type\":\"EntryPoint\",\"urlTemplate\":\"https:\\\/\\\/i-confort.com\\\/?s={search_term_string}\"},\"query-input\":{\"@type\":\"PropertyValueSpecification\",\"valueRequired\":true,\"valueName\":\"search_term_string\"}}],\"inLanguage\":\"fr-FR\"}]}<\/script>\n<!-- \/ Yoast SEO plugin. -->","yoast_head_json":{"title":"Black decker prese argume 25W - I-CONFORT","robots":{"index":"index","follow":"follow","max-snippet":"max-snippet:-1","max-image-preview":"max-image-preview:large","max-video-preview":"max-video-preview:-1"},"canonical":"https:\/\/i-confort.com\/?product=black-decker-prese-argume-25w","og_locale":"fr_FR","og_type":"article","og_title":"Black decker prese argume 25W - I-CONFORT","og_description":"PRESSE-AGRUMES ID\u00c9AL : Un presse-agrumes transparent sans BPA, d\u2019une capaci\u00e9 de 350 ml. Graduation de 50 \u00e0 350 mlsur le bol.EPAISSEUR DE LA PULPE R\u00c9GLABLE : En un claquement de doigt s\u00e9lectionn\u00e9 la densit\u00e9 de pulpe d\u00e9sir\u00e9 pour un jus \u00e0 votre go\u00fbt.PUISSANT : Une extraction maximale du jus avec 25W de puissance. C\u00f4ne \u00e0 double sens qui permet de profiter jusqu\u2019\u00e0 la derni\u00e8re goutte de jus.TOTALEMENT D\u00c9MONTABLE : Apte \u00e0 une machine \u00e0 laver. Totalement d\u00e9montable pour pouvoir facilement le nettoyer.","og_url":"https:\/\/i-confort.com\/?product=black-decker-prese-argume-25w","og_site_name":"I-CONFORT","article_modified_time":"2024-12-01T08:35:06+00:00","og_image":[{"width":225,"height":225,"url":"https:\/\/i-confort.com\/wp-content\/uploads\/2024\/12\/images-10.jpg","type":"image\/jpeg"}],"twitter_card":"summary_large_image","schema":{"@context":"https:\/\/schema.org","@graph":[{"@type":"WebPage","@id":"https:\/\/i-confort.com\/?product=black-decker-prese-argume-25w","url":"https:\/\/i-confort.com\/?product=black-decker-prese-argume-25w","name":"Black decker prese argume 25W - I-CONFORT","isPartOf":{"@id":"https:\/\/i-confort.com\/#website"},"primaryImageOfPage":{"@id":"https:\/\/i-confort.com\/?product=black-decker-prese-argume-25w#primaryimage"},"image":{"@id":"https:\/\/i-confort.com\/?product=black-decker-prese-argume-25w#primaryimage"},"thumbnailUrl":"https:\/\/i-confort.com\/wp-content\/uploads\/2024\/12\/images-10.jpg","datePublished":"2024-12-01T08:34:44+00:00","dateModified":"2024-12-01T08:35:06+00:00","breadcrumb":{"@id":"https:\/\/i-confort.com\/?product=black-decker-prese-argume-25w#breadcrumb"},"inLanguage":"fr-FR","potentialAction":[{"@type":"ReadAction","target":["https:\/\/i-confort.com\/?product=black-decker-prese-argume-25w"]}]},{"@type":"ImageObject","inLanguage":"fr-FR","@id":"https:\/\/i-confort.com\/?product=black-decker-prese-argume-25w#primaryimage","url":"https:\/\/i-confort.com\/wp-content\/uploads\/2024\/12\/images-10.jpg","contentUrl":"https:\/\/i-confort.com\/wp-content\/uploads\/2024\/12\/images-10.jpg","width":225,"height":225},{"@type":"BreadcrumbList","@id":"https:\/\/i-confort.com\/?product=black-decker-prese-argume-25w#breadcrumb","itemListElement":[{"@type":"ListItem","position":1,"name":"Home","item":"https:\/\/i-confort.com\/"},{"@type":"ListItem","position":2,"name":"Boutique","item":"https:\/\/i-confort.com\/?page_id=7"},{"@type":"ListItem","position":3,"name":"Black decker prese argume 25W"}]},{"@type":"WebSite","@id":"https:\/\/i-confort.com\/#website","url":"https:\/\/i-confort.com\/","name":"I-CONFORT","description":"Site de vente en ligne","potentialAction":[{"@type":"SearchAction","target":{"@type":"EntryPoint","urlTemplate":"https:\/\/i-confort.com\/?s={search_term_string}"},"query-input":{"@type":"PropertyValueSpecification","valueRequired":true,"valueName":"search_term_string"}}],"inLanguage":"fr-FR"}]}},"brands":[],"_links":{"self":[{"href":"https:\/\/i-confort.com\/index.php?rest_route=\/wp\/v2\/product\/21649","targetHints":{"allow":["GET"]}}],"collection":[{"href":"https:\/\/i-confort.com\/index.php?rest_route=\/wp\/v2\/product"}],"about":[{"href":"https:\/\/i-confort.com\/index.php?rest_route=\/wp\/v2\/types\/product"}],"wp:featuredmedia":[{"embeddable":true,"href":"https:\/\/i-confort.com\/index.php?rest_route=\/wp\/v2\/media\/21648"}],"wp:attachment":[{"href":"https:\/\/i-confort.com\/index.php?rest_route=%2Fwp%2Fv2%2Fmedia&parent=21649"}],"wp:term":[{"taxonomy":"pwb-brand","embeddable":true,"href":"https:\/\/i-confort.com\/index.php?rest_route=%2Fwp%2Fv2%2Fpwb-brand&post=21649"},{"taxonomy":"product_brand","embeddable":true,"href":"https:\/\/i-confort.com\/index.php?rest_route=%2Fwp%2Fv2%2Fproduct_brand&post=21649"},{"taxonomy":"product_cat","embeddable":true,"href":"https:\/\/i-confort.com\/index.php?rest_route=%2Fwp%2Fv2%2Fproduct_cat&post=21649"},{"taxonomy":"product_tag","embeddable":true,"href":"https:\/\/i-confort.com\/index.php?rest_route=%2Fwp%2Fv2%2Fproduct_tag&post=21649"}],"curies":[{"name":"wp","href":"https:\/\/api.w.org\/{rel}","templated":true}]}}