{"id":21653,"date":"2024-12-01T09:02:47","date_gmt":"2024-12-01T09:02:47","guid":{"rendered":"https:\/\/i-confort.com\/?product=bosch-batteur-300w-ref-mfq3010-2"},"modified":"2024-12-01T09:02:48","modified_gmt":"2024-12-01T09:02:48","slug":"bosch-batteur-300w-ref-mfq3010-2","status":"publish","type":"product","link":"https:\/\/i-confort.com\/?product=bosch-batteur-300w-ref-mfq3010-2","title":{"rendered":"Bosch batteur 300w REF\/MFQ3010"},"content":{"rendered":"<p><br data-mce-bogus=\"1\"><\/p>\n","protected":false},"excerpt":{"rendered":"<p><span style=\"font-family: work;font-size: 14px\">Bosch Electrom\u00e9nager MFQ3010 Batteur \u00e0\u00a0 main puissant CleverMixx 300 W, 2 vitesses + turbo. Accessoires inclus. Blanc<\/span><br style=\"font-family: work;font-size: 14px\"><br style=\"font-family: work;font-size: 14px\"><span style=\"font-family: work;font-size: 14px\">&#8211; Gr\u00e2ce au puissant et silencieux moteur de 300 W, vous obtiendrez de bons r\u00e9sultats de m\u00e9lange et de p\u00e9trissage.<\/span><br style=\"font-family: work;font-size: 14px\"><span style=\"font-family: work;font-size: 14px\">&#8211; D&rsquo;un lent m\u00e9lange \u00e0\u00a0 un fouettage rapide en un clin d&rsquo;oeil. Deux vitesses et une fonction turbo assurent un m\u00e9lange et un p\u00e9trissage faciles jusqu&rsquo;\u00e0\u00a0 la consistance souhait\u00e9e.<\/span><br style=\"font-family: work;font-size: 14px\"><span style=\"font-family: work;font-size: 14px\">&#8211; Les accessoires en acier inoxydable s&rsquo;installent rapidement et sont efficaces, qu&rsquo;il s&rsquo;agisse de fouetter de la cr\u00e8me, de battre des blancs d&rsquo;\u00c5\u201cufs.<\/span><br style=\"font-family: work;font-size: 14px\"><span style=\"font-family: work;font-size: 14px\">&#8211; Profitez d&rsquo;un m\u00e9lange facile, meme lorsque vous p\u00e9trissez des p\u00e2tes lourdes. Le batteur est l\u00e9ger et confortable \u00e0\u00a0 tenir, ce qui rend le travail plus facile et moins fatigant.<\/span><br style=\"font-family: work;font-size: 14px\"><span style=\"font-family: work;font-size: 14px\">&#8211; Carton : 1x MFQ3010 Batteur CleverMixx Blanc, fouets, crochets.<\/span><br style=\"font-family: work;font-size: 14px\"><br style=\"font-family: work;font-size: 14px\"><span style=\"font-family: work;font-size: 14px\">Dimensions du produit: 5,5P x 7,2l x 2,8H centim\u00e8tres<\/span><br style=\"font-family: work;font-size: 14px\"><span style=\"font-family: work;font-size: 14px\">Poids de l&rsquo;article \u00e2\u20ac\u017d960 g<\/span><\/p>\n","protected":false},"featured_media":21652,"template":"","meta":{"_coblocks_attr":"","_coblocks_dimensions":"","_coblocks_responsive_height":"","_coblocks_accordion_ie_support":""},"pwb-brand":[431],"product_brand":[],"product_cat":[],"product_tag":[],"class_list":{"0":"post-21653","1":"product","2":"type-product","3":"status-publish","4":"has-post-thumbnail","6":"pwb-brand-bosch","9":"first","10":"instock","11":"taxable","12":"shipping-taxable","13":"purchasable","14":"product-type-simple"},"yoast_head":"<!-- This site is optimized with the Yoast SEO plugin v27.4 - https:\/\/yoast.com\/product\/yoast-seo-wordpress\/ -->\n<title>Bosch batteur 300w REF\/MFQ3010 - I-CONFORT<\/title>\n<meta name=\"robots\" content=\"index, follow, max-snippet:-1, max-image-preview:large, max-video-preview:-1\" \/>\n<link rel=\"canonical\" href=\"https:\/\/i-confort.com\/?product=bosch-batteur-300w-ref-mfq3010-2\" \/>\n<meta property=\"og:locale\" content=\"fr_FR\" \/>\n<meta property=\"og:type\" content=\"article\" \/>\n<meta property=\"og:title\" content=\"Bosch batteur 300w REF\/MFQ3010 - I-CONFORT\" \/>\n<meta property=\"og:description\" content=\"Bosch Electrom\u00e9nager MFQ3010 Batteur \u00e0\u00a0 main puissant CleverMixx 300 W, 2 vitesses + turbo. Accessoires inclus. Blanc- Gr\u00e2ce au puissant et silencieux moteur de 300 W, vous obtiendrez de bons r\u00e9sultats de m\u00e9lange et de p\u00e9trissage.- D&#039;un lent m\u00e9lange \u00e0\u00a0 un fouettage rapide en un clin d&#039;oeil. Deux vitesses et une fonction turbo assurent un m\u00e9lange et un p\u00e9trissage faciles jusqu&#039;\u00e0\u00a0 la consistance souhait\u00e9e.- Les accessoires en acier inoxydable s&#039;installent rapidement et sont efficaces, qu&#039;il s&#039;agisse de fouetter de la cr\u00e8me, de battre des blancs d&#039;\u00c5\u201cufs.- Profitez d&#039;un m\u00e9lange facile, meme lorsque vous p\u00e9trissez des p\u00e2tes lourdes. Le batteur est l\u00e9ger et confortable \u00e0\u00a0 tenir, ce qui rend le travail plus facile et moins fatigant.- Carton : 1x MFQ3010 Batteur CleverMixx Blanc, fouets, crochets.Dimensions du produit: 5,5P x 7,2l x 2,8H centim\u00e8tresPoids de l&#039;article \u00e2\u20ac\u017d960 g\" \/>\n<meta property=\"og:url\" content=\"https:\/\/i-confort.com\/?product=bosch-batteur-300w-ref-mfq3010-2\" \/>\n<meta property=\"og:site_name\" content=\"I-CONFORT\" \/>\n<meta property=\"article:modified_time\" content=\"2024-12-01T09:02:48+00:00\" \/>\n<meta property=\"og:image\" content=\"https:\/\/i-confort.com\/wp-content\/uploads\/2024\/12\/4242002439808.jpg\" \/>\n\t<meta property=\"og:image:width\" content=\"1000\" \/>\n\t<meta property=\"og:image:height\" content=\"1000\" \/>\n\t<meta property=\"og:image:type\" content=\"image\/jpeg\" \/>\n<meta name=\"twitter:card\" content=\"summary_large_image\" \/>\n<script type=\"application\/ld+json\" class=\"yoast-schema-graph\">{\"@context\":\"https:\\\/\\\/schema.org\",\"@graph\":[{\"@type\":\"WebPage\",\"@id\":\"https:\\\/\\\/i-confort.com\\\/?product=bosch-batteur-300w-ref-mfq3010-2\",\"url\":\"https:\\\/\\\/i-confort.com\\\/?product=bosch-batteur-300w-ref-mfq3010-2\",\"name\":\"Bosch batteur 300w REF\\\/MFQ3010 - I-CONFORT\",\"isPartOf\":{\"@id\":\"https:\\\/\\\/i-confort.com\\\/#website\"},\"primaryImageOfPage\":{\"@id\":\"https:\\\/\\\/i-confort.com\\\/?product=bosch-batteur-300w-ref-mfq3010-2#primaryimage\"},\"image\":{\"@id\":\"https:\\\/\\\/i-confort.com\\\/?product=bosch-batteur-300w-ref-mfq3010-2#primaryimage\"},\"thumbnailUrl\":\"https:\\\/\\\/i-confort.com\\\/wp-content\\\/uploads\\\/2024\\\/12\\\/4242002439808.jpg\",\"datePublished\":\"2024-12-01T09:02:47+00:00\",\"dateModified\":\"2024-12-01T09:02:48+00:00\",\"breadcrumb\":{\"@id\":\"https:\\\/\\\/i-confort.com\\\/?product=bosch-batteur-300w-ref-mfq3010-2#breadcrumb\"},\"inLanguage\":\"fr-FR\",\"potentialAction\":[{\"@type\":\"ReadAction\",\"target\":[\"https:\\\/\\\/i-confort.com\\\/?product=bosch-batteur-300w-ref-mfq3010-2\"]}]},{\"@type\":\"ImageObject\",\"inLanguage\":\"fr-FR\",\"@id\":\"https:\\\/\\\/i-confort.com\\\/?product=bosch-batteur-300w-ref-mfq3010-2#primaryimage\",\"url\":\"https:\\\/\\\/i-confort.com\\\/wp-content\\\/uploads\\\/2024\\\/12\\\/4242002439808.jpg\",\"contentUrl\":\"https:\\\/\\\/i-confort.com\\\/wp-content\\\/uploads\\\/2024\\\/12\\\/4242002439808.jpg\",\"width\":1000,\"height\":1000},{\"@type\":\"BreadcrumbList\",\"@id\":\"https:\\\/\\\/i-confort.com\\\/?product=bosch-batteur-300w-ref-mfq3010-2#breadcrumb\",\"itemListElement\":[{\"@type\":\"ListItem\",\"position\":1,\"name\":\"Home\",\"item\":\"https:\\\/\\\/i-confort.com\\\/\"},{\"@type\":\"ListItem\",\"position\":2,\"name\":\"Boutique\",\"item\":\"https:\\\/\\\/i-confort.com\\\/?page_id=7\"},{\"@type\":\"ListItem\",\"position\":3,\"name\":\"Bosch batteur 300w REF\\\/MFQ3010\"}]},{\"@type\":\"WebSite\",\"@id\":\"https:\\\/\\\/i-confort.com\\\/#website\",\"url\":\"https:\\\/\\\/i-confort.com\\\/\",\"name\":\"I-CONFORT\",\"description\":\"Site de vente en ligne\",\"potentialAction\":[{\"@type\":\"SearchAction\",\"target\":{\"@type\":\"EntryPoint\",\"urlTemplate\":\"https:\\\/\\\/i-confort.com\\\/?s={search_term_string}\"},\"query-input\":{\"@type\":\"PropertyValueSpecification\",\"valueRequired\":true,\"valueName\":\"search_term_string\"}}],\"inLanguage\":\"fr-FR\"}]}<\/script>\n<!-- \/ Yoast SEO plugin. -->","yoast_head_json":{"title":"Bosch batteur 300w REF\/MFQ3010 - I-CONFORT","robots":{"index":"index","follow":"follow","max-snippet":"max-snippet:-1","max-image-preview":"max-image-preview:large","max-video-preview":"max-video-preview:-1"},"canonical":"https:\/\/i-confort.com\/?product=bosch-batteur-300w-ref-mfq3010-2","og_locale":"fr_FR","og_type":"article","og_title":"Bosch batteur 300w REF\/MFQ3010 - I-CONFORT","og_description":"Bosch Electrom\u00e9nager MFQ3010 Batteur \u00e0\u00a0 main puissant CleverMixx 300 W, 2 vitesses + turbo. Accessoires inclus. Blanc- Gr\u00e2ce au puissant et silencieux moteur de 300 W, vous obtiendrez de bons r\u00e9sultats de m\u00e9lange et de p\u00e9trissage.- D'un lent m\u00e9lange \u00e0\u00a0 un fouettage rapide en un clin d'oeil. Deux vitesses et une fonction turbo assurent un m\u00e9lange et un p\u00e9trissage faciles jusqu'\u00e0\u00a0 la consistance souhait\u00e9e.- Les accessoires en acier inoxydable s'installent rapidement et sont efficaces, qu'il s'agisse de fouetter de la cr\u00e8me, de battre des blancs d'\u00c5\u201cufs.- Profitez d'un m\u00e9lange facile, meme lorsque vous p\u00e9trissez des p\u00e2tes lourdes. Le batteur est l\u00e9ger et confortable \u00e0\u00a0 tenir, ce qui rend le travail plus facile et moins fatigant.- Carton : 1x MFQ3010 Batteur CleverMixx Blanc, fouets, crochets.Dimensions du produit: 5,5P x 7,2l x 2,8H centim\u00e8tresPoids de l'article \u00e2\u20ac\u017d960 g","og_url":"https:\/\/i-confort.com\/?product=bosch-batteur-300w-ref-mfq3010-2","og_site_name":"I-CONFORT","article_modified_time":"2024-12-01T09:02:48+00:00","og_image":[{"width":1000,"height":1000,"url":"https:\/\/i-confort.com\/wp-content\/uploads\/2024\/12\/4242002439808.jpg","type":"image\/jpeg"}],"twitter_card":"summary_large_image","schema":{"@context":"https:\/\/schema.org","@graph":[{"@type":"WebPage","@id":"https:\/\/i-confort.com\/?product=bosch-batteur-300w-ref-mfq3010-2","url":"https:\/\/i-confort.com\/?product=bosch-batteur-300w-ref-mfq3010-2","name":"Bosch batteur 300w REF\/MFQ3010 - I-CONFORT","isPartOf":{"@id":"https:\/\/i-confort.com\/#website"},"primaryImageOfPage":{"@id":"https:\/\/i-confort.com\/?product=bosch-batteur-300w-ref-mfq3010-2#primaryimage"},"image":{"@id":"https:\/\/i-confort.com\/?product=bosch-batteur-300w-ref-mfq3010-2#primaryimage"},"thumbnailUrl":"https:\/\/i-confort.com\/wp-content\/uploads\/2024\/12\/4242002439808.jpg","datePublished":"2024-12-01T09:02:47+00:00","dateModified":"2024-12-01T09:02:48+00:00","breadcrumb":{"@id":"https:\/\/i-confort.com\/?product=bosch-batteur-300w-ref-mfq3010-2#breadcrumb"},"inLanguage":"fr-FR","potentialAction":[{"@type":"ReadAction","target":["https:\/\/i-confort.com\/?product=bosch-batteur-300w-ref-mfq3010-2"]}]},{"@type":"ImageObject","inLanguage":"fr-FR","@id":"https:\/\/i-confort.com\/?product=bosch-batteur-300w-ref-mfq3010-2#primaryimage","url":"https:\/\/i-confort.com\/wp-content\/uploads\/2024\/12\/4242002439808.jpg","contentUrl":"https:\/\/i-confort.com\/wp-content\/uploads\/2024\/12\/4242002439808.jpg","width":1000,"height":1000},{"@type":"BreadcrumbList","@id":"https:\/\/i-confort.com\/?product=bosch-batteur-300w-ref-mfq3010-2#breadcrumb","itemListElement":[{"@type":"ListItem","position":1,"name":"Home","item":"https:\/\/i-confort.com\/"},{"@type":"ListItem","position":2,"name":"Boutique","item":"https:\/\/i-confort.com\/?page_id=7"},{"@type":"ListItem","position":3,"name":"Bosch batteur 300w REF\/MFQ3010"}]},{"@type":"WebSite","@id":"https:\/\/i-confort.com\/#website","url":"https:\/\/i-confort.com\/","name":"I-CONFORT","description":"Site de vente en ligne","potentialAction":[{"@type":"SearchAction","target":{"@type":"EntryPoint","urlTemplate":"https:\/\/i-confort.com\/?s={search_term_string}"},"query-input":{"@type":"PropertyValueSpecification","valueRequired":true,"valueName":"search_term_string"}}],"inLanguage":"fr-FR"}]}},"brands":[{"id":431,"name":"BOSCH","slug":"bosch"}],"_links":{"self":[{"href":"https:\/\/i-confort.com\/index.php?rest_route=\/wp\/v2\/product\/21653","targetHints":{"allow":["GET"]}}],"collection":[{"href":"https:\/\/i-confort.com\/index.php?rest_route=\/wp\/v2\/product"}],"about":[{"href":"https:\/\/i-confort.com\/index.php?rest_route=\/wp\/v2\/types\/product"}],"wp:featuredmedia":[{"embeddable":true,"href":"https:\/\/i-confort.com\/index.php?rest_route=\/wp\/v2\/media\/21652"}],"wp:attachment":[{"href":"https:\/\/i-confort.com\/index.php?rest_route=%2Fwp%2Fv2%2Fmedia&parent=21653"}],"wp:term":[{"taxonomy":"pwb-brand","embeddable":true,"href":"https:\/\/i-confort.com\/index.php?rest_route=%2Fwp%2Fv2%2Fpwb-brand&post=21653"},{"taxonomy":"product_brand","embeddable":true,"href":"https:\/\/i-confort.com\/index.php?rest_route=%2Fwp%2Fv2%2Fproduct_brand&post=21653"},{"taxonomy":"product_cat","embeddable":true,"href":"https:\/\/i-confort.com\/index.php?rest_route=%2Fwp%2Fv2%2Fproduct_cat&post=21653"},{"taxonomy":"product_tag","embeddable":true,"href":"https:\/\/i-confort.com\/index.php?rest_route=%2Fwp%2Fv2%2Fproduct_tag&post=21653"}],"curies":[{"name":"wp","href":"https:\/\/api.w.org\/{rel}","templated":true}]}}