{"id":21661,"date":"2024-12-02T09:27:42","date_gmt":"2024-12-02T09:27:42","guid":{"rendered":"https:\/\/i-confort.com\/?product=moulinex-batteur-450w-ref-hm450b10"},"modified":"2024-12-02T09:27:42","modified_gmt":"2024-12-02T09:27:42","slug":"moulinex-batteur-450w-ref-hm450b10","status":"publish","type":"product","link":"https:\/\/i-confort.com\/?product=moulinex-batteur-450w-ref-hm450b10","title":{"rendered":"Moulinex batteur 450W ref\/ HM450B10"},"content":{"rendered":"<article style=\"font-family: Cairo, sans-serif;font-size: 15px\">\n<div class=\"best-points bottom\">\n<h2 class=\"best-points-title\" style=\"font-family: inherit;font-weight: 500;line-height: 1.1;color: inherit;margin-top: 20px;margin-bottom: 10px;font-size: 30px\"><\/h2>\n<ul class=\"bestpoints-list\" style=\"margin-top: 24px;margin-bottom: 10px;padding: 0px 0px 0px 18px\">\n<li class=\"bestpoints-item\" style=\"padding-left: 4px\">450 W &#8211; Vitesse 5+turbo<\/li>\n<li class=\"bestpoints-item\" style=\"padding-left: 4px\">Ejection des fouets<\/li>\n<\/ul>\n<\/div>\n<div class=\"features-table\">\n<table class=\"characteristic\" border=\"0\" cellspacing=\"0\" cellpadding=\"0\" style=\"border-collapse: collapse;border-spacing: 0px;background-color: transparent\">\n<thead class=\"feature-line\">\n<tr>\n<th colspan=\"2\" style=\"padding: 0px;text-align: left\">Caract\u00e9ristiques g\u00e9n\u00e9rales<\/th>\n<\/tr>\n<\/thead>\n<tbody>\n<tr class=\"feature-line\">\n<td class=\"characteristics-table\" style=\"padding: 0px\"><span class=\"bold-title\">Ejection des fouets :<\/span>\u00a0Oui<\/td>\n<\/tr>\n<tr class=\"feature-line\">\n<td class=\"characteristics-table\" style=\"padding: 0px\"><span class=\"bold-title\">Coloris :<\/span>\u00a0Blanc \/ Gris<\/td>\n<\/tr>\n<tr class=\"feature-line\">\n<td class=\"characteristics-table\" style=\"padding: 0px\"><span class=\"bold-title\">Mati\u00e8re :<\/span>\u00a0Plastique<\/td>\n<\/tr>\n<tr class=\"feature-line\">\n<td class=\"characteristics-table\" style=\"padding: 0px\"><span class=\"bold-title\">Accessoires compatibles lave vaisselle :<\/span>\u00a0Oui<\/td>\n<\/tr>\n<tr class=\"feature-line\">\n<td class=\"characteristics-table\" style=\"padding: 0px\"><span class=\"bold-title\">Poign\u00e9e \u00ab\u00a0soft touch\u00a0\u00bb :<\/span>\u00a0Non<\/td>\n<\/tr>\n<tr class=\"feature-line\">\n<td class=\"characteristics-table\" style=\"padding: 0px\"><span class=\"bold-title\">Type produit :<\/span>\u00a0Batteur<\/td>\n<\/tr>\n<tr class=\"feature-line\">\n<td class=\"characteristics-table\" style=\"padding: 0px\"><span class=\"bold-title\">Commandes :<\/span>\u00a0M\u00e9caniques<\/td>\n<\/tr>\n<\/tbody>\n<thead class=\"feature-line\">\n<tr>\n<th colspan=\"2\" style=\"padding: 0px;text-align: left\">Moteur<\/th>\n<\/tr>\n<\/thead>\n<tbody>\n<tr class=\"feature-line\">\n<td class=\"characteristics-table\" style=\"padding: 0px\"><span class=\"bold-title\">Puissance :<\/span>\u00a0450 W<\/td>\n<\/tr>\n<tr class=\"feature-line\">\n<td class=\"characteristics-table\" style=\"padding: 0px\"><span class=\"bold-title\">Vitesse :<\/span>\u00a05+turbo<\/td>\n<\/tr>\n<tr class=\"feature-line\">\n<td class=\"characteristics-table\" style=\"padding: 0px\"><span class=\"bold-title\">Type de moteur :<\/span>\u00a0Moteur classique<\/td>\n<\/tr>\n<\/tbody>\n<thead class=\"feature-line\">\n<tr>\n<th colspan=\"2\" style=\"padding: 0px;text-align: left\">Dimensions<\/th>\n<\/tr>\n<\/thead>\n<tbody>\n<tr class=\"feature-line\">\n<td class=\"characteristics-table\" style=\"padding: 0px\"><span class=\"bold-title\">Dimensions l x h x p :<\/span>\u00a018.4 x 13.1 x 7.3 cm<\/td>\n<\/tr>\n<tr class=\"feature-line\">\n<td class=\"characteristics-table\" style=\"padding: 0px\"><span class=\"bold-title\">Poids Net (kg) :<\/span>\u00a01.100<\/td>\n<\/tr>\n<\/tbody>\n<\/table>\n<\/div>\n<\/article>\n<p><br style=\"font-family: Cairo, sans-serif;font-size: 15px\"><\/p>\n<div class=\"social\" style=\"clear: both;overflow: hidden;font-family: Cairo, sans-serif;font-size: 15px\"><\/div>\n<ul style=\"margin-top: 24px;margin-bottom: 10px;padding: 0px 0px 0px 18px;font-family: Cairo, sans-serif;font-size: 15px;font-style: normal;font-weight: 400;letter-spacing: normal;text-align: start;text-indent: 0px;text-transform: none\"><\/ul>\n","protected":false},"excerpt":{"rendered":"<p><br data-mce-bogus=\"1\"><\/p>\n","protected":false},"featured_media":21660,"template":"","meta":{"_coblocks_attr":"","_coblocks_dimensions":"","_coblocks_responsive_height":"","_coblocks_accordion_ie_support":""},"pwb-brand":[382],"product_brand":[],"product_cat":[354],"product_tag":[],"class_list":{"0":"post-21661","1":"product","2":"type-product","3":"status-publish","4":"has-post-thumbnail","6":"pwb-brand-molinex","7":"product_cat-robot","10":"first","11":"instock","12":"taxable","13":"shipping-taxable","14":"purchasable","15":"product-type-simple"},"yoast_head":"<!-- This site is optimized with the Yoast SEO plugin v27.4 - https:\/\/yoast.com\/product\/yoast-seo-wordpress\/ -->\n<title>Moulinex batteur 450W ref\/ HM450B10 - I-CONFORT<\/title>\n<meta name=\"robots\" content=\"index, follow, max-snippet:-1, max-image-preview:large, max-video-preview:-1\" \/>\n<link rel=\"canonical\" href=\"https:\/\/i-confort.com\/?product=moulinex-batteur-450w-ref-hm450b10\" \/>\n<meta property=\"og:locale\" content=\"fr_FR\" \/>\n<meta property=\"og:type\" content=\"article\" \/>\n<meta property=\"og:title\" content=\"Moulinex batteur 450W ref\/ HM450B10 - I-CONFORT\" \/>\n<meta property=\"og:url\" content=\"https:\/\/i-confort.com\/?product=moulinex-batteur-450w-ref-hm450b10\" \/>\n<meta property=\"og:site_name\" content=\"I-CONFORT\" \/>\n<meta property=\"og:image\" content=\"https:\/\/i-confort.com\/wp-content\/uploads\/2024\/12\/molinex.jpg\" \/>\n\t<meta property=\"og:image:width\" content=\"550\" \/>\n\t<meta property=\"og:image:height\" content=\"488\" \/>\n\t<meta property=\"og:image:type\" content=\"image\/jpeg\" \/>\n<meta name=\"twitter:card\" content=\"summary_large_image\" \/>\n<script type=\"application\/ld+json\" class=\"yoast-schema-graph\">{\"@context\":\"https:\\\/\\\/schema.org\",\"@graph\":[{\"@type\":\"WebPage\",\"@id\":\"https:\\\/\\\/i-confort.com\\\/?product=moulinex-batteur-450w-ref-hm450b10\",\"url\":\"https:\\\/\\\/i-confort.com\\\/?product=moulinex-batteur-450w-ref-hm450b10\",\"name\":\"Moulinex batteur 450W ref\\\/ HM450B10 - I-CONFORT\",\"isPartOf\":{\"@id\":\"https:\\\/\\\/i-confort.com\\\/#website\"},\"primaryImageOfPage\":{\"@id\":\"https:\\\/\\\/i-confort.com\\\/?product=moulinex-batteur-450w-ref-hm450b10#primaryimage\"},\"image\":{\"@id\":\"https:\\\/\\\/i-confort.com\\\/?product=moulinex-batteur-450w-ref-hm450b10#primaryimage\"},\"thumbnailUrl\":\"https:\\\/\\\/i-confort.com\\\/wp-content\\\/uploads\\\/2024\\\/12\\\/molinex.jpg\",\"datePublished\":\"2024-12-02T09:27:42+00:00\",\"breadcrumb\":{\"@id\":\"https:\\\/\\\/i-confort.com\\\/?product=moulinex-batteur-450w-ref-hm450b10#breadcrumb\"},\"inLanguage\":\"fr-FR\",\"potentialAction\":[{\"@type\":\"ReadAction\",\"target\":[\"https:\\\/\\\/i-confort.com\\\/?product=moulinex-batteur-450w-ref-hm450b10\"]}]},{\"@type\":\"ImageObject\",\"inLanguage\":\"fr-FR\",\"@id\":\"https:\\\/\\\/i-confort.com\\\/?product=moulinex-batteur-450w-ref-hm450b10#primaryimage\",\"url\":\"https:\\\/\\\/i-confort.com\\\/wp-content\\\/uploads\\\/2024\\\/12\\\/molinex.jpg\",\"contentUrl\":\"https:\\\/\\\/i-confort.com\\\/wp-content\\\/uploads\\\/2024\\\/12\\\/molinex.jpg\",\"width\":550,\"height\":488},{\"@type\":\"BreadcrumbList\",\"@id\":\"https:\\\/\\\/i-confort.com\\\/?product=moulinex-batteur-450w-ref-hm450b10#breadcrumb\",\"itemListElement\":[{\"@type\":\"ListItem\",\"position\":1,\"name\":\"Home\",\"item\":\"https:\\\/\\\/i-confort.com\\\/\"},{\"@type\":\"ListItem\",\"position\":2,\"name\":\"Boutique\",\"item\":\"https:\\\/\\\/i-confort.com\\\/?page_id=7\"},{\"@type\":\"ListItem\",\"position\":3,\"name\":\"Moulinex batteur 450W ref\\\/ HM450B10\"}]},{\"@type\":\"WebSite\",\"@id\":\"https:\\\/\\\/i-confort.com\\\/#website\",\"url\":\"https:\\\/\\\/i-confort.com\\\/\",\"name\":\"I-CONFORT\",\"description\":\"Site de vente en ligne\",\"potentialAction\":[{\"@type\":\"SearchAction\",\"target\":{\"@type\":\"EntryPoint\",\"urlTemplate\":\"https:\\\/\\\/i-confort.com\\\/?s={search_term_string}\"},\"query-input\":{\"@type\":\"PropertyValueSpecification\",\"valueRequired\":true,\"valueName\":\"search_term_string\"}}],\"inLanguage\":\"fr-FR\"}]}<\/script>\n<!-- \/ Yoast SEO plugin. -->","yoast_head_json":{"title":"Moulinex batteur 450W ref\/ HM450B10 - I-CONFORT","robots":{"index":"index","follow":"follow","max-snippet":"max-snippet:-1","max-image-preview":"max-image-preview:large","max-video-preview":"max-video-preview:-1"},"canonical":"https:\/\/i-confort.com\/?product=moulinex-batteur-450w-ref-hm450b10","og_locale":"fr_FR","og_type":"article","og_title":"Moulinex batteur 450W ref\/ HM450B10 - I-CONFORT","og_url":"https:\/\/i-confort.com\/?product=moulinex-batteur-450w-ref-hm450b10","og_site_name":"I-CONFORT","og_image":[{"width":550,"height":488,"url":"https:\/\/i-confort.com\/wp-content\/uploads\/2024\/12\/molinex.jpg","type":"image\/jpeg"}],"twitter_card":"summary_large_image","schema":{"@context":"https:\/\/schema.org","@graph":[{"@type":"WebPage","@id":"https:\/\/i-confort.com\/?product=moulinex-batteur-450w-ref-hm450b10","url":"https:\/\/i-confort.com\/?product=moulinex-batteur-450w-ref-hm450b10","name":"Moulinex batteur 450W ref\/ HM450B10 - I-CONFORT","isPartOf":{"@id":"https:\/\/i-confort.com\/#website"},"primaryImageOfPage":{"@id":"https:\/\/i-confort.com\/?product=moulinex-batteur-450w-ref-hm450b10#primaryimage"},"image":{"@id":"https:\/\/i-confort.com\/?product=moulinex-batteur-450w-ref-hm450b10#primaryimage"},"thumbnailUrl":"https:\/\/i-confort.com\/wp-content\/uploads\/2024\/12\/molinex.jpg","datePublished":"2024-12-02T09:27:42+00:00","breadcrumb":{"@id":"https:\/\/i-confort.com\/?product=moulinex-batteur-450w-ref-hm450b10#breadcrumb"},"inLanguage":"fr-FR","potentialAction":[{"@type":"ReadAction","target":["https:\/\/i-confort.com\/?product=moulinex-batteur-450w-ref-hm450b10"]}]},{"@type":"ImageObject","inLanguage":"fr-FR","@id":"https:\/\/i-confort.com\/?product=moulinex-batteur-450w-ref-hm450b10#primaryimage","url":"https:\/\/i-confort.com\/wp-content\/uploads\/2024\/12\/molinex.jpg","contentUrl":"https:\/\/i-confort.com\/wp-content\/uploads\/2024\/12\/molinex.jpg","width":550,"height":488},{"@type":"BreadcrumbList","@id":"https:\/\/i-confort.com\/?product=moulinex-batteur-450w-ref-hm450b10#breadcrumb","itemListElement":[{"@type":"ListItem","position":1,"name":"Home","item":"https:\/\/i-confort.com\/"},{"@type":"ListItem","position":2,"name":"Boutique","item":"https:\/\/i-confort.com\/?page_id=7"},{"@type":"ListItem","position":3,"name":"Moulinex batteur 450W ref\/ HM450B10"}]},{"@type":"WebSite","@id":"https:\/\/i-confort.com\/#website","url":"https:\/\/i-confort.com\/","name":"I-CONFORT","description":"Site de vente en ligne","potentialAction":[{"@type":"SearchAction","target":{"@type":"EntryPoint","urlTemplate":"https:\/\/i-confort.com\/?s={search_term_string}"},"query-input":{"@type":"PropertyValueSpecification","valueRequired":true,"valueName":"search_term_string"}}],"inLanguage":"fr-FR"}]}},"brands":[{"id":382,"name":"Molinex","slug":"molinex"}],"_links":{"self":[{"href":"https:\/\/i-confort.com\/index.php?rest_route=\/wp\/v2\/product\/21661","targetHints":{"allow":["GET"]}}],"collection":[{"href":"https:\/\/i-confort.com\/index.php?rest_route=\/wp\/v2\/product"}],"about":[{"href":"https:\/\/i-confort.com\/index.php?rest_route=\/wp\/v2\/types\/product"}],"wp:featuredmedia":[{"embeddable":true,"href":"https:\/\/i-confort.com\/index.php?rest_route=\/wp\/v2\/media\/21660"}],"wp:attachment":[{"href":"https:\/\/i-confort.com\/index.php?rest_route=%2Fwp%2Fv2%2Fmedia&parent=21661"}],"wp:term":[{"taxonomy":"pwb-brand","embeddable":true,"href":"https:\/\/i-confort.com\/index.php?rest_route=%2Fwp%2Fv2%2Fpwb-brand&post=21661"},{"taxonomy":"product_brand","embeddable":true,"href":"https:\/\/i-confort.com\/index.php?rest_route=%2Fwp%2Fv2%2Fproduct_brand&post=21661"},{"taxonomy":"product_cat","embeddable":true,"href":"https:\/\/i-confort.com\/index.php?rest_route=%2Fwp%2Fv2%2Fproduct_cat&post=21661"},{"taxonomy":"product_tag","embeddable":true,"href":"https:\/\/i-confort.com\/index.php?rest_route=%2Fwp%2Fv2%2Fproduct_tag&post=21661"}],"curies":[{"name":"wp","href":"https:\/\/api.w.org\/{rel}","templated":true}]}}