{"id":21663,"date":"2024-12-02T10:39:51","date_gmt":"2024-12-02T10:39:51","guid":{"rendered":"https:\/\/i-confort.com\/?product=moulinex-blender-1-75l-500w-ref-lm240b25"},"modified":"2024-12-02T10:40:42","modified_gmt":"2024-12-02T10:40:42","slug":"moulinex-blender-1-75l-500w-ref-lm240b25","status":"publish","type":"product","link":"https:\/\/i-confort.com\/?product=moulinex-blender-1-75l-500w-ref-lm240b25","title":{"rendered":"Moulinex Blender 1.75L 500W ref\/ LM240B25"},"content":{"rendered":"<p><\/p>\n","protected":false},"excerpt":{"rendered":"<h3 style=\"margin-bottom: 0.5em;margin-top: 0px;width: 1300px;font-size: 1.25em;font-family: sans-serif\" data-mce-style=\"margin-bottom: 0.5em; margin-top: 0px; width: 1300px; font-size: 1.25em; font-family: sans-serif;\"><span style=\"font-weight: bolder\" data-mce-style=\"font-weight: bolder;\">lender \u00c9lectrique 1.75 L 500W The Genuine Moulinex LM240B25<\/span><\/h3>\n<p style=\"margin-bottom: 1.3em;margin-top: 0px;font-family: sans-serif;font-size: medium\" data-mce-style=\"margin-bottom: 1.3em; margin-top: 0px; font-family: sans-serif; font-size: medium;\">Le blender \u201cThe Genuine\u201d de Moulinex est le compagnon de mixage rapide et facile dont vous avez besoin. Dot\u00e9 de lames robustes en acier inoxydable et \u00a0Zelkrom, ce blender durable est fabriqu\u00e9 en France et con\u00e7u pour durer. Gr\u00e2ce \u00e0 son puissant moteur de 500 W, il est id\u00e9al pour pr\u00e9parer des jus, des smoothies, des soupes, des sauces et bien plus encore. Sa vitesse unique avec sa fonction pule garantit des r\u00e9sultats rapides et homog\u00e8nes sur simple pression du bouton, tandis que ses quatre lames fixes assurent un mixage parfait des aliments et vous garantit des performances accrues.<\/p>\n","protected":false},"featured_media":21662,"template":"","meta":{"_coblocks_attr":"","_coblocks_dimensions":"","_coblocks_responsive_height":"","_coblocks_accordion_ie_support":""},"pwb-brand":[382],"product_brand":[],"product_cat":[354],"product_tag":[],"class_list":{"0":"post-21663","1":"product","2":"type-product","3":"status-publish","4":"has-post-thumbnail","6":"pwb-brand-molinex","7":"product_cat-robot","10":"first","11":"instock","12":"taxable","13":"shipping-taxable","14":"purchasable","15":"product-type-simple"},"yoast_head":"<!-- This site is optimized with the Yoast SEO plugin v27.4 - https:\/\/yoast.com\/product\/yoast-seo-wordpress\/ -->\n<title>Moulinex Blender 1.75L 500W ref\/ LM240B25 - I-CONFORT<\/title>\n<meta name=\"robots\" content=\"index, follow, max-snippet:-1, max-image-preview:large, max-video-preview:-1\" \/>\n<link rel=\"canonical\" href=\"https:\/\/i-confort.com\/?product=moulinex-blender-1-75l-500w-ref-lm240b25\" \/>\n<meta property=\"og:locale\" content=\"fr_FR\" \/>\n<meta property=\"og:type\" content=\"article\" \/>\n<meta property=\"og:title\" content=\"Moulinex Blender 1.75L 500W ref\/ LM240B25 - I-CONFORT\" \/>\n<meta property=\"og:description\" content=\"lender \u00c9lectrique 1.75 L 500W The Genuine Moulinex LM240B25Le blender \u201cThe Genuine\u201d de Moulinex est le compagnon de mixage rapide et facile dont vous avez besoin. Dot\u00e9 de lames robustes en acier inoxydable et \u00a0Zelkrom, ce blender durable est fabriqu\u00e9 en France et con\u00e7u pour durer. Gr\u00e2ce \u00e0 son puissant moteur de 500 W, il est id\u00e9al pour pr\u00e9parer des jus, des smoothies, des soupes, des sauces et bien plus encore. Sa vitesse unique avec sa fonction pule garantit des r\u00e9sultats rapides et homog\u00e8nes sur simple pression du bouton, tandis que ses quatre lames fixes assurent un mixage parfait des aliments et vous garantit des performances accrues.\" \/>\n<meta property=\"og:url\" content=\"https:\/\/i-confort.com\/?product=moulinex-blender-1-75l-500w-ref-lm240b25\" \/>\n<meta property=\"og:site_name\" content=\"I-CONFORT\" \/>\n<meta property=\"article:modified_time\" content=\"2024-12-02T10:40:42+00:00\" \/>\n<meta property=\"og:image\" content=\"https:\/\/i-confort.com\/wp-content\/uploads\/2024\/12\/100127637_100_01.jpg\" \/>\n\t<meta property=\"og:image:width\" content=\"1010\" \/>\n\t<meta property=\"og:image:height\" content=\"1416\" \/>\n\t<meta property=\"og:image:type\" content=\"image\/jpeg\" \/>\n<meta name=\"twitter:card\" content=\"summary_large_image\" \/>\n<script type=\"application\/ld+json\" class=\"yoast-schema-graph\">{\"@context\":\"https:\\\/\\\/schema.org\",\"@graph\":[{\"@type\":\"WebPage\",\"@id\":\"https:\\\/\\\/i-confort.com\\\/?product=moulinex-blender-1-75l-500w-ref-lm240b25\",\"url\":\"https:\\\/\\\/i-confort.com\\\/?product=moulinex-blender-1-75l-500w-ref-lm240b25\",\"name\":\"Moulinex Blender 1.75L 500W ref\\\/ LM240B25 - I-CONFORT\",\"isPartOf\":{\"@id\":\"https:\\\/\\\/i-confort.com\\\/#website\"},\"primaryImageOfPage\":{\"@id\":\"https:\\\/\\\/i-confort.com\\\/?product=moulinex-blender-1-75l-500w-ref-lm240b25#primaryimage\"},\"image\":{\"@id\":\"https:\\\/\\\/i-confort.com\\\/?product=moulinex-blender-1-75l-500w-ref-lm240b25#primaryimage\"},\"thumbnailUrl\":\"https:\\\/\\\/i-confort.com\\\/wp-content\\\/uploads\\\/2024\\\/12\\\/100127637_100_01.jpg\",\"datePublished\":\"2024-12-02T10:39:51+00:00\",\"dateModified\":\"2024-12-02T10:40:42+00:00\",\"breadcrumb\":{\"@id\":\"https:\\\/\\\/i-confort.com\\\/?product=moulinex-blender-1-75l-500w-ref-lm240b25#breadcrumb\"},\"inLanguage\":\"fr-FR\",\"potentialAction\":[{\"@type\":\"ReadAction\",\"target\":[\"https:\\\/\\\/i-confort.com\\\/?product=moulinex-blender-1-75l-500w-ref-lm240b25\"]}]},{\"@type\":\"ImageObject\",\"inLanguage\":\"fr-FR\",\"@id\":\"https:\\\/\\\/i-confort.com\\\/?product=moulinex-blender-1-75l-500w-ref-lm240b25#primaryimage\",\"url\":\"https:\\\/\\\/i-confort.com\\\/wp-content\\\/uploads\\\/2024\\\/12\\\/100127637_100_01.jpg\",\"contentUrl\":\"https:\\\/\\\/i-confort.com\\\/wp-content\\\/uploads\\\/2024\\\/12\\\/100127637_100_01.jpg\",\"width\":1010,\"height\":1416},{\"@type\":\"BreadcrumbList\",\"@id\":\"https:\\\/\\\/i-confort.com\\\/?product=moulinex-blender-1-75l-500w-ref-lm240b25#breadcrumb\",\"itemListElement\":[{\"@type\":\"ListItem\",\"position\":1,\"name\":\"Home\",\"item\":\"https:\\\/\\\/i-confort.com\\\/\"},{\"@type\":\"ListItem\",\"position\":2,\"name\":\"Boutique\",\"item\":\"https:\\\/\\\/i-confort.com\\\/?page_id=7\"},{\"@type\":\"ListItem\",\"position\":3,\"name\":\"Moulinex Blender 1.75L 500W ref\\\/ LM240B25\"}]},{\"@type\":\"WebSite\",\"@id\":\"https:\\\/\\\/i-confort.com\\\/#website\",\"url\":\"https:\\\/\\\/i-confort.com\\\/\",\"name\":\"I-CONFORT\",\"description\":\"Site de vente en ligne\",\"potentialAction\":[{\"@type\":\"SearchAction\",\"target\":{\"@type\":\"EntryPoint\",\"urlTemplate\":\"https:\\\/\\\/i-confort.com\\\/?s={search_term_string}\"},\"query-input\":{\"@type\":\"PropertyValueSpecification\",\"valueRequired\":true,\"valueName\":\"search_term_string\"}}],\"inLanguage\":\"fr-FR\"}]}<\/script>\n<!-- \/ Yoast SEO plugin. -->","yoast_head_json":{"title":"Moulinex Blender 1.75L 500W ref\/ LM240B25 - I-CONFORT","robots":{"index":"index","follow":"follow","max-snippet":"max-snippet:-1","max-image-preview":"max-image-preview:large","max-video-preview":"max-video-preview:-1"},"canonical":"https:\/\/i-confort.com\/?product=moulinex-blender-1-75l-500w-ref-lm240b25","og_locale":"fr_FR","og_type":"article","og_title":"Moulinex Blender 1.75L 500W ref\/ LM240B25 - I-CONFORT","og_description":"lender \u00c9lectrique 1.75 L 500W The Genuine Moulinex LM240B25Le blender \u201cThe Genuine\u201d de Moulinex est le compagnon de mixage rapide et facile dont vous avez besoin. Dot\u00e9 de lames robustes en acier inoxydable et \u00a0Zelkrom, ce blender durable est fabriqu\u00e9 en France et con\u00e7u pour durer. Gr\u00e2ce \u00e0 son puissant moteur de 500 W, il est id\u00e9al pour pr\u00e9parer des jus, des smoothies, des soupes, des sauces et bien plus encore. Sa vitesse unique avec sa fonction pule garantit des r\u00e9sultats rapides et homog\u00e8nes sur simple pression du bouton, tandis que ses quatre lames fixes assurent un mixage parfait des aliments et vous garantit des performances accrues.","og_url":"https:\/\/i-confort.com\/?product=moulinex-blender-1-75l-500w-ref-lm240b25","og_site_name":"I-CONFORT","article_modified_time":"2024-12-02T10:40:42+00:00","og_image":[{"width":1010,"height":1416,"url":"https:\/\/i-confort.com\/wp-content\/uploads\/2024\/12\/100127637_100_01.jpg","type":"image\/jpeg"}],"twitter_card":"summary_large_image","schema":{"@context":"https:\/\/schema.org","@graph":[{"@type":"WebPage","@id":"https:\/\/i-confort.com\/?product=moulinex-blender-1-75l-500w-ref-lm240b25","url":"https:\/\/i-confort.com\/?product=moulinex-blender-1-75l-500w-ref-lm240b25","name":"Moulinex Blender 1.75L 500W ref\/ LM240B25 - I-CONFORT","isPartOf":{"@id":"https:\/\/i-confort.com\/#website"},"primaryImageOfPage":{"@id":"https:\/\/i-confort.com\/?product=moulinex-blender-1-75l-500w-ref-lm240b25#primaryimage"},"image":{"@id":"https:\/\/i-confort.com\/?product=moulinex-blender-1-75l-500w-ref-lm240b25#primaryimage"},"thumbnailUrl":"https:\/\/i-confort.com\/wp-content\/uploads\/2024\/12\/100127637_100_01.jpg","datePublished":"2024-12-02T10:39:51+00:00","dateModified":"2024-12-02T10:40:42+00:00","breadcrumb":{"@id":"https:\/\/i-confort.com\/?product=moulinex-blender-1-75l-500w-ref-lm240b25#breadcrumb"},"inLanguage":"fr-FR","potentialAction":[{"@type":"ReadAction","target":["https:\/\/i-confort.com\/?product=moulinex-blender-1-75l-500w-ref-lm240b25"]}]},{"@type":"ImageObject","inLanguage":"fr-FR","@id":"https:\/\/i-confort.com\/?product=moulinex-blender-1-75l-500w-ref-lm240b25#primaryimage","url":"https:\/\/i-confort.com\/wp-content\/uploads\/2024\/12\/100127637_100_01.jpg","contentUrl":"https:\/\/i-confort.com\/wp-content\/uploads\/2024\/12\/100127637_100_01.jpg","width":1010,"height":1416},{"@type":"BreadcrumbList","@id":"https:\/\/i-confort.com\/?product=moulinex-blender-1-75l-500w-ref-lm240b25#breadcrumb","itemListElement":[{"@type":"ListItem","position":1,"name":"Home","item":"https:\/\/i-confort.com\/"},{"@type":"ListItem","position":2,"name":"Boutique","item":"https:\/\/i-confort.com\/?page_id=7"},{"@type":"ListItem","position":3,"name":"Moulinex Blender 1.75L 500W ref\/ LM240B25"}]},{"@type":"WebSite","@id":"https:\/\/i-confort.com\/#website","url":"https:\/\/i-confort.com\/","name":"I-CONFORT","description":"Site de vente en ligne","potentialAction":[{"@type":"SearchAction","target":{"@type":"EntryPoint","urlTemplate":"https:\/\/i-confort.com\/?s={search_term_string}"},"query-input":{"@type":"PropertyValueSpecification","valueRequired":true,"valueName":"search_term_string"}}],"inLanguage":"fr-FR"}]}},"brands":[{"id":382,"name":"Molinex","slug":"molinex"}],"_links":{"self":[{"href":"https:\/\/i-confort.com\/index.php?rest_route=\/wp\/v2\/product\/21663","targetHints":{"allow":["GET"]}}],"collection":[{"href":"https:\/\/i-confort.com\/index.php?rest_route=\/wp\/v2\/product"}],"about":[{"href":"https:\/\/i-confort.com\/index.php?rest_route=\/wp\/v2\/types\/product"}],"wp:featuredmedia":[{"embeddable":true,"href":"https:\/\/i-confort.com\/index.php?rest_route=\/wp\/v2\/media\/21662"}],"wp:attachment":[{"href":"https:\/\/i-confort.com\/index.php?rest_route=%2Fwp%2Fv2%2Fmedia&parent=21663"}],"wp:term":[{"taxonomy":"pwb-brand","embeddable":true,"href":"https:\/\/i-confort.com\/index.php?rest_route=%2Fwp%2Fv2%2Fpwb-brand&post=21663"},{"taxonomy":"product_brand","embeddable":true,"href":"https:\/\/i-confort.com\/index.php?rest_route=%2Fwp%2Fv2%2Fproduct_brand&post=21663"},{"taxonomy":"product_cat","embeddable":true,"href":"https:\/\/i-confort.com\/index.php?rest_route=%2Fwp%2Fv2%2Fproduct_cat&post=21663"},{"taxonomy":"product_tag","embeddable":true,"href":"https:\/\/i-confort.com\/index.php?rest_route=%2Fwp%2Fv2%2Fproduct_tag&post=21663"}],"curies":[{"name":"wp","href":"https:\/\/api.w.org\/{rel}","templated":true}]}}