{"id":21665,"date":"2024-12-02T10:45:44","date_gmt":"2024-12-02T10:45:44","guid":{"rendered":"https:\/\/i-confort.com\/?product=moulinex-blender-1-75l-500w-ref-lm242b25"},"modified":"2024-12-02T10:45:44","modified_gmt":"2024-12-02T10:45:44","slug":"moulinex-blender-1-75l-500w-ref-lm242b25","status":"publish","type":"product","link":"https:\/\/i-confort.com\/?product=moulinex-blender-1-75l-500w-ref-lm242b25","title":{"rendered":"Moulinex Blender 1.75L 500w REF\/LM242B25"},"content":{"rendered":"<ul style=\"margin-top: 0px;padding: 0px;margin-bottom: 1.3em;font-family: sans-serif;font-size: medium\">\n<li style=\"margin-bottom: 0.6em;margin-left: 1.3em\">Id\u00e9al pour pr\u00e9parer des jus, des smoothies, des soupes, des sauces et plus encore<\/li>\n<li style=\"margin-bottom: 0.6em;margin-left: 1.3em\">500 Watts de puissance pour des pr\u00e9parations rapides et parfaites sans grumeaux<\/li>\n<li style=\"margin-bottom: 0.6em;margin-left: 1.3em\">4 lames fixes en acier inoxydable assurent une meilleure performance et un meilleur d\u00e9bit des aliments<\/li>\n<li style=\"margin-bottom: 0.6em;margin-left: 1.3em\">Solide, durable et construit pour durer, gr\u00e2ce \u00e0 la fibre de verre sur le rotor<\/li>\n<li style=\"margin-bottom: 0.6em;margin-left: 1.3em\">Livr\u00e9 avec un broyeur (broie facilement les noix, les c\u00e9r\u00e9ales, les \u00e9pices et plus encore), une r\u00e2pe (r\u00e2pez tout, du parmesan \u00e0 la noix de coco et au chocolat en quelques secondes)<\/li>\n<\/ul>\n","protected":false},"excerpt":{"rendered":"<p><br data-mce-bogus=\"1\"><\/p>\n","protected":false},"featured_media":21664,"template":"","meta":{"_coblocks_attr":"","_coblocks_dimensions":"","_coblocks_responsive_height":"","_coblocks_accordion_ie_support":""},"pwb-brand":[382],"product_brand":[],"product_cat":[354],"product_tag":[],"class_list":{"0":"post-21665","1":"product","2":"type-product","3":"status-publish","4":"has-post-thumbnail","6":"pwb-brand-molinex","7":"product_cat-robot","10":"first","11":"instock","12":"taxable","13":"shipping-taxable","14":"purchasable","15":"product-type-simple"},"yoast_head":"<!-- This site is optimized with the Yoast SEO plugin v27.4 - https:\/\/yoast.com\/product\/yoast-seo-wordpress\/ -->\n<title>Moulinex Blender 1.75L 500w REF\/LM242B25 - I-CONFORT<\/title>\n<meta name=\"robots\" content=\"index, follow, max-snippet:-1, max-image-preview:large, max-video-preview:-1\" \/>\n<link rel=\"canonical\" href=\"https:\/\/i-confort.com\/?product=moulinex-blender-1-75l-500w-ref-lm242b25\" \/>\n<meta property=\"og:locale\" content=\"fr_FR\" \/>\n<meta property=\"og:type\" content=\"article\" \/>\n<meta property=\"og:title\" content=\"Moulinex Blender 1.75L 500w REF\/LM242B25 - I-CONFORT\" \/>\n<meta property=\"og:url\" content=\"https:\/\/i-confort.com\/?product=moulinex-blender-1-75l-500w-ref-lm242b25\" \/>\n<meta property=\"og:site_name\" content=\"I-CONFORT\" \/>\n<meta property=\"og:image\" content=\"https:\/\/i-confort.com\/wp-content\/uploads\/2024\/12\/100127637_100_01-1.jpg\" \/>\n\t<meta property=\"og:image:width\" content=\"1010\" \/>\n\t<meta property=\"og:image:height\" content=\"1416\" \/>\n\t<meta property=\"og:image:type\" content=\"image\/jpeg\" \/>\n<meta name=\"twitter:card\" content=\"summary_large_image\" \/>\n<script type=\"application\/ld+json\" class=\"yoast-schema-graph\">{\"@context\":\"https:\\\/\\\/schema.org\",\"@graph\":[{\"@type\":\"WebPage\",\"@id\":\"https:\\\/\\\/i-confort.com\\\/?product=moulinex-blender-1-75l-500w-ref-lm242b25\",\"url\":\"https:\\\/\\\/i-confort.com\\\/?product=moulinex-blender-1-75l-500w-ref-lm242b25\",\"name\":\"Moulinex Blender 1.75L 500w REF\\\/LM242B25 - I-CONFORT\",\"isPartOf\":{\"@id\":\"https:\\\/\\\/i-confort.com\\\/#website\"},\"primaryImageOfPage\":{\"@id\":\"https:\\\/\\\/i-confort.com\\\/?product=moulinex-blender-1-75l-500w-ref-lm242b25#primaryimage\"},\"image\":{\"@id\":\"https:\\\/\\\/i-confort.com\\\/?product=moulinex-blender-1-75l-500w-ref-lm242b25#primaryimage\"},\"thumbnailUrl\":\"https:\\\/\\\/i-confort.com\\\/wp-content\\\/uploads\\\/2024\\\/12\\\/100127637_100_01-1.jpg\",\"datePublished\":\"2024-12-02T10:45:44+00:00\",\"breadcrumb\":{\"@id\":\"https:\\\/\\\/i-confort.com\\\/?product=moulinex-blender-1-75l-500w-ref-lm242b25#breadcrumb\"},\"inLanguage\":\"fr-FR\",\"potentialAction\":[{\"@type\":\"ReadAction\",\"target\":[\"https:\\\/\\\/i-confort.com\\\/?product=moulinex-blender-1-75l-500w-ref-lm242b25\"]}]},{\"@type\":\"ImageObject\",\"inLanguage\":\"fr-FR\",\"@id\":\"https:\\\/\\\/i-confort.com\\\/?product=moulinex-blender-1-75l-500w-ref-lm242b25#primaryimage\",\"url\":\"https:\\\/\\\/i-confort.com\\\/wp-content\\\/uploads\\\/2024\\\/12\\\/100127637_100_01-1.jpg\",\"contentUrl\":\"https:\\\/\\\/i-confort.com\\\/wp-content\\\/uploads\\\/2024\\\/12\\\/100127637_100_01-1.jpg\",\"width\":1010,\"height\":1416},{\"@type\":\"BreadcrumbList\",\"@id\":\"https:\\\/\\\/i-confort.com\\\/?product=moulinex-blender-1-75l-500w-ref-lm242b25#breadcrumb\",\"itemListElement\":[{\"@type\":\"ListItem\",\"position\":1,\"name\":\"Home\",\"item\":\"https:\\\/\\\/i-confort.com\\\/\"},{\"@type\":\"ListItem\",\"position\":2,\"name\":\"Boutique\",\"item\":\"https:\\\/\\\/i-confort.com\\\/?page_id=7\"},{\"@type\":\"ListItem\",\"position\":3,\"name\":\"Moulinex Blender 1.75L 500w REF\\\/LM242B25\"}]},{\"@type\":\"WebSite\",\"@id\":\"https:\\\/\\\/i-confort.com\\\/#website\",\"url\":\"https:\\\/\\\/i-confort.com\\\/\",\"name\":\"I-CONFORT\",\"description\":\"Site de vente en ligne\",\"potentialAction\":[{\"@type\":\"SearchAction\",\"target\":{\"@type\":\"EntryPoint\",\"urlTemplate\":\"https:\\\/\\\/i-confort.com\\\/?s={search_term_string}\"},\"query-input\":{\"@type\":\"PropertyValueSpecification\",\"valueRequired\":true,\"valueName\":\"search_term_string\"}}],\"inLanguage\":\"fr-FR\"}]}<\/script>\n<!-- \/ Yoast SEO plugin. -->","yoast_head_json":{"title":"Moulinex Blender 1.75L 500w REF\/LM242B25 - I-CONFORT","robots":{"index":"index","follow":"follow","max-snippet":"max-snippet:-1","max-image-preview":"max-image-preview:large","max-video-preview":"max-video-preview:-1"},"canonical":"https:\/\/i-confort.com\/?product=moulinex-blender-1-75l-500w-ref-lm242b25","og_locale":"fr_FR","og_type":"article","og_title":"Moulinex Blender 1.75L 500w REF\/LM242B25 - I-CONFORT","og_url":"https:\/\/i-confort.com\/?product=moulinex-blender-1-75l-500w-ref-lm242b25","og_site_name":"I-CONFORT","og_image":[{"width":1010,"height":1416,"url":"https:\/\/i-confort.com\/wp-content\/uploads\/2024\/12\/100127637_100_01-1.jpg","type":"image\/jpeg"}],"twitter_card":"summary_large_image","schema":{"@context":"https:\/\/schema.org","@graph":[{"@type":"WebPage","@id":"https:\/\/i-confort.com\/?product=moulinex-blender-1-75l-500w-ref-lm242b25","url":"https:\/\/i-confort.com\/?product=moulinex-blender-1-75l-500w-ref-lm242b25","name":"Moulinex Blender 1.75L 500w REF\/LM242B25 - I-CONFORT","isPartOf":{"@id":"https:\/\/i-confort.com\/#website"},"primaryImageOfPage":{"@id":"https:\/\/i-confort.com\/?product=moulinex-blender-1-75l-500w-ref-lm242b25#primaryimage"},"image":{"@id":"https:\/\/i-confort.com\/?product=moulinex-blender-1-75l-500w-ref-lm242b25#primaryimage"},"thumbnailUrl":"https:\/\/i-confort.com\/wp-content\/uploads\/2024\/12\/100127637_100_01-1.jpg","datePublished":"2024-12-02T10:45:44+00:00","breadcrumb":{"@id":"https:\/\/i-confort.com\/?product=moulinex-blender-1-75l-500w-ref-lm242b25#breadcrumb"},"inLanguage":"fr-FR","potentialAction":[{"@type":"ReadAction","target":["https:\/\/i-confort.com\/?product=moulinex-blender-1-75l-500w-ref-lm242b25"]}]},{"@type":"ImageObject","inLanguage":"fr-FR","@id":"https:\/\/i-confort.com\/?product=moulinex-blender-1-75l-500w-ref-lm242b25#primaryimage","url":"https:\/\/i-confort.com\/wp-content\/uploads\/2024\/12\/100127637_100_01-1.jpg","contentUrl":"https:\/\/i-confort.com\/wp-content\/uploads\/2024\/12\/100127637_100_01-1.jpg","width":1010,"height":1416},{"@type":"BreadcrumbList","@id":"https:\/\/i-confort.com\/?product=moulinex-blender-1-75l-500w-ref-lm242b25#breadcrumb","itemListElement":[{"@type":"ListItem","position":1,"name":"Home","item":"https:\/\/i-confort.com\/"},{"@type":"ListItem","position":2,"name":"Boutique","item":"https:\/\/i-confort.com\/?page_id=7"},{"@type":"ListItem","position":3,"name":"Moulinex Blender 1.75L 500w REF\/LM242B25"}]},{"@type":"WebSite","@id":"https:\/\/i-confort.com\/#website","url":"https:\/\/i-confort.com\/","name":"I-CONFORT","description":"Site de vente en ligne","potentialAction":[{"@type":"SearchAction","target":{"@type":"EntryPoint","urlTemplate":"https:\/\/i-confort.com\/?s={search_term_string}"},"query-input":{"@type":"PropertyValueSpecification","valueRequired":true,"valueName":"search_term_string"}}],"inLanguage":"fr-FR"}]}},"brands":[{"id":382,"name":"Molinex","slug":"molinex"}],"_links":{"self":[{"href":"https:\/\/i-confort.com\/index.php?rest_route=\/wp\/v2\/product\/21665","targetHints":{"allow":["GET"]}}],"collection":[{"href":"https:\/\/i-confort.com\/index.php?rest_route=\/wp\/v2\/product"}],"about":[{"href":"https:\/\/i-confort.com\/index.php?rest_route=\/wp\/v2\/types\/product"}],"wp:featuredmedia":[{"embeddable":true,"href":"https:\/\/i-confort.com\/index.php?rest_route=\/wp\/v2\/media\/21664"}],"wp:attachment":[{"href":"https:\/\/i-confort.com\/index.php?rest_route=%2Fwp%2Fv2%2Fmedia&parent=21665"}],"wp:term":[{"taxonomy":"pwb-brand","embeddable":true,"href":"https:\/\/i-confort.com\/index.php?rest_route=%2Fwp%2Fv2%2Fpwb-brand&post=21665"},{"taxonomy":"product_brand","embeddable":true,"href":"https:\/\/i-confort.com\/index.php?rest_route=%2Fwp%2Fv2%2Fproduct_brand&post=21665"},{"taxonomy":"product_cat","embeddable":true,"href":"https:\/\/i-confort.com\/index.php?rest_route=%2Fwp%2Fv2%2Fproduct_cat&post=21665"},{"taxonomy":"product_tag","embeddable":true,"href":"https:\/\/i-confort.com\/index.php?rest_route=%2Fwp%2Fv2%2Fproduct_tag&post=21665"}],"curies":[{"name":"wp","href":"https:\/\/api.w.org\/{rel}","templated":true}]}}