{"id":21671,"date":"2024-12-02T12:09:00","date_gmt":"2024-12-02T12:09:00","guid":{"rendered":"https:\/\/i-confort.com\/?product=moulinex-blender-2l-600w-ref-lm420510"},"modified":"2024-12-02T12:09:00","modified_gmt":"2024-12-02T12:09:00","slug":"moulinex-blender-2l-600w-ref-lm420510","status":"publish","type":"product","link":"https:\/\/i-confort.com\/?product=moulinex-blender-2l-600w-ref-lm420510","title":{"rendered":"Moulinex Blender 2L 600w REF\/LM420510"},"content":{"rendered":"<p><ul style=\"margin-top: 24px;margin-bottom: 10px;padding: 0px 0px 0px 18px;font-family: Cairo, sans-serif;font-size: 15px;font-style: normal;font-weight: 400;letter-spacing: normal;text-align: start;text-indent: 0px;text-transform: none\"><\/ul>\n<\/p>\n<article style=\"font-family: Cairo, sans-serif;font-size: 15px;font-style: normal;font-weight: 400;letter-spacing: normal;text-align: start;text-indent: 0px;text-transform: none\">\n<p style=\"margin: 0px 0px 10px;font-family: Cairo, sans-serif;font-size: 15px\"><span style=\"font-family: verdana, arial, sans-serif;font-size: 12px;font-style: normal;font-weight: 400;letter-spacing: normal;text-align: start;text-indent: 0px;text-transform: none;float: none\">Blender Blendforce &#8211; Syst\u00e8me Air Cooling innovant qui lui garantit une dur\u00e9e de vie optimale &#8211; Smart Lock pour des mixages sans effort &#8211; Bol 2 L avec 1,25 L de capacit\u00e9 utile &#8211; Puissance 600 W &#8211; 2 vitesses + pulse &#8211; Fonction glace pil\u00e9e &#8211; 4 lames inox &#8211; Livr\u00e9 avec verre mesureur &#8211; Coloris rouge<\/span><\/p>\n<\/article>\n","protected":false},"excerpt":{"rendered":"<p><br data-mce-bogus=\"1\"><\/p>\n","protected":false},"featured_media":21670,"template":"","meta":{"_coblocks_attr":"","_coblocks_dimensions":"","_coblocks_responsive_height":"","_coblocks_accordion_ie_support":""},"pwb-brand":[382],"product_brand":[],"product_cat":[354],"product_tag":[],"class_list":{"0":"post-21671","1":"product","2":"type-product","3":"status-publish","4":"has-post-thumbnail","6":"pwb-brand-molinex","7":"product_cat-robot","10":"first","11":"instock","12":"taxable","13":"shipping-taxable","14":"purchasable","15":"product-type-simple"},"yoast_head":"<!-- This site is optimized with the Yoast SEO plugin v27.4 - https:\/\/yoast.com\/product\/yoast-seo-wordpress\/ -->\n<title>Moulinex Blender 2L 600w REF\/LM420510 - I-CONFORT<\/title>\n<meta name=\"robots\" content=\"index, follow, max-snippet:-1, max-image-preview:large, max-video-preview:-1\" \/>\n<link rel=\"canonical\" href=\"https:\/\/i-confort.com\/?product=moulinex-blender-2l-600w-ref-lm420510\" \/>\n<meta property=\"og:locale\" content=\"fr_FR\" \/>\n<meta property=\"og:type\" content=\"article\" \/>\n<meta property=\"og:title\" content=\"Moulinex Blender 2L 600w REF\/LM420510 - I-CONFORT\" \/>\n<meta property=\"og:url\" content=\"https:\/\/i-confort.com\/?product=moulinex-blender-2l-600w-ref-lm420510\" \/>\n<meta property=\"og:site_name\" content=\"I-CONFORT\" \/>\n<meta property=\"og:image\" content=\"https:\/\/i-confort.com\/wp-content\/uploads\/2024\/12\/3016661151378-1-1.jpg\" \/>\n\t<meta property=\"og:image:width\" content=\"1315\" \/>\n\t<meta property=\"og:image:height\" content=\"1500\" \/>\n\t<meta property=\"og:image:type\" content=\"image\/jpeg\" \/>\n<meta name=\"twitter:card\" content=\"summary_large_image\" \/>\n<script type=\"application\/ld+json\" class=\"yoast-schema-graph\">{\"@context\":\"https:\\\/\\\/schema.org\",\"@graph\":[{\"@type\":\"WebPage\",\"@id\":\"https:\\\/\\\/i-confort.com\\\/?product=moulinex-blender-2l-600w-ref-lm420510\",\"url\":\"https:\\\/\\\/i-confort.com\\\/?product=moulinex-blender-2l-600w-ref-lm420510\",\"name\":\"Moulinex Blender 2L 600w REF\\\/LM420510 - I-CONFORT\",\"isPartOf\":{\"@id\":\"https:\\\/\\\/i-confort.com\\\/#website\"},\"primaryImageOfPage\":{\"@id\":\"https:\\\/\\\/i-confort.com\\\/?product=moulinex-blender-2l-600w-ref-lm420510#primaryimage\"},\"image\":{\"@id\":\"https:\\\/\\\/i-confort.com\\\/?product=moulinex-blender-2l-600w-ref-lm420510#primaryimage\"},\"thumbnailUrl\":\"https:\\\/\\\/i-confort.com\\\/wp-content\\\/uploads\\\/2024\\\/12\\\/3016661151378-1-1.jpg\",\"datePublished\":\"2024-12-02T12:09:00+00:00\",\"breadcrumb\":{\"@id\":\"https:\\\/\\\/i-confort.com\\\/?product=moulinex-blender-2l-600w-ref-lm420510#breadcrumb\"},\"inLanguage\":\"fr-FR\",\"potentialAction\":[{\"@type\":\"ReadAction\",\"target\":[\"https:\\\/\\\/i-confort.com\\\/?product=moulinex-blender-2l-600w-ref-lm420510\"]}]},{\"@type\":\"ImageObject\",\"inLanguage\":\"fr-FR\",\"@id\":\"https:\\\/\\\/i-confort.com\\\/?product=moulinex-blender-2l-600w-ref-lm420510#primaryimage\",\"url\":\"https:\\\/\\\/i-confort.com\\\/wp-content\\\/uploads\\\/2024\\\/12\\\/3016661151378-1-1.jpg\",\"contentUrl\":\"https:\\\/\\\/i-confort.com\\\/wp-content\\\/uploads\\\/2024\\\/12\\\/3016661151378-1-1.jpg\",\"width\":1315,\"height\":1500},{\"@type\":\"BreadcrumbList\",\"@id\":\"https:\\\/\\\/i-confort.com\\\/?product=moulinex-blender-2l-600w-ref-lm420510#breadcrumb\",\"itemListElement\":[{\"@type\":\"ListItem\",\"position\":1,\"name\":\"Home\",\"item\":\"https:\\\/\\\/i-confort.com\\\/\"},{\"@type\":\"ListItem\",\"position\":2,\"name\":\"Boutique\",\"item\":\"https:\\\/\\\/i-confort.com\\\/?page_id=7\"},{\"@type\":\"ListItem\",\"position\":3,\"name\":\"Moulinex Blender 2L 600w REF\\\/LM420510\"}]},{\"@type\":\"WebSite\",\"@id\":\"https:\\\/\\\/i-confort.com\\\/#website\",\"url\":\"https:\\\/\\\/i-confort.com\\\/\",\"name\":\"I-CONFORT\",\"description\":\"Site de vente en ligne\",\"potentialAction\":[{\"@type\":\"SearchAction\",\"target\":{\"@type\":\"EntryPoint\",\"urlTemplate\":\"https:\\\/\\\/i-confort.com\\\/?s={search_term_string}\"},\"query-input\":{\"@type\":\"PropertyValueSpecification\",\"valueRequired\":true,\"valueName\":\"search_term_string\"}}],\"inLanguage\":\"fr-FR\"}]}<\/script>\n<!-- \/ Yoast SEO plugin. -->","yoast_head_json":{"title":"Moulinex Blender 2L 600w REF\/LM420510 - I-CONFORT","robots":{"index":"index","follow":"follow","max-snippet":"max-snippet:-1","max-image-preview":"max-image-preview:large","max-video-preview":"max-video-preview:-1"},"canonical":"https:\/\/i-confort.com\/?product=moulinex-blender-2l-600w-ref-lm420510","og_locale":"fr_FR","og_type":"article","og_title":"Moulinex Blender 2L 600w REF\/LM420510 - I-CONFORT","og_url":"https:\/\/i-confort.com\/?product=moulinex-blender-2l-600w-ref-lm420510","og_site_name":"I-CONFORT","og_image":[{"width":1315,"height":1500,"url":"https:\/\/i-confort.com\/wp-content\/uploads\/2024\/12\/3016661151378-1-1.jpg","type":"image\/jpeg"}],"twitter_card":"summary_large_image","schema":{"@context":"https:\/\/schema.org","@graph":[{"@type":"WebPage","@id":"https:\/\/i-confort.com\/?product=moulinex-blender-2l-600w-ref-lm420510","url":"https:\/\/i-confort.com\/?product=moulinex-blender-2l-600w-ref-lm420510","name":"Moulinex Blender 2L 600w REF\/LM420510 - I-CONFORT","isPartOf":{"@id":"https:\/\/i-confort.com\/#website"},"primaryImageOfPage":{"@id":"https:\/\/i-confort.com\/?product=moulinex-blender-2l-600w-ref-lm420510#primaryimage"},"image":{"@id":"https:\/\/i-confort.com\/?product=moulinex-blender-2l-600w-ref-lm420510#primaryimage"},"thumbnailUrl":"https:\/\/i-confort.com\/wp-content\/uploads\/2024\/12\/3016661151378-1-1.jpg","datePublished":"2024-12-02T12:09:00+00:00","breadcrumb":{"@id":"https:\/\/i-confort.com\/?product=moulinex-blender-2l-600w-ref-lm420510#breadcrumb"},"inLanguage":"fr-FR","potentialAction":[{"@type":"ReadAction","target":["https:\/\/i-confort.com\/?product=moulinex-blender-2l-600w-ref-lm420510"]}]},{"@type":"ImageObject","inLanguage":"fr-FR","@id":"https:\/\/i-confort.com\/?product=moulinex-blender-2l-600w-ref-lm420510#primaryimage","url":"https:\/\/i-confort.com\/wp-content\/uploads\/2024\/12\/3016661151378-1-1.jpg","contentUrl":"https:\/\/i-confort.com\/wp-content\/uploads\/2024\/12\/3016661151378-1-1.jpg","width":1315,"height":1500},{"@type":"BreadcrumbList","@id":"https:\/\/i-confort.com\/?product=moulinex-blender-2l-600w-ref-lm420510#breadcrumb","itemListElement":[{"@type":"ListItem","position":1,"name":"Home","item":"https:\/\/i-confort.com\/"},{"@type":"ListItem","position":2,"name":"Boutique","item":"https:\/\/i-confort.com\/?page_id=7"},{"@type":"ListItem","position":3,"name":"Moulinex Blender 2L 600w REF\/LM420510"}]},{"@type":"WebSite","@id":"https:\/\/i-confort.com\/#website","url":"https:\/\/i-confort.com\/","name":"I-CONFORT","description":"Site de vente en ligne","potentialAction":[{"@type":"SearchAction","target":{"@type":"EntryPoint","urlTemplate":"https:\/\/i-confort.com\/?s={search_term_string}"},"query-input":{"@type":"PropertyValueSpecification","valueRequired":true,"valueName":"search_term_string"}}],"inLanguage":"fr-FR"}]}},"brands":[{"id":382,"name":"Molinex","slug":"molinex"}],"_links":{"self":[{"href":"https:\/\/i-confort.com\/index.php?rest_route=\/wp\/v2\/product\/21671","targetHints":{"allow":["GET"]}}],"collection":[{"href":"https:\/\/i-confort.com\/index.php?rest_route=\/wp\/v2\/product"}],"about":[{"href":"https:\/\/i-confort.com\/index.php?rest_route=\/wp\/v2\/types\/product"}],"wp:featuredmedia":[{"embeddable":true,"href":"https:\/\/i-confort.com\/index.php?rest_route=\/wp\/v2\/media\/21670"}],"wp:attachment":[{"href":"https:\/\/i-confort.com\/index.php?rest_route=%2Fwp%2Fv2%2Fmedia&parent=21671"}],"wp:term":[{"taxonomy":"pwb-brand","embeddable":true,"href":"https:\/\/i-confort.com\/index.php?rest_route=%2Fwp%2Fv2%2Fpwb-brand&post=21671"},{"taxonomy":"product_brand","embeddable":true,"href":"https:\/\/i-confort.com\/index.php?rest_route=%2Fwp%2Fv2%2Fproduct_brand&post=21671"},{"taxonomy":"product_cat","embeddable":true,"href":"https:\/\/i-confort.com\/index.php?rest_route=%2Fwp%2Fv2%2Fproduct_cat&post=21671"},{"taxonomy":"product_tag","embeddable":true,"href":"https:\/\/i-confort.com\/index.php?rest_route=%2Fwp%2Fv2%2Fproduct_tag&post=21671"}],"curies":[{"name":"wp","href":"https:\/\/api.w.org\/{rel}","templated":true}]}}