{"id":21693,"date":"2024-12-04T07:39:10","date_gmt":"2024-12-04T07:39:10","guid":{"rendered":"https:\/\/i-confort.com\/?product=moulinex-friteuse-2kg-ref-am481010"},"modified":"2024-12-04T07:39:11","modified_gmt":"2024-12-04T07:39:11","slug":"moulinex-friteuse-2kg-ref-am481010","status":"publish","type":"product","link":"https:\/\/i-confort.com\/?product=moulinex-friteuse-2kg-ref-am481010","title":{"rendered":"Moulinex friteuse 2kg REF\/AM481010"},"content":{"rendered":"<p><br data-mce-bogus=\"1\"><\/p>\n","protected":false},"excerpt":{"rendered":"<article class=\"col8 -pvs\">\n<div class=\"card-b -fh\" style=\"border-radius: 4px;height: 812px\">\n<h2 class=\"hdr -upp -fs14 -m -pam\" style=\"font-weight: 500;padding: 16px;margin: 0px;text-transform: uppercase;font-size: 0.875rem\">rincipales caract\u00e9ristiques<\/h2>\n<div class=\"markup -pam\" style=\"padding: 16px\"><b>Friteuse AM481010 MEGA 2KG- BLANC\/ROSE GOLD<\/b><\/p>\n<h2 class=\"best-points-title\" style=\"font-weight: 400;padding: 0px;margin: 0px 0px 18px;font-family: inherit;font-style: inherit;font-variant: inherit;border: 0px;font-size: 14px;line-height: 19px;vertical-align: baseline\">La friteuse Moulinex AM481010 Mega 2 kg vous permet de r\u00e9galer toute la famille avec sa grande capacit\u00e9 de 2 kg de frites fra\u00eeches.<\/h2>\n<p>Variez les plaisirs et initiez vous \u00e0 diff\u00e9rentes cuisine du monde gr\u00e2ce \u00e0 son accessoire snacking.<br \/>Capacit\u00e9\u00a0<b>:\u00a0<\/b>La quantit\u00e9 d&rsquo;huile de 3,3 litres vous permet de pr\u00e9parer jusqu&rsquo;\u00e0 2 kg de frites fra\u00eeches en une seule tourn\u00e9e.\u00a0<\/p>\n<ul style=\"padding: 0px 0px 0px 16px;margin: 0px\">\n<li style=\"padding: 0px;margin: 0px\"><b>Thermostat r\u00e9glable :<\/b>Son thermostat r\u00e9glable de 150 \u00e0 190\u00b0C permet de s\u00e9lectionner la temp\u00e9rature id\u00e9ale \u00e0 la cuisson de chaque aliment.<\/li>\n<li style=\"padding: 0px;margin: 0px\"><b>Accessoire Snacking :\u00a0<\/b>La grille snaking vous permettra de r\u00e9aliser vos snacks favoris \u00e0 volont\u00e9, tel que les beignets de poisson, samossas, boulettes de viandes, &#8230;<\/li>\n<li style=\"padding: 0px;margin: 0px\"><b>Praticit\u00e9 :\u00a0<\/b>Le panier de cuisson peut \u00eatre maintenu en position haute ce qui permet d\u2019\u00e9goutter les aliments avant d&rsquo;\u00eatre servis.\u00a0Pour une praticit\u00e9 absolue, la friteuse dispose d&rsquo;une poign\u00e9e r\u00e9tractable pour un contr\u00f4le ext\u00e9rieur du panier.\u00a0Cette m\u00eame poign\u00e9e vous permet \u00e9galement de vidanger l&rsquo;huile des frites sans aucune n\u00e9cessit\u00e9 d&rsquo;ouvrir le couvercle.\u00a0Surveillez la cuisson en cours gr\u00e2ce au hubl0t de contr\u00f4le transparent.<\/li>\n<li style=\"padding: 0px;margin: 0px\"><b>Filtre carbone :\u00a0 \u00a0<\/b>Profitez d&rsquo;une efficacit\u00e9 anti-odeur \u00e0 la cassette anti-odeur, ainsi les les odeurs seront r\u00e9duites.\u00a0<\/li>\n<li style=\"padding: 0px;margin: 0px\"><b>Nettoyage simplifi\u00e9 :<\/b>La cuve amovible anti-adh\u00e9sive facilite le nettoyage de la friteuse.Le couvercle, le panier, la cuve et le filtre passent au lave-vaisselle<\/li>\n<\/ul>\n<\/div>\n<\/div>\n<\/article>\n<article class=\"col8 -pvs\">\n<div class=\"card-b -fh\" style=\"border-radius: 4px;height: 812px\">\n<h2 class=\"hdr -upp -fs14 -m -pam\" style=\"font-weight: 500;padding: 16px;margin: 0px;text-transform: uppercase;font-size: 0.875rem\">Descriptif technique<\/h2>\n<ul class=\"-pvs -mvxs -phm -lsn\" style=\"padding: 8px 16px;margin: 4px 0px\">\n<li class=\"-pvxs\" style=\"padding: 4px 0px;margin: 0px\"><span class=\"-b\" style=\"font-weight: 700\">SKU<\/span>: MO534HA14ZKIWNAFAMZ<\/li>\n<li class=\"-pvxs\" style=\"padding: 4px 0px;margin: 0px\"><span class=\"-b\" style=\"font-weight: 700\">Mod\u00e8le<\/span>: AM481010<\/li>\n<li class=\"-pvxs\" style=\"padding: 4px 0px;margin: 0px\"><span class=\"-b\" style=\"font-weight: 700\">Poids (kg)<\/span>: 1.2<\/li>\n<li class=\"-pvxs\" style=\"padding: 4px 0px;margin: 0px\"><span class=\"-b\" style=\"font-weight: 700\">Couleur<\/span>: Blanc \/ Rose Gold<\/li>\n<\/ul>\n<\/div>\n<\/article>\n","protected":false},"featured_media":21692,"template":"","meta":{"_coblocks_attr":"","_coblocks_dimensions":"","_coblocks_responsive_height":"","_coblocks_accordion_ie_support":""},"pwb-brand":[382],"product_brand":[],"product_cat":[],"product_tag":[],"class_list":{"0":"post-21693","1":"product","2":"type-product","3":"status-publish","4":"has-post-thumbnail","6":"pwb-brand-molinex","9":"first","10":"instock","11":"taxable","12":"shipping-taxable","13":"purchasable","14":"product-type-simple"},"yoast_head":"<!-- This site is optimized with the Yoast SEO plugin v27.4 - https:\/\/yoast.com\/product\/yoast-seo-wordpress\/ -->\n<title>Moulinex friteuse 2kg REF\/AM481010 - I-CONFORT<\/title>\n<meta name=\"robots\" content=\"index, follow, max-snippet:-1, max-image-preview:large, max-video-preview:-1\" \/>\n<link rel=\"canonical\" href=\"https:\/\/i-confort.com\/?product=moulinex-friteuse-2kg-ref-am481010\" \/>\n<meta property=\"og:locale\" content=\"fr_FR\" \/>\n<meta property=\"og:type\" content=\"article\" \/>\n<meta property=\"og:title\" content=\"Moulinex friteuse 2kg REF\/AM481010 - I-CONFORT\" \/>\n<meta property=\"og:description\" content=\"rincipales caract\u00e9ristiquesFriteuse AM481010 MEGA 2KG- BLANC\/ROSE GOLDLa friteuse Moulinex AM481010 Mega 2 kg vous permet de r\u00e9galer toute la famille avec sa grande capacit\u00e9 de 2 kg de frites fra\u00eeches.Variez les plaisirs et initiez vous \u00e0 diff\u00e9rentes cuisine du monde gr\u00e2ce \u00e0 son accessoire snacking.Capacit\u00e9\u00a0:\u00a0La quantit\u00e9 d&#039;huile de 3,3 litres vous permet de pr\u00e9parer jusqu&#039;\u00e0 2 kg de frites fra\u00eeches en une seule tourn\u00e9e.\u00a0Thermostat r\u00e9glable :Son thermostat r\u00e9glable de 150 \u00e0 190\u00b0C permet de s\u00e9lectionner la temp\u00e9rature id\u00e9ale \u00e0 la cuisson de chaque aliment.Accessoire Snacking :\u00a0La grille snaking vous permettra de r\u00e9aliser vos snacks favoris \u00e0 volont\u00e9, tel que les beignets de poisson, samossas, boulettes de viandes, ...Praticit\u00e9 :\u00a0Le panier de cuisson peut \u00eatre maintenu en position haute ce qui permet d\u2019\u00e9goutter les aliments avant d&#039;\u00eatre servis.\u00a0Pour une praticit\u00e9 absolue, la friteuse dispose d&#039;une poign\u00e9e r\u00e9tractable pour un contr\u00f4le ext\u00e9rieur du panier.\u00a0Cette m\u00eame poign\u00e9e vous permet \u00e9galement de vidanger l&#039;huile des frites sans aucune n\u00e9cessit\u00e9 d&#039;ouvrir le couvercle.\u00a0Surveillez la cuisson en cours gr\u00e2ce au hubl0t de contr\u00f4le transparent.Filtre carbone :\u00a0 \u00a0Profitez d&#039;une efficacit\u00e9 anti-odeur \u00e0 la cassette anti-odeur, ainsi les les odeurs seront r\u00e9duites.\u00a0Nettoyage simplifi\u00e9 :La cuve amovible anti-adh\u00e9sive facilite le nettoyage de la friteuse.Le couvercle, le panier, la cuve et le filtre passent au lave-vaisselleDescriptif techniqueSKU: MO534HA14ZKIWNAFAMZMod\u00e8le: AM481010Poids (kg): 1.2Couleur: Blanc \/ Rose Gold\" \/>\n<meta property=\"og:url\" content=\"https:\/\/i-confort.com\/?product=moulinex-friteuse-2kg-ref-am481010\" \/>\n<meta property=\"og:site_name\" content=\"I-CONFORT\" \/>\n<meta property=\"article:modified_time\" content=\"2024-12-04T07:39:11+00:00\" \/>\n<meta property=\"og:image\" content=\"https:\/\/i-confort.com\/wp-content\/uploads\/2024\/12\/1-4.jpg\" \/>\n\t<meta property=\"og:image:width\" content=\"500\" \/>\n\t<meta property=\"og:image:height\" content=\"500\" \/>\n\t<meta property=\"og:image:type\" content=\"image\/jpeg\" \/>\n<meta name=\"twitter:card\" content=\"summary_large_image\" \/>\n<script type=\"application\/ld+json\" class=\"yoast-schema-graph\">{\"@context\":\"https:\\\/\\\/schema.org\",\"@graph\":[{\"@type\":\"WebPage\",\"@id\":\"https:\\\/\\\/i-confort.com\\\/?product=moulinex-friteuse-2kg-ref-am481010\",\"url\":\"https:\\\/\\\/i-confort.com\\\/?product=moulinex-friteuse-2kg-ref-am481010\",\"name\":\"Moulinex friteuse 2kg REF\\\/AM481010 - I-CONFORT\",\"isPartOf\":{\"@id\":\"https:\\\/\\\/i-confort.com\\\/#website\"},\"primaryImageOfPage\":{\"@id\":\"https:\\\/\\\/i-confort.com\\\/?product=moulinex-friteuse-2kg-ref-am481010#primaryimage\"},\"image\":{\"@id\":\"https:\\\/\\\/i-confort.com\\\/?product=moulinex-friteuse-2kg-ref-am481010#primaryimage\"},\"thumbnailUrl\":\"https:\\\/\\\/i-confort.com\\\/wp-content\\\/uploads\\\/2024\\\/12\\\/1-4.jpg\",\"datePublished\":\"2024-12-04T07:39:10+00:00\",\"dateModified\":\"2024-12-04T07:39:11+00:00\",\"breadcrumb\":{\"@id\":\"https:\\\/\\\/i-confort.com\\\/?product=moulinex-friteuse-2kg-ref-am481010#breadcrumb\"},\"inLanguage\":\"fr-FR\",\"potentialAction\":[{\"@type\":\"ReadAction\",\"target\":[\"https:\\\/\\\/i-confort.com\\\/?product=moulinex-friteuse-2kg-ref-am481010\"]}]},{\"@type\":\"ImageObject\",\"inLanguage\":\"fr-FR\",\"@id\":\"https:\\\/\\\/i-confort.com\\\/?product=moulinex-friteuse-2kg-ref-am481010#primaryimage\",\"url\":\"https:\\\/\\\/i-confort.com\\\/wp-content\\\/uploads\\\/2024\\\/12\\\/1-4.jpg\",\"contentUrl\":\"https:\\\/\\\/i-confort.com\\\/wp-content\\\/uploads\\\/2024\\\/12\\\/1-4.jpg\",\"width\":500,\"height\":500},{\"@type\":\"BreadcrumbList\",\"@id\":\"https:\\\/\\\/i-confort.com\\\/?product=moulinex-friteuse-2kg-ref-am481010#breadcrumb\",\"itemListElement\":[{\"@type\":\"ListItem\",\"position\":1,\"name\":\"Home\",\"item\":\"https:\\\/\\\/i-confort.com\\\/\"},{\"@type\":\"ListItem\",\"position\":2,\"name\":\"Boutique\",\"item\":\"https:\\\/\\\/i-confort.com\\\/?page_id=7\"},{\"@type\":\"ListItem\",\"position\":3,\"name\":\"Moulinex friteuse 2kg REF\\\/AM481010\"}]},{\"@type\":\"WebSite\",\"@id\":\"https:\\\/\\\/i-confort.com\\\/#website\",\"url\":\"https:\\\/\\\/i-confort.com\\\/\",\"name\":\"I-CONFORT\",\"description\":\"Site de vente en ligne\",\"potentialAction\":[{\"@type\":\"SearchAction\",\"target\":{\"@type\":\"EntryPoint\",\"urlTemplate\":\"https:\\\/\\\/i-confort.com\\\/?s={search_term_string}\"},\"query-input\":{\"@type\":\"PropertyValueSpecification\",\"valueRequired\":true,\"valueName\":\"search_term_string\"}}],\"inLanguage\":\"fr-FR\"}]}<\/script>\n<!-- \/ Yoast SEO plugin. -->","yoast_head_json":{"title":"Moulinex friteuse 2kg REF\/AM481010 - I-CONFORT","robots":{"index":"index","follow":"follow","max-snippet":"max-snippet:-1","max-image-preview":"max-image-preview:large","max-video-preview":"max-video-preview:-1"},"canonical":"https:\/\/i-confort.com\/?product=moulinex-friteuse-2kg-ref-am481010","og_locale":"fr_FR","og_type":"article","og_title":"Moulinex friteuse 2kg REF\/AM481010 - I-CONFORT","og_description":"rincipales caract\u00e9ristiquesFriteuse AM481010 MEGA 2KG- BLANC\/ROSE GOLDLa friteuse Moulinex AM481010 Mega 2 kg vous permet de r\u00e9galer toute la famille avec sa grande capacit\u00e9 de 2 kg de frites fra\u00eeches.Variez les plaisirs et initiez vous \u00e0 diff\u00e9rentes cuisine du monde gr\u00e2ce \u00e0 son accessoire snacking.Capacit\u00e9\u00a0:\u00a0La quantit\u00e9 d'huile de 3,3 litres vous permet de pr\u00e9parer jusqu'\u00e0 2 kg de frites fra\u00eeches en une seule tourn\u00e9e.\u00a0Thermostat r\u00e9glable :Son thermostat r\u00e9glable de 150 \u00e0 190\u00b0C permet de s\u00e9lectionner la temp\u00e9rature id\u00e9ale \u00e0 la cuisson de chaque aliment.Accessoire Snacking :\u00a0La grille snaking vous permettra de r\u00e9aliser vos snacks favoris \u00e0 volont\u00e9, tel que les beignets de poisson, samossas, boulettes de viandes, ...Praticit\u00e9 :\u00a0Le panier de cuisson peut \u00eatre maintenu en position haute ce qui permet d\u2019\u00e9goutter les aliments avant d'\u00eatre servis.\u00a0Pour une praticit\u00e9 absolue, la friteuse dispose d'une poign\u00e9e r\u00e9tractable pour un contr\u00f4le ext\u00e9rieur du panier.\u00a0Cette m\u00eame poign\u00e9e vous permet \u00e9galement de vidanger l'huile des frites sans aucune n\u00e9cessit\u00e9 d'ouvrir le couvercle.\u00a0Surveillez la cuisson en cours gr\u00e2ce au hubl0t de contr\u00f4le transparent.Filtre carbone :\u00a0 \u00a0Profitez d'une efficacit\u00e9 anti-odeur \u00e0 la cassette anti-odeur, ainsi les les odeurs seront r\u00e9duites.\u00a0Nettoyage simplifi\u00e9 :La cuve amovible anti-adh\u00e9sive facilite le nettoyage de la friteuse.Le couvercle, le panier, la cuve et le filtre passent au lave-vaisselleDescriptif techniqueSKU: MO534HA14ZKIWNAFAMZMod\u00e8le: AM481010Poids (kg): 1.2Couleur: Blanc \/ Rose Gold","og_url":"https:\/\/i-confort.com\/?product=moulinex-friteuse-2kg-ref-am481010","og_site_name":"I-CONFORT","article_modified_time":"2024-12-04T07:39:11+00:00","og_image":[{"width":500,"height":500,"url":"https:\/\/i-confort.com\/wp-content\/uploads\/2024\/12\/1-4.jpg","type":"image\/jpeg"}],"twitter_card":"summary_large_image","schema":{"@context":"https:\/\/schema.org","@graph":[{"@type":"WebPage","@id":"https:\/\/i-confort.com\/?product=moulinex-friteuse-2kg-ref-am481010","url":"https:\/\/i-confort.com\/?product=moulinex-friteuse-2kg-ref-am481010","name":"Moulinex friteuse 2kg REF\/AM481010 - I-CONFORT","isPartOf":{"@id":"https:\/\/i-confort.com\/#website"},"primaryImageOfPage":{"@id":"https:\/\/i-confort.com\/?product=moulinex-friteuse-2kg-ref-am481010#primaryimage"},"image":{"@id":"https:\/\/i-confort.com\/?product=moulinex-friteuse-2kg-ref-am481010#primaryimage"},"thumbnailUrl":"https:\/\/i-confort.com\/wp-content\/uploads\/2024\/12\/1-4.jpg","datePublished":"2024-12-04T07:39:10+00:00","dateModified":"2024-12-04T07:39:11+00:00","breadcrumb":{"@id":"https:\/\/i-confort.com\/?product=moulinex-friteuse-2kg-ref-am481010#breadcrumb"},"inLanguage":"fr-FR","potentialAction":[{"@type":"ReadAction","target":["https:\/\/i-confort.com\/?product=moulinex-friteuse-2kg-ref-am481010"]}]},{"@type":"ImageObject","inLanguage":"fr-FR","@id":"https:\/\/i-confort.com\/?product=moulinex-friteuse-2kg-ref-am481010#primaryimage","url":"https:\/\/i-confort.com\/wp-content\/uploads\/2024\/12\/1-4.jpg","contentUrl":"https:\/\/i-confort.com\/wp-content\/uploads\/2024\/12\/1-4.jpg","width":500,"height":500},{"@type":"BreadcrumbList","@id":"https:\/\/i-confort.com\/?product=moulinex-friteuse-2kg-ref-am481010#breadcrumb","itemListElement":[{"@type":"ListItem","position":1,"name":"Home","item":"https:\/\/i-confort.com\/"},{"@type":"ListItem","position":2,"name":"Boutique","item":"https:\/\/i-confort.com\/?page_id=7"},{"@type":"ListItem","position":3,"name":"Moulinex friteuse 2kg REF\/AM481010"}]},{"@type":"WebSite","@id":"https:\/\/i-confort.com\/#website","url":"https:\/\/i-confort.com\/","name":"I-CONFORT","description":"Site de vente en ligne","potentialAction":[{"@type":"SearchAction","target":{"@type":"EntryPoint","urlTemplate":"https:\/\/i-confort.com\/?s={search_term_string}"},"query-input":{"@type":"PropertyValueSpecification","valueRequired":true,"valueName":"search_term_string"}}],"inLanguage":"fr-FR"}]}},"brands":[{"id":382,"name":"Molinex","slug":"molinex"}],"_links":{"self":[{"href":"https:\/\/i-confort.com\/index.php?rest_route=\/wp\/v2\/product\/21693","targetHints":{"allow":["GET"]}}],"collection":[{"href":"https:\/\/i-confort.com\/index.php?rest_route=\/wp\/v2\/product"}],"about":[{"href":"https:\/\/i-confort.com\/index.php?rest_route=\/wp\/v2\/types\/product"}],"wp:featuredmedia":[{"embeddable":true,"href":"https:\/\/i-confort.com\/index.php?rest_route=\/wp\/v2\/media\/21692"}],"wp:attachment":[{"href":"https:\/\/i-confort.com\/index.php?rest_route=%2Fwp%2Fv2%2Fmedia&parent=21693"}],"wp:term":[{"taxonomy":"pwb-brand","embeddable":true,"href":"https:\/\/i-confort.com\/index.php?rest_route=%2Fwp%2Fv2%2Fpwb-brand&post=21693"},{"taxonomy":"product_brand","embeddable":true,"href":"https:\/\/i-confort.com\/index.php?rest_route=%2Fwp%2Fv2%2Fproduct_brand&post=21693"},{"taxonomy":"product_cat","embeddable":true,"href":"https:\/\/i-confort.com\/index.php?rest_route=%2Fwp%2Fv2%2Fproduct_cat&post=21693"},{"taxonomy":"product_tag","embeddable":true,"href":"https:\/\/i-confort.com\/index.php?rest_route=%2Fwp%2Fv2%2Fproduct_tag&post=21693"}],"curies":[{"name":"wp","href":"https:\/\/api.w.org\/{rel}","templated":true}]}}