{"id":21697,"date":"2024-12-04T07:50:46","date_gmt":"2024-12-04T07:50:46","guid":{"rendered":"https:\/\/i-confort.com\/?product=moulinex-friteuse-air-fryer-ez111810"},"modified":"2024-12-04T07:50:46","modified_gmt":"2024-12-04T07:50:46","slug":"moulinex-friteuse-air-fryer-ez111810","status":"publish","type":"product","link":"https:\/\/i-confort.com\/?product=moulinex-friteuse-air-fryer-ez111810","title":{"rendered":"MOULINEX friteuse air fryer EZ111810"},"content":{"rendered":"<p><br data-mce-bogus=\"1\"><\/p>\n","protected":false},"excerpt":{"rendered":"<h3 class=\"product-description__feature-title\">Caract\u00e9ristiques g\u00e9n\u00e9rales<\/h3>\n<div class=\"product-description__feature-group-wrapper\"><span class=\"product-description__feature-label\" style=\"flex: 1 1 0%\">Capacit\u00e9 d&rsquo;huile<\/span><\/p>\n<div class=\"product-description__feature-values\" style=\"flex: 2 1 0%;flex-direction: column\"><span class=\"product-description__feature-value\">0 l<\/span><\/div>\n<\/div>\n<div class=\"product-description__feature-group-wrapper\"><span class=\"product-description__feature-label\" style=\"flex: 1 1 0%\">Capacit\u00e9 en frites<\/span><\/p>\n<div class=\"product-description__feature-values\" style=\"flex: 2 1 0%;flex-direction: column\"><span class=\"product-description__feature-value\">0.5 kg<\/span><\/div>\n<\/div>\n<div class=\"product-description__feature-group-wrapper\"><span class=\"product-description__feature-label\" style=\"flex: 1 1 0%\">Puissance<\/span><\/p>\n<div class=\"product-description__feature-values\" style=\"flex: 2 1 0%;flex-direction: column\"><span class=\"product-description__feature-value\">1300 W<\/span><\/div>\n<\/div>\n<div class=\"product-description__feature-group-wrapper\"><span class=\"product-description__feature-label\" style=\"flex: 1 1 0%\">Minuterie int\u00e9gr\u00e9e<\/span><\/p>\n<div class=\"product-description__feature-values\" style=\"flex: 2 1 0%;flex-direction: column\"><span class=\"product-description__feature-value\">Oui<\/span><\/div>\n<\/div>\n<div class=\"product-description__feature-group-wrapper\"><span class=\"product-description__feature-label\" style=\"flex: 1 1 0%\">Dur\u00e9e de la garantie l\u00e9gale<\/span><\/p>\n<div class=\"product-description__feature-values\" style=\"flex: 2 1 0%;flex-direction: column\"><span class=\"product-description__feature-value\">2 Ans<\/span><\/div>\n<\/div>\n<div class=\"product-description__feature-group-wrapper\"><span class=\"product-description__feature-label\" style=\"flex: 1 1 0%\">Type de produit<\/span><\/p>\n<div class=\"product-description__feature-values\" style=\"flex: 2 1 0%;flex-direction: column\"><span class=\"product-description__feature-value\">Friteuse sans huile<\/span><\/div>\n<\/div>\n<div class=\"product-description__feature-group-wrapper\"><span class=\"product-description__feature-label\" style=\"flex: 1 1 0%\">Couleur<\/span><\/p>\n<div class=\"product-description__feature-values\" style=\"flex: 2 1 0%;flex-direction: column\"><span class=\"product-description__feature-value\">Noir<\/span><\/div>\n<\/div>\n","protected":false},"featured_media":21696,"template":"","meta":{"_coblocks_attr":"","_coblocks_dimensions":"","_coblocks_responsive_height":"","_coblocks_accordion_ie_support":""},"pwb-brand":[382],"product_brand":[],"product_cat":[],"product_tag":[],"class_list":{"0":"post-21697","1":"product","2":"type-product","3":"status-publish","4":"has-post-thumbnail","6":"pwb-brand-molinex","9":"first","10":"instock","11":"taxable","12":"shipping-taxable","13":"purchasable","14":"product-type-simple"},"yoast_head":"<!-- This site is optimized with the Yoast SEO plugin v27.4 - https:\/\/yoast.com\/product\/yoast-seo-wordpress\/ -->\n<title>MOULINEX friteuse air fryer EZ111810 - I-CONFORT<\/title>\n<meta name=\"robots\" content=\"index, follow, max-snippet:-1, max-image-preview:large, max-video-preview:-1\" \/>\n<link rel=\"canonical\" href=\"https:\/\/i-confort.com\/?product=moulinex-friteuse-air-fryer-ez111810\" \/>\n<meta property=\"og:locale\" content=\"fr_FR\" \/>\n<meta property=\"og:type\" content=\"article\" \/>\n<meta property=\"og:title\" content=\"MOULINEX friteuse air fryer EZ111810 - I-CONFORT\" \/>\n<meta property=\"og:description\" content=\"Caract\u00e9ristiques g\u00e9n\u00e9ralesCapacit\u00e9 d&#039;huile0 lCapacit\u00e9 en frites0.5 kgPuissance1300 WMinuterie int\u00e9gr\u00e9eOuiDur\u00e9e de la garantie l\u00e9gale2 AnsType de produitFriteuse sans huileCouleurNoir\" \/>\n<meta property=\"og:url\" content=\"https:\/\/i-confort.com\/?product=moulinex-friteuse-air-fryer-ez111810\" \/>\n<meta property=\"og:site_name\" content=\"I-CONFORT\" \/>\n<meta property=\"og:image\" content=\"https:\/\/i-confort.com\/wp-content\/uploads\/2024\/12\/moulinex-air-fryer-ez145820-1300w-3l-black.webp\" \/>\n\t<meta property=\"og:image:width\" content=\"400\" \/>\n\t<meta property=\"og:image:height\" content=\"400\" \/>\n\t<meta property=\"og:image:type\" content=\"image\/webp\" \/>\n<meta name=\"twitter:card\" content=\"summary_large_image\" \/>\n<script type=\"application\/ld+json\" class=\"yoast-schema-graph\">{\"@context\":\"https:\\\/\\\/schema.org\",\"@graph\":[{\"@type\":\"WebPage\",\"@id\":\"https:\\\/\\\/i-confort.com\\\/?product=moulinex-friteuse-air-fryer-ez111810\",\"url\":\"https:\\\/\\\/i-confort.com\\\/?product=moulinex-friteuse-air-fryer-ez111810\",\"name\":\"MOULINEX friteuse air fryer EZ111810 - I-CONFORT\",\"isPartOf\":{\"@id\":\"https:\\\/\\\/i-confort.com\\\/#website\"},\"primaryImageOfPage\":{\"@id\":\"https:\\\/\\\/i-confort.com\\\/?product=moulinex-friteuse-air-fryer-ez111810#primaryimage\"},\"image\":{\"@id\":\"https:\\\/\\\/i-confort.com\\\/?product=moulinex-friteuse-air-fryer-ez111810#primaryimage\"},\"thumbnailUrl\":\"https:\\\/\\\/i-confort.com\\\/wp-content\\\/uploads\\\/2024\\\/12\\\/moulinex-air-fryer-ez145820-1300w-3l-black.webp\",\"datePublished\":\"2024-12-04T07:50:46+00:00\",\"breadcrumb\":{\"@id\":\"https:\\\/\\\/i-confort.com\\\/?product=moulinex-friteuse-air-fryer-ez111810#breadcrumb\"},\"inLanguage\":\"fr-FR\",\"potentialAction\":[{\"@type\":\"ReadAction\",\"target\":[\"https:\\\/\\\/i-confort.com\\\/?product=moulinex-friteuse-air-fryer-ez111810\"]}]},{\"@type\":\"ImageObject\",\"inLanguage\":\"fr-FR\",\"@id\":\"https:\\\/\\\/i-confort.com\\\/?product=moulinex-friteuse-air-fryer-ez111810#primaryimage\",\"url\":\"https:\\\/\\\/i-confort.com\\\/wp-content\\\/uploads\\\/2024\\\/12\\\/moulinex-air-fryer-ez145820-1300w-3l-black.webp\",\"contentUrl\":\"https:\\\/\\\/i-confort.com\\\/wp-content\\\/uploads\\\/2024\\\/12\\\/moulinex-air-fryer-ez145820-1300w-3l-black.webp\",\"width\":400,\"height\":400},{\"@type\":\"BreadcrumbList\",\"@id\":\"https:\\\/\\\/i-confort.com\\\/?product=moulinex-friteuse-air-fryer-ez111810#breadcrumb\",\"itemListElement\":[{\"@type\":\"ListItem\",\"position\":1,\"name\":\"Home\",\"item\":\"https:\\\/\\\/i-confort.com\\\/\"},{\"@type\":\"ListItem\",\"position\":2,\"name\":\"Boutique\",\"item\":\"https:\\\/\\\/i-confort.com\\\/?page_id=7\"},{\"@type\":\"ListItem\",\"position\":3,\"name\":\"MOULINEX friteuse air fryer EZ111810\"}]},{\"@type\":\"WebSite\",\"@id\":\"https:\\\/\\\/i-confort.com\\\/#website\",\"url\":\"https:\\\/\\\/i-confort.com\\\/\",\"name\":\"I-CONFORT\",\"description\":\"Site de vente en ligne\",\"potentialAction\":[{\"@type\":\"SearchAction\",\"target\":{\"@type\":\"EntryPoint\",\"urlTemplate\":\"https:\\\/\\\/i-confort.com\\\/?s={search_term_string}\"},\"query-input\":{\"@type\":\"PropertyValueSpecification\",\"valueRequired\":true,\"valueName\":\"search_term_string\"}}],\"inLanguage\":\"fr-FR\"}]}<\/script>\n<!-- \/ Yoast SEO plugin. -->","yoast_head_json":{"title":"MOULINEX friteuse air fryer EZ111810 - I-CONFORT","robots":{"index":"index","follow":"follow","max-snippet":"max-snippet:-1","max-image-preview":"max-image-preview:large","max-video-preview":"max-video-preview:-1"},"canonical":"https:\/\/i-confort.com\/?product=moulinex-friteuse-air-fryer-ez111810","og_locale":"fr_FR","og_type":"article","og_title":"MOULINEX friteuse air fryer EZ111810 - I-CONFORT","og_description":"Caract\u00e9ristiques g\u00e9n\u00e9ralesCapacit\u00e9 d'huile0 lCapacit\u00e9 en frites0.5 kgPuissance1300 WMinuterie int\u00e9gr\u00e9eOuiDur\u00e9e de la garantie l\u00e9gale2 AnsType de produitFriteuse sans huileCouleurNoir","og_url":"https:\/\/i-confort.com\/?product=moulinex-friteuse-air-fryer-ez111810","og_site_name":"I-CONFORT","og_image":[{"width":400,"height":400,"url":"https:\/\/i-confort.com\/wp-content\/uploads\/2024\/12\/moulinex-air-fryer-ez145820-1300w-3l-black.webp","type":"image\/webp"}],"twitter_card":"summary_large_image","schema":{"@context":"https:\/\/schema.org","@graph":[{"@type":"WebPage","@id":"https:\/\/i-confort.com\/?product=moulinex-friteuse-air-fryer-ez111810","url":"https:\/\/i-confort.com\/?product=moulinex-friteuse-air-fryer-ez111810","name":"MOULINEX friteuse air fryer EZ111810 - I-CONFORT","isPartOf":{"@id":"https:\/\/i-confort.com\/#website"},"primaryImageOfPage":{"@id":"https:\/\/i-confort.com\/?product=moulinex-friteuse-air-fryer-ez111810#primaryimage"},"image":{"@id":"https:\/\/i-confort.com\/?product=moulinex-friteuse-air-fryer-ez111810#primaryimage"},"thumbnailUrl":"https:\/\/i-confort.com\/wp-content\/uploads\/2024\/12\/moulinex-air-fryer-ez145820-1300w-3l-black.webp","datePublished":"2024-12-04T07:50:46+00:00","breadcrumb":{"@id":"https:\/\/i-confort.com\/?product=moulinex-friteuse-air-fryer-ez111810#breadcrumb"},"inLanguage":"fr-FR","potentialAction":[{"@type":"ReadAction","target":["https:\/\/i-confort.com\/?product=moulinex-friteuse-air-fryer-ez111810"]}]},{"@type":"ImageObject","inLanguage":"fr-FR","@id":"https:\/\/i-confort.com\/?product=moulinex-friteuse-air-fryer-ez111810#primaryimage","url":"https:\/\/i-confort.com\/wp-content\/uploads\/2024\/12\/moulinex-air-fryer-ez145820-1300w-3l-black.webp","contentUrl":"https:\/\/i-confort.com\/wp-content\/uploads\/2024\/12\/moulinex-air-fryer-ez145820-1300w-3l-black.webp","width":400,"height":400},{"@type":"BreadcrumbList","@id":"https:\/\/i-confort.com\/?product=moulinex-friteuse-air-fryer-ez111810#breadcrumb","itemListElement":[{"@type":"ListItem","position":1,"name":"Home","item":"https:\/\/i-confort.com\/"},{"@type":"ListItem","position":2,"name":"Boutique","item":"https:\/\/i-confort.com\/?page_id=7"},{"@type":"ListItem","position":3,"name":"MOULINEX friteuse air fryer EZ111810"}]},{"@type":"WebSite","@id":"https:\/\/i-confort.com\/#website","url":"https:\/\/i-confort.com\/","name":"I-CONFORT","description":"Site de vente en ligne","potentialAction":[{"@type":"SearchAction","target":{"@type":"EntryPoint","urlTemplate":"https:\/\/i-confort.com\/?s={search_term_string}"},"query-input":{"@type":"PropertyValueSpecification","valueRequired":true,"valueName":"search_term_string"}}],"inLanguage":"fr-FR"}]}},"brands":[{"id":382,"name":"Molinex","slug":"molinex"}],"_links":{"self":[{"href":"https:\/\/i-confort.com\/index.php?rest_route=\/wp\/v2\/product\/21697","targetHints":{"allow":["GET"]}}],"collection":[{"href":"https:\/\/i-confort.com\/index.php?rest_route=\/wp\/v2\/product"}],"about":[{"href":"https:\/\/i-confort.com\/index.php?rest_route=\/wp\/v2\/types\/product"}],"wp:featuredmedia":[{"embeddable":true,"href":"https:\/\/i-confort.com\/index.php?rest_route=\/wp\/v2\/media\/21696"}],"wp:attachment":[{"href":"https:\/\/i-confort.com\/index.php?rest_route=%2Fwp%2Fv2%2Fmedia&parent=21697"}],"wp:term":[{"taxonomy":"pwb-brand","embeddable":true,"href":"https:\/\/i-confort.com\/index.php?rest_route=%2Fwp%2Fv2%2Fpwb-brand&post=21697"},{"taxonomy":"product_brand","embeddable":true,"href":"https:\/\/i-confort.com\/index.php?rest_route=%2Fwp%2Fv2%2Fproduct_brand&post=21697"},{"taxonomy":"product_cat","embeddable":true,"href":"https:\/\/i-confort.com\/index.php?rest_route=%2Fwp%2Fv2%2Fproduct_cat&post=21697"},{"taxonomy":"product_tag","embeddable":true,"href":"https:\/\/i-confort.com\/index.php?rest_route=%2Fwp%2Fv2%2Fproduct_tag&post=21697"}],"curies":[{"name":"wp","href":"https:\/\/api.w.org\/{rel}","templated":true}]}}