{"id":21699,"date":"2024-12-04T07:54:41","date_gmt":"2024-12-04T07:54:41","guid":{"rendered":"https:\/\/i-confort.com\/?product=moulinex-grille-pain-bl-lt300a10"},"modified":"2024-12-04T07:54:41","modified_gmt":"2024-12-04T07:54:41","slug":"moulinex-grille-pain-bl-lt300a10","status":"publish","type":"product","link":"https:\/\/i-confort.com\/?product=moulinex-grille-pain-bl-lt300a10","title":{"rendered":"Moulinex grille pain BL\/LT300A10"},"content":{"rendered":"<table class=\"a-normal a-spacing-micro\">\n<tbody>\n<tr class=\"a-spacing-small po-brand\" style=\"margin-bottom: 8px !important\">\n<td class=\"a-span3\" style=\"vertical-align: top;padding: 0px 3px 3px 0px;float: none !important;margin-right: 0px;width: 116.156px\"><span class=\"a-size-base a-text-bold\" style=\"font-weight: 700 !important;line-height: 20px !important\">Marque<\/span><\/td>\n<td class=\"a-span9\" style=\"vertical-align: top;padding: 0px 0px 3px 3px;float: none !important;margin-right: 0px;width: 368.828px\"><span class=\"a-size-base po-break-word\" style=\"line-height: 20px !important\">Moulinex<\/span><\/td>\n<\/tr>\n<tr class=\"a-spacing-small po-color\" style=\"margin-bottom: 8px !important\">\n<td class=\"a-span3\" style=\"vertical-align: top;padding: 3px 3px 3px 0px;float: none !important;margin-right: 0px;width: 116.156px\"><span class=\"a-size-base a-text-bold\" style=\"font-weight: 700 !important;line-height: 20px !important\">Couleur<\/span><\/td>\n<td class=\"a-span9\" style=\"vertical-align: top;padding: 3px 0px 3px 3px;float: none !important;margin-right: 0px;width: 368.828px\"><span class=\"a-size-base po-break-word\" style=\"line-height: 20px !important\">Cranberry<\/span><\/td>\n<\/tr>\n<tr class=\"a-spacing-small po-material\" style=\"margin-bottom: 8px !important\">\n<td class=\"a-span3\" style=\"vertical-align: top;padding: 3px 3px 3px 0px;float: none !important;margin-right: 0px;width: 116.156px\"><span class=\"a-size-base a-text-bold\" style=\"font-weight: 700 !important;line-height: 20px !important\">Mat\u00e9riau<\/span><\/td>\n<td class=\"a-span9\" style=\"vertical-align: top;padding: 3px 0px 3px 3px;float: none !important;margin-right: 0px;width: 368.828px\"><span class=\"a-size-base po-break-word\" style=\"line-height: 20px !important\">Plastique<\/span><\/td>\n<\/tr>\n<tr class=\"a-spacing-small po-item_depth_width_height\" style=\"margin-bottom: 8px !important\">\n<td class=\"a-span3\" style=\"vertical-align: top;padding: 3px 3px 3px 0px;float: none !important;margin-right: 0px;width: 116.156px\"><span class=\"a-size-base a-text-bold\" style=\"font-weight: 700 !important;line-height: 20px !important\">Dimensions du produit<\/span><\/td>\n<td class=\"a-span9\" style=\"vertical-align: top;padding: 3px 0px 3px 3px;float: none !important;margin-right: 0px;width: 368.828px\"><span class=\"a-size-base po-break-word\" style=\"line-height: 20px !important\">28,6P x 17,8l x 18,7H centim\u00e8tres<\/span><\/td>\n<\/tr>\n<tr class=\"a-spacing-small po-specific_uses_for_product\" style=\"margin-bottom: 8px !important\">\n<td class=\"a-span3\" style=\"vertical-align: top;padding: 3px 3px 3px 0px;float: none !important;margin-right: 0px;width: 116.156px\"><span class=\"a-size-base a-text-bold\" style=\"font-weight: 700 !important;line-height: 20px !important\">Usages sp\u00e9cifiques pour le produit<\/span><\/td>\n<td class=\"a-span9\" style=\"vertical-align: top;padding: 3px 0px 3px 3px;float: none !important;margin-right: 0px;width: 368.828px\"><span class=\"a-size-base po-break-word\" style=\"line-height: 20px !important\">Pain<\/span><\/td>\n<\/tr>\n<tr class=\"a-spacing-small po-wattage\" style=\"margin-bottom: 8px !important\">\n<td class=\"a-span3\" style=\"vertical-align: top;padding: 3px 3px 3px 0px;float: none !important;margin-right: 0px;width: 116.156px\"><span class=\"a-size-base a-text-bold\" style=\"font-weight: 700 !important;line-height: 20px !important\">Puissance<\/span><\/td>\n<td class=\"a-span9\" style=\"vertical-align: top;padding: 3px 0px 3px 3px;float: none !important;margin-right: 0px;width: 368.828px\"><span class=\"a-size-base po-break-word\" style=\"line-height: 20px !important\">850 Watts<\/span><\/td>\n<\/tr>\n<tr class=\"a-spacing-small po-slot_count\" style=\"margin-bottom: 8px !important\">\n<td class=\"a-span3\" style=\"vertical-align: top;padding: 3px 3px 3px 0px;float: none !important;margin-right: 0px;width: 116.156px\"><span class=\"a-size-base a-text-bold\" style=\"font-weight: 700 !important;line-height: 20px !important\">Nombre de tranches<\/span><\/td>\n<td class=\"a-span9\" style=\"vertical-align: top;padding: 3px 0px 3px 3px;float: none !important;margin-right: 0px;width: 368.828px\"><span class=\"a-size-base po-break-word\" style=\"line-height: 20px !important\">2<\/span><\/td>\n<\/tr>\n<tr class=\"a-spacing-small po-special_feature\" style=\"margin-bottom: 8px !important\">\n<td class=\"a-span3\" style=\"vertical-align: top;padding: 3px 3px 3px 0px;float: none !important;margin-right: 0px;width: 116.156px\"><span class=\"a-size-base a-text-bold\" style=\"font-weight: 700 !important;line-height: 20px !important\">Caract\u00e9ristique sp\u00e9ciale<\/span><\/td>\n<td class=\"a-span9\" style=\"vertical-align: top;padding: 3px 0px 3px 3px;float: none !important;margin-right: 0px;width: 368.828px\"><span class=\"a-size-base\" style=\"line-height: 20px !important\"><span class=\"a-truncate po-truncate-attribute\" data-a-word-break=\"normal\" data-a-truncate-name=\"po-attribute-truncate-7\" data-a-max-rows=\"3\" data-a-overflow-marker=\"&hellip;\" data-a-recalculate=\"false\" data-a-updated=\"true\" style=\"position: relative;width: 365.828px;overflow: hidden;line-height: 1.3em !important;max-height: 3.9em\"><span class=\"a-truncate-full a-offscreen\" style=\"width: 365.828px;position: absolute !important;left: 0px !important;bottom: -1px !important;z-index: -1 !important\">Fonction d\u00e9givrage, Plateau ramasse-miettes extensible, Bobine de c\u00e2ble, Fonction de pr\u00e9chauffage, Bouton d&rsquo;arr\u00eat<\/span><span class=\"a-truncate-cut\" aria-hidden=\"true\" style=\"width: 365.828px;height: auto\">Fonction d\u00e9givrage, Plateau ramasse-miettes extensible, Bobine de c\u00e2ble, Fonction de pr\u00e9chauffage, Bouton d&rsquo;arr\u00eat<\/span><\/span><\/span><\/td>\n<\/tr>\n<tr class=\"a-spacing-small po-style\" style=\"margin-bottom: 8px !important\">\n<td class=\"a-span3\" style=\"vertical-align: top;padding: 3px 3px 3px 0px;float: none !important;margin-right: 0px;width: 116.156px\"><span class=\"a-size-base a-text-bold\" style=\"font-weight: 700 !important;line-height: 20px !important\">Style<\/span><\/td>\n<td class=\"a-span9\" style=\"vertical-align: top;padding: 3px 0px 3px 3px;float: none !important;margin-right: 0px;width: 368.828px\"><span class=\"a-size-base po-break-word\" style=\"line-height: 20px !important\">Grille-pain \u00e0 2 fentes<\/span><\/td>\n<\/tr>\n<tr class=\"a-spacing-small po-item_weight\" style=\"margin-bottom: 8px !important\">\n<td class=\"a-span3\" style=\"vertical-align: top;padding: 3px 3px 0px 0px;float: none !important;margin-right: 0px;width: 116.156px\"><span class=\"a-size-base a-text-bold\" style=\"font-weight: 700 !important;line-height: 20px !important\">Poids de l&rsquo;article<\/span><\/td>\n<td class=\"a-span9\" style=\"vertical-align: top;padding: 3px 0px 0px 3px;float: none !important;margin-right: 0px;width: 368.828px\"><span class=\"a-size-base po-break-word\" style=\"line-height: 20px !important\">1,25 Kilogramme<\/span><\/td>\n<\/tr>\n<\/tbody>\n<\/table>\n","protected":false},"excerpt":{"rendered":"<p><br data-mce-bogus=\"1\"><\/p>\n","protected":false},"featured_media":21698,"template":"","meta":{"_coblocks_attr":"","_coblocks_dimensions":"","_coblocks_responsive_height":"","_coblocks_accordion_ie_support":""},"pwb-brand":[382],"product_brand":[],"product_cat":[],"product_tag":[],"class_list":{"0":"post-21699","1":"product","2":"type-product","3":"status-publish","4":"has-post-thumbnail","6":"pwb-brand-molinex","9":"first","10":"instock","11":"taxable","12":"shipping-taxable","13":"purchasable","14":"product-type-simple"},"yoast_head":"<!-- This site is optimized with the Yoast SEO plugin v27.4 - https:\/\/yoast.com\/product\/yoast-seo-wordpress\/ -->\n<title>Moulinex grille pain BL\/LT300A10 - I-CONFORT<\/title>\n<meta name=\"robots\" content=\"index, follow, max-snippet:-1, max-image-preview:large, max-video-preview:-1\" \/>\n<link rel=\"canonical\" href=\"https:\/\/i-confort.com\/?product=moulinex-grille-pain-bl-lt300a10\" \/>\n<meta property=\"og:locale\" content=\"fr_FR\" \/>\n<meta property=\"og:type\" content=\"article\" \/>\n<meta property=\"og:title\" content=\"Moulinex grille pain BL\/LT300A10 - I-CONFORT\" \/>\n<meta property=\"og:url\" content=\"https:\/\/i-confort.com\/?product=moulinex-grille-pain-bl-lt300a10\" \/>\n<meta property=\"og:site_name\" content=\"I-CONFORT\" \/>\n<meta property=\"og:image\" content=\"https:\/\/i-confort.com\/wp-content\/uploads\/2024\/12\/3045386380084-3.jpg\" \/>\n\t<meta property=\"og:image:width\" content=\"813\" \/>\n\t<meta property=\"og:image:height\" content=\"813\" \/>\n\t<meta property=\"og:image:type\" content=\"image\/jpeg\" \/>\n<meta name=\"twitter:card\" content=\"summary_large_image\" \/>\n<script type=\"application\/ld+json\" class=\"yoast-schema-graph\">{\"@context\":\"https:\\\/\\\/schema.org\",\"@graph\":[{\"@type\":\"WebPage\",\"@id\":\"https:\\\/\\\/i-confort.com\\\/?product=moulinex-grille-pain-bl-lt300a10\",\"url\":\"https:\\\/\\\/i-confort.com\\\/?product=moulinex-grille-pain-bl-lt300a10\",\"name\":\"Moulinex grille pain BL\\\/LT300A10 - I-CONFORT\",\"isPartOf\":{\"@id\":\"https:\\\/\\\/i-confort.com\\\/#website\"},\"primaryImageOfPage\":{\"@id\":\"https:\\\/\\\/i-confort.com\\\/?product=moulinex-grille-pain-bl-lt300a10#primaryimage\"},\"image\":{\"@id\":\"https:\\\/\\\/i-confort.com\\\/?product=moulinex-grille-pain-bl-lt300a10#primaryimage\"},\"thumbnailUrl\":\"https:\\\/\\\/i-confort.com\\\/wp-content\\\/uploads\\\/2024\\\/12\\\/3045386380084-3.jpg\",\"datePublished\":\"2024-12-04T07:54:41+00:00\",\"breadcrumb\":{\"@id\":\"https:\\\/\\\/i-confort.com\\\/?product=moulinex-grille-pain-bl-lt300a10#breadcrumb\"},\"inLanguage\":\"fr-FR\",\"potentialAction\":[{\"@type\":\"ReadAction\",\"target\":[\"https:\\\/\\\/i-confort.com\\\/?product=moulinex-grille-pain-bl-lt300a10\"]}]},{\"@type\":\"ImageObject\",\"inLanguage\":\"fr-FR\",\"@id\":\"https:\\\/\\\/i-confort.com\\\/?product=moulinex-grille-pain-bl-lt300a10#primaryimage\",\"url\":\"https:\\\/\\\/i-confort.com\\\/wp-content\\\/uploads\\\/2024\\\/12\\\/3045386380084-3.jpg\",\"contentUrl\":\"https:\\\/\\\/i-confort.com\\\/wp-content\\\/uploads\\\/2024\\\/12\\\/3045386380084-3.jpg\",\"width\":813,\"height\":813},{\"@type\":\"BreadcrumbList\",\"@id\":\"https:\\\/\\\/i-confort.com\\\/?product=moulinex-grille-pain-bl-lt300a10#breadcrumb\",\"itemListElement\":[{\"@type\":\"ListItem\",\"position\":1,\"name\":\"Home\",\"item\":\"https:\\\/\\\/i-confort.com\\\/\"},{\"@type\":\"ListItem\",\"position\":2,\"name\":\"Boutique\",\"item\":\"https:\\\/\\\/i-confort.com\\\/?page_id=7\"},{\"@type\":\"ListItem\",\"position\":3,\"name\":\"Moulinex grille pain BL\\\/LT300A10\"}]},{\"@type\":\"WebSite\",\"@id\":\"https:\\\/\\\/i-confort.com\\\/#website\",\"url\":\"https:\\\/\\\/i-confort.com\\\/\",\"name\":\"I-CONFORT\",\"description\":\"Site de vente en ligne\",\"potentialAction\":[{\"@type\":\"SearchAction\",\"target\":{\"@type\":\"EntryPoint\",\"urlTemplate\":\"https:\\\/\\\/i-confort.com\\\/?s={search_term_string}\"},\"query-input\":{\"@type\":\"PropertyValueSpecification\",\"valueRequired\":true,\"valueName\":\"search_term_string\"}}],\"inLanguage\":\"fr-FR\"}]}<\/script>\n<!-- \/ Yoast SEO plugin. -->","yoast_head_json":{"title":"Moulinex grille pain BL\/LT300A10 - I-CONFORT","robots":{"index":"index","follow":"follow","max-snippet":"max-snippet:-1","max-image-preview":"max-image-preview:large","max-video-preview":"max-video-preview:-1"},"canonical":"https:\/\/i-confort.com\/?product=moulinex-grille-pain-bl-lt300a10","og_locale":"fr_FR","og_type":"article","og_title":"Moulinex grille pain BL\/LT300A10 - I-CONFORT","og_url":"https:\/\/i-confort.com\/?product=moulinex-grille-pain-bl-lt300a10","og_site_name":"I-CONFORT","og_image":[{"width":813,"height":813,"url":"https:\/\/i-confort.com\/wp-content\/uploads\/2024\/12\/3045386380084-3.jpg","type":"image\/jpeg"}],"twitter_card":"summary_large_image","schema":{"@context":"https:\/\/schema.org","@graph":[{"@type":"WebPage","@id":"https:\/\/i-confort.com\/?product=moulinex-grille-pain-bl-lt300a10","url":"https:\/\/i-confort.com\/?product=moulinex-grille-pain-bl-lt300a10","name":"Moulinex grille pain BL\/LT300A10 - I-CONFORT","isPartOf":{"@id":"https:\/\/i-confort.com\/#website"},"primaryImageOfPage":{"@id":"https:\/\/i-confort.com\/?product=moulinex-grille-pain-bl-lt300a10#primaryimage"},"image":{"@id":"https:\/\/i-confort.com\/?product=moulinex-grille-pain-bl-lt300a10#primaryimage"},"thumbnailUrl":"https:\/\/i-confort.com\/wp-content\/uploads\/2024\/12\/3045386380084-3.jpg","datePublished":"2024-12-04T07:54:41+00:00","breadcrumb":{"@id":"https:\/\/i-confort.com\/?product=moulinex-grille-pain-bl-lt300a10#breadcrumb"},"inLanguage":"fr-FR","potentialAction":[{"@type":"ReadAction","target":["https:\/\/i-confort.com\/?product=moulinex-grille-pain-bl-lt300a10"]}]},{"@type":"ImageObject","inLanguage":"fr-FR","@id":"https:\/\/i-confort.com\/?product=moulinex-grille-pain-bl-lt300a10#primaryimage","url":"https:\/\/i-confort.com\/wp-content\/uploads\/2024\/12\/3045386380084-3.jpg","contentUrl":"https:\/\/i-confort.com\/wp-content\/uploads\/2024\/12\/3045386380084-3.jpg","width":813,"height":813},{"@type":"BreadcrumbList","@id":"https:\/\/i-confort.com\/?product=moulinex-grille-pain-bl-lt300a10#breadcrumb","itemListElement":[{"@type":"ListItem","position":1,"name":"Home","item":"https:\/\/i-confort.com\/"},{"@type":"ListItem","position":2,"name":"Boutique","item":"https:\/\/i-confort.com\/?page_id=7"},{"@type":"ListItem","position":3,"name":"Moulinex grille pain BL\/LT300A10"}]},{"@type":"WebSite","@id":"https:\/\/i-confort.com\/#website","url":"https:\/\/i-confort.com\/","name":"I-CONFORT","description":"Site de vente en ligne","potentialAction":[{"@type":"SearchAction","target":{"@type":"EntryPoint","urlTemplate":"https:\/\/i-confort.com\/?s={search_term_string}"},"query-input":{"@type":"PropertyValueSpecification","valueRequired":true,"valueName":"search_term_string"}}],"inLanguage":"fr-FR"}]}},"brands":[{"id":382,"name":"Molinex","slug":"molinex"}],"_links":{"self":[{"href":"https:\/\/i-confort.com\/index.php?rest_route=\/wp\/v2\/product\/21699","targetHints":{"allow":["GET"]}}],"collection":[{"href":"https:\/\/i-confort.com\/index.php?rest_route=\/wp\/v2\/product"}],"about":[{"href":"https:\/\/i-confort.com\/index.php?rest_route=\/wp\/v2\/types\/product"}],"wp:featuredmedia":[{"embeddable":true,"href":"https:\/\/i-confort.com\/index.php?rest_route=\/wp\/v2\/media\/21698"}],"wp:attachment":[{"href":"https:\/\/i-confort.com\/index.php?rest_route=%2Fwp%2Fv2%2Fmedia&parent=21699"}],"wp:term":[{"taxonomy":"pwb-brand","embeddable":true,"href":"https:\/\/i-confort.com\/index.php?rest_route=%2Fwp%2Fv2%2Fpwb-brand&post=21699"},{"taxonomy":"product_brand","embeddable":true,"href":"https:\/\/i-confort.com\/index.php?rest_route=%2Fwp%2Fv2%2Fproduct_brand&post=21699"},{"taxonomy":"product_cat","embeddable":true,"href":"https:\/\/i-confort.com\/index.php?rest_route=%2Fwp%2Fv2%2Fproduct_cat&post=21699"},{"taxonomy":"product_tag","embeddable":true,"href":"https:\/\/i-confort.com\/index.php?rest_route=%2Fwp%2Fv2%2Fproduct_tag&post=21699"}],"curies":[{"name":"wp","href":"https:\/\/api.w.org\/{rel}","templated":true}]}}