{"id":21701,"date":"2024-12-04T07:59:12","date_gmt":"2024-12-04T07:59:12","guid":{"rendered":"https:\/\/i-confort.com\/?product=moulinex-grille-pain-nr-lt2m0810"},"modified":"2024-12-04T07:59:12","modified_gmt":"2024-12-04T07:59:12","slug":"moulinex-grille-pain-nr-lt2m0810","status":"publish","type":"product","link":"https:\/\/i-confort.com\/?product=moulinex-grille-pain-nr-lt2m0810","title":{"rendered":"MOULINEX grille pain NR LT2M0810"},"content":{"rendered":"<p><span style=\"font-family: Cairo, sans-serif;font-size: 15px\">Moulinex Grille-pains 2 fentes 1000w bleu nuit LT2M0810 &#8211; &#8211; Profitez d&rsquo;un petit-d\u00e9jeuner unique gr\u00e2ce au grille-pain morning lt2m0810 de moulinex ! avec son design original, sa mati\u00e8re textur\u00e9e au toucher unique et sa couleur bleu nuit audacieuse, le grille-pain 2 fentes morning de moulinex mettra du style dans votre cuisine ! ses 7 niveaux de dorage offrent des r\u00e9sultats parfaits quels que soient vos go\u00fbts, de l\u00e9g\u00e8rement grill\u00e9 \u00e0 dor\u00e9 et croustillant, tandis que la fonction d&rsquo;arr\u00eat vous permet de garder le contr\u00f4le sur le cyclede grillage. M\u00eame les tranches de pain les plus petites peuvent \u00eatre retir\u00e9es sans difficult\u00e9 gr\u00e2ce \u00e0 la poign\u00e9e desur\u00e9l\u00e9vation. Faites griller des tranches aussi fines qu&rsquo;\u00e9paisses gr\u00e2ce aux deux fentes extra-larges. Enfin, profitez d&rsquo;un nettoyage rapide et facile gr\u00e2ce au tiroir ramasse-miettes amovible.<\/span><br style=\"font-family: Cairo, sans-serif;font-size: 15px\"><span style=\"font-family: Cairo, sans-serif;font-size: 15px\">&#8211; type de produit : grille-pains.<\/span><br style=\"font-family: Cairo, sans-serif;font-size: 15px\"><span style=\"font-family: Cairo, sans-serif;font-size: 15px\">gamme : morning.<\/span><br style=\"font-family: Cairo, sans-serif;font-size: 15px\"><span style=\"font-family: Cairo, sans-serif;font-size: 15px\">puissance (w) : 850.<\/span><br style=\"font-family: Cairo, sans-serif;font-size: 15px\"><span style=\"font-family: Cairo, sans-serif;font-size: 15px\">nombre de fentes : 2.<\/span><br style=\"font-family: Cairo, sans-serif;font-size: 15px\"><span style=\"font-family: Cairo, sans-serif;font-size: 15px\">fentes extra larges : oui.<\/span><br style=\"font-family: Cairo, sans-serif;font-size: 15px\"><span style=\"font-family: Cairo, sans-serif;font-size: 15px\">remont\u00e9e extra-haute : oui.<\/span><br style=\"font-family: Cairo, sans-serif;font-size: 15px\"><span style=\"font-family: Cairo, sans-serif;font-size: 15px\">sur\u00e9l\u00e9vation du pain : oui (poign\u00e9e).<\/span><br style=\"font-family: Cairo, sans-serif;font-size: 15px\"><span style=\"font-family: Cairo, sans-serif;font-size: 15px\">centrage automatique du pain : oui.<\/span><br style=\"font-family: Cairo, sans-serif;font-size: 15px\"><span style=\"font-family: Cairo, sans-serif;font-size: 15px\">mati\u00e8re du corps de l&rsquo;appareil : plastique.<\/span><br style=\"font-family: Cairo, sans-serif;font-size: 15px\"><span style=\"font-family: Cairo, sans-serif;font-size: 15px\">finition \/ nuance : bleu nuit.<\/span><br style=\"font-family: Cairo, sans-serif;font-size: 15px\"><span style=\"font-family: Cairo, sans-serif;font-size: 15px\">thermostat : oui (7 positions).<\/span><br style=\"font-family: Cairo, sans-serif;font-size: 15px\"><span style=\"font-family: Cairo, sans-serif;font-size: 15px\">tiroir ramasse miettes : oui.<\/span><br style=\"font-family: Cairo, sans-serif;font-size: 15px\"><span style=\"font-family: Cairo, sans-serif;font-size: 15px\">emplacement range cordon : oui.<\/span><br style=\"font-family: Cairo, sans-serif;font-size: 15px\"><span style=\"font-family: Cairo, sans-serif;font-size: 15px\">autre(s) s\u00e9curit\u00e9(s) : bouton arr\u00eat, voyant lumineux.<\/span><br style=\"font-family: Cairo, sans-serif;font-size: 15px\"><span style=\"font-family: Cairo, sans-serif;font-size: 15px\">couleur : bleu.<\/span><br style=\"font-family: Cairo, sans-serif;font-size: 15px\"><span style=\"font-family: Cairo, sans-serif;font-size: 15px\">dimensions (cm) : 28.76 x 16.79 x 19.2.<\/span><br style=\"font-family: Cairo, sans-serif;font-size: 15px\"><span style=\"font-family: Cairo, sans-serif;font-size: 15px\">poids net (kg) : 1.21.<\/span><\/p>\n","protected":false},"excerpt":{"rendered":"<p><br data-mce-bogus=\"1\"><\/p>\n","protected":false},"featured_media":21700,"template":"","meta":{"_coblocks_attr":"","_coblocks_dimensions":"","_coblocks_responsive_height":"","_coblocks_accordion_ie_support":""},"pwb-brand":[382],"product_brand":[],"product_cat":[],"product_tag":[],"class_list":{"0":"post-21701","1":"product","2":"type-product","3":"status-publish","4":"has-post-thumbnail","6":"pwb-brand-molinex","9":"first","10":"instock","11":"taxable","12":"shipping-taxable","13":"purchasable","14":"product-type-simple"},"yoast_head":"<!-- This site is optimized with the Yoast SEO plugin v27.4 - https:\/\/yoast.com\/product\/yoast-seo-wordpress\/ -->\n<title>MOULINEX grille pain NR LT2M0810 - I-CONFORT<\/title>\n<meta name=\"robots\" content=\"index, follow, max-snippet:-1, max-image-preview:large, max-video-preview:-1\" \/>\n<link rel=\"canonical\" href=\"https:\/\/i-confort.com\/?product=moulinex-grille-pain-nr-lt2m0810\" \/>\n<meta property=\"og:locale\" content=\"fr_FR\" \/>\n<meta property=\"og:type\" content=\"article\" \/>\n<meta property=\"og:title\" content=\"MOULINEX grille pain NR LT2M0810 - I-CONFORT\" \/>\n<meta property=\"og:url\" content=\"https:\/\/i-confort.com\/?product=moulinex-grille-pain-nr-lt2m0810\" \/>\n<meta property=\"og:site_name\" content=\"I-CONFORT\" \/>\n<meta property=\"og:image\" content=\"https:\/\/i-confort.com\/wp-content\/uploads\/2024\/12\/74309342-17249294.jpg\" \/>\n\t<meta property=\"og:image:width\" content=\"300\" \/>\n\t<meta property=\"og:image:height\" content=\"300\" \/>\n\t<meta property=\"og:image:type\" content=\"image\/jpeg\" \/>\n<meta name=\"twitter:card\" content=\"summary_large_image\" \/>\n<meta name=\"twitter:label1\" content=\"Dur\u00e9e de lecture estim\u00e9e\" \/>\n\t<meta name=\"twitter:data1\" content=\"1 minute\" \/>\n<script type=\"application\/ld+json\" class=\"yoast-schema-graph\">{\"@context\":\"https:\\\/\\\/schema.org\",\"@graph\":[{\"@type\":\"WebPage\",\"@id\":\"https:\\\/\\\/i-confort.com\\\/?product=moulinex-grille-pain-nr-lt2m0810\",\"url\":\"https:\\\/\\\/i-confort.com\\\/?product=moulinex-grille-pain-nr-lt2m0810\",\"name\":\"MOULINEX grille pain NR LT2M0810 - I-CONFORT\",\"isPartOf\":{\"@id\":\"https:\\\/\\\/i-confort.com\\\/#website\"},\"primaryImageOfPage\":{\"@id\":\"https:\\\/\\\/i-confort.com\\\/?product=moulinex-grille-pain-nr-lt2m0810#primaryimage\"},\"image\":{\"@id\":\"https:\\\/\\\/i-confort.com\\\/?product=moulinex-grille-pain-nr-lt2m0810#primaryimage\"},\"thumbnailUrl\":\"https:\\\/\\\/i-confort.com\\\/wp-content\\\/uploads\\\/2024\\\/12\\\/74309342-17249294.jpg\",\"datePublished\":\"2024-12-04T07:59:12+00:00\",\"breadcrumb\":{\"@id\":\"https:\\\/\\\/i-confort.com\\\/?product=moulinex-grille-pain-nr-lt2m0810#breadcrumb\"},\"inLanguage\":\"fr-FR\",\"potentialAction\":[{\"@type\":\"ReadAction\",\"target\":[\"https:\\\/\\\/i-confort.com\\\/?product=moulinex-grille-pain-nr-lt2m0810\"]}]},{\"@type\":\"ImageObject\",\"inLanguage\":\"fr-FR\",\"@id\":\"https:\\\/\\\/i-confort.com\\\/?product=moulinex-grille-pain-nr-lt2m0810#primaryimage\",\"url\":\"https:\\\/\\\/i-confort.com\\\/wp-content\\\/uploads\\\/2024\\\/12\\\/74309342-17249294.jpg\",\"contentUrl\":\"https:\\\/\\\/i-confort.com\\\/wp-content\\\/uploads\\\/2024\\\/12\\\/74309342-17249294.jpg\",\"width\":300,\"height\":300},{\"@type\":\"BreadcrumbList\",\"@id\":\"https:\\\/\\\/i-confort.com\\\/?product=moulinex-grille-pain-nr-lt2m0810#breadcrumb\",\"itemListElement\":[{\"@type\":\"ListItem\",\"position\":1,\"name\":\"Home\",\"item\":\"https:\\\/\\\/i-confort.com\\\/\"},{\"@type\":\"ListItem\",\"position\":2,\"name\":\"Boutique\",\"item\":\"https:\\\/\\\/i-confort.com\\\/?page_id=7\"},{\"@type\":\"ListItem\",\"position\":3,\"name\":\"MOULINEX grille pain NR LT2M0810\"}]},{\"@type\":\"WebSite\",\"@id\":\"https:\\\/\\\/i-confort.com\\\/#website\",\"url\":\"https:\\\/\\\/i-confort.com\\\/\",\"name\":\"I-CONFORT\",\"description\":\"Site de vente en ligne\",\"potentialAction\":[{\"@type\":\"SearchAction\",\"target\":{\"@type\":\"EntryPoint\",\"urlTemplate\":\"https:\\\/\\\/i-confort.com\\\/?s={search_term_string}\"},\"query-input\":{\"@type\":\"PropertyValueSpecification\",\"valueRequired\":true,\"valueName\":\"search_term_string\"}}],\"inLanguage\":\"fr-FR\"}]}<\/script>\n<!-- \/ Yoast SEO plugin. -->","yoast_head_json":{"title":"MOULINEX grille pain NR LT2M0810 - I-CONFORT","robots":{"index":"index","follow":"follow","max-snippet":"max-snippet:-1","max-image-preview":"max-image-preview:large","max-video-preview":"max-video-preview:-1"},"canonical":"https:\/\/i-confort.com\/?product=moulinex-grille-pain-nr-lt2m0810","og_locale":"fr_FR","og_type":"article","og_title":"MOULINEX grille pain NR LT2M0810 - I-CONFORT","og_url":"https:\/\/i-confort.com\/?product=moulinex-grille-pain-nr-lt2m0810","og_site_name":"I-CONFORT","og_image":[{"width":300,"height":300,"url":"https:\/\/i-confort.com\/wp-content\/uploads\/2024\/12\/74309342-17249294.jpg","type":"image\/jpeg"}],"twitter_card":"summary_large_image","twitter_misc":{"Dur\u00e9e de lecture estim\u00e9e":"1 minute"},"schema":{"@context":"https:\/\/schema.org","@graph":[{"@type":"WebPage","@id":"https:\/\/i-confort.com\/?product=moulinex-grille-pain-nr-lt2m0810","url":"https:\/\/i-confort.com\/?product=moulinex-grille-pain-nr-lt2m0810","name":"MOULINEX grille pain NR LT2M0810 - I-CONFORT","isPartOf":{"@id":"https:\/\/i-confort.com\/#website"},"primaryImageOfPage":{"@id":"https:\/\/i-confort.com\/?product=moulinex-grille-pain-nr-lt2m0810#primaryimage"},"image":{"@id":"https:\/\/i-confort.com\/?product=moulinex-grille-pain-nr-lt2m0810#primaryimage"},"thumbnailUrl":"https:\/\/i-confort.com\/wp-content\/uploads\/2024\/12\/74309342-17249294.jpg","datePublished":"2024-12-04T07:59:12+00:00","breadcrumb":{"@id":"https:\/\/i-confort.com\/?product=moulinex-grille-pain-nr-lt2m0810#breadcrumb"},"inLanguage":"fr-FR","potentialAction":[{"@type":"ReadAction","target":["https:\/\/i-confort.com\/?product=moulinex-grille-pain-nr-lt2m0810"]}]},{"@type":"ImageObject","inLanguage":"fr-FR","@id":"https:\/\/i-confort.com\/?product=moulinex-grille-pain-nr-lt2m0810#primaryimage","url":"https:\/\/i-confort.com\/wp-content\/uploads\/2024\/12\/74309342-17249294.jpg","contentUrl":"https:\/\/i-confort.com\/wp-content\/uploads\/2024\/12\/74309342-17249294.jpg","width":300,"height":300},{"@type":"BreadcrumbList","@id":"https:\/\/i-confort.com\/?product=moulinex-grille-pain-nr-lt2m0810#breadcrumb","itemListElement":[{"@type":"ListItem","position":1,"name":"Home","item":"https:\/\/i-confort.com\/"},{"@type":"ListItem","position":2,"name":"Boutique","item":"https:\/\/i-confort.com\/?page_id=7"},{"@type":"ListItem","position":3,"name":"MOULINEX grille pain NR LT2M0810"}]},{"@type":"WebSite","@id":"https:\/\/i-confort.com\/#website","url":"https:\/\/i-confort.com\/","name":"I-CONFORT","description":"Site de vente en ligne","potentialAction":[{"@type":"SearchAction","target":{"@type":"EntryPoint","urlTemplate":"https:\/\/i-confort.com\/?s={search_term_string}"},"query-input":{"@type":"PropertyValueSpecification","valueRequired":true,"valueName":"search_term_string"}}],"inLanguage":"fr-FR"}]}},"brands":[{"id":382,"name":"Molinex","slug":"molinex"}],"_links":{"self":[{"href":"https:\/\/i-confort.com\/index.php?rest_route=\/wp\/v2\/product\/21701","targetHints":{"allow":["GET"]}}],"collection":[{"href":"https:\/\/i-confort.com\/index.php?rest_route=\/wp\/v2\/product"}],"about":[{"href":"https:\/\/i-confort.com\/index.php?rest_route=\/wp\/v2\/types\/product"}],"wp:featuredmedia":[{"embeddable":true,"href":"https:\/\/i-confort.com\/index.php?rest_route=\/wp\/v2\/media\/21700"}],"wp:attachment":[{"href":"https:\/\/i-confort.com\/index.php?rest_route=%2Fwp%2Fv2%2Fmedia&parent=21701"}],"wp:term":[{"taxonomy":"pwb-brand","embeddable":true,"href":"https:\/\/i-confort.com\/index.php?rest_route=%2Fwp%2Fv2%2Fpwb-brand&post=21701"},{"taxonomy":"product_brand","embeddable":true,"href":"https:\/\/i-confort.com\/index.php?rest_route=%2Fwp%2Fv2%2Fproduct_brand&post=21701"},{"taxonomy":"product_cat","embeddable":true,"href":"https:\/\/i-confort.com\/index.php?rest_route=%2Fwp%2Fv2%2Fproduct_cat&post=21701"},{"taxonomy":"product_tag","embeddable":true,"href":"https:\/\/i-confort.com\/index.php?rest_route=%2Fwp%2Fv2%2Fproduct_tag&post=21701"}],"curies":[{"name":"wp","href":"https:\/\/api.w.org\/{rel}","templated":true}]}}