{"id":21711,"date":"2024-12-04T08:41:13","date_gmt":"2024-12-04T08:41:13","guid":{"rendered":"https:\/\/i-confort.com\/?product=moulinex-hachoir-6-en-1-500w-at23110"},"modified":"2024-12-04T08:41:13","modified_gmt":"2024-12-04T08:41:13","slug":"moulinex-hachoir-6-en-1-500w-at23110","status":"publish","type":"product","link":"https:\/\/i-confort.com\/?product=moulinex-hachoir-6-en-1-500w-at23110","title":{"rendered":"MOULINEX hachoir 6 en 1 500w\/AT23110"},"content":{"rendered":"<h2 class=\"hdr -upp -fs14 -m -pam\">escriptif technique<\/h2>\n<ul class=\"-pvs -mvxs -phm -lsn\">\n<li class=\"-pvxs\" style=\"padding: 4px 0px;margin: 0px\"><span class=\"-b\" style=\"font-weight: 700\">SKU<\/span>: MO534HA1MEI78NAFAMZ<\/li>\n<li class=\"-pvxs\" style=\"padding: 4px 0px;margin: 0px\"><span class=\"-b\" style=\"font-weight: 700\">Mod\u00e8le<\/span>: AT723110<\/li>\n<li class=\"-pvxs\" style=\"padding: 4px 0px;margin: 0px\"><span class=\"-b\" style=\"font-weight: 700\">Taille (Longueur x Largeur x Hauteur cm)<\/span>: 305 x 135 x 155.0<\/li>\n<li class=\"-pvxs\" style=\"padding: 4px 0px;margin: 0px\"><span class=\"-b\" style=\"font-weight: 700\">Poids (kg)<\/span>: 1<\/li>\n<li class=\"-pvxs\" style=\"padding: 4px 0px;margin: 0px\"><span class=\"-b\" style=\"font-weight: 700\">Couleur<\/span>: BLANC<\/li>\n<\/ul>\n","protected":false},"excerpt":{"rendered":"<p><br data-mce-bogus=\"1\"><\/p>\n<ul>\n<li style=\"padding: 0px;margin: 0px\">6 FONCTIONS EN 1 : appareil 6 en 1 exceptionnel ; mini-hachoir, moulin \u00e0 caf\u00e9 et plus encore avec des lames polyvalentes pour m\u00e9langer tous les types d&rsquo;ingr\u00e9dients<\/li>\n<li style=\"padding: 0px;margin: 0px\">2 LAMES DENT\u00c9ES : con\u00e7ues pour les ingr\u00e9dients durs tels que les grains de caf\u00e9, les noix ou m\u00eame la glace<\/li>\n<li style=\"padding: 0px;margin: 0px\">PUISSANT : 500 W de puissance et deux vitesses pour des r\u00e9sultats rapides et efficaces<\/li>\n<li style=\"padding: 0px;margin: 0px\">ACCESSOIRE POUR SAUCES : \u00c9QUIP\u00c9 D&rsquo;UN ACCESSOIRE \u00c0 SAUCE POUR DES \u00c9MULSIONS PARFAITES \u00c0 PORT\u00c9E DE MAIN<\/li>\n<li style=\"padding: 0px;margin: 0px\">SYST\u00c8ME DE PRESSION : Syst\u00e8me de pression facile pour des r\u00e9sultats parfaits en un rien de temps : il suffit d&rsquo;appuyer vers le bas !<\/li>\n<\/ul>\n","protected":false},"featured_media":21710,"template":"","meta":{"_coblocks_attr":"","_coblocks_dimensions":"","_coblocks_responsive_height":"","_coblocks_accordion_ie_support":""},"pwb-brand":[382],"product_brand":[],"product_cat":[354],"product_tag":[],"class_list":{"0":"post-21711","1":"product","2":"type-product","3":"status-publish","4":"has-post-thumbnail","6":"pwb-brand-molinex","7":"product_cat-robot","10":"first","11":"instock","12":"taxable","13":"shipping-taxable","14":"purchasable","15":"product-type-simple"},"yoast_head":"<!-- This site is optimized with the Yoast SEO plugin v27.4 - https:\/\/yoast.com\/product\/yoast-seo-wordpress\/ -->\n<title>MOULINEX hachoir 6 en 1 500w\/AT23110 - I-CONFORT<\/title>\n<meta name=\"robots\" content=\"index, follow, max-snippet:-1, max-image-preview:large, max-video-preview:-1\" \/>\n<link rel=\"canonical\" href=\"https:\/\/i-confort.com\/?product=moulinex-hachoir-6-en-1-500w-at23110\" \/>\n<meta property=\"og:locale\" content=\"fr_FR\" \/>\n<meta property=\"og:type\" content=\"article\" \/>\n<meta property=\"og:title\" content=\"MOULINEX hachoir 6 en 1 500w\/AT23110 - I-CONFORT\" \/>\n<meta property=\"og:description\" content=\"6 FONCTIONS EN 1 : appareil 6 en 1 exceptionnel ; mini-hachoir, moulin \u00e0 caf\u00e9 et plus encore avec des lames polyvalentes pour m\u00e9langer tous les types d&#039;ingr\u00e9dients2 LAMES DENT\u00c9ES : con\u00e7ues pour les ingr\u00e9dients durs tels que les grains de caf\u00e9, les noix ou m\u00eame la glacePUISSANT : 500 W de puissance et deux vitesses pour des r\u00e9sultats rapides et efficacesACCESSOIRE POUR SAUCES : \u00c9QUIP\u00c9 D&#039;UN ACCESSOIRE \u00c0 SAUCE POUR DES \u00c9MULSIONS PARFAITES \u00c0 PORT\u00c9E DE MAINSYST\u00c8ME DE PRESSION : Syst\u00e8me de pression facile pour des r\u00e9sultats parfaits en un rien de temps : il suffit d&#039;appuyer vers le bas !\" \/>\n<meta property=\"og:url\" content=\"https:\/\/i-confort.com\/?product=moulinex-hachoir-6-en-1-500w-at23110\" \/>\n<meta property=\"og:site_name\" content=\"I-CONFORT\" \/>\n<meta property=\"og:image\" content=\"https:\/\/i-confort.com\/wp-content\/uploads\/2024\/12\/2-3.jpg\" \/>\n\t<meta property=\"og:image:width\" content=\"500\" \/>\n\t<meta property=\"og:image:height\" content=\"500\" \/>\n\t<meta property=\"og:image:type\" content=\"image\/jpeg\" \/>\n<meta name=\"twitter:card\" content=\"summary_large_image\" \/>\n<script type=\"application\/ld+json\" class=\"yoast-schema-graph\">{\"@context\":\"https:\\\/\\\/schema.org\",\"@graph\":[{\"@type\":\"WebPage\",\"@id\":\"https:\\\/\\\/i-confort.com\\\/?product=moulinex-hachoir-6-en-1-500w-at23110\",\"url\":\"https:\\\/\\\/i-confort.com\\\/?product=moulinex-hachoir-6-en-1-500w-at23110\",\"name\":\"MOULINEX hachoir 6 en 1 500w\\\/AT23110 - I-CONFORT\",\"isPartOf\":{\"@id\":\"https:\\\/\\\/i-confort.com\\\/#website\"},\"primaryImageOfPage\":{\"@id\":\"https:\\\/\\\/i-confort.com\\\/?product=moulinex-hachoir-6-en-1-500w-at23110#primaryimage\"},\"image\":{\"@id\":\"https:\\\/\\\/i-confort.com\\\/?product=moulinex-hachoir-6-en-1-500w-at23110#primaryimage\"},\"thumbnailUrl\":\"https:\\\/\\\/i-confort.com\\\/wp-content\\\/uploads\\\/2024\\\/12\\\/2-3.jpg\",\"datePublished\":\"2024-12-04T08:41:13+00:00\",\"breadcrumb\":{\"@id\":\"https:\\\/\\\/i-confort.com\\\/?product=moulinex-hachoir-6-en-1-500w-at23110#breadcrumb\"},\"inLanguage\":\"fr-FR\",\"potentialAction\":[{\"@type\":\"ReadAction\",\"target\":[\"https:\\\/\\\/i-confort.com\\\/?product=moulinex-hachoir-6-en-1-500w-at23110\"]}]},{\"@type\":\"ImageObject\",\"inLanguage\":\"fr-FR\",\"@id\":\"https:\\\/\\\/i-confort.com\\\/?product=moulinex-hachoir-6-en-1-500w-at23110#primaryimage\",\"url\":\"https:\\\/\\\/i-confort.com\\\/wp-content\\\/uploads\\\/2024\\\/12\\\/2-3.jpg\",\"contentUrl\":\"https:\\\/\\\/i-confort.com\\\/wp-content\\\/uploads\\\/2024\\\/12\\\/2-3.jpg\",\"width\":500,\"height\":500},{\"@type\":\"BreadcrumbList\",\"@id\":\"https:\\\/\\\/i-confort.com\\\/?product=moulinex-hachoir-6-en-1-500w-at23110#breadcrumb\",\"itemListElement\":[{\"@type\":\"ListItem\",\"position\":1,\"name\":\"Home\",\"item\":\"https:\\\/\\\/i-confort.com\\\/\"},{\"@type\":\"ListItem\",\"position\":2,\"name\":\"Boutique\",\"item\":\"https:\\\/\\\/i-confort.com\\\/?page_id=7\"},{\"@type\":\"ListItem\",\"position\":3,\"name\":\"MOULINEX hachoir 6 en 1 500w\\\/AT23110\"}]},{\"@type\":\"WebSite\",\"@id\":\"https:\\\/\\\/i-confort.com\\\/#website\",\"url\":\"https:\\\/\\\/i-confort.com\\\/\",\"name\":\"I-CONFORT\",\"description\":\"Site de vente en ligne\",\"potentialAction\":[{\"@type\":\"SearchAction\",\"target\":{\"@type\":\"EntryPoint\",\"urlTemplate\":\"https:\\\/\\\/i-confort.com\\\/?s={search_term_string}\"},\"query-input\":{\"@type\":\"PropertyValueSpecification\",\"valueRequired\":true,\"valueName\":\"search_term_string\"}}],\"inLanguage\":\"fr-FR\"}]}<\/script>\n<!-- \/ Yoast SEO plugin. -->","yoast_head_json":{"title":"MOULINEX hachoir 6 en 1 500w\/AT23110 - I-CONFORT","robots":{"index":"index","follow":"follow","max-snippet":"max-snippet:-1","max-image-preview":"max-image-preview:large","max-video-preview":"max-video-preview:-1"},"canonical":"https:\/\/i-confort.com\/?product=moulinex-hachoir-6-en-1-500w-at23110","og_locale":"fr_FR","og_type":"article","og_title":"MOULINEX hachoir 6 en 1 500w\/AT23110 - I-CONFORT","og_description":"6 FONCTIONS EN 1 : appareil 6 en 1 exceptionnel ; mini-hachoir, moulin \u00e0 caf\u00e9 et plus encore avec des lames polyvalentes pour m\u00e9langer tous les types d'ingr\u00e9dients2 LAMES DENT\u00c9ES : con\u00e7ues pour les ingr\u00e9dients durs tels que les grains de caf\u00e9, les noix ou m\u00eame la glacePUISSANT : 500 W de puissance et deux vitesses pour des r\u00e9sultats rapides et efficacesACCESSOIRE POUR SAUCES : \u00c9QUIP\u00c9 D'UN ACCESSOIRE \u00c0 SAUCE POUR DES \u00c9MULSIONS PARFAITES \u00c0 PORT\u00c9E DE MAINSYST\u00c8ME DE PRESSION : Syst\u00e8me de pression facile pour des r\u00e9sultats parfaits en un rien de temps : il suffit d'appuyer vers le bas !","og_url":"https:\/\/i-confort.com\/?product=moulinex-hachoir-6-en-1-500w-at23110","og_site_name":"I-CONFORT","og_image":[{"width":500,"height":500,"url":"https:\/\/i-confort.com\/wp-content\/uploads\/2024\/12\/2-3.jpg","type":"image\/jpeg"}],"twitter_card":"summary_large_image","schema":{"@context":"https:\/\/schema.org","@graph":[{"@type":"WebPage","@id":"https:\/\/i-confort.com\/?product=moulinex-hachoir-6-en-1-500w-at23110","url":"https:\/\/i-confort.com\/?product=moulinex-hachoir-6-en-1-500w-at23110","name":"MOULINEX hachoir 6 en 1 500w\/AT23110 - I-CONFORT","isPartOf":{"@id":"https:\/\/i-confort.com\/#website"},"primaryImageOfPage":{"@id":"https:\/\/i-confort.com\/?product=moulinex-hachoir-6-en-1-500w-at23110#primaryimage"},"image":{"@id":"https:\/\/i-confort.com\/?product=moulinex-hachoir-6-en-1-500w-at23110#primaryimage"},"thumbnailUrl":"https:\/\/i-confort.com\/wp-content\/uploads\/2024\/12\/2-3.jpg","datePublished":"2024-12-04T08:41:13+00:00","breadcrumb":{"@id":"https:\/\/i-confort.com\/?product=moulinex-hachoir-6-en-1-500w-at23110#breadcrumb"},"inLanguage":"fr-FR","potentialAction":[{"@type":"ReadAction","target":["https:\/\/i-confort.com\/?product=moulinex-hachoir-6-en-1-500w-at23110"]}]},{"@type":"ImageObject","inLanguage":"fr-FR","@id":"https:\/\/i-confort.com\/?product=moulinex-hachoir-6-en-1-500w-at23110#primaryimage","url":"https:\/\/i-confort.com\/wp-content\/uploads\/2024\/12\/2-3.jpg","contentUrl":"https:\/\/i-confort.com\/wp-content\/uploads\/2024\/12\/2-3.jpg","width":500,"height":500},{"@type":"BreadcrumbList","@id":"https:\/\/i-confort.com\/?product=moulinex-hachoir-6-en-1-500w-at23110#breadcrumb","itemListElement":[{"@type":"ListItem","position":1,"name":"Home","item":"https:\/\/i-confort.com\/"},{"@type":"ListItem","position":2,"name":"Boutique","item":"https:\/\/i-confort.com\/?page_id=7"},{"@type":"ListItem","position":3,"name":"MOULINEX hachoir 6 en 1 500w\/AT23110"}]},{"@type":"WebSite","@id":"https:\/\/i-confort.com\/#website","url":"https:\/\/i-confort.com\/","name":"I-CONFORT","description":"Site de vente en ligne","potentialAction":[{"@type":"SearchAction","target":{"@type":"EntryPoint","urlTemplate":"https:\/\/i-confort.com\/?s={search_term_string}"},"query-input":{"@type":"PropertyValueSpecification","valueRequired":true,"valueName":"search_term_string"}}],"inLanguage":"fr-FR"}]}},"brands":[{"id":382,"name":"Molinex","slug":"molinex"}],"_links":{"self":[{"href":"https:\/\/i-confort.com\/index.php?rest_route=\/wp\/v2\/product\/21711","targetHints":{"allow":["GET"]}}],"collection":[{"href":"https:\/\/i-confort.com\/index.php?rest_route=\/wp\/v2\/product"}],"about":[{"href":"https:\/\/i-confort.com\/index.php?rest_route=\/wp\/v2\/types\/product"}],"wp:featuredmedia":[{"embeddable":true,"href":"https:\/\/i-confort.com\/index.php?rest_route=\/wp\/v2\/media\/21710"}],"wp:attachment":[{"href":"https:\/\/i-confort.com\/index.php?rest_route=%2Fwp%2Fv2%2Fmedia&parent=21711"}],"wp:term":[{"taxonomy":"pwb-brand","embeddable":true,"href":"https:\/\/i-confort.com\/index.php?rest_route=%2Fwp%2Fv2%2Fpwb-brand&post=21711"},{"taxonomy":"product_brand","embeddable":true,"href":"https:\/\/i-confort.com\/index.php?rest_route=%2Fwp%2Fv2%2Fproduct_brand&post=21711"},{"taxonomy":"product_cat","embeddable":true,"href":"https:\/\/i-confort.com\/index.php?rest_route=%2Fwp%2Fv2%2Fproduct_cat&post=21711"},{"taxonomy":"product_tag","embeddable":true,"href":"https:\/\/i-confort.com\/index.php?rest_route=%2Fwp%2Fv2%2Fproduct_tag&post=21711"}],"curies":[{"name":"wp","href":"https:\/\/api.w.org\/{rel}","templated":true}]}}