{"id":21719,"date":"2024-12-04T09:11:19","date_gmt":"2024-12-04T09:11:19","guid":{"rendered":"https:\/\/i-confort.com\/?product=moulinex-moulinette-1000w-dp810810"},"modified":"2024-12-04T09:11:19","modified_gmt":"2024-12-04T09:11:19","slug":"moulinex-moulinette-1000w-dp810810","status":"publish","type":"product","link":"https:\/\/i-confort.com\/?product=moulinex-moulinette-1000w-dp810810","title":{"rendered":"Moulinex moulinette 1000W\/DP810810"},"content":{"rendered":"<h2 class=\"hdr -upp -fs14 -m -pam\">rincipales caract\u00e9ristiques<\/h2>\n<div class=\"markup -pam\">\n<ul class=\"a-unordered-list a-vertical a-spacing-mini\" style=\"padding: 0px;margin: 0px 0px 0px 18px\">\n<li style=\"padding: 0px;margin: 0px\">Hachoir \u00e9lectrique avec moteur de 1000 W pour des r\u00e9sultats efficaces et ultra rapides gr\u00e2ce \u00e0 ses 2 lames Powerlife avec rev\u00eatement anti-adh\u00e9sif en titane.<\/li>\n<li style=\"padding: 0px;margin: 0px\">Syst\u00e8me de protection automatique du moteur contre la surchauffe, pour une plus grande s\u00e9curit\u00e9 et dur\u00e9e de vie du moteur.<\/li>\n<li style=\"padding: 0px;margin: 0px\">Id\u00e9al pour traiter tous types d&rsquo;aliments, des morceaux de viande dure aux \u00e9pices ou milkshakes.<\/li>\n<li style=\"padding: 0px;margin: 0px\">Grande capacit\u00e9 jusqu&rsquo;\u00e0 330 g\/550 ml qui permet de pr\u00e9parer des pr\u00e9parations pour de nombreux commerces.<\/li>\n<li style=\"padding: 0px;margin: 0px\">Couvercle herm\u00e9tique pour traitement semi-liquide sans \u00e9claboussures.<\/li>\n<li style=\"padding: 0px;margin: 0px\">Verrouillage de s\u00e9curit\u00e9 pour \u00e9viter les accidents ; pi\u00e8ces amovibles lavables au lave-vaisselle qui facilitent le nettoyage<\/li>\n<li style=\"padding: 0px;margin: 0px\">Dimensions : 35,3 x 19,4 x 35,3 cm.<\/li>\n<\/ul>\n<\/div>\n","protected":false},"excerpt":{"rendered":"<p><br data-mce-bogus=\"1\"><\/p>\n","protected":false},"featured_media":21717,"template":"","meta":{"_coblocks_attr":"","_coblocks_dimensions":"","_coblocks_responsive_height":"","_coblocks_accordion_ie_support":""},"pwb-brand":[382],"product_brand":[],"product_cat":[354],"product_tag":[],"class_list":{"0":"post-21719","1":"product","2":"type-product","3":"status-publish","4":"has-post-thumbnail","6":"pwb-brand-molinex","7":"product_cat-robot","10":"first","11":"instock","12":"taxable","13":"shipping-taxable","14":"purchasable","15":"product-type-simple"},"yoast_head":"<!-- This site is optimized with the Yoast SEO plugin v27.4 - https:\/\/yoast.com\/product\/yoast-seo-wordpress\/ -->\n<title>Moulinex moulinette 1000W\/DP810810 - I-CONFORT<\/title>\n<meta name=\"robots\" content=\"index, follow, max-snippet:-1, max-image-preview:large, max-video-preview:-1\" \/>\n<link rel=\"canonical\" href=\"https:\/\/i-confort.com\/?product=moulinex-moulinette-1000w-dp810810\" \/>\n<meta property=\"og:locale\" content=\"fr_FR\" \/>\n<meta property=\"og:type\" content=\"article\" \/>\n<meta property=\"og:title\" content=\"Moulinex moulinette 1000W\/DP810810 - I-CONFORT\" \/>\n<meta property=\"og:url\" content=\"https:\/\/i-confort.com\/?product=moulinex-moulinette-1000w-dp810810\" \/>\n<meta property=\"og:site_name\" content=\"I-CONFORT\" \/>\n<meta property=\"og:image\" content=\"https:\/\/i-confort.com\/wp-content\/uploads\/2024\/12\/images-11.jpg\" \/>\n\t<meta property=\"og:image:width\" content=\"311\" \/>\n\t<meta property=\"og:image:height\" content=\"162\" \/>\n\t<meta property=\"og:image:type\" content=\"image\/jpeg\" \/>\n<meta name=\"twitter:card\" content=\"summary_large_image\" \/>\n<meta name=\"twitter:label1\" content=\"Dur\u00e9e de lecture estim\u00e9e\" \/>\n\t<meta name=\"twitter:data1\" content=\"1 minute\" \/>\n<script type=\"application\/ld+json\" class=\"yoast-schema-graph\">{\"@context\":\"https:\\\/\\\/schema.org\",\"@graph\":[{\"@type\":\"WebPage\",\"@id\":\"https:\\\/\\\/i-confort.com\\\/?product=moulinex-moulinette-1000w-dp810810\",\"url\":\"https:\\\/\\\/i-confort.com\\\/?product=moulinex-moulinette-1000w-dp810810\",\"name\":\"Moulinex moulinette 1000W\\\/DP810810 - I-CONFORT\",\"isPartOf\":{\"@id\":\"https:\\\/\\\/i-confort.com\\\/#website\"},\"primaryImageOfPage\":{\"@id\":\"https:\\\/\\\/i-confort.com\\\/?product=moulinex-moulinette-1000w-dp810810#primaryimage\"},\"image\":{\"@id\":\"https:\\\/\\\/i-confort.com\\\/?product=moulinex-moulinette-1000w-dp810810#primaryimage\"},\"thumbnailUrl\":\"https:\\\/\\\/i-confort.com\\\/wp-content\\\/uploads\\\/2024\\\/12\\\/images-11.jpg\",\"datePublished\":\"2024-12-04T09:11:19+00:00\",\"breadcrumb\":{\"@id\":\"https:\\\/\\\/i-confort.com\\\/?product=moulinex-moulinette-1000w-dp810810#breadcrumb\"},\"inLanguage\":\"fr-FR\",\"potentialAction\":[{\"@type\":\"ReadAction\",\"target\":[\"https:\\\/\\\/i-confort.com\\\/?product=moulinex-moulinette-1000w-dp810810\"]}]},{\"@type\":\"ImageObject\",\"inLanguage\":\"fr-FR\",\"@id\":\"https:\\\/\\\/i-confort.com\\\/?product=moulinex-moulinette-1000w-dp810810#primaryimage\",\"url\":\"https:\\\/\\\/i-confort.com\\\/wp-content\\\/uploads\\\/2024\\\/12\\\/images-11.jpg\",\"contentUrl\":\"https:\\\/\\\/i-confort.com\\\/wp-content\\\/uploads\\\/2024\\\/12\\\/images-11.jpg\",\"width\":311,\"height\":162},{\"@type\":\"BreadcrumbList\",\"@id\":\"https:\\\/\\\/i-confort.com\\\/?product=moulinex-moulinette-1000w-dp810810#breadcrumb\",\"itemListElement\":[{\"@type\":\"ListItem\",\"position\":1,\"name\":\"Home\",\"item\":\"https:\\\/\\\/i-confort.com\\\/\"},{\"@type\":\"ListItem\",\"position\":2,\"name\":\"Boutique\",\"item\":\"https:\\\/\\\/i-confort.com\\\/?page_id=7\"},{\"@type\":\"ListItem\",\"position\":3,\"name\":\"Moulinex moulinette 1000W\\\/DP810810\"}]},{\"@type\":\"WebSite\",\"@id\":\"https:\\\/\\\/i-confort.com\\\/#website\",\"url\":\"https:\\\/\\\/i-confort.com\\\/\",\"name\":\"I-CONFORT\",\"description\":\"Site de vente en ligne\",\"potentialAction\":[{\"@type\":\"SearchAction\",\"target\":{\"@type\":\"EntryPoint\",\"urlTemplate\":\"https:\\\/\\\/i-confort.com\\\/?s={search_term_string}\"},\"query-input\":{\"@type\":\"PropertyValueSpecification\",\"valueRequired\":true,\"valueName\":\"search_term_string\"}}],\"inLanguage\":\"fr-FR\"}]}<\/script>\n<!-- \/ Yoast SEO plugin. -->","yoast_head_json":{"title":"Moulinex moulinette 1000W\/DP810810 - I-CONFORT","robots":{"index":"index","follow":"follow","max-snippet":"max-snippet:-1","max-image-preview":"max-image-preview:large","max-video-preview":"max-video-preview:-1"},"canonical":"https:\/\/i-confort.com\/?product=moulinex-moulinette-1000w-dp810810","og_locale":"fr_FR","og_type":"article","og_title":"Moulinex moulinette 1000W\/DP810810 - I-CONFORT","og_url":"https:\/\/i-confort.com\/?product=moulinex-moulinette-1000w-dp810810","og_site_name":"I-CONFORT","og_image":[{"width":311,"height":162,"url":"https:\/\/i-confort.com\/wp-content\/uploads\/2024\/12\/images-11.jpg","type":"image\/jpeg"}],"twitter_card":"summary_large_image","twitter_misc":{"Dur\u00e9e de lecture estim\u00e9e":"1 minute"},"schema":{"@context":"https:\/\/schema.org","@graph":[{"@type":"WebPage","@id":"https:\/\/i-confort.com\/?product=moulinex-moulinette-1000w-dp810810","url":"https:\/\/i-confort.com\/?product=moulinex-moulinette-1000w-dp810810","name":"Moulinex moulinette 1000W\/DP810810 - I-CONFORT","isPartOf":{"@id":"https:\/\/i-confort.com\/#website"},"primaryImageOfPage":{"@id":"https:\/\/i-confort.com\/?product=moulinex-moulinette-1000w-dp810810#primaryimage"},"image":{"@id":"https:\/\/i-confort.com\/?product=moulinex-moulinette-1000w-dp810810#primaryimage"},"thumbnailUrl":"https:\/\/i-confort.com\/wp-content\/uploads\/2024\/12\/images-11.jpg","datePublished":"2024-12-04T09:11:19+00:00","breadcrumb":{"@id":"https:\/\/i-confort.com\/?product=moulinex-moulinette-1000w-dp810810#breadcrumb"},"inLanguage":"fr-FR","potentialAction":[{"@type":"ReadAction","target":["https:\/\/i-confort.com\/?product=moulinex-moulinette-1000w-dp810810"]}]},{"@type":"ImageObject","inLanguage":"fr-FR","@id":"https:\/\/i-confort.com\/?product=moulinex-moulinette-1000w-dp810810#primaryimage","url":"https:\/\/i-confort.com\/wp-content\/uploads\/2024\/12\/images-11.jpg","contentUrl":"https:\/\/i-confort.com\/wp-content\/uploads\/2024\/12\/images-11.jpg","width":311,"height":162},{"@type":"BreadcrumbList","@id":"https:\/\/i-confort.com\/?product=moulinex-moulinette-1000w-dp810810#breadcrumb","itemListElement":[{"@type":"ListItem","position":1,"name":"Home","item":"https:\/\/i-confort.com\/"},{"@type":"ListItem","position":2,"name":"Boutique","item":"https:\/\/i-confort.com\/?page_id=7"},{"@type":"ListItem","position":3,"name":"Moulinex moulinette 1000W\/DP810810"}]},{"@type":"WebSite","@id":"https:\/\/i-confort.com\/#website","url":"https:\/\/i-confort.com\/","name":"I-CONFORT","description":"Site de vente en ligne","potentialAction":[{"@type":"SearchAction","target":{"@type":"EntryPoint","urlTemplate":"https:\/\/i-confort.com\/?s={search_term_string}"},"query-input":{"@type":"PropertyValueSpecification","valueRequired":true,"valueName":"search_term_string"}}],"inLanguage":"fr-FR"}]}},"brands":[{"id":382,"name":"Molinex","slug":"molinex"}],"_links":{"self":[{"href":"https:\/\/i-confort.com\/index.php?rest_route=\/wp\/v2\/product\/21719","targetHints":{"allow":["GET"]}}],"collection":[{"href":"https:\/\/i-confort.com\/index.php?rest_route=\/wp\/v2\/product"}],"about":[{"href":"https:\/\/i-confort.com\/index.php?rest_route=\/wp\/v2\/types\/product"}],"wp:featuredmedia":[{"embeddable":true,"href":"https:\/\/i-confort.com\/index.php?rest_route=\/wp\/v2\/media\/21717"}],"wp:attachment":[{"href":"https:\/\/i-confort.com\/index.php?rest_route=%2Fwp%2Fv2%2Fmedia&parent=21719"}],"wp:term":[{"taxonomy":"pwb-brand","embeddable":true,"href":"https:\/\/i-confort.com\/index.php?rest_route=%2Fwp%2Fv2%2Fpwb-brand&post=21719"},{"taxonomy":"product_brand","embeddable":true,"href":"https:\/\/i-confort.com\/index.php?rest_route=%2Fwp%2Fv2%2Fproduct_brand&post=21719"},{"taxonomy":"product_cat","embeddable":true,"href":"https:\/\/i-confort.com\/index.php?rest_route=%2Fwp%2Fv2%2Fproduct_cat&post=21719"},{"taxonomy":"product_tag","embeddable":true,"href":"https:\/\/i-confort.com\/index.php?rest_route=%2Fwp%2Fv2%2Fproduct_tag&post=21719"}],"curies":[{"name":"wp","href":"https:\/\/api.w.org\/{rel}","templated":true}]}}