{"id":21732,"date":"2024-12-04T13:24:55","date_gmt":"2024-12-04T13:24:55","guid":{"rendered":"https:\/\/i-confort.com\/?product=molinex-robot-mf-28f-fp821811"},"modified":"2024-12-04T13:27:51","modified_gmt":"2024-12-04T13:27:51","slug":"molinex-robot-mf-28f-fp821811","status":"publish","type":"product","link":"https:\/\/i-confort.com\/?product=molinex-robot-mf-28f-fp821811","title":{"rendered":"MOULINEX robot MF 28F\/FP821811"},"content":{"rendered":"<p><\/p>\n","protected":false},"excerpt":{"rendered":"<div class=\"secondary-details__left\" style=\"font-family: Cairo, sans-serif;font-size: 15px\" data-mce-style=\"font-family: Cairo, sans-serif; font-size: 15px;\">\n<div class=\"secondary-details__description\">\n<p style=\"margin: 0px 0px 10px\" data-mce-style=\"margin: 0px 0px 10px;\">ccessoire(s) inclus : Bol blender, Couteau hachoir lames en titanium, 2 disques r\u00e9versibles inox, P\u00e9trin, Hachoir, Disque \u00e9mulsionneur, Spatule<br \/>Autre(s) s\u00e9curit\u00e9(s) : Syst\u00e8me de verrouillage exlusif EasyLock<br \/>Blender : Oui<br \/>Blender inclus : Oui<br \/>Bol avec robinet verseur : Non<br \/>Capacit\u00e9 du blender (L) : 2<br \/>Capacit\u00e9 du bol (L) : 3<br \/>Capacit\u00e9 utile du bol (L) : 2<br \/>Centrifugeuse : Non<br \/>Connect\u00e9 : Non<br \/>Couleur : Noir<br \/>Dimensions (cm) : 28 x 23 x 40<br \/>Divers : 2 sorties moteur distinctes<br \/>Fonction \/ Touche Pulse : Oui<br \/>Gamme : DoubleForce<br \/>H\u00e2choir : Oui<br \/>Mati\u00e8re du bol : Plastique<br \/>Nbre de fonctions : 28<br \/>Nbre de vitesse(s) : 6<br \/>Nettoyage : Accessoires, bol principal et bol blender<br \/>Nombre de bols : 2<br \/>P\u00e9trin : Oui<br \/>Poids (kg) : 5.86<br \/>Puissance : 1000 W<br \/>Puissance (W) : 1000<br \/>Puissance \u00e9lectronique : De 750 \u00e0 1000 W<br \/>Rangement des accessoires : Dans le bol<br \/>Rangement du cordon : Oui<br \/>Robot p\u00e2tissier : Non<br \/>Syst\u00e8me de pesage int\u00e9gr\u00e9 : Non<br \/>Type : Robot multifonction<br \/>Type de lame \/ couteau : Rev\u00eatement Titanium<br \/>Type(s) de disque(s) : 2 disques r\u00e9versibles trancher \/ r\u00e2per fin et \u00e9pais<\/p>\n<p style=\"margin: 0px 0px 10px\" data-mce-style=\"margin: 0px 0px 10px;\"><\/p>\n<\/div>\n<div id=\"data-recommandation-zone-2\" class=\"secondary-details-cross-sell\"><\/div>\n<div class=\"secondary-details-blocks\"><\/div>\n<div class=\"webcollage\" data-ean=\"3016661158469\"><\/div>\n<\/div>\n<div class=\"secondary-details__right\" style=\"font-family: Cairo, sans-serif;font-size: 15px\" data-mce-style=\"font-family: Cairo, sans-serif; font-size: 15px;\"><\/div>\n","protected":false},"featured_media":21731,"template":"","meta":{"_coblocks_attr":"","_coblocks_dimensions":"","_coblocks_responsive_height":"","_coblocks_accordion_ie_support":""},"pwb-brand":[382],"product_brand":[],"product_cat":[],"product_tag":[],"class_list":{"0":"post-21732","1":"product","2":"type-product","3":"status-publish","4":"has-post-thumbnail","6":"pwb-brand-molinex","9":"first","10":"instock","11":"taxable","12":"shipping-taxable","13":"purchasable","14":"product-type-simple"},"yoast_head":"<!-- This site is optimized with the Yoast SEO plugin v27.4 - https:\/\/yoast.com\/product\/yoast-seo-wordpress\/ -->\n<title>MOULINEX robot MF 28F\/FP821811 - I-CONFORT<\/title>\n<meta name=\"robots\" content=\"index, follow, max-snippet:-1, max-image-preview:large, max-video-preview:-1\" \/>\n<link rel=\"canonical\" href=\"https:\/\/i-confort.com\/?product=molinex-robot-mf-28f-fp821811\" \/>\n<meta property=\"og:locale\" content=\"fr_FR\" \/>\n<meta property=\"og:type\" content=\"article\" \/>\n<meta property=\"og:title\" content=\"MOULINEX robot MF 28F\/FP821811 - I-CONFORT\" \/>\n<meta property=\"og:description\" content=\"ccessoire(s) inclus : Bol blender, Couteau hachoir lames en titanium, 2 disques r\u00e9versibles inox, P\u00e9trin, Hachoir, Disque \u00e9mulsionneur, SpatuleAutre(s) s\u00e9curit\u00e9(s) : Syst\u00e8me de verrouillage exlusif EasyLockBlender : OuiBlender inclus : OuiBol avec robinet verseur : NonCapacit\u00e9 du blender (L) : 2Capacit\u00e9 du bol (L) : 3Capacit\u00e9 utile du bol (L) : 2Centrifugeuse : NonConnect\u00e9 : NonCouleur : NoirDimensions (cm) : 28 x 23 x 40Divers : 2 sorties moteur distinctesFonction \/ Touche Pulse : OuiGamme : DoubleForceH\u00e2choir : OuiMati\u00e8re du bol : PlastiqueNbre de fonctions : 28Nbre de vitesse(s) : 6Nettoyage : Accessoires, bol principal et bol blenderNombre de bols : 2P\u00e9trin : OuiPoids (kg) : 5.86Puissance : 1000 WPuissance (W) : 1000Puissance \u00e9lectronique : De 750 \u00e0 1000 WRangement des accessoires : Dans le bolRangement du cordon : OuiRobot p\u00e2tissier : NonSyst\u00e8me de pesage int\u00e9gr\u00e9 : NonType : Robot multifonctionType de lame \/ couteau : Rev\u00eatement TitaniumType(s) de disque(s) : 2 disques r\u00e9versibles trancher \/ r\u00e2per fin et \u00e9pais\" \/>\n<meta property=\"og:url\" content=\"https:\/\/i-confort.com\/?product=molinex-robot-mf-28f-fp821811\" \/>\n<meta property=\"og:site_name\" content=\"I-CONFORT\" \/>\n<meta property=\"article:modified_time\" content=\"2024-12-04T13:27:51+00:00\" \/>\n<meta property=\"og:image\" content=\"https:\/\/i-confort.com\/wp-content\/uploads\/2024\/12\/images-12-1.jpg\" \/>\n\t<meta property=\"og:image:width\" content=\"259\" \/>\n\t<meta property=\"og:image:height\" content=\"194\" \/>\n\t<meta property=\"og:image:type\" content=\"image\/jpeg\" \/>\n<meta name=\"twitter:card\" content=\"summary_large_image\" \/>\n<script type=\"application\/ld+json\" class=\"yoast-schema-graph\">{\"@context\":\"https:\\\/\\\/schema.org\",\"@graph\":[{\"@type\":\"WebPage\",\"@id\":\"https:\\\/\\\/i-confort.com\\\/?product=molinex-robot-mf-28f-fp821811\",\"url\":\"https:\\\/\\\/i-confort.com\\\/?product=molinex-robot-mf-28f-fp821811\",\"name\":\"MOULINEX robot MF 28F\\\/FP821811 - I-CONFORT\",\"isPartOf\":{\"@id\":\"https:\\\/\\\/i-confort.com\\\/#website\"},\"primaryImageOfPage\":{\"@id\":\"https:\\\/\\\/i-confort.com\\\/?product=molinex-robot-mf-28f-fp821811#primaryimage\"},\"image\":{\"@id\":\"https:\\\/\\\/i-confort.com\\\/?product=molinex-robot-mf-28f-fp821811#primaryimage\"},\"thumbnailUrl\":\"https:\\\/\\\/i-confort.com\\\/wp-content\\\/uploads\\\/2024\\\/12\\\/images-12-1.jpg\",\"datePublished\":\"2024-12-04T13:24:55+00:00\",\"dateModified\":\"2024-12-04T13:27:51+00:00\",\"breadcrumb\":{\"@id\":\"https:\\\/\\\/i-confort.com\\\/?product=molinex-robot-mf-28f-fp821811#breadcrumb\"},\"inLanguage\":\"fr-FR\",\"potentialAction\":[{\"@type\":\"ReadAction\",\"target\":[\"https:\\\/\\\/i-confort.com\\\/?product=molinex-robot-mf-28f-fp821811\"]}]},{\"@type\":\"ImageObject\",\"inLanguage\":\"fr-FR\",\"@id\":\"https:\\\/\\\/i-confort.com\\\/?product=molinex-robot-mf-28f-fp821811#primaryimage\",\"url\":\"https:\\\/\\\/i-confort.com\\\/wp-content\\\/uploads\\\/2024\\\/12\\\/images-12-1.jpg\",\"contentUrl\":\"https:\\\/\\\/i-confort.com\\\/wp-content\\\/uploads\\\/2024\\\/12\\\/images-12-1.jpg\",\"width\":259,\"height\":194},{\"@type\":\"BreadcrumbList\",\"@id\":\"https:\\\/\\\/i-confort.com\\\/?product=molinex-robot-mf-28f-fp821811#breadcrumb\",\"itemListElement\":[{\"@type\":\"ListItem\",\"position\":1,\"name\":\"Home\",\"item\":\"https:\\\/\\\/i-confort.com\\\/\"},{\"@type\":\"ListItem\",\"position\":2,\"name\":\"Boutique\",\"item\":\"https:\\\/\\\/i-confort.com\\\/?page_id=7\"},{\"@type\":\"ListItem\",\"position\":3,\"name\":\"MOULINEX robot MF 28F\\\/FP821811\"}]},{\"@type\":\"WebSite\",\"@id\":\"https:\\\/\\\/i-confort.com\\\/#website\",\"url\":\"https:\\\/\\\/i-confort.com\\\/\",\"name\":\"I-CONFORT\",\"description\":\"Site de vente en ligne\",\"potentialAction\":[{\"@type\":\"SearchAction\",\"target\":{\"@type\":\"EntryPoint\",\"urlTemplate\":\"https:\\\/\\\/i-confort.com\\\/?s={search_term_string}\"},\"query-input\":{\"@type\":\"PropertyValueSpecification\",\"valueRequired\":true,\"valueName\":\"search_term_string\"}}],\"inLanguage\":\"fr-FR\"}]}<\/script>\n<!-- \/ Yoast SEO plugin. -->","yoast_head_json":{"title":"MOULINEX robot MF 28F\/FP821811 - I-CONFORT","robots":{"index":"index","follow":"follow","max-snippet":"max-snippet:-1","max-image-preview":"max-image-preview:large","max-video-preview":"max-video-preview:-1"},"canonical":"https:\/\/i-confort.com\/?product=molinex-robot-mf-28f-fp821811","og_locale":"fr_FR","og_type":"article","og_title":"MOULINEX robot MF 28F\/FP821811 - I-CONFORT","og_description":"ccessoire(s) inclus : Bol blender, Couteau hachoir lames en titanium, 2 disques r\u00e9versibles inox, P\u00e9trin, Hachoir, Disque \u00e9mulsionneur, SpatuleAutre(s) s\u00e9curit\u00e9(s) : Syst\u00e8me de verrouillage exlusif EasyLockBlender : OuiBlender inclus : OuiBol avec robinet verseur : NonCapacit\u00e9 du blender (L) : 2Capacit\u00e9 du bol (L) : 3Capacit\u00e9 utile du bol (L) : 2Centrifugeuse : NonConnect\u00e9 : NonCouleur : NoirDimensions (cm) : 28 x 23 x 40Divers : 2 sorties moteur distinctesFonction \/ Touche Pulse : OuiGamme : DoubleForceH\u00e2choir : OuiMati\u00e8re du bol : PlastiqueNbre de fonctions : 28Nbre de vitesse(s) : 6Nettoyage : Accessoires, bol principal et bol blenderNombre de bols : 2P\u00e9trin : OuiPoids (kg) : 5.86Puissance : 1000 WPuissance (W) : 1000Puissance \u00e9lectronique : De 750 \u00e0 1000 WRangement des accessoires : Dans le bolRangement du cordon : OuiRobot p\u00e2tissier : NonSyst\u00e8me de pesage int\u00e9gr\u00e9 : NonType : Robot multifonctionType de lame \/ couteau : Rev\u00eatement TitaniumType(s) de disque(s) : 2 disques r\u00e9versibles trancher \/ r\u00e2per fin et \u00e9pais","og_url":"https:\/\/i-confort.com\/?product=molinex-robot-mf-28f-fp821811","og_site_name":"I-CONFORT","article_modified_time":"2024-12-04T13:27:51+00:00","og_image":[{"width":259,"height":194,"url":"https:\/\/i-confort.com\/wp-content\/uploads\/2024\/12\/images-12-1.jpg","type":"image\/jpeg"}],"twitter_card":"summary_large_image","schema":{"@context":"https:\/\/schema.org","@graph":[{"@type":"WebPage","@id":"https:\/\/i-confort.com\/?product=molinex-robot-mf-28f-fp821811","url":"https:\/\/i-confort.com\/?product=molinex-robot-mf-28f-fp821811","name":"MOULINEX robot MF 28F\/FP821811 - I-CONFORT","isPartOf":{"@id":"https:\/\/i-confort.com\/#website"},"primaryImageOfPage":{"@id":"https:\/\/i-confort.com\/?product=molinex-robot-mf-28f-fp821811#primaryimage"},"image":{"@id":"https:\/\/i-confort.com\/?product=molinex-robot-mf-28f-fp821811#primaryimage"},"thumbnailUrl":"https:\/\/i-confort.com\/wp-content\/uploads\/2024\/12\/images-12-1.jpg","datePublished":"2024-12-04T13:24:55+00:00","dateModified":"2024-12-04T13:27:51+00:00","breadcrumb":{"@id":"https:\/\/i-confort.com\/?product=molinex-robot-mf-28f-fp821811#breadcrumb"},"inLanguage":"fr-FR","potentialAction":[{"@type":"ReadAction","target":["https:\/\/i-confort.com\/?product=molinex-robot-mf-28f-fp821811"]}]},{"@type":"ImageObject","inLanguage":"fr-FR","@id":"https:\/\/i-confort.com\/?product=molinex-robot-mf-28f-fp821811#primaryimage","url":"https:\/\/i-confort.com\/wp-content\/uploads\/2024\/12\/images-12-1.jpg","contentUrl":"https:\/\/i-confort.com\/wp-content\/uploads\/2024\/12\/images-12-1.jpg","width":259,"height":194},{"@type":"BreadcrumbList","@id":"https:\/\/i-confort.com\/?product=molinex-robot-mf-28f-fp821811#breadcrumb","itemListElement":[{"@type":"ListItem","position":1,"name":"Home","item":"https:\/\/i-confort.com\/"},{"@type":"ListItem","position":2,"name":"Boutique","item":"https:\/\/i-confort.com\/?page_id=7"},{"@type":"ListItem","position":3,"name":"MOULINEX robot MF 28F\/FP821811"}]},{"@type":"WebSite","@id":"https:\/\/i-confort.com\/#website","url":"https:\/\/i-confort.com\/","name":"I-CONFORT","description":"Site de vente en ligne","potentialAction":[{"@type":"SearchAction","target":{"@type":"EntryPoint","urlTemplate":"https:\/\/i-confort.com\/?s={search_term_string}"},"query-input":{"@type":"PropertyValueSpecification","valueRequired":true,"valueName":"search_term_string"}}],"inLanguage":"fr-FR"}]}},"brands":[{"id":382,"name":"Molinex","slug":"molinex"}],"_links":{"self":[{"href":"https:\/\/i-confort.com\/index.php?rest_route=\/wp\/v2\/product\/21732","targetHints":{"allow":["GET"]}}],"collection":[{"href":"https:\/\/i-confort.com\/index.php?rest_route=\/wp\/v2\/product"}],"about":[{"href":"https:\/\/i-confort.com\/index.php?rest_route=\/wp\/v2\/types\/product"}],"wp:featuredmedia":[{"embeddable":true,"href":"https:\/\/i-confort.com\/index.php?rest_route=\/wp\/v2\/media\/21731"}],"wp:attachment":[{"href":"https:\/\/i-confort.com\/index.php?rest_route=%2Fwp%2Fv2%2Fmedia&parent=21732"}],"wp:term":[{"taxonomy":"pwb-brand","embeddable":true,"href":"https:\/\/i-confort.com\/index.php?rest_route=%2Fwp%2Fv2%2Fpwb-brand&post=21732"},{"taxonomy":"product_brand","embeddable":true,"href":"https:\/\/i-confort.com\/index.php?rest_route=%2Fwp%2Fv2%2Fproduct_brand&post=21732"},{"taxonomy":"product_cat","embeddable":true,"href":"https:\/\/i-confort.com\/index.php?rest_route=%2Fwp%2Fv2%2Fproduct_cat&post=21732"},{"taxonomy":"product_tag","embeddable":true,"href":"https:\/\/i-confort.com\/index.php?rest_route=%2Fwp%2Fv2%2Fproduct_tag&post=21732"}],"curies":[{"name":"wp","href":"https:\/\/api.w.org\/{rel}","templated":true}]}}