{"id":21748,"date":"2024-12-05T08:52:30","date_gmt":"2024-12-05T08:52:30","guid":{"rendered":"https:\/\/i-confort.com\/?product=multismart-four-60l-ref-ov101-60"},"modified":"2024-12-05T08:52:31","modified_gmt":"2024-12-05T08:52:31","slug":"multismart-four-60l-ref-ov101-60","status":"publish","type":"product","link":"https:\/\/i-confort.com\/?product=multismart-four-60l-ref-ov101-60","title":{"rendered":"Multismart Four 60L REF\/OV101-60"},"content":{"rendered":"<p><br data-mce-bogus=\"1\"><\/p>\n","protected":false},"excerpt":{"rendered":"<ul>\n<li style=\"border: 0px;font-style: inherit;font-weight: inherit;margin: 0px;padding: 0px;vertical-align: baseline\">Four \u00e9lectrique 60L syst\u00e8me tourne broche et ventilation<\/li>\n<li id=\"tw-target-text\" class=\"tw-data-text tw-text-large tw-ta\" dir=\"ltr\" data-placeholder=\"Traduction\" style=\"border: 0px;font-style: inherit;font-weight: inherit;margin: 0px;padding: 0px;vertical-align: baseline\"><span class=\"Y2IQFc\" lang=\"fr\" style=\"margin-bottom: 1em\">\u00c9quip\u00e9 de 6 r\u00e9glages. Chaleur sup\u00e9rieure et inf\u00e9rieure + transfert de chaleur + gril.<\/span><\/li>\n<li class=\"tw-data-text tw-text-large tw-ta\" dir=\"ltr\" data-placeholder=\"Traduction\" style=\"border: 0px;font-style: inherit;font-weight: inherit;margin: 0px;padding: 0px;vertical-align: baseline\"><span class=\"Y2IQFc\" lang=\"fr\" style=\"margin-bottom: 1em\">La possibilit\u00e9 de contr\u00f4ler la temp\u00e9rature.<\/span><\/li>\n<li style=\"border: 0px;font-style: inherit;font-weight: inherit;margin: 0px;padding: 0px;vertical-align: baseline\">Capacit\u00e9 du four : 60 L<\/li>\n<li style=\"border: 0px;font-style: inherit;font-weight: inherit;margin: 0px;padding: 0px;vertical-align: baseline\">Puissance : 1900W<\/li>\n<li style=\"border: 0px;font-style: inherit;font-weight: inherit;margin: 0px;padding: 0px;vertical-align: baseline\">60 minutes minuterie avec sonnerie de cloche<\/li>\n<li style=\"border: 0px;font-style: inherit;font-weight: inherit;margin: 0px;padding: 0px;vertical-align: baseline\">Lumi\u00e8re indicatrice<\/li>\n<li style=\"border: 0px;font-style: inherit;font-weight: inherit;margin: 0px 0px 1em;padding: 0px;vertical-align: baseline\">Garantie 16 Mois<\/li>\n<\/ul>\n","protected":false},"featured_media":21747,"template":"","meta":{"_coblocks_attr":"","_coblocks_dimensions":"","_coblocks_responsive_height":"","_coblocks_accordion_ie_support":""},"pwb-brand":[],"product_brand":[],"product_cat":[444],"product_tag":[],"class_list":{"0":"post-21748","1":"product","2":"type-product","3":"status-publish","4":"has-post-thumbnail","6":"product_cat-four","9":"first","10":"instock","11":"taxable","12":"shipping-taxable","13":"purchasable","14":"product-type-simple"},"yoast_head":"<!-- This site is optimized with the Yoast SEO plugin v27.4 - https:\/\/yoast.com\/product\/yoast-seo-wordpress\/ -->\n<title>Multismart Four 60L REF\/OV101-60 - I-CONFORT<\/title>\n<meta name=\"robots\" content=\"index, follow, max-snippet:-1, max-image-preview:large, max-video-preview:-1\" \/>\n<link rel=\"canonical\" href=\"https:\/\/i-confort.com\/?product=multismart-four-60l-ref-ov101-60\" \/>\n<meta property=\"og:locale\" content=\"fr_FR\" \/>\n<meta property=\"og:type\" content=\"article\" \/>\n<meta property=\"og:title\" content=\"Multismart Four 60L REF\/OV101-60 - I-CONFORT\" \/>\n<meta property=\"og:description\" content=\"Four \u00e9lectrique 60L syst\u00e8me tourne broche et ventilation\u00c9quip\u00e9 de 6 r\u00e9glages. Chaleur sup\u00e9rieure et inf\u00e9rieure + transfert de chaleur + gril.La possibilit\u00e9 de contr\u00f4ler la temp\u00e9rature.Capacit\u00e9 du four : 60 LPuissance : 1900W60 minutes minuterie avec sonnerie de clocheLumi\u00e8re indicatriceGarantie 16 Mois\" \/>\n<meta property=\"og:url\" content=\"https:\/\/i-confort.com\/?product=multismart-four-60l-ref-ov101-60\" \/>\n<meta property=\"og:site_name\" content=\"I-CONFORT\" \/>\n<meta property=\"article:modified_time\" content=\"2024-12-05T08:52:31+00:00\" \/>\n<meta property=\"og:image\" content=\"https:\/\/i-confort.com\/wp-content\/uploads\/2024\/12\/1-12.jpg\" \/>\n\t<meta property=\"og:image:width\" content=\"680\" \/>\n\t<meta property=\"og:image:height\" content=\"680\" \/>\n\t<meta property=\"og:image:type\" content=\"image\/jpeg\" \/>\n<meta name=\"twitter:card\" content=\"summary_large_image\" \/>\n<script type=\"application\/ld+json\" class=\"yoast-schema-graph\">{\"@context\":\"https:\\\/\\\/schema.org\",\"@graph\":[{\"@type\":\"WebPage\",\"@id\":\"https:\\\/\\\/i-confort.com\\\/?product=multismart-four-60l-ref-ov101-60\",\"url\":\"https:\\\/\\\/i-confort.com\\\/?product=multismart-four-60l-ref-ov101-60\",\"name\":\"Multismart Four 60L REF\\\/OV101-60 - I-CONFORT\",\"isPartOf\":{\"@id\":\"https:\\\/\\\/i-confort.com\\\/#website\"},\"primaryImageOfPage\":{\"@id\":\"https:\\\/\\\/i-confort.com\\\/?product=multismart-four-60l-ref-ov101-60#primaryimage\"},\"image\":{\"@id\":\"https:\\\/\\\/i-confort.com\\\/?product=multismart-four-60l-ref-ov101-60#primaryimage\"},\"thumbnailUrl\":\"https:\\\/\\\/i-confort.com\\\/wp-content\\\/uploads\\\/2024\\\/12\\\/1-12.jpg\",\"datePublished\":\"2024-12-05T08:52:30+00:00\",\"dateModified\":\"2024-12-05T08:52:31+00:00\",\"breadcrumb\":{\"@id\":\"https:\\\/\\\/i-confort.com\\\/?product=multismart-four-60l-ref-ov101-60#breadcrumb\"},\"inLanguage\":\"fr-FR\",\"potentialAction\":[{\"@type\":\"ReadAction\",\"target\":[\"https:\\\/\\\/i-confort.com\\\/?product=multismart-four-60l-ref-ov101-60\"]}]},{\"@type\":\"ImageObject\",\"inLanguage\":\"fr-FR\",\"@id\":\"https:\\\/\\\/i-confort.com\\\/?product=multismart-four-60l-ref-ov101-60#primaryimage\",\"url\":\"https:\\\/\\\/i-confort.com\\\/wp-content\\\/uploads\\\/2024\\\/12\\\/1-12.jpg\",\"contentUrl\":\"https:\\\/\\\/i-confort.com\\\/wp-content\\\/uploads\\\/2024\\\/12\\\/1-12.jpg\",\"width\":680,\"height\":680},{\"@type\":\"BreadcrumbList\",\"@id\":\"https:\\\/\\\/i-confort.com\\\/?product=multismart-four-60l-ref-ov101-60#breadcrumb\",\"itemListElement\":[{\"@type\":\"ListItem\",\"position\":1,\"name\":\"Home\",\"item\":\"https:\\\/\\\/i-confort.com\\\/\"},{\"@type\":\"ListItem\",\"position\":2,\"name\":\"Boutique\",\"item\":\"https:\\\/\\\/i-confort.com\\\/?page_id=7\"},{\"@type\":\"ListItem\",\"position\":3,\"name\":\"Multismart Four 60L REF\\\/OV101-60\"}]},{\"@type\":\"WebSite\",\"@id\":\"https:\\\/\\\/i-confort.com\\\/#website\",\"url\":\"https:\\\/\\\/i-confort.com\\\/\",\"name\":\"I-CONFORT\",\"description\":\"Site de vente en ligne\",\"potentialAction\":[{\"@type\":\"SearchAction\",\"target\":{\"@type\":\"EntryPoint\",\"urlTemplate\":\"https:\\\/\\\/i-confort.com\\\/?s={search_term_string}\"},\"query-input\":{\"@type\":\"PropertyValueSpecification\",\"valueRequired\":true,\"valueName\":\"search_term_string\"}}],\"inLanguage\":\"fr-FR\"}]}<\/script>\n<!-- \/ Yoast SEO plugin. -->","yoast_head_json":{"title":"Multismart Four 60L REF\/OV101-60 - I-CONFORT","robots":{"index":"index","follow":"follow","max-snippet":"max-snippet:-1","max-image-preview":"max-image-preview:large","max-video-preview":"max-video-preview:-1"},"canonical":"https:\/\/i-confort.com\/?product=multismart-four-60l-ref-ov101-60","og_locale":"fr_FR","og_type":"article","og_title":"Multismart Four 60L REF\/OV101-60 - I-CONFORT","og_description":"Four \u00e9lectrique 60L syst\u00e8me tourne broche et ventilation\u00c9quip\u00e9 de 6 r\u00e9glages. Chaleur sup\u00e9rieure et inf\u00e9rieure + transfert de chaleur + gril.La possibilit\u00e9 de contr\u00f4ler la temp\u00e9rature.Capacit\u00e9 du four : 60 LPuissance : 1900W60 minutes minuterie avec sonnerie de clocheLumi\u00e8re indicatriceGarantie 16 Mois","og_url":"https:\/\/i-confort.com\/?product=multismart-four-60l-ref-ov101-60","og_site_name":"I-CONFORT","article_modified_time":"2024-12-05T08:52:31+00:00","og_image":[{"width":680,"height":680,"url":"https:\/\/i-confort.com\/wp-content\/uploads\/2024\/12\/1-12.jpg","type":"image\/jpeg"}],"twitter_card":"summary_large_image","schema":{"@context":"https:\/\/schema.org","@graph":[{"@type":"WebPage","@id":"https:\/\/i-confort.com\/?product=multismart-four-60l-ref-ov101-60","url":"https:\/\/i-confort.com\/?product=multismart-four-60l-ref-ov101-60","name":"Multismart Four 60L REF\/OV101-60 - I-CONFORT","isPartOf":{"@id":"https:\/\/i-confort.com\/#website"},"primaryImageOfPage":{"@id":"https:\/\/i-confort.com\/?product=multismart-four-60l-ref-ov101-60#primaryimage"},"image":{"@id":"https:\/\/i-confort.com\/?product=multismart-four-60l-ref-ov101-60#primaryimage"},"thumbnailUrl":"https:\/\/i-confort.com\/wp-content\/uploads\/2024\/12\/1-12.jpg","datePublished":"2024-12-05T08:52:30+00:00","dateModified":"2024-12-05T08:52:31+00:00","breadcrumb":{"@id":"https:\/\/i-confort.com\/?product=multismart-four-60l-ref-ov101-60#breadcrumb"},"inLanguage":"fr-FR","potentialAction":[{"@type":"ReadAction","target":["https:\/\/i-confort.com\/?product=multismart-four-60l-ref-ov101-60"]}]},{"@type":"ImageObject","inLanguage":"fr-FR","@id":"https:\/\/i-confort.com\/?product=multismart-four-60l-ref-ov101-60#primaryimage","url":"https:\/\/i-confort.com\/wp-content\/uploads\/2024\/12\/1-12.jpg","contentUrl":"https:\/\/i-confort.com\/wp-content\/uploads\/2024\/12\/1-12.jpg","width":680,"height":680},{"@type":"BreadcrumbList","@id":"https:\/\/i-confort.com\/?product=multismart-four-60l-ref-ov101-60#breadcrumb","itemListElement":[{"@type":"ListItem","position":1,"name":"Home","item":"https:\/\/i-confort.com\/"},{"@type":"ListItem","position":2,"name":"Boutique","item":"https:\/\/i-confort.com\/?page_id=7"},{"@type":"ListItem","position":3,"name":"Multismart Four 60L REF\/OV101-60"}]},{"@type":"WebSite","@id":"https:\/\/i-confort.com\/#website","url":"https:\/\/i-confort.com\/","name":"I-CONFORT","description":"Site de vente en ligne","potentialAction":[{"@type":"SearchAction","target":{"@type":"EntryPoint","urlTemplate":"https:\/\/i-confort.com\/?s={search_term_string}"},"query-input":{"@type":"PropertyValueSpecification","valueRequired":true,"valueName":"search_term_string"}}],"inLanguage":"fr-FR"}]}},"brands":[],"_links":{"self":[{"href":"https:\/\/i-confort.com\/index.php?rest_route=\/wp\/v2\/product\/21748","targetHints":{"allow":["GET"]}}],"collection":[{"href":"https:\/\/i-confort.com\/index.php?rest_route=\/wp\/v2\/product"}],"about":[{"href":"https:\/\/i-confort.com\/index.php?rest_route=\/wp\/v2\/types\/product"}],"wp:featuredmedia":[{"embeddable":true,"href":"https:\/\/i-confort.com\/index.php?rest_route=\/wp\/v2\/media\/21747"}],"wp:attachment":[{"href":"https:\/\/i-confort.com\/index.php?rest_route=%2Fwp%2Fv2%2Fmedia&parent=21748"}],"wp:term":[{"taxonomy":"pwb-brand","embeddable":true,"href":"https:\/\/i-confort.com\/index.php?rest_route=%2Fwp%2Fv2%2Fpwb-brand&post=21748"},{"taxonomy":"product_brand","embeddable":true,"href":"https:\/\/i-confort.com\/index.php?rest_route=%2Fwp%2Fv2%2Fproduct_brand&post=21748"},{"taxonomy":"product_cat","embeddable":true,"href":"https:\/\/i-confort.com\/index.php?rest_route=%2Fwp%2Fv2%2Fproduct_cat&post=21748"},{"taxonomy":"product_tag","embeddable":true,"href":"https:\/\/i-confort.com\/index.php?rest_route=%2Fwp%2Fv2%2Fproduct_tag&post=21748"}],"curies":[{"name":"wp","href":"https:\/\/api.w.org\/{rel}","templated":true}]}}